{"id":1022,"date":"2024-02-19T17:16:58","date_gmt":"2024-02-19T17:16:58","guid":{"rendered":"https:\/\/usa-b2.com\/politica-de-privacidade\/"},"modified":"2025-02-06T10:09:37","modified_gmt":"2025-02-06T10:09:37","slug":"politica-de-privacidade","status":"publish","type":"page","link":"https:\/\/usa-b2.com\/pt-br\/politica-de-privacidade\/","title":{"rendered":"Pol\u00edtica de privacidade"},"content":{"rendered":"\n<h1 class=\"wp-block-heading\">Nossa pol\u00edtica de privacidade<\/h1>\n\n<p>usa-b2.com \u00e9 um site de informa\u00e7\u00f5es sobre poss\u00edveis viagens rodovi\u00e1rias nos Estados Unidos. O site n\u00e3o oferece nenhum servi\u00e7o on-line. O \u00fanico formul\u00e1rio no site \u00e9 o <a href=\"https:\/\/usa-b2.com\/pt-br\/contact\/\">formul\u00e1rio de contato<\/a>.  <\/p>\n\n<h2 class=\"wp-block-heading\">Coleta de informa\u00e7\u00f5es no site<\/h2>\n\n<p>Aqui est\u00e1 a lista de informa\u00e7\u00f5es pessoais que podem ser coletadas em nosso site:<\/p>\n\n<ul class=\"wp-block-list\">\n<li>Informa\u00e7\u00f5es sobre seu computador, incluindo seu endere\u00e7o IP, localiza\u00e7\u00e3o, navegador e sistema operacional;<\/li>\n\n\n\n<li>Informa\u00e7\u00f5es de contato quando voc\u00ea envia um e-mail para nossa equipe de suporte, como seu sobrenome, nome e endere\u00e7o de e-mail. Informa\u00e7\u00f5es contidas nos e-mails que voc\u00ea nos envia.<\/li>\n<\/ul>\n\n<h2 class=\"wp-block-heading\">Uso dos dados coletados<\/h2>\n\n<p>Em nenhuma circunst\u00e2ncia fornecemos suas informa\u00e7\u00f5es pessoais a terceiros. N\u00e3o usamos os dados coletados para fins de marketing direto ou comerciais.<\/p>\n\n<h2 class=\"wp-block-heading\">Per\u00edodo de reten\u00e7\u00e3o de dados<\/h2>\n\n<p>Os dados coletados s\u00e3o exclu\u00eddos regularmente, o que significa que n\u00e3o mantemos nenhum conte\u00fado de e-mail enviado a n\u00f3s por mais de um m\u00eas. N\u00e3o usamos dados de navega\u00e7\u00e3o para fins de marketing.<\/p>\n\n<h2 class=\"wp-block-heading\">Seus direitos com rela\u00e7\u00e3o aos dados pessoais<\/h2>\n\n<p>Voc\u00ea tem o direito de solicitar que passemos para voc\u00ea quaisquer informa\u00e7\u00f5es pessoais que tenhamos a seu respeito, o que pode ser feito mediante a apresenta\u00e7\u00e3o de comprovante de sua identidade (fotoc\u00f3pia autenticada do passaporte + fatura mostrando seu endere\u00e7o residencial).<\/p>\n\n<h2 class=\"wp-block-heading\">Atualiza\u00e7\u00e3o desta pol\u00edtica de privacidade<\/h2>\n\n<p>Esta pol\u00edtica \u00e9 atualizada regularmente. \u00c9 necess\u00e1rio verificar essa p\u00e1gina ao usar o site para saber se houve altera\u00e7\u00f5es na confidencialidade dos dados pessoais.<\/p>\n\n<h2 class=\"wp-block-heading\">Links contextuais para sites de terceiros<\/h2>\n\n<p>Nosso site cont\u00e9m hyperlinks para sites de terceiros. N\u00e3o temos controle sobre esses sites e n\u00e3o somos respons\u00e1veis por suas pol\u00edticas de confidencialidade ou por suas pr\u00e1ticas comerciais ou de marketing.<\/p>\n\n<p><\/p>\n","protected":false},"excerpt":{"rendered":"<p>Nossa pol\u00edtica de privacidade usa-b2.com \u00e9 um site de informa\u00e7\u00f5es sobre poss\u00edveis viagens rodovi\u00e1rias nos Estados Unidos. O site n\u00e3o oferece nenhum servi\u00e7o on-line. O \u00fanico formul\u00e1rio no site \u00e9 o formul\u00e1rio de contato. Coleta de informa\u00e7\u00f5es no site Aqui est\u00e1 a lista de informa\u00e7\u00f5es pessoais que podem ser coletadas em nosso site: Uso dos [&hellip;]<\/p>\n","protected":false},"author":1,"featured_media":0,"parent":0,"menu_order":0,"comment_status":"closed","ping_status":"closed","template":"","meta":{"footnotes":""},"class_list":["post-1022","page","type-page","status-publish","hentry"],"yoast_head":"<!-- This site is optimized with the Yoast SEO plugin v27.4 - https:\/\/yoast.com\/product\/yoast-seo-wordpress\/ -->\n<title>Pol\u00edtica de privacidade - USA B2<\/title>\n<meta name=\"description\" content=\"Pol\u00edtica de privacidade do site usa-b2.com\" \/>\n<meta name=\"robots\" content=\"noindex, nofollow\" \/>\n<meta property=\"og:locale\" content=\"pt_BR\" \/>\n<meta property=\"og:type\" content=\"article\" \/>\n<meta property=\"og:title\" content=\"Pol\u00edtica de privacidade - USA B2\" \/>\n<meta property=\"og:description\" content=\"Pol\u00edtica de privacidade do site usa-b2.com\" \/>\n<meta property=\"og:url\" content=\"https:\/\/usa-b2.com\/pt-br\/politica-de-privacidade\/\" \/>\n<meta property=\"og:site_name\" content=\"USA B2\" \/>\n<meta property=\"article:modified_time\" content=\"2025-02-06T10:09:37+00:00\" \/>\n<meta name=\"twitter:card\" content=\"summary_large_image\" \/>\n<meta name=\"twitter:label1\" content=\"Est. tempo de leitura\" \/>\n\t<meta name=\"twitter:data1\" content=\"2 minutos\" \/>\n<script type=\"application\/ld+json\" class=\"yoast-schema-graph\">{\"@context\":\"https:\\\/\\\/schema.org\",\"@graph\":[{\"@type\":\"WebPage\",\"@id\":\"https:\\\/\\\/usa-b2.com\\\/pt-br\\\/politica-de-privacidade\\\/\",\"url\":\"https:\\\/\\\/usa-b2.com\\\/pt-br\\\/politica-de-privacidade\\\/\",\"name\":\"Pol\u00edtica de privacidade - USA B2\",\"isPartOf\":{\"@id\":\"https:\\\/\\\/usa-b2.com\\\/pt-br\\\/#website\"},\"datePublished\":\"2024-02-19T17:16:58+00:00\",\"dateModified\":\"2025-02-06T10:09:37+00:00\",\"description\":\"Pol\u00edtica de privacidade do site usa-b2.com\",\"breadcrumb\":{\"@id\":\"https:\\\/\\\/usa-b2.com\\\/pt-br\\\/politica-de-privacidade\\\/#breadcrumb\"},\"inLanguage\":\"pt-BR\",\"potentialAction\":[{\"@type\":\"ReadAction\",\"target\":[\"https:\\\/\\\/usa-b2.com\\\/pt-br\\\/politica-de-privacidade\\\/\"]}]},{\"@type\":\"BreadcrumbList\",\"@id\":\"https:\\\/\\\/usa-b2.com\\\/pt-br\\\/politica-de-privacidade\\\/#breadcrumb\",\"itemListElement\":[{\"@type\":\"ListItem\",\"position\":1,\"name\":\"Accueil\",\"item\":\"https:\\\/\\\/usa-b2.com\\\/pt-br\\\/usa\\\/\"},{\"@type\":\"ListItem\",\"position\":2,\"name\":\"Pol\u00edtica de privacidade\"}]},{\"@type\":\"WebSite\",\"@id\":\"https:\\\/\\\/usa-b2.com\\\/pt-br\\\/#website\",\"url\":\"https:\\\/\\\/usa-b2.com\\\/pt-br\\\/\",\"name\":\"USA B2 VISA\",\"description\":\"\",\"potentialAction\":[{\"@type\":\"SearchAction\",\"target\":{\"@type\":\"EntryPoint\",\"urlTemplate\":\"https:\\\/\\\/usa-b2.com\\\/pt-br\\\/?s={search_term_string}\"},\"query-input\":{\"@type\":\"PropertyValueSpecification\",\"valueRequired\":true,\"valueName\":\"search_term_string\"}}],\"inLanguage\":\"pt-BR\"}]}<\/script>\n<!-- \/ Yoast SEO plugin. -->","yoast_head_json":{"title":"Pol\u00edtica de privacidade - USA B2","description":"Pol\u00edtica de privacidade do site usa-b2.com","robots":{"index":"noindex","follow":"nofollow"},"og_locale":"pt_BR","og_type":"article","og_title":"Pol\u00edtica de privacidade - USA B2","og_description":"Pol\u00edtica de privacidade do site usa-b2.com","og_url":"https:\/\/usa-b2.com\/pt-br\/politica-de-privacidade\/","og_site_name":"USA B2","article_modified_time":"2025-02-06T10:09:37+00:00","twitter_card":"summary_large_image","twitter_misc":{"Est. tempo de leitura":"2 minutos"},"schema":{"@context":"https:\/\/schema.org","@graph":[{"@type":"WebPage","@id":"https:\/\/usa-b2.com\/pt-br\/politica-de-privacidade\/","url":"https:\/\/usa-b2.com\/pt-br\/politica-de-privacidade\/","name":"Pol\u00edtica de privacidade - USA B2","isPartOf":{"@id":"https:\/\/usa-b2.com\/pt-br\/#website"},"datePublished":"2024-02-19T17:16:58+00:00","dateModified":"2025-02-06T10:09:37+00:00","description":"Pol\u00edtica de privacidade do site usa-b2.com","breadcrumb":{"@id":"https:\/\/usa-b2.com\/pt-br\/politica-de-privacidade\/#breadcrumb"},"inLanguage":"pt-BR","potentialAction":[{"@type":"ReadAction","target":["https:\/\/usa-b2.com\/pt-br\/politica-de-privacidade\/"]}]},{"@type":"BreadcrumbList","@id":"https:\/\/usa-b2.com\/pt-br\/politica-de-privacidade\/#breadcrumb","itemListElement":[{"@type":"ListItem","position":1,"name":"Accueil","item":"https:\/\/usa-b2.com\/pt-br\/usa\/"},{"@type":"ListItem","position":2,"name":"Pol\u00edtica de privacidade"}]},{"@type":"WebSite","@id":"https:\/\/usa-b2.com\/pt-br\/#website","url":"https:\/\/usa-b2.com\/pt-br\/","name":"USA B2 VISA","description":"","potentialAction":[{"@type":"SearchAction","target":{"@type":"EntryPoint","urlTemplate":"https:\/\/usa-b2.com\/pt-br\/?s={search_term_string}"},"query-input":{"@type":"PropertyValueSpecification","valueRequired":true,"valueName":"search_term_string"}}],"inLanguage":"pt-BR"}]}},"_links":{"self":[{"href":"https:\/\/usa-b2.com\/pt-br\/wp-json\/wp\/v2\/pages\/1022","targetHints":{"allow":["GET"]}}],"collection":[{"href":"https:\/\/usa-b2.com\/pt-br\/wp-json\/wp\/v2\/pages"}],"about":[{"href":"https:\/\/usa-b2.com\/pt-br\/wp-json\/wp\/v2\/types\/page"}],"author":[{"embeddable":true,"href":"https:\/\/usa-b2.com\/pt-br\/wp-json\/wp\/v2\/users\/1"}],"replies":[{"embeddable":true,"href":"https:\/\/usa-b2.com\/pt-br\/wp-json\/wp\/v2\/comments?post=1022"}],"version-history":[{"count":0,"href":"https:\/\/usa-b2.com\/pt-br\/wp-json\/wp\/v2\/pages\/1022\/revisions"}],"wp:attachment":[{"href":"https:\/\/usa-b2.com\/pt-br\/wp-json\/wp\/v2\/media?parent=1022"}],"curies":[{"name":"wp","href":"https:\/\/api.w.org\/{rel}","templated":true}]}}