{"id":9710,"date":"2025-08-28T16:20:16","date_gmt":"2025-08-28T16:20:16","guid":{"rendered":"https:\/\/usa-b2.com\/wiza-b1-b2-dla-brazylijczykow\/"},"modified":"2025-09-13T07:41:20","modified_gmt":"2025-09-13T07:41:20","slug":"wiza-b1-b2-dla-brazylijczykow","status":"publish","type":"page","link":"https:\/\/usa-b2.com\/pl\/wiza-b1-b2-dla-brazylijczykow\/","title":{"rendered":"Wiza B1\/B2 dla podr\u00f3\u017cuj\u0105cych z Brazylii"},"content":{"rendered":"\n<h1 class=\"wp-block-heading\">Wiza B1\/B2 dla Brazylijczyk\u00f3w podr\u00f3\u017cuj\u0105cych do Stan\u00f3w Zjednoczonych<\/h1>\n\n<p>Wiza B1\/B2 dla Brazylijczyk\u00f3w jest jedn\u0105 z najpopularniejszych wiz dla os\u00f3b podr\u00f3\u017cuj\u0105cych do Stan\u00f3w Zjednoczonych w celach turystycznych, biznesowych lub rodzinnych. W przeciwie\u0144stwie do obywateli <a href=\"https:\/\/usa-b2.com\/pl\/program-zniesienia-wizy\/\">niekt\u00f3rych kraj\u00f3w, kt\u00f3rzy s\u0105 zwolnieni z obowi\u0105zku wizowego<\/a> dzi\u0119ki programowi ESTA, obywatele Brazylii s\u0105 zobowi\u0105zani do przej\u015bcia tej procedury. <\/p>\n\n<h2 class=\"wp-block-heading\">Czym jest wiza B1\/B2?<\/h2>\n\n<p><a href=\"https:\/\/usa-b2.com\/pl\/wiza-amerykanska-b1-b2\/\">Wiza B1\/B2<\/a> jest dokumentem najcz\u0119\u015bciej wydawanym obywatelom Brazylii chc\u0105cym podr\u00f3\u017cowa\u0107 do Stan\u00f3w Zjednoczonych. \u0141\u0105czy w sobie dwa r\u00f3\u017cne zastosowania w jednym zezwoleniu:   <\/p>\n\n<ul class=\"wp-block-list\">\n<li><a href=\"https:\/\/usa-b2.com\/pl\/wiza-b1-usa\/\">Wiza B1<\/a> jest przeznaczona do podr\u00f3\u017cy s\u0142u\u017cbowych. Umo\u017cliwia ona udzia\u0142 w konferencji, spotkanie z partnerami lub negocjowanie umowy. <\/li>\n\n\n\n<li><a href=\"https:\/\/usa-b2.com\/pl\/wiza-b2\/\">Wiza B2<\/a> jest przeznaczona do cel\u00f3w turystycznych, wakacyjnych lub rodzinnych. Dla wielu Brazylijczyk\u00f3w wiza ta stanowi bram\u0119 do Stan\u00f3w Zjednoczonych, niezale\u017cnie od tego, czy chodzi o odkrywanie kraju, rozwijanie projektu zawodowego, czy po prostu odwiedzanie krewnych. <\/li>\n<\/ul>\n\n<div style=\"height:10px\" aria-hidden=\"true\" class=\"wp-block-spacer\"><\/div>\n\n<h2 class=\"wp-block-heading\">Kroki zwi\u0105zane z ubieganiem si\u0119 o wiz\u0119 B1\/B2 w Brazylii<\/h2>\n\n<p>Oto g\u0142\u00f3wne kroki zwi\u0105zane z ubieganiem si\u0119 o wiz\u0119 B1\/B2 w Brazylii:<\/p>\n\n<ol class=\"wp-block-list\">\n<li>Wype\u0142nij <a href=\"https:\/\/usa-b2.com\/pl\/ds-160\/\">formularz DS-160<\/a> online.<\/li>\n\n\n\n<li>Ui\u015bci\u0107 <a href=\"https:\/\/usa-b2.com\/pl\/oplaty-wiza-b2\/\">op\u0142at\u0119 wizow\u0105<\/a> (oko\u0142o 185 USD w 2025 r.).<\/li>\n\n\n\n<li>Utw\u00f3rz profil na <a href=\"https:\/\/www.state.gov\/\">oficjalnej stronie internetowej Departamentu Stanu<\/a> USA.<\/li>\n\n\n\n<li>Um\u00f3w si\u0119 na spotkanie w <a href=\"https:\/\/ais.usvisa-info.com\/pt-br\/niv\/information\/asc\">CASV<\/a> (Centro de Atendimento ao Solicitante de Visto).<\/li>\n\n\n\n<li>Stawi\u0107 si\u0119 na rozmow\u0119 <a href=\"https:\/\/usa-b2.com\/pl\/spotkanie-wizowe-ambasadzie-usa\/\">w ambasadzie USA<\/a> (S\u00e3o Paulo, Rio de Janeiro, Bras\u00edlia, Recife). Podczas tej rozmowy urz\u0119dnik konsularny oceni, czy wnioskodawca ma gwarancje powrotu do Brazylii, takie jak stabilne zatrudnienie, silne wi\u0119zi rodzinne lub dow\u00f3d wyp\u0142acalno\u015bci finansowej. <\/li>\n\n\n\n<li>Odbierz wiz\u0119 i umie\u015b\u0107 j\u0105 w <a href=\"https:\/\/usa-b2.com\/pl\/podroz-paszportowa-usa\/\">paszporcie, aby podr\u00f3\u017cowa\u0107 do USA<\/a>.<\/li>\n<\/ol>\n\n<div style=\"height:10px\" aria-hidden=\"true\" class=\"wp-block-spacer\"><\/div>\n\n<h2 class=\"wp-block-heading\">Dokumenty wymagane do ubiegania si\u0119 o wiz\u0119 B1\/B2<\/h2>\n\n<ul class=\"wp-block-list\">\n<li>Wa\u017cny paszport brazylijski.<\/li>\n\n\n\n<li>Strona potwierdzenia DS-160.<\/li>\n\n\n\n<li>Potwierdzenie spotkania.<\/li>\n\n\n\n<li>Zdj\u0119cie spe\u0142nia wymagania USA.<\/li>\n\n\n\n<li>Dokumenty finansowe (wyci\u0105gi bankowe, odcinki wyp\u0142at).<\/li>\n\n\n\n<li>Dow\u00f3d silnych powi\u0105za\u0144 z Brazyli\u0105 (umowa o prac\u0119, nieruchomo\u015b\u0107, rodzina).<\/li>\n<\/ul>\n\n<div style=\"height:10px\" aria-hidden=\"true\" class=\"wp-block-spacer\"><\/div>\n\n<h2 class=\"wp-block-heading\">Wa\u017cno\u015b\u0107 i czas trwania wizy B1\/B2 dla Brazylijczyk\u00f3w<\/h2>\n\n<p>Raz uzyskana <a href=\"https:\/\/usa-b2.com\/pl\/wiza-amerykanska-b1-b2\/\">wiza B1\/B2<\/a> jest generalnie wa\u017cna przez dziesi\u0119\u0107 lat, co czyni j\u0105 bardzo praktycznym dokumentem dla os\u00f3b cz\u0119sto podr\u00f3\u017cuj\u0105cych. Ka\u017cdy wjazd do Stan\u00f3w Zjednoczonych pozwala na pobyt do sze\u015bciu miesi\u0119cy, ale o dok\u0142adnym czasie trwania decyduje urz\u0119dnik imigracyjny po przyje\u017adzie. Dlatego wa\u017cne jest, aby przygotowa\u0107 si\u0119 do podr\u00f3\u017cy i by\u0107 w stanie jasno wyja\u015bni\u0107 pow\u00f3d swojego pobytu i jak d\u0142ugo zamierzasz zosta\u0107.  <\/p>\n\n<h2 class=\"wp-block-heading\">FAQ &#8211; Wiza B1\/B2 dla Brazylijczyk\u00f3w<\/h2>\n\n<div class=\"schema-faq wp-block-yoast-faq-block\"><div class=\"schema-faq-section\" id=\"faq-question-1757684919058\"><strong class=\"schema-faq-question\">Czy mog\u0119 pracowa\u0107 na wizie B1\/B2?<\/strong> <p class=\"schema-faq-answer\">Nie, ta wiza jest wa\u017cna tylko w celach turystycznych i niep\u0142atnych.<\/p> <\/div> <div class=\"schema-faq-section\" id=\"faq-question-1757684934633\"><strong class=\"schema-faq-question\">Czy na rozmowie kwalifikacyjnej musz\u0119 m\u00f3wi\u0107 po angielsku?<\/strong> <p class=\"schema-faq-answer\">Nie, wywiady s\u0105 przeprowadzane w j\u0119zyku portugalskim.<\/p> <\/div> <div class=\"schema-faq-section\" id=\"faq-question-1757684946100\"><strong class=\"schema-faq-question\">Jak d\u0142ugo trwa uzyskanie wizy?<\/strong> <p class=\"schema-faq-answer\">\u015aredni czas realizacji waha si\u0119 od 2 do 6 tygodni, w zale\u017cno\u015bci od dost\u0119pno\u015bci termin\u00f3w.<\/p> <\/div> <\/div>\n","protected":false},"excerpt":{"rendered":"<p>Wiza B1\/B2 dla Brazylijczyk\u00f3w podr\u00f3\u017cuj\u0105cych do Stan\u00f3w Zjednoczonych Wiza B1\/B2 dla Brazylijczyk\u00f3w jest jedn\u0105 z najpopularniejszych wiz dla os\u00f3b podr\u00f3\u017cuj\u0105cych do Stan\u00f3w Zjednoczonych w celach turystycznych, biznesowych lub rodzinnych. W przeciwie\u0144stwie do obywateli niekt\u00f3rych kraj\u00f3w, kt\u00f3rzy s\u0105 zwolnieni z obowi\u0105zku wizowego dzi\u0119ki programowi ESTA, obywatele Brazylii s\u0105 zobowi\u0105zani do przej\u015bcia tej procedury. Czym jest wiza [&hellip;]<\/p>\n","protected":false},"author":1,"featured_media":0,"parent":0,"menu_order":0,"comment_status":"closed","ping_status":"closed","template":"","meta":{"footnotes":""},"class_list":["post-9710","page","type-page","status-publish","hentry"],"yoast_head":"<!-- This site is optimized with the Yoast SEO plugin v27.4 - https:\/\/yoast.com\/product\/yoast-seo-wordpress\/ -->\n<title>Wiza B1\/B2 dla podr\u00f3\u017cuj\u0105cych z Brazylii - USA B2<\/title>\n<meta name=\"description\" content=\"Wszystko, co musisz wiedzie\u0107 o wizie B1\/B2 dla podr\u00f3\u017cuj\u0105cych do Brazylii: procedury, rozmowa kwalifikacyjna, dokumenty i praktyczne porady.\" \/>\n<meta name=\"robots\" content=\"index, follow, max-snippet:-1, max-image-preview:large, max-video-preview:-1\" \/>\n<link rel=\"canonical\" href=\"https:\/\/usa-b2.com\/pl\/wiza-b1-b2-dla-brazylijczykow\/\" \/>\n<meta property=\"og:locale\" content=\"pl_PL\" \/>\n<meta property=\"og:type\" content=\"article\" \/>\n<meta property=\"og:title\" content=\"Wiza B1\/B2 dla podr\u00f3\u017cuj\u0105cych z Brazylii - USA B2\" \/>\n<meta property=\"og:description\" content=\"Wszystko, co musisz wiedzie\u0107 o wizie B1\/B2 dla podr\u00f3\u017cuj\u0105cych do Brazylii: procedury, rozmowa kwalifikacyjna, dokumenty i praktyczne porady.\" \/>\n<meta property=\"og:url\" content=\"https:\/\/usa-b2.com\/pl\/wiza-b1-b2-dla-brazylijczykow\/\" \/>\n<meta property=\"og:site_name\" content=\"USA B2\" \/>\n<meta property=\"article:modified_time\" content=\"2025-09-13T07:41:20+00:00\" \/>\n<meta name=\"twitter:card\" content=\"summary_large_image\" \/>\n<meta name=\"twitter:label1\" content=\"Szacowany czas czytania\" \/>\n\t<meta name=\"twitter:data1\" content=\"2 minuty\" \/>\n<script type=\"application\/ld+json\" class=\"yoast-schema-graph\">{\"@context\":\"https:\\\/\\\/schema.org\",\"@graph\":[{\"@type\":[\"WebPage\",\"FAQPage\"],\"@id\":\"https:\\\/\\\/usa-b2.com\\\/pl\\\/wiza-b1-b2-dla-brazylijczykow\\\/\",\"url\":\"https:\\\/\\\/usa-b2.com\\\/pl\\\/wiza-b1-b2-dla-brazylijczykow\\\/\",\"name\":\"Wiza B1\\\/B2 dla podr\u00f3\u017cuj\u0105cych z Brazylii - USA B2\",\"isPartOf\":{\"@id\":\"https:\\\/\\\/usa-b2.com\\\/pl\\\/#website\"},\"datePublished\":\"2025-08-28T16:20:16+00:00\",\"dateModified\":\"2025-09-13T07:41:20+00:00\",\"description\":\"Wszystko, co musisz wiedzie\u0107 o wizie B1\\\/B2 dla podr\u00f3\u017cuj\u0105cych do Brazylii: procedury, rozmowa kwalifikacyjna, dokumenty i praktyczne porady.\",\"breadcrumb\":{\"@id\":\"https:\\\/\\\/usa-b2.com\\\/pl\\\/wiza-b1-b2-dla-brazylijczykow\\\/#breadcrumb\"},\"mainEntity\":[{\"@id\":\"https:\\\/\\\/usa-b2.com\\\/pl\\\/wiza-b1-b2-dla-brazylijczykow\\\/#faq-question-1757684919058\"},{\"@id\":\"https:\\\/\\\/usa-b2.com\\\/pl\\\/wiza-b1-b2-dla-brazylijczykow\\\/#faq-question-1757684934633\"},{\"@id\":\"https:\\\/\\\/usa-b2.com\\\/pl\\\/wiza-b1-b2-dla-brazylijczykow\\\/#faq-question-1757684946100\"}],\"inLanguage\":\"pl-PL\",\"potentialAction\":[{\"@type\":\"ReadAction\",\"target\":[\"https:\\\/\\\/usa-b2.com\\\/pl\\\/wiza-b1-b2-dla-brazylijczykow\\\/\"]}]},{\"@type\":\"BreadcrumbList\",\"@id\":\"https:\\\/\\\/usa-b2.com\\\/pl\\\/wiza-b1-b2-dla-brazylijczykow\\\/#breadcrumb\",\"itemListElement\":[{\"@type\":\"ListItem\",\"position\":1,\"name\":\"Accueil\",\"item\":\"https:\\\/\\\/usa-b2.com\\\/pl\\\/usa\\\/\"},{\"@type\":\"ListItem\",\"position\":2,\"name\":\"Wiza B1\\\/B2 dla podr\u00f3\u017cuj\u0105cych z Brazylii\"}]},{\"@type\":\"WebSite\",\"@id\":\"https:\\\/\\\/usa-b2.com\\\/pl\\\/#website\",\"url\":\"https:\\\/\\\/usa-b2.com\\\/pl\\\/\",\"name\":\"USA B2 VISA\",\"description\":\"\",\"potentialAction\":[{\"@type\":\"SearchAction\",\"target\":{\"@type\":\"EntryPoint\",\"urlTemplate\":\"https:\\\/\\\/usa-b2.com\\\/pl\\\/?s={search_term_string}\"},\"query-input\":{\"@type\":\"PropertyValueSpecification\",\"valueRequired\":true,\"valueName\":\"search_term_string\"}}],\"inLanguage\":\"pl-PL\"},{\"@type\":\"Question\",\"@id\":\"https:\\\/\\\/usa-b2.com\\\/pl\\\/wiza-b1-b2-dla-brazylijczykow\\\/#faq-question-1757684919058\",\"position\":1,\"url\":\"https:\\\/\\\/usa-b2.com\\\/pl\\\/wiza-b1-b2-dla-brazylijczykow\\\/#faq-question-1757684919058\",\"name\":\"Czy mog\u0119 pracowa\u0107 na wizie B1\\\/B2?\",\"answerCount\":1,\"acceptedAnswer\":{\"@type\":\"Answer\",\"text\":\"Nie, ta wiza jest wa\u017cna tylko w celach turystycznych i niep\u0142atnych.\",\"inLanguage\":\"pl-PL\"},\"inLanguage\":\"pl-PL\"},{\"@type\":\"Question\",\"@id\":\"https:\\\/\\\/usa-b2.com\\\/pl\\\/wiza-b1-b2-dla-brazylijczykow\\\/#faq-question-1757684934633\",\"position\":2,\"url\":\"https:\\\/\\\/usa-b2.com\\\/pl\\\/wiza-b1-b2-dla-brazylijczykow\\\/#faq-question-1757684934633\",\"name\":\"Czy na rozmowie kwalifikacyjnej musz\u0119 m\u00f3wi\u0107 po angielsku?\",\"answerCount\":1,\"acceptedAnswer\":{\"@type\":\"Answer\",\"text\":\"Nie, wywiady s\u0105 przeprowadzane w j\u0119zyku portugalskim.\",\"inLanguage\":\"pl-PL\"},\"inLanguage\":\"pl-PL\"},{\"@type\":\"Question\",\"@id\":\"https:\\\/\\\/usa-b2.com\\\/pl\\\/wiza-b1-b2-dla-brazylijczykow\\\/#faq-question-1757684946100\",\"position\":3,\"url\":\"https:\\\/\\\/usa-b2.com\\\/pl\\\/wiza-b1-b2-dla-brazylijczykow\\\/#faq-question-1757684946100\",\"name\":\"Jak d\u0142ugo trwa uzyskanie wizy?\",\"answerCount\":1,\"acceptedAnswer\":{\"@type\":\"Answer\",\"text\":\"\u015aredni czas realizacji waha si\u0119 od 2 do 6 tygodni, w zale\u017cno\u015bci od dost\u0119pno\u015bci termin\u00f3w.\",\"inLanguage\":\"pl-PL\"},\"inLanguage\":\"pl-PL\"}]}<\/script>\n<!-- \/ Yoast SEO plugin. -->","yoast_head_json":{"title":"Wiza B1\/B2 dla podr\u00f3\u017cuj\u0105cych z Brazylii - USA B2","description":"Wszystko, co musisz wiedzie\u0107 o wizie B1\/B2 dla podr\u00f3\u017cuj\u0105cych do Brazylii: procedury, rozmowa kwalifikacyjna, dokumenty i praktyczne porady.","robots":{"index":"index","follow":"follow","max-snippet":"max-snippet:-1","max-image-preview":"max-image-preview:large","max-video-preview":"max-video-preview:-1"},"canonical":"https:\/\/usa-b2.com\/pl\/wiza-b1-b2-dla-brazylijczykow\/","og_locale":"pl_PL","og_type":"article","og_title":"Wiza B1\/B2 dla podr\u00f3\u017cuj\u0105cych z Brazylii - USA B2","og_description":"Wszystko, co musisz wiedzie\u0107 o wizie B1\/B2 dla podr\u00f3\u017cuj\u0105cych do Brazylii: procedury, rozmowa kwalifikacyjna, dokumenty i praktyczne porady.","og_url":"https:\/\/usa-b2.com\/pl\/wiza-b1-b2-dla-brazylijczykow\/","og_site_name":"USA B2","article_modified_time":"2025-09-13T07:41:20+00:00","twitter_card":"summary_large_image","twitter_misc":{"Szacowany czas czytania":"2 minuty"},"schema":{"@context":"https:\/\/schema.org","@graph":[{"@type":["WebPage","FAQPage"],"@id":"https:\/\/usa-b2.com\/pl\/wiza-b1-b2-dla-brazylijczykow\/","url":"https:\/\/usa-b2.com\/pl\/wiza-b1-b2-dla-brazylijczykow\/","name":"Wiza B1\/B2 dla podr\u00f3\u017cuj\u0105cych z Brazylii - USA B2","isPartOf":{"@id":"https:\/\/usa-b2.com\/pl\/#website"},"datePublished":"2025-08-28T16:20:16+00:00","dateModified":"2025-09-13T07:41:20+00:00","description":"Wszystko, co musisz wiedzie\u0107 o wizie B1\/B2 dla podr\u00f3\u017cuj\u0105cych do Brazylii: procedury, rozmowa kwalifikacyjna, dokumenty i praktyczne porady.","breadcrumb":{"@id":"https:\/\/usa-b2.com\/pl\/wiza-b1-b2-dla-brazylijczykow\/#breadcrumb"},"mainEntity":[{"@id":"https:\/\/usa-b2.com\/pl\/wiza-b1-b2-dla-brazylijczykow\/#faq-question-1757684919058"},{"@id":"https:\/\/usa-b2.com\/pl\/wiza-b1-b2-dla-brazylijczykow\/#faq-question-1757684934633"},{"@id":"https:\/\/usa-b2.com\/pl\/wiza-b1-b2-dla-brazylijczykow\/#faq-question-1757684946100"}],"inLanguage":"pl-PL","potentialAction":[{"@type":"ReadAction","target":["https:\/\/usa-b2.com\/pl\/wiza-b1-b2-dla-brazylijczykow\/"]}]},{"@type":"BreadcrumbList","@id":"https:\/\/usa-b2.com\/pl\/wiza-b1-b2-dla-brazylijczykow\/#breadcrumb","itemListElement":[{"@type":"ListItem","position":1,"name":"Accueil","item":"https:\/\/usa-b2.com\/pl\/usa\/"},{"@type":"ListItem","position":2,"name":"Wiza B1\/B2 dla podr\u00f3\u017cuj\u0105cych z Brazylii"}]},{"@type":"WebSite","@id":"https:\/\/usa-b2.com\/pl\/#website","url":"https:\/\/usa-b2.com\/pl\/","name":"USA B2 VISA","description":"","potentialAction":[{"@type":"SearchAction","target":{"@type":"EntryPoint","urlTemplate":"https:\/\/usa-b2.com\/pl\/?s={search_term_string}"},"query-input":{"@type":"PropertyValueSpecification","valueRequired":true,"valueName":"search_term_string"}}],"inLanguage":"pl-PL"},{"@type":"Question","@id":"https:\/\/usa-b2.com\/pl\/wiza-b1-b2-dla-brazylijczykow\/#faq-question-1757684919058","position":1,"url":"https:\/\/usa-b2.com\/pl\/wiza-b1-b2-dla-brazylijczykow\/#faq-question-1757684919058","name":"Czy mog\u0119 pracowa\u0107 na wizie B1\/B2?","answerCount":1,"acceptedAnswer":{"@type":"Answer","text":"Nie, ta wiza jest wa\u017cna tylko w celach turystycznych i niep\u0142atnych.","inLanguage":"pl-PL"},"inLanguage":"pl-PL"},{"@type":"Question","@id":"https:\/\/usa-b2.com\/pl\/wiza-b1-b2-dla-brazylijczykow\/#faq-question-1757684934633","position":2,"url":"https:\/\/usa-b2.com\/pl\/wiza-b1-b2-dla-brazylijczykow\/#faq-question-1757684934633","name":"Czy na rozmowie kwalifikacyjnej musz\u0119 m\u00f3wi\u0107 po angielsku?","answerCount":1,"acceptedAnswer":{"@type":"Answer","text":"Nie, wywiady s\u0105 przeprowadzane w j\u0119zyku portugalskim.","inLanguage":"pl-PL"},"inLanguage":"pl-PL"},{"@type":"Question","@id":"https:\/\/usa-b2.com\/pl\/wiza-b1-b2-dla-brazylijczykow\/#faq-question-1757684946100","position":3,"url":"https:\/\/usa-b2.com\/pl\/wiza-b1-b2-dla-brazylijczykow\/#faq-question-1757684946100","name":"Jak d\u0142ugo trwa uzyskanie wizy?","answerCount":1,"acceptedAnswer":{"@type":"Answer","text":"\u015aredni czas realizacji waha si\u0119 od 2 do 6 tygodni, w zale\u017cno\u015bci od dost\u0119pno\u015bci termin\u00f3w.","inLanguage":"pl-PL"},"inLanguage":"pl-PL"}]}},"_links":{"self":[{"href":"https:\/\/usa-b2.com\/pl\/wp-json\/wp\/v2\/pages\/9710","targetHints":{"allow":["GET"]}}],"collection":[{"href":"https:\/\/usa-b2.com\/pl\/wp-json\/wp\/v2\/pages"}],"about":[{"href":"https:\/\/usa-b2.com\/pl\/wp-json\/wp\/v2\/types\/page"}],"author":[{"embeddable":true,"href":"https:\/\/usa-b2.com\/pl\/wp-json\/wp\/v2\/users\/1"}],"replies":[{"embeddable":true,"href":"https:\/\/usa-b2.com\/pl\/wp-json\/wp\/v2\/comments?post=9710"}],"version-history":[{"count":1,"href":"https:\/\/usa-b2.com\/pl\/wp-json\/wp\/v2\/pages\/9710\/revisions"}],"predecessor-version":[{"id":9711,"href":"https:\/\/usa-b2.com\/pl\/wp-json\/wp\/v2\/pages\/9710\/revisions\/9711"}],"wp:attachment":[{"href":"https:\/\/usa-b2.com\/pl\/wp-json\/wp\/v2\/media?parent=9710"}],"curies":[{"name":"wp","href":"https:\/\/api.w.org\/{rel}","templated":true}]}}