{"id":9642,"date":"2025-08-16T10:09:01","date_gmt":"2025-08-16T10:09:01","guid":{"rendered":"https:\/\/usa-b2.com\/vizy-b2-meksykanina\/"},"modified":"2025-08-18T10:23:23","modified_gmt":"2025-08-18T10:23:23","slug":"vizy-b2-meksykanina","status":"publish","type":"page","link":"https:\/\/usa-b2.com\/pl\/vizy-b2-meksykanina\/","title":{"rendered":"Uzyskanie wizy B2 dla Meksykanina"},"content":{"rendered":"\n<h1 class=\"wp-block-heading\">Jak uzyska\u0107 wiz\u0119 B2 z Meksyku<\/h1>\n\n<h2 class=\"wp-block-heading\">Czym jest ameryka\u0144ska wiza B2?<\/h2>\n\n<p><strong>Wiza B2<\/strong> jest <a href=\"https:\/\/usa-b2.com\/pl\/wiza-turystyczna-usa\/\">wiz\u0105 turystyczn\u0105<\/a> dla os\u00f3b, kt\u00f3re chc\u0105 wjecha\u0107 do Stan\u00f3w Zjednoczonych w celu :<\/p>\n\n<ul class=\"wp-block-list\">\n<li>Turystyka (wakacje, zwiedzanie ameryka\u0144skich miast, park\u00f3w narodowych itp.)<\/li>\n\n\n\n<li>Odwiedziny rodziny lub przyjaci\u00f3\u0142<\/li>\n\n\n\n<li>Otrzymywanie opieki medycznej<\/li>\n\n\n\n<li>Udzia\u0142 w wydarzeniach spo\u0142ecznych lub kulturalnych (koncerty, konferencje, wesela itp.)<\/li>\n<\/ul>\n\n<p>\u26a0\ufe0f Uwaga: wiza B2 nie uprawnia do <strong>podj\u0119cia pracy lub nauki<\/strong> w Stanach Zjednoczonych.<\/p>\n\n<h2 class=\"wp-block-heading\">Wymagania kwalifikacyjne dla obywateli Meksyku<\/h2>\n\n<p>Aby uzyska\u0107 wiz\u0119 B2, meksyka\u0144ski wnioskodawca musi wykaza\u0107 :<\/p>\n\n<ol class=\"wp-block-list\">\n<li>Zamiar powrotu do Meksyku po zako\u0144czeniu podr\u00f3\u017cy.<\/li>\n\n\n\n<li>Posiadanie wa\u017cnego meksyka\u0144skiego paszportu, wa\u017cnego przez co najmniej sze\u015b\u0107 miesi\u0119cy od planowanej daty wyjazdu z USA.<\/li>\n\n\n\n<li>Pobyt tymczasowy, uzasadniony planem podr\u00f3\u017cy, zaproszeniem lub rezerwacj\u0105.<\/li>\n\n\n\n<li>Silne wi\u0119zi w Meksyku, takie jak praca, biznes, w\u0142asno\u015b\u0107 lub wi\u0119zi rodzinne.<\/li>\n\n\n\n<li>Wystarczaj\u0105ce \u015brodki finansowe na pokrycie koszt\u00f3w pobytu.<\/li>\n<\/ol>\n\n<div style=\"height:10px\" aria-hidden=\"true\" class=\"wp-block-spacer\"><\/div>\n\n<h2 class=\"wp-block-heading\">Procedura sk\u0142adania wniosku krok po kroku<\/h2>\n\n<ol class=\"wp-block-list\">\n<li>Wype\u0142nij <a href=\"https:\/\/usa-b2.com\/pl\/ds-160\/\">formularz DS-160<\/a> na oficjalnej stronie internetowej Departamentu Stanu USA. Formularz wype\u0142nia si\u0119 online i nale\u017cy przes\u0142a\u0107 aktualne zdj\u0119cie w wymaganym formacie. <\/li>\n\n\n\n<li>Wnie\u015b\u0107 <a href=\"https:\/\/usa-b2.com\/pl\/oplaty-wiza-b2\/\">op\u0142at\u0119 wizow\u0105<\/a>. Op\u0142ata za wiz\u0119 B2 wynosi <strong>185 USD<\/strong> i nie podlega zwrotowi. P\u0142atno\u015bci mo\u017cna dokona\u0107 online lub w autoryzowanym centrum.  <\/li>\n\n\n\n<li>Zaplanuj <a href=\"https:\/\/usa-b2.com\/pl\/spotkanie-wizowe-ambasadzie-usa\/\">spotkanie na stronie internetowej Ambasady Stan\u00f3w Zjednoczonych<\/a> w Meksyku. B\u0119dziesz musia\u0142 uda\u0107 si\u0119 do <strong>CAS (Centro de Atenci\u00f3n a Solicitantes)<\/strong>, aby pobra\u0107 odciski palc\u00f3w i zrobi\u0107 zdj\u0119cia. Nast\u0119pnie mo\u017cesz um\u00f3wi\u0107 si\u0119 na spotkanie w ambasadzie lub konsulacie (Mexico City, Monterrey, Guadalajara, Tijuana itp.).  <\/li>\n\n\n\n<li>Przej\u015b\u0107 rozmow\u0119 konsularn\u0105. B\u0119dziesz musia\u0142 zabra\u0107 ze sob\u0105 <strong>paszport<\/strong>, <strong>potwierdzenie DS-160<\/strong>, <strong>potwierdzenie p\u0142atno\u015bci<\/strong> i wszelkie dokumenty potwierdzaj\u0105ce Twoje powi\u0105zania z Meksykiem. Urz\u0119dnik konsularny zada pytania dotycz\u0105ce dochod\u00f3w, zatrudnienia, rodziny i plan\u00f3w podr\u00f3\u017cy.  <\/li>\n\n\n\n<li>Odbierz swoj\u0105 wiz\u0119. Je\u015bli <strong>wiza B2<\/strong> zostanie zaakceptowana, zostanie ona umieszczona w paszporcie. <\/li>\n<\/ol>\n\n<div style=\"height:10px\" aria-hidden=\"true\" class=\"wp-block-spacer\"><\/div>\n\n<h2 class=\"wp-block-heading\">Wskaz\u00f3wki, jak zmaksymalizowa\u0107 swoje szanse na uzyskanie<\/h2>\n\n<ul class=\"wp-block-list\">\n<li><strong>B\u0105d\u017a szczery i jasny<\/strong> podczas rozmowy kwalifikacyjnej.<\/li>\n\n\n\n<li>Przygotuj <strong>dow\u00f3d powrotu do Meksyku<\/strong> (umowa o prac\u0119, zapisy do szko\u0142y, akty w\u0142asno\u015bci).<\/li>\n\n\n\n<li>Unikaj sprawiania wra\u017cenia, \u017ce chcesz pozosta\u0107 w Stanach Zjednoczonych nielegalnie.<\/li>\n\n\n\n<li>Przedstaw <strong>realistyczny plan podr\u00f3\u017cy<\/strong> (bilety, rezerwacje, zaproszenia rodzinne, je\u015bli dotyczy).<\/li>\n<\/ul>\n\n<p><\/p>\n","protected":false},"excerpt":{"rendered":"<p>Jak uzyska\u0107 wiz\u0119 B2 z Meksyku Czym jest ameryka\u0144ska wiza B2? Wiza B2 jest wiz\u0105 turystyczn\u0105 dla os\u00f3b, kt\u00f3re chc\u0105 wjecha\u0107 do Stan\u00f3w Zjednoczonych w celu : \u26a0\ufe0f Uwaga: wiza B2 nie uprawnia do podj\u0119cia pracy lub nauki w Stanach Zjednoczonych. Wymagania kwalifikacyjne dla obywateli Meksyku Aby uzyska\u0107 wiz\u0119 B2, meksyka\u0144ski wnioskodawca musi wykaza\u0107 : [&hellip;]<\/p>\n","protected":false},"author":1,"featured_media":0,"parent":0,"menu_order":0,"comment_status":"closed","ping_status":"closed","template":"","meta":{"footnotes":""},"class_list":["post-9642","page","type-page","status-publish","hentry"],"yoast_head":"<!-- This site is optimized with the Yoast SEO plugin v27.0 - https:\/\/yoast.com\/product\/yoast-seo-wordpress\/ -->\n<title>Uzyskanie wizy B2 dla Meksykanina - USA B2<\/title>\n<meta name=\"description\" content=\"Procedura prawna i warunki uzyskania ameryka\u0144skiej wizy B2 jako obywatel Meksyku: kwalifikowalno\u015b\u0107, procedury, koszty i terminy.\" \/>\n<meta name=\"robots\" content=\"index, follow, max-snippet:-1, max-image-preview:large, max-video-preview:-1\" \/>\n<link rel=\"canonical\" href=\"https:\/\/usa-b2.com\/pl\/vizy-b2-meksykanina\/\" \/>\n<meta property=\"og:locale\" content=\"pl_PL\" \/>\n<meta property=\"og:type\" content=\"article\" \/>\n<meta property=\"og:title\" content=\"Uzyskanie wizy B2 dla Meksykanina - USA B2\" \/>\n<meta property=\"og:description\" content=\"Procedura prawna i warunki uzyskania ameryka\u0144skiej wizy B2 jako obywatel Meksyku: kwalifikowalno\u015b\u0107, procedury, koszty i terminy.\" \/>\n<meta property=\"og:url\" content=\"https:\/\/usa-b2.com\/pl\/vizy-b2-meksykanina\/\" \/>\n<meta property=\"og:site_name\" content=\"USA B2\" \/>\n<meta property=\"article:modified_time\" content=\"2025-08-18T10:23:23+00:00\" \/>\n<meta name=\"twitter:card\" content=\"summary_large_image\" \/>\n<meta name=\"twitter:label1\" content=\"Szacowany czas czytania\" \/>\n\t<meta name=\"twitter:data1\" content=\"2 minuty\" \/>\n<script type=\"application\/ld+json\" class=\"yoast-schema-graph\">{\"@context\":\"https:\/\/schema.org\",\"@graph\":[{\"@type\":\"WebPage\",\"@id\":\"https:\/\/usa-b2.com\/pl\/vizy-b2-meksykanina\/\",\"url\":\"https:\/\/usa-b2.com\/pl\/vizy-b2-meksykanina\/\",\"name\":\"Uzyskanie wizy B2 dla Meksykanina - USA B2\",\"isPartOf\":{\"@id\":\"https:\/\/usa-b2.com\/pl\/#website\"},\"datePublished\":\"2025-08-16T10:09:01+00:00\",\"dateModified\":\"2025-08-18T10:23:23+00:00\",\"description\":\"Procedura prawna i warunki uzyskania ameryka\u0144skiej wizy B2 jako obywatel Meksyku: kwalifikowalno\u015b\u0107, procedury, koszty i terminy.\",\"breadcrumb\":{\"@id\":\"https:\/\/usa-b2.com\/pl\/vizy-b2-meksykanina\/#breadcrumb\"},\"inLanguage\":\"pl-PL\",\"potentialAction\":[{\"@type\":\"ReadAction\",\"target\":[\"https:\/\/usa-b2.com\/pl\/vizy-b2-meksykanina\/\"]}]},{\"@type\":\"BreadcrumbList\",\"@id\":\"https:\/\/usa-b2.com\/pl\/vizy-b2-meksykanina\/#breadcrumb\",\"itemListElement\":[{\"@type\":\"ListItem\",\"position\":1,\"name\":\"Accueil\",\"item\":\"https:\/\/usa-b2.com\/pl\/roadtrips-usa\/\"},{\"@type\":\"ListItem\",\"position\":2,\"name\":\"Uzyskanie wizy B2 dla Meksykanina\"}]},{\"@type\":\"WebSite\",\"@id\":\"https:\/\/usa-b2.com\/pl\/#website\",\"url\":\"https:\/\/usa-b2.com\/pl\/\",\"name\":\"USA B2 VISA\",\"description\":\"\",\"potentialAction\":[{\"@type\":\"SearchAction\",\"target\":{\"@type\":\"EntryPoint\",\"urlTemplate\":\"https:\/\/usa-b2.com\/pl\/?s={search_term_string}\"},\"query-input\":{\"@type\":\"PropertyValueSpecification\",\"valueRequired\":true,\"valueName\":\"search_term_string\"}}],\"inLanguage\":\"pl-PL\"}]}<\/script>\n<!-- \/ Yoast SEO plugin. -->","yoast_head_json":{"title":"Uzyskanie wizy B2 dla Meksykanina - USA B2","description":"Procedura prawna i warunki uzyskania ameryka\u0144skiej wizy B2 jako obywatel Meksyku: kwalifikowalno\u015b\u0107, procedury, koszty i terminy.","robots":{"index":"index","follow":"follow","max-snippet":"max-snippet:-1","max-image-preview":"max-image-preview:large","max-video-preview":"max-video-preview:-1"},"canonical":"https:\/\/usa-b2.com\/pl\/vizy-b2-meksykanina\/","og_locale":"pl_PL","og_type":"article","og_title":"Uzyskanie wizy B2 dla Meksykanina - USA B2","og_description":"Procedura prawna i warunki uzyskania ameryka\u0144skiej wizy B2 jako obywatel Meksyku: kwalifikowalno\u015b\u0107, procedury, koszty i terminy.","og_url":"https:\/\/usa-b2.com\/pl\/vizy-b2-meksykanina\/","og_site_name":"USA B2","article_modified_time":"2025-08-18T10:23:23+00:00","twitter_card":"summary_large_image","twitter_misc":{"Szacowany czas czytania":"2 minuty"},"schema":{"@context":"https:\/\/schema.org","@graph":[{"@type":"WebPage","@id":"https:\/\/usa-b2.com\/pl\/vizy-b2-meksykanina\/","url":"https:\/\/usa-b2.com\/pl\/vizy-b2-meksykanina\/","name":"Uzyskanie wizy B2 dla Meksykanina - USA B2","isPartOf":{"@id":"https:\/\/usa-b2.com\/pl\/#website"},"datePublished":"2025-08-16T10:09:01+00:00","dateModified":"2025-08-18T10:23:23+00:00","description":"Procedura prawna i warunki uzyskania ameryka\u0144skiej wizy B2 jako obywatel Meksyku: kwalifikowalno\u015b\u0107, procedury, koszty i terminy.","breadcrumb":{"@id":"https:\/\/usa-b2.com\/pl\/vizy-b2-meksykanina\/#breadcrumb"},"inLanguage":"pl-PL","potentialAction":[{"@type":"ReadAction","target":["https:\/\/usa-b2.com\/pl\/vizy-b2-meksykanina\/"]}]},{"@type":"BreadcrumbList","@id":"https:\/\/usa-b2.com\/pl\/vizy-b2-meksykanina\/#breadcrumb","itemListElement":[{"@type":"ListItem","position":1,"name":"Accueil","item":"https:\/\/usa-b2.com\/pl\/roadtrips-usa\/"},{"@type":"ListItem","position":2,"name":"Uzyskanie wizy B2 dla Meksykanina"}]},{"@type":"WebSite","@id":"https:\/\/usa-b2.com\/pl\/#website","url":"https:\/\/usa-b2.com\/pl\/","name":"USA B2 VISA","description":"","potentialAction":[{"@type":"SearchAction","target":{"@type":"EntryPoint","urlTemplate":"https:\/\/usa-b2.com\/pl\/?s={search_term_string}"},"query-input":{"@type":"PropertyValueSpecification","valueRequired":true,"valueName":"search_term_string"}}],"inLanguage":"pl-PL"}]}},"_links":{"self":[{"href":"https:\/\/usa-b2.com\/pl\/wp-json\/wp\/v2\/pages\/9642","targetHints":{"allow":["GET"]}}],"collection":[{"href":"https:\/\/usa-b2.com\/pl\/wp-json\/wp\/v2\/pages"}],"about":[{"href":"https:\/\/usa-b2.com\/pl\/wp-json\/wp\/v2\/types\/page"}],"author":[{"embeddable":true,"href":"https:\/\/usa-b2.com\/pl\/wp-json\/wp\/v2\/users\/1"}],"replies":[{"embeddable":true,"href":"https:\/\/usa-b2.com\/pl\/wp-json\/wp\/v2\/comments?post=9642"}],"version-history":[{"count":1,"href":"https:\/\/usa-b2.com\/pl\/wp-json\/wp\/v2\/pages\/9642\/revisions"}],"predecessor-version":[{"id":9643,"href":"https:\/\/usa-b2.com\/pl\/wp-json\/wp\/v2\/pages\/9642\/revisions\/9643"}],"wp:attachment":[{"href":"https:\/\/usa-b2.com\/pl\/wp-json\/wp\/v2\/media?parent=9642"}],"curies":[{"name":"wp","href":"https:\/\/api.w.org\/{rel}","templated":true}]}}