{"id":9348,"date":"2025-06-06T07:37:34","date_gmt":"2025-06-06T07:37:34","guid":{"rendered":"https:\/\/usa-b2.com\/wiza-b2-dla-niemcow\/"},"modified":"2025-06-09T18:38:40","modified_gmt":"2025-06-09T18:38:40","slug":"wiza-b2-dla-niemcow","status":"publish","type":"page","link":"https:\/\/usa-b2.com\/pl\/wiza-b2-dla-niemcow\/","title":{"rendered":"Uzyskanie wizy B2 dla Niemca"},"content":{"rendered":"\n<h1 class=\"wp-block-heading\">Ubieganie si\u0119 o wiz\u0119 ameryka\u0144sk\u0105 B2 z Niemiec<\/h1>\n\n<p>Czy jeste\u015b <strong>obywatelem Niemiec i<\/strong> planujesz wakacje w Stanach Zjednoczonych? Je\u015bli wybierasz si\u0119 na d\u0142u\u017cej ni\u017c 90 dni lub nie mo\u017cesz skorzysta\u0107 z ESTA, <strong>wiza B2 USA dla Niemc\u00f3w<\/strong> jest idealnym rozwi\u0105zaniem. <\/p>\n\n<h3 class=\"wp-block-heading\">Czym jest wiza B2?<\/h3>\n\n<p><strong>Wiza B2<\/strong> jest nieimigracyjn\u0105 <a href=\"https:\/\/usa-b2.com\/pl\/wiza-turystyczna-usa\/\">wiz\u0105 turystyczn\u0105<\/a> do Stan\u00f3w Zjednoczonych, przeznaczon\u0105 na pobyty czasowe:<\/p>\n\n<ul class=\"wp-block-list\">\n<li><strong>Turystyka<\/strong> lub wakacje<\/li>\n\n\n\n<li><strong>Wizyta rodzinna lub przyjacielska<\/strong><\/li>\n\n\n\n<li><strong>Opieka medyczna w Stanach Zjednoczonych<\/strong><\/li>\n<\/ul>\n\n<div style=\"height:10px\" aria-hidden=\"true\" class=\"wp-block-spacer\"><\/div>\n\n<h3 class=\"wp-block-heading\">Czy obywatele Niemiec potrzebuj\u0105 wizy B2?<\/h3>\n\n<p>Nie, <strong>niekoniecznie<\/strong>.<br\/>Niemcy mog\u0105 wype\u0142ni\u0107 <a href=\"https:\/\/usa-b2.com\/pl\/formularz-esta-on-line\/\">formularz ESTA online<\/a> dla pobyt\u00f3w <strong>kr\u00f3tszych ni\u017c 90 dni<\/strong>. Niemcy s\u0105 cz\u0142onkiem <a href=\"https:\/\/usa-b2.com\/pl\/visa-waiver-program\/\">Programu Ruchu Bez<\/a>wizowego. <\/p>\n\n<p>Jednak w nast\u0119puj\u0105cych przypadkach <strong>ameryka\u0144ska wiza B2<\/strong> jest zalecana lub nawet obowi\u0105zkowa dla Niemca:<\/p>\n\n<ul class=\"wp-block-list\">\n<li><strong>Przekroczy\u0142e\u015b dozwolon\u0105 d\u0142ugo\u015b\u0107 pobytu<\/strong> w przesz\u0142o\u015bci<\/li>\n\n\n\n<li>Odm\u00f3wiono ci wydania <strong>zezwolenia ESTA<\/strong><\/li>\n\n\n\n<li>Chcesz <strong>zosta\u0107 na d\u0142u\u017cej ni\u017c 90 dni<\/strong><\/li>\n\n\n\n<li>Jeste\u015b karany lub masz szczeg\u00f3lne okoliczno\u015bci<\/li>\n<\/ul>\n\n<div style=\"height:10px\" aria-hidden=\"true\" class=\"wp-block-spacer\"><\/div>\n\n<h3 class=\"wp-block-heading\">Kroki w celu uzyskania wizy B2 z Niemiec<\/h3>\n\n<ol class=\"wp-block-list\">\n<li>Wype\u0142nianie <a href=\"https:\/\/usa-b2.com\/pl\/ds-160\/\">formularza DS-160<\/a><\/li>\n\n\n\n<li>Op\u0142ata za <a href=\"https:\/\/usa-b2.com\/pl\/oplaty-wiza-b2\/\">wiz\u0119 B2<\/a><\/li>\n\n\n\n<li>Um\u00f3w si\u0119 na <a href=\"https:\/\/usa-b2.com\/pl\/spotkanie-wizowe-ambasadzie-usa\/\">spotkanie w ambasadzie<\/a> w Niemczech<\/li>\n\n\n\n<li>Przedstaw swoje dokumenty (paszport, dokumenty uzupe\u0142niaj\u0105ce, dow\u00f3d powrotu).<\/li>\n\n\n\n<li>Przej\u015bcie rozmowy konsularnej<\/li>\n<\/ol>\n\n<div style=\"height:10px\" aria-hidden=\"true\" class=\"wp-block-spacer\"><\/div>\n\n<h3 class=\"wp-block-heading\">Gdzie mog\u0119 uda\u0107 si\u0119 na rozmow\u0119 kwalifikacyjn\u0105 w Niemczech?<\/h3>\n\n<ul class=\"wp-block-list\">\n<li><a href=\"https:\/\/usa-b2.com\/pl\/ambasada-usa\/\">Ambasada Stan\u00f3w Zjednoczonych<\/a> w Berlinie<\/li>\n\n\n\n<li>Konsulat we Frankfurcie lub Monachium<\/li>\n<\/ul>\n\n<h3 class=\"wp-block-heading\">Czas trwania i wa\u017cno\u015b\u0107<\/h3>\n\n<ul class=\"wp-block-list\">\n<li>Wiza B2 mo\u017ce by\u0107 wa\u017cna przez okres <strong>do 10 lat<\/strong><\/li>\n\n\n\n<li>Ka\u017cdy wpis upowa\u017cnia do pobytu trwaj\u0105cego <strong>maksymalnie 6 miesi\u0119cy<\/strong><\/li>\n<\/ul>\n\n<h2 class=\"wp-block-heading\">FAQ<\/h2>\n\n<div class=\"schema-faq wp-block-yoast-faq-block\"><div class=\"schema-faq-section\" id=\"faq-question-1749195650019\"><strong class=\"schema-faq-question\"><strong>Czy wiza B2 zast\u0119puje ESTA?<\/strong><\/strong> <p class=\"schema-faq-answer\">Nie. Jest to bardziej kompleksowa alternatywa, przydatna w przypadku <strong>odmowy lub d\u0142ugich pobyt\u00f3w<\/strong>. <\/p> <\/div> <div class=\"schema-faq-section\" id=\"faq-question-1749195662823\"><strong class=\"schema-faq-question\"><strong>Czy mog\u0119 podr\u00f3\u017cowa\u0107 z rodzin\u0105?<\/strong><\/strong> <p class=\"schema-faq-answer\">Tak, ka\u017cdy cz\u0142onek musi z\u0142o\u017cy\u0107 w\u0142asny wniosek.<\/p> <\/div> <\/div>\n","protected":false},"excerpt":{"rendered":"<p>Ubieganie si\u0119 o wiz\u0119 ameryka\u0144sk\u0105 B2 z Niemiec Czy jeste\u015b obywatelem Niemiec i planujesz wakacje w Stanach Zjednoczonych? Je\u015bli wybierasz si\u0119 na d\u0142u\u017cej ni\u017c 90 dni lub nie mo\u017cesz skorzysta\u0107 z ESTA, wiza B2 USA dla Niemc\u00f3w jest idealnym rozwi\u0105zaniem. Czym jest wiza B2? Wiza B2 jest nieimigracyjn\u0105 wiz\u0105 turystyczn\u0105 do Stan\u00f3w Zjednoczonych, przeznaczon\u0105 na [&hellip;]<\/p>\n","protected":false},"author":1,"featured_media":0,"parent":0,"menu_order":0,"comment_status":"closed","ping_status":"closed","template":"","meta":{"footnotes":""},"class_list":["post-9348","page","type-page","status-publish","hentry"],"yoast_head":"<!-- This site is optimized with the Yoast SEO plugin v27.4 - https:\/\/yoast.com\/product\/yoast-seo-wordpress\/ -->\n<title>Uzyskanie wizy B2 dla Niemca - USA B2<\/title>\n<meta name=\"description\" content=\"Obywatele Niemiec mog\u0105 ubiega\u0107 si\u0119 o wiz\u0119 B2 do Stan\u00f3w Zjednoczonych na pobyt turystyczny d\u0142u\u017cszy ni\u017c 90 dni.\" \/>\n<meta name=\"robots\" content=\"index, follow, max-snippet:-1, max-image-preview:large, max-video-preview:-1\" \/>\n<link rel=\"canonical\" href=\"https:\/\/usa-b2.com\/pl\/wiza-b2-dla-niemcow\/\" \/>\n<meta property=\"og:locale\" content=\"pl_PL\" \/>\n<meta property=\"og:type\" content=\"article\" \/>\n<meta property=\"og:title\" content=\"Uzyskanie wizy B2 dla Niemca - USA B2\" \/>\n<meta property=\"og:description\" content=\"Obywatele Niemiec mog\u0105 ubiega\u0107 si\u0119 o wiz\u0119 B2 do Stan\u00f3w Zjednoczonych na pobyt turystyczny d\u0142u\u017cszy ni\u017c 90 dni.\" \/>\n<meta property=\"og:url\" content=\"https:\/\/usa-b2.com\/pl\/wiza-b2-dla-niemcow\/\" \/>\n<meta property=\"og:site_name\" content=\"USA B2\" \/>\n<meta property=\"article:modified_time\" content=\"2025-06-09T18:38:40+00:00\" \/>\n<meta name=\"twitter:card\" content=\"summary_large_image\" \/>\n<meta name=\"twitter:label1\" content=\"Szacowany czas czytania\" \/>\n\t<meta name=\"twitter:data1\" content=\"1 minuta\" \/>\n<script type=\"application\/ld+json\" class=\"yoast-schema-graph\">{\"@context\":\"https:\\\/\\\/schema.org\",\"@graph\":[{\"@type\":[\"WebPage\",\"FAQPage\"],\"@id\":\"https:\\\/\\\/usa-b2.com\\\/pl\\\/wiza-b2-dla-niemcow\\\/\",\"url\":\"https:\\\/\\\/usa-b2.com\\\/pl\\\/wiza-b2-dla-niemcow\\\/\",\"name\":\"Uzyskanie wizy B2 dla Niemca - USA B2\",\"isPartOf\":{\"@id\":\"https:\\\/\\\/usa-b2.com\\\/pl\\\/#website\"},\"datePublished\":\"2025-06-06T07:37:34+00:00\",\"dateModified\":\"2025-06-09T18:38:40+00:00\",\"description\":\"Obywatele Niemiec mog\u0105 ubiega\u0107 si\u0119 o wiz\u0119 B2 do Stan\u00f3w Zjednoczonych na pobyt turystyczny d\u0142u\u017cszy ni\u017c 90 dni.\",\"breadcrumb\":{\"@id\":\"https:\\\/\\\/usa-b2.com\\\/pl\\\/wiza-b2-dla-niemcow\\\/#breadcrumb\"},\"mainEntity\":[{\"@id\":\"https:\\\/\\\/usa-b2.com\\\/pl\\\/wiza-b2-dla-niemcow\\\/#faq-question-1749195650019\"},{\"@id\":\"https:\\\/\\\/usa-b2.com\\\/pl\\\/wiza-b2-dla-niemcow\\\/#faq-question-1749195662823\"}],\"inLanguage\":\"pl-PL\",\"potentialAction\":[{\"@type\":\"ReadAction\",\"target\":[\"https:\\\/\\\/usa-b2.com\\\/pl\\\/wiza-b2-dla-niemcow\\\/\"]}]},{\"@type\":\"BreadcrumbList\",\"@id\":\"https:\\\/\\\/usa-b2.com\\\/pl\\\/wiza-b2-dla-niemcow\\\/#breadcrumb\",\"itemListElement\":[{\"@type\":\"ListItem\",\"position\":1,\"name\":\"Accueil\",\"item\":\"https:\\\/\\\/usa-b2.com\\\/pl\\\/usa\\\/\"},{\"@type\":\"ListItem\",\"position\":2,\"name\":\"Uzyskanie wizy B2 dla Niemca\"}]},{\"@type\":\"WebSite\",\"@id\":\"https:\\\/\\\/usa-b2.com\\\/pl\\\/#website\",\"url\":\"https:\\\/\\\/usa-b2.com\\\/pl\\\/\",\"name\":\"USA B2 VISA\",\"description\":\"\",\"potentialAction\":[{\"@type\":\"SearchAction\",\"target\":{\"@type\":\"EntryPoint\",\"urlTemplate\":\"https:\\\/\\\/usa-b2.com\\\/pl\\\/?s={search_term_string}\"},\"query-input\":{\"@type\":\"PropertyValueSpecification\",\"valueRequired\":true,\"valueName\":\"search_term_string\"}}],\"inLanguage\":\"pl-PL\"},{\"@type\":\"Question\",\"@id\":\"https:\\\/\\\/usa-b2.com\\\/pl\\\/wiza-b2-dla-niemcow\\\/#faq-question-1749195650019\",\"position\":1,\"url\":\"https:\\\/\\\/usa-b2.com\\\/pl\\\/wiza-b2-dla-niemcow\\\/#faq-question-1749195650019\",\"name\":\"Czy wiza B2 zast\u0119puje ESTA?\",\"answerCount\":1,\"acceptedAnswer\":{\"@type\":\"Answer\",\"text\":\"Nie. Jest to bardziej kompleksowa alternatywa, przydatna w przypadku <strong>odmowy lub d\u0142ugich pobyt\u00f3w<\\\/strong>. \",\"inLanguage\":\"pl-PL\"},\"inLanguage\":\"pl-PL\"},{\"@type\":\"Question\",\"@id\":\"https:\\\/\\\/usa-b2.com\\\/pl\\\/wiza-b2-dla-niemcow\\\/#faq-question-1749195662823\",\"position\":2,\"url\":\"https:\\\/\\\/usa-b2.com\\\/pl\\\/wiza-b2-dla-niemcow\\\/#faq-question-1749195662823\",\"name\":\"Czy mog\u0119 podr\u00f3\u017cowa\u0107 z rodzin\u0105?\",\"answerCount\":1,\"acceptedAnswer\":{\"@type\":\"Answer\",\"text\":\"Tak, ka\u017cdy cz\u0142onek musi z\u0142o\u017cy\u0107 w\u0142asny wniosek.\",\"inLanguage\":\"pl-PL\"},\"inLanguage\":\"pl-PL\"}]}<\/script>\n<!-- \/ Yoast SEO plugin. -->","yoast_head_json":{"title":"Uzyskanie wizy B2 dla Niemca - USA B2","description":"Obywatele Niemiec mog\u0105 ubiega\u0107 si\u0119 o wiz\u0119 B2 do Stan\u00f3w Zjednoczonych na pobyt turystyczny d\u0142u\u017cszy ni\u017c 90 dni.","robots":{"index":"index","follow":"follow","max-snippet":"max-snippet:-1","max-image-preview":"max-image-preview:large","max-video-preview":"max-video-preview:-1"},"canonical":"https:\/\/usa-b2.com\/pl\/wiza-b2-dla-niemcow\/","og_locale":"pl_PL","og_type":"article","og_title":"Uzyskanie wizy B2 dla Niemca - USA B2","og_description":"Obywatele Niemiec mog\u0105 ubiega\u0107 si\u0119 o wiz\u0119 B2 do Stan\u00f3w Zjednoczonych na pobyt turystyczny d\u0142u\u017cszy ni\u017c 90 dni.","og_url":"https:\/\/usa-b2.com\/pl\/wiza-b2-dla-niemcow\/","og_site_name":"USA B2","article_modified_time":"2025-06-09T18:38:40+00:00","twitter_card":"summary_large_image","twitter_misc":{"Szacowany czas czytania":"1 minuta"},"schema":{"@context":"https:\/\/schema.org","@graph":[{"@type":["WebPage","FAQPage"],"@id":"https:\/\/usa-b2.com\/pl\/wiza-b2-dla-niemcow\/","url":"https:\/\/usa-b2.com\/pl\/wiza-b2-dla-niemcow\/","name":"Uzyskanie wizy B2 dla Niemca - USA B2","isPartOf":{"@id":"https:\/\/usa-b2.com\/pl\/#website"},"datePublished":"2025-06-06T07:37:34+00:00","dateModified":"2025-06-09T18:38:40+00:00","description":"Obywatele Niemiec mog\u0105 ubiega\u0107 si\u0119 o wiz\u0119 B2 do Stan\u00f3w Zjednoczonych na pobyt turystyczny d\u0142u\u017cszy ni\u017c 90 dni.","breadcrumb":{"@id":"https:\/\/usa-b2.com\/pl\/wiza-b2-dla-niemcow\/#breadcrumb"},"mainEntity":[{"@id":"https:\/\/usa-b2.com\/pl\/wiza-b2-dla-niemcow\/#faq-question-1749195650019"},{"@id":"https:\/\/usa-b2.com\/pl\/wiza-b2-dla-niemcow\/#faq-question-1749195662823"}],"inLanguage":"pl-PL","potentialAction":[{"@type":"ReadAction","target":["https:\/\/usa-b2.com\/pl\/wiza-b2-dla-niemcow\/"]}]},{"@type":"BreadcrumbList","@id":"https:\/\/usa-b2.com\/pl\/wiza-b2-dla-niemcow\/#breadcrumb","itemListElement":[{"@type":"ListItem","position":1,"name":"Accueil","item":"https:\/\/usa-b2.com\/pl\/usa\/"},{"@type":"ListItem","position":2,"name":"Uzyskanie wizy B2 dla Niemca"}]},{"@type":"WebSite","@id":"https:\/\/usa-b2.com\/pl\/#website","url":"https:\/\/usa-b2.com\/pl\/","name":"USA B2 VISA","description":"","potentialAction":[{"@type":"SearchAction","target":{"@type":"EntryPoint","urlTemplate":"https:\/\/usa-b2.com\/pl\/?s={search_term_string}"},"query-input":{"@type":"PropertyValueSpecification","valueRequired":true,"valueName":"search_term_string"}}],"inLanguage":"pl-PL"},{"@type":"Question","@id":"https:\/\/usa-b2.com\/pl\/wiza-b2-dla-niemcow\/#faq-question-1749195650019","position":1,"url":"https:\/\/usa-b2.com\/pl\/wiza-b2-dla-niemcow\/#faq-question-1749195650019","name":"Czy wiza B2 zast\u0119puje ESTA?","answerCount":1,"acceptedAnswer":{"@type":"Answer","text":"Nie. Jest to bardziej kompleksowa alternatywa, przydatna w przypadku <strong>odmowy lub d\u0142ugich pobyt\u00f3w<\/strong>. ","inLanguage":"pl-PL"},"inLanguage":"pl-PL"},{"@type":"Question","@id":"https:\/\/usa-b2.com\/pl\/wiza-b2-dla-niemcow\/#faq-question-1749195662823","position":2,"url":"https:\/\/usa-b2.com\/pl\/wiza-b2-dla-niemcow\/#faq-question-1749195662823","name":"Czy mog\u0119 podr\u00f3\u017cowa\u0107 z rodzin\u0105?","answerCount":1,"acceptedAnswer":{"@type":"Answer","text":"Tak, ka\u017cdy cz\u0142onek musi z\u0142o\u017cy\u0107 w\u0142asny wniosek.","inLanguage":"pl-PL"},"inLanguage":"pl-PL"}]}},"_links":{"self":[{"href":"https:\/\/usa-b2.com\/pl\/wp-json\/wp\/v2\/pages\/9348","targetHints":{"allow":["GET"]}}],"collection":[{"href":"https:\/\/usa-b2.com\/pl\/wp-json\/wp\/v2\/pages"}],"about":[{"href":"https:\/\/usa-b2.com\/pl\/wp-json\/wp\/v2\/types\/page"}],"author":[{"embeddable":true,"href":"https:\/\/usa-b2.com\/pl\/wp-json\/wp\/v2\/users\/1"}],"replies":[{"embeddable":true,"href":"https:\/\/usa-b2.com\/pl\/wp-json\/wp\/v2\/comments?post=9348"}],"version-history":[{"count":1,"href":"https:\/\/usa-b2.com\/pl\/wp-json\/wp\/v2\/pages\/9348\/revisions"}],"predecessor-version":[{"id":9349,"href":"https:\/\/usa-b2.com\/pl\/wp-json\/wp\/v2\/pages\/9348\/revisions\/9349"}],"wp:attachment":[{"href":"https:\/\/usa-b2.com\/pl\/wp-json\/wp\/v2\/media?parent=9348"}],"curies":[{"name":"wp","href":"https:\/\/api.w.org\/{rel}","templated":true}]}}