{"id":9112,"date":"2025-05-23T09:31:31","date_gmt":"2025-05-23T09:31:31","guid":{"rendered":"https:\/\/usa-b2.com\/wizy-b2-dla-wlocha\/"},"modified":"2025-10-14T10:21:56","modified_gmt":"2025-10-14T10:21:56","slug":"wizy-b2-dla-wlocha","status":"publish","type":"page","link":"https:\/\/usa-b2.com\/pl\/wizy-b2-dla-wlocha\/","title":{"rendered":"Uzyskanie wizy B2 dla W\u0142ocha podr\u00f3\u017cuj\u0105cego do USA"},"content":{"rendered":"\n<h1 class=\"wp-block-heading\">Wiza B2 dla W\u0142och\u00f3w podr\u00f3\u017cuj\u0105cych do USA<\/h1>\n\n<p>Je\u015bli jeste\u015b obywatelem W\u0142och i musisz podr\u00f3\u017cowa\u0107 do Stan\u00f3w Zjednoczonych w celach turystycznych, aby odwiedzi\u0107 krewnego lub uda\u0107 si\u0119 do lekarza: wiza B2 to <a href=\"https:\/\/usa-b2.com\/pl\/wiza-turystyczna-usa\/\">wiza turystyczna do USA<\/a>, kt\u00f3rej potrzebujesz. W tym kompleksowym przewodniku dowiesz si\u0119, jak uzyska\u0107 <strong>wiz\u0119 B2 USA dla W\u0142och\u00f3w<\/strong>, jakie s\u0105 warunki, terminy i wymagane dokumenty. <\/p>\n\n<h2 class=\"wp-block-heading\">Czym jest wiza B2?<\/h2>\n\n<p><a href=\"https:\/\/usa-b2.com\/pl\/wiza-b2\/\">Ameryka\u0144ska wiza B2<\/a> jest wiz\u0105 nieimigracyjn\u0105 przeznaczon\u0105 dla os\u00f3b, kt\u00f3re chc\u0105 tymczasowo przebywa\u0107 w Stanach Zjednoczonych w celach : turystyki, wakacji, leczenia lub odwiedzenia krewnych.<\/p>\n\n<h2 class=\"wp-block-heading\">Czy W\u0142osi potrzebuj\u0105 wizy B2?<\/h2>\n\n<p>Je\u015bli jeste\u015b <strong>obywatelem W\u0142och<\/strong> podr\u00f3\u017cuj\u0105cym do USA na mniej ni\u017c 90 dni, zasadniczo mo\u017cesz skorzysta\u0107 z <a href=\"https:\/\/usa-b2.com\/pl\/czym-jest-esta\/\">elektronicznego zezwolenia na podr\u00f3\u017c ESTA<\/a>.<\/p>\n\n<p>Je\u015bli jednak odm\u00f3wiono Ci ju\u017c wydania wizy ESTA, podr\u00f3\u017cujesz na d\u0142u\u017cej lub masz profil wysokiego ryzyka, lepiej jest <a href=\"https:\/\/usa-b2.com\/pl\/procedura-wize-b2\/\">ubiega\u0107 si\u0119 o wiz\u0119 B2 USA.<\/a><\/p>\n\n<h2 class=\"wp-block-heading\">Jak ubiega\u0107 si\u0119 o wiz\u0119 B2 z W\u0142och?<\/h2>\n\n<h3 class=\"wp-block-heading\">1. Wype\u0142nij formularz DS-160 online<\/h3>\n\n<p><a href=\"https:\/\/usa-b2.com\/pl\/ds-160\/\">Formularz DS-160<\/a> jest obowi\u0105zkowy dla wszystkich wniosk\u00f3w o wiz\u0119 turystyczn\u0105.<\/p>\n\n<h3 class=\"wp-block-heading\">2. Ui\u015bci\u0107 op\u0142at\u0119 za zg\u0142oszenie<\/h3>\n\n<p><a href=\"https:\/\/usa-b2.com\/pl\/oplaty-wiza-b2\/\">Koszt wizy B2<\/a> wynosi <strong>185 USD<\/strong>, p\u0142atne online.<\/p>\n\n<h3 class=\"wp-block-heading\">3. Um\u00f3wi\u0107 si\u0119 na spotkanie w ambasadzie USA we W\u0142oszech<\/h3>\n\n<p>Wszyscy kandydaci musz\u0105 przej\u015b\u0107 <a href=\"https:\/\/usa-b2.com\/pl\/spotkanie-wizowe-ambasadzie-usa\/\">rozmow\u0119 kwalifikacyjn\u0105 w ambasadzie<\/a> USA.<\/p>\n\n<h3 class=\"wp-block-heading\">4. Przygotowanie niezb\u0119dnych dokument\u00f3w<\/h3>\n\n<ul class=\"wp-block-list\">\n<li><a href=\"https:\/\/usa-b2.com\/pl\/podroz-paszportowa-usa\/\">Wa\u017cny paszport uprawniaj\u0105cy do podr\u00f3\u017cy do USA<\/a><\/li>\n\n\n\n<li>Zdj\u0119cie paszportowe<\/li>\n\n\n\n<li>Sprawozdania finansowe<\/li>\n\n\n\n<li>Dow\u00f3d przywi\u0105zania do W\u0142och (praca, rodzina, zakwaterowanie itp.)<\/li>\n<\/ul>\n\n<h3 class=\"wp-block-heading\">5. Id\u017a na rozmow\u0119 kwalifikacyjn\u0105 i czekaj na decyzj\u0119<\/h3>\n\n<p>Po rozmowie wiza jest zazwyczaj wydawana w ci\u0105gu <strong>7 do 15 dni roboczych<\/strong>.<\/p>\n\n<h2 class=\"wp-block-heading\">Gdzie mog\u0119 uda\u0107 si\u0119 na rozmow\u0119 kwalifikacyjn\u0105 we W\u0142oszech?<\/h2>\n\n<p><strong>Ambasada Stan\u00f3w Zjednoczonych w Rzymie<\/strong><br\/>Via Vittorio Veneto, 121, 00187 Roma.<br\/>Oficjalna strona internetowa: <a href=\"https:\/\/it.usembassy.gov\/\">it.usembassy.gov<\/a><\/p>\n\n<h2 class=\"wp-block-heading\">Najcz\u0119\u015bciej zadawane pytania dotycz\u0105ce wizy B2 dla W\u0142och\u00f3w<\/h2>\n\n<div class=\"schema-faq wp-block-yoast-faq-block\"><div class=\"schema-faq-section\" id=\"faq-question-1747998967682\"><strong class=\"schema-faq-question\"><strong>Jak d\u0142ugo wa\u017cna jest wiza B2?<\/strong><\/strong> <p class=\"schema-faq-answer\">Wiza jest wa\u017cna przez okres <strong>do 10 lat<\/strong>, ale ka\u017cdy pobyt jest ograniczony <strong>do maksymalnie 6 miesi\u0119cy<\/strong>.<\/p> <\/div> <div class=\"schema-faq-section\" id=\"faq-question-1747998984062\"><strong class=\"schema-faq-question\"><strong>Czy mog\u0119 przed\u0142u\u017cy\u0107 wiz\u0119 B2 w USA?<\/strong><\/strong> <p class=\"schema-faq-answer\">Tak, <strong>wniosek o przed\u0142u\u017cenie<\/strong> jest mo\u017cliwy ze Stan\u00f3w Zjednoczonych, ale musi by\u0107 uzasadniony.<\/p> <\/div> <div class=\"schema-faq-section\" id=\"faq-question-1747998994557\"><strong class=\"schema-faq-question\"><strong>Czy bezpieczniej jest ubiega\u0107 si\u0119 o wiz\u0119 B2 zamiast ESTA?<\/strong><\/strong> <p class=\"schema-faq-answer\">Tak, szczeg\u00f3lnie w przypadku odmowy lub ch\u0119ci <strong>unikni\u0119cia ryzyka odmowy<\/strong>.<\/p> <\/div> <\/div>\n","protected":false},"excerpt":{"rendered":"<p>Wiza B2 dla W\u0142och\u00f3w podr\u00f3\u017cuj\u0105cych do USA Je\u015bli jeste\u015b obywatelem W\u0142och i musisz podr\u00f3\u017cowa\u0107 do Stan\u00f3w Zjednoczonych w celach turystycznych, aby odwiedzi\u0107 krewnego lub uda\u0107 si\u0119 do lekarza: wiza B2 to wiza turystyczna do USA, kt\u00f3rej potrzebujesz. W tym kompleksowym przewodniku dowiesz si\u0119, jak uzyska\u0107 wiz\u0119 B2 USA dla W\u0142och\u00f3w, jakie s\u0105 warunki, terminy i [&hellip;]<\/p>\n","protected":false},"author":1,"featured_media":0,"parent":0,"menu_order":0,"comment_status":"closed","ping_status":"closed","template":"","meta":{"footnotes":""},"class_list":["post-9112","page","type-page","status-publish","hentry"],"yoast_head":"<!-- This site is optimized with the Yoast SEO plugin v27.4 - https:\/\/yoast.com\/product\/yoast-seo-wordpress\/ -->\n<title>Uzyskanie wizy B2 dla W\u0142ocha podr\u00f3\u017cuj\u0105cego do USA - USA B2<\/title>\n<meta name=\"description\" content=\"Je\u015bli jeste\u015b W\u0142ochem i chcesz podr\u00f3\u017cowa\u0107 do Stan\u00f3w Zjednoczonych, mo\u017cesz uzyska\u0107 wiz\u0119 B2 na podr\u00f3\u017c turystyczn\u0105 lub biznesow\u0105.\" \/>\n<meta name=\"robots\" content=\"index, follow, max-snippet:-1, max-image-preview:large, max-video-preview:-1\" \/>\n<link rel=\"canonical\" href=\"https:\/\/usa-b2.com\/pl\/wizy-b2-dla-wlocha\/\" \/>\n<meta property=\"og:locale\" content=\"pl_PL\" \/>\n<meta property=\"og:type\" content=\"article\" \/>\n<meta property=\"og:title\" content=\"Uzyskanie wizy B2 dla W\u0142ocha podr\u00f3\u017cuj\u0105cego do USA - USA B2\" \/>\n<meta property=\"og:description\" content=\"Je\u015bli jeste\u015b W\u0142ochem i chcesz podr\u00f3\u017cowa\u0107 do Stan\u00f3w Zjednoczonych, mo\u017cesz uzyska\u0107 wiz\u0119 B2 na podr\u00f3\u017c turystyczn\u0105 lub biznesow\u0105.\" \/>\n<meta property=\"og:url\" content=\"https:\/\/usa-b2.com\/pl\/wizy-b2-dla-wlocha\/\" \/>\n<meta property=\"og:site_name\" content=\"USA B2\" \/>\n<meta property=\"article:modified_time\" content=\"2025-10-14T10:21:56+00:00\" \/>\n<meta name=\"twitter:card\" content=\"summary_large_image\" \/>\n<meta name=\"twitter:label1\" content=\"Szacowany czas czytania\" \/>\n\t<meta name=\"twitter:data1\" content=\"2 minuty\" \/>\n<script type=\"application\/ld+json\" class=\"yoast-schema-graph\">{\"@context\":\"https:\\\/\\\/schema.org\",\"@graph\":[{\"@type\":[\"WebPage\",\"FAQPage\"],\"@id\":\"https:\\\/\\\/usa-b2.com\\\/pl\\\/wizy-b2-dla-wlocha\\\/\",\"url\":\"https:\\\/\\\/usa-b2.com\\\/pl\\\/wizy-b2-dla-wlocha\\\/\",\"name\":\"Uzyskanie wizy B2 dla W\u0142ocha podr\u00f3\u017cuj\u0105cego do USA - USA B2\",\"isPartOf\":{\"@id\":\"https:\\\/\\\/usa-b2.com\\\/pl\\\/#website\"},\"datePublished\":\"2025-05-23T09:31:31+00:00\",\"dateModified\":\"2025-10-14T10:21:56+00:00\",\"description\":\"Je\u015bli jeste\u015b W\u0142ochem i chcesz podr\u00f3\u017cowa\u0107 do Stan\u00f3w Zjednoczonych, mo\u017cesz uzyska\u0107 wiz\u0119 B2 na podr\u00f3\u017c turystyczn\u0105 lub biznesow\u0105.\",\"breadcrumb\":{\"@id\":\"https:\\\/\\\/usa-b2.com\\\/pl\\\/wizy-b2-dla-wlocha\\\/#breadcrumb\"},\"mainEntity\":[{\"@id\":\"https:\\\/\\\/usa-b2.com\\\/pl\\\/wizy-b2-dla-wlocha\\\/#faq-question-1747998967682\"},{\"@id\":\"https:\\\/\\\/usa-b2.com\\\/pl\\\/wizy-b2-dla-wlocha\\\/#faq-question-1747998984062\"},{\"@id\":\"https:\\\/\\\/usa-b2.com\\\/pl\\\/wizy-b2-dla-wlocha\\\/#faq-question-1747998994557\"}],\"inLanguage\":\"pl-PL\",\"potentialAction\":[{\"@type\":\"ReadAction\",\"target\":[\"https:\\\/\\\/usa-b2.com\\\/pl\\\/wizy-b2-dla-wlocha\\\/\"]}]},{\"@type\":\"BreadcrumbList\",\"@id\":\"https:\\\/\\\/usa-b2.com\\\/pl\\\/wizy-b2-dla-wlocha\\\/#breadcrumb\",\"itemListElement\":[{\"@type\":\"ListItem\",\"position\":1,\"name\":\"Accueil\",\"item\":\"https:\\\/\\\/usa-b2.com\\\/pl\\\/usa\\\/\"},{\"@type\":\"ListItem\",\"position\":2,\"name\":\"Uzyskanie wizy B2 dla W\u0142ocha podr\u00f3\u017cuj\u0105cego do USA\"}]},{\"@type\":\"WebSite\",\"@id\":\"https:\\\/\\\/usa-b2.com\\\/pl\\\/#website\",\"url\":\"https:\\\/\\\/usa-b2.com\\\/pl\\\/\",\"name\":\"USA B2 VISA\",\"description\":\"\",\"potentialAction\":[{\"@type\":\"SearchAction\",\"target\":{\"@type\":\"EntryPoint\",\"urlTemplate\":\"https:\\\/\\\/usa-b2.com\\\/pl\\\/?s={search_term_string}\"},\"query-input\":{\"@type\":\"PropertyValueSpecification\",\"valueRequired\":true,\"valueName\":\"search_term_string\"}}],\"inLanguage\":\"pl-PL\"},{\"@type\":\"Question\",\"@id\":\"https:\\\/\\\/usa-b2.com\\\/pl\\\/wizy-b2-dla-wlocha\\\/#faq-question-1747998967682\",\"position\":1,\"url\":\"https:\\\/\\\/usa-b2.com\\\/pl\\\/wizy-b2-dla-wlocha\\\/#faq-question-1747998967682\",\"name\":\"Jak d\u0142ugo wa\u017cna jest wiza B2?\",\"answerCount\":1,\"acceptedAnswer\":{\"@type\":\"Answer\",\"text\":\"Wiza jest wa\u017cna przez okres <strong>do 10 lat<\\\/strong>, ale ka\u017cdy pobyt jest ograniczony <strong>do maksymalnie 6 miesi\u0119cy<\\\/strong>.\",\"inLanguage\":\"pl-PL\"},\"inLanguage\":\"pl-PL\"},{\"@type\":\"Question\",\"@id\":\"https:\\\/\\\/usa-b2.com\\\/pl\\\/wizy-b2-dla-wlocha\\\/#faq-question-1747998984062\",\"position\":2,\"url\":\"https:\\\/\\\/usa-b2.com\\\/pl\\\/wizy-b2-dla-wlocha\\\/#faq-question-1747998984062\",\"name\":\"Czy mog\u0119 przed\u0142u\u017cy\u0107 wiz\u0119 B2 w USA?\",\"answerCount\":1,\"acceptedAnswer\":{\"@type\":\"Answer\",\"text\":\"Tak, <strong>wniosek o przed\u0142u\u017cenie<\\\/strong> jest mo\u017cliwy ze Stan\u00f3w Zjednoczonych, ale musi by\u0107 uzasadniony.\",\"inLanguage\":\"pl-PL\"},\"inLanguage\":\"pl-PL\"},{\"@type\":\"Question\",\"@id\":\"https:\\\/\\\/usa-b2.com\\\/pl\\\/wizy-b2-dla-wlocha\\\/#faq-question-1747998994557\",\"position\":3,\"url\":\"https:\\\/\\\/usa-b2.com\\\/pl\\\/wizy-b2-dla-wlocha\\\/#faq-question-1747998994557\",\"name\":\"Czy bezpieczniej jest ubiega\u0107 si\u0119 o wiz\u0119 B2 zamiast ESTA?\",\"answerCount\":1,\"acceptedAnswer\":{\"@type\":\"Answer\",\"text\":\"Tak, szczeg\u00f3lnie w przypadku odmowy lub ch\u0119ci <strong>unikni\u0119cia ryzyka odmowy<\\\/strong>.\",\"inLanguage\":\"pl-PL\"},\"inLanguage\":\"pl-PL\"}]}<\/script>\n<!-- \/ Yoast SEO plugin. -->","yoast_head_json":{"title":"Uzyskanie wizy B2 dla W\u0142ocha podr\u00f3\u017cuj\u0105cego do USA - USA B2","description":"Je\u015bli jeste\u015b W\u0142ochem i chcesz podr\u00f3\u017cowa\u0107 do Stan\u00f3w Zjednoczonych, mo\u017cesz uzyska\u0107 wiz\u0119 B2 na podr\u00f3\u017c turystyczn\u0105 lub biznesow\u0105.","robots":{"index":"index","follow":"follow","max-snippet":"max-snippet:-1","max-image-preview":"max-image-preview:large","max-video-preview":"max-video-preview:-1"},"canonical":"https:\/\/usa-b2.com\/pl\/wizy-b2-dla-wlocha\/","og_locale":"pl_PL","og_type":"article","og_title":"Uzyskanie wizy B2 dla W\u0142ocha podr\u00f3\u017cuj\u0105cego do USA - USA B2","og_description":"Je\u015bli jeste\u015b W\u0142ochem i chcesz podr\u00f3\u017cowa\u0107 do Stan\u00f3w Zjednoczonych, mo\u017cesz uzyska\u0107 wiz\u0119 B2 na podr\u00f3\u017c turystyczn\u0105 lub biznesow\u0105.","og_url":"https:\/\/usa-b2.com\/pl\/wizy-b2-dla-wlocha\/","og_site_name":"USA B2","article_modified_time":"2025-10-14T10:21:56+00:00","twitter_card":"summary_large_image","twitter_misc":{"Szacowany czas czytania":"2 minuty"},"schema":{"@context":"https:\/\/schema.org","@graph":[{"@type":["WebPage","FAQPage"],"@id":"https:\/\/usa-b2.com\/pl\/wizy-b2-dla-wlocha\/","url":"https:\/\/usa-b2.com\/pl\/wizy-b2-dla-wlocha\/","name":"Uzyskanie wizy B2 dla W\u0142ocha podr\u00f3\u017cuj\u0105cego do USA - USA B2","isPartOf":{"@id":"https:\/\/usa-b2.com\/pl\/#website"},"datePublished":"2025-05-23T09:31:31+00:00","dateModified":"2025-10-14T10:21:56+00:00","description":"Je\u015bli jeste\u015b W\u0142ochem i chcesz podr\u00f3\u017cowa\u0107 do Stan\u00f3w Zjednoczonych, mo\u017cesz uzyska\u0107 wiz\u0119 B2 na podr\u00f3\u017c turystyczn\u0105 lub biznesow\u0105.","breadcrumb":{"@id":"https:\/\/usa-b2.com\/pl\/wizy-b2-dla-wlocha\/#breadcrumb"},"mainEntity":[{"@id":"https:\/\/usa-b2.com\/pl\/wizy-b2-dla-wlocha\/#faq-question-1747998967682"},{"@id":"https:\/\/usa-b2.com\/pl\/wizy-b2-dla-wlocha\/#faq-question-1747998984062"},{"@id":"https:\/\/usa-b2.com\/pl\/wizy-b2-dla-wlocha\/#faq-question-1747998994557"}],"inLanguage":"pl-PL","potentialAction":[{"@type":"ReadAction","target":["https:\/\/usa-b2.com\/pl\/wizy-b2-dla-wlocha\/"]}]},{"@type":"BreadcrumbList","@id":"https:\/\/usa-b2.com\/pl\/wizy-b2-dla-wlocha\/#breadcrumb","itemListElement":[{"@type":"ListItem","position":1,"name":"Accueil","item":"https:\/\/usa-b2.com\/pl\/usa\/"},{"@type":"ListItem","position":2,"name":"Uzyskanie wizy B2 dla W\u0142ocha podr\u00f3\u017cuj\u0105cego do USA"}]},{"@type":"WebSite","@id":"https:\/\/usa-b2.com\/pl\/#website","url":"https:\/\/usa-b2.com\/pl\/","name":"USA B2 VISA","description":"","potentialAction":[{"@type":"SearchAction","target":{"@type":"EntryPoint","urlTemplate":"https:\/\/usa-b2.com\/pl\/?s={search_term_string}"},"query-input":{"@type":"PropertyValueSpecification","valueRequired":true,"valueName":"search_term_string"}}],"inLanguage":"pl-PL"},{"@type":"Question","@id":"https:\/\/usa-b2.com\/pl\/wizy-b2-dla-wlocha\/#faq-question-1747998967682","position":1,"url":"https:\/\/usa-b2.com\/pl\/wizy-b2-dla-wlocha\/#faq-question-1747998967682","name":"Jak d\u0142ugo wa\u017cna jest wiza B2?","answerCount":1,"acceptedAnswer":{"@type":"Answer","text":"Wiza jest wa\u017cna przez okres <strong>do 10 lat<\/strong>, ale ka\u017cdy pobyt jest ograniczony <strong>do maksymalnie 6 miesi\u0119cy<\/strong>.","inLanguage":"pl-PL"},"inLanguage":"pl-PL"},{"@type":"Question","@id":"https:\/\/usa-b2.com\/pl\/wizy-b2-dla-wlocha\/#faq-question-1747998984062","position":2,"url":"https:\/\/usa-b2.com\/pl\/wizy-b2-dla-wlocha\/#faq-question-1747998984062","name":"Czy mog\u0119 przed\u0142u\u017cy\u0107 wiz\u0119 B2 w USA?","answerCount":1,"acceptedAnswer":{"@type":"Answer","text":"Tak, <strong>wniosek o przed\u0142u\u017cenie<\/strong> jest mo\u017cliwy ze Stan\u00f3w Zjednoczonych, ale musi by\u0107 uzasadniony.","inLanguage":"pl-PL"},"inLanguage":"pl-PL"},{"@type":"Question","@id":"https:\/\/usa-b2.com\/pl\/wizy-b2-dla-wlocha\/#faq-question-1747998994557","position":3,"url":"https:\/\/usa-b2.com\/pl\/wizy-b2-dla-wlocha\/#faq-question-1747998994557","name":"Czy bezpieczniej jest ubiega\u0107 si\u0119 o wiz\u0119 B2 zamiast ESTA?","answerCount":1,"acceptedAnswer":{"@type":"Answer","text":"Tak, szczeg\u00f3lnie w przypadku odmowy lub ch\u0119ci <strong>unikni\u0119cia ryzyka odmowy<\/strong>.","inLanguage":"pl-PL"},"inLanguage":"pl-PL"}]}},"_links":{"self":[{"href":"https:\/\/usa-b2.com\/pl\/wp-json\/wp\/v2\/pages\/9112","targetHints":{"allow":["GET"]}}],"collection":[{"href":"https:\/\/usa-b2.com\/pl\/wp-json\/wp\/v2\/pages"}],"about":[{"href":"https:\/\/usa-b2.com\/pl\/wp-json\/wp\/v2\/types\/page"}],"author":[{"embeddable":true,"href":"https:\/\/usa-b2.com\/pl\/wp-json\/wp\/v2\/users\/1"}],"replies":[{"embeddable":true,"href":"https:\/\/usa-b2.com\/pl\/wp-json\/wp\/v2\/comments?post=9112"}],"version-history":[{"count":2,"href":"https:\/\/usa-b2.com\/pl\/wp-json\/wp\/v2\/pages\/9112\/revisions"}],"predecessor-version":[{"id":10239,"href":"https:\/\/usa-b2.com\/pl\/wp-json\/wp\/v2\/pages\/9112\/revisions\/10239"}],"wp:attachment":[{"href":"https:\/\/usa-b2.com\/pl\/wp-json\/wp\/v2\/media?parent=9112"}],"curies":[{"name":"wp","href":"https:\/\/api.w.org\/{rel}","templated":true}]}}