{"id":8600,"date":"2025-03-18T12:34:07","date_gmt":"2025-03-18T12:34:07","guid":{"rendered":"https:\/\/usa-b2.com\/badlands-et-black-hills-dakota-du-sud\/"},"modified":"2025-04-10T18:32:30","modified_gmt":"2025-04-10T18:32:30","slug":"badlands-et-black-hills-dakota-du-sud","status":"publish","type":"page","link":"https:\/\/usa-b2.com\/pl\/badlands-et-black-hills-dakota-du-sud\/","title":{"rendered":"Badlands i Black Hills (Dakota Po\u0142udniowa): Przewodnik po niezapomnianej wycieczce samochodowej"},"content":{"rendered":"\n<h1 class=\"wp-block-heading\">Podr\u00f3\u017cowanie po Badlands i Black Hills: Kompletny przewodnik<\/h1>\n\n<p><br\/>Po\u0142o\u017cone w <a href=\"https:\/\/www.sd.gov\/cs\">Po\u0142udniowej Dakocie<\/a> <a href=\"https:\/\/www.blackhillsbadlands.com\/\">Badlands i Black Hills<\/a> oferuj\u0105 spektakularne krajobrazy i ca\u0142kowite zanurzenie w ameryka\u0144skiej dziczy. Ta <a href=\"https:\/\/usa-b2.com\/pl\/\">ameryka\u0144ska wycieczka ob<\/a> jazdowa \u0142\u0105czy w sobie zapieraj\u0105ce dech w piersiach panoramy, kultowe przystanki, parki narodowe i wyj\u0105tkowe do\u015bwiadczenia. Niezale\u017cnie od tego, czy jeste\u015b par\u0105, czy rodzin\u0105, ten przewodnik zawiera szczeg\u00f3\u0142owe informacje na temat idealnej trasy, najlepszych miejsc na pobyt i miejsc, kt\u00f3re trzeba zobaczy\u0107, aby uwieczni\u0107 swoj\u0105 podr\u00f3\u017c.  <\/p>\n\n<figure class=\"wp-block-image size-large\"><img fetchpriority=\"high\" decoding=\"async\" width=\"1024\" height=\"576\" src=\"https:\/\/usa-b2.com\/wp-content\/uploads\/2025\/03\/Badlands-National-Park-South-Dakota-1024x576.jpg\" alt=\"\" class=\"wp-image-8393\" srcset=\"https:\/\/usa-b2.com\/wp-content\/uploads\/2025\/03\/Badlands-National-Park-South-Dakota-1024x576.jpg 1024w, https:\/\/usa-b2.com\/wp-content\/uploads\/2025\/03\/Badlands-National-Park-South-Dakota-300x169.jpg 300w, https:\/\/usa-b2.com\/wp-content\/uploads\/2025\/03\/Badlands-National-Park-South-Dakota-768x432.jpg 768w, https:\/\/usa-b2.com\/wp-content\/uploads\/2025\/03\/Badlands-National-Park-South-Dakota-1536x864.jpg 1536w, https:\/\/usa-b2.com\/wp-content\/uploads\/2025\/03\/Badlands-National-Park-South-Dakota.jpg 1600w\" sizes=\"(max-width: 1024px) 100vw, 1024px\" \/><\/figure>\n\n<h2 class=\"wp-block-heading\">Parki narodowe i kultowe krajobrazy Badlands i Black Hills<\/h2>\n\n<h3 class=\"wp-block-heading\">Park Narodowy Badlands: geologiczna kraina czar\u00f3w<\/h3>\n\n<p><a href=\"https:\/\/national-parks.org\/united-states\/badlands\">Park Narodowy Badlands<\/a> to obowi\u0105zkowy punkt programu w Po\u0142udniowej Dakocie. Jego kolorowo warstwowe formacje skalne i rozleg\u0142e \u0142\u0105ki zamieszkane przez bizony i owce bighorn oferuj\u0105 imponuj\u0105cy naturalny spektakl. Malownicze autostrady, takie jak <a href=\"https:\/\/www.nps.gov\/thingstodo\/badl-loop-road.htm\">Badlands Loop<\/a> Road, pozwalaj\u0105 podziwia\u0107 te krajobrazy z wielu spektakularnych punkt\u00f3w widokowych, w tym Panorama Point i Big Badlands Overlook. Mi\u0142o\u015bnicy pieszych w\u0119dr\u00f3wek b\u0119d\u0105 cieszy\u0107 si\u0119 szlakami, takimi jak Notch Trail i Castle Trail, idealnymi do odkrywania wn\u0119trza formacji skalnych.   <\/p>\n\n<h3 class=\"wp-block-heading\">Black Hills: mi\u0119dzy g\u00f3rami i g\u0119stymi lasami<\/h3>\n\n<p>Czarne Wzg\u00f3rza, w zachodniej cz\u0119\u015bci Dakoty Po\u0142udniowej, kontrastuj\u0105 z Badlands swoimi sosnowymi lasami i nier\u00f3wnym terenem. Region ten s\u0142ynie z <a href=\"https:\/\/www.mtrushmorenationalmemorial.com\/\">Mount Rushmore<\/a>, w kt\u00f3rym znajduj\u0105 si\u0119 monumentalne rze\u017aby ameryka\u0144skich prezydent\u00f3w, oraz <a href=\"https:\/\/gfp.sd.gov\/parks\/detail\/custer-state-park\/\">Parku Stanowego Custer<\/a>, znanego z obfitej dzikiej przyrody i legendarnej <a href=\"https:\/\/www.custerresorts.com\/activities\/scenic-drives\/needles-highway\">Needles Highway<\/a>, kr\u0119tej drogi otoczonej spektakularnymi formacjami skalnymi. <\/p>\n\n<h2 class=\"wp-block-heading\">Gdzie si\u0119 zatrzyma\u0107: miasta, hotele i zakwaterowanie immersyjne<\/h2>\n\n<h3 class=\"wp-block-heading\">Pobyt w pobliskim Rapid City i Wall<\/h3>\n\n<p><a href=\"https:\/\/www.rcgov.org\/\">Rapid<\/a> City jest idealn\u0105 baz\u0105 wypadow\u0105 do zwiedzania Czarnych Wzg\u00f3rz. Oferuje szerok\u0105 gam\u0119 zakwaterowania, od niedrogich hoteli po luksusowe kurorty, takie jak <a href=\"https:\/\/www.alexjohnson.com\/\">Hotel Alex Johnson<\/a>. Je\u015bli chodzi o pobyt bli\u017cej Badlands, ma\u0142e miasteczko <a href=\"https:\/\/www.wall-badlands.com\/\">Wall<\/a>, znane z kultowego <a href=\"https:\/\/www.walldrug.com\/\">Wall Drug<\/a>, oferuje kilka niedrogich moteli i szybki dost\u0119p do parku narodowego.  <\/p>\n\n<h3 class=\"wp-block-heading\">Wyj\u0105tkowe do\u015bwiadczenia: kempingi i domki<\/h3>\n\n<p>Dla mi\u0142o\u015bnik\u00f3w przyrody istnieje kilka opcji ca\u0142kowitego zanurzenia:<\/p>\n\n<ul class=\"wp-block-list\">\n<li><a href=\"https:\/\/sagecreekcampground.com\/\">Sage Creek Campground<\/a> w Badlands Park, bezp\u0142atny rustykalny kemping, z kt\u00f3rego mo\u017cna obserwowa\u0107 \u017cubry o wschodzie s\u0142o\u0144ca.<\/li>\n\n\n\n<li><a href=\"https:\/\/www.custerresorts.com\/plan-your-trip\/sylvan-lake-lodge\">Sylvan Lake Lodge<\/a> po\u0142o\u017cony jest w samym sercu Czarnych Wzg\u00f3rz, oferuj\u0105c urokliwe otoczenie z bezpo\u015brednim dost\u0119pem do szlak\u00f3w turystycznych.<\/li>\n<\/ul>\n\n<h2 class=\"wp-block-heading\">Szczeg\u00f3\u0142owy plan udanej podr\u00f3\u017cy<\/h2>\n\n<figure class=\"wp-block-table\"><table><tbody><tr><td><strong>Dzie\u0144<\/strong><\/td><td><strong>Lokalizacja<\/strong><\/td><td><strong>G\u0142\u00f3wne dzia\u0142ania<\/strong><\/td><\/tr><tr><td>1<\/td><td>Rapid City<\/td><td>Zwiedzanie centrum miasta i lokalnych muze\u00f3w<\/td><\/tr><tr><td>2<\/td><td>Park Narodowy Badlands<\/td><td>W\u0119dr\u00f3wki i zach\u00f3d s\u0142o\u0144ca nad Pinnacles Overlook<\/td><\/tr><tr><td>3<\/td><td>Park stanowy Custer<\/td><td>Ogl\u0105danie bizon\u00f3w i malownicza trasa Needles Highway<\/td><\/tr><tr><td>4<\/td><td>G\u00f3ra Rushmore i Szalony Ko\u0144<\/td><td>Odkryj monumentalne rze\u017aby<\/td><\/tr><tr><td>5<\/td><td>Kanion Spearfish i Deadwood<\/td><td>Le\u015bne spacery i zanurzenie si\u0119 w historii Dalekiego Zachodu<\/td><\/tr><\/tbody><\/table><\/figure>\n\n<h3 class=\"wp-block-heading\">Mityczne trasy, kt\u00f3rych nie mo\u017cna przegapi\u0107<\/h3>\n\n<p>Drogi odgrywaj\u0105 kluczow\u0105 rol\u0119 w do\u015bwiadczeniu podr\u00f3\u017cy. Badlands Loop Road (autostrada 240) wije si\u0119 przez formacje skalne Badlands. W Black Hills, Needles Highway (autostrada 87) i Iron Mountain Road oferuj\u0105 spektakularne widoki na g\u00f3ry i tunele skalne.  <\/p>\n\n<h3 class=\"wp-block-heading\">Jak d\u0142ugo potrwa podr\u00f3\u017c?<\/h3>\n\n<p>Pobyt trwaj\u0105cy od 5 do 7 dni jest idealny do zwiedzania regionu bez po\u015bpiechu. Powiniene\u015b przeznaczy\u0107 co najmniej 2 dni na Badlands, 3 dni na Black Hills i jeden dzie\u0144 na zwiedzanie okolic, takich jak Spearfish Canyon lub historyczne miasto Deadwood. <\/p>\n\n<h2 class=\"wp-block-heading\">Najlepsze miejsca do robienia zdj\u0119\u0107 na Instagramie<\/h2>\n\n<h3 class=\"wp-block-heading\">Obowi\u0105zkowe punkty widokowe<\/h3>\n\n<p>Aby uchwyci\u0107 wspania\u0142o\u015b\u0107 krajobrazu, oto miejsca, do kt\u00f3rych warto si\u0119 uda\u0107:<\/p>\n\n<ul class=\"wp-block-list\">\n<li><strong>Panorama Point (Park Narodowy Badlands)<\/strong>: wsch\u00f3d s\u0142o\u0144ca nad formacjami skalnymi.<\/li>\n\n\n\n<li><strong>Sylvan Lake (Black Hills)<\/strong>: malownicze jezioro otoczone klifami.<\/li>\n\n\n\n<li><a href=\"https:\/\/www.needleseyetunnel.org\/\">Needles Eye Tunnel<\/a>: tunel wykopany w skale, idealny do oryginalnych uj\u0119\u0107.<\/li>\n<\/ul>\n\n<h3 class=\"wp-block-heading\">Nietypowe lokalizacje dla wyj\u0105tkowych zdj\u0119\u0107<\/h3>\n\n<p>Niekt\u00f3re obszary oferuj\u0105 niezwyk\u0142e perspektywy:<\/p>\n\n<ul class=\"wp-block-list\">\n<li><strong>Wall Drug Dinosaur<\/strong>: ogromna kiczowata rze\u017aba dinozaura na poboczu drogi.<\/li>\n\n\n\n<li><a href=\"https:\/\/www.chapel-in-the-hills.org\/\">Chapel in the Hills<\/a> (Rapid City): replika skandynawskiego drewnianego ko\u015bcio\u0142a.<\/li>\n<\/ul>\n\n<h2 class=\"wp-block-heading\">Zaj\u0119cia dla par i rodzin<\/h2>\n\n<h3 class=\"wp-block-heading\">Romantyczne zaj\u0119cia dla par<\/h3>\n\n<p>Badlands i Black Hills to idealne t\u0142o na romantyczny wypad. Kolacja na tarasie w Deadwood, po kt\u00f3rej nast\u0119puje wieczorny spacer, oferuje wyj\u0105tkow\u0105 atmosfer\u0119. Zach\u00f3d s\u0142o\u0144ca nad Pinnacles Overlook lub rejs po jeziorze Pactola to niezapomniane chwile.  <\/p>\n\n<h3 class=\"wp-block-heading\">Zaj\u0119cia rodzinne: przygoda i odkrywanie<\/h3>\n\n<p>Podr\u00f3\u017cowanie do tego regionu z rodzin\u0105 to \u015bwietny spos\u00f3b na po\u0142\u0105czenie przyrody i nauki. Dzieci b\u0119d\u0105 zachwycone: <\/p>\n\n<ul class=\"wp-block-list\">\n<li><a href=\"https:\/\/www.reptilegardens.com\/\">Ogrody gad\u00f3w<\/a> w Rapid City, wyj\u0105tkowy park zwierz\u0105t.<\/li>\n\n\n\n<li><a href=\"https:\/\/mammothsite.org\/\">Mammoth Site<\/a> w Hot Springs, gdzie mo\u017cna zobaczy\u0107 prehistoryczne skamienia\u0142o\u015bci.<\/li>\n\n\n\n<li><a href=\"https:\/\/bearcountryusa.com\/\">Bear Country USA<\/a>, rezerwat, w kt\u00f3rym nied\u017awiedzie mo\u017cna obserwowa\u0107 w p\u00f3\u0142wolno\u015bci.<\/li>\n<\/ul>\n\n<p><br\/>Badlands i Black Hills w Po\u0142udniowej Dakocie to idealne miejsce na niezapomnian\u0105 wycieczk\u0119 samochodow\u0105. Dzi\u0119ki spektakularnym panoramom, legendarnym drogom i autentycznemu zakwaterowaniu, region ten oferuje ca\u0142kowite zanurzenie si\u0119 w ameryka\u0144skiej dziczy. Niezale\u017cnie od tego, czy jeste\u015b par\u0105 na romantyczny wypad, czy rodzin\u0105 na edukacyjn\u0105 przygod\u0119, te kultowe krainy oczaruj\u0105 Ci\u0119 na ka\u017cdym kroku.  <\/p>\n","protected":false},"excerpt":{"rendered":"<p>Podr\u00f3\u017cowanie po Badlands i Black Hills: Kompletny przewodnik Po\u0142o\u017cone w Po\u0142udniowej Dakocie Badlands i Black Hills oferuj\u0105 spektakularne krajobrazy i ca\u0142kowite zanurzenie w ameryka\u0144skiej dziczy. Ta ameryka\u0144ska wycieczka ob jazdowa \u0142\u0105czy w sobie zapieraj\u0105ce dech w piersiach panoramy, kultowe przystanki, parki narodowe i wyj\u0105tkowe do\u015bwiadczenia. Niezale\u017cnie od tego, czy jeste\u015b par\u0105, czy rodzin\u0105, ten przewodnik [&hellip;]<\/p>\n","protected":false},"author":1,"featured_media":0,"parent":0,"menu_order":0,"comment_status":"closed","ping_status":"closed","template":"","meta":{"footnotes":""},"class_list":["post-8600","page","type-page","status-publish","hentry"],"yoast_head":"<!-- This site is optimized with the Yoast SEO plugin v27.4 - https:\/\/yoast.com\/product\/yoast-seo-wordpress\/ -->\n<title>Badlands i Black Hills (Dakota Po\u0142udniowa): Przewodnik po niezapomnianej wycieczce samochodowej - USA B2<\/title>\n<meta name=\"description\" content=\"Odkryj Badlands i Black Hills w Po\u0142udniowej Dakocie: trasa, krajobrazy, miejsca do fotografowania i atrakcje na niezapomnian\u0105 podr\u00f3\u017c.\" \/>\n<meta name=\"robots\" content=\"index, follow, max-snippet:-1, max-image-preview:large, max-video-preview:-1\" \/>\n<link rel=\"canonical\" href=\"https:\/\/usa-b2.com\/pl\/badlands-et-black-hills-dakota-du-sud\/\" \/>\n<meta property=\"og:locale\" content=\"pl_PL\" \/>\n<meta property=\"og:type\" content=\"article\" \/>\n<meta property=\"og:title\" content=\"Badlands i Black Hills (Dakota Po\u0142udniowa): Przewodnik po niezapomnianej wycieczce samochodowej - USA B2\" \/>\n<meta property=\"og:description\" content=\"Odkryj Badlands i Black Hills w Po\u0142udniowej Dakocie: trasa, krajobrazy, miejsca do fotografowania i atrakcje na niezapomnian\u0105 podr\u00f3\u017c.\" \/>\n<meta property=\"og:url\" content=\"https:\/\/usa-b2.com\/pl\/badlands-et-black-hills-dakota-du-sud\/\" \/>\n<meta property=\"og:site_name\" content=\"USA B2\" \/>\n<meta property=\"article:modified_time\" content=\"2025-04-10T18:32:30+00:00\" \/>\n<meta property=\"og:image\" content=\"https:\/\/usa-b2.com\/wp-content\/uploads\/2025\/03\/Badlands-National-Park-South-Dakota.jpg\" \/>\n\t<meta property=\"og:image:width\" content=\"1600\" \/>\n\t<meta property=\"og:image:height\" content=\"900\" \/>\n\t<meta property=\"og:image:type\" content=\"image\/jpeg\" \/>\n<meta name=\"twitter:card\" content=\"summary_large_image\" \/>\n<meta name=\"twitter:label1\" content=\"Szacowany czas czytania\" \/>\n\t<meta name=\"twitter:data1\" content=\"4 minuty\" \/>\n<script type=\"application\/ld+json\" class=\"yoast-schema-graph\">{\"@context\":\"https:\\\/\\\/schema.org\",\"@graph\":[{\"@type\":\"WebPage\",\"@id\":\"https:\\\/\\\/usa-b2.com\\\/pl\\\/badlands-et-black-hills-dakota-du-sud\\\/\",\"url\":\"https:\\\/\\\/usa-b2.com\\\/pl\\\/badlands-et-black-hills-dakota-du-sud\\\/\",\"name\":\"Badlands i Black Hills (Dakota Po\u0142udniowa): Przewodnik po niezapomnianej wycieczce samochodowej - USA B2\",\"isPartOf\":{\"@id\":\"https:\\\/\\\/usa-b2.com\\\/pl\\\/#website\"},\"primaryImageOfPage\":{\"@id\":\"https:\\\/\\\/usa-b2.com\\\/pl\\\/badlands-et-black-hills-dakota-du-sud\\\/#primaryimage\"},\"image\":{\"@id\":\"https:\\\/\\\/usa-b2.com\\\/pl\\\/badlands-et-black-hills-dakota-du-sud\\\/#primaryimage\"},\"thumbnailUrl\":\"https:\\\/\\\/usa-b2.com\\\/wp-content\\\/uploads\\\/2025\\\/03\\\/Badlands-National-Park-South-Dakota-1024x576.jpg\",\"datePublished\":\"2025-03-18T12:34:07+00:00\",\"dateModified\":\"2025-04-10T18:32:30+00:00\",\"description\":\"Odkryj Badlands i Black Hills w Po\u0142udniowej Dakocie: trasa, krajobrazy, miejsca do fotografowania i atrakcje na niezapomnian\u0105 podr\u00f3\u017c.\",\"breadcrumb\":{\"@id\":\"https:\\\/\\\/usa-b2.com\\\/pl\\\/badlands-et-black-hills-dakota-du-sud\\\/#breadcrumb\"},\"inLanguage\":\"pl-PL\",\"potentialAction\":[{\"@type\":\"ReadAction\",\"target\":[\"https:\\\/\\\/usa-b2.com\\\/pl\\\/badlands-et-black-hills-dakota-du-sud\\\/\"]}]},{\"@type\":\"ImageObject\",\"inLanguage\":\"pl-PL\",\"@id\":\"https:\\\/\\\/usa-b2.com\\\/pl\\\/badlands-et-black-hills-dakota-du-sud\\\/#primaryimage\",\"url\":\"https:\\\/\\\/usa-b2.com\\\/wp-content\\\/uploads\\\/2025\\\/03\\\/Badlands-National-Park-South-Dakota-1024x576.jpg\",\"contentUrl\":\"https:\\\/\\\/usa-b2.com\\\/wp-content\\\/uploads\\\/2025\\\/03\\\/Badlands-National-Park-South-Dakota-1024x576.jpg\"},{\"@type\":\"BreadcrumbList\",\"@id\":\"https:\\\/\\\/usa-b2.com\\\/pl\\\/badlands-et-black-hills-dakota-du-sud\\\/#breadcrumb\",\"itemListElement\":[{\"@type\":\"ListItem\",\"position\":1,\"name\":\"Accueil\",\"item\":\"https:\\\/\\\/usa-b2.com\\\/pl\\\/usa\\\/\"},{\"@type\":\"ListItem\",\"position\":2,\"name\":\"Badlands i Black Hills (Dakota Po\u0142udniowa): Przewodnik po niezapomnianej wycieczce samochodowej\"}]},{\"@type\":\"WebSite\",\"@id\":\"https:\\\/\\\/usa-b2.com\\\/pl\\\/#website\",\"url\":\"https:\\\/\\\/usa-b2.com\\\/pl\\\/\",\"name\":\"USA B2 VISA\",\"description\":\"\",\"potentialAction\":[{\"@type\":\"SearchAction\",\"target\":{\"@type\":\"EntryPoint\",\"urlTemplate\":\"https:\\\/\\\/usa-b2.com\\\/pl\\\/?s={search_term_string}\"},\"query-input\":{\"@type\":\"PropertyValueSpecification\",\"valueRequired\":true,\"valueName\":\"search_term_string\"}}],\"inLanguage\":\"pl-PL\"}]}<\/script>\n<!-- \/ Yoast SEO plugin. -->","yoast_head_json":{"title":"Badlands i Black Hills (Dakota Po\u0142udniowa): Przewodnik po niezapomnianej wycieczce samochodowej - USA B2","description":"Odkryj Badlands i Black Hills w Po\u0142udniowej Dakocie: trasa, krajobrazy, miejsca do fotografowania i atrakcje na niezapomnian\u0105 podr\u00f3\u017c.","robots":{"index":"index","follow":"follow","max-snippet":"max-snippet:-1","max-image-preview":"max-image-preview:large","max-video-preview":"max-video-preview:-1"},"canonical":"https:\/\/usa-b2.com\/pl\/badlands-et-black-hills-dakota-du-sud\/","og_locale":"pl_PL","og_type":"article","og_title":"Badlands i Black Hills (Dakota Po\u0142udniowa): Przewodnik po niezapomnianej wycieczce samochodowej - USA B2","og_description":"Odkryj Badlands i Black Hills w Po\u0142udniowej Dakocie: trasa, krajobrazy, miejsca do fotografowania i atrakcje na niezapomnian\u0105 podr\u00f3\u017c.","og_url":"https:\/\/usa-b2.com\/pl\/badlands-et-black-hills-dakota-du-sud\/","og_site_name":"USA B2","article_modified_time":"2025-04-10T18:32:30+00:00","og_image":[{"width":1600,"height":900,"url":"https:\/\/usa-b2.com\/wp-content\/uploads\/2025\/03\/Badlands-National-Park-South-Dakota.jpg","type":"image\/jpeg"}],"twitter_card":"summary_large_image","twitter_misc":{"Szacowany czas czytania":"4 minuty"},"schema":{"@context":"https:\/\/schema.org","@graph":[{"@type":"WebPage","@id":"https:\/\/usa-b2.com\/pl\/badlands-et-black-hills-dakota-du-sud\/","url":"https:\/\/usa-b2.com\/pl\/badlands-et-black-hills-dakota-du-sud\/","name":"Badlands i Black Hills (Dakota Po\u0142udniowa): Przewodnik po niezapomnianej wycieczce samochodowej - USA B2","isPartOf":{"@id":"https:\/\/usa-b2.com\/pl\/#website"},"primaryImageOfPage":{"@id":"https:\/\/usa-b2.com\/pl\/badlands-et-black-hills-dakota-du-sud\/#primaryimage"},"image":{"@id":"https:\/\/usa-b2.com\/pl\/badlands-et-black-hills-dakota-du-sud\/#primaryimage"},"thumbnailUrl":"https:\/\/usa-b2.com\/wp-content\/uploads\/2025\/03\/Badlands-National-Park-South-Dakota-1024x576.jpg","datePublished":"2025-03-18T12:34:07+00:00","dateModified":"2025-04-10T18:32:30+00:00","description":"Odkryj Badlands i Black Hills w Po\u0142udniowej Dakocie: trasa, krajobrazy, miejsca do fotografowania i atrakcje na niezapomnian\u0105 podr\u00f3\u017c.","breadcrumb":{"@id":"https:\/\/usa-b2.com\/pl\/badlands-et-black-hills-dakota-du-sud\/#breadcrumb"},"inLanguage":"pl-PL","potentialAction":[{"@type":"ReadAction","target":["https:\/\/usa-b2.com\/pl\/badlands-et-black-hills-dakota-du-sud\/"]}]},{"@type":"ImageObject","inLanguage":"pl-PL","@id":"https:\/\/usa-b2.com\/pl\/badlands-et-black-hills-dakota-du-sud\/#primaryimage","url":"https:\/\/usa-b2.com\/wp-content\/uploads\/2025\/03\/Badlands-National-Park-South-Dakota-1024x576.jpg","contentUrl":"https:\/\/usa-b2.com\/wp-content\/uploads\/2025\/03\/Badlands-National-Park-South-Dakota-1024x576.jpg"},{"@type":"BreadcrumbList","@id":"https:\/\/usa-b2.com\/pl\/badlands-et-black-hills-dakota-du-sud\/#breadcrumb","itemListElement":[{"@type":"ListItem","position":1,"name":"Accueil","item":"https:\/\/usa-b2.com\/pl\/usa\/"},{"@type":"ListItem","position":2,"name":"Badlands i Black Hills (Dakota Po\u0142udniowa): Przewodnik po niezapomnianej wycieczce samochodowej"}]},{"@type":"WebSite","@id":"https:\/\/usa-b2.com\/pl\/#website","url":"https:\/\/usa-b2.com\/pl\/","name":"USA B2 VISA","description":"","potentialAction":[{"@type":"SearchAction","target":{"@type":"EntryPoint","urlTemplate":"https:\/\/usa-b2.com\/pl\/?s={search_term_string}"},"query-input":{"@type":"PropertyValueSpecification","valueRequired":true,"valueName":"search_term_string"}}],"inLanguage":"pl-PL"}]}},"_links":{"self":[{"href":"https:\/\/usa-b2.com\/pl\/wp-json\/wp\/v2\/pages\/8600","targetHints":{"allow":["GET"]}}],"collection":[{"href":"https:\/\/usa-b2.com\/pl\/wp-json\/wp\/v2\/pages"}],"about":[{"href":"https:\/\/usa-b2.com\/pl\/wp-json\/wp\/v2\/types\/page"}],"author":[{"embeddable":true,"href":"https:\/\/usa-b2.com\/pl\/wp-json\/wp\/v2\/users\/1"}],"replies":[{"embeddable":true,"href":"https:\/\/usa-b2.com\/pl\/wp-json\/wp\/v2\/comments?post=8600"}],"version-history":[{"count":0,"href":"https:\/\/usa-b2.com\/pl\/wp-json\/wp\/v2\/pages\/8600\/revisions"}],"wp:attachment":[{"href":"https:\/\/usa-b2.com\/pl\/wp-json\/wp\/v2\/media?parent=8600"}],"curies":[{"name":"wp","href":"https:\/\/api.w.org\/{rel}","templated":true}]}}