{"id":8524,"date":"2025-03-18T12:31:27","date_gmt":"2025-03-18T12:31:27","guid":{"rendered":"https:\/\/usa-b2.com\/route-66-the-mother-road\/"},"modified":"2025-10-16T08:33:13","modified_gmt":"2025-10-16T08:33:13","slug":"route-66-the-mother-road","status":"publish","type":"page","link":"https:\/\/usa-b2.com\/pl\/route-66-the-mother-road\/","title":{"rendered":"Route 66 (The Mother Road): Mityczna podr\u00f3\u017c po Stanach Zjednoczonych"},"content":{"rendered":"\n<h1 class=\"wp-block-heading\">Wycieczka po Route 66: co zobaczy\u0107 i gdzie si\u0119 zatrzyma\u0107?<\/h1>\n\n<p><a href=\"https:\/\/www.theroute-66.com\/\">Route 66<\/a>, nazywana &#8222;The Mother Road&#8221;, jest jedn\u0105 z najbardziej charakterystycznych dr\u00f3g w Stanach Zjednoczonych. Przecinaj\u0105c osiem stan\u00f3w, od <a href=\"https:\/\/www.chicago.gov\/city\/en.html\">Chicago<\/a> do <a href=\"https:\/\/lacity.gov\/\">Los Angeles<\/a>, reprezentuje ostateczn\u0105 podr\u00f3\u017c przez najg\u0142\u0119bsz\u0105 Ameryk\u0119. Dzi\u0119ki zr\u00f3\u017cnicowanym krajobrazom, zabytkowym motelom i historycznym miejscom, co roku przyci\u0105ga tysi\u0105ce podr\u00f3\u017cnik\u00f3w poszukuj\u0105cych przyg\u00f3d. Oto szczeg\u00f3\u0142owy przewodnik dotycz\u0105cy organizacji podr\u00f3\u017cy t\u0105 legendarn\u0105 tras\u0105.   <\/p>\n\n<figure class=\"wp-block-image size-large\"><img fetchpriority=\"high\" decoding=\"async\" width=\"1024\" height=\"576\" src=\"https:\/\/usa-b2.com\/wp-content\/uploads\/2025\/03\/Roadtrip-Route-66-1024x576.jpg\" alt=\"\" class=\"wp-image-8354\" srcset=\"https:\/\/usa-b2.com\/wp-content\/uploads\/2025\/03\/Roadtrip-Route-66-1024x576.jpg 1024w, https:\/\/usa-b2.com\/wp-content\/uploads\/2025\/03\/Roadtrip-Route-66-300x169.jpg 300w, https:\/\/usa-b2.com\/wp-content\/uploads\/2025\/03\/Roadtrip-Route-66-768x432.jpg 768w, https:\/\/usa-b2.com\/wp-content\/uploads\/2025\/03\/Roadtrip-Route-66-1536x864.jpg 1536w, https:\/\/usa-b2.com\/wp-content\/uploads\/2025\/03\/Roadtrip-Route-66-2048x1152.jpg 2048w\" sizes=\"(max-width: 1024px) 100vw, 1024px\" \/><\/figure>\n\n<h2 class=\"wp-block-heading\">Niezapomniane krajobrazy i naturalne miejsca<\/h2>\n\n<h3 class=\"wp-block-heading\">Parki narodowe i miejsca naturalne<\/h3>\n\n<p>Droga 66 przebiega przez kilka park\u00f3w narodowych i spektakularnych krajobraz\u00f3w, kt\u00f3re s\u0105 warte odwiedzenia. W\u015br\u00f3d nich obowi\u0105zkowym punktem jest <a href=\"https:\/\/www.grandcanyon.org\/experience-grand-canyon\">Park Narodowy Wielkiego Kanionu<\/a> w <a href=\"https:\/\/az.gov\/\">Arizonie<\/a>. Dost\u0119pny z Williams, oferuje zapieraj\u0105ce dech w piersiach panoramy i liczne w\u0119dr\u00f3wki odpowiednie dla wszystkich poziom\u00f3w. Innym wa\u017cnym miejscem jest <a href=\"https:\/\/www.petrifiedforest.org\/\">Park Narodowy Petrified Forest<\/a>, w kt\u00f3rym mo\u017cna podziwia\u0107 skamienia\u0142e pnie drzew licz\u0105ce miliony lat. W <a href=\"https:\/\/www.ca.gov\/\">Kalifornii<\/a> <a href=\"https:\/\/www.mojavepreserve.org\/\">Rezerwat Narodowy Mojave<\/a> zanurza si\u0119 w bezkres pustyni z wydmami i lasami drzew Jozuego.    <\/p>\n\n<h3 class=\"wp-block-heading\">Miejsca odpoczynku i miejsca symboliczne<\/h3>\n\n<p>Kultowe przystanki wzd\u0142u\u017c Route 66 s\u0105 idealne, aby poczu\u0107 zabytkow\u0105 atmosfer\u0119 drogi. <a href=\"https:\/\/www.visitamarillo.com\/listing\/cadillac-ranch\/625\/\">Cadillac Ranch<\/a> w <a href=\"https:\/\/www.texas.gov\/\">Teksasie<\/a> to wyj\u0105tkowa instalacja artystyczna, w kt\u00f3rej samochody s\u0105 sadzone w ziemi i pokryte graffiti. W <a href=\"https:\/\/oklahoma.gov\/\">Oklahomie<\/a>, <a href=\"https:\/\/www.travelok.com\/listings\/view.profile\/id.653\">Blue Whale of Catoosa<\/a> to niezwyk\u0142e i kolorowe miejsce. Wreszcie, w Los Angeles, <a href=\"https:\/\/www.santamonicapier.org\/\">Santa Monica Pier<\/a> wyznacza koniec drogi z mitycznym znakiem &#8222;End of the Trail&#8221;.  <\/p>\n\n<h2 class=\"wp-block-heading\">Szczeg\u00f3\u0142owy plan podr\u00f3\u017cy Route 66<\/h2>\n\n<h3 class=\"wp-block-heading\">Z Chicago do Oklahoma City<\/h3>\n\n<p>Podr\u00f3\u017c rozpoczyna si\u0119 w <a href=\"https:\/\/www.chicago.gov\/city\/en.html\">Chicago<\/a>, gdzie znajduje si\u0119 znak &#8222;Begin Route 66&#8221;. W drodze na po\u0142udniowy zach\u00f3d, przystanek w <a href=\"https:\/\/explorestlouis.com\/\">Saint-Louis<\/a> pozwala podziwia\u0107<a href=\"https:\/\/www.gatewayarch.com\/\">Gateway Arch<\/a>, symbol miasta. <a href=\"https:\/\/www.springfieldmo.gov\/\">Springfield<\/a> w stanie Illinois oferuje wgl\u0105d w \u017cycie<a href=\"https:\/\/www.abrahamlincoln.org\/index.html\">Abrahama Lincolna<\/a>. Dalej, <a href=\"https:\/\/www.cityoftulsa.org\/\">Tulsa<\/a> i <a href=\"https:\/\/www.okc.gov\/\">Oklahoma<\/a> City to przystanki, kt\u00f3rych nie mo\u017cna przegapi\u0107, bogate w histori\u0119 i kultur\u0119.  <\/p>\n\n<h3 class=\"wp-block-heading\">Z Oklahoma City do Los Angeles<\/h3>\n\n<p>Po Oklahoma City udajemy si\u0119 do Amarillo w Teksasie, s\u0142yn\u0105cego z Rancza Cadillaca. <g id=\"gid_0\">Nowy Meksyk<\/g> jest pe\u0142en niespodzianek, w tym <g id=\"gid_1\">Albuquerque<\/g>, miasto o latynoskim uroku. W Arizonie <g id=\"gid_2\">Flagstaff<\/g> jest dobr\u0105 baz\u0105 wypadow\u0105 do zwiedzania Wielkiego Kanionu. Podr\u00f3\u017c ko\u0144czy si\u0119 w Los Angeles, gdzie molo Santa Monica wyznacza koniec Route 66.   <\/p>\n\n<h2 class=\"wp-block-heading\">Gdzie spa\u0107 wzd\u0142u\u017c Route 66?<\/h2>\n\n<h3 class=\"wp-block-heading\">Hotele historyczne<\/h3>\n\n<p>Droga 66 jest pe\u0142na legendarnych miejsc noclegowych. W <g id=\"gid_0\">Wigwam Motel<\/g> w Arizonie mo\u017cna spa\u0107 w tradycyjnych tipi. <g id=\"gid_1\">Motel Blue Swallow<\/g> w Nowym Meksyku to instytucja z neonami w stylu retro i atmosfer\u0105 vintage. Aby zanurzy\u0107 si\u0119 w z\u0142otej erze kina, <a href=\"https:\/\/elranchohotelgallup.com\/\">El Rancho Hotel<\/a>, r\u00f3wnie\u017c w Nowym Meksyku, go\u015bci\u0142 wiele hollywoodzkich gwiazd.   <\/p>\n\n<h3 class=\"wp-block-heading\">Najlepsze miasta na noc<\/h3>\n\n<p>Niekt\u00f3re miasta s\u0105 idealne na odpoczynek. Flagstaff w Arizonie to \u015bwietne miejsce, aby odwiedzi\u0107 Wielki Kanion i cieszy\u0107 si\u0119 g\u00f3rsk\u0105 atmosfer\u0105. <g id=\"gid_0\">Santa Fe<\/g> w Nowym Meksyku przyci\u0105ga galeri\u0105 sztuki i architektur\u0105 adobe. Wreszcie, <a href=\"https:\/\/www.barstowca.org\/\">Barstow<\/a> w Kalifornii to przystanek przed dotarciem do Los Angeles.  <\/p>\n\n<h2 class=\"wp-block-heading\">Miejsca na zdj\u0119cia, kt\u00f3re mo\u017cna umie\u015bci\u0107 na Instagramie<\/h2>\n\n<figure class=\"wp-block-table\"><table class=\"has-fixed-layout\"><tbody><tr><td><strong>Photo Spot<\/strong><\/td><td><strong>Lokalizacja<\/strong><\/td><td><strong>Zainteresowanie<\/strong><\/td><\/tr><tr><td>Znak Route 66<\/td><td>Chicago, IL<\/td><td>Kultowy znak startowy<\/td><\/tr><tr><td>Ranczo Cadillac<\/td><td>Amarillo, TX<\/td><td>Jedna z najcz\u0119\u015bciej fotografowanych instalacji artystycznych w historii<\/td><\/tr><tr><td><a href=\"https:\/\/standinonthecorner.org\/\">Stoj\u0105c na rogu<\/a><\/td><td>Winslow, AZ<\/td><td>Rozs\u0142awiony przez piosenk\u0119 Eagles<\/td><\/tr><tr><td><a href=\"https:\/\/thebottletreeranch.com\/\">Ranczo Elmer&#8217;s Bottle Tree<\/a><\/td><td>Oro Grande, CA<\/td><td>Surrealistyczne i wyj\u0105tkowe miejsce<\/td><\/tr><tr><td>Molo w Santa Monica<\/td><td>Los Angeles, Kalifornia<\/td><td>Koniec podr\u00f3\u017cy<\/td><\/tr><\/tbody><\/table><\/figure>\n\n<h2 class=\"wp-block-heading\">Wcze\u015bniejsze formalno\u015bci administracyjne<\/h2>\n\n<p>Przed wyruszeniem na legendarn\u0105 Route 66 upewnij si\u0119, \u017ce za\u0142atwi\u0142e\u015b wszystkie formalno\u015bci zwi\u0105zane z podr\u00f3\u017c\u0105:<\/p>\n\n<ul class=\"wp-block-list\">\n<li>Upewnij si\u0119, \u017ce Tw\u00f3j <a href=\"https:\/\/usa-b2.com\/pl\/podroz-paszportowa-usa\/\">paszport jest wa\u017cny na podr\u00f3\u017c do USA<\/a>.<\/li>\n\n\n\n<li>Sprawd\u017a, czy kwalifikujesz si\u0119 do uzyskania <a href=\"https:\/\/usa-b2.com\/pl\/czym-jest-esta\/\">zezwolenia na podr\u00f3\u017c ESTA<\/a> w ramach <a href=\"https:\/\/usa-b2.com\/pl\/program-zniesienia-wizy\/\">programu bezwizowego<\/a>. Je\u015bli nie, b\u0119dziesz musia\u0142 ubiega\u0107 si\u0119 o <a href=\"https:\/\/usa-b2.com\/pl\/wiza-b2\/\">wiz\u0119 turystyczn\u0105 B2<\/a>, co mo\u017ce potrwa\u0107 kilka tygodni. <\/li>\n<\/ul>\n\n<p>Zaleca si\u0119 wi\u0119c planowanie z du\u017cym wyprzedzeniem, aby unikn\u0105\u0107 niepowodze\u0144. Rygorystyczne przygotowanie zapewni bezstresowy start i pozwoli w pe\u0142ni wykorzysta\u0107 t\u0119 legendarn\u0105 przygod\u0119 na Mother Road, z jej kultowymi miasteczkami, zabytkowymi motelami i zapieraj\u0105cymi dech w piersiach krajobrazami.   <\/p>\n\n<h2 class=\"wp-block-heading\">Zaj\u0119cia dla par lub rodzin<\/h2>\n\n<h3 class=\"wp-block-heading\">Para<\/h3>\n\n<p>Romantyczna podr\u00f3\u017c wzd\u0142u\u017c Route 66 oferuje wyj\u0105tkowe do\u015bwiadczenia. W Santa Fe restauracje z meksyka\u0144skimi i hiszpa\u0144skimi wp\u0142ywami s\u0105 idealne na romantyczn\u0105 kolacj\u0119. Wielki Kanion z zapieraj\u0105cymi dech w piersiach zachodami s\u0142o\u0144ca to chwila dla dwojga. Wreszcie, noc pod gwiazdami na pustyni Mojave oferuje magiczn\u0105 i intymn\u0105 atmosfer\u0119.   <\/p>\n\n<h3 class=\"wp-block-heading\">Rodzina<\/h3>\n\n<p>Podr\u00f3\u017c wzd\u0142u\u017c Route 66 z dzie\u0107mi mo\u017ce by\u0107 r\u00f3wnie niezapomniana. W Oklahoma City, Muzeum Route 66 oferuje interaktywne eksponaty na temat historii trasy. Blue Whale w Catoosa, z konstrukcj\u0105 do zabawy, jest idealnym miejscem na przerw\u0119 w zabawie. Wreszcie, wiele park\u00f3w przyrodniczych sprawia, \u017ce w\u0119dr\u00f3wki s\u0105 dost\u0119pne dla wszystkich.   <\/p>\n\n<p>Route 66 to najpopularniejsza trasa <a href=\"https:\/\/usa-b2.com\/pl\/\">w Stanach Zjednoczonych<\/a>. To niezapomniana przygoda, kt\u00f3ra \u0142\u0105czy w sobie wspania\u0142e krajobrazy, historyczne miejsca i klimat retro. Niezale\u017cnie od tego, czy podr\u00f3\u017cujesz jako para, z rodzin\u0105 czy z przyjaci\u00f3\u0142mi, ta legendarna wycieczka drogowa zanurzy Ci\u0119 w sercu ameryka\u0144skiego snu. Zaplanuj tras\u0119, zarezerwuj zakwaterowanie i wyrusz na odkrywanie The Mother Road!   <\/p>\n","protected":false},"excerpt":{"rendered":"<p>Wycieczka po Route 66: co zobaczy\u0107 i gdzie si\u0119 zatrzyma\u0107? Route 66, nazywana &#8222;The Mother Road&#8221;, jest jedn\u0105 z najbardziej charakterystycznych dr\u00f3g w Stanach Zjednoczonych. Przecinaj\u0105c osiem stan\u00f3w, od Chicago do Los Angeles, reprezentuje ostateczn\u0105 podr\u00f3\u017c przez najg\u0142\u0119bsz\u0105 Ameryk\u0119. Dzi\u0119ki zr\u00f3\u017cnicowanym krajobrazom, zabytkowym motelom i historycznym miejscom, co roku przyci\u0105ga tysi\u0105ce podr\u00f3\u017cnik\u00f3w poszukuj\u0105cych przyg\u00f3d. Oto [&hellip;]<\/p>\n","protected":false},"author":1,"featured_media":0,"parent":0,"menu_order":0,"comment_status":"closed","ping_status":"closed","template":"","meta":{"footnotes":""},"class_list":["post-8524","page","type-page","status-publish","hentry"],"yoast_head":"<!-- This site is optimized with the Yoast SEO plugin v27.4 - https:\/\/yoast.com\/product\/yoast-seo-wordpress\/ -->\n<title>Route 66 (The Mother Road): Mityczna podr\u00f3\u017c po Stanach Zjednoczonych - USA B2<\/title>\n<meta name=\"description\" content=\"Podr\u00f3\u017cuj legendarn\u0105 Route 66: trasa, krajobrazy, hotele, miejsca do robienia zdj\u0119\u0107 i obowi\u0105zkowe atrakcje na niezapomnian\u0105 wycieczk\u0119!\" \/>\n<meta name=\"robots\" content=\"index, follow, max-snippet:-1, max-image-preview:large, max-video-preview:-1\" \/>\n<link rel=\"canonical\" href=\"https:\/\/usa-b2.com\/pl\/route-66-the-mother-road\/\" \/>\n<meta property=\"og:locale\" content=\"pl_PL\" \/>\n<meta property=\"og:type\" content=\"article\" \/>\n<meta property=\"og:title\" content=\"Route 66 (The Mother Road): Mityczna podr\u00f3\u017c po Stanach Zjednoczonych - USA B2\" \/>\n<meta property=\"og:description\" content=\"Podr\u00f3\u017cuj legendarn\u0105 Route 66: trasa, krajobrazy, hotele, miejsca do robienia zdj\u0119\u0107 i obowi\u0105zkowe atrakcje na niezapomnian\u0105 wycieczk\u0119!\" \/>\n<meta property=\"og:url\" content=\"https:\/\/usa-b2.com\/pl\/route-66-the-mother-road\/\" \/>\n<meta property=\"og:site_name\" content=\"USA B2\" \/>\n<meta property=\"article:modified_time\" content=\"2025-10-16T08:33:13+00:00\" \/>\n<meta property=\"og:image\" content=\"https:\/\/usa-b2.com\/wp-content\/uploads\/2025\/03\/Roadtrip-Route-66-scaled.jpg\" \/>\n\t<meta property=\"og:image:width\" content=\"2560\" \/>\n\t<meta property=\"og:image:height\" content=\"1440\" \/>\n\t<meta property=\"og:image:type\" content=\"image\/jpeg\" \/>\n<meta name=\"twitter:card\" content=\"summary_large_image\" \/>\n<meta name=\"twitter:label1\" content=\"Szacowany czas czytania\" \/>\n\t<meta name=\"twitter:data1\" content=\"4 minuty\" \/>\n<script type=\"application\/ld+json\" class=\"yoast-schema-graph\">{\"@context\":\"https:\\\/\\\/schema.org\",\"@graph\":[{\"@type\":\"WebPage\",\"@id\":\"https:\\\/\\\/usa-b2.com\\\/pl\\\/route-66-the-mother-road\\\/\",\"url\":\"https:\\\/\\\/usa-b2.com\\\/pl\\\/route-66-the-mother-road\\\/\",\"name\":\"Route 66 (The Mother Road): Mityczna podr\u00f3\u017c po Stanach Zjednoczonych - USA B2\",\"isPartOf\":{\"@id\":\"https:\\\/\\\/usa-b2.com\\\/pl\\\/#website\"},\"primaryImageOfPage\":{\"@id\":\"https:\\\/\\\/usa-b2.com\\\/pl\\\/route-66-the-mother-road\\\/#primaryimage\"},\"image\":{\"@id\":\"https:\\\/\\\/usa-b2.com\\\/pl\\\/route-66-the-mother-road\\\/#primaryimage\"},\"thumbnailUrl\":\"https:\\\/\\\/usa-b2.com\\\/wp-content\\\/uploads\\\/2025\\\/03\\\/Roadtrip-Route-66-1024x576.jpg\",\"datePublished\":\"2025-03-18T12:31:27+00:00\",\"dateModified\":\"2025-10-16T08:33:13+00:00\",\"description\":\"Podr\u00f3\u017cuj legendarn\u0105 Route 66: trasa, krajobrazy, hotele, miejsca do robienia zdj\u0119\u0107 i obowi\u0105zkowe atrakcje na niezapomnian\u0105 wycieczk\u0119!\",\"breadcrumb\":{\"@id\":\"https:\\\/\\\/usa-b2.com\\\/pl\\\/route-66-the-mother-road\\\/#breadcrumb\"},\"inLanguage\":\"pl-PL\",\"potentialAction\":[{\"@type\":\"ReadAction\",\"target\":[\"https:\\\/\\\/usa-b2.com\\\/pl\\\/route-66-the-mother-road\\\/\"]}]},{\"@type\":\"ImageObject\",\"inLanguage\":\"pl-PL\",\"@id\":\"https:\\\/\\\/usa-b2.com\\\/pl\\\/route-66-the-mother-road\\\/#primaryimage\",\"url\":\"https:\\\/\\\/usa-b2.com\\\/wp-content\\\/uploads\\\/2025\\\/03\\\/Roadtrip-Route-66-1024x576.jpg\",\"contentUrl\":\"https:\\\/\\\/usa-b2.com\\\/wp-content\\\/uploads\\\/2025\\\/03\\\/Roadtrip-Route-66-1024x576.jpg\"},{\"@type\":\"BreadcrumbList\",\"@id\":\"https:\\\/\\\/usa-b2.com\\\/pl\\\/route-66-the-mother-road\\\/#breadcrumb\",\"itemListElement\":[{\"@type\":\"ListItem\",\"position\":1,\"name\":\"Accueil\",\"item\":\"https:\\\/\\\/usa-b2.com\\\/pl\\\/usa\\\/\"},{\"@type\":\"ListItem\",\"position\":2,\"name\":\"Route 66 (The Mother Road): Mityczna podr\u00f3\u017c po Stanach Zjednoczonych\"}]},{\"@type\":\"WebSite\",\"@id\":\"https:\\\/\\\/usa-b2.com\\\/pl\\\/#website\",\"url\":\"https:\\\/\\\/usa-b2.com\\\/pl\\\/\",\"name\":\"USA B2 VISA\",\"description\":\"\",\"potentialAction\":[{\"@type\":\"SearchAction\",\"target\":{\"@type\":\"EntryPoint\",\"urlTemplate\":\"https:\\\/\\\/usa-b2.com\\\/pl\\\/?s={search_term_string}\"},\"query-input\":{\"@type\":\"PropertyValueSpecification\",\"valueRequired\":true,\"valueName\":\"search_term_string\"}}],\"inLanguage\":\"pl-PL\"}]}<\/script>\n<!-- \/ Yoast SEO plugin. -->","yoast_head_json":{"title":"Route 66 (The Mother Road): Mityczna podr\u00f3\u017c po Stanach Zjednoczonych - USA B2","description":"Podr\u00f3\u017cuj legendarn\u0105 Route 66: trasa, krajobrazy, hotele, miejsca do robienia zdj\u0119\u0107 i obowi\u0105zkowe atrakcje na niezapomnian\u0105 wycieczk\u0119!","robots":{"index":"index","follow":"follow","max-snippet":"max-snippet:-1","max-image-preview":"max-image-preview:large","max-video-preview":"max-video-preview:-1"},"canonical":"https:\/\/usa-b2.com\/pl\/route-66-the-mother-road\/","og_locale":"pl_PL","og_type":"article","og_title":"Route 66 (The Mother Road): Mityczna podr\u00f3\u017c po Stanach Zjednoczonych - USA B2","og_description":"Podr\u00f3\u017cuj legendarn\u0105 Route 66: trasa, krajobrazy, hotele, miejsca do robienia zdj\u0119\u0107 i obowi\u0105zkowe atrakcje na niezapomnian\u0105 wycieczk\u0119!","og_url":"https:\/\/usa-b2.com\/pl\/route-66-the-mother-road\/","og_site_name":"USA B2","article_modified_time":"2025-10-16T08:33:13+00:00","og_image":[{"width":2560,"height":1440,"url":"https:\/\/usa-b2.com\/wp-content\/uploads\/2025\/03\/Roadtrip-Route-66-scaled.jpg","type":"image\/jpeg"}],"twitter_card":"summary_large_image","twitter_misc":{"Szacowany czas czytania":"4 minuty"},"schema":{"@context":"https:\/\/schema.org","@graph":[{"@type":"WebPage","@id":"https:\/\/usa-b2.com\/pl\/route-66-the-mother-road\/","url":"https:\/\/usa-b2.com\/pl\/route-66-the-mother-road\/","name":"Route 66 (The Mother Road): Mityczna podr\u00f3\u017c po Stanach Zjednoczonych - USA B2","isPartOf":{"@id":"https:\/\/usa-b2.com\/pl\/#website"},"primaryImageOfPage":{"@id":"https:\/\/usa-b2.com\/pl\/route-66-the-mother-road\/#primaryimage"},"image":{"@id":"https:\/\/usa-b2.com\/pl\/route-66-the-mother-road\/#primaryimage"},"thumbnailUrl":"https:\/\/usa-b2.com\/wp-content\/uploads\/2025\/03\/Roadtrip-Route-66-1024x576.jpg","datePublished":"2025-03-18T12:31:27+00:00","dateModified":"2025-10-16T08:33:13+00:00","description":"Podr\u00f3\u017cuj legendarn\u0105 Route 66: trasa, krajobrazy, hotele, miejsca do robienia zdj\u0119\u0107 i obowi\u0105zkowe atrakcje na niezapomnian\u0105 wycieczk\u0119!","breadcrumb":{"@id":"https:\/\/usa-b2.com\/pl\/route-66-the-mother-road\/#breadcrumb"},"inLanguage":"pl-PL","potentialAction":[{"@type":"ReadAction","target":["https:\/\/usa-b2.com\/pl\/route-66-the-mother-road\/"]}]},{"@type":"ImageObject","inLanguage":"pl-PL","@id":"https:\/\/usa-b2.com\/pl\/route-66-the-mother-road\/#primaryimage","url":"https:\/\/usa-b2.com\/wp-content\/uploads\/2025\/03\/Roadtrip-Route-66-1024x576.jpg","contentUrl":"https:\/\/usa-b2.com\/wp-content\/uploads\/2025\/03\/Roadtrip-Route-66-1024x576.jpg"},{"@type":"BreadcrumbList","@id":"https:\/\/usa-b2.com\/pl\/route-66-the-mother-road\/#breadcrumb","itemListElement":[{"@type":"ListItem","position":1,"name":"Accueil","item":"https:\/\/usa-b2.com\/pl\/usa\/"},{"@type":"ListItem","position":2,"name":"Route 66 (The Mother Road): Mityczna podr\u00f3\u017c po Stanach Zjednoczonych"}]},{"@type":"WebSite","@id":"https:\/\/usa-b2.com\/pl\/#website","url":"https:\/\/usa-b2.com\/pl\/","name":"USA B2 VISA","description":"","potentialAction":[{"@type":"SearchAction","target":{"@type":"EntryPoint","urlTemplate":"https:\/\/usa-b2.com\/pl\/?s={search_term_string}"},"query-input":{"@type":"PropertyValueSpecification","valueRequired":true,"valueName":"search_term_string"}}],"inLanguage":"pl-PL"}]}},"_links":{"self":[{"href":"https:\/\/usa-b2.com\/pl\/wp-json\/wp\/v2\/pages\/8524","targetHints":{"allow":["GET"]}}],"collection":[{"href":"https:\/\/usa-b2.com\/pl\/wp-json\/wp\/v2\/pages"}],"about":[{"href":"https:\/\/usa-b2.com\/pl\/wp-json\/wp\/v2\/types\/page"}],"author":[{"embeddable":true,"href":"https:\/\/usa-b2.com\/pl\/wp-json\/wp\/v2\/users\/1"}],"replies":[{"embeddable":true,"href":"https:\/\/usa-b2.com\/pl\/wp-json\/wp\/v2\/comments?post=8524"}],"version-history":[{"count":3,"href":"https:\/\/usa-b2.com\/pl\/wp-json\/wp\/v2\/pages\/8524\/revisions"}],"predecessor-version":[{"id":10613,"href":"https:\/\/usa-b2.com\/pl\/wp-json\/wp\/v2\/pages\/8524\/revisions\/10613"}],"wp:attachment":[{"href":"https:\/\/usa-b2.com\/pl\/wp-json\/wp\/v2\/media?parent=8524"}],"curies":[{"name":"wp","href":"https:\/\/api.w.org\/{rel}","templated":true}]}}