{"id":8504,"date":"2025-03-18T12:35:33","date_gmt":"2025-03-18T12:35:33","guid":{"rendered":"https:\/\/usa-b2.com\/ozarks-scenic-byway-missouri\/"},"modified":"2025-04-10T17:33:35","modified_gmt":"2025-04-10T17:33:35","slug":"ozarks-scenic-byway-missouri","status":"publish","type":"page","link":"https:\/\/usa-b2.com\/pl\/ozarks-scenic-byway-missouri\/","title":{"rendered":"Ozarks Scenic Byway (Missouri): Niezb\u0119dna trasa na przygod\u0119 w sercu Ozarksdone"},"content":{"rendered":"\n<h1 class=\"wp-block-heading\">Ozarks Scenic Byway road trip: kompletny przewodnik<\/h1>\n\n<p><a href=\"https:\/\/www.ozarkrun.org\/\">Ozarks Scenic Byway<\/a> to malownicza trasa przez serce <a href=\"https:\/\/www.mo.gov\/\">Missouri<\/a>, przemierzaj\u0105ca zapieraj\u0105ce dech w piersiach krajobrazy g\u00f3r, las\u00f3w i krystalicznie czystych rzek. Znana z park\u00f3w narodowych, spektakularnych widok\u00f3w i obowi\u0105zkowych przystank\u00f3w, ta <a href=\"https:\/\/usa-b2.com\/pl\/\">ameryka\u0144ska wycieczka<\/a> jest idealna na wci\u0105gaj\u0105c\u0105 ucieczk\u0119 na \u0142ono natury. Niezale\u017cnie od tego, czy podr\u00f3\u017cujesz jako para, czy jako rodzina, ta trasa ma w zanadrzu kilka niezapomnianych odkry\u0107. W tym artykule znajdziesz wszystko, co musisz wiedzie\u0107, aby zaplanowa\u0107 swoj\u0105 podr\u00f3\u017c po Ozarks Scenic Byway: miejsca, kt\u00f3re trzeba zobaczy\u0107, najlepsze miejsca do robienia zdj\u0119\u0107, zakwaterowanie i atrakcje dla ka\u017cdego.   <\/p>\n\n<figure class=\"wp-block-image size-full\"><img fetchpriority=\"high\" decoding=\"async\" width=\"900\" height=\"506\" src=\"https:\/\/usa-b2.com\/wp-content\/uploads\/2025\/03\/Ozarks-Scenic-Byway-Missouri-USA.jpg\" alt=\"\" class=\"wp-image-8415\" srcset=\"https:\/\/usa-b2.com\/wp-content\/uploads\/2025\/03\/Ozarks-Scenic-Byway-Missouri-USA.jpg 900w, https:\/\/usa-b2.com\/wp-content\/uploads\/2025\/03\/Ozarks-Scenic-Byway-Missouri-USA-300x169.jpg 300w, https:\/\/usa-b2.com\/wp-content\/uploads\/2025\/03\/Ozarks-Scenic-Byway-Missouri-USA-768x432.jpg 768w\" sizes=\"(max-width: 900px) 100vw, 900px\" \/><\/figure>\n\n<h2 class=\"wp-block-heading\">Obowi\u0105zkowe punkty na Ozarks Scenic Byway: parki narodowe i niezwyk\u0142e krajobrazy<\/h2>\n\n<h3 class=\"wp-block-heading\">Parki narodowe do odkrycia<\/h3>\n\n<p><a href=\"https:\/\/www.fs.usda.gov\/mtnf\">Mark Twain National Forest<\/a> jest g\u0142\u00f3wnym przystankiem na Ozarks Scenic Byway. Z ponad 6000 km\u00b2 dziewiczej przyrody, ten park narodowy oferuje wiele szlak\u00f3w turystycznych, jezior i rzek idealnych do aktywno\u015bci na \u015bwie\u017cym powietrzu. Mi\u0142o\u015bnicy przyrody szczeg\u00f3lnie doceni\u0105 Glade Top Trail, panoramiczn\u0105 \u015bcie\u017ck\u0119 oferuj\u0105c\u0105 spektakularne widoki na wzg\u00f3rza Ozarks.  <\/p>\n\n<ol class=\"wp-block-list\">\n<li><\/li>\n<\/ol>\n\n<p>Innym miejscem, kt\u00f3rego nie mo\u017cna przegapi\u0107, jest <a href=\"https:\/\/mostateparks.com\/park\/ha-ha-tonka-state-park\">Ha Ha Tonka State Park<\/a>, s\u0142yn\u0105cy z historycznych ruin zamku i imponuj\u0105cych formacji skalnych. Jego szlaki oferuj\u0105 zapieraj\u0105ce dech w piersiach widoki na jezioro Ozarks. <\/p>\n\n<h3 class=\"wp-block-heading\">Obowi\u0105zkowe punkty widokowe i przystanki<\/h3>\n\n<p><a href=\"https:\/\/www.fs.usda.gov\/recarea\/mtnf\/recarea\/?recid=21752\">Devil&#8217;s Backbone Wilderness<\/a> to jeden z najbardziej imponuj\u0105cych punkt\u00f3w widokowych na trasie. Ten chroniony obszar naturalny jest idealny do obserwacji dzikiej przyrody, w tym jeleni i bielik\u00f3w. <\/p>\n\n<p>W po\u0142owie trasy zatrzymaj si\u0119 przy Big Spring, jednym z najwi\u0119kszych naturalnych \u017ar\u00f3de\u0142 w Stanach Zjednoczonych, gdzie ka\u017cdego dnia tryska ponad 300 milion\u00f3w galon\u00f3w wody. To miejsce jest idealne na piknik w samym sercu natury. <\/p>\n\n<h2 class=\"wp-block-heading\">Gdzie si\u0119 zatrzyma\u0107 na trasie Ozarks Scenic Byway? Najlepsze miasta i zakwaterowanie <\/h2>\n\n<h3 class=\"wp-block-heading\">Miasta, w kt\u00f3rych warto si\u0119 zatrzyma\u0107<\/h3>\n\n<p>Wzd\u0142u\u017c Ozarks Scenic Byway znajduje si\u0119 kilka miast oferuj\u0105cych r\u00f3\u017cne opcje zakwaterowania. Branson jest jednym z najpopularniejszych przystank\u00f3w, z wieloma hotelami, zajazdami i domkami nad jeziorem. Jest to r\u00f3wnie\u017c t\u0119tni\u0105ce \u017cyciem miejsce z muzyk\u0105 na \u017cywo i atrakcjami turystycznymi.  <\/p>\n\n<ol start=\"2\" class=\"wp-block-list\">\n<li><\/li>\n<\/ol>\n\n<p>Inn\u0105 opcj\u0105 jest Eminence, urocze miasteczko nad brzegiem <a href=\"https:\/\/www.current-river.com\/\">rzeki Current<\/a>, idealne dla mi\u0142o\u015bnik\u00f3w przyrody i spokoju. Znajduje si\u0119 tu wiele autentycznych drewnianych domk\u00f3w i pensjonat\u00f3w. <\/p>\n\n<h3 class=\"wp-block-heading\">Najlepsze zakwaterowanie na udany pobyt<\/h3>\n\n<p>Oto tabela najlepszych rodzaj\u00f3w zakwaterowania dla Twojego stylu podr\u00f3\u017cowania:<\/p>\n\n<figure class=\"wp-block-table\"><table class=\"has-fixed-layout\"><tbody><tr><td><strong>Rodzaj zakwaterowania<\/strong><\/td><td><strong>Lokalizacja<\/strong><\/td><td><strong>Idealny dla<\/strong><\/td><td><strong>\u015arednia cena\/noc<\/strong><\/td><\/tr><tr><td>Uroczy hotel<\/td><td><a href=\"https:\/\/bransonmo.gov\/\">Branson<\/a><\/td><td>Komfort i us\u0142ugi<\/td><td>120 $<\/td><\/tr><tr><td>Domek w lesie<\/td><td><a href=\"https:\/\/www.eminencecottagescamp.com\/accommodations\/cottages-cabins-lodge.html\">Eminencja<\/a><\/td><td>Zanurzenie w przyrodzie<\/td><td>80 $<\/td><\/tr><tr><td>Kemping<\/td><td>Las Narodowy Mark Twain<\/td><td>Poszukiwacze przyg\u00f3d<\/td><td>30 $<\/td><\/tr><tr><td>Airbnb nad jeziorem<\/td><td><a href=\"https:\/\/funlake.com\/\">Jezioro Ozarks<\/a><\/td><td>Pobyty dla par lub rodzin<\/td><td>150 $<\/td><\/tr><\/tbody><\/table><\/figure>\n\n<h2 class=\"wp-block-heading\">Szczeg\u00f3\u0142owy plan podr\u00f3\u017cy dla Ozarks Scenic Byway<\/h2>\n\n<h3 class=\"wp-block-heading\">Punkt pocz\u0105tkowy i pierwsza sekcja<\/h3>\n\n<p>Trasa zazwyczaj rozpoczyna si\u0119 w Springfield, gdzie mo\u017cna \u0142atwo wynaj\u0105\u0107 samoch\u00f3d, aby pokona\u0107 tras\u0119. Jed\u017a autostrad\u0105 65 na po\u0142udnie do Branson, miasta, kt\u00f3re wyznacza pocz\u0105tek charakterystycznego pofa\u0142dowanego krajobrazu Ozarks. <\/p>\n\n<ol start=\"3\" class=\"wp-block-list\">\n<li><\/li>\n<\/ol>\n\n<p>Kontynuuj jazd\u0119 autostrad\u0105 160, wij\u0105c\u0105 si\u0119 przez g\u0119ste lasy i wzd\u0142u\u017c kr\u0119tych rzek. Zr\u00f3b sobie przerw\u0119 nad <a href=\"https:\/\/www.bullshoals.com\/\">jeziorem Bull Shoals<\/a>, idealnym miejscem do ogl\u0105dania wschodu s\u0142o\u0144ca nad spokojnymi wodami. <\/p>\n\n<h3 class=\"wp-block-heading\">Przekroczenie Ozarks i koniec trasy<\/h3>\n\n<p>Kontynuuj\u0105c podr\u00f3\u017c na wsch\u00f3d, trasa przebiega przez <a href=\"https:\/\/www.mostateparks.com\/park\/current-river-state-park\">Current River State Park<\/a>, obowi\u0105zkowe miejsce na w\u0119dr\u00f3wk\u0119 lub orze\u017awiaj\u0105c\u0105 k\u0105piel. Podr\u00f3\u017c zako\u0144czy si\u0119 w Van Buren, malowniczym miasteczku po\u0142o\u017conym na skraju parku stanowego Big Spring. <\/p>\n\n<h2 class=\"wp-block-heading\">Miejsca, kt\u00f3rych nie mo\u017cna przegapi\u0107 na Instagramie<\/h2>\n\n<h3 class=\"wp-block-heading\">Najbardziej fotogeniczne krajobrazy<\/h3>\n\n<p>Punkt widokowy na szlaku Glade Top jest jednym z najpopularniejszych miejsc dla fotograf\u00f3w. Dzi\u0119ki niezak\u0142\u00f3conym widokom na zalesione doliny Ozarks, jest to idealne miejsce do uchwycenia niezapomnianego zachodu s\u0142o\u0144ca. <\/p>\n\n<p>Kolejnym miejscem, kt\u00f3re trzeba zobaczy\u0107, s\u0105 ruiny zamku Ha Ha Tonka, oferuj\u0105ce wyj\u0105tkow\u0105 i tajemnicz\u0105 sceneri\u0119 z widokiem na jezioro.<\/p>\n\n<h3 class=\"wp-block-heading\">Najlepsze miejsca na zdj\u0119cia nad wod\u0105<\/h3>\n\n<p>Jezioro Ozarks jest idealnym t\u0142em dla uj\u0119\u0107 nad wod\u0105, szczeg\u00f3lnie z Bridal Cave, malowniczej groty o\u015bwietlonej naturalnym i sztucznym \u015bwiat\u0142em.<\/p>\n\n<h2 class=\"wp-block-heading\">Co mo\u017cna robi\u0107 jako para na Ozarks Scenic Byway?<\/h2>\n\n<h3 class=\"wp-block-heading\">Romantyczne do\u015bwiadczenia<\/h3>\n\n<p>Rejs kolacyjny po jeziorze Ozarks to idealna opcja na romantyczne chwile. Kilka firm oferuje rejsy z wykwintnymi posi\u0142kami i zachodem s\u0142o\u0144ca w tle. <\/p>\n\n<h3 class=\"wp-block-heading\">Zaj\u0119cia pozwalaj\u0105ce na wsp\u00f3lny relaks<\/h3>\n\n<p>Gor\u0105ce \u017ar\u00f3d\u0142a Big Spring to idealne miejsce na relaks po dniu sp\u0119dzonym w drodze. Ciesz si\u0119 chwil\u0105 dobrego samopoczucia w tych naturalnie ciep\u0142ych wodach. <\/p>\n\n<h2 class=\"wp-block-heading\">Co rodzina mo\u017ce robi\u0107 na Ozarks Scenic Byway?<\/h2>\n\n<h3 class=\"wp-block-heading\">Zaj\u0119cia dla m\u0142odszych i starszych<\/h3>\n\n<p><a href=\"https:\/\/www.silverdollarcity.com\/\">Silver Dollar City<\/a>, park rozrywki w Branson, to idealny przystanek dla rodzin. Oferuje on kolejki g\u00f3rskie, interaktywne pokazy i warsztaty rzemie\u015blnicze. <\/p>\n\n<h3 class=\"wp-block-heading\">Odkrycia edukacyjne i przyrodnicze<\/h3>\n\n<p><a href=\"https:\/\/www.monatsci.org\/\">Missouri Institute of Natural Science<\/a> w <a href=\"https:\/\/www.springfieldmo.gov\/\">Springfield<\/a> to fascynuj\u0105ce muzeum ze skamienia\u0142o\u015bciami, klejnotami i interaktywnymi eksponatami na temat historii naturalnej regionu.<br\/><\/p>\n\n<p>Ozarks Scenic Byway to idealne miejsce na wci\u0105gaj\u0105c\u0105 przygod\u0119 w Missouri, niezale\u017cnie od tego, czy podr\u00f3\u017cujesz we dwoje, czy z rodzin\u0105. Dzi\u0119ki dziewiczym parkom narodowym, uroczemu zakwaterowaniu, spektakularnym mo\u017cliwo\u015bciom fotograficznym i mn\u00f3stwu atrakcji dla ka\u017cdego, trasa ta obiecuje niezapomniane wra\u017cenia. Zaplanuj tras\u0119, zarezerwuj zakwaterowanie i wyrusz na odkrywanie wspania\u0142ych krajobraz\u00f3w Ozarks!  <\/p>\n","protected":false},"excerpt":{"rendered":"<p>Ozarks Scenic Byway road trip: kompletny przewodnik Ozarks Scenic Byway to malownicza trasa przez serce Missouri, przemierzaj\u0105ca zapieraj\u0105ce dech w piersiach krajobrazy g\u00f3r, las\u00f3w i krystalicznie czystych rzek. Znana z park\u00f3w narodowych, spektakularnych widok\u00f3w i obowi\u0105zkowych przystank\u00f3w, ta ameryka\u0144ska wycieczka jest idealna na wci\u0105gaj\u0105c\u0105 ucieczk\u0119 na \u0142ono natury. Niezale\u017cnie od tego, czy podr\u00f3\u017cujesz jako para, [&hellip;]<\/p>\n","protected":false},"author":1,"featured_media":0,"parent":0,"menu_order":0,"comment_status":"closed","ping_status":"closed","template":"","meta":{"footnotes":""},"class_list":["post-8504","page","type-page","status-publish","hentry"],"yoast_head":"<!-- This site is optimized with the Yoast SEO plugin v27.4 - https:\/\/yoast.com\/product\/yoast-seo-wordpress\/ -->\n<title>Ozarks Scenic Byway (Missouri): Niezb\u0119dna trasa na przygod\u0119 w sercu Ozarksdone - USA B2<\/title>\n<meta name=\"description\" content=\"Odkryj Ozarks Scenic Byway w Missouri: trasa, parki narodowe, zakwaterowanie, miejsca na zdj\u0119cia i atrakcje na udan\u0105 podr\u00f3\u017c!\" \/>\n<meta name=\"robots\" content=\"index, follow, max-snippet:-1, max-image-preview:large, max-video-preview:-1\" \/>\n<link rel=\"canonical\" href=\"https:\/\/usa-b2.com\/pl\/ozarks-scenic-byway-missouri\/\" \/>\n<meta property=\"og:locale\" content=\"pl_PL\" \/>\n<meta property=\"og:type\" content=\"article\" \/>\n<meta property=\"og:title\" content=\"Ozarks Scenic Byway (Missouri): Niezb\u0119dna trasa na przygod\u0119 w sercu Ozarksdone - USA B2\" \/>\n<meta property=\"og:description\" content=\"Odkryj Ozarks Scenic Byway w Missouri: trasa, parki narodowe, zakwaterowanie, miejsca na zdj\u0119cia i atrakcje na udan\u0105 podr\u00f3\u017c!\" \/>\n<meta property=\"og:url\" content=\"https:\/\/usa-b2.com\/pl\/ozarks-scenic-byway-missouri\/\" \/>\n<meta property=\"og:site_name\" content=\"USA B2\" \/>\n<meta property=\"article:modified_time\" content=\"2025-04-10T17:33:35+00:00\" \/>\n<meta property=\"og:image\" content=\"https:\/\/usa-b2.com\/wp-content\/uploads\/2025\/03\/Ozarks-Scenic-Byway-Missouri-USA.jpg\" \/>\n\t<meta property=\"og:image:width\" content=\"900\" \/>\n\t<meta property=\"og:image:height\" content=\"506\" \/>\n\t<meta property=\"og:image:type\" content=\"image\/jpeg\" \/>\n<meta name=\"twitter:card\" content=\"summary_large_image\" \/>\n<meta name=\"twitter:label1\" content=\"Szacowany czas czytania\" \/>\n\t<meta name=\"twitter:data1\" content=\"4 minuty\" \/>\n<script type=\"application\/ld+json\" class=\"yoast-schema-graph\">{\"@context\":\"https:\\\/\\\/schema.org\",\"@graph\":[{\"@type\":\"WebPage\",\"@id\":\"https:\\\/\\\/usa-b2.com\\\/pl\\\/ozarks-scenic-byway-missouri\\\/\",\"url\":\"https:\\\/\\\/usa-b2.com\\\/pl\\\/ozarks-scenic-byway-missouri\\\/\",\"name\":\"Ozarks Scenic Byway (Missouri): Niezb\u0119dna trasa na przygod\u0119 w sercu Ozarksdone - USA B2\",\"isPartOf\":{\"@id\":\"https:\\\/\\\/usa-b2.com\\\/pl\\\/#website\"},\"primaryImageOfPage\":{\"@id\":\"https:\\\/\\\/usa-b2.com\\\/pl\\\/ozarks-scenic-byway-missouri\\\/#primaryimage\"},\"image\":{\"@id\":\"https:\\\/\\\/usa-b2.com\\\/pl\\\/ozarks-scenic-byway-missouri\\\/#primaryimage\"},\"thumbnailUrl\":\"https:\\\/\\\/usa-b2.com\\\/wp-content\\\/uploads\\\/2025\\\/03\\\/Ozarks-Scenic-Byway-Missouri-USA.jpg\",\"datePublished\":\"2025-03-18T12:35:33+00:00\",\"dateModified\":\"2025-04-10T17:33:35+00:00\",\"description\":\"Odkryj Ozarks Scenic Byway w Missouri: trasa, parki narodowe, zakwaterowanie, miejsca na zdj\u0119cia i atrakcje na udan\u0105 podr\u00f3\u017c!\",\"breadcrumb\":{\"@id\":\"https:\\\/\\\/usa-b2.com\\\/pl\\\/ozarks-scenic-byway-missouri\\\/#breadcrumb\"},\"inLanguage\":\"pl-PL\",\"potentialAction\":[{\"@type\":\"ReadAction\",\"target\":[\"https:\\\/\\\/usa-b2.com\\\/pl\\\/ozarks-scenic-byway-missouri\\\/\"]}]},{\"@type\":\"ImageObject\",\"inLanguage\":\"pl-PL\",\"@id\":\"https:\\\/\\\/usa-b2.com\\\/pl\\\/ozarks-scenic-byway-missouri\\\/#primaryimage\",\"url\":\"https:\\\/\\\/usa-b2.com\\\/wp-content\\\/uploads\\\/2025\\\/03\\\/Ozarks-Scenic-Byway-Missouri-USA.jpg\",\"contentUrl\":\"https:\\\/\\\/usa-b2.com\\\/wp-content\\\/uploads\\\/2025\\\/03\\\/Ozarks-Scenic-Byway-Missouri-USA.jpg\"},{\"@type\":\"BreadcrumbList\",\"@id\":\"https:\\\/\\\/usa-b2.com\\\/pl\\\/ozarks-scenic-byway-missouri\\\/#breadcrumb\",\"itemListElement\":[{\"@type\":\"ListItem\",\"position\":1,\"name\":\"Accueil\",\"item\":\"https:\\\/\\\/usa-b2.com\\\/pl\\\/usa\\\/\"},{\"@type\":\"ListItem\",\"position\":2,\"name\":\"Ozarks Scenic Byway (Missouri): Niezb\u0119dna trasa na przygod\u0119 w sercu Ozarksdone\"}]},{\"@type\":\"WebSite\",\"@id\":\"https:\\\/\\\/usa-b2.com\\\/pl\\\/#website\",\"url\":\"https:\\\/\\\/usa-b2.com\\\/pl\\\/\",\"name\":\"USA B2 VISA\",\"description\":\"\",\"potentialAction\":[{\"@type\":\"SearchAction\",\"target\":{\"@type\":\"EntryPoint\",\"urlTemplate\":\"https:\\\/\\\/usa-b2.com\\\/pl\\\/?s={search_term_string}\"},\"query-input\":{\"@type\":\"PropertyValueSpecification\",\"valueRequired\":true,\"valueName\":\"search_term_string\"}}],\"inLanguage\":\"pl-PL\"}]}<\/script>\n<!-- \/ Yoast SEO plugin. -->","yoast_head_json":{"title":"Ozarks Scenic Byway (Missouri): Niezb\u0119dna trasa na przygod\u0119 w sercu Ozarksdone - USA B2","description":"Odkryj Ozarks Scenic Byway w Missouri: trasa, parki narodowe, zakwaterowanie, miejsca na zdj\u0119cia i atrakcje na udan\u0105 podr\u00f3\u017c!","robots":{"index":"index","follow":"follow","max-snippet":"max-snippet:-1","max-image-preview":"max-image-preview:large","max-video-preview":"max-video-preview:-1"},"canonical":"https:\/\/usa-b2.com\/pl\/ozarks-scenic-byway-missouri\/","og_locale":"pl_PL","og_type":"article","og_title":"Ozarks Scenic Byway (Missouri): Niezb\u0119dna trasa na przygod\u0119 w sercu Ozarksdone - USA B2","og_description":"Odkryj Ozarks Scenic Byway w Missouri: trasa, parki narodowe, zakwaterowanie, miejsca na zdj\u0119cia i atrakcje na udan\u0105 podr\u00f3\u017c!","og_url":"https:\/\/usa-b2.com\/pl\/ozarks-scenic-byway-missouri\/","og_site_name":"USA B2","article_modified_time":"2025-04-10T17:33:35+00:00","og_image":[{"width":900,"height":506,"url":"https:\/\/usa-b2.com\/wp-content\/uploads\/2025\/03\/Ozarks-Scenic-Byway-Missouri-USA.jpg","type":"image\/jpeg"}],"twitter_card":"summary_large_image","twitter_misc":{"Szacowany czas czytania":"4 minuty"},"schema":{"@context":"https:\/\/schema.org","@graph":[{"@type":"WebPage","@id":"https:\/\/usa-b2.com\/pl\/ozarks-scenic-byway-missouri\/","url":"https:\/\/usa-b2.com\/pl\/ozarks-scenic-byway-missouri\/","name":"Ozarks Scenic Byway (Missouri): Niezb\u0119dna trasa na przygod\u0119 w sercu Ozarksdone - USA B2","isPartOf":{"@id":"https:\/\/usa-b2.com\/pl\/#website"},"primaryImageOfPage":{"@id":"https:\/\/usa-b2.com\/pl\/ozarks-scenic-byway-missouri\/#primaryimage"},"image":{"@id":"https:\/\/usa-b2.com\/pl\/ozarks-scenic-byway-missouri\/#primaryimage"},"thumbnailUrl":"https:\/\/usa-b2.com\/wp-content\/uploads\/2025\/03\/Ozarks-Scenic-Byway-Missouri-USA.jpg","datePublished":"2025-03-18T12:35:33+00:00","dateModified":"2025-04-10T17:33:35+00:00","description":"Odkryj Ozarks Scenic Byway w Missouri: trasa, parki narodowe, zakwaterowanie, miejsca na zdj\u0119cia i atrakcje na udan\u0105 podr\u00f3\u017c!","breadcrumb":{"@id":"https:\/\/usa-b2.com\/pl\/ozarks-scenic-byway-missouri\/#breadcrumb"},"inLanguage":"pl-PL","potentialAction":[{"@type":"ReadAction","target":["https:\/\/usa-b2.com\/pl\/ozarks-scenic-byway-missouri\/"]}]},{"@type":"ImageObject","inLanguage":"pl-PL","@id":"https:\/\/usa-b2.com\/pl\/ozarks-scenic-byway-missouri\/#primaryimage","url":"https:\/\/usa-b2.com\/wp-content\/uploads\/2025\/03\/Ozarks-Scenic-Byway-Missouri-USA.jpg","contentUrl":"https:\/\/usa-b2.com\/wp-content\/uploads\/2025\/03\/Ozarks-Scenic-Byway-Missouri-USA.jpg"},{"@type":"BreadcrumbList","@id":"https:\/\/usa-b2.com\/pl\/ozarks-scenic-byway-missouri\/#breadcrumb","itemListElement":[{"@type":"ListItem","position":1,"name":"Accueil","item":"https:\/\/usa-b2.com\/pl\/usa\/"},{"@type":"ListItem","position":2,"name":"Ozarks Scenic Byway (Missouri): Niezb\u0119dna trasa na przygod\u0119 w sercu Ozarksdone"}]},{"@type":"WebSite","@id":"https:\/\/usa-b2.com\/pl\/#website","url":"https:\/\/usa-b2.com\/pl\/","name":"USA B2 VISA","description":"","potentialAction":[{"@type":"SearchAction","target":{"@type":"EntryPoint","urlTemplate":"https:\/\/usa-b2.com\/pl\/?s={search_term_string}"},"query-input":{"@type":"PropertyValueSpecification","valueRequired":true,"valueName":"search_term_string"}}],"inLanguage":"pl-PL"}]}},"_links":{"self":[{"href":"https:\/\/usa-b2.com\/pl\/wp-json\/wp\/v2\/pages\/8504","targetHints":{"allow":["GET"]}}],"collection":[{"href":"https:\/\/usa-b2.com\/pl\/wp-json\/wp\/v2\/pages"}],"about":[{"href":"https:\/\/usa-b2.com\/pl\/wp-json\/wp\/v2\/types\/page"}],"author":[{"embeddable":true,"href":"https:\/\/usa-b2.com\/pl\/wp-json\/wp\/v2\/users\/1"}],"replies":[{"embeddable":true,"href":"https:\/\/usa-b2.com\/pl\/wp-json\/wp\/v2\/comments?post=8504"}],"version-history":[{"count":0,"href":"https:\/\/usa-b2.com\/pl\/wp-json\/wp\/v2\/pages\/8504\/revisions"}],"wp:attachment":[{"href":"https:\/\/usa-b2.com\/pl\/wp-json\/wp\/v2\/media?parent=8504"}],"curies":[{"name":"wp","href":"https:\/\/api.w.org\/{rel}","templated":true}]}}