{"id":8229,"date":"2025-03-17T13:14:29","date_gmt":"2025-03-17T13:14:29","guid":{"rendered":"https:\/\/usa-b2.com\/podroz-poludniowy-zachod-stany-stany\/"},"modified":"2025-11-04T11:34:28","modified_gmt":"2025-11-04T11:34:28","slug":"podroz-poludniowy-zachod-stany-stany","status":"publish","type":"page","link":"https:\/\/usa-b2.com\/pl\/podroz-poludniowy-zachod-stany-stany\/","title":{"rendered":"Podr\u00f3\u017c po po\u0142udniowo-zachodniej cz\u0119\u015bci Stan\u00f3w Zjednoczonych"},"content":{"rendered":"\n<h1 class=\"wp-block-heading\">Po\u0142udniowo-zachodnie Stany Zjednoczone samochodem: przewodnik po idealnej wycieczce samochodowej<\/h1>\n\n<h2 class=\"wp-block-heading\">Plan podr\u00f3\u017cy Grand Circle Road Trip  <\/h2>\n\n<figure class=\"wp-block-image size-large\"><img fetchpriority=\"high\" decoding=\"async\" width=\"1024\" height=\"576\" src=\"https:\/\/usa-b2.com\/wp-content\/uploads\/2025\/03\/Grand-circle-road-trip-1024x576.jpg\" alt=\"\" class=\"wp-image-8187\" srcset=\"https:\/\/usa-b2.com\/wp-content\/uploads\/2025\/03\/Grand-circle-road-trip-1024x576.jpg 1024w, https:\/\/usa-b2.com\/wp-content\/uploads\/2025\/03\/Grand-circle-road-trip-300x169.jpg 300w, https:\/\/usa-b2.com\/wp-content\/uploads\/2025\/03\/Grand-circle-road-trip-768x432.jpg 768w, https:\/\/usa-b2.com\/wp-content\/uploads\/2025\/03\/Grand-circle-road-trip.jpg 1280w\" sizes=\"(max-width: 1024px) 100vw, 1024px\" \/><\/figure>\n\n<h3 class=\"wp-block-heading\">Wylot i pierwszy etap: Las Vegas<\/h3>\n\n<p><a href=\"https:\/\/www.lasvegasnevada.gov\/\">Las Vegas<\/a> to idealna baza wypadowa na wycieczk\u0119 po po\u0142udniowo-zachodniej cz\u0119\u015bci Stan\u00f3w Zjednoczonych. Mi\u0119dzynarodowe lotnisko obs\u0142uguje du\u017c\u0105 liczb\u0119 lot\u00f3w i oferuje szeroki wyb\u00f3r wypo\u017cyczalni samochod\u00f3w. Przed wyruszeniem w drog\u0119 warto sp\u0119dzi\u0107 wiecz\u00f3r na zwiedzaniu Strip, legendarnych kasyn hotelowych, takich jak <a href=\"https:\/\/bellagio.mgmresorts.com\/en.html\">Bellagio<\/a> i jego s\u0142ynny pokaz fontann, lub <a href=\"https:\/\/vegasexperience.com\/\">Fremont Street<\/a> Experience, aby zanurzy\u0107 si\u0119 w atmosferze Vegas.<\/p>\n\n<p>Nast\u0119pnego dnia udaj si\u0119 do <a href=\"https:\/\/www.grandcanyon.org\/experience-grand-canyon\">Wielkiego Kanionu<\/a> <a href=\"https:\/\/usa-b2.com\/pl\/route-66-the-mother-road\/\">drog\u0105 66<\/a>, przeje\u017cd\u017caj\u0105c przez Seligman, kultowe miasto na przerw\u0119 i typowego burgera.<\/p>\n\n<h3 class=\"wp-block-heading\">Wielki Kanion i Dolina Monument\u00f3w (dni 2-4)<\/h3>\n\n<p>Wielki Kanion jest jednym z najcz\u0119\u015bciej odwiedzanych naturalnych miejsc na \u015bwiecie. Aby uzyska\u0107 najlepsze wra\u017cenia, wybierz South Rim, kt\u00f3ry oferuje niesamowite widoki na kanion. W\u015br\u00f3d najlepszych miejsc:  <\/p>\n\n<ul class=\"wp-block-list\">\n<li><strong>Mather Point<\/strong>: idealne miejsce na spektakularny wsch\u00f3d s\u0142o\u0144ca.<\/li>\n\n\n\n<li><strong>Desert View Watchtower<\/strong>: Wie\u017ca obserwacyjna oferuj\u0105ca panoramiczne widoki.<\/li>\n<\/ul>\n\n<p>Po zwiedzeniu kanionu udaj si\u0119 do <a href=\"https:\/\/horseshoebend.co\/\">Horseshoe Bend<\/a>, spektakularnej p\u0119tli Kolorado. Wreszcie, <a href=\"https:\/\/navajonationparks.org\/navajo-tribal-parks\/monument-valley\/\">Monument Valley<\/a> zabierze Ci\u0119 z powrotem do scenerii legendarnych western\u00f3w, z wycieczk\u0105 4&#215;4 prowadzon\u0105 przez <a href=\"https:\/\/www.navajo-nsn.gov\/\">Navajos<\/a>.<\/p>\n\n<h3 class=\"wp-block-heading\">Kanion Antylopy i Kanion Bryce (dni 5-7)<\/h3>\n\n<p><a href=\"https:\/\/www.antelopecanyontickets.com\/\">Kanion Antylopy<\/a> to kanion wyrze\u017abiony przez wod\u0119, s\u0142yn\u0105cy z magicznej gry \u015bwiate\u0142. Dost\u0119pne tylko z przewodnikiem, miejsce to jest obowi\u0105zkowe dla fotograf\u00f3w. <\/p>\n\n<p>Nast\u0119pnie udaj si\u0119 do <a href=\"https:\/\/www.nps.gov\/brca\/index.htm\">Bryce Canyon<\/a>, gdzie hoodoos (bajkowe kominy) tworz\u0105 t\u0142o godne innego \u015bwiata. Aby ca\u0142kowicie zanurzy\u0107 si\u0119 w kanionie, szlak <a href=\"https:\/\/navajonationparks.org\/navajo-tribal-parks\/monument-valley\/\">Navajo Loop<\/a> pozwala odkrywa\u0107 formacje skalne z wn\u0119trza kanionu.<\/p>\n\n<h3 class=\"wp-block-heading\">Park Narodowy Zion i powr\u00f3t do Las Vegas (dni 8-10)<\/h3>\n\n<p><a href=\"https:\/\/zionnationalpark.com\/\">Park Narodowy Zion<\/a> to raj dla mi\u0142o\u015bnik\u00f3w pieszych w\u0119dr\u00f3wek. Jeden z najpopularniejszych szlak\u00f3w, <a href=\"https:\/\/www.angelslandingdtla.com\/\">Angels Landing<\/a>, oferuje zapieraj\u0105ce dech w piersiach panoramiczne widoki. W przypadku bardziej dost\u0119pnej w\u0119dr\u00f3wki, The Narrows pozwala na spacer po rzece w samym sercu kanionu.<\/p>\n\n<p>Wreszcie wr\u00f3cili\u015bmy do Las Vegas na ostatni\u0105 t\u0119tni\u0105c\u0105 \u017cyciem noc przed ko\u0144cem podr\u00f3\u017cy.<\/p>\n\n<h2 class=\"wp-block-heading\">Parki narodowe i kultowe krajobrazy do odkrycia<\/h2>\n\n<h3 class=\"wp-block-heading\">Parki, kt\u00f3rych nie mo\u017cna przegapi\u0107<\/h3>\n\n<p>Parki narodowe Wielkiego Kr\u0119gu nale\u017c\u0105 do najpi\u0119kniejszych w Stanach Zjednoczonych. Wielki Kanion zachwyca swoim ogromem, podczas gdy Bryce Canyon i jego formacje skalne stanowi\u0105 magiczne t\u0142o. W <a href=\"https:\/\/www.recreation.gov\/timed-entry\/10088426\">Parku Narodowym Arches<\/a> odwiedzaj\u0105cy mog\u0105 podziwia\u0107 ponad 2000 naturalnych \u0142uk\u00f3w, w tym <a href=\"https:\/\/delicatearchfilm.com\/\">Delicate Arch<\/a>, symbol stanu Utah.  <\/p>\n\n<p>Tymczasem Zion to idealne po\u0142\u0105czenie wysokich klif\u00f3w i kr\u0119tych rzek. Inny mniej znany klejnot, Canyonlands, oferuje ksi\u0119\u017cycowe krajobrazy oraz absolutn\u0105 cisz\u0119 i spok\u00f3j. <\/p>\n\n<h3 class=\"wp-block-heading\">Obowi\u0105zkowe miejsca postoju<\/h3>\n\n<p>Na trasie podr\u00f3\u017cy znajduje si\u0119 kilka interesuj\u0105cych miejsc, w kt\u00f3rych warto si\u0119 zatrzyma\u0107:<\/p>\n\n<ul class=\"wp-block-list\">\n<li>Horseshoe Bend: Widok 270\u00b0 na rzek\u0119 Kolorado.<\/li>\n\n\n\n<li>Skamienia\u0142y las: Wyj\u0105tkowa sceneria, w kt\u00f3rej skamienia\u0142e drzewa pochodz\u0105 sprzed 200 milion\u00f3w lat.<\/li>\n\n\n\n<li>Goosenecks State Park: Spektakularny kanion ukszta\u0142towany przez rzek\u0119 San Juan.<\/li>\n<\/ul>\n\n<h2 class=\"wp-block-heading\">Gdzie spa\u0107? Polecane hotele i miasta <\/h2>\n\n<h3 class=\"wp-block-heading\">Miasta, w kt\u00f3rych warto si\u0119 zatrzyma\u0107<\/h3>\n\n<p>Wyb\u00f3r miast, w kt\u00f3rych si\u0119 zatrzymasz, wp\u0142ywa na komfort podr\u00f3\u017cy. Las Vegas jest idealne do \u0142atwego przyjazdu i wyjazdu. Page jest idealnym przystankiem do odwiedzenia Horseshoe Bend i Antelope Canyon. Moab, ze swoim zapleczem turystycznym, jest idealne do zwiedzania Arches i Canyonlands. Wreszcie, Zion i Bryce Canyon oferuj\u0105 zakwaterowanie w ca\u0142kowitym zanurzeniu w naturze.    <\/p>\n\n<h3 class=\"wp-block-heading\">Najlepsze hotele i opcje<\/h3>\n\n<p>Oto kilka rekomendacji dostosowanych do Twojego bud\u017cetu:<\/p>\n\n<figure class=\"wp-block-table\"><table class=\"has-fixed-layout\"><tbody><tr><td><strong>Lokalizacja<\/strong><\/td><td><strong>Polecany hotel<\/strong><\/td><td><strong>Bud\u017cet<\/strong><\/td><\/tr><tr><td>Las Vegas<\/td><td><a href=\"https:\/\/www.venetianlasvegas.com\/\">The Venetian<\/a><\/td><td>$$$<\/td><\/tr><tr><td>Wielki Kanion<\/td><td><a href=\"https:\/\/www.visitgrandcanyon.com\/yavapai-lodge\">Yavapai Lodge<\/a><\/td><td>$$<\/td><\/tr><tr><td>Kanion Bryce<\/td><td><a href=\"https:\/\/www.bestwestern.com\/en_US\/book\/hotel-rooms.45040.html\">Best Western Ruby&#8217;s Inn<\/a><\/td><td>$$<\/td><\/tr><tr><td>Moab<\/td><td><a href=\"https:\/\/www.hilton.com\/en\/hotels\/cnycuqq-hoodoo-moab\/\">Hoodoo Moab by Hilton<\/a><\/td><td>$$$<\/td><\/tr><tr><td>Syjon<\/td><td><a href=\"https:\/\/www.zionlodge.com\/\">Zion Lodge<\/a><\/td><td>$$$<\/td><\/tr><\/tbody><\/table><\/figure>\n\n<h2 class=\"wp-block-heading\">Wcze\u015bniejsze formalno\u015bci administracyjne<\/h2>\n\n<p>Zanim odwiedzisz po\u0142udniowo-zachodni\u0105 cz\u0119\u015b\u0107 Stan\u00f3w Zjednoczonych samochodem, musisz przewidzie\u0107 formalno\u015bci zwi\u0105zane z podr\u00f3\u017c\u0105. Nale\u017cy sprawdzi\u0107, czy : <\/p>\n\n<ul class=\"wp-block-list\">\n<li>Jej <a href=\"https:\/\/usa-b2.com\/pl\/podroz-paszportowa-usa\/\">paszport jest wa\u017cny na podr\u00f3\u017c do USA<\/a>.<\/li>\n\n\n\n<li>Mo\u017cesz uzyska\u0107 <a href=\"https:\/\/usa-b2.com\/pl\/czym-jest-esta\/\">zezwolenie na podr\u00f3\u017c ESTA<\/a> w ramach <a href=\"https:\/\/usa-b2.com\/pl\/program-zniesienia-wizy\/\">programu bezwizowego<\/a>. W przeciwnym razie konieczne b\u0119dzie uzyskanie <a href=\"https:\/\/usa-b2.com\/pl\/wiza-b2\/\">wizy turystycznej B2<\/a>. <\/li>\n<\/ul>\n\n<div style=\"height:10px\" aria-hidden=\"true\" class=\"wp-block-spacer\"><\/div>\n\n<h2 class=\"wp-block-heading\">  Najbardziej popularne miejsca na Instagramie<\/h2>\n\n<h3 class=\"wp-block-heading\">Kultowe naturalne krajobrazy<\/h3>\n\n<p>Niekt\u00f3re z miejsc na Grand Circle to prawdziwe fotograficzne pere\u0142ki. Horseshoe Bend jest prawdopodobnie najbardziej znanym miejscem, z widokiem na Kolorado. Kanion Antylopy, z formacjami wyrze\u017abionymi przez wiatr i wod\u0119, oferuje magiczn\u0105 gr\u0119 \u015bwiat\u0142a idealn\u0105 na Instagram.  <\/p>\n\n<h3 class=\"wp-block-heading\">Magiczne zachody s\u0142o\u0144ca<\/h3>\n\n<p>Zach\u00f3d s\u0142o\u0144ca zmienia krajobraz i tworzy spektakularne uj\u0119cia. W\u015br\u00f3d najlepszych miejsc: <\/p>\n\n<ul class=\"wp-block-list\">\n<li><strong>Wielki Kanion (Yavapai Point)<\/strong>: Niesamowite kolory na klifach.<\/li>\n\n\n\n<li><strong>Monument Valley<\/strong>: Cie\u0144 s\u0142ynnych czerwonych wzg\u00f3rz rozci\u0105ga si\u0119 jak okiem si\u0119gn\u0105\u0107.<\/li>\n<\/ul>\n\n<h2 class=\"wp-block-heading\">Rzeczy do zrobienia we dwoje<\/h2>\n\n<h3 class=\"wp-block-heading\">Romantyczne do\u015bwiadczenia<\/h3>\n\n<p>Podr\u00f3\u017cowanie we dwoje pozwala prze\u017cy\u0107 magiczne chwile w niesamowitych krajobrazach. Przeja\u017cd\u017cka konna w Monument Valley o zachodzie s\u0142o\u0144ca to niezapomniane prze\u017cycie. Dla poszukiwaczy mocnych wra\u017ce\u0144, lot helikopterem nad Wielkim Kanionem oferuje wyj\u0105tkowy widok na w\u0105w\u00f3z.  <\/p>\n\n<h3 class=\"wp-block-heading\">Spanie na \u015bwie\u017cym powietrzu<\/h3>\n\n<p>Sp\u0119dzenie nocy w dziczy dodaje podr\u00f3\u017cy romantycznego charakteru. W Zion biwakowanie pod nieskazitelnym rozgwie\u017cd\u017conym niebem jest idealn\u0105 opcj\u0105. Aby uzyska\u0107 bardziej artystyczne wra\u017cenia, spanie w Airstream w Joshua Tree oferuje spokojn\u0105 i intymn\u0105 atmosfer\u0119.  <\/p>\n\n<h2 class=\"wp-block-heading\">Aktywno\u015bci na rodzinn\u0105 wycieczk\u0119 samochodow\u0105<\/h2>\n\n<h3 class=\"wp-block-heading\">Zabawne do\u015bwiadczenia<\/h3>\n\n<p>Aby uczyni\u0107 wycieczk\u0119 ekscytuj\u0105c\u0105 dla dzieci, wiele atrakcji jest idealnych. W <a href=\"https:\/\/moabcity.org\/\">Moab<\/a>, muzeum dinozaur\u00f3w prezentuje prehistoryczne skamienia\u0142o\u015bci i odciski st\u00f3p. W Bryce Canyon szlak Navajo Loop jest dost\u0119pny dla rodzin i oferuje wyj\u0105tkowy spektakl przyrodniczy.  <\/p>\n\n<h3 class=\"wp-block-heading\">Gdzie zje\u015b\u0107 z rodzin\u0105?<\/h3>\n\n<p>Przerwy na posi\u0142ki s\u0105 niezb\u0119dne podczas podr\u00f3\u017cy. Oto kilka adres\u00f3w, kt\u00f3re s\u0105 idealne dla rodzin: <\/p>\n\n<ul class=\"wp-block-list\">\n<li><a href=\"https:\/\/www.thunderbirdutah.com\/\">Restauracja Thunderbird (Utah)<\/a>: autentyczna ameryka\u0144ska restauracja z domowymi ciastami.<\/li>\n\n\n\n<li><a href=\"https:\/\/www.bigtexan.com\/\">Big Texan Steak Ranch<\/a> (Route 66): Zachodnia atmosfera ze specjalnym menu dla dzieci.<\/li>\n<\/ul>\n\n<p>Grand Circle Road Trip to legendarna przygoda i jeden z najlepszych <a href=\"https:\/\/usa-b2.com\/pl\/\">ameryka\u0144skich roadtrip\u00f3w<\/a>. Niezale\u017cnie od tego, czy podr\u00f3\u017cujesz jako para, czy jako rodzina, ka\u017cdy dzie\u0144 ma sw\u00f3j udzia\u0142 w dokonywaniu odkry\u0107. Dobrze zaplanuj tras\u0119, starannie wybierz hotele i miej oczy szeroko otwarte: to podr\u00f3\u017c, kt\u00f3rej nigdy nie zapomnisz!  <\/p>\n","protected":false},"excerpt":{"rendered":"<p>Po\u0142udniowo-zachodnie Stany Zjednoczone samochodem: przewodnik po idealnej wycieczce samochodowej Plan podr\u00f3\u017cy Grand Circle Road Trip Wylot i pierwszy etap: Las Vegas Las Vegas to idealna baza wypadowa na wycieczk\u0119 po po\u0142udniowo-zachodniej cz\u0119\u015bci Stan\u00f3w Zjednoczonych. Mi\u0119dzynarodowe lotnisko obs\u0142uguje du\u017c\u0105 liczb\u0119 lot\u00f3w i oferuje szeroki wyb\u00f3r wypo\u017cyczalni samochod\u00f3w. Przed wyruszeniem w drog\u0119 warto sp\u0119dzi\u0107 wiecz\u00f3r na zwiedzaniu [&hellip;]<\/p>\n","protected":false},"author":1,"featured_media":0,"parent":0,"menu_order":0,"comment_status":"closed","ping_status":"closed","template":"","meta":{"footnotes":""},"class_list":["post-8229","page","type-page","status-publish","hentry"],"yoast_head":"<!-- This site is optimized with the Yoast SEO plugin v27.4 - https:\/\/yoast.com\/product\/yoast-seo-wordpress\/ -->\n<title>Podr\u00f3\u017c po po\u0142udniowo-zachodniej cz\u0119\u015bci Stan\u00f3w Zjednoczonych - USA B2<\/title>\n<meta name=\"description\" content=\"Odkryj Grand Circle Road Trip: trasa, parki narodowe, hotele i miejsca na zdj\u0119cia podczas podr\u00f3\u017cy do po\u0142udniowo-zachodniej cz\u0119\u015bci Stan\u00f3w Zjednoczonych!\" \/>\n<meta name=\"robots\" content=\"index, follow, max-snippet:-1, max-image-preview:large, max-video-preview:-1\" \/>\n<link rel=\"canonical\" href=\"https:\/\/usa-b2.com\/pl\/podroz-poludniowy-zachod-stany-stany\/\" \/>\n<meta property=\"og:locale\" content=\"pl_PL\" \/>\n<meta property=\"og:type\" content=\"article\" \/>\n<meta property=\"og:title\" content=\"Podr\u00f3\u017c po po\u0142udniowo-zachodniej cz\u0119\u015bci Stan\u00f3w Zjednoczonych - USA B2\" \/>\n<meta property=\"og:description\" content=\"Odkryj Grand Circle Road Trip: trasa, parki narodowe, hotele i miejsca na zdj\u0119cia podczas podr\u00f3\u017cy do po\u0142udniowo-zachodniej cz\u0119\u015bci Stan\u00f3w Zjednoczonych!\" \/>\n<meta property=\"og:url\" content=\"https:\/\/usa-b2.com\/pl\/podroz-poludniowy-zachod-stany-stany\/\" \/>\n<meta property=\"og:site_name\" content=\"USA B2\" \/>\n<meta property=\"article:modified_time\" content=\"2025-11-04T11:34:28+00:00\" \/>\n<meta property=\"og:image\" content=\"https:\/\/usa-b2.com\/wp-content\/uploads\/2025\/03\/Grand-circle-road-trip.jpg\" \/>\n\t<meta property=\"og:image:width\" content=\"1280\" \/>\n\t<meta property=\"og:image:height\" content=\"720\" \/>\n\t<meta property=\"og:image:type\" content=\"image\/jpeg\" \/>\n<meta name=\"twitter:card\" content=\"summary_large_image\" \/>\n<meta name=\"twitter:label1\" content=\"Szacowany czas czytania\" \/>\n\t<meta name=\"twitter:data1\" content=\"5 minut\" \/>\n<script type=\"application\/ld+json\" class=\"yoast-schema-graph\">{\"@context\":\"https:\\\/\\\/schema.org\",\"@graph\":[{\"@type\":\"WebPage\",\"@id\":\"https:\\\/\\\/usa-b2.com\\\/pl\\\/podroz-poludniowy-zachod-stany-stany\\\/\",\"url\":\"https:\\\/\\\/usa-b2.com\\\/pl\\\/podroz-poludniowy-zachod-stany-stany\\\/\",\"name\":\"Podr\u00f3\u017c po po\u0142udniowo-zachodniej cz\u0119\u015bci Stan\u00f3w Zjednoczonych - USA B2\",\"isPartOf\":{\"@id\":\"https:\\\/\\\/usa-b2.com\\\/pl\\\/#website\"},\"primaryImageOfPage\":{\"@id\":\"https:\\\/\\\/usa-b2.com\\\/pl\\\/podroz-poludniowy-zachod-stany-stany\\\/#primaryimage\"},\"image\":{\"@id\":\"https:\\\/\\\/usa-b2.com\\\/pl\\\/podroz-poludniowy-zachod-stany-stany\\\/#primaryimage\"},\"thumbnailUrl\":\"https:\\\/\\\/usa-b2.com\\\/wp-content\\\/uploads\\\/2025\\\/03\\\/Grand-circle-road-trip-1024x576.jpg\",\"datePublished\":\"2025-03-17T13:14:29+00:00\",\"dateModified\":\"2025-11-04T11:34:28+00:00\",\"description\":\"Odkryj Grand Circle Road Trip: trasa, parki narodowe, hotele i miejsca na zdj\u0119cia podczas podr\u00f3\u017cy do po\u0142udniowo-zachodniej cz\u0119\u015bci Stan\u00f3w Zjednoczonych!\",\"breadcrumb\":{\"@id\":\"https:\\\/\\\/usa-b2.com\\\/pl\\\/podroz-poludniowy-zachod-stany-stany\\\/#breadcrumb\"},\"inLanguage\":\"pl-PL\",\"potentialAction\":[{\"@type\":\"ReadAction\",\"target\":[\"https:\\\/\\\/usa-b2.com\\\/pl\\\/podroz-poludniowy-zachod-stany-stany\\\/\"]}]},{\"@type\":\"ImageObject\",\"inLanguage\":\"pl-PL\",\"@id\":\"https:\\\/\\\/usa-b2.com\\\/pl\\\/podroz-poludniowy-zachod-stany-stany\\\/#primaryimage\",\"url\":\"https:\\\/\\\/usa-b2.com\\\/wp-content\\\/uploads\\\/2025\\\/03\\\/Grand-circle-road-trip-1024x576.jpg\",\"contentUrl\":\"https:\\\/\\\/usa-b2.com\\\/wp-content\\\/uploads\\\/2025\\\/03\\\/Grand-circle-road-trip-1024x576.jpg\"},{\"@type\":\"BreadcrumbList\",\"@id\":\"https:\\\/\\\/usa-b2.com\\\/pl\\\/podroz-poludniowy-zachod-stany-stany\\\/#breadcrumb\",\"itemListElement\":[{\"@type\":\"ListItem\",\"position\":1,\"name\":\"Accueil\",\"item\":\"https:\\\/\\\/usa-b2.com\\\/pl\\\/usa\\\/\"},{\"@type\":\"ListItem\",\"position\":2,\"name\":\"Podr\u00f3\u017c po po\u0142udniowo-zachodniej cz\u0119\u015bci Stan\u00f3w Zjednoczonych\"}]},{\"@type\":\"WebSite\",\"@id\":\"https:\\\/\\\/usa-b2.com\\\/pl\\\/#website\",\"url\":\"https:\\\/\\\/usa-b2.com\\\/pl\\\/\",\"name\":\"USA B2 VISA\",\"description\":\"\",\"potentialAction\":[{\"@type\":\"SearchAction\",\"target\":{\"@type\":\"EntryPoint\",\"urlTemplate\":\"https:\\\/\\\/usa-b2.com\\\/pl\\\/?s={search_term_string}\"},\"query-input\":{\"@type\":\"PropertyValueSpecification\",\"valueRequired\":true,\"valueName\":\"search_term_string\"}}],\"inLanguage\":\"pl-PL\"}]}<\/script>\n<!-- \/ Yoast SEO plugin. -->","yoast_head_json":{"title":"Podr\u00f3\u017c po po\u0142udniowo-zachodniej cz\u0119\u015bci Stan\u00f3w Zjednoczonych - USA B2","description":"Odkryj Grand Circle Road Trip: trasa, parki narodowe, hotele i miejsca na zdj\u0119cia podczas podr\u00f3\u017cy do po\u0142udniowo-zachodniej cz\u0119\u015bci Stan\u00f3w Zjednoczonych!","robots":{"index":"index","follow":"follow","max-snippet":"max-snippet:-1","max-image-preview":"max-image-preview:large","max-video-preview":"max-video-preview:-1"},"canonical":"https:\/\/usa-b2.com\/pl\/podroz-poludniowy-zachod-stany-stany\/","og_locale":"pl_PL","og_type":"article","og_title":"Podr\u00f3\u017c po po\u0142udniowo-zachodniej cz\u0119\u015bci Stan\u00f3w Zjednoczonych - USA B2","og_description":"Odkryj Grand Circle Road Trip: trasa, parki narodowe, hotele i miejsca na zdj\u0119cia podczas podr\u00f3\u017cy do po\u0142udniowo-zachodniej cz\u0119\u015bci Stan\u00f3w Zjednoczonych!","og_url":"https:\/\/usa-b2.com\/pl\/podroz-poludniowy-zachod-stany-stany\/","og_site_name":"USA B2","article_modified_time":"2025-11-04T11:34:28+00:00","og_image":[{"width":1280,"height":720,"url":"https:\/\/usa-b2.com\/wp-content\/uploads\/2025\/03\/Grand-circle-road-trip.jpg","type":"image\/jpeg"}],"twitter_card":"summary_large_image","twitter_misc":{"Szacowany czas czytania":"5 minut"},"schema":{"@context":"https:\/\/schema.org","@graph":[{"@type":"WebPage","@id":"https:\/\/usa-b2.com\/pl\/podroz-poludniowy-zachod-stany-stany\/","url":"https:\/\/usa-b2.com\/pl\/podroz-poludniowy-zachod-stany-stany\/","name":"Podr\u00f3\u017c po po\u0142udniowo-zachodniej cz\u0119\u015bci Stan\u00f3w Zjednoczonych - USA B2","isPartOf":{"@id":"https:\/\/usa-b2.com\/pl\/#website"},"primaryImageOfPage":{"@id":"https:\/\/usa-b2.com\/pl\/podroz-poludniowy-zachod-stany-stany\/#primaryimage"},"image":{"@id":"https:\/\/usa-b2.com\/pl\/podroz-poludniowy-zachod-stany-stany\/#primaryimage"},"thumbnailUrl":"https:\/\/usa-b2.com\/wp-content\/uploads\/2025\/03\/Grand-circle-road-trip-1024x576.jpg","datePublished":"2025-03-17T13:14:29+00:00","dateModified":"2025-11-04T11:34:28+00:00","description":"Odkryj Grand Circle Road Trip: trasa, parki narodowe, hotele i miejsca na zdj\u0119cia podczas podr\u00f3\u017cy do po\u0142udniowo-zachodniej cz\u0119\u015bci Stan\u00f3w Zjednoczonych!","breadcrumb":{"@id":"https:\/\/usa-b2.com\/pl\/podroz-poludniowy-zachod-stany-stany\/#breadcrumb"},"inLanguage":"pl-PL","potentialAction":[{"@type":"ReadAction","target":["https:\/\/usa-b2.com\/pl\/podroz-poludniowy-zachod-stany-stany\/"]}]},{"@type":"ImageObject","inLanguage":"pl-PL","@id":"https:\/\/usa-b2.com\/pl\/podroz-poludniowy-zachod-stany-stany\/#primaryimage","url":"https:\/\/usa-b2.com\/wp-content\/uploads\/2025\/03\/Grand-circle-road-trip-1024x576.jpg","contentUrl":"https:\/\/usa-b2.com\/wp-content\/uploads\/2025\/03\/Grand-circle-road-trip-1024x576.jpg"},{"@type":"BreadcrumbList","@id":"https:\/\/usa-b2.com\/pl\/podroz-poludniowy-zachod-stany-stany\/#breadcrumb","itemListElement":[{"@type":"ListItem","position":1,"name":"Accueil","item":"https:\/\/usa-b2.com\/pl\/usa\/"},{"@type":"ListItem","position":2,"name":"Podr\u00f3\u017c po po\u0142udniowo-zachodniej cz\u0119\u015bci Stan\u00f3w Zjednoczonych"}]},{"@type":"WebSite","@id":"https:\/\/usa-b2.com\/pl\/#website","url":"https:\/\/usa-b2.com\/pl\/","name":"USA B2 VISA","description":"","potentialAction":[{"@type":"SearchAction","target":{"@type":"EntryPoint","urlTemplate":"https:\/\/usa-b2.com\/pl\/?s={search_term_string}"},"query-input":{"@type":"PropertyValueSpecification","valueRequired":true,"valueName":"search_term_string"}}],"inLanguage":"pl-PL"}]}},"_links":{"self":[{"href":"https:\/\/usa-b2.com\/pl\/wp-json\/wp\/v2\/pages\/8229","targetHints":{"allow":["GET"]}}],"collection":[{"href":"https:\/\/usa-b2.com\/pl\/wp-json\/wp\/v2\/pages"}],"about":[{"href":"https:\/\/usa-b2.com\/pl\/wp-json\/wp\/v2\/types\/page"}],"author":[{"embeddable":true,"href":"https:\/\/usa-b2.com\/pl\/wp-json\/wp\/v2\/users\/1"}],"replies":[{"embeddable":true,"href":"https:\/\/usa-b2.com\/pl\/wp-json\/wp\/v2\/comments?post=8229"}],"version-history":[{"count":2,"href":"https:\/\/usa-b2.com\/pl\/wp-json\/wp\/v2\/pages\/8229\/revisions"}],"predecessor-version":[{"id":10817,"href":"https:\/\/usa-b2.com\/pl\/wp-json\/wp\/v2\/pages\/8229\/revisions\/10817"}],"wp:attachment":[{"href":"https:\/\/usa-b2.com\/pl\/wp-json\/wp\/v2\/media?parent=8229"}],"curies":[{"name":"wp","href":"https:\/\/api.w.org\/{rel}","templated":true}]}}