{"id":7876,"date":"2025-03-17T13:11:22","date_gmt":"2025-03-17T13:11:22","guid":{"rendered":"https:\/\/usa-b2.com\/deep-south-music-tour\/"},"modified":"2025-06-05T10:15:15","modified_gmt":"2025-06-05T10:15:15","slug":"deep-south-music-tour","status":"publish","type":"page","link":"https:\/\/usa-b2.com\/pl\/deep-south-music-tour\/","title":{"rendered":"Roadtrip na G\u0142\u0119bokim Po\u0142udniu: plan podr\u00f3\u017cy, najwa\u017cniejsze przystanki i obowi\u0105zkowe atrakcje"},"content":{"rendered":"\n<h1 class=\"wp-block-heading\">G\u0142\u0119bokie Po\u0142udnie samochodem: przewodnik po idealnej wycieczce samochodowej<\/h1>\n\n<p><a href=\"https:\/\/www.deep-south-usa.com\/alabama\/fly-drives\/music-tour\">G\u0142\u0119bokie Po\u0142udnie<\/a> Stan\u00f3w Zjednoczonych to region przesi\u0105kni\u0119ty histori\u0105, kultur\u0105 i muzyk\u0105. Ta wycieczka objazdowa zabierze Ci\u0119 do serca korzeni bluesa, jazzu i muzyki country, przez legendarne krajobrazy i kultowe miasta, takie jak <a href=\"https:\/\/www.nashville.com\/\">Nashville<\/a>, <a href=\"https:\/\/www.memphistravel.com\/\">Memphis<\/a> i <a href=\"https:\/\/www.neworleans.com\/\">Nowy Orlean<\/a>. Z koncertami, historycznymi miejscami i przystankami gastronomicznymi, ta trasa obiecuje wyj\u0105tkowe wra\u017cenia dla mi\u0142o\u015bnik\u00f3w muzyki i przygody.  <\/p>\n\n<figure class=\"wp-block-image size-large\"><img fetchpriority=\"high\" decoding=\"async\" width=\"1024\" height=\"576\" src=\"https:\/\/usa-b2.com\/wp-content\/uploads\/2025\/03\/Deep-South-Music-2-1024x576.png\" alt=\"\" class=\"wp-image-8063\" srcset=\"https:\/\/usa-b2.com\/wp-content\/uploads\/2025\/03\/Deep-South-Music-2-1024x576.png 1024w, https:\/\/usa-b2.com\/wp-content\/uploads\/2025\/03\/Deep-South-Music-2-300x169.png 300w, https:\/\/usa-b2.com\/wp-content\/uploads\/2025\/03\/Deep-South-Music-2-768x432.png 768w, https:\/\/usa-b2.com\/wp-content\/uploads\/2025\/03\/Deep-South-Music-2.png 1367w\" sizes=\"(max-width: 1024px) 100vw, 1024px\" \/><\/figure>\n\n<h2 class=\"wp-block-heading\">Plan podr\u00f3\u017cy: z Nashville do Nowego Orleanu<\/h2>\n\n<h3 class=\"wp-block-heading\">1.1. Wylot z Nashville w stanie Tennessee<\/h3>\n\n<p>Uwa\u017cane za stolic\u0119 muzyki country, Nashville jest idealn\u0105 baz\u0105 wypadow\u0105. Odwied\u017a <a href=\"https:\/\/www.countrymusichalloffame.org\/\">Country Music Hall of Fame<\/a>, we\u017a udzia\u0142 w koncercie w <a href=\"https:\/\/www.opry.com\/\">Grand Ole Opry<\/a> i przejd\u017a si\u0119 <a href=\"https:\/\/www.broadway.com\/\">Broadwayem<\/a>, gdzie arty\u015bci graj\u0105 na \u017cywo w kultowych barach. <\/p>\n\n<h3 class=\"wp-block-heading\">1.2. Memphis, Tennessee: kraina bluesa i Elvisa<\/h3>\n\n<p>Po trzech godzinach jazdy zatrzymaj si\u0119 w <a href=\"https:\/\/www.graceland.com\/\">Graceland<\/a>, dawnym domu<a href=\"https:\/\/en.wikipedia.org\/wiki\/Elvis_Presley\">Elvisa Presleya<\/a>. <a href=\"https:\/\/bealestreet.com\/\">Beale Street<\/a> to obowi\u0105zkowy punkt dla fan\u00f3w bluesa, z legendarnymi klubami. Nie mo\u017cna pomin\u0105\u0107 <a href=\"https:\/\/www.civilrightsmuseum.org\/visit\/?source=adwords&amp;campaign=&amp;medium=cpc&amp;keyword=national%20civil%20rights%20museum&amp;target=kwd-329492642321&amp;loc=9222727&amp;device=c&amp;gad_source=1&amp;gclid=Cj0KCQjwkN--BhDkARIsAD_mnIovXJ9uKCG2eyQDXN0RhNo1qqhfKbEZfUeXq_qc6AysXcXBrKIjyKAaAt8yEALw_wcB\">Narodowego Muzeum Praw Obywatelskich<\/a>, znajduj\u0105cego si\u0119 w dawnym motelu Lorraine. <\/p>\n\n<h3 class=\"wp-block-heading\">1.3. Clarksdale w stanie Missisipi: korzenie bluesa z Delty<\/h3>\n\n<p><a href=\"https:\/\/www.cityofclarksdale.org\/\">Clarksdale<\/a> to ma\u0142e miasteczko w <a href=\"https:\/\/www.ms.gov\/\">Mississippi<\/a> i miejsce narodzin bluesa z Delty. <a href=\"https:\/\/www.deltabluesmuseum.org\/\">Muzeum Delta Blues<\/a> i <a href=\"https:\/\/www.clarksdale.com\/crossroads.php\">Crossroads<\/a>, gdzie Robert Johnson podobno sprzeda\u0142 dusz\u0119 diab\u0142u, to obowi\u0105zkowe przystanki. <\/p>\n\n<h3 class=\"wp-block-heading\">1.4. Nowy Orlean, Luizjana: Jazz w szczytowej formie<\/h3>\n\n<p>Wycieczka ko\u0144czy si\u0119 w tym t\u0119tni\u0105cym \u017cyciem mie\u015bcie. Spaceruj po <a href=\"https:\/\/www.neworleans.com\/plan\/neighborhoods\/french-quarter\/\">Dzielnicy Francuskiej<\/a>, odkryj kluby jazzowe na <a href=\"https:\/\/www.frenchquarter.com\/frenchmen-street\/\">Frenchmen Street<\/a> i skosztuj beignets w <a href=\"https:\/\/shop.cafedumonde.com\/\">Caf\u00e9 du Monde<\/a>. <\/p>\n\n<h2 class=\"wp-block-heading\">Krajobrazy i parki narodowe: niezapomniane trasy widokowe<\/h2>\n\n<h3 class=\"wp-block-heading\">Great Smoky Mountains: spektakularne naturalne przej\u015bcie<\/h3>\n\n<p>Zanim jeszcze dotrzesz do Nashville, wybierz si\u0119 do <a href=\"https:\/\/friendsofthesmokies.org\/?gad_source=1&amp;gclid=Cj0KCQjwkN--BhDkARIsAD_mnIrzh_s0i4f90vUCfk37IDHlKDA73wyXZI0Lgky0I4paZsPiGmDajhsaAkbJEALw_wcB\">Great Smoky Mountains<\/a>, parku narodowego z mglistymi widokami i zalesionymi szlakami, idealnymi do pierwszego zanurzenia si\u0119 w \u015bwie\u017cym powietrzu.<\/p>\n\n<h3 class=\"wp-block-heading\">Natchez Trace Parkway: historyczna trasa<\/h3>\n\n<p><a href=\"https:\/\/www.scenictrace.com\/\">Natchez Trace Parkway<\/a> to 700-kilometrowa trasa przecinaj\u0105ca <a href=\"https:\/\/www.tn.gov\/\">Tennessee<\/a>, Mississippi i<a href=\"https:\/\/www.alabama.gov\/\">Alabam\u0119<\/a>. Usiana historycznymi przystankami i punktami widokowymi, jest idealna dla mi\u0142o\u015bnik\u00f3w fotografii i historii. <\/p>\n\n<h3 class=\"wp-block-heading\">Zatoki Luizjany: zanurzenie w innym \u015bwiecie<\/h3>\n\n<p>Przed przyjazdem do Nowego Orleanu warto zwiedzi\u0107 zatoki <a href=\"https:\/\/www.louisiana.gov\/\">Luizjany<\/a> \u0142odzi\u0105, aby obserwowa\u0107 aligatory i lokaln\u0105 przyrod\u0119.<\/p>\n\n<h2 class=\"wp-block-heading\">Gdzie spa\u0107? Autentyczne hotele i zakwaterowanie <\/h2>\n\n<h3 class=\"wp-block-heading\">Nashville: Mi\u0119dzy nowoczesno\u015bci\u0105 a tradycj\u0105<\/h3>\n\n<p><a href=\"https:\/\/www.huttonhotel.com\/\">Hotel Hutton<\/a> i<a href=\"https:\/\/www.omnihotels.com\/hotels\/nashville?utm_source=gmblisting&amp;utm_medium=organic\">hotel Omni Nashville<\/a> oferuj\u0105 komfort na najwy\u017cszym poziomie. Aby uzyska\u0107 autentyczne wra\u017cenia, wybierz Airbnb w East Nashville. <\/p>\n\n<h3 class=\"wp-block-heading\">Memphis: po\u0142udniowy urok<\/h3>\n\n<p><a href=\"https:\/\/www.peabodymemphis.com\/?utm_source=local-directories&amp;utm_medium=organic&amp;utm_campaign=travelclick-localconnect-featured\">Hotel Peabody<\/a>, s\u0142yn\u0105cy z parady kaczek, to kultowy wyb\u00f3r. Bardziej przyst\u0119pn\u0105 cenowo opcj\u0105 jest <a href=\"https:\/\/www.marriott.com\/en-us\/hotels\/memox-moxy-memphis-downtown\/overview\/?scid=f2ae0541-1279-4f24-b197-a979c79310b0\">Moxy Memphis Downtown<\/a>. <\/p>\n\n<h3 class=\"wp-block-heading\">Nowy Orlean: zanurz si\u0119 w jazzowej atmosferze<\/h3>\n\n<p><a href=\"https:\/\/www.sonesta.com\/royal-sonesta\/la\/new-orleans\/royal-sonesta-new-orleans\">Hotel Royal Sonesta<\/a> przy <a href=\"https:\/\/www.neworleans.com\/plan\/streets\/bourbon-street\/\">Bourbon<\/a> Street znajduje si\u0119 w samym centrum wydarze\u0144, a <a href=\"https:\/\/hotelmonteleone.com\/\">Hotel Monteleone<\/a> oferuje odrobin\u0119 historycznego luksusu.<\/p>\n\n<h2 class=\"wp-block-heading\">Spoty fotograficzne, kt\u00f3re mo\u017cna umie\u015bci\u0107 na Instagramie<\/h2>\n\n<figure class=\"wp-block-table\"><table class=\"has-fixed-layout\"><tbody><tr><td><strong>Lokalizacja<\/strong><\/td><td><strong>Miasto<\/strong><\/td><td><strong>Konkretny<\/strong><\/td><\/tr><tr><td><a href=\"https:\/\/www.trolleytours.com\/nashville\/broadway\">Broadway Street<\/a><\/td><td>Nashville<\/td><td>Neony i koncerty na \u017cywo<\/td><\/tr><tr><td><a href=\"https:\/\/www.memphistravel.com\/beale-street\">Beale Street<\/a><\/td><td>Memphis<\/td><td>Kultowa bluesowa atmosfera<\/td><\/tr><tr><td><a href=\"https:\/\/www.coastalridgefarm.com\/\">Pola s\u0142onecznik\u00f3w<\/a><\/td><td>Mississippi<\/td><td>Kolorowe krajobrazy<\/td><\/tr><tr><td>Dzielnica Francuska<\/td><td>Nowy Orlean<\/td><td>Zabytkowa architektura i sztuka uliczna<\/td><\/tr><\/tbody><\/table><\/figure>\n\n<h2 class=\"wp-block-heading\">Aktywno\u015bci w zale\u017cno\u015bci od rodzaju podr\u00f3\u017cy<\/h2>\n\n<h3 class=\"wp-block-heading\">Jako para: Romans i muzyka<\/h3>\n\n<p>Nie ma to jak rejs po Mississippi przy d\u017awi\u0119kach jazzu na \u017cywo w Nowym Orleanie. W Nashville wiecz\u00f3r w <a href=\"https:\/\/bluebirdcafe.com\/\">Bluebird Cafe<\/a> oferuje intymn\u0105 atmosfer\u0119 idealn\u0105 dla romantycznego duetu. <\/p>\n\n<h3 class=\"wp-block-heading\">Z rodzin\u0105: przygoda dost\u0119pna dla wszystkich<\/h3>\n\n<p>Dzieciom spodoba si\u0119 <a href=\"https:\/\/www.memphisrocknsoul.org\/\">Muzeum Rock &amp; Soul<\/a> w Memphis i przeja\u017cd\u017cka \u0142odzi\u0105 wios\u0142ow\u0105 po Missisipi. <a href=\"https:\/\/www.dollywood.com\/\">Park rozrywki Dollywood<\/a> w Tennessee to wyj\u0105tkowe do\u015bwiadczenie \u0142\u0105cz\u0105ce muzyk\u0119 country i atrakcje. <\/p>\n\n<p>G\u0142\u0119bokie Po\u0142udnie to jedna z <a href=\"https:\/\/usa-b2.com\/\">najlepszych tras w Ameryce<\/a>. Z koncertami, historycznymi miejscami, wspania\u0142ymi krajobrazami i kultowymi hotelami, ka\u017cdy etap jest pe\u0142en niespodzianek i odkry\u0107. Niezale\u017cnie od tego, czy podr\u00f3\u017cujesz jako para, czy jako rodzina, ta niezapomniana podr\u00f3\u017c pozostawi niezapomniane wspomnienia i melodie wyryte w twoim sercu.  <\/p>\n","protected":false},"excerpt":{"rendered":"<p>G\u0142\u0119bokie Po\u0142udnie samochodem: przewodnik po idealnej wycieczce samochodowej G\u0142\u0119bokie Po\u0142udnie Stan\u00f3w Zjednoczonych to region przesi\u0105kni\u0119ty histori\u0105, kultur\u0105 i muzyk\u0105. Ta wycieczka objazdowa zabierze Ci\u0119 do serca korzeni bluesa, jazzu i muzyki country, przez legendarne krajobrazy i kultowe miasta, takie jak Nashville, Memphis i Nowy Orlean. Z koncertami, historycznymi miejscami i przystankami gastronomicznymi, ta trasa obiecuje [&hellip;]<\/p>\n","protected":false},"author":1,"featured_media":0,"parent":0,"menu_order":0,"comment_status":"closed","ping_status":"closed","template":"","meta":{"footnotes":""},"class_list":["post-7876","page","type-page","status-publish","hentry"],"yoast_head":"<!-- This site is optimized with the Yoast SEO plugin v27.4 - https:\/\/yoast.com\/product\/yoast-seo-wordpress\/ -->\n<title>Roadtrip na G\u0142\u0119bokim Po\u0142udniu: plan podr\u00f3\u017cy, najwa\u017cniejsze przystanki i obowi\u0105zkowe atrakcje - USA B2<\/title>\n<meta name=\"description\" content=\"Roadtrip na G\u0142\u0119bokim Po\u0142udniu: trasa, najwa\u017cniejsze przystanki, zakwaterowanie i atrakcje od Nashville do Nowego Orleanu!\" \/>\n<meta name=\"robots\" content=\"index, follow, max-snippet:-1, max-image-preview:large, max-video-preview:-1\" \/>\n<link rel=\"canonical\" href=\"https:\/\/usa-b2.com\/pl\/deep-south-music-tour\/\" \/>\n<meta property=\"og:locale\" content=\"pl_PL\" \/>\n<meta property=\"og:type\" content=\"article\" \/>\n<meta property=\"og:title\" content=\"Roadtrip na G\u0142\u0119bokim Po\u0142udniu: plan podr\u00f3\u017cy, najwa\u017cniejsze przystanki i obowi\u0105zkowe atrakcje - USA B2\" \/>\n<meta property=\"og:description\" content=\"Roadtrip na G\u0142\u0119bokim Po\u0142udniu: trasa, najwa\u017cniejsze przystanki, zakwaterowanie i atrakcje od Nashville do Nowego Orleanu!\" \/>\n<meta property=\"og:url\" content=\"https:\/\/usa-b2.com\/pl\/deep-south-music-tour\/\" \/>\n<meta property=\"og:site_name\" content=\"USA B2\" \/>\n<meta property=\"article:modified_time\" content=\"2025-06-05T10:15:15+00:00\" \/>\n<meta property=\"og:image\" content=\"https:\/\/usa-b2.com\/wp-content\/uploads\/2025\/03\/Deep-South-Music-2-1024x576.png\" \/>\n\t<meta property=\"og:image:width\" content=\"1024\" \/>\n\t<meta property=\"og:image:height\" content=\"576\" \/>\n\t<meta property=\"og:image:type\" content=\"image\/png\" \/>\n<meta name=\"twitter:card\" content=\"summary_large_image\" \/>\n<meta name=\"twitter:label1\" content=\"Szacowany czas czytania\" \/>\n\t<meta name=\"twitter:data1\" content=\"3 minuty\" \/>\n<script type=\"application\/ld+json\" class=\"yoast-schema-graph\">{\"@context\":\"https:\\\/\\\/schema.org\",\"@graph\":[{\"@type\":\"WebPage\",\"@id\":\"https:\\\/\\\/usa-b2.com\\\/pl\\\/deep-south-music-tour\\\/\",\"url\":\"https:\\\/\\\/usa-b2.com\\\/pl\\\/deep-south-music-tour\\\/\",\"name\":\"Roadtrip na G\u0142\u0119bokim Po\u0142udniu: plan podr\u00f3\u017cy, najwa\u017cniejsze przystanki i obowi\u0105zkowe atrakcje - USA B2\",\"isPartOf\":{\"@id\":\"https:\\\/\\\/usa-b2.com\\\/pl\\\/#website\"},\"primaryImageOfPage\":{\"@id\":\"https:\\\/\\\/usa-b2.com\\\/pl\\\/deep-south-music-tour\\\/#primaryimage\"},\"image\":{\"@id\":\"https:\\\/\\\/usa-b2.com\\\/pl\\\/deep-south-music-tour\\\/#primaryimage\"},\"thumbnailUrl\":\"https:\\\/\\\/usa-b2.com\\\/wp-content\\\/uploads\\\/2025\\\/03\\\/Deep-South-Music-2-1024x576.png\",\"datePublished\":\"2025-03-17T13:11:22+00:00\",\"dateModified\":\"2025-06-05T10:15:15+00:00\",\"description\":\"Roadtrip na G\u0142\u0119bokim Po\u0142udniu: trasa, najwa\u017cniejsze przystanki, zakwaterowanie i atrakcje od Nashville do Nowego Orleanu!\",\"breadcrumb\":{\"@id\":\"https:\\\/\\\/usa-b2.com\\\/pl\\\/deep-south-music-tour\\\/#breadcrumb\"},\"inLanguage\":\"pl-PL\",\"potentialAction\":[{\"@type\":\"ReadAction\",\"target\":[\"https:\\\/\\\/usa-b2.com\\\/pl\\\/deep-south-music-tour\\\/\"]}]},{\"@type\":\"ImageObject\",\"inLanguage\":\"pl-PL\",\"@id\":\"https:\\\/\\\/usa-b2.com\\\/pl\\\/deep-south-music-tour\\\/#primaryimage\",\"url\":\"https:\\\/\\\/usa-b2.com\\\/wp-content\\\/uploads\\\/2025\\\/03\\\/Deep-South-Music-2-1024x576.png\",\"contentUrl\":\"https:\\\/\\\/usa-b2.com\\\/wp-content\\\/uploads\\\/2025\\\/03\\\/Deep-South-Music-2-1024x576.png\"},{\"@type\":\"BreadcrumbList\",\"@id\":\"https:\\\/\\\/usa-b2.com\\\/pl\\\/deep-south-music-tour\\\/#breadcrumb\",\"itemListElement\":[{\"@type\":\"ListItem\",\"position\":1,\"name\":\"Accueil\",\"item\":\"https:\\\/\\\/usa-b2.com\\\/pl\\\/usa\\\/\"},{\"@type\":\"ListItem\",\"position\":2,\"name\":\"Roadtrip na G\u0142\u0119bokim Po\u0142udniu: plan podr\u00f3\u017cy, najwa\u017cniejsze przystanki i obowi\u0105zkowe atrakcje\"}]},{\"@type\":\"WebSite\",\"@id\":\"https:\\\/\\\/usa-b2.com\\\/pl\\\/#website\",\"url\":\"https:\\\/\\\/usa-b2.com\\\/pl\\\/\",\"name\":\"USA B2 VISA\",\"description\":\"\",\"potentialAction\":[{\"@type\":\"SearchAction\",\"target\":{\"@type\":\"EntryPoint\",\"urlTemplate\":\"https:\\\/\\\/usa-b2.com\\\/pl\\\/?s={search_term_string}\"},\"query-input\":{\"@type\":\"PropertyValueSpecification\",\"valueRequired\":true,\"valueName\":\"search_term_string\"}}],\"inLanguage\":\"pl-PL\"}]}<\/script>\n<!-- \/ Yoast SEO plugin. -->","yoast_head_json":{"title":"Roadtrip na G\u0142\u0119bokim Po\u0142udniu: plan podr\u00f3\u017cy, najwa\u017cniejsze przystanki i obowi\u0105zkowe atrakcje - USA B2","description":"Roadtrip na G\u0142\u0119bokim Po\u0142udniu: trasa, najwa\u017cniejsze przystanki, zakwaterowanie i atrakcje od Nashville do Nowego Orleanu!","robots":{"index":"index","follow":"follow","max-snippet":"max-snippet:-1","max-image-preview":"max-image-preview:large","max-video-preview":"max-video-preview:-1"},"canonical":"https:\/\/usa-b2.com\/pl\/deep-south-music-tour\/","og_locale":"pl_PL","og_type":"article","og_title":"Roadtrip na G\u0142\u0119bokim Po\u0142udniu: plan podr\u00f3\u017cy, najwa\u017cniejsze przystanki i obowi\u0105zkowe atrakcje - USA B2","og_description":"Roadtrip na G\u0142\u0119bokim Po\u0142udniu: trasa, najwa\u017cniejsze przystanki, zakwaterowanie i atrakcje od Nashville do Nowego Orleanu!","og_url":"https:\/\/usa-b2.com\/pl\/deep-south-music-tour\/","og_site_name":"USA B2","article_modified_time":"2025-06-05T10:15:15+00:00","og_image":[{"width":1024,"height":576,"url":"https:\/\/usa-b2.com\/wp-content\/uploads\/2025\/03\/Deep-South-Music-2-1024x576.png","type":"image\/png"}],"twitter_card":"summary_large_image","twitter_misc":{"Szacowany czas czytania":"3 minuty"},"schema":{"@context":"https:\/\/schema.org","@graph":[{"@type":"WebPage","@id":"https:\/\/usa-b2.com\/pl\/deep-south-music-tour\/","url":"https:\/\/usa-b2.com\/pl\/deep-south-music-tour\/","name":"Roadtrip na G\u0142\u0119bokim Po\u0142udniu: plan podr\u00f3\u017cy, najwa\u017cniejsze przystanki i obowi\u0105zkowe atrakcje - USA B2","isPartOf":{"@id":"https:\/\/usa-b2.com\/pl\/#website"},"primaryImageOfPage":{"@id":"https:\/\/usa-b2.com\/pl\/deep-south-music-tour\/#primaryimage"},"image":{"@id":"https:\/\/usa-b2.com\/pl\/deep-south-music-tour\/#primaryimage"},"thumbnailUrl":"https:\/\/usa-b2.com\/wp-content\/uploads\/2025\/03\/Deep-South-Music-2-1024x576.png","datePublished":"2025-03-17T13:11:22+00:00","dateModified":"2025-06-05T10:15:15+00:00","description":"Roadtrip na G\u0142\u0119bokim Po\u0142udniu: trasa, najwa\u017cniejsze przystanki, zakwaterowanie i atrakcje od Nashville do Nowego Orleanu!","breadcrumb":{"@id":"https:\/\/usa-b2.com\/pl\/deep-south-music-tour\/#breadcrumb"},"inLanguage":"pl-PL","potentialAction":[{"@type":"ReadAction","target":["https:\/\/usa-b2.com\/pl\/deep-south-music-tour\/"]}]},{"@type":"ImageObject","inLanguage":"pl-PL","@id":"https:\/\/usa-b2.com\/pl\/deep-south-music-tour\/#primaryimage","url":"https:\/\/usa-b2.com\/wp-content\/uploads\/2025\/03\/Deep-South-Music-2-1024x576.png","contentUrl":"https:\/\/usa-b2.com\/wp-content\/uploads\/2025\/03\/Deep-South-Music-2-1024x576.png"},{"@type":"BreadcrumbList","@id":"https:\/\/usa-b2.com\/pl\/deep-south-music-tour\/#breadcrumb","itemListElement":[{"@type":"ListItem","position":1,"name":"Accueil","item":"https:\/\/usa-b2.com\/pl\/usa\/"},{"@type":"ListItem","position":2,"name":"Roadtrip na G\u0142\u0119bokim Po\u0142udniu: plan podr\u00f3\u017cy, najwa\u017cniejsze przystanki i obowi\u0105zkowe atrakcje"}]},{"@type":"WebSite","@id":"https:\/\/usa-b2.com\/pl\/#website","url":"https:\/\/usa-b2.com\/pl\/","name":"USA B2 VISA","description":"","potentialAction":[{"@type":"SearchAction","target":{"@type":"EntryPoint","urlTemplate":"https:\/\/usa-b2.com\/pl\/?s={search_term_string}"},"query-input":{"@type":"PropertyValueSpecification","valueRequired":true,"valueName":"search_term_string"}}],"inLanguage":"pl-PL"}]}},"_links":{"self":[{"href":"https:\/\/usa-b2.com\/pl\/wp-json\/wp\/v2\/pages\/7876","targetHints":{"allow":["GET"]}}],"collection":[{"href":"https:\/\/usa-b2.com\/pl\/wp-json\/wp\/v2\/pages"}],"about":[{"href":"https:\/\/usa-b2.com\/pl\/wp-json\/wp\/v2\/types\/page"}],"author":[{"embeddable":true,"href":"https:\/\/usa-b2.com\/pl\/wp-json\/wp\/v2\/users\/1"}],"replies":[{"embeddable":true,"href":"https:\/\/usa-b2.com\/pl\/wp-json\/wp\/v2\/comments?post=7876"}],"version-history":[{"count":0,"href":"https:\/\/usa-b2.com\/pl\/wp-json\/wp\/v2\/pages\/7876\/revisions"}],"wp:attachment":[{"href":"https:\/\/usa-b2.com\/pl\/wp-json\/wp\/v2\/media?parent=7876"}],"curies":[{"name":"wp","href":"https:\/\/api.w.org\/{rel}","templated":true}]}}