{"id":7825,"date":"2025-03-17T11:01:36","date_gmt":"2025-03-17T11:01:36","guid":{"rendered":"https:\/\/usa-b2.com\/florida-keys\/"},"modified":"2025-06-05T09:49:44","modified_gmt":"2025-06-05T09:49:44","slug":"florida-keys","status":"publish","type":"page","link":"https:\/\/usa-b2.com\/pl\/florida-keys\/","title":{"rendered":"Wycieczka objazdowa po Keys: plan podr\u00f3\u017cy, wskaz\u00f3wki i obowi\u0105zkowe miejsca na Florydzie"},"content":{"rendered":"\n<h1 class=\"wp-block-heading\">Przewodnik po podr\u00f3\u017cy po US Keys<\/h1>\n\n<p><a href=\"https:\/\/fla-keys.com\/\">Florida Keys<\/a> to rajski archipelag rozci\u0105gaj\u0105cy si\u0119 na d\u0142ugo\u015bci 180 km pomi\u0119dzy Key Largo i Key West. Podr\u00f3\u017cowanie t\u0105 legendarn\u0105 tras\u0105 przez <a href=\"https:\/\/en.wikipedia.org\/wiki\/Overseas_Highway\">Overseas Highway (US-1<\/a> ) oferuje niezapomniane krajobrazy, strategiczne przystanki i ca\u0142kowite zanurzenie si\u0119 w wyj\u0105tkowej tropikalnej atmosferze. Niezale\u017cnie od tego, czy podr\u00f3\u017cujesz we dwoje, z rodzin\u0105 czy z przyjaci\u00f3\u0142mi, ten przewodnik zawiera wszystko, co musisz wiedzie\u0107 o tej <a href=\"https:\/\/usa-b2.com\/pl\/\">ameryka\u0144skiej wycieczce<\/a>: tras\u0119, atrakcje, zakwaterowanie i obowi\u0105zkowe miejsca do zobaczenia.  <\/p>\n\n<figure class=\"wp-block-image size-large\"><img fetchpriority=\"high\" decoding=\"async\" width=\"1024\" height=\"576\" src=\"https:\/\/usa-b2.com\/wp-content\/uploads\/2025\/03\/Keys-Florida-1-1024x576.png\" alt=\"\" class=\"wp-image-8114\" srcset=\"https:\/\/usa-b2.com\/wp-content\/uploads\/2025\/03\/Keys-Florida-1-1024x576.png 1024w, https:\/\/usa-b2.com\/wp-content\/uploads\/2025\/03\/Keys-Florida-1-300x169.png 300w, https:\/\/usa-b2.com\/wp-content\/uploads\/2025\/03\/Keys-Florida-1-768x432.png 768w, https:\/\/usa-b2.com\/wp-content\/uploads\/2025\/03\/Keys-Florida-1.png 1099w\" sizes=\"(max-width: 1024px) 100vw, 1024px\" \/><\/figure>\n\n<h2 class=\"wp-block-heading\">Idealna trasa przez Keys<\/h2>\n\n<p>Klasyczna trasa rozpoczyna si\u0119 w <a href=\"https:\/\/www.miami.gov\/Home\">Miami<\/a> i prowadzi <a href=\"https:\/\/en.wikivoyage.org\/wiki\/U.S._Highway_1\">drog\u0105 US-1 na po\u0142udnie<\/a> do <a href=\"https:\/\/www.cityofkeywest-fl.gov\/\">Key West<\/a>. Oto g\u0142\u00f3wne etapy trasy: <\/p>\n\n<ul class=\"wp-block-list\">\n<li><a href=\"https:\/\/www.homesteadfl.gov\/\">Homestead<\/a>: Brama do <a href=\"https:\/\/www.nps.gov\/ever\/index.htm\">Everglades<\/a>, idealna na wycieczk\u0119 wodolotem.<\/li>\n\n\n\n<li><a href=\"https:\/\/www.office-tourisme-usa.com\/etat\/floride\/key-largo\/\">Key Largo<\/a>: idealne miejsce do nurkowania w <a href=\"https:\/\/pennekamppark.com\/\">Parku Stanowym Rafy Koralowej Johna Pennekampa<\/a>.<\/li>\n\n\n\n<li><a href=\"https:\/\/www.islamorada.fl.us\/\">Islamorada<\/a>: \u015bwiatowa stolica w\u0119dkarstwa, idealna do spr\u00f3bowania \u015bwie\u017cych ryb.<\/li>\n\n\n\n<li><a href=\"https:\/\/www.ci.marathon.fl.us\/\">Maraton<\/a>: kultowy most Seven Mile Bridge i <a href=\"https:\/\/www.visitflorida.com\/travel-ideas\/articles\/sombrero-beach-in-marathon-florida-key-west\/\">pla\u017ca Sombrero<\/a>.<\/li>\n\n\n\n<li><strong><a href=\"https:\/\/www.floridastateparks.org\/BahiaHonda\">Park stanowy Bahia Honda<\/a><\/strong> Jedna z najpi\u0119kniejszych pla\u017c w Keys.<\/li>\n\n\n\n<li><strong>Key West<\/strong>: miejsce docelowe, znane z obchod\u00f3w zachodu s\u0142o\u0144ca na <a href=\"https:\/\/www.mallorysquare.com\/\">Mallory Square<\/a>.<\/li>\n<\/ul>\n\n<h2 class=\"wp-block-heading\">Niezapomniane krajobrazy i naturalne przystanki<\/h2>\n\n<p><strong>Keys <\/strong>oferuje zr\u00f3\u017cnicowany krajobraz pla\u017c, park\u00f3w narodowych i raf koralowych.<\/p>\n\n<p>W\u015br\u00f3d park\u00f3w narodowych do odwiedzenia, Park Narodowy Everglades oferuje szans\u0119 na odkrycie lokalnej dzikiej przyrody, podczas gdy <a href=\"https:\/\/www.nps.gov\/drto\/index.htm\">Park Narodowy Dry Tortugas<\/a>, dost\u0119pny \u0142odzi\u0105 z Key West, jest domem dla <a href=\"https:\/\/www.futura-sciences.com\/planete\/photos\/amerique-splendeur-parcs-nationaux-americains-1023\/amerique-fort-jefferson-parc-national-sec-tortugas-7010\/\">Fortu Jefferson<\/a> i krystalicznie czystych w\u00f3d idealnych do nurkowania z rurk\u0105.<\/p>\n\n<p>Inne niezapomniane widoki to <a href=\"https:\/\/www.tripadvisor.com\/Attraction_Review-g34347-d519772-Reviews-Seven_Mile_Bridge-Marathon_Florida_Keys_Florida.html\">Seven Mile Bridge<\/a>, jeden z najd\u0142u\u017cszych most\u00f3w na \u015bwiecie, <strong>Sombrero<\/strong> Beach w Marathon i p\u0142ytkie wody <a href=\"https:\/\/fla-keys.com\/keysvoices\/experience-big-pine-the-lower-keys\/\">Big Pine Key<\/a>, gdzie mo\u017cna zobaczy\u0107 jelenie endemiczne dla tego regionu.<\/p>\n\n<h2 class=\"wp-block-heading\">Gdzie spa\u0107 w Keys?<\/h2>\n\n<p>Znalezienie odpowiedniego zakwaterowania jest niezb\u0119dne, aby w pe\u0142ni wykorzysta\u0107 swoj\u0105 podr\u00f3\u017c.<\/p>\n\n<p>Dost\u0119pnych jest wiele opcji dostosowanych do bud\u017cetu i preferencji:<\/p>\n\n<figure class=\"wp-block-table\"><table class=\"has-fixed-layout\"><tbody><tr><td><strong>Miasto<\/strong><\/td><td><strong>Zakwaterowanie<\/strong><\/td><td><strong>\u015arednia cena\/noc<\/strong><\/td><\/tr><tr><td>Key Largo<\/td><td><a href=\"https:\/\/www.marriott.com\/en-us\/hotels\/mthak-playa-largo-resort-and-spa-autograph-collection\/overview\/?scid=f2ae0541-1279-4f24-b197-a979c79310b0\">Playa Largo Resort &amp; Spa<\/a><\/td><td>180$<\/td><\/tr><tr><td>Maraton<\/td><td><a href=\"https:\/\/www.hawkscay.com\/?NCK=8666906422&amp;utm_source=google&amp;utm_medium=listing&amp;utm_campaign=hawks+cay+resort\">Hawks Cay Resort<\/a><\/td><td>250$<\/td><\/tr><tr><td>Key West<\/td><td><a href=\"https:\/\/www.themarkerkeywest.com\/?NCK=gl-marker\">The Marker Waterfront Resort<\/a><\/td><td>300$<\/td><\/tr><\/tbody><\/table><\/figure>\n\n<h2 class=\"wp-block-heading\">Spoty fotograficzne, kt\u00f3re mo\u017cna umie\u015bci\u0107 na Instagramie<\/h2>\n\n<p>The Keys oferuje wiele kultowych miejsc idealnych do robienia zdj\u0119\u0107.<\/p>\n\n<p><a href=\"https:\/\/cityofkeywest-fl.gov\/Facilities\/Facility\/Details\/Southernmost-Point-44\">Southernmost Point w Key West<\/a> to obowi\u0105zkowy punkt do odwiedzenia, podobnie jak <a href=\"https:\/\/7milebridge.website\/\">Seven Mile Bridge<\/a> o zachodzie s\u0142o\u0144ca. Je\u015bli szukasz tropikalnej scenerii, udaj si\u0119 do <a href=\"https:\/\/www.floridastateparks.org\/BahiaHonda\">Parku Stanowego Bahia Honda<\/a>, s\u0142yn\u0105cego z turkusowych w\u00f3d. <\/p>\n\n<p>Bardziej niezwyk\u0142e do\u015bwiadczenia obejmuj\u0105 zanurzony pos\u0105g <a href=\"https:\/\/www.atlasobscura.com\/places\/christ-of-the-abyss-florida\">Chrystusa z Otch\u0142ani<\/a> w Key Largo, wyj\u0105tkowe do\u015bwiadczenie nurkowe oraz <a href=\"https:\/\/www.sunsetcelebration.org\/\">Sunset Celebration<\/a> na <a href=\"https:\/\/www.mallorysquare.com\/\">Mallory Square w Key West,<\/a> kt\u00f3re gwarantuje spektakularne uj\u0119cia.<\/p>\n\n<h2 class=\"wp-block-heading\">Zaj\u0119cia dla par i rodzin<\/h2>\n\n<h3 class=\"wp-block-heading\">Para<\/h3>\n\n<p>Podr\u00f3\u017c do Keys to romantyczny wypad par excellence. Kolacja nad morzem, na przyk\u0142ad w <a href=\"https:\/\/www.moradabaykeys.com\/dining\/pierres-restaurant\/\">restauracji Pierre&#8217;s<\/a> w Islamorada, to idealna sceneria. Wycieczki \u017cagl\u00f3wk\u0105 o zachodzie s\u0142o\u0144ca do Key West s\u0105 niezapomniane, podobnie jak dzie\u0144 nurkowania z rurk\u0105 na <a href=\"https:\/\/floridakeys.noaa.gov\/zones\/spas\/loeekey.html\">rafie Looe Key<\/a>.  <\/p>\n\n<h3 class=\"wp-block-heading\">Rodzina<\/h3>\n\n<p>The Keys to tak\u017ce idealne miejsce dla rodzin. Dzieci b\u0119d\u0105 zachwycone: <\/p>\n\n<ul class=\"wp-block-list\">\n<li>Pop\u0142ywaj z delfinami w <a href=\"https:\/\/dolphins.org\/\">Dolphin Research Center<\/a> w Marathon.<\/li>\n\n\n\n<li>Poznaj interaktywne akwaria w Key West.<\/li>\n\n\n\n<li>Kajak przez lasy namorzynowe <a href=\"https:\/\/www.expedia.fr\/Big-Pine-Key.dx7195\">Big Pine<\/a> Key.<\/li>\n<\/ul>\n\n<p>Podr\u00f3\u017c przez Florida Keys to wyj\u0105tkowe do\u015bwiadczenie, \u0142\u0105cz\u0105ce w sobie wysublimowane krajobrazy, r\u00f3\u017cnorodne atrakcje i wysokiej jako\u015bci zakwaterowanie. Niezale\u017cnie od tego, czy jeste\u015b p\u0142etwonurkiem, entuzjast\u0105 wycieczek samochodowych, czy te\u017c szukasz romansu, ta podr\u00f3\u017c obiecuje niezapomniane wspomnienia. Zaplanuj tras\u0119, zarezerwuj hotele i ciesz si\u0119 wyj\u0105tkow\u0105 przygod\u0105 na jednej z najbardziej legendarnych dr\u00f3g w Stanach Zjednoczonych!  <\/p>\n\n<p><\/p>\n","protected":false},"excerpt":{"rendered":"<p>Przewodnik po podr\u00f3\u017cy po US Keys Florida Keys to rajski archipelag rozci\u0105gaj\u0105cy si\u0119 na d\u0142ugo\u015bci 180 km pomi\u0119dzy Key Largo i Key West. Podr\u00f3\u017cowanie t\u0105 legendarn\u0105 tras\u0105 przez Overseas Highway (US-1 ) oferuje niezapomniane krajobrazy, strategiczne przystanki i ca\u0142kowite zanurzenie si\u0119 w wyj\u0105tkowej tropikalnej atmosferze. Niezale\u017cnie od tego, czy podr\u00f3\u017cujesz we dwoje, z rodzin\u0105 czy [&hellip;]<\/p>\n","protected":false},"author":1,"featured_media":0,"parent":0,"menu_order":0,"comment_status":"closed","ping_status":"closed","template":"","meta":{"footnotes":""},"class_list":["post-7825","page","type-page","status-publish","hentry"],"yoast_head":"<!-- This site is optimized with the Yoast SEO plugin v27.4 - https:\/\/yoast.com\/product\/yoast-seo-wordpress\/ -->\n<title>Wycieczka objazdowa po Keys: plan podr\u00f3\u017cy, wskaz\u00f3wki i obowi\u0105zkowe miejsca na Florydzie - USA B2<\/title>\n<meta name=\"description\" content=\"Odkryj przewodnik po Floryda Keys: trasa, krajobrazy, hotele, atrakcje i miejsca do zdj\u0119\u0107 na Instagramie.\" \/>\n<meta name=\"robots\" content=\"index, follow, max-snippet:-1, max-image-preview:large, max-video-preview:-1\" \/>\n<link rel=\"canonical\" href=\"https:\/\/usa-b2.com\/pl\/florida-keys\/\" \/>\n<meta property=\"og:locale\" content=\"pl_PL\" \/>\n<meta property=\"og:type\" content=\"article\" \/>\n<meta property=\"og:title\" content=\"Wycieczka objazdowa po Keys: plan podr\u00f3\u017cy, wskaz\u00f3wki i obowi\u0105zkowe miejsca na Florydzie - USA B2\" \/>\n<meta property=\"og:description\" content=\"Odkryj przewodnik po Floryda Keys: trasa, krajobrazy, hotele, atrakcje i miejsca do zdj\u0119\u0107 na Instagramie.\" \/>\n<meta property=\"og:url\" content=\"https:\/\/usa-b2.com\/pl\/florida-keys\/\" \/>\n<meta property=\"og:site_name\" content=\"USA B2\" \/>\n<meta property=\"article:modified_time\" content=\"2025-06-05T09:49:44+00:00\" \/>\n<meta property=\"og:image\" content=\"https:\/\/usa-b2.com\/wp-content\/uploads\/2025\/03\/Keys-Florida-1.png\" \/>\n\t<meta property=\"og:image:width\" content=\"1099\" \/>\n\t<meta property=\"og:image:height\" content=\"618\" \/>\n\t<meta property=\"og:image:type\" content=\"image\/png\" \/>\n<meta name=\"twitter:card\" content=\"summary_large_image\" \/>\n<meta name=\"twitter:label1\" content=\"Szacowany czas czytania\" \/>\n\t<meta name=\"twitter:data1\" content=\"3 minuty\" \/>\n<script type=\"application\/ld+json\" class=\"yoast-schema-graph\">{\"@context\":\"https:\\\/\\\/schema.org\",\"@graph\":[{\"@type\":\"WebPage\",\"@id\":\"https:\\\/\\\/usa-b2.com\\\/pl\\\/florida-keys\\\/\",\"url\":\"https:\\\/\\\/usa-b2.com\\\/pl\\\/florida-keys\\\/\",\"name\":\"Wycieczka objazdowa po Keys: plan podr\u00f3\u017cy, wskaz\u00f3wki i obowi\u0105zkowe miejsca na Florydzie - USA B2\",\"isPartOf\":{\"@id\":\"https:\\\/\\\/usa-b2.com\\\/pl\\\/#website\"},\"primaryImageOfPage\":{\"@id\":\"https:\\\/\\\/usa-b2.com\\\/pl\\\/florida-keys\\\/#primaryimage\"},\"image\":{\"@id\":\"https:\\\/\\\/usa-b2.com\\\/pl\\\/florida-keys\\\/#primaryimage\"},\"thumbnailUrl\":\"https:\\\/\\\/usa-b2.com\\\/wp-content\\\/uploads\\\/2025\\\/03\\\/Keys-Florida-1-1024x576.png\",\"datePublished\":\"2025-03-17T11:01:36+00:00\",\"dateModified\":\"2025-06-05T09:49:44+00:00\",\"description\":\"Odkryj przewodnik po Floryda Keys: trasa, krajobrazy, hotele, atrakcje i miejsca do zdj\u0119\u0107 na Instagramie.\",\"breadcrumb\":{\"@id\":\"https:\\\/\\\/usa-b2.com\\\/pl\\\/florida-keys\\\/#breadcrumb\"},\"inLanguage\":\"pl-PL\",\"potentialAction\":[{\"@type\":\"ReadAction\",\"target\":[\"https:\\\/\\\/usa-b2.com\\\/pl\\\/florida-keys\\\/\"]}]},{\"@type\":\"ImageObject\",\"inLanguage\":\"pl-PL\",\"@id\":\"https:\\\/\\\/usa-b2.com\\\/pl\\\/florida-keys\\\/#primaryimage\",\"url\":\"https:\\\/\\\/usa-b2.com\\\/wp-content\\\/uploads\\\/2025\\\/03\\\/Keys-Florida-1-1024x576.png\",\"contentUrl\":\"https:\\\/\\\/usa-b2.com\\\/wp-content\\\/uploads\\\/2025\\\/03\\\/Keys-Florida-1-1024x576.png\"},{\"@type\":\"BreadcrumbList\",\"@id\":\"https:\\\/\\\/usa-b2.com\\\/pl\\\/florida-keys\\\/#breadcrumb\",\"itemListElement\":[{\"@type\":\"ListItem\",\"position\":1,\"name\":\"Accueil\",\"item\":\"https:\\\/\\\/usa-b2.com\\\/pl\\\/usa\\\/\"},{\"@type\":\"ListItem\",\"position\":2,\"name\":\"Wycieczka objazdowa po Keys: plan podr\u00f3\u017cy, wskaz\u00f3wki i obowi\u0105zkowe miejsca na Florydzie\"}]},{\"@type\":\"WebSite\",\"@id\":\"https:\\\/\\\/usa-b2.com\\\/pl\\\/#website\",\"url\":\"https:\\\/\\\/usa-b2.com\\\/pl\\\/\",\"name\":\"USA B2 VISA\",\"description\":\"\",\"potentialAction\":[{\"@type\":\"SearchAction\",\"target\":{\"@type\":\"EntryPoint\",\"urlTemplate\":\"https:\\\/\\\/usa-b2.com\\\/pl\\\/?s={search_term_string}\"},\"query-input\":{\"@type\":\"PropertyValueSpecification\",\"valueRequired\":true,\"valueName\":\"search_term_string\"}}],\"inLanguage\":\"pl-PL\"}]}<\/script>\n<!-- \/ Yoast SEO plugin. -->","yoast_head_json":{"title":"Wycieczka objazdowa po Keys: plan podr\u00f3\u017cy, wskaz\u00f3wki i obowi\u0105zkowe miejsca na Florydzie - USA B2","description":"Odkryj przewodnik po Floryda Keys: trasa, krajobrazy, hotele, atrakcje i miejsca do zdj\u0119\u0107 na Instagramie.","robots":{"index":"index","follow":"follow","max-snippet":"max-snippet:-1","max-image-preview":"max-image-preview:large","max-video-preview":"max-video-preview:-1"},"canonical":"https:\/\/usa-b2.com\/pl\/florida-keys\/","og_locale":"pl_PL","og_type":"article","og_title":"Wycieczka objazdowa po Keys: plan podr\u00f3\u017cy, wskaz\u00f3wki i obowi\u0105zkowe miejsca na Florydzie - USA B2","og_description":"Odkryj przewodnik po Floryda Keys: trasa, krajobrazy, hotele, atrakcje i miejsca do zdj\u0119\u0107 na Instagramie.","og_url":"https:\/\/usa-b2.com\/pl\/florida-keys\/","og_site_name":"USA B2","article_modified_time":"2025-06-05T09:49:44+00:00","og_image":[{"width":1099,"height":618,"url":"https:\/\/usa-b2.com\/wp-content\/uploads\/2025\/03\/Keys-Florida-1.png","type":"image\/png"}],"twitter_card":"summary_large_image","twitter_misc":{"Szacowany czas czytania":"3 minuty"},"schema":{"@context":"https:\/\/schema.org","@graph":[{"@type":"WebPage","@id":"https:\/\/usa-b2.com\/pl\/florida-keys\/","url":"https:\/\/usa-b2.com\/pl\/florida-keys\/","name":"Wycieczka objazdowa po Keys: plan podr\u00f3\u017cy, wskaz\u00f3wki i obowi\u0105zkowe miejsca na Florydzie - USA B2","isPartOf":{"@id":"https:\/\/usa-b2.com\/pl\/#website"},"primaryImageOfPage":{"@id":"https:\/\/usa-b2.com\/pl\/florida-keys\/#primaryimage"},"image":{"@id":"https:\/\/usa-b2.com\/pl\/florida-keys\/#primaryimage"},"thumbnailUrl":"https:\/\/usa-b2.com\/wp-content\/uploads\/2025\/03\/Keys-Florida-1-1024x576.png","datePublished":"2025-03-17T11:01:36+00:00","dateModified":"2025-06-05T09:49:44+00:00","description":"Odkryj przewodnik po Floryda Keys: trasa, krajobrazy, hotele, atrakcje i miejsca do zdj\u0119\u0107 na Instagramie.","breadcrumb":{"@id":"https:\/\/usa-b2.com\/pl\/florida-keys\/#breadcrumb"},"inLanguage":"pl-PL","potentialAction":[{"@type":"ReadAction","target":["https:\/\/usa-b2.com\/pl\/florida-keys\/"]}]},{"@type":"ImageObject","inLanguage":"pl-PL","@id":"https:\/\/usa-b2.com\/pl\/florida-keys\/#primaryimage","url":"https:\/\/usa-b2.com\/wp-content\/uploads\/2025\/03\/Keys-Florida-1-1024x576.png","contentUrl":"https:\/\/usa-b2.com\/wp-content\/uploads\/2025\/03\/Keys-Florida-1-1024x576.png"},{"@type":"BreadcrumbList","@id":"https:\/\/usa-b2.com\/pl\/florida-keys\/#breadcrumb","itemListElement":[{"@type":"ListItem","position":1,"name":"Accueil","item":"https:\/\/usa-b2.com\/pl\/usa\/"},{"@type":"ListItem","position":2,"name":"Wycieczka objazdowa po Keys: plan podr\u00f3\u017cy, wskaz\u00f3wki i obowi\u0105zkowe miejsca na Florydzie"}]},{"@type":"WebSite","@id":"https:\/\/usa-b2.com\/pl\/#website","url":"https:\/\/usa-b2.com\/pl\/","name":"USA B2 VISA","description":"","potentialAction":[{"@type":"SearchAction","target":{"@type":"EntryPoint","urlTemplate":"https:\/\/usa-b2.com\/pl\/?s={search_term_string}"},"query-input":{"@type":"PropertyValueSpecification","valueRequired":true,"valueName":"search_term_string"}}],"inLanguage":"pl-PL"}]}},"_links":{"self":[{"href":"https:\/\/usa-b2.com\/pl\/wp-json\/wp\/v2\/pages\/7825","targetHints":{"allow":["GET"]}}],"collection":[{"href":"https:\/\/usa-b2.com\/pl\/wp-json\/wp\/v2\/pages"}],"about":[{"href":"https:\/\/usa-b2.com\/pl\/wp-json\/wp\/v2\/types\/page"}],"author":[{"embeddable":true,"href":"https:\/\/usa-b2.com\/pl\/wp-json\/wp\/v2\/users\/1"}],"replies":[{"embeddable":true,"href":"https:\/\/usa-b2.com\/pl\/wp-json\/wp\/v2\/comments?post=7825"}],"version-history":[{"count":0,"href":"https:\/\/usa-b2.com\/pl\/wp-json\/wp\/v2\/pages\/7825\/revisions"}],"wp:attachment":[{"href":"https:\/\/usa-b2.com\/pl\/wp-json\/wp\/v2\/media?parent=7825"}],"curies":[{"name":"wp","href":"https:\/\/api.w.org\/{rel}","templated":true}]}}