{"id":6245,"date":"2025-01-15T11:55:39","date_gmt":"2025-01-15T11:55:39","guid":{"rendered":"https:\/\/usa-b2.com\/new-england-fall-foliage-tour\/"},"modified":"2025-01-21T10:36:45","modified_gmt":"2025-01-21T10:36:45","slug":"new-england-fall-foliage-tour","status":"publish","type":"page","link":"https:\/\/usa-b2.com\/pl\/new-england-fall-foliage-tour\/","title":{"rendered":"Odkryj wycieczk\u0119 New England Fall Foliage Tour w Stanach Zjednoczonych"},"content":{"rendered":"\n<h1 class=\"wp-block-heading\">Jak mog\u0119 odwiedzi\u0107 New England Fall Foliage Tour w Stanach Zjednoczonych?<\/h1>\n\n<p>Wycieczka New England Fall Foliage Tour to niezapomniane prze\u017cycie dla mi\u0142o\u015bnik\u00f3w przyrody i spektakularnych krajobraz\u00f3w. Ka\u017cdej jesieni lasy Nowej Anglii przybieraj\u0105 jaskrawe barwy, przyci\u0105gaj\u0105c turyst\u00f3w z ca\u0142ego \u015bwiata. Od malowniczych miasteczek po malownicze autostrady, ta wycieczka oferuje wyj\u0105tkowe zanurzenie si\u0119 w ciep\u0142ej jesiennej atmosferze. Ten szczeg\u00f3\u0142owy przewodnik oferuje trasy, wskaz\u00f3wki dotycz\u0105ce zakwaterowania, mo\u017cliwo\u015bci fotografowania i aktywno\u015bci, aby jak najlepiej wykorzysta\u0107 sw\u00f3j pobyt.   <\/p>\n\n<figure class=\"wp-block-image size-full\"><img fetchpriority=\"high\" decoding=\"async\" width=\"706\" height=\"397\" src=\"https:\/\/usa-b2.com\/wp-content\/uploads\/2025\/01\/New-England-Fall-Foliage-Tour-USA-edited.png\" alt=\"\" class=\"wp-image-6845\" srcset=\"https:\/\/usa-b2.com\/wp-content\/uploads\/2025\/01\/New-England-Fall-Foliage-Tour-USA-edited.png 706w, https:\/\/usa-b2.com\/wp-content\/uploads\/2025\/01\/New-England-Fall-Foliage-Tour-USA-edited-300x169.png 300w\" sizes=\"(max-width: 706px) 100vw, 706px\" \/><\/figure>\n\n<h2 class=\"wp-block-heading\">Odkrywanie kolor\u00f3w jesieni: kultowe miejsca i krajobrazy<\/h2>\n\n<h3 class=\"wp-block-heading\">Obowi\u0105zkowe miejsca do podziwiania li\u015bci<\/h3>\n\n<ul class=\"wp-block-list\">\n<li><strong><a href=\"https:\/\/kancamagushighway.com\/\">Autostrada Kancamagus<\/a> (New Hampshire) <\/strong>: Jedna z najbardziej znanych tras do ogl\u0105dania jesiennych kolor\u00f3w, z punktami widokowymi takimi jak Sabbaday Falls i Sugar Hill Overlook.<\/li>\n\n\n\n<li><strong><a href=\"https:\/\/greenmountainbywayvt.com\/\">Green Mountain Byway<\/a> (Vermont) <\/strong>: Urokliwa trasa prowadz\u0105ca przez malownicze miejscowo\u015bci Stowe i Waterbury.<\/li>\n\n\n\n<li><strong><a href=\"https:\/\/www.mohawktrail.com\/\">Szlak Mohawk <\/a>(Massachusetts):<\/strong> Ten historyczny szlak oferuje spektakularne krajobrazy i przystanki, takie jak Hairpin Turn.<\/li>\n<\/ul>\n\n<h3 class=\"wp-block-heading\">Emblematyczne krajobrazy do odkrycia<\/h3>\n\n<p>Trasa New England Fall Foliage Tour obfituje w r\u00f3\u017cnorodne krajobrazy, od falistych wzg\u00f3rz Vermont po l\u015bni\u0105ce jeziora Maine. Parki narodowe i rezerwaty przyrody, takie jak Park Narodowy Acadia, oferuj\u0105 zapieraj\u0105ce dech w piersiach widoki na li\u015bcie i Ocean Atlantycki. Nie zapomnij odwiedzi\u0107 miast takich jak <a href=\"https:\/\/www.woodstock.com\/\">Woodstock<\/a> (Vermont) i <a href=\"https:\/\/www.ci.camden.nj.us\/\">Camden<\/a> (Maine), gdzie jesienny urok jest w najlepszym wydaniu.  <\/p>\n\n<h2 class=\"wp-block-heading\">Gdzie si\u0119 zatrzyma\u0107: zakwaterowanie i strategiczne miasta<\/h2>\n\n<h3 class=\"wp-block-heading\">Miasta, w kt\u00f3rych warto si\u0119 zatrzyma\u0107<\/h3>\n\n<ul class=\"wp-block-list\">\n<li><strong><a href=\"https:\/\/www.stowe.com\/\">Stowe<\/a> (Vermont)<\/strong>: To g\u00f3rskie miasteczko jest centralnym punktem do zwiedzania G\u00f3r Zielonych. Oferuje tradycyjne zajazdy i komfortowe hotele. <\/li>\n\n\n\n<li><strong><a href=\"https:\/\/northconwaynh.com\/\">North Conway<\/a> (New Hampshire)<\/strong>: Idealny do zwiedzania Kancamagus Highway i cieszenia si\u0119 przytuln\u0105 atmosfer\u0105.<\/li>\n\n\n\n<li><strong><a href=\"https:\/\/www.visitbarharbor.com\/\">Bar Harbor<\/a> (Maine)<\/strong>: idealne miejsce dla tych, kt\u00f3rzy chc\u0105 po\u0142\u0105czy\u0107 jesienne li\u015bcie z nadmorsk\u0105 sceneri\u0105 Parku Narodowego Acadia.<\/li>\n<\/ul>\n\n<h3 class=\"wp-block-heading\">Zalecane zakwaterowanie<\/h3>\n\n<ul class=\"wp-block-list\">\n<li><strong>Tradycyjne bed &amp; breakfast<\/strong>: Te typowe obiekty noclegowe, takie jak <a href=\"https:\/\/www.rabbithill.com\/winter\/\">Rabbit Hill<\/a> Inn w Vermont, oferuj\u0105 autentyczne wra\u017cenia.<\/li>\n\n\n\n<li><strong>Hotele i domki<\/strong>: Opcje takie jak <a href=\"https:\/\/www.whitemountainhotel.com\/\">White Mountain Hotel<\/a> w North Conway \u0142\u0105cz\u0105 komfort z zapieraj\u0105cymi dech w piersiach widokami.<\/li>\n\n\n\n<li><strong>Kemping <\/strong>: entuzja\u015bci sp\u0119dzania czasu na \u015bwie\u017cym powietrzu mog\u0105 wybra\u0107 obs\u0142ugiwane kempingi, takie jak te w <a href=\"https:\/\/www.nhstateparks.org\/find-parks-trails\/franconia-notch-state-park\">Franconia Notch State Park.<\/a><\/li>\n<\/ul>\n\n<h2 class=\"wp-block-heading\">Zalecany 7-dniowy plan podr\u00f3\u017cy<\/h2>\n\n<figure class=\"wp-block-table\"><table class=\"has-fixed-layout\"><tbody><tr><td class=\"has-text-align-center\" data-align=\"center\"><strong>Dzie\u0144<\/strong><\/td><td class=\"has-text-align-center\" data-align=\"center\"><strong>Region<\/strong><\/td><td class=\"has-text-align-center\" data-align=\"center\"><strong>G\u0142\u00f3wne dzia\u0142ania<\/strong><\/td><td class=\"has-text-align-center\" data-align=\"center\"><strong>Sugerowane zakwaterowanie<\/strong><\/td><\/tr><tr><td class=\"has-text-align-center\" data-align=\"center\">1<\/td><td class=\"has-text-align-center\" data-align=\"center\">Boston do Stowe<\/td><td class=\"has-text-align-center\" data-align=\"center\">Droga do Vermont, przystanek w Woodstock<\/td><td class=\"has-text-align-center\" data-align=\"center\">Stowe<\/td><\/tr><tr><td class=\"has-text-align-center\" data-align=\"center\">2<\/td><td class=\"has-text-align-center\" data-align=\"center\">Green Mountain Byway<\/td><td class=\"has-text-align-center\" data-align=\"center\">Spacer, wizyta w Waterbury<\/td><td class=\"has-text-align-center\" data-align=\"center\">Stowe<\/td><\/tr><tr><td class=\"has-text-align-center\" data-align=\"center\">3<\/td><td class=\"has-text-align-center\" data-align=\"center\">Autostrada Kancamagus<\/td><td class=\"has-text-align-center\" data-align=\"center\">Punkty widokowe, wodospad Sabbaday<\/td><td class=\"has-text-align-center\" data-align=\"center\">North Conway<\/td><\/tr><tr><td class=\"has-text-align-center\" data-align=\"center\">4<\/td><td class=\"has-text-align-center\" data-align=\"center\">G\u00f3ry Bia\u0142e<\/td><td class=\"has-text-align-center\" data-align=\"center\">Piesze wycieczki, Mount Washington Auto Road<\/td><td class=\"has-text-align-center\" data-align=\"center\">North Conway<\/td><\/tr><tr><td class=\"has-text-align-center\" data-align=\"center\">5<\/td><td class=\"has-text-align-center\" data-align=\"center\">Mohawk Trail<\/td><td class=\"has-text-align-center\" data-align=\"center\">Zakr\u0119t, g\u00f3ry Berkshire<\/td><td class=\"has-text-align-center\" data-align=\"center\">Lenox<\/td><\/tr><tr><td class=\"has-text-align-center\" data-align=\"center\">6<\/td><td class=\"has-text-align-center\" data-align=\"center\">Park Narodowy Acadia<\/td><td class=\"has-text-align-center\" data-align=\"center\">G\u00f3ra Cadillac, piaszczysta pla\u017ca<\/td><td class=\"has-text-align-center\" data-align=\"center\">Bar Harbor<\/td><\/tr><tr><td class=\"has-text-align-center\" data-align=\"center\">7<\/td><td class=\"has-text-align-center\" data-align=\"center\">Camden i powr\u00f3t do Bostonu<\/td><td class=\"has-text-align-center\" data-align=\"center\">Nadmorska wioska, spacer po wzg\u00f3rzach<\/td><td class=\"has-text-align-center\" data-align=\"center\">&#8211;<\/td><\/tr><\/tbody><\/table><\/figure>\n\n<p>Ta trasa \u0142\u0105czy w sobie malownicze trasy, przystanki kulturowe i naturalne odkrycia, zapewniaj\u0105c pe\u0142ne wra\u017cenia.<\/p>\n\n<h2 class=\"wp-block-heading\">Miejsca do robienia zdj\u0119\u0107 na Instagramie<\/h2>\n\n<h3 class=\"wp-block-heading\">Miejsca do uchwycenia<\/h3>\n\n<ul class=\"wp-block-list\">\n<li><strong><a href=\"https:\/\/www.nps.gov\/acad\/planyourvisit\/cadillac-mountain.htm\">Cadillac Mountain<\/a> (Park Narodowy Acadia)<\/strong>: najwy\u017cszy punkt na wschodnim wybrze\u017cu, oferuj\u0105cy spektakularne widoki na wsch\u00f3d s\u0142o\u0144ca.<\/li>\n\n\n\n<li><strong><a href=\"https:\/\/www.sleepyhollowtrees.com\/\">Farma Sleepy Hollow<\/a> (Woodstock, Vermont)<\/strong>: Kultowa farma otoczona t\u0119tni\u0105cymi \u017cyciem li\u015b\u0107mi.<\/li>\n\n\n\n<li><strong>W\u0105w\u00f3z Flume (New Hampshire)<\/strong>: Imponuj\u0105ce naturalne miejsce, idealne do zdj\u0119\u0107 zanurzonych w kolorach jesieni.<\/li>\n<\/ul>\n\n<h3 class=\"wp-block-heading\">Wskaz\u00f3wki dotycz\u0105ce udanych uj\u0119\u0107<\/h3>\n\n<p>Sprzyjaj z\u0142otym godzinom, wczesnym rankiem lub pod koniec dnia, aby uchwyci\u0107 najbardziej \u017cywe odcienie. Pami\u0119taj, aby uwzgl\u0119dni\u0107 takie elementy, jak kr\u0119te drogi lub zadaszone mosty, aby nada\u0107 zdj\u0119ciom g\u0142\u0119bi. <\/p>\n\n<h2 class=\"wp-block-heading\">Aktywno\u015bci w zale\u017cno\u015bci od rodzaju podr\u00f3\u017cy<\/h2>\n\n<h3 class=\"wp-block-heading\">Dla par<\/h3>\n\n<ul class=\"wp-block-list\">\n<li><strong>Przeja\u017cd\u017cki bryczk\u0105<\/strong>: Ciesz si\u0119 spokojn\u0105 przeja\u017cd\u017ck\u0105 przez kolorowe lasy, tak jak w <a href=\"https:\/\/www.woodstock.com\/\">Woodstock<\/a> w stanie Vermont.<\/li>\n\n\n\n<li><strong>Jedzenie z widokiem<\/strong>: Restauracje takie jak Cliff House w Bar Harbor oferuj\u0105 wykwintne posi\u0142ki w czaruj\u0105cym otoczeniu.<\/li>\n\n\n\n<li><strong>Obserwacja gwiazd<\/strong>: Z dala od \u015bwiate\u0142 miasta, miejsca takie jak Franconia Notch s\u0105 idealne do podziwiania Drogi Mlecznej.<\/li>\n<\/ul>\n\n<h3 class=\"wp-block-heading\">Z rodzin\u0105: przygody przyjazne dzieciom<\/h3>\n\n<ul class=\"wp-block-list\">\n<li><strong>Dost\u0119pne spacery<\/strong>: Szlaki takie jak te wok\u00f3\u0142 jeziora Echo Lake (New Hampshire) s\u0105 idealne dla dzieci.<\/li>\n\n\n\n<li><strong>Pikniki w sercu natury<\/strong>: zatrzymaj si\u0119 na terenach krajobrazowych <a href=\"https:\/\/www.fs.usda.gov\/gmfl\">Green Mountain National Forest<\/a>.<\/li>\n\n\n\n<li><strong>Zbieranie jab <\/strong>\u0142ek: Kilka sad\u00f3w w Vermont oferuje rodzinne zaj\u0119cia, takie jak zbieranie jab\u0142ek i degustacja cydru.<\/li>\n<\/ul>\n\n<p><br\/>New England Fall Foliage Tour to zaproszenie do zanurzenia si\u0119 w ol\u015bniewaj\u0105cych kolorach jesieni, odkrycia malowniczych wiosek i prze\u017cycia niezapomnianych chwil w samym sercu natury. Niezale\u017cnie od tego, czy szukasz romansu, przygody czy spokoju, ta wycieczka obiecuje spektakularne krajobrazy i ca\u0142kowite zanurzenie si\u0119 w esencji Nowej Anglii. Zaplanuj sw\u00f3j plan podr\u00f3\u017cy i daj si\u0119 uwie\u015b\u0107 magii jesieni!  <\/p>\n","protected":false},"excerpt":{"rendered":"<p>Jak mog\u0119 odwiedzi\u0107 New England Fall Foliage Tour w Stanach Zjednoczonych? Wycieczka New England Fall Foliage Tour to niezapomniane prze\u017cycie dla mi\u0142o\u015bnik\u00f3w przyrody i spektakularnych krajobraz\u00f3w. Ka\u017cdej jesieni lasy Nowej Anglii przybieraj\u0105 jaskrawe barwy, przyci\u0105gaj\u0105c turyst\u00f3w z ca\u0142ego \u015bwiata. Od malowniczych miasteczek po malownicze autostrady, ta wycieczka oferuje wyj\u0105tkowe zanurzenie si\u0119 w ciep\u0142ej jesiennej atmosferze. [&hellip;]<\/p>\n","protected":false},"author":1,"featured_media":0,"parent":0,"menu_order":0,"comment_status":"closed","ping_status":"closed","template":"","meta":{"footnotes":""},"class_list":["post-6245","page","type-page","status-publish","hentry"],"yoast_head":"<!-- This site is optimized with the Yoast SEO plugin v27.4 - https:\/\/yoast.com\/product\/yoast-seo-wordpress\/ -->\n<title>Odkryj wycieczk\u0119 New England Fall Foliage Tour w Stanach Zjednoczonych - USA B2<\/title>\n<meta name=\"description\" content=\"Odkryj New England Fall Foliage Tour w Stanach Zjednoczonych: kultowe miejsca, krajobrazy, zakwaterowanie i trasy.\" \/>\n<meta name=\"robots\" content=\"index, follow, max-snippet:-1, max-image-preview:large, max-video-preview:-1\" \/>\n<link rel=\"canonical\" href=\"https:\/\/usa-b2.com\/pl\/new-england-fall-foliage-tour\/\" \/>\n<meta property=\"og:locale\" content=\"pl_PL\" \/>\n<meta property=\"og:type\" content=\"article\" \/>\n<meta property=\"og:title\" content=\"Odkryj wycieczk\u0119 New England Fall Foliage Tour w Stanach Zjednoczonych - USA B2\" \/>\n<meta property=\"og:description\" content=\"Odkryj New England Fall Foliage Tour w Stanach Zjednoczonych: kultowe miejsca, krajobrazy, zakwaterowanie i trasy.\" \/>\n<meta property=\"og:url\" content=\"https:\/\/usa-b2.com\/pl\/new-england-fall-foliage-tour\/\" \/>\n<meta property=\"og:site_name\" content=\"USA B2\" \/>\n<meta property=\"article:modified_time\" content=\"2025-01-21T10:36:45+00:00\" \/>\n<meta property=\"og:image\" content=\"https:\/\/usa-b2.com\/wp-content\/uploads\/2025\/01\/New-England-Fall-Foliage-Tour-USA-edited.png\" \/>\n\t<meta property=\"og:image:width\" content=\"706\" \/>\n\t<meta property=\"og:image:height\" content=\"397\" \/>\n\t<meta property=\"og:image:type\" content=\"image\/png\" \/>\n<meta name=\"twitter:card\" content=\"summary_large_image\" \/>\n<meta name=\"twitter:label1\" content=\"Szacowany czas czytania\" \/>\n\t<meta name=\"twitter:data1\" content=\"4 minuty\" \/>\n<script type=\"application\/ld+json\" class=\"yoast-schema-graph\">{\"@context\":\"https:\\\/\\\/schema.org\",\"@graph\":[{\"@type\":\"WebPage\",\"@id\":\"https:\\\/\\\/usa-b2.com\\\/pl\\\/new-england-fall-foliage-tour\\\/\",\"url\":\"https:\\\/\\\/usa-b2.com\\\/pl\\\/new-england-fall-foliage-tour\\\/\",\"name\":\"Odkryj wycieczk\u0119 New England Fall Foliage Tour w Stanach Zjednoczonych - USA B2\",\"isPartOf\":{\"@id\":\"https:\\\/\\\/usa-b2.com\\\/pl\\\/#website\"},\"primaryImageOfPage\":{\"@id\":\"https:\\\/\\\/usa-b2.com\\\/pl\\\/new-england-fall-foliage-tour\\\/#primaryimage\"},\"image\":{\"@id\":\"https:\\\/\\\/usa-b2.com\\\/pl\\\/new-england-fall-foliage-tour\\\/#primaryimage\"},\"thumbnailUrl\":\"https:\\\/\\\/usa-b2.com\\\/wp-content\\\/uploads\\\/2025\\\/01\\\/New-England-Fall-Foliage-Tour-USA-edited.png\",\"datePublished\":\"2025-01-15T11:55:39+00:00\",\"dateModified\":\"2025-01-21T10:36:45+00:00\",\"description\":\"Odkryj New England Fall Foliage Tour w Stanach Zjednoczonych: kultowe miejsca, krajobrazy, zakwaterowanie i trasy.\",\"breadcrumb\":{\"@id\":\"https:\\\/\\\/usa-b2.com\\\/pl\\\/new-england-fall-foliage-tour\\\/#breadcrumb\"},\"inLanguage\":\"pl-PL\",\"potentialAction\":[{\"@type\":\"ReadAction\",\"target\":[\"https:\\\/\\\/usa-b2.com\\\/pl\\\/new-england-fall-foliage-tour\\\/\"]}]},{\"@type\":\"ImageObject\",\"inLanguage\":\"pl-PL\",\"@id\":\"https:\\\/\\\/usa-b2.com\\\/pl\\\/new-england-fall-foliage-tour\\\/#primaryimage\",\"url\":\"https:\\\/\\\/usa-b2.com\\\/wp-content\\\/uploads\\\/2025\\\/01\\\/New-England-Fall-Foliage-Tour-USA-edited.png\",\"contentUrl\":\"https:\\\/\\\/usa-b2.com\\\/wp-content\\\/uploads\\\/2025\\\/01\\\/New-England-Fall-Foliage-Tour-USA-edited.png\"},{\"@type\":\"BreadcrumbList\",\"@id\":\"https:\\\/\\\/usa-b2.com\\\/pl\\\/new-england-fall-foliage-tour\\\/#breadcrumb\",\"itemListElement\":[{\"@type\":\"ListItem\",\"position\":1,\"name\":\"Accueil\",\"item\":\"https:\\\/\\\/usa-b2.com\\\/pl\\\/usa\\\/\"},{\"@type\":\"ListItem\",\"position\":2,\"name\":\"Odkryj wycieczk\u0119 New England Fall Foliage Tour w Stanach Zjednoczonych\"}]},{\"@type\":\"WebSite\",\"@id\":\"https:\\\/\\\/usa-b2.com\\\/pl\\\/#website\",\"url\":\"https:\\\/\\\/usa-b2.com\\\/pl\\\/\",\"name\":\"USA B2 VISA\",\"description\":\"\",\"potentialAction\":[{\"@type\":\"SearchAction\",\"target\":{\"@type\":\"EntryPoint\",\"urlTemplate\":\"https:\\\/\\\/usa-b2.com\\\/pl\\\/?s={search_term_string}\"},\"query-input\":{\"@type\":\"PropertyValueSpecification\",\"valueRequired\":true,\"valueName\":\"search_term_string\"}}],\"inLanguage\":\"pl-PL\"}]}<\/script>\n<!-- \/ Yoast SEO plugin. -->","yoast_head_json":{"title":"Odkryj wycieczk\u0119 New England Fall Foliage Tour w Stanach Zjednoczonych - USA B2","description":"Odkryj New England Fall Foliage Tour w Stanach Zjednoczonych: kultowe miejsca, krajobrazy, zakwaterowanie i trasy.","robots":{"index":"index","follow":"follow","max-snippet":"max-snippet:-1","max-image-preview":"max-image-preview:large","max-video-preview":"max-video-preview:-1"},"canonical":"https:\/\/usa-b2.com\/pl\/new-england-fall-foliage-tour\/","og_locale":"pl_PL","og_type":"article","og_title":"Odkryj wycieczk\u0119 New England Fall Foliage Tour w Stanach Zjednoczonych - USA B2","og_description":"Odkryj New England Fall Foliage Tour w Stanach Zjednoczonych: kultowe miejsca, krajobrazy, zakwaterowanie i trasy.","og_url":"https:\/\/usa-b2.com\/pl\/new-england-fall-foliage-tour\/","og_site_name":"USA B2","article_modified_time":"2025-01-21T10:36:45+00:00","og_image":[{"width":706,"height":397,"url":"https:\/\/usa-b2.com\/wp-content\/uploads\/2025\/01\/New-England-Fall-Foliage-Tour-USA-edited.png","type":"image\/png"}],"twitter_card":"summary_large_image","twitter_misc":{"Szacowany czas czytania":"4 minuty"},"schema":{"@context":"https:\/\/schema.org","@graph":[{"@type":"WebPage","@id":"https:\/\/usa-b2.com\/pl\/new-england-fall-foliage-tour\/","url":"https:\/\/usa-b2.com\/pl\/new-england-fall-foliage-tour\/","name":"Odkryj wycieczk\u0119 New England Fall Foliage Tour w Stanach Zjednoczonych - USA B2","isPartOf":{"@id":"https:\/\/usa-b2.com\/pl\/#website"},"primaryImageOfPage":{"@id":"https:\/\/usa-b2.com\/pl\/new-england-fall-foliage-tour\/#primaryimage"},"image":{"@id":"https:\/\/usa-b2.com\/pl\/new-england-fall-foliage-tour\/#primaryimage"},"thumbnailUrl":"https:\/\/usa-b2.com\/wp-content\/uploads\/2025\/01\/New-England-Fall-Foliage-Tour-USA-edited.png","datePublished":"2025-01-15T11:55:39+00:00","dateModified":"2025-01-21T10:36:45+00:00","description":"Odkryj New England Fall Foliage Tour w Stanach Zjednoczonych: kultowe miejsca, krajobrazy, zakwaterowanie i trasy.","breadcrumb":{"@id":"https:\/\/usa-b2.com\/pl\/new-england-fall-foliage-tour\/#breadcrumb"},"inLanguage":"pl-PL","potentialAction":[{"@type":"ReadAction","target":["https:\/\/usa-b2.com\/pl\/new-england-fall-foliage-tour\/"]}]},{"@type":"ImageObject","inLanguage":"pl-PL","@id":"https:\/\/usa-b2.com\/pl\/new-england-fall-foliage-tour\/#primaryimage","url":"https:\/\/usa-b2.com\/wp-content\/uploads\/2025\/01\/New-England-Fall-Foliage-Tour-USA-edited.png","contentUrl":"https:\/\/usa-b2.com\/wp-content\/uploads\/2025\/01\/New-England-Fall-Foliage-Tour-USA-edited.png"},{"@type":"BreadcrumbList","@id":"https:\/\/usa-b2.com\/pl\/new-england-fall-foliage-tour\/#breadcrumb","itemListElement":[{"@type":"ListItem","position":1,"name":"Accueil","item":"https:\/\/usa-b2.com\/pl\/usa\/"},{"@type":"ListItem","position":2,"name":"Odkryj wycieczk\u0119 New England Fall Foliage Tour w Stanach Zjednoczonych"}]},{"@type":"WebSite","@id":"https:\/\/usa-b2.com\/pl\/#website","url":"https:\/\/usa-b2.com\/pl\/","name":"USA B2 VISA","description":"","potentialAction":[{"@type":"SearchAction","target":{"@type":"EntryPoint","urlTemplate":"https:\/\/usa-b2.com\/pl\/?s={search_term_string}"},"query-input":{"@type":"PropertyValueSpecification","valueRequired":true,"valueName":"search_term_string"}}],"inLanguage":"pl-PL"}]}},"_links":{"self":[{"href":"https:\/\/usa-b2.com\/pl\/wp-json\/wp\/v2\/pages\/6245","targetHints":{"allow":["GET"]}}],"collection":[{"href":"https:\/\/usa-b2.com\/pl\/wp-json\/wp\/v2\/pages"}],"about":[{"href":"https:\/\/usa-b2.com\/pl\/wp-json\/wp\/v2\/types\/page"}],"author":[{"embeddable":true,"href":"https:\/\/usa-b2.com\/pl\/wp-json\/wp\/v2\/users\/1"}],"replies":[{"embeddable":true,"href":"https:\/\/usa-b2.com\/pl\/wp-json\/wp\/v2\/comments?post=6245"}],"version-history":[{"count":0,"href":"https:\/\/usa-b2.com\/pl\/wp-json\/wp\/v2\/pages\/6245\/revisions"}],"wp:attachment":[{"href":"https:\/\/usa-b2.com\/pl\/wp-json\/wp\/v2\/media?parent=6245"}],"curies":[{"name":"wp","href":"https:\/\/api.w.org\/{rel}","templated":true}]}}