{"id":6225,"date":"2025-01-15T10:13:22","date_gmt":"2025-01-15T10:13:22","guid":{"rendered":"https:\/\/usa-b2.com\/blue-ridge-parkway-stany-zjednoczone\/"},"modified":"2025-01-21T10:35:16","modified_gmt":"2025-01-21T10:35:16","slug":"blue-ridge-parkway-stany-zjednoczone","status":"publish","type":"page","link":"https:\/\/usa-b2.com\/pl\/blue-ridge-parkway-stany-zjednoczone\/","title":{"rendered":"Odkryj Blue Ridge Parkway w Stanach Zjednoczonych"},"content":{"rendered":"\n<h1 class=\"wp-block-heading\">Jak zaplanowa\u0107 wycieczk\u0119 po Blue Ridge Parkway?<\/h1>\n\n<p><a href=\"https:\/\/www.blueridgeparkway.org\/\">Blue Ridge Parkway<\/a>, nazywana &#8222;ulubion\u0105 drog\u0105 Ameryki&#8221;, jest jedn\u0105 z najpi\u0119kniejszych tras widokowych w Stanach Zjednoczonych. Ci\u0105gn\u0105ca si\u0119 przez prawie 755 kilometr\u00f3w mi\u0119dzy <a href=\"https:\/\/www.virginia.org\/\">Wirgini\u0105<\/a> a Karolin\u0105 P\u00f3\u0142nocn\u0105, ta legendarna trasa przebiega przez zapieraj\u0105ce dech w piersiach krajobrazy, od zielonych g\u00f3r po spokojne doliny. Niezale\u017cnie od tego, czy jeste\u015b entuzjast\u0105 pieszych w\u0119dr\u00f3wek, zapalonym fotografem, czy po prostu szukasz ciszy i spokoju, ten kompleksowy przewodnik powie Ci wszystko, co musisz wiedzie\u0107, aby jak najlepiej wykorzysta\u0107 t\u0119 legendarn\u0105 podr\u00f3\u017c.  <\/p>\n\n<figure class=\"wp-block-image size-full\"><img fetchpriority=\"high\" decoding=\"async\" width=\"597\" height=\"336\" src=\"https:\/\/usa-b2.com\/wp-content\/uploads\/2025\/01\/Blue-Ridge-Parkway-Virginie-Caroline-Nord-USA-edited.png\" alt=\"\" class=\"wp-image-6796\" srcset=\"https:\/\/usa-b2.com\/wp-content\/uploads\/2025\/01\/Blue-Ridge-Parkway-Virginie-Caroline-Nord-USA-edited.png 597w, https:\/\/usa-b2.com\/wp-content\/uploads\/2025\/01\/Blue-Ridge-Parkway-Virginie-Caroline-Nord-USA-edited-300x169.png 300w\" sizes=\"(max-width: 597px) 100vw, 597px\" \/><\/figure>\n\n<h2 class=\"wp-block-heading\">Odkryj Blue Ridge Parkway<\/h2>\n\n<h3 class=\"wp-block-heading\">Nie do przegapienia<\/h3>\n\n<ul class=\"wp-block-list\">\n<li><strong>Punkt milowy 0<\/strong>: Afton Overlook (Wirginia): Spektakularny widok na otaczaj\u0105ce g\u00f3ry.<\/li>\n\n\n\n<li><strong>Milepost 85<\/strong>: Peaks of Otter: Dost\u0119pne szlaki turystyczne i malownicze jezioro idealne na piknik.<\/li>\n\n\n\n<li><strong>Milepost 316<\/strong>: Linville Falls, Karolina P\u00f3\u0142nocna: Imponuj\u0105cy wodospad, idealny dla entuzjast\u00f3w fotografii.<\/li>\n\n\n\n<li><strong>Milepost 469<\/strong>: Cherokee: Koniec trasy Parkway, w pobli\u017cu Parku Narodowego Great Smoky Mountains.<\/li>\n<\/ul>\n\n<h3 class=\"wp-block-heading\">Zr\u00f3\u017cnicowane krajobrazy wzd\u0142u\u017c trasy<\/h3>\n\n<p>Blue Ridge Parkway oferuje r\u00f3\u017cnorodne widoki, od g\u0119stych las\u00f3w Wirginii po surowe szczyty Karoliny P\u00f3\u0142nocnej. Jesieni\u0105 p\u0142on\u0105ce li\u015bcie przyci\u0105gaj\u0105 turyst\u00f3w z ca\u0142ego \u015bwiata, a wiosn\u0105 dzikie kwiaty pokrywaj\u0105 pobocza. Tunele wyci\u0119te w g\u00f3rach dodaj\u0105 malowniczego charakteru temu do\u015bwiadczeniu.  <\/p>\n\n<h2 class=\"wp-block-heading\">Gdzie si\u0119 zatrzyma\u0107: zakwaterowanie i strategiczne miasta<\/h2>\n\n<h3 class=\"wp-block-heading\">Preferowane miasta przystankowe<\/h3>\n\n<ul class=\"wp-block-list\">\n<li><strong><a href=\"https:\/\/www.roanokeva.gov\/148\/Visitors-Tourism\">Roanoke<\/a> (Wirginia)<\/strong>: Idealne do zwiedzania p\u00f3\u0142nocnej cz\u0119\u015bci Parkway, to miasto oferuje wygodne hotele i t\u0119tni\u0105ce \u017cyciem restauracje.<\/li>\n\n\n\n<li><strong><a href=\"https:\/\/www.exploreasheville.com\/\">Asheville<\/a> (Karolina P\u00f3\u0142nocna) <\/strong>: Obowi\u0105zkowy przystanek dla mi\u0142o\u015bnik\u00f3w sztuki, muzyki i lokalnej kuchni.<\/li>\n\n\n\n<li><strong><a href=\"https:\/\/blowingrock.com\/\">Blowing Rock<\/a> (Karolina P\u00f3\u0142nocna)<\/strong>: Urocze miasteczko znane ze sklep\u00f3w, restauracji i g\u00f3rskiej atmosfery.<\/li>\n<\/ul>\n\n<h3 class=\"wp-block-heading\">Zakwaterowanie w Parkway i okolicach<\/h3>\n\n<ul class=\"wp-block-list\">\n<li><strong>Historyczne domki<\/strong>: <a href=\"https:\/\/www.peaksofotter.com\/\">Peaks of Otter Lodge<\/a> i Pisgah Inn oferuj\u0105 autentyczne otoczenie i zapieraj\u0105ce dech w piersiach widoki.<\/li>\n\n\n\n<li><strong>Kemping<\/strong>: Dobrze wyposa\u017cone kempingi, takie jak Doughton Park, oferuj\u0105 ca\u0142kowite zanurzenie w naturze.<\/li>\n<\/ul>\n\n<h2 class=\"wp-block-heading\">Zalecany 5-dniowy plan podr\u00f3\u017cy<\/h2>\n\n<figure class=\"wp-block-table\"><table class=\"has-fixed-layout\"><tbody><tr><td class=\"has-text-align-center\" data-align=\"center\"><strong>Dzie\u0144<\/strong><\/td><td class=\"has-text-align-center\" data-align=\"center\"><strong>Sekcja<\/strong><\/td><td class=\"has-text-align-center\" data-align=\"center\"><strong>G\u0142\u00f3wne dzia\u0142ania<\/strong><\/td><td class=\"has-text-align-center\" data-align=\"center\"><strong>Sugerowane zakwaterowanie<\/strong><\/td><\/tr><tr><td class=\"has-text-align-center\" data-align=\"center\">1<\/td><td class=\"has-text-align-center\" data-align=\"center\">Z Afton do Roanoke<\/td><td class=\"has-text-align-center\" data-align=\"center\">Afton Overlook, Humpback Rock<\/td><td class=\"has-text-align-center\" data-align=\"center\">Roanoke<\/td><\/tr><tr><td class=\"has-text-align-center\" data-align=\"center\">2<\/td><td class=\"has-text-align-center\" data-align=\"center\">Roanoke do Blowing Rock<\/td><td class=\"has-text-align-center\" data-align=\"center\">Rock Peaks of Otter, Mabry Mill<\/td><td class=\"has-text-align-center\" data-align=\"center\">Blowing Rock<\/td><\/tr><tr><td class=\"has-text-align-center\" data-align=\"center\">3<\/td><td class=\"has-text-align-center\" data-align=\"center\">Blowing Rock w Asheville<\/td><td class=\"has-text-align-center\" data-align=\"center\">Wodospad Linville, G\u00f3ra Dziadka<\/td><td class=\"has-text-align-center\" data-align=\"center\">Asheville<\/td><\/tr><tr><td class=\"has-text-align-center\" data-align=\"center\">4<\/td><td class=\"has-text-align-center\" data-align=\"center\">Asheville do Mount Pisgah<\/td><td class=\"has-text-align-center\" data-align=\"center\">Pisgah Inn, Craggy Gardens<\/td><td class=\"has-text-align-center\" data-align=\"center\">Pisgah Inn<\/td><\/tr><tr><td class=\"has-text-align-center\" data-align=\"center\">5<\/td><td class=\"has-text-align-center\" data-align=\"center\">Mount Pisgah w <a href=\"https:\/\/visitcherokeenc.com\/\">Cherokee<\/a><\/td><td class=\"has-text-align-center\" data-align=\"center\">Waterrock Knob, Cherokee<\/td><td class=\"has-text-align-center\" data-align=\"center\">Cherokee<\/td><\/tr><\/tbody><\/table><\/figure>\n\n<p><br\/>Ta trasa pozwala odkry\u0107 najwa\u017cniejsze atrakcje Parkway, jednocze\u015bnie r\u00f3wnowa\u017c\u0105c eksploracj\u0119 i relaks.<\/p>\n\n<h2 class=\"wp-block-heading\">Miejsca do robienia zdj\u0119\u0107 na Instagramie<\/h2>\n\n<h3 class=\"wp-block-heading\">Idealne krajobrazy do zdj\u0119\u0107<\/h3>\n\n<p>Blue Ridge Parkway jest pe\u0142na fotogenicznych miejsc. Nale\u017c\u0105 do nich: <\/p>\n\n<ul class=\"wp-block-list\">\n<li><strong>Craggy Gardens (Milepost 364)<\/strong>: Kolorowe widoki, szczeg\u00f3lnie wiosn\u0105.<\/li>\n\n\n\n<li><strong>Mabry Mill (Milepost 176)<\/strong>: Stary kamie\u0144 m\u0142y\u0144ski otoczony bukoliczn\u0105 okolic\u0105, idealny do rustykalnych zdj\u0119\u0107.<\/li>\n\n\n\n<li><strong>Waterrock Knob (Milepost 451)<\/strong>: Spektakularny widok o zachodzie s\u0142o\u0144ca.<\/li>\n<\/ul>\n\n<h3 class=\"wp-block-heading\">Wskaz\u00f3wki dotycz\u0105ce uwieczniania Parkway<\/h3>\n\n<p>Aby uzyska\u0107 najlepsze zdj\u0119cia, skup si\u0119 na wschodach i zachodach s\u0142o\u0144ca, kiedy \u015bwiat\u0142o jest mi\u0119kkie, a kolory \u017cywe. Nie zapomnij uchwyci\u0107 kultowych tuneli i kr\u0119tych zakr\u0119t\u00f3w drogi. <\/p>\n\n<h2 class=\"wp-block-heading\">Aktywno\u015bci w zale\u017cno\u015bci od rodzaju podr\u00f3\u017cy<\/h2>\n\n<h3 class=\"wp-block-heading\">Dla par: romantyczne chwile<\/h3>\n\n<ul class=\"wp-block-list\">\n<li><strong>Spokojne spacery i punkty widokowe<\/strong>: Szlaki takie jak Flat Top Trail w Peaks of Otter oferuj\u0105 chwile ciszy i spokoju dla dwojga.<\/li>\n\n\n\n<li><strong>Lokalne degustacje <\/strong>: W Asheville mo\u017cna skosztowa\u0107 regionalnych potraw i win w przyjaznej atmosferze.<\/li>\n\n\n\n<li><strong>Obserwacja gwiazd<\/strong>: Niskie zanieczyszczenie \u015bwiat\u0142em Parkway sprawia, \u017ce jest to idealne miejsce do kontemplacji Drogi Mlecznej.<\/li>\n<\/ul>\n\n<h3 class=\"wp-block-heading\">Z rodzin\u0105: przygody przyjazne dzieciom<\/h3>\n\n<ul class=\"wp-block-list\">\n<li><strong>Zaj\u0119cia edukacyjne<\/strong>: Centra dla zwiedzaj\u0105cych, takie jak Humpback Rocks, oferuj\u0105 interaktywne programy dla dzieci.<\/li>\n\n\n\n<li><strong>Dost\u0119pne spacery <\/strong>: Szlak Linville Falls jest kr\u00f3tki i \u0142atwy, idealny dla rodzin z ma\u0142ymi dzie\u0107mi.<\/li>\n\n\n\n<li><strong>Pikniki na \u015bwie\u017cym powietrzu<\/strong>: Kilka obszar\u00f3w wzd\u0142u\u017c Parkway, takich jak Doughton Park, jest idealnym miejscem na posi\u0142ek na \u015bwie\u017cym powietrzu.<\/li>\n<\/ul>\n\n<p>Blue Ridge Parkway to znacznie wi\u0119cej ni\u017c tylko droga: to wci\u0105gaj\u0105ce do\u015bwiadczenie w samym sercu naturalnego pi\u0119kna Ameryki. Niezale\u017cnie od tego, czy szukasz przygody, relaksu czy rodzinnych wspomnie\u0144, ta podr\u00f3\u017c pozostawi niezapomniane obrazy i wra\u017cenia. Zaplanuj tras\u0119, ruszaj w drog\u0119 i daj si\u0119 oczarowa\u0107 cudom g\u00f3r Blue Ridge.  <\/p>\n","protected":false},"excerpt":{"rendered":"<p>Jak zaplanowa\u0107 wycieczk\u0119 po Blue Ridge Parkway? Blue Ridge Parkway, nazywana &#8222;ulubion\u0105 drog\u0105 Ameryki&#8221;, jest jedn\u0105 z najpi\u0119kniejszych tras widokowych w Stanach Zjednoczonych. Ci\u0105gn\u0105ca si\u0119 przez prawie 755 kilometr\u00f3w mi\u0119dzy Wirgini\u0105 a Karolin\u0105 P\u00f3\u0142nocn\u0105, ta legendarna trasa przebiega przez zapieraj\u0105ce dech w piersiach krajobrazy, od zielonych g\u00f3r po spokojne doliny. Niezale\u017cnie od tego, czy jeste\u015b [&hellip;]<\/p>\n","protected":false},"author":1,"featured_media":0,"parent":0,"menu_order":0,"comment_status":"closed","ping_status":"closed","template":"","meta":{"footnotes":""},"class_list":["post-6225","page","type-page","status-publish","hentry"],"yoast_head":"<!-- This site is optimized with the Yoast SEO plugin v27.4 - https:\/\/yoast.com\/product\/yoast-seo-wordpress\/ -->\n<title>Odkryj Blue Ridge Parkway w Stanach Zjednoczonych - USA B2<\/title>\n<meta name=\"description\" content=\"Odkryj Blue Ridge Parkway: trasy, najlepsze zakwaterowanie, miejsca na zdj\u0119cia i atrakcje dla par i rodzin!\" \/>\n<meta name=\"robots\" content=\"index, follow, max-snippet:-1, max-image-preview:large, max-video-preview:-1\" \/>\n<link rel=\"canonical\" href=\"https:\/\/usa-b2.com\/pl\/blue-ridge-parkway-stany-zjednoczone\/\" \/>\n<meta property=\"og:locale\" content=\"pl_PL\" \/>\n<meta property=\"og:type\" content=\"article\" \/>\n<meta property=\"og:title\" content=\"Odkryj Blue Ridge Parkway w Stanach Zjednoczonych - USA B2\" \/>\n<meta property=\"og:description\" content=\"Odkryj Blue Ridge Parkway: trasy, najlepsze zakwaterowanie, miejsca na zdj\u0119cia i atrakcje dla par i rodzin!\" \/>\n<meta property=\"og:url\" content=\"https:\/\/usa-b2.com\/pl\/blue-ridge-parkway-stany-zjednoczone\/\" \/>\n<meta property=\"og:site_name\" content=\"USA B2\" \/>\n<meta property=\"article:modified_time\" content=\"2025-01-21T10:35:16+00:00\" \/>\n<meta property=\"og:image\" content=\"https:\/\/usa-b2.com\/wp-content\/uploads\/2025\/01\/Blue-Ridge-Parkway-Virginie-Caroline-Nord-USA-edited.png\" \/>\n\t<meta property=\"og:image:width\" content=\"597\" \/>\n\t<meta property=\"og:image:height\" content=\"336\" \/>\n\t<meta property=\"og:image:type\" content=\"image\/png\" \/>\n<meta name=\"twitter:card\" content=\"summary_large_image\" \/>\n<meta name=\"twitter:label1\" content=\"Szacowany czas czytania\" \/>\n\t<meta name=\"twitter:data1\" content=\"3 minuty\" \/>\n<script type=\"application\/ld+json\" class=\"yoast-schema-graph\">{\"@context\":\"https:\\\/\\\/schema.org\",\"@graph\":[{\"@type\":\"WebPage\",\"@id\":\"https:\\\/\\\/usa-b2.com\\\/pl\\\/blue-ridge-parkway-stany-zjednoczone\\\/\",\"url\":\"https:\\\/\\\/usa-b2.com\\\/pl\\\/blue-ridge-parkway-stany-zjednoczone\\\/\",\"name\":\"Odkryj Blue Ridge Parkway w Stanach Zjednoczonych - USA B2\",\"isPartOf\":{\"@id\":\"https:\\\/\\\/usa-b2.com\\\/pl\\\/#website\"},\"primaryImageOfPage\":{\"@id\":\"https:\\\/\\\/usa-b2.com\\\/pl\\\/blue-ridge-parkway-stany-zjednoczone\\\/#primaryimage\"},\"image\":{\"@id\":\"https:\\\/\\\/usa-b2.com\\\/pl\\\/blue-ridge-parkway-stany-zjednoczone\\\/#primaryimage\"},\"thumbnailUrl\":\"https:\\\/\\\/usa-b2.com\\\/wp-content\\\/uploads\\\/2025\\\/01\\\/Blue-Ridge-Parkway-Virginie-Caroline-Nord-USA-edited.png\",\"datePublished\":\"2025-01-15T10:13:22+00:00\",\"dateModified\":\"2025-01-21T10:35:16+00:00\",\"description\":\"Odkryj Blue Ridge Parkway: trasy, najlepsze zakwaterowanie, miejsca na zdj\u0119cia i atrakcje dla par i rodzin!\",\"breadcrumb\":{\"@id\":\"https:\\\/\\\/usa-b2.com\\\/pl\\\/blue-ridge-parkway-stany-zjednoczone\\\/#breadcrumb\"},\"inLanguage\":\"pl-PL\",\"potentialAction\":[{\"@type\":\"ReadAction\",\"target\":[\"https:\\\/\\\/usa-b2.com\\\/pl\\\/blue-ridge-parkway-stany-zjednoczone\\\/\"]}]},{\"@type\":\"ImageObject\",\"inLanguage\":\"pl-PL\",\"@id\":\"https:\\\/\\\/usa-b2.com\\\/pl\\\/blue-ridge-parkway-stany-zjednoczone\\\/#primaryimage\",\"url\":\"https:\\\/\\\/usa-b2.com\\\/wp-content\\\/uploads\\\/2025\\\/01\\\/Blue-Ridge-Parkway-Virginie-Caroline-Nord-USA-edited.png\",\"contentUrl\":\"https:\\\/\\\/usa-b2.com\\\/wp-content\\\/uploads\\\/2025\\\/01\\\/Blue-Ridge-Parkway-Virginie-Caroline-Nord-USA-edited.png\"},{\"@type\":\"BreadcrumbList\",\"@id\":\"https:\\\/\\\/usa-b2.com\\\/pl\\\/blue-ridge-parkway-stany-zjednoczone\\\/#breadcrumb\",\"itemListElement\":[{\"@type\":\"ListItem\",\"position\":1,\"name\":\"Accueil\",\"item\":\"https:\\\/\\\/usa-b2.com\\\/pl\\\/usa\\\/\"},{\"@type\":\"ListItem\",\"position\":2,\"name\":\"Odkryj Blue Ridge Parkway w Stanach Zjednoczonych\"}]},{\"@type\":\"WebSite\",\"@id\":\"https:\\\/\\\/usa-b2.com\\\/pl\\\/#website\",\"url\":\"https:\\\/\\\/usa-b2.com\\\/pl\\\/\",\"name\":\"USA B2 VISA\",\"description\":\"\",\"potentialAction\":[{\"@type\":\"SearchAction\",\"target\":{\"@type\":\"EntryPoint\",\"urlTemplate\":\"https:\\\/\\\/usa-b2.com\\\/pl\\\/?s={search_term_string}\"},\"query-input\":{\"@type\":\"PropertyValueSpecification\",\"valueRequired\":true,\"valueName\":\"search_term_string\"}}],\"inLanguage\":\"pl-PL\"}]}<\/script>\n<!-- \/ Yoast SEO plugin. -->","yoast_head_json":{"title":"Odkryj Blue Ridge Parkway w Stanach Zjednoczonych - USA B2","description":"Odkryj Blue Ridge Parkway: trasy, najlepsze zakwaterowanie, miejsca na zdj\u0119cia i atrakcje dla par i rodzin!","robots":{"index":"index","follow":"follow","max-snippet":"max-snippet:-1","max-image-preview":"max-image-preview:large","max-video-preview":"max-video-preview:-1"},"canonical":"https:\/\/usa-b2.com\/pl\/blue-ridge-parkway-stany-zjednoczone\/","og_locale":"pl_PL","og_type":"article","og_title":"Odkryj Blue Ridge Parkway w Stanach Zjednoczonych - USA B2","og_description":"Odkryj Blue Ridge Parkway: trasy, najlepsze zakwaterowanie, miejsca na zdj\u0119cia i atrakcje dla par i rodzin!","og_url":"https:\/\/usa-b2.com\/pl\/blue-ridge-parkway-stany-zjednoczone\/","og_site_name":"USA B2","article_modified_time":"2025-01-21T10:35:16+00:00","og_image":[{"width":597,"height":336,"url":"https:\/\/usa-b2.com\/wp-content\/uploads\/2025\/01\/Blue-Ridge-Parkway-Virginie-Caroline-Nord-USA-edited.png","type":"image\/png"}],"twitter_card":"summary_large_image","twitter_misc":{"Szacowany czas czytania":"3 minuty"},"schema":{"@context":"https:\/\/schema.org","@graph":[{"@type":"WebPage","@id":"https:\/\/usa-b2.com\/pl\/blue-ridge-parkway-stany-zjednoczone\/","url":"https:\/\/usa-b2.com\/pl\/blue-ridge-parkway-stany-zjednoczone\/","name":"Odkryj Blue Ridge Parkway w Stanach Zjednoczonych - USA B2","isPartOf":{"@id":"https:\/\/usa-b2.com\/pl\/#website"},"primaryImageOfPage":{"@id":"https:\/\/usa-b2.com\/pl\/blue-ridge-parkway-stany-zjednoczone\/#primaryimage"},"image":{"@id":"https:\/\/usa-b2.com\/pl\/blue-ridge-parkway-stany-zjednoczone\/#primaryimage"},"thumbnailUrl":"https:\/\/usa-b2.com\/wp-content\/uploads\/2025\/01\/Blue-Ridge-Parkway-Virginie-Caroline-Nord-USA-edited.png","datePublished":"2025-01-15T10:13:22+00:00","dateModified":"2025-01-21T10:35:16+00:00","description":"Odkryj Blue Ridge Parkway: trasy, najlepsze zakwaterowanie, miejsca na zdj\u0119cia i atrakcje dla par i rodzin!","breadcrumb":{"@id":"https:\/\/usa-b2.com\/pl\/blue-ridge-parkway-stany-zjednoczone\/#breadcrumb"},"inLanguage":"pl-PL","potentialAction":[{"@type":"ReadAction","target":["https:\/\/usa-b2.com\/pl\/blue-ridge-parkway-stany-zjednoczone\/"]}]},{"@type":"ImageObject","inLanguage":"pl-PL","@id":"https:\/\/usa-b2.com\/pl\/blue-ridge-parkway-stany-zjednoczone\/#primaryimage","url":"https:\/\/usa-b2.com\/wp-content\/uploads\/2025\/01\/Blue-Ridge-Parkway-Virginie-Caroline-Nord-USA-edited.png","contentUrl":"https:\/\/usa-b2.com\/wp-content\/uploads\/2025\/01\/Blue-Ridge-Parkway-Virginie-Caroline-Nord-USA-edited.png"},{"@type":"BreadcrumbList","@id":"https:\/\/usa-b2.com\/pl\/blue-ridge-parkway-stany-zjednoczone\/#breadcrumb","itemListElement":[{"@type":"ListItem","position":1,"name":"Accueil","item":"https:\/\/usa-b2.com\/pl\/usa\/"},{"@type":"ListItem","position":2,"name":"Odkryj Blue Ridge Parkway w Stanach Zjednoczonych"}]},{"@type":"WebSite","@id":"https:\/\/usa-b2.com\/pl\/#website","url":"https:\/\/usa-b2.com\/pl\/","name":"USA B2 VISA","description":"","potentialAction":[{"@type":"SearchAction","target":{"@type":"EntryPoint","urlTemplate":"https:\/\/usa-b2.com\/pl\/?s={search_term_string}"},"query-input":{"@type":"PropertyValueSpecification","valueRequired":true,"valueName":"search_term_string"}}],"inLanguage":"pl-PL"}]}},"_links":{"self":[{"href":"https:\/\/usa-b2.com\/pl\/wp-json\/wp\/v2\/pages\/6225","targetHints":{"allow":["GET"]}}],"collection":[{"href":"https:\/\/usa-b2.com\/pl\/wp-json\/wp\/v2\/pages"}],"about":[{"href":"https:\/\/usa-b2.com\/pl\/wp-json\/wp\/v2\/types\/page"}],"author":[{"embeddable":true,"href":"https:\/\/usa-b2.com\/pl\/wp-json\/wp\/v2\/users\/1"}],"replies":[{"embeddable":true,"href":"https:\/\/usa-b2.com\/pl\/wp-json\/wp\/v2\/comments?post=6225"}],"version-history":[{"count":0,"href":"https:\/\/usa-b2.com\/pl\/wp-json\/wp\/v2\/pages\/6225\/revisions"}],"wp:attachment":[{"href":"https:\/\/usa-b2.com\/pl\/wp-json\/wp\/v2\/media?parent=6225"}],"curies":[{"name":"wp","href":"https:\/\/api.w.org\/{rel}","templated":true}]}}