{"id":6168,"date":"2025-01-15T09:17:49","date_gmt":"2025-01-15T09:17:49","guid":{"rendered":"https:\/\/usa-b2.com\/yosemite-sierra-nevada-stany-zjednoczone\/"},"modified":"2025-12-30T09:34:21","modified_gmt":"2025-12-30T09:34:21","slug":"yosemite-sierra-nevada-stany-zjednoczone","status":"publish","type":"page","link":"https:\/\/usa-b2.com\/pl\/yosemite-sierra-nevada-stany-zjednoczone\/","title":{"rendered":"Odkryj park Yosemite w centrum Sierra Nevada w Stanach Zjednoczonych"},"content":{"rendered":"\n<h1 class=\"wp-block-heading\">Jak zorganizowa\u0107 podr\u00f3\u017c przez park Yosemite w Sierra Nevada?<\/h1>\n\n<p><a href=\"https:\/\/www.yosemite.com\/\">Yosemite<\/a> i <a href=\"https:\/\/sierranevadageotourism.org\/\">Sierra Nevada<\/a>, naturalne klejnoty Kalifornii, co roku przyci\u0105gaj\u0105 miliony turyst\u00f3w. Ze swoimi kultowymi krajobrazami, majestatycznymi wodospadami i wysokimi g\u00f3rami, Park Narodowy Yosemite jest obowi\u0105zkowym miejscem dla mi\u0142o\u015bnik\u00f3w przyrody. Sierra Nevada jest domem dla takich skarb\u00f3w jak <a href=\"https:\/\/visitlaketahoe.com\/fr\/\">jezioro Tahoe<\/a>, gigantyczne sekwoje i urocze miasteczka. W tym przewodniku znajdziesz wszystko, co musisz wiedzie\u0107, aby zaplanowa\u0107 swoj\u0105 podr\u00f3\u017c: trasy, zakwaterowanie, miejsca do fotografowania i atrakcje dla wszystkich typ\u00f3w podr\u00f3\u017cnik\u00f3w.<\/p>\n\n<figure class=\"wp-block-image size-full\"><img fetchpriority=\"high\" decoding=\"async\" width=\"719\" height=\"404\" src=\"https:\/\/usa-b2.com\/wp-content\/uploads\/2025\/01\/Sierra-Nevada-National-Park-California-USA-edited-1.png\" alt=\"\" class=\"wp-image-6678\" srcset=\"https:\/\/usa-b2.com\/wp-content\/uploads\/2025\/01\/Sierra-Nevada-National-Park-California-USA-edited-1.png 719w, https:\/\/usa-b2.com\/wp-content\/uploads\/2025\/01\/Sierra-Nevada-National-Park-California-USA-edited-1-300x169.png 300w\" sizes=\"(max-width: 719px) 100vw, 719px\" \/><\/figure>\n\n<h2 class=\"wp-block-heading\">Odkryj Yosemite i Sierra Nevada: kultowe miejsca i spektakularne krajobrazy<\/h2>\n\n<h3 class=\"wp-block-heading\">Obowi\u0105zkowe miejsca w Parku Narodowym Yosemite<\/h3>\n\n<h4 class=\"wp-block-heading\">Charakterystyczne miejsca: Half Dome, El Capitan i wodospady<\/h4>\n\n<p>Yosemite s\u0142ynie z imponuj\u0105cych formacji skalnych, takich jak <strong>Half Dome<\/strong> i <strong>El Capitan<\/strong>, popularnego celu wspinaczkowego. <strong>Wodospad Yosemite<\/strong>, jeden z najwy\u017cszych wodospad\u00f3w w Ameryce P\u00f3\u0142nocnej, to spektakularny widok, szczeg\u00f3lnie wiosn\u0105.<\/p>\n\n<h4 class=\"wp-block-heading\">Gigantyczne sekwoje w Mariposa Grove<\/h4>\n\n<p>Na po\u0142udnie od parku, <strong>Mariposa Grove<\/strong> jest domem dla ponad 500 gigantycznych sekwoi, w tym s\u0142ynnych <strong><strong>Grizzly Giant<\/strong><\/strong>. Spacer w\u015br\u00f3d tych tysi\u0105cletnich drzew to niezapomniane prze\u017cycie.<\/p>\n\n<h4 class=\"wp-block-heading\">Dolina Yosemite: raj dla w\u0119drowc\u00f3w<\/h4>\n\n<p>Dolina jest sercem parku, oferuj\u0105c dost\u0119pne szlaki, takie jak <strong>Mist Trail<\/strong>, prowadz\u0105cy do wspania\u0142ych wodospad\u00f3w Vernal i Nevada.<\/p>\n\n<h3 class=\"wp-block-heading\">Sierra Nevada: ukryte skarby i zr\u00f3\u017cnicowane krajobrazy<\/h3>\n\n<h4 class=\"wp-block-heading\">Jezioro Tahoe: krystalicznie czysta woda i g\u00f3ry<\/h4>\n\n<p>Po\u0142o\u017cone na granicy Kalifornii i Nevady <strong>jezioro Tahoe<\/strong> s\u0142ynie z turkusowych w\u00f3d. Latem mo\u017cna tu wios\u0142owa\u0107 lub w\u0119drowa\u0107, a zim\u0105 kr\u00f3luje narciarstwo.<\/p>\n\n<h4 class=\"wp-block-heading\">Mammoth Lakes: raj dla mi\u0142o\u015bnik\u00f3w przyg\u00f3d<\/h4>\n\n<p>Region ten jest idealny do aktywno\u015bci na \u015bwie\u017cym powietrzu, z malowniczymi jeziorami, naturalnymi gor\u0105cymi \u017ar\u00f3d\u0142ami i znanymi na ca\u0142ym \u015bwiecie stokami narciarskimi.<\/p>\n\n<h4 class=\"wp-block-heading\">Droga Tioga: panoramiczny przejazd<\/h4>\n\n<p>Tioga Road przecina g\u00f3ry i oferuje spektakularne widoki na szczyty i alpejskie \u0142\u0105ki. Zatrzymaj si\u0119 w Tuolumne Meadows na chwil\u0119 ciszy z dala od t\u0142um\u00f3w.<\/p>\n\n<h2 class=\"wp-block-heading\">Gdzie si\u0119 zatrzyma\u0107: zakwaterowanie i strategiczne miasta<\/h2>\n\n<h3 class=\"wp-block-heading\">Miasta, w kt\u00f3rych warto si\u0119 zatrzyma\u0107<\/h3>\n\n<h4 class=\"wp-block-heading\">Yosemite Village: w samym sercu parku<\/h4>\n\n<p>Pobyt w Yosemite Village oznacza, \u017ce jeste\u015b zaledwie kilka minut od wszystkich g\u0142\u00f3wnych atrakcji. Dost\u0119pne opcje obejmuj\u0105 hotele takie jak <strong><a href=\"https:\/\/www.travelyosemite.com\/lodging\/yosemite-valley-lodge\/\">Yosemite Valley Lodge<\/a><\/strong> i kempingi dla poszukiwaczy przyg\u00f3d.<\/p>\n\n<h4 class=\"wp-block-heading\">Oakhurst i Mariposa: praktyczne alternatywy<\/h4>\n\n<p>Te dwa miasta przy po\u0142udniowym wej\u015bciu do parku oferuj\u0105 r\u00f3\u017cnorodne zakwaterowanie, od niedrogich moteli po luksusowe domki.<\/p>\n\n<h3 class=\"wp-block-heading\">Zakwaterowanie w Sierra Nevada<\/h3>\n\n<h4 class=\"wp-block-heading\">Komfort domk\u00f3w w Mammoth Lakes<\/h4>\n\n<p>Domki letniskowe i hotele w <a href=\"https:\/\/www.visitmammoth.com\/\">Mammoth Lakes<\/a> s\u0105 idealnym miejscem do zwiedzania regionu, zar\u00f3wno podczas letnich w\u0119dr\u00f3wek, jak i uprawiania sport\u00f3w zimowych.<\/p>\n\n<h4 class=\"wp-block-heading\">Kempingi i domki letniskowe w pobli\u017cu jeziora Tahoe<\/h4>\n\n<p>Aby uzyska\u0107 wci\u0105gaj\u0105ce wra\u017cenia, wybierz kemping lub domek letniskowy w pobli\u017cu jeziora Tahoe. Te miejsca noclegowe pozwalaj\u0105 w pe\u0142ni wykorzysta\u0107 mo\u017cliwo\u015bci sport\u00f3w wodnych i okolicznych krajobraz\u00f3w.<\/p>\n\n<h2 class=\"wp-block-heading\">Zalecany plan podr\u00f3\u017cy : Odkryj Yosemite i Sierra Nevada w 7 dni<\/h2>\n\n<figure class=\"wp-block-table\"><table class=\"has-fixed-layout\"><tbody><tr><td class=\"has-text-align-center\" data-align=\"center\"><strong>Dzie\u0144<\/strong><\/td><td class=\"has-text-align-center\" data-align=\"center\"><strong>Cel podr\u00f3\u017cy<\/strong><\/td><td class=\"has-text-align-center\" data-align=\"center\"><strong>G\u0142\u00f3wne dzia\u0142ania<\/strong><\/td><td class=\"has-text-align-center\" data-align=\"center\"><strong>Sugerowane zakwaterowanie<\/strong><\/td><\/tr><tr><td class=\"has-text-align-center\" data-align=\"center\">1<\/td><td class=\"has-text-align-center\" data-align=\"center\">Dolina Yosemite<\/td><td class=\"has-text-align-center\" data-align=\"center\">Wodospad Yosemite, P\u00f3\u0142 Kopu\u0142y<\/td><td class=\"has-text-align-center\" data-align=\"center\">Yosemite Village<\/td><\/tr><tr><td class=\"has-text-align-center\" data-align=\"center\">2<\/td><td class=\"has-text-align-center\" data-align=\"center\">Glacier Point<\/td><td class=\"has-text-align-center\" data-align=\"center\">W\u0119dr\u00f3wki i panoramiczne widoki<\/td><td class=\"has-text-align-center\" data-align=\"center\">Yosemite Village<\/td><\/tr><tr><td class=\"has-text-align-center\" data-align=\"center\">3<\/td><td class=\"has-text-align-center\" data-align=\"center\">Mariposa Grove<\/td><td class=\"has-text-align-center\" data-align=\"center\">Gigantyczne sekwoje, spacer przyrodniczy<\/td><td class=\"has-text-align-center\" data-align=\"center\">Oakhurst<\/td><\/tr><tr><td class=\"has-text-align-center\" data-align=\"center\">4<\/td><td class=\"has-text-align-center\" data-align=\"center\">Tioga Road<\/td><td class=\"has-text-align-center\" data-align=\"center\">Tuolumne Meadows, Olmsted Point<\/td><td class=\"has-text-align-center\" data-align=\"center\">Mammoth Lakes<\/td><\/tr><tr><td class=\"has-text-align-center\" data-align=\"center\">5<\/td><td class=\"has-text-align-center\" data-align=\"center\">Mammoth Lakes<\/td><td class=\"has-text-align-center\" data-align=\"center\">Gor\u0105ce \u017ar\u00f3d\u0142a, wycieczka nad jezioro Convict Lake<\/td><td class=\"has-text-align-center\" data-align=\"center\">Mammoth Lakes<\/td><\/tr><tr><td class=\"has-text-align-center\" data-align=\"center\">6<\/td><td class=\"has-text-align-center\" data-align=\"center\">Jezioro Tahoe<\/td><td class=\"has-text-align-center\" data-align=\"center\">Sporty wodne, piesze wycieczki Eagle Falls<\/td><td class=\"has-text-align-center\" data-align=\"center\">South Lake Tahoe<\/td><\/tr><tr><td class=\"has-text-align-center\" data-align=\"center\">7<\/td><td class=\"has-text-align-center\" data-align=\"center\">Sierra Nevada<\/td><td class=\"has-text-align-center\" data-align=\"center\">Malownicze drogi, relaks nad po\u0142udniowym jeziorem<\/td><td class=\"has-text-align-center\" data-align=\"center\">Jezioro Tahoe<\/td><\/tr><\/tbody><\/table><\/figure>\n\n<p>Ta trasa pozwala odkry\u0107 obowi\u0105zkowe miejsca, jednocze\u015bnie ciesz\u0105c si\u0119 r\u00f3\u017cnorodnymi krajobrazami regionu.<\/p>\n\n<h2 class=\"wp-block-heading\">Wcze\u015bniejsze formalno\u015bci administracyjne<\/h2>\n\n<p>Je\u015bli chcesz odkry\u0107 Yosemite i Sierra Nevada, musisz z wyprzedzeniem zadba\u0107 o formalno\u015bci zwi\u0105zane z podr\u00f3\u017c\u0105:<\/p>\n\n<ul class=\"wp-block-list\">\n<li>Sprawd\u017a, czy Tw\u00f3j <a href=\"https:\/\/usa-b2.com\/pl\/podroz-paszportowa-usa\/\">paszport jest wa\u017cny na podr\u00f3\u017c do USA<\/a>.<\/li>\n\n\n\n<li>Upewnij si\u0119, \u017ce kwalifikujesz si\u0119 do uzyskania <a href=\"https:\/\/usa-b2.com\/pl\/czym-jest-esta\/\">zezwolenia na podr\u00f3\u017c ESTA<\/a> w ramach <a href=\"https:\/\/usa-b2.com\/pl\/program-zniesienia-wizy\/\">programu bezwizowego<\/a>. Je\u015bli nie jest to mo\u017cliwe, b\u0119dziesz musia\u0142 ubiega\u0107 si\u0119 o <a href=\"https:\/\/usa-b2.com\/pl\/wiza-b2\/\">wiz\u0119 turystyczn\u0105 B2<\/a>. <\/li>\n<\/ul>\n\n<p>Zaleca si\u0119 zatem dokonanie ustale\u0144 z wyprzedzeniem, aby unikn\u0105\u0107 jakichkolwiek problem\u00f3w po przybyciu do Stan\u00f3w Zjednoczonych.<\/p>\n\n<h2 class=\"wp-block-heading\">Miejsca do robienia zdj\u0119\u0107 na Instagramie<\/h2>\n\n<h3 class=\"wp-block-heading\">Idealne krajobrazy do zdj\u0119\u0107<\/h3>\n\n<h4 class=\"wp-block-heading\">Glacier Point: niezr\u00f3wnane widoki na Yosemite<\/h4>\n\n<p>Glacier Point oferuje spektakularne widoki na Half Dome i dolin\u0119 Yosemite. Jest szczeg\u00f3lnie fotogeniczny o zachodzie s\u0142o\u0144ca.<\/p>\n\n<h4 class=\"wp-block-heading\">Emerald Bay: klejnot jeziora Tahoe<\/h4>\n\n<p>Po\u0142o\u017cona na po\u0142udniowym brzegu jeziora Tahoe zatoka <strong>Emerald<\/strong> Bay to idylliczne miejsce do robienia zdj\u0119\u0107 turkusowej wody i wyspy Fannette.<\/p>\n\n<h4 class=\"wp-block-heading\">Mammoth Lakes: jeziora i g\u00f3ry<\/h4>\n\n<p>Miejsca takie jak <strong><a href=\"https:\/\/convictlake.com\/\">Jezioro Skaza\u0144c\u00f3w<\/a><\/strong> lub <strong><a href=\"https:\/\/www.fs.usda.gov\/recarea\/inyo\/recarea\/?recid=20414\">Hot Creek Geological Site<\/a><\/strong> to idealne miejsca na spektakularne, naturalne uj\u0119cia z g\u00f3rami w tle.<\/p>\n\n<h2 class=\"wp-block-heading\">Aktywno\u015bci w zale\u017cno\u015bci od rodzaju podr\u00f3\u017cy<\/h2>\n\n<h3 class=\"wp-block-heading\">Dla par: romantyczne chwile<\/h3>\n\n<h4 class=\"wp-block-heading\">Spacery o wschodzie i zachodzie s\u0142o\u0144ca<\/h4>\n\n<p>Szlaki takie jak <strong>Sentinel Dome<\/strong> lub <strong>Eagle Falls Trail<\/strong> nad jeziorem Tahoe oferuj\u0105 wyj\u0105tkowe chwile na podziwianie scenerii w delikatnym, romantycznym \u015bwietle.<\/p>\n\n<h4 class=\"wp-block-heading\">Piknik nad jeziorami<\/h4>\n\n<p>Spakuj piknik i usi\u0105d\u017a wygodnie nad brzegiem<strong> Mirror Lake <\/strong>w Yosemite lub na zacisznej pla\u017cy w Lake Tahoe.<\/p>\n\n<h3 class=\"wp-block-heading\">Z rodzin\u0105: przygody przyjazne dzieciom<\/h3>\n\n<h4 class=\"wp-block-heading\">Zaj\u0119cia interaktywne: Program Junior Ranger<\/h4>\n\n<p>Yosemite oferuje program edukacyjny dla dzieci. Ucz\u0105 si\u0119 szanowa\u0107 przyrod\u0119 podczas zabawy i otrzymuj\u0105 oficjaln\u0105 odznak\u0119.<\/p>\n\n<h4 class=\"wp-block-heading\">Dost\u0119pne eksploracje<\/h4>\n\n<p>Szlak <strong>Yosemite Valley Loop<\/strong> jest idealny na rodzinn\u0105 wycieczk\u0119, podobnie jak rodzinne pla\u017ce nad jeziorem Tahoe, idealne do p\u0142ywania i zabawy w ca\u0142kowicie bezpieczny spos\u00f3b.<\/p>\n\n<p>Yosemite i Sierra Nevada \u0142\u0105cz\u0105 zapieraj\u0105c\u0105 dech w piersiach naturaln\u0105 sceneri\u0119 z mn\u00f3stwem atrakcji, kt\u00f3re zadowol\u0105 ka\u017cdego podr\u00f3\u017cnika. Niezale\u017cnie od tego, czy szukasz przygody, relaksu, czy czasu sp\u0119dzonego z rodzin\u0105, ten kultowy region Kalifornii pozostawi niezatarte wspomnienia. Zaplanuj swoj\u0105 podr\u00f3\u017c ju\u017c teraz, aby odkry\u0107 te cuda!<\/p>\n","protected":false},"excerpt":{"rendered":"<p>Jak zorganizowa\u0107 podr\u00f3\u017c przez park Yosemite w Sierra Nevada? Yosemite i Sierra Nevada, naturalne klejnoty Kalifornii, co roku przyci\u0105gaj\u0105 miliony turyst\u00f3w. Ze swoimi kultowymi krajobrazami, majestatycznymi wodospadami i wysokimi g\u00f3rami, Park Narodowy Yosemite jest obowi\u0105zkowym miejscem dla mi\u0142o\u015bnik\u00f3w przyrody. Sierra Nevada jest domem dla takich skarb\u00f3w jak jezioro Tahoe, gigantyczne sekwoje i urocze miasteczka. W [&hellip;]<\/p>\n","protected":false},"author":1,"featured_media":0,"parent":0,"menu_order":0,"comment_status":"closed","ping_status":"closed","template":"","meta":{"footnotes":""},"class_list":["post-6168","page","type-page","status-publish","hentry"],"yoast_head":"<!-- This site is optimized with the Yoast SEO plugin v27.4 - https:\/\/yoast.com\/product\/yoast-seo-wordpress\/ -->\n<title>Odkryj park Yosemite w centrum Sierra Nevada w Stanach Zjednoczonych - USA B2<\/title>\n<meta name=\"description\" content=\"Odkryj obowi\u0105zkowe miejsca w Yosemite i Sierra Nevada: trasy, zakwaterowanie, mo\u017cliwo\u015bci fotografowania i atrakcje.\" \/>\n<meta name=\"robots\" content=\"index, follow, max-snippet:-1, max-image-preview:large, max-video-preview:-1\" \/>\n<link rel=\"canonical\" href=\"https:\/\/usa-b2.com\/pl\/yosemite-sierra-nevada-stany-zjednoczone\/\" \/>\n<meta property=\"og:locale\" content=\"pl_PL\" \/>\n<meta property=\"og:type\" content=\"article\" \/>\n<meta property=\"og:title\" content=\"Odkryj park Yosemite w centrum Sierra Nevada w Stanach Zjednoczonych - USA B2\" \/>\n<meta property=\"og:description\" content=\"Odkryj obowi\u0105zkowe miejsca w Yosemite i Sierra Nevada: trasy, zakwaterowanie, mo\u017cliwo\u015bci fotografowania i atrakcje.\" \/>\n<meta property=\"og:url\" content=\"https:\/\/usa-b2.com\/pl\/yosemite-sierra-nevada-stany-zjednoczone\/\" \/>\n<meta property=\"og:site_name\" content=\"USA B2\" \/>\n<meta property=\"article:modified_time\" content=\"2025-12-30T09:34:21+00:00\" \/>\n<meta property=\"og:image\" content=\"https:\/\/usa-b2.com\/wp-content\/uploads\/2025\/01\/Sierra-Nevada-National-Park-California-USA-edited-1.png\" \/>\n\t<meta property=\"og:image:width\" content=\"719\" \/>\n\t<meta property=\"og:image:height\" content=\"404\" \/>\n\t<meta property=\"og:image:type\" content=\"image\/png\" \/>\n<meta name=\"twitter:card\" content=\"summary_large_image\" \/>\n<meta name=\"twitter:label1\" content=\"Szacowany czas czytania\" \/>\n\t<meta name=\"twitter:data1\" content=\"5 minut\" \/>\n<script type=\"application\/ld+json\" class=\"yoast-schema-graph\">{\"@context\":\"https:\\\/\\\/schema.org\",\"@graph\":[{\"@type\":\"WebPage\",\"@id\":\"https:\\\/\\\/usa-b2.com\\\/pl\\\/yosemite-sierra-nevada-stany-zjednoczone\\\/\",\"url\":\"https:\\\/\\\/usa-b2.com\\\/pl\\\/yosemite-sierra-nevada-stany-zjednoczone\\\/\",\"name\":\"Odkryj park Yosemite w centrum Sierra Nevada w Stanach Zjednoczonych - USA B2\",\"isPartOf\":{\"@id\":\"https:\\\/\\\/usa-b2.com\\\/pl\\\/#website\"},\"primaryImageOfPage\":{\"@id\":\"https:\\\/\\\/usa-b2.com\\\/pl\\\/yosemite-sierra-nevada-stany-zjednoczone\\\/#primaryimage\"},\"image\":{\"@id\":\"https:\\\/\\\/usa-b2.com\\\/pl\\\/yosemite-sierra-nevada-stany-zjednoczone\\\/#primaryimage\"},\"thumbnailUrl\":\"https:\\\/\\\/usa-b2.com\\\/wp-content\\\/uploads\\\/2025\\\/01\\\/Sierra-Nevada-National-Park-California-USA-edited-1.png\",\"datePublished\":\"2025-01-15T09:17:49+00:00\",\"dateModified\":\"2025-12-30T09:34:21+00:00\",\"description\":\"Odkryj obowi\u0105zkowe miejsca w Yosemite i Sierra Nevada: trasy, zakwaterowanie, mo\u017cliwo\u015bci fotografowania i atrakcje.\",\"breadcrumb\":{\"@id\":\"https:\\\/\\\/usa-b2.com\\\/pl\\\/yosemite-sierra-nevada-stany-zjednoczone\\\/#breadcrumb\"},\"inLanguage\":\"pl-PL\",\"potentialAction\":[{\"@type\":\"ReadAction\",\"target\":[\"https:\\\/\\\/usa-b2.com\\\/pl\\\/yosemite-sierra-nevada-stany-zjednoczone\\\/\"]}]},{\"@type\":\"ImageObject\",\"inLanguage\":\"pl-PL\",\"@id\":\"https:\\\/\\\/usa-b2.com\\\/pl\\\/yosemite-sierra-nevada-stany-zjednoczone\\\/#primaryimage\",\"url\":\"https:\\\/\\\/usa-b2.com\\\/wp-content\\\/uploads\\\/2025\\\/01\\\/Sierra-Nevada-National-Park-California-USA-edited-1.png\",\"contentUrl\":\"https:\\\/\\\/usa-b2.com\\\/wp-content\\\/uploads\\\/2025\\\/01\\\/Sierra-Nevada-National-Park-California-USA-edited-1.png\"},{\"@type\":\"BreadcrumbList\",\"@id\":\"https:\\\/\\\/usa-b2.com\\\/pl\\\/yosemite-sierra-nevada-stany-zjednoczone\\\/#breadcrumb\",\"itemListElement\":[{\"@type\":\"ListItem\",\"position\":1,\"name\":\"Accueil\",\"item\":\"https:\\\/\\\/usa-b2.com\\\/pl\\\/usa\\\/\"},{\"@type\":\"ListItem\",\"position\":2,\"name\":\"Odkryj park Yosemite w centrum Sierra Nevada w Stanach Zjednoczonych\"}]},{\"@type\":\"WebSite\",\"@id\":\"https:\\\/\\\/usa-b2.com\\\/pl\\\/#website\",\"url\":\"https:\\\/\\\/usa-b2.com\\\/pl\\\/\",\"name\":\"USA B2 VISA\",\"description\":\"\",\"potentialAction\":[{\"@type\":\"SearchAction\",\"target\":{\"@type\":\"EntryPoint\",\"urlTemplate\":\"https:\\\/\\\/usa-b2.com\\\/pl\\\/?s={search_term_string}\"},\"query-input\":{\"@type\":\"PropertyValueSpecification\",\"valueRequired\":true,\"valueName\":\"search_term_string\"}}],\"inLanguage\":\"pl-PL\"}]}<\/script>\n<!-- \/ Yoast SEO plugin. -->","yoast_head_json":{"title":"Odkryj park Yosemite w centrum Sierra Nevada w Stanach Zjednoczonych - USA B2","description":"Odkryj obowi\u0105zkowe miejsca w Yosemite i Sierra Nevada: trasy, zakwaterowanie, mo\u017cliwo\u015bci fotografowania i atrakcje.","robots":{"index":"index","follow":"follow","max-snippet":"max-snippet:-1","max-image-preview":"max-image-preview:large","max-video-preview":"max-video-preview:-1"},"canonical":"https:\/\/usa-b2.com\/pl\/yosemite-sierra-nevada-stany-zjednoczone\/","og_locale":"pl_PL","og_type":"article","og_title":"Odkryj park Yosemite w centrum Sierra Nevada w Stanach Zjednoczonych - USA B2","og_description":"Odkryj obowi\u0105zkowe miejsca w Yosemite i Sierra Nevada: trasy, zakwaterowanie, mo\u017cliwo\u015bci fotografowania i atrakcje.","og_url":"https:\/\/usa-b2.com\/pl\/yosemite-sierra-nevada-stany-zjednoczone\/","og_site_name":"USA B2","article_modified_time":"2025-12-30T09:34:21+00:00","og_image":[{"width":719,"height":404,"url":"https:\/\/usa-b2.com\/wp-content\/uploads\/2025\/01\/Sierra-Nevada-National-Park-California-USA-edited-1.png","type":"image\/png"}],"twitter_card":"summary_large_image","twitter_misc":{"Szacowany czas czytania":"5 minut"},"schema":{"@context":"https:\/\/schema.org","@graph":[{"@type":"WebPage","@id":"https:\/\/usa-b2.com\/pl\/yosemite-sierra-nevada-stany-zjednoczone\/","url":"https:\/\/usa-b2.com\/pl\/yosemite-sierra-nevada-stany-zjednoczone\/","name":"Odkryj park Yosemite w centrum Sierra Nevada w Stanach Zjednoczonych - USA B2","isPartOf":{"@id":"https:\/\/usa-b2.com\/pl\/#website"},"primaryImageOfPage":{"@id":"https:\/\/usa-b2.com\/pl\/yosemite-sierra-nevada-stany-zjednoczone\/#primaryimage"},"image":{"@id":"https:\/\/usa-b2.com\/pl\/yosemite-sierra-nevada-stany-zjednoczone\/#primaryimage"},"thumbnailUrl":"https:\/\/usa-b2.com\/wp-content\/uploads\/2025\/01\/Sierra-Nevada-National-Park-California-USA-edited-1.png","datePublished":"2025-01-15T09:17:49+00:00","dateModified":"2025-12-30T09:34:21+00:00","description":"Odkryj obowi\u0105zkowe miejsca w Yosemite i Sierra Nevada: trasy, zakwaterowanie, mo\u017cliwo\u015bci fotografowania i atrakcje.","breadcrumb":{"@id":"https:\/\/usa-b2.com\/pl\/yosemite-sierra-nevada-stany-zjednoczone\/#breadcrumb"},"inLanguage":"pl-PL","potentialAction":[{"@type":"ReadAction","target":["https:\/\/usa-b2.com\/pl\/yosemite-sierra-nevada-stany-zjednoczone\/"]}]},{"@type":"ImageObject","inLanguage":"pl-PL","@id":"https:\/\/usa-b2.com\/pl\/yosemite-sierra-nevada-stany-zjednoczone\/#primaryimage","url":"https:\/\/usa-b2.com\/wp-content\/uploads\/2025\/01\/Sierra-Nevada-National-Park-California-USA-edited-1.png","contentUrl":"https:\/\/usa-b2.com\/wp-content\/uploads\/2025\/01\/Sierra-Nevada-National-Park-California-USA-edited-1.png"},{"@type":"BreadcrumbList","@id":"https:\/\/usa-b2.com\/pl\/yosemite-sierra-nevada-stany-zjednoczone\/#breadcrumb","itemListElement":[{"@type":"ListItem","position":1,"name":"Accueil","item":"https:\/\/usa-b2.com\/pl\/usa\/"},{"@type":"ListItem","position":2,"name":"Odkryj park Yosemite w centrum Sierra Nevada w Stanach Zjednoczonych"}]},{"@type":"WebSite","@id":"https:\/\/usa-b2.com\/pl\/#website","url":"https:\/\/usa-b2.com\/pl\/","name":"USA B2 VISA","description":"","potentialAction":[{"@type":"SearchAction","target":{"@type":"EntryPoint","urlTemplate":"https:\/\/usa-b2.com\/pl\/?s={search_term_string}"},"query-input":{"@type":"PropertyValueSpecification","valueRequired":true,"valueName":"search_term_string"}}],"inLanguage":"pl-PL"}]}},"_links":{"self":[{"href":"https:\/\/usa-b2.com\/pl\/wp-json\/wp\/v2\/pages\/6168","targetHints":{"allow":["GET"]}}],"collection":[{"href":"https:\/\/usa-b2.com\/pl\/wp-json\/wp\/v2\/pages"}],"about":[{"href":"https:\/\/usa-b2.com\/pl\/wp-json\/wp\/v2\/types\/page"}],"author":[{"embeddable":true,"href":"https:\/\/usa-b2.com\/pl\/wp-json\/wp\/v2\/users\/1"}],"replies":[{"embeddable":true,"href":"https:\/\/usa-b2.com\/pl\/wp-json\/wp\/v2\/comments?post=6168"}],"version-history":[{"count":2,"href":"https:\/\/usa-b2.com\/pl\/wp-json\/wp\/v2\/pages\/6168\/revisions"}],"predecessor-version":[{"id":10970,"href":"https:\/\/usa-b2.com\/pl\/wp-json\/wp\/v2\/pages\/6168\/revisions\/10970"}],"wp:attachment":[{"href":"https:\/\/usa-b2.com\/pl\/wp-json\/wp\/v2\/media?parent=6168"}],"curies":[{"name":"wp","href":"https:\/\/api.w.org\/{rel}","templated":true}]}}