{"id":6134,"date":"2025-01-15T09:01:21","date_gmt":"2025-01-15T09:01:21","guid":{"rendered":"https:\/\/usa-b2.com\/pacific-coast-highway\/"},"modified":"2025-10-16T10:05:44","modified_gmt":"2025-10-16T10:05:44","slug":"autostrada-wybrzeza-pacyfiku","status":"publish","type":"page","link":"https:\/\/usa-b2.com\/pl\/autostrada-wybrzeza-pacyfiku\/","title":{"rendered":"Podr\u00f3\u017c autostrad\u0105 Pacific Coast Highway w Stanach Zjednoczonych"},"content":{"rendered":"\n<h1 class=\"wp-block-heading\">Jak zorganizowa\u0107 podr\u00f3\u017c autostrad\u0105 Pacific Coast Highway?<\/h1>\n\n<p><a href=\"https:\/\/www.visittheusa.com\/trip\/pacific-coast-highway-road-trip\">Pacific Coast Highway<\/a> (PCH), oficjalnie znana jako California State Route 1, to znacznie wi\u0119cej ni\u017c tylko droga. Ta wst\u0119ga asfaltu wzd\u0142u\u017c kalifornijskiego wybrze\u017ca oferuje ca\u0142kowite zanurzenie si\u0119 w zapieraj\u0105cej dech w piersiach scenerii, malowniczych miasteczkach i niezapomnianych prze\u017cyciach na ka\u017cdym kroku. Niezale\u017cnie od tego, czy szukasz przyg\u00f3d, czy ciszy i spokoju, ten szczeg\u00f3\u0142owy przewodnik pomo\u017ce Ci zaplanowa\u0107 niezapomniany wypad.  <\/p>\n\n<figure class=\"wp-block-image size-full\"><img fetchpriority=\"high\" decoding=\"async\" width=\"831\" height=\"467\" src=\"https:\/\/usa-b2.com\/wp-content\/uploads\/2025\/01\/Pacific-Coast-Highway-usa-edited.png\" alt=\"\" class=\"wp-image-6503\" srcset=\"https:\/\/usa-b2.com\/wp-content\/uploads\/2025\/01\/Pacific-Coast-Highway-usa-edited.png 831w, https:\/\/usa-b2.com\/wp-content\/uploads\/2025\/01\/Pacific-Coast-Highway-usa-edited-300x169.png 300w, https:\/\/usa-b2.com\/wp-content\/uploads\/2025\/01\/Pacific-Coast-Highway-usa-edited-768x432.png 768w\" sizes=\"(max-width: 831px) 100vw, 831px\" \/><\/figure>\n\n<h2 class=\"wp-block-heading\">Dlaczego warto odwiedzi\u0107 Pacific Coast Highway?<\/h2>\n\n<p>Pacific Coast Highway to prawdziwa oda do r\u00f3\u017cnorodno\u015bci i naturalnego pi\u0119kna <a href=\"https:\/\/www.ca.gov\/\">Kalifornii<\/a>. Podr\u00f3\u017cuj\u0105c t\u0105 kultow\u0105 tras\u0105, b\u0119dziesz mija\u0107 r\u00f3\u017cnorodne krajobrazy, od z\u0142otych pla\u017c po surowe klify, od bujnych las\u00f3w po t\u0119tni\u0105ce \u017cyciem miasta. To podr\u00f3\u017c, w kt\u00f3rej ka\u017cda chwila oferuje nowe odkrycia, niezale\u017cnie od tego, czy s\u0105 to panoramiczne widoki na Ocean Spokojny, czy urocze wioski po\u0142o\u017cone na wybrze\u017cu.  <\/p>\n\n<p>Jednym z najbardziej atrakcyjnych aspekt\u00f3w PCH jest jej tempo. W przeciwie\u0144stwie do nowoczesnych autostrad, ta trasa zach\u0119ca do zwolnienia i delektowania si\u0119 ka\u017cdym kilometrem. Cz\u0119ste postoje s\u0105 nie tylko opcj\u0105, ale wr\u0119cz konieczno\u015bci\u0105, poniewa\u017c spektakularne widoki i wyj\u0105tkowe atrakcje pojawiaj\u0105 si\u0119 po drodze. Ta podr\u00f3\u017c jest idealna dla tych, kt\u00f3rzy chc\u0105 ponownie po\u0142\u0105czy\u0107 si\u0119 z natur\u0105, cieszy\u0107 si\u0119 chwilami spokoju lub po prostu odkrywa\u0107 zak\u0105tek raju we w\u0142asnym tempie.   <\/p>\n\n<h2 class=\"wp-block-heading\">Obowi\u0105zkowe punkty na trasie<\/h2>\n\n<h3 class=\"wp-block-heading\">Mityczne krajobrazy<\/h3>\n\n<p>Autostrada Pacific Coast Highway s\u0142ynie na ca\u0142ym \u015bwiecie z zapieraj\u0105cych dech w piersiach krajobraz\u00f3w. W Big Sur spektakularne klify zanurzaj\u0105ce si\u0119 w oceanie tworz\u0105 wyj\u0105tkow\u0105 atmosfer\u0119, w kt\u00f3rej ka\u017cdy zakr\u0119t ods\u0142ania now\u0105 poczt\u00f3wkow\u0105 panoram\u0119. Tymczasem Point Lobos State Natural Reserve to raj dla mi\u0142o\u015bnik\u00f3w dzikiej przyrody, z nadmorskimi szlakami i widokami na lwy morskie i delfiny.  <\/p>\n\n<p>Kolejn\u0105 atrakcj\u0105 trasy jest 17-Mile Drive. Ten prywatny odcinek jest usiany kultowymi miejscami, takimi jak Lone Cypress i luksusowe pola golfowe. Oferuje wyj\u0105tkow\u0105 atmosfer\u0119, \u0142\u0105cz\u0105c luksus z surowym pi\u0119knem. Wreszcie, zamek Hearst jest obowi\u0105zkowy do zobaczenia. Ta ekstrawagancka rezydencja, zbudowana przez magnata prasowego Williama Randolpha Hearsta, wychodzi na ocean i oferuje fascynuj\u0105c\u0105 wycieczk\u0119 po historii i bogactwie.    <\/p>\n\n<h4 class=\"wp-block-heading\">Lista punkt\u00f3w obowi\u0105zkowych:<\/h4>\n\n<ul class=\"wp-block-list\">\n<li>Big Sur i jego majestatyczne klify<\/li>\n\n\n\n<li>Point Lobos dla mi\u0142o\u015bnik\u00f3w przyrody<\/li>\n\n\n\n<li><a href=\"https:\/\/hearstcastle.org\/\">Zamek Hearst<\/a>, architektoniczne arcydzie\u0142o<\/li>\n\n\n\n<li>Parki narodowe<\/li>\n<\/ul>\n\n<p>Parki narodowe wzd\u0142u\u017c trasy s\u0105 r\u00f3wnie\u017c warte odwiedzenia. <g id=\"gid_0\">Park Narodowy Wysp Normandzkich<\/g>, dost\u0119pny z Ventury, jest rajem dla kajakarzy, mi\u0142o\u015bnik\u00f3w nurkowania i pieszych w\u0119dr\u00f3wek. Dalej na p\u00f3\u0142noc, parki narodowe i stanowe <a href=\"https:\/\/www.nps.gov\/redw\/index.htm\">Redwood<\/a> s\u0105 domem dla s\u0142ynnych gigantycznych sekwoi, jednych z najwy\u017cszych drzew na \u015bwiecie. Parki te s\u0105 doskona\u0142\u0105 okazj\u0105 do zanurzenia si\u0119 w unikalnych ekosystemach i odpoczynku na \u0142onie natury w samym sercu podr\u00f3\u017cy.   <\/p>\n\n<h2 class=\"wp-block-heading\">Gdzie spa\u0107 wzd\u0142u\u017c PCH?<\/h2>\n\n<h3 class=\"wp-block-heading\">Hotele i hostele<\/h3>\n\n<p>Wyb\u00f3r zakwaterowania mo\u017ce sprawi\u0107, \u017ce podr\u00f3\u017c b\u0119dzie jeszcze bardziej niezapomnianym prze\u017cyciem. Na przyk\u0142ad Carmel-by-the-Sea to urocze miasteczko, w kt\u00f3rym mo\u017cna zatrzyma\u0107 si\u0119 w przytulnych zajazdach lub hotelach butikowych. Brukowane uliczki i galerie sztuki tego ma\u0142ego miasteczka sprawiaj\u0105, \u017ce jest to idealny przystanek na spokojn\u0105 noc. Dalej na po\u0142udnie, Santa Barbara oferuje nadmorskie hotele, kt\u00f3re \u0142\u0105cz\u0105 w sobie komfort i elegancj\u0119.   <\/p>\n\n<h3 class=\"wp-block-heading\">Kempingi zapewniaj\u0105ce ca\u0142kowite zanurzenie<\/h3>\n\n<p>Dla entuzjast\u00f3w sp\u0119dzania czasu na \u015bwie\u017cym powietrzu, kemping wzd\u0142u\u017c Pacific Coast Highway jest niesamowit\u0105 opcj\u0105. Kempingi takie jak Kirk Creek Campground w Big Sur oferuj\u0105 bezpo\u015bredni widok na ocean, umo\u017cliwiaj\u0105c zasypianie przy szumie fal. Miejsca te s\u0105 idealne dla tych, kt\u00f3rzy chc\u0105 w pe\u0142ni do\u015bwiadczy\u0107 kalifornijskiej przyrody, jednocze\u015bnie oszcz\u0119dzaj\u0105c pieni\u0105dze na zakwaterowaniu.  <\/p>\n\n<h4 class=\"wp-block-heading\">Zalecane zakwaterowanie :<\/h4>\n\n<figure class=\"wp-block-table\"><table class=\"has-fixed-layout\"><tbody><tr><td><strong>Miasto<\/strong><\/td><td><strong>Rodzaj zakwaterowania<\/strong><\/td><td><strong>Zalecana nazwa<\/strong><\/td><\/tr><tr><td>Carmel-by-the-Sea<\/td><td>Hotel butikowy<\/td><td>Carmel Inn<\/td><\/tr><tr><td>Big Sur<\/td><td>Kemping Kirk<\/td><td>Kemping Creek<\/td><\/tr><tr><td>Santa Barbara<\/td><td>Hotel nad morzem<\/td><td>Santa Barbara Inn<\/td><\/tr><\/tbody><\/table><\/figure>\n\n<h2 class=\"wp-block-heading\"><br\/>Idealna trasa do pod\u0105\u017cania<\/h2>\n\n<h3 class=\"wp-block-heading\">Etap 1: Z San Francisco do Monterey<\/h3>\n\n<p>Rozpocznij swoj\u0105 podr\u00f3\u017c w <a href=\"https:\/\/www.sftravel.com\/\">San Francisco<\/a>, przekraczaj\u0105c legendarny <a href=\"https:\/\/www.goldengate.org\/bridge\/visiting-the-bridge\/\">most Golden Gate<\/a>. Po\u015bwi\u0119\u0107 troch\u0119 czasu na odwiedzenie kultowych dzielnic miasta, takich jak <a href=\"https:\/\/www.fishermanswharf.org\/\">Fisherman&#8217;s Wharf<\/a> i Chinatown, zanim udasz si\u0119 do <a href=\"https:\/\/monterey.gov\/\">Monterey<\/a>. Po drodze zatrzymaj si\u0119 w Half Moon Bay, spokojnej pla\u017cy idealnej na piknik. B\u0119d\u0105c w Monterey, nie przegap s\u0142ynnego akwarium i <a href=\"https:\/\/canneryrow.com\/experience-cannery-row\/\">Cannery Row<\/a>, historycznej ulicy pe\u0142nej sklep\u00f3w i restauracji.   <\/p>\n\n<h3 class=\"wp-block-heading\">Etap 2: Monterey do Big Sur<\/h3>\n\n<p>Ten odcinek jest jednym z najbardziej spektakularnych na trasie. Po drodze zatrzymaj si\u0119 w <g id=\"gid_0\">rezerwacie<\/g> Point <g id=\"gid_0\">Lobos State Reserve<\/g> na nadmorsk\u0105 w\u0119dr\u00f3wk\u0119. Kontynuuj podr\u00f3\u017c do <g id=\"gid_1\">Big Sur<\/g>, gdzie most Bixby Creek Bridge oferuje kultowy widok. Odkryj tak\u017ce McWay Falls, wyj\u0105tkowy wodospad, kt\u00f3ry spada kaskad\u0105 bezpo\u015brednio do oceanu.   <\/p>\n\n<h3 class=\"wp-block-heading\">Etap 3: Big Sur do Santa Barbara<\/h3>\n\n<p>Przejed\u017a przez <a href=\"https:\/\/www.slocity.org\/\">San Luis Obispo<\/a> i zatrzymaj si\u0119 w Hearst Castle na fascynuj\u0105c\u0105 wycieczk\u0119. Dalej na po\u0142udnie, ciesz si\u0119 spokojnymi pla\u017cami Santa Barbara i odkryj t\u0119tni\u0105ce \u017cyciem centrum miasta przed zako\u0144czeniem podr\u00f3\u017cy. <\/p>\n\n<h2 class=\"wp-block-heading\">Wcze\u015bniejsze formalno\u015bci administracyjne<\/h2>\n\n<p>Aby m\u00f3c podr\u00f3\u017cowa\u0107 autostrad\u0105 Pacific Coast Highway, nale\u017cy przewidzie\u0107 formalno\u015bci zwi\u0105zane z podr\u00f3\u017c\u0105:<\/p>\n\n<ul class=\"wp-block-list\">\n<li>Sprawd\u017a wa\u017cno\u015b\u0107 swojego <a href=\"https:\/\/usa-b2.com\/pl\/podroz-paszportowa-usa\/\">paszportu do<\/a> USA.<\/li>\n\n\n\n<li>Wype\u0142nij <a href=\"https:\/\/usa-b2.com\/pl\/formularz-esta-on-line\/\">formularz ESTA online<\/a>. Je\u015bli Tw\u00f3j kraj nie nale\u017cy do <a href=\"https:\/\/usa-b2.com\/pl\/program-zniesienia-wizy\/\">ameryka\u0144skiego programu bezwizowego<\/a>, b\u0119dziesz musia\u0142 ubiega\u0107 si\u0119 o <a href=\"https:\/\/usa-b2.com\/pl\/wiza-amerykanska-b1-b2\/\">wiz\u0119 B1-B2<\/a>. <\/li>\n<\/ul>\n\n<div style=\"height:10px\" aria-hidden=\"true\" class=\"wp-block-spacer\"><\/div>\n\n<h2 class=\"wp-block-heading\">Miejsca, kt\u00f3rych nie mo\u017cna przegapi\u0107<\/h2>\n\n<p>Autostrada Pacific Coast Highway jest pe\u0142na wspania\u0142ych miejsc do utrwalenia wspomnie\u0144. W <a href=\"https:\/\/mcwayfalls.com\/\">McWay Falls<\/a> wodospad, kt\u00f3ry kaskadowo wpada do oceanu, oferuje wyj\u0105tkowy widok, podczas gdy most Bixby jest cz\u0119sto fotografowanym punktem orientacyjnym. Aby uzyska\u0107 bardziej artystyczne uj\u0119cia, udaj si\u0119 na pla\u017c\u0119 Pfeiffer, znan\u0105 z fioletowego piasku, lub na molo Santa Monica, gdzie zach\u00f3d s\u0142o\u0144ca tworzy magiczne \u015bwiat\u0142o. Miejsca te s\u0105 idealne do uwiecznienia podr\u00f3\u017cy i dzielenia si\u0119 niezapomnianymi uj\u0119ciami w sieciach spo\u0142eczno\u015bciowych.   <\/p>\n\n<h2 class=\"wp-block-heading\">Aktywno\u015bci dopasowane do profilu u\u017cytkownika<\/h2>\n\n<h3 class=\"wp-block-heading\">Para<\/h3>\n\n<p>Dla par, PCH oferuje romantyczne mo\u017cliwo\u015bci na ka\u017cdym kroku. W <a href=\"https:\/\/icilosangeles.fr\/decouvrir-los-angeles\/quartiers\/malibu-beach\/\">Malibu<\/a> warto zarezerwowa\u0107 kolacj\u0119 dla dwojga w restauracji z widokiem na ocean. W Santa Barbara wybierz si\u0119 na przeja\u017cd\u017ck\u0119 konn\u0105 wzd\u0142u\u017c pla\u017c. Te intymne chwile dodadz\u0105 magii podr\u00f3\u017cy.   <\/p>\n\n<h3 class=\"wp-block-heading\">Z rodzin\u0105<\/h3>\n\n<p>Rodzinna podr\u00f3\u017c wzd\u0142u\u017c Pacific Coast Highway to satysfakcjonuj\u0105ce do\u015bwiadczenie. Dzieci pokochaj\u0105 zoo w Santa Barbara lub wycieczki kajakowe w Monterey. Pla\u017ce takie jak Morro Bay r\u00f3wnie\u017c oferuj\u0105 relaks i zabaw\u0119 dla m\u0142odszych i starszych.  <\/p>\n\n<p>Pacific Coast Highway to wymarzona trasa, \u0142\u0105cz\u0105ca wysublimowane krajobrazy, r\u00f3\u017cnorodne atrakcje i niezapomniane przystanki. Niezale\u017cnie od tego, czy podr\u00f3\u017cujesz jako para, czy rodzina, trasa ta oferuje niezapomniane wra\u017cenia, w kt\u00f3rych ka\u017cdy przystanek jest odkryciem. Starannie zaplanuj swoj\u0105 podr\u00f3\u017c i daj si\u0119 uwie\u015b\u0107 jednej z najpi\u0119kniejszych dr\u00f3g na \u015bwiecie.  <\/p>\n","protected":false},"excerpt":{"rendered":"<p>Jak zorganizowa\u0107 podr\u00f3\u017c autostrad\u0105 Pacific Coast Highway? Pacific Coast Highway (PCH), oficjalnie znana jako California State Route 1, to znacznie wi\u0119cej ni\u017c tylko droga. Ta wst\u0119ga asfaltu wzd\u0142u\u017c kalifornijskiego wybrze\u017ca oferuje ca\u0142kowite zanurzenie si\u0119 w zapieraj\u0105cej dech w piersiach scenerii, malowniczych miasteczkach i niezapomnianych prze\u017cyciach na ka\u017cdym kroku. Niezale\u017cnie od tego, czy szukasz przyg\u00f3d, czy [&hellip;]<\/p>\n","protected":false},"author":1,"featured_media":0,"parent":0,"menu_order":0,"comment_status":"closed","ping_status":"closed","template":"","meta":{"footnotes":""},"class_list":["post-6134","page","type-page","status-publish","hentry"],"yoast_head":"<!-- This site is optimized with the Yoast SEO plugin v27.4 - https:\/\/yoast.com\/product\/yoast-seo-wordpress\/ -->\n<title>Podr\u00f3\u017c autostrad\u0105 Pacific Coast Highway w Stanach Zjednoczonych - USA B2<\/title>\n<meta name=\"description\" content=\"Odkryj idealny plan podr\u00f3\u017cy, obowi\u0105zkowe przystanki, miejsca na pobyt i atrakcje na Pacific Coast Highway.\" \/>\n<meta name=\"robots\" content=\"index, follow, max-snippet:-1, max-image-preview:large, max-video-preview:-1\" \/>\n<link rel=\"canonical\" href=\"https:\/\/usa-b2.com\/pl\/autostrada-wybrzeza-pacyfiku\/\" \/>\n<meta property=\"og:locale\" content=\"pl_PL\" \/>\n<meta property=\"og:type\" content=\"article\" \/>\n<meta property=\"og:title\" content=\"Podr\u00f3\u017c autostrad\u0105 Pacific Coast Highway w Stanach Zjednoczonych - USA B2\" \/>\n<meta property=\"og:description\" content=\"Odkryj idealny plan podr\u00f3\u017cy, obowi\u0105zkowe przystanki, miejsca na pobyt i atrakcje na Pacific Coast Highway.\" \/>\n<meta property=\"og:url\" content=\"https:\/\/usa-b2.com\/pl\/autostrada-wybrzeza-pacyfiku\/\" \/>\n<meta property=\"og:site_name\" content=\"USA B2\" \/>\n<meta property=\"article:modified_time\" content=\"2025-10-16T10:05:44+00:00\" \/>\n<meta property=\"og:image\" content=\"https:\/\/usa-b2.com\/wp-content\/uploads\/2025\/01\/Pacific-Coast-Highway-usa-edited.png\" \/>\n\t<meta property=\"og:image:width\" content=\"831\" \/>\n\t<meta property=\"og:image:height\" content=\"467\" \/>\n\t<meta property=\"og:image:type\" content=\"image\/png\" \/>\n<meta name=\"twitter:card\" content=\"summary_large_image\" \/>\n<meta name=\"twitter:label1\" content=\"Szacowany czas czytania\" \/>\n\t<meta name=\"twitter:data1\" content=\"6 minut\" \/>\n<script type=\"application\/ld+json\" class=\"yoast-schema-graph\">{\"@context\":\"https:\\\/\\\/schema.org\",\"@graph\":[{\"@type\":\"WebPage\",\"@id\":\"https:\\\/\\\/usa-b2.com\\\/pl\\\/autostrada-wybrzeza-pacyfiku\\\/\",\"url\":\"https:\\\/\\\/usa-b2.com\\\/pl\\\/autostrada-wybrzeza-pacyfiku\\\/\",\"name\":\"Podr\u00f3\u017c autostrad\u0105 Pacific Coast Highway w Stanach Zjednoczonych - USA B2\",\"isPartOf\":{\"@id\":\"https:\\\/\\\/usa-b2.com\\\/pl\\\/#website\"},\"primaryImageOfPage\":{\"@id\":\"https:\\\/\\\/usa-b2.com\\\/pl\\\/autostrada-wybrzeza-pacyfiku\\\/#primaryimage\"},\"image\":{\"@id\":\"https:\\\/\\\/usa-b2.com\\\/pl\\\/autostrada-wybrzeza-pacyfiku\\\/#primaryimage\"},\"thumbnailUrl\":\"https:\\\/\\\/usa-b2.com\\\/wp-content\\\/uploads\\\/2025\\\/01\\\/Pacific-Coast-Highway-usa-edited.png\",\"datePublished\":\"2025-01-15T09:01:21+00:00\",\"dateModified\":\"2025-10-16T10:05:44+00:00\",\"description\":\"Odkryj idealny plan podr\u00f3\u017cy, obowi\u0105zkowe przystanki, miejsca na pobyt i atrakcje na Pacific Coast Highway.\",\"breadcrumb\":{\"@id\":\"https:\\\/\\\/usa-b2.com\\\/pl\\\/autostrada-wybrzeza-pacyfiku\\\/#breadcrumb\"},\"inLanguage\":\"pl-PL\",\"potentialAction\":[{\"@type\":\"ReadAction\",\"target\":[\"https:\\\/\\\/usa-b2.com\\\/pl\\\/autostrada-wybrzeza-pacyfiku\\\/\"]}]},{\"@type\":\"ImageObject\",\"inLanguage\":\"pl-PL\",\"@id\":\"https:\\\/\\\/usa-b2.com\\\/pl\\\/autostrada-wybrzeza-pacyfiku\\\/#primaryimage\",\"url\":\"https:\\\/\\\/usa-b2.com\\\/wp-content\\\/uploads\\\/2025\\\/01\\\/Pacific-Coast-Highway-usa-edited.png\",\"contentUrl\":\"https:\\\/\\\/usa-b2.com\\\/wp-content\\\/uploads\\\/2025\\\/01\\\/Pacific-Coast-Highway-usa-edited.png\"},{\"@type\":\"BreadcrumbList\",\"@id\":\"https:\\\/\\\/usa-b2.com\\\/pl\\\/autostrada-wybrzeza-pacyfiku\\\/#breadcrumb\",\"itemListElement\":[{\"@type\":\"ListItem\",\"position\":1,\"name\":\"Accueil\",\"item\":\"https:\\\/\\\/usa-b2.com\\\/pl\\\/usa\\\/\"},{\"@type\":\"ListItem\",\"position\":2,\"name\":\"Podr\u00f3\u017c autostrad\u0105 Pacific Coast Highway w Stanach Zjednoczonych\"}]},{\"@type\":\"WebSite\",\"@id\":\"https:\\\/\\\/usa-b2.com\\\/pl\\\/#website\",\"url\":\"https:\\\/\\\/usa-b2.com\\\/pl\\\/\",\"name\":\"USA B2 VISA\",\"description\":\"\",\"potentialAction\":[{\"@type\":\"SearchAction\",\"target\":{\"@type\":\"EntryPoint\",\"urlTemplate\":\"https:\\\/\\\/usa-b2.com\\\/pl\\\/?s={search_term_string}\"},\"query-input\":{\"@type\":\"PropertyValueSpecification\",\"valueRequired\":true,\"valueName\":\"search_term_string\"}}],\"inLanguage\":\"pl-PL\"}]}<\/script>\n<!-- \/ Yoast SEO plugin. -->","yoast_head_json":{"title":"Podr\u00f3\u017c autostrad\u0105 Pacific Coast Highway w Stanach Zjednoczonych - USA B2","description":"Odkryj idealny plan podr\u00f3\u017cy, obowi\u0105zkowe przystanki, miejsca na pobyt i atrakcje na Pacific Coast Highway.","robots":{"index":"index","follow":"follow","max-snippet":"max-snippet:-1","max-image-preview":"max-image-preview:large","max-video-preview":"max-video-preview:-1"},"canonical":"https:\/\/usa-b2.com\/pl\/autostrada-wybrzeza-pacyfiku\/","og_locale":"pl_PL","og_type":"article","og_title":"Podr\u00f3\u017c autostrad\u0105 Pacific Coast Highway w Stanach Zjednoczonych - USA B2","og_description":"Odkryj idealny plan podr\u00f3\u017cy, obowi\u0105zkowe przystanki, miejsca na pobyt i atrakcje na Pacific Coast Highway.","og_url":"https:\/\/usa-b2.com\/pl\/autostrada-wybrzeza-pacyfiku\/","og_site_name":"USA B2","article_modified_time":"2025-10-16T10:05:44+00:00","og_image":[{"width":831,"height":467,"url":"https:\/\/usa-b2.com\/wp-content\/uploads\/2025\/01\/Pacific-Coast-Highway-usa-edited.png","type":"image\/png"}],"twitter_card":"summary_large_image","twitter_misc":{"Szacowany czas czytania":"6 minut"},"schema":{"@context":"https:\/\/schema.org","@graph":[{"@type":"WebPage","@id":"https:\/\/usa-b2.com\/pl\/autostrada-wybrzeza-pacyfiku\/","url":"https:\/\/usa-b2.com\/pl\/autostrada-wybrzeza-pacyfiku\/","name":"Podr\u00f3\u017c autostrad\u0105 Pacific Coast Highway w Stanach Zjednoczonych - USA B2","isPartOf":{"@id":"https:\/\/usa-b2.com\/pl\/#website"},"primaryImageOfPage":{"@id":"https:\/\/usa-b2.com\/pl\/autostrada-wybrzeza-pacyfiku\/#primaryimage"},"image":{"@id":"https:\/\/usa-b2.com\/pl\/autostrada-wybrzeza-pacyfiku\/#primaryimage"},"thumbnailUrl":"https:\/\/usa-b2.com\/wp-content\/uploads\/2025\/01\/Pacific-Coast-Highway-usa-edited.png","datePublished":"2025-01-15T09:01:21+00:00","dateModified":"2025-10-16T10:05:44+00:00","description":"Odkryj idealny plan podr\u00f3\u017cy, obowi\u0105zkowe przystanki, miejsca na pobyt i atrakcje na Pacific Coast Highway.","breadcrumb":{"@id":"https:\/\/usa-b2.com\/pl\/autostrada-wybrzeza-pacyfiku\/#breadcrumb"},"inLanguage":"pl-PL","potentialAction":[{"@type":"ReadAction","target":["https:\/\/usa-b2.com\/pl\/autostrada-wybrzeza-pacyfiku\/"]}]},{"@type":"ImageObject","inLanguage":"pl-PL","@id":"https:\/\/usa-b2.com\/pl\/autostrada-wybrzeza-pacyfiku\/#primaryimage","url":"https:\/\/usa-b2.com\/wp-content\/uploads\/2025\/01\/Pacific-Coast-Highway-usa-edited.png","contentUrl":"https:\/\/usa-b2.com\/wp-content\/uploads\/2025\/01\/Pacific-Coast-Highway-usa-edited.png"},{"@type":"BreadcrumbList","@id":"https:\/\/usa-b2.com\/pl\/autostrada-wybrzeza-pacyfiku\/#breadcrumb","itemListElement":[{"@type":"ListItem","position":1,"name":"Accueil","item":"https:\/\/usa-b2.com\/pl\/usa\/"},{"@type":"ListItem","position":2,"name":"Podr\u00f3\u017c autostrad\u0105 Pacific Coast Highway w Stanach Zjednoczonych"}]},{"@type":"WebSite","@id":"https:\/\/usa-b2.com\/pl\/#website","url":"https:\/\/usa-b2.com\/pl\/","name":"USA B2 VISA","description":"","potentialAction":[{"@type":"SearchAction","target":{"@type":"EntryPoint","urlTemplate":"https:\/\/usa-b2.com\/pl\/?s={search_term_string}"},"query-input":{"@type":"PropertyValueSpecification","valueRequired":true,"valueName":"search_term_string"}}],"inLanguage":"pl-PL"}]}},"_links":{"self":[{"href":"https:\/\/usa-b2.com\/pl\/wp-json\/wp\/v2\/pages\/6134","targetHints":{"allow":["GET"]}}],"collection":[{"href":"https:\/\/usa-b2.com\/pl\/wp-json\/wp\/v2\/pages"}],"about":[{"href":"https:\/\/usa-b2.com\/pl\/wp-json\/wp\/v2\/types\/page"}],"author":[{"embeddable":true,"href":"https:\/\/usa-b2.com\/pl\/wp-json\/wp\/v2\/users\/1"}],"replies":[{"embeddable":true,"href":"https:\/\/usa-b2.com\/pl\/wp-json\/wp\/v2\/comments?post=6134"}],"version-history":[{"count":2,"href":"https:\/\/usa-b2.com\/pl\/wp-json\/wp\/v2\/pages\/6134\/revisions"}],"predecessor-version":[{"id":10642,"href":"https:\/\/usa-b2.com\/pl\/wp-json\/wp\/v2\/pages\/6134\/revisions\/10642"}],"wp:attachment":[{"href":"https:\/\/usa-b2.com\/pl\/wp-json\/wp\/v2\/media?parent=6134"}],"curies":[{"name":"wp","href":"https:\/\/api.w.org\/{rel}","templated":true}]}}