{"id":4547,"date":"2024-11-18T12:39:44","date_gmt":"2024-11-18T12:39:44","guid":{"rendered":"https:\/\/usa-b2.com\/podroz-paszportowa-usa\/"},"modified":"2025-11-04T15:50:01","modified_gmt":"2025-11-04T15:50:01","slug":"podroz-paszportowa-usa","status":"publish","type":"page","link":"https:\/\/usa-b2.com\/pl\/podroz-paszportowa-usa\/","title":{"rendered":"Jakiego paszportu powinienem u\u017cy\u0107, aby podr\u00f3\u017cowa\u0107 do Stan\u00f3w Zjednoczonych?"},"content":{"rendered":"\n<h1 class=\"wp-block-heading\">Jakie rodzaje paszport\u00f3w uprawniaj\u0105 do wjazdu do USA?<\/h1>\n\n<p>Aby podr\u00f3\u017cowa\u0107 do Stan\u00f3w Zjednoczonych, nale\u017cy spe\u0142ni\u0107 okre\u015blone wymagania dotycz\u0105ce rodzaju paszportu. Poni\u017csze kryteria maj\u0105 zastosowanie do zagranicznych podr\u00f3\u017cnych, kt\u00f3rzy chc\u0105 wjecha\u0107 do USA:<\/p>\n\n<ul class=\"wp-block-list\">\n<li>Paszport podr\u00f3\u017cnego musi by\u0107 biometryczny lub elektroniczny.<\/li>\n\n\n\n<li>Paszport musi by\u0107 wa\u017cny przez co najmniej 6 miesi\u0119cy od planowanej daty opuszczenia Stan\u00f3w Zjednoczonych.<\/li>\n<\/ul>\n\n<div style=\"height:10px\" aria-hidden=\"true\" class=\"wp-block-spacer\"><\/div>\n\n<p><strong>Uwaga:<\/strong> Wa\u017cno\u015b\u0107 paszportu wp\u0142ywa r\u00f3wnie\u017c na wa\u017cno\u015b\u0107 powi\u0105zanego z nim zezwolenia na podr\u00f3\u017c. W przypadku wyga\u015bni\u0119cia wa\u017cno\u015bci paszportu wiza uzyskana na podstawie paszportu automatycznie traci wa\u017cno\u015b\u0107. Konieczne b\u0119dzie odnowienie wizy w <a href=\"https:\/\/usa-b2.com\/pl\/ambasada-usa\/\">ambasadzie<\/a> USA po wydaniu nowego paszportu.  <\/p>\n\n<h2 class=\"wp-block-heading\">Czym jest paszport biometryczny?<\/h2>\n\n<p>Paszport biometryczny stanowi znacz\u0105cy krok naprz\u00f3d w zakresie bezpiecze\u0144stwa dokument\u00f3w podr\u00f3\u017cy w Stanach Zjednoczonych. Ten rodzaj paszportu jest wyposa\u017cony w elektroniczny chip, kt\u00f3ry przechowuje dane biometryczne istotne dla posiadacza. Informacje te obejmuj\u0105 :<\/p>\n\n<ul class=\"wp-block-list\">\n<li>Dane osobowe, takie jak imi\u0119 i nazwisko, data urodzenia i adres.<\/li>\n\n\n\n<li>Dane biometryczne, takie jak zdj\u0119cia twarzy i odciski palc\u00f3w.<\/li>\n<\/ul>\n\n<div style=\"height:10px\" aria-hidden=\"true\" class=\"wp-block-spacer\"><\/div>\n\n<p>G\u0142\u00f3wnym celem paszportu biometrycznego jest poprawa bezpiecze\u0144stwa i ograniczenie ryzyka oszustwa lub fa\u0142szerstwa. Rodzaj paszportu b\u0119dzie sprawdzany podczas <a href=\"https:\/\/usa-b2.com\/pl\/procedura-wize-b2\/\">procedury ubiegania si\u0119 o wiz\u0119<\/a>. <\/p>\n\n<h2 class=\"wp-block-heading\">Jaka jest r\u00f3\u017cnica mi\u0119dzy paszportem biometrycznym a paszportem elektronicznym?<\/h2>\n\n<p>Paszport elektroniczny to dokument podr\u00f3\u017cy zawieraj\u0105cy elektroniczny chip do przechowywania informacji identyfikacyjnych. Wszystkie paszporty biometryczne s\u0105 paszportami elektronicznymi, ale niekt\u00f3re kraje rozr\u00f3\u017cniaj\u0105 te dwa terminy. Paszport biometryczny zawiera okre\u015blone dane, takie jak odciski palc\u00f3w lub skany twarzy, co nie ma miejsca w przypadku wszystkich paszport\u00f3w elektronicznych.<\/p>\n\n<h2 class=\"wp-block-heading\">Jak rozpozna\u0107 paszport biometryczny lub elektroniczny?<\/h2>\n\n<p>Aby zidentyfikowa\u0107, czy paszport jest biometryczny czy elektroniczny, nale\u017cy szuka\u0107 z\u0142otego symbolu pod s\u0142owem &#8222;Paszport&#8221; na ok\u0142adce. Ten piktogram, przedstawiaj\u0105cy okr\u0105g mi\u0119dzy dwiema grubymi liniami, wyra\u017anie wskazuje, \u017ce paszport ma zintegrowany chip elektroniczny. <\/p>\n","protected":false},"excerpt":{"rendered":"<p>Jakie rodzaje paszport\u00f3w uprawniaj\u0105 do wjazdu do USA? Aby podr\u00f3\u017cowa\u0107 do Stan\u00f3w Zjednoczonych, nale\u017cy spe\u0142ni\u0107 okre\u015blone wymagania dotycz\u0105ce rodzaju paszportu. Poni\u017csze kryteria maj\u0105 zastosowanie do zagranicznych podr\u00f3\u017cnych, kt\u00f3rzy chc\u0105 wjecha\u0107 do USA: Uwaga: Wa\u017cno\u015b\u0107 paszportu wp\u0142ywa r\u00f3wnie\u017c na wa\u017cno\u015b\u0107 powi\u0105zanego z nim zezwolenia na podr\u00f3\u017c. W przypadku wyga\u015bni\u0119cia wa\u017cno\u015bci paszportu wiza uzyskana na podstawie paszportu [&hellip;]<\/p>\n","protected":false},"author":1,"featured_media":0,"parent":0,"menu_order":0,"comment_status":"closed","ping_status":"closed","template":"","meta":{"footnotes":""},"class_list":["post-4547","page","type-page","status-publish","hentry"],"yoast_head":"<!-- This site is optimized with the Yoast SEO plugin v27.0 - https:\/\/yoast.com\/product\/yoast-seo-wordpress\/ -->\n<title>Jakiego paszportu powinienem u\u017cy\u0107, aby podr\u00f3\u017cowa\u0107 do Stan\u00f3w Zjednoczonych? - USA B2<\/title>\n<meta name=\"description\" content=\"Stany Zjednoczone nak\u0142adaj\u0105 pewne warunki dotycz\u0105ce rodzaju paszportu dla podr\u00f3\u017cnych chc\u0105cych wjecha\u0107 do Stan\u00f3w Zjednoczonych\" \/>\n<meta name=\"robots\" content=\"index, follow, max-snippet:-1, max-image-preview:large, max-video-preview:-1\" \/>\n<link rel=\"canonical\" href=\"https:\/\/usa-b2.com\/pl\/podroz-paszportowa-usa\/\" \/>\n<meta property=\"og:locale\" content=\"pl_PL\" \/>\n<meta property=\"og:type\" content=\"article\" \/>\n<meta property=\"og:title\" content=\"Jakiego paszportu powinienem u\u017cy\u0107, aby podr\u00f3\u017cowa\u0107 do Stan\u00f3w Zjednoczonych? - USA B2\" \/>\n<meta property=\"og:description\" content=\"Stany Zjednoczone nak\u0142adaj\u0105 pewne warunki dotycz\u0105ce rodzaju paszportu dla podr\u00f3\u017cnych chc\u0105cych wjecha\u0107 do Stan\u00f3w Zjednoczonych\" \/>\n<meta property=\"og:url\" content=\"https:\/\/usa-b2.com\/pl\/podroz-paszportowa-usa\/\" \/>\n<meta property=\"og:site_name\" content=\"USA B2\" \/>\n<meta property=\"article:modified_time\" content=\"2025-11-04T15:50:01+00:00\" \/>\n<meta name=\"twitter:card\" content=\"summary_large_image\" \/>\n<meta name=\"twitter:label1\" content=\"Szacowany czas czytania\" \/>\n\t<meta name=\"twitter:data1\" content=\"2 minuty\" \/>\n<script type=\"application\/ld+json\" class=\"yoast-schema-graph\">{\"@context\":\"https:\/\/schema.org\",\"@graph\":[{\"@type\":\"WebPage\",\"@id\":\"https:\/\/usa-b2.com\/pl\/podroz-paszportowa-usa\/\",\"url\":\"https:\/\/usa-b2.com\/pl\/podroz-paszportowa-usa\/\",\"name\":\"Jakiego paszportu powinienem u\u017cy\u0107, aby podr\u00f3\u017cowa\u0107 do Stan\u00f3w Zjednoczonych? - USA B2\",\"isPartOf\":{\"@id\":\"https:\/\/usa-b2.com\/pl\/#website\"},\"datePublished\":\"2024-11-18T12:39:44+00:00\",\"dateModified\":\"2025-11-04T15:50:01+00:00\",\"description\":\"Stany Zjednoczone nak\u0142adaj\u0105 pewne warunki dotycz\u0105ce rodzaju paszportu dla podr\u00f3\u017cnych chc\u0105cych wjecha\u0107 do Stan\u00f3w Zjednoczonych\",\"breadcrumb\":{\"@id\":\"https:\/\/usa-b2.com\/pl\/podroz-paszportowa-usa\/#breadcrumb\"},\"inLanguage\":\"pl-PL\",\"potentialAction\":[{\"@type\":\"ReadAction\",\"target\":[\"https:\/\/usa-b2.com\/pl\/podroz-paszportowa-usa\/\"]}]},{\"@type\":\"BreadcrumbList\",\"@id\":\"https:\/\/usa-b2.com\/pl\/podroz-paszportowa-usa\/#breadcrumb\",\"itemListElement\":[{\"@type\":\"ListItem\",\"position\":1,\"name\":\"Accueil\",\"item\":\"https:\/\/usa-b2.com\/pl\/roadtrips-usa\/\"},{\"@type\":\"ListItem\",\"position\":2,\"name\":\"Jakiego paszportu powinienem u\u017cy\u0107, aby podr\u00f3\u017cowa\u0107 do Stan\u00f3w Zjednoczonych?\"}]},{\"@type\":\"WebSite\",\"@id\":\"https:\/\/usa-b2.com\/pl\/#website\",\"url\":\"https:\/\/usa-b2.com\/pl\/\",\"name\":\"USA B2 VISA\",\"description\":\"\",\"potentialAction\":[{\"@type\":\"SearchAction\",\"target\":{\"@type\":\"EntryPoint\",\"urlTemplate\":\"https:\/\/usa-b2.com\/pl\/?s={search_term_string}\"},\"query-input\":{\"@type\":\"PropertyValueSpecification\",\"valueRequired\":true,\"valueName\":\"search_term_string\"}}],\"inLanguage\":\"pl-PL\"}]}<\/script>\n<!-- \/ Yoast SEO plugin. -->","yoast_head_json":{"title":"Jakiego paszportu powinienem u\u017cy\u0107, aby podr\u00f3\u017cowa\u0107 do Stan\u00f3w Zjednoczonych? - USA B2","description":"Stany Zjednoczone nak\u0142adaj\u0105 pewne warunki dotycz\u0105ce rodzaju paszportu dla podr\u00f3\u017cnych chc\u0105cych wjecha\u0107 do Stan\u00f3w Zjednoczonych","robots":{"index":"index","follow":"follow","max-snippet":"max-snippet:-1","max-image-preview":"max-image-preview:large","max-video-preview":"max-video-preview:-1"},"canonical":"https:\/\/usa-b2.com\/pl\/podroz-paszportowa-usa\/","og_locale":"pl_PL","og_type":"article","og_title":"Jakiego paszportu powinienem u\u017cy\u0107, aby podr\u00f3\u017cowa\u0107 do Stan\u00f3w Zjednoczonych? - USA B2","og_description":"Stany Zjednoczone nak\u0142adaj\u0105 pewne warunki dotycz\u0105ce rodzaju paszportu dla podr\u00f3\u017cnych chc\u0105cych wjecha\u0107 do Stan\u00f3w Zjednoczonych","og_url":"https:\/\/usa-b2.com\/pl\/podroz-paszportowa-usa\/","og_site_name":"USA B2","article_modified_time":"2025-11-04T15:50:01+00:00","twitter_card":"summary_large_image","twitter_misc":{"Szacowany czas czytania":"2 minuty"},"schema":{"@context":"https:\/\/schema.org","@graph":[{"@type":"WebPage","@id":"https:\/\/usa-b2.com\/pl\/podroz-paszportowa-usa\/","url":"https:\/\/usa-b2.com\/pl\/podroz-paszportowa-usa\/","name":"Jakiego paszportu powinienem u\u017cy\u0107, aby podr\u00f3\u017cowa\u0107 do Stan\u00f3w Zjednoczonych? - USA B2","isPartOf":{"@id":"https:\/\/usa-b2.com\/pl\/#website"},"datePublished":"2024-11-18T12:39:44+00:00","dateModified":"2025-11-04T15:50:01+00:00","description":"Stany Zjednoczone nak\u0142adaj\u0105 pewne warunki dotycz\u0105ce rodzaju paszportu dla podr\u00f3\u017cnych chc\u0105cych wjecha\u0107 do Stan\u00f3w Zjednoczonych","breadcrumb":{"@id":"https:\/\/usa-b2.com\/pl\/podroz-paszportowa-usa\/#breadcrumb"},"inLanguage":"pl-PL","potentialAction":[{"@type":"ReadAction","target":["https:\/\/usa-b2.com\/pl\/podroz-paszportowa-usa\/"]}]},{"@type":"BreadcrumbList","@id":"https:\/\/usa-b2.com\/pl\/podroz-paszportowa-usa\/#breadcrumb","itemListElement":[{"@type":"ListItem","position":1,"name":"Accueil","item":"https:\/\/usa-b2.com\/pl\/roadtrips-usa\/"},{"@type":"ListItem","position":2,"name":"Jakiego paszportu powinienem u\u017cy\u0107, aby podr\u00f3\u017cowa\u0107 do Stan\u00f3w Zjednoczonych?"}]},{"@type":"WebSite","@id":"https:\/\/usa-b2.com\/pl\/#website","url":"https:\/\/usa-b2.com\/pl\/","name":"USA B2 VISA","description":"","potentialAction":[{"@type":"SearchAction","target":{"@type":"EntryPoint","urlTemplate":"https:\/\/usa-b2.com\/pl\/?s={search_term_string}"},"query-input":{"@type":"PropertyValueSpecification","valueRequired":true,"valueName":"search_term_string"}}],"inLanguage":"pl-PL"}]}},"_links":{"self":[{"href":"https:\/\/usa-b2.com\/pl\/wp-json\/wp\/v2\/pages\/4547","targetHints":{"allow":["GET"]}}],"collection":[{"href":"https:\/\/usa-b2.com\/pl\/wp-json\/wp\/v2\/pages"}],"about":[{"href":"https:\/\/usa-b2.com\/pl\/wp-json\/wp\/v2\/types\/page"}],"author":[{"embeddable":true,"href":"https:\/\/usa-b2.com\/pl\/wp-json\/wp\/v2\/users\/1"}],"replies":[{"embeddable":true,"href":"https:\/\/usa-b2.com\/pl\/wp-json\/wp\/v2\/comments?post=4547"}],"version-history":[{"count":2,"href":"https:\/\/usa-b2.com\/pl\/wp-json\/wp\/v2\/pages\/4547\/revisions"}],"predecessor-version":[{"id":10833,"href":"https:\/\/usa-b2.com\/pl\/wp-json\/wp\/v2\/pages\/4547\/revisions\/10833"}],"wp:attachment":[{"href":"https:\/\/usa-b2.com\/pl\/wp-json\/wp\/v2\/media?parent=4547"}],"curies":[{"name":"wp","href":"https:\/\/api.w.org\/{rel}","templated":true}]}}