{"id":4516,"date":"2024-11-18T12:44:50","date_gmt":"2024-11-18T12:44:50","guid":{"rendered":"https:\/\/usa-b2.com\/ds-160\/"},"modified":"2026-02-25T15:05:31","modified_gmt":"2026-02-25T15:05:31","slug":"ds-160","status":"publish","type":"page","link":"https:\/\/usa-b2.com\/pl\/ds-160\/","title":{"rendered":"Formularz DS 160 online"},"content":{"rendered":"\n<h1 class=\"wp-block-heading\">Formularz DS 160 do wniosku o wiz\u0119 ameryka\u0144sk\u0105<\/h1>\n\n<p>Formularz DS-160 jest niezb\u0119dnym dokumentem dla ka\u017cdego, kto chce uzyska\u0107 wiz\u0119 do Stan\u00f3w Zjednoczonych. Formularz ten jest obowi\u0105zkowy w przypadku wniosk\u00f3w wizowych i jest wype\u0142niany wy\u0142\u0105cznie online na oficjalnej stronie internetowej Departamentu Stanu USA. Oto wszystko, co musisz wiedzie\u0107, aby pomy\u015blnie wype\u0142ni\u0107 ten formularz.  <\/p>\n\n<h2 class=\"wp-block-heading\">Czym jest formularz DS 160?<\/h2>\n\n<p>Formularz DS 160 to internetowy kwestionariusz, kt\u00f3ry gromadzi szczeg\u00f3\u0142owe informacje o osobie ubiegaj\u0105cej si\u0119 o wiz\u0119, jej planach podr\u00f3\u017cy i historii osobistej. Formularz ten jest pierwszym krokiem w <a href=\"https:\/\/usa-b2.com\/pl\/procedura-wize-b2\/\">procesie ubiegania si\u0119 o wiz\u0119 ameryka\u0144sk\u0105<\/a>. Dostarczone informacje pozwalaj\u0105 w\u0142adzom konsularnym okre\u015bli\u0107, czy dana osoba kwalifikuje si\u0119 do otrzymania wizy danego typu.  <\/p>\n\n<p>Formularz ten jest wymagany w przypadku kilku kategorii wiz nieimigracyjnych, w tym :<\/p>\n\n<ul class=\"wp-block-list\">\n<li><a href=\"https:\/\/usa-b2.com\/pl\/wiza-b1-usa\/\">Wiza turystyczna B1<\/a>: dla podr\u00f3\u017cy s\u0142u\u017cbowych;<\/li>\n\n\n\n<li><a href=\"https:\/\/usa-b2.com\/pl\/wiza-b2\/\">Wiza turystyczna B2<\/a>: na wyjazdy turystyczne lub wizyty rodzinne;<\/li>\n\n\n\n<li>Wiza studencka F1: na studia w Stanach Zjednoczonych;<\/li>\n\n\n\n<li><a href=\"https:\/\/usa-b2.com\/pl\/wiza-tranzyt-usa\/\">Wiza tranzytowa C<\/a>: do tymczasowego przejazdu przez Stany Zjednoczone;<\/li>\n\n\n\n<li>Wiza do pracy tymczasowej (H, L, O): w przypadku zada\u0144 zawodowych.<\/li>\n<\/ul>\n\n<div style=\"height:10px\" aria-hidden=\"true\" class=\"wp-block-spacer\"><\/div>\n\n<h2 class=\"wp-block-heading\">Jak wype\u0142ni\u0107 formularz DS 160?<\/h2>\n\n<h3 class=\"wp-block-heading\">1. Przejd\u017a do oficjalnej strony internetowej<\/h3>\n\n<p>Aby wype\u0142ni\u0107 formularz DS 160, odwied\u017a <a href=\"https:\/\/ceac.state.gov\/genniv\/\">oficjaln\u0105 stron\u0119 internetow\u0105 Departamentu Stanu<\/a> USA. Upewnij si\u0119, \u017ce korzystasz z bezpiecznego po\u0142\u0105czenia, aby chroni\u0107 swoje dane osobowe. <\/p>\n\n<h3 class=\"wp-block-heading\">2. Zbierz informacje<\/h3>\n\n<p>Przed rozpocz\u0119ciem przygotuj wszystkie niezb\u0119dne dokumenty, w tym :<\/p>\n\n<ul class=\"wp-block-list\">\n<li><a href=\"https:\/\/usa-b2.com\/pl\/podroz-paszportowa-usa\/\">Paszport wa\u017cny na terytorium USA<\/a><\/li>\n\n\n\n<li>Szczeg\u00f3\u0142y podr\u00f3\u017cy (daty, miejsca docelowe, adresy)<\/li>\n\n\n\n<li>Dane osobowe (adres, zaw\u00f3d, sytuacja rodzinna)<\/li>\n\n\n\n<li>Wszelkie dokumenty uzupe\u0142niaj\u0105ce wymagane w zale\u017cno\u015bci od rodzaju wizy (zaproszenia, wyci\u0105gi bankowe itp.).<\/li>\n<\/ul>\n\n<h3 class=\"wp-block-heading\">3. Wype\u0142nij formularz w j\u0119zyku angielskim<\/h3>\n\n<p>Wszystkie odpowiedzi musz\u0105 by\u0107 udzielone w j\u0119zyku angielskim. Nale\u017cy zadba\u0107 o dok\u0142adno\u015b\u0107 odpowiedzi, poniewa\u017c wszelkie b\u0142\u0119dy mog\u0105 prowadzi\u0107 do odrzucenia lub op\u00f3\u017anie\u0144 w przetwarzaniu aplikacji. <\/p>\n\n<h3 class=\"wp-block-heading\">4. Prze\u015blij zgodne zdj\u0119cie<\/h3>\n\n<p>Podczas procesu nale\u017cy przes\u0142a\u0107 aktualne zdj\u0119cie cyfrowe. Zdj\u0119cie musi by\u0107 zgodne z ustalonymi standardami (bia\u0142e t\u0142o, okre\u015blone wymiary, brak okular\u00f3w). <\/p>\n\n<h3 class=\"wp-block-heading\">5. Prze\u015blij i zapisz numer potwierdzenia<\/h3>\n\n<p>Po wype\u0142nieniu formularza prze\u015blij go online i pobierz stron\u0119 potwierdzenia z kodem kreskowym. Dokument ten jest niezb\u0119dny do przeprowadzenia <a href=\"https:\/\/usa-b2.com\/pl\/spotkanie-wizowe-ambasadzie-usa\/\">rozmowy kwalifikacyjnej w ambasadzie ameryka\u0144skiej<\/a>. <\/p>\n\n<h2 class=\"wp-block-heading\">Co nale\u017cy zrobi\u0107 po przes\u0142aniu DS 160?<\/h2>\n\n<p>Po przes\u0142aniu formularza proces jest kontynuowany w nast\u0119puj\u0105cych krokach:<\/p>\n\n<ol class=\"wp-block-list\">\n<li><strong>Ui\u015bci\u0107 op\u0142at\u0119 za wniosek wizowy<\/strong>: <a href=\"https:\/\/usa-b2.com\/fr\/frais-visa-b2-usa\/\">Op\u0142aty wizowe<\/a> r\u00f3\u017cni\u0105 si\u0119 w zale\u017cno\u015bci od rodzaju wnioskowanej wizy. Upewnij si\u0119, \u017ce zachowa\u0142e\u015b potwierdzenie p\u0142atno\u015bci. <\/li>\n\n\n\n<li><strong>Um\u00f3w si\u0119 na rozmow\u0119 kwalifik acyjn\u0105<\/strong>: Po\u0142\u0105cz si\u0119 z oficjaln\u0105 stron\u0105 internetow\u0105 ameryka\u0144skiego konsulatu lub ambasady w swoim kraju, aby um\u00f3wi\u0107 si\u0119 na spotkanie.<\/li>\n\n\n\n<li><strong>Udaj si\u0119 na rozmow\u0119 konsularn\u0105<\/strong>: W dniu rozmowy przynie\u015b paszport, stron\u0119 potwierdzaj\u0105c\u0105 DS-160, zdj\u0119cie i wszystkie niezb\u0119dne dokumenty uzupe\u0142niaj\u0105ce.<\/li>\n<\/ol>\n\n<div style=\"height:10px\" aria-hidden=\"true\" class=\"wp-block-spacer\"><\/div>\n\n<p>Wi\u0119cej szczeg\u00f3\u0142owych informacji mo\u017cna znale\u017a\u0107 na naszej stronie po\u015bwi\u0119conej <a href=\"https:\/\/usa-b2.com\/pl\/procedura-wize-b2\/\">procedurze ubiegania si\u0119 o wiz\u0119 ameryka\u0144sk\u0105<\/a>.<\/p>\n\n<h2 class=\"wp-block-heading\">Wskaz\u00f3wki dotycz\u0105ce udanej aplikacji z DS 160<\/h2>\n\n<ul class=\"wp-block-list\">\n<li><strong>B\u0105d\u017a szczery i dok\u0142adny<\/strong>: ka\u017cde fa\u0142szywe o\u015bwiadczenie mo\u017ce skutkowa\u0107 natychmiastow\u0105 odmow\u0105 wydania wizy.<\/li>\n\n\n\n<li><strong>Sprawd\u017a swoje odpowiedzi kilka razy<\/strong> przed wys\u0142aniem formularza.<\/li>\n\n\n\n<li><strong>Zachowaj wydrukowan\u0105 kopi\u0119<\/strong> DS-160 do osobistej dokumentacji.<\/li>\n\n\n\n<li><strong>Przestrzegaj termin\u00f3w<\/strong>: wype\u0142nij formularz co najmniej dwa tygodnie przed planowan\u0105 dat\u0105 rozmowy kwalifikacyjnej, aby unikn\u0105\u0107 op\u00f3\u017anie\u0144.<\/li>\n<\/ul>\n\n<h2 class=\"wp-block-heading\">Najcz\u0119\u015bciej zadawane pytania dotycz\u0105ce formularza DS 160<\/h2>\n\n<h3 class=\"wp-block-heading\">Jak d\u0142ugo trwa wype\u0142nienie DS-160?<\/h3>\n\n<p>\u015aredni czas trwania wynosi oko\u0142o 60 minut. Post\u0119py mo\u017cna zapisa\u0107 i wznowi\u0107 p\u00f3\u017aniej, je\u015bli zajdzie taka potrzeba. <\/p>\n\n<h3 class=\"wp-block-heading\">Czy mog\u0119 zmieni\u0107 formularz po jego przes\u0142aniu?<\/h3>\n\n<p>Nie, po przes\u0142aniu DS-160 nie mo\u017ce by\u0107 modyfikowany. W przypadku wykrycia b\u0142\u0119du konieczne b\u0119dzie wype\u0142nienie nowego formularza. <\/p>\n\n<h3 class=\"wp-block-heading\">Czy DS-160 gwarantuje otrzymanie wizy?<\/h3>\n\n<p>Nie, z\u0142o\u017cenie wniosku DS-160 nie gwarantuje zatwierdzenia wizy. Jest to krok obowi\u0105zkowy, ale uzyskanie wizy zale\u017cy od wyniku rozmowy konsularnej. <\/p>\n","protected":false},"excerpt":{"rendered":"<p>Formularz DS 160 do wniosku o wiz\u0119 ameryka\u0144sk\u0105 Formularz DS-160 jest niezb\u0119dnym dokumentem dla ka\u017cdego, kto chce uzyska\u0107 wiz\u0119 do Stan\u00f3w Zjednoczonych. Formularz ten jest obowi\u0105zkowy w przypadku wniosk\u00f3w wizowych i jest wype\u0142niany wy\u0142\u0105cznie online na oficjalnej stronie internetowej Departamentu Stanu USA. Oto wszystko, co musisz wiedzie\u0107, aby pomy\u015blnie wype\u0142ni\u0107 ten formularz. Czym jest formularz [&hellip;]<\/p>\n","protected":false},"author":1,"featured_media":0,"parent":0,"menu_order":0,"comment_status":"closed","ping_status":"closed","template":"","meta":{"footnotes":""},"class_list":["post-4516","page","type-page","status-publish","hentry"],"yoast_head":"<!-- This site is optimized with the Yoast SEO plugin v27.4 - https:\/\/yoast.com\/product\/yoast-seo-wordpress\/ -->\n<title>Formularz DS 160 online - USA B2<\/title>\n<meta name=\"description\" content=\"Wszystko, co musisz wiedzie\u0107 o wype\u0142nianiu formularza DS 160, aby ubiega\u0107 si\u0119 o wiz\u0119 ameryka\u0144sk\u0105 online\" \/>\n<meta name=\"robots\" content=\"index, follow, max-snippet:-1, max-image-preview:large, max-video-preview:-1\" \/>\n<link rel=\"canonical\" href=\"https:\/\/usa-b2.com\/pl\/ds-160\/\" \/>\n<meta property=\"og:locale\" content=\"pl_PL\" \/>\n<meta property=\"og:type\" content=\"article\" \/>\n<meta property=\"og:title\" content=\"Formularz DS 160 online - USA B2\" \/>\n<meta property=\"og:description\" content=\"Wszystko, co musisz wiedzie\u0107 o wype\u0142nianiu formularza DS 160, aby ubiega\u0107 si\u0119 o wiz\u0119 ameryka\u0144sk\u0105 online\" \/>\n<meta property=\"og:url\" content=\"https:\/\/usa-b2.com\/pl\/ds-160\/\" \/>\n<meta property=\"og:site_name\" content=\"USA B2\" \/>\n<meta property=\"article:modified_time\" content=\"2026-02-25T15:05:31+00:00\" \/>\n<meta name=\"twitter:card\" content=\"summary_large_image\" \/>\n<meta name=\"twitter:label1\" content=\"Szacowany czas czytania\" \/>\n\t<meta name=\"twitter:data1\" content=\"3 minuty\" \/>\n<script type=\"application\/ld+json\" class=\"yoast-schema-graph\">{\"@context\":\"https:\\\/\\\/schema.org\",\"@graph\":[{\"@type\":\"WebPage\",\"@id\":\"https:\\\/\\\/usa-b2.com\\\/pl\\\/ds-160\\\/\",\"url\":\"https:\\\/\\\/usa-b2.com\\\/pl\\\/ds-160\\\/\",\"name\":\"Formularz DS 160 online - USA B2\",\"isPartOf\":{\"@id\":\"https:\\\/\\\/usa-b2.com\\\/pl\\\/#website\"},\"datePublished\":\"2024-11-18T12:44:50+00:00\",\"dateModified\":\"2026-02-25T15:05:31+00:00\",\"description\":\"Wszystko, co musisz wiedzie\u0107 o wype\u0142nianiu formularza DS 160, aby ubiega\u0107 si\u0119 o wiz\u0119 ameryka\u0144sk\u0105 online\",\"breadcrumb\":{\"@id\":\"https:\\\/\\\/usa-b2.com\\\/pl\\\/ds-160\\\/#breadcrumb\"},\"inLanguage\":\"pl-PL\",\"potentialAction\":[{\"@type\":\"ReadAction\",\"target\":[\"https:\\\/\\\/usa-b2.com\\\/pl\\\/ds-160\\\/\"]}]},{\"@type\":\"BreadcrumbList\",\"@id\":\"https:\\\/\\\/usa-b2.com\\\/pl\\\/ds-160\\\/#breadcrumb\",\"itemListElement\":[{\"@type\":\"ListItem\",\"position\":1,\"name\":\"Accueil\",\"item\":\"https:\\\/\\\/usa-b2.com\\\/pl\\\/usa\\\/\"},{\"@type\":\"ListItem\",\"position\":2,\"name\":\"Formularz DS 160 online\"}]},{\"@type\":\"WebSite\",\"@id\":\"https:\\\/\\\/usa-b2.com\\\/pl\\\/#website\",\"url\":\"https:\\\/\\\/usa-b2.com\\\/pl\\\/\",\"name\":\"USA B2 VISA\",\"description\":\"\",\"potentialAction\":[{\"@type\":\"SearchAction\",\"target\":{\"@type\":\"EntryPoint\",\"urlTemplate\":\"https:\\\/\\\/usa-b2.com\\\/pl\\\/?s={search_term_string}\"},\"query-input\":{\"@type\":\"PropertyValueSpecification\",\"valueRequired\":true,\"valueName\":\"search_term_string\"}}],\"inLanguage\":\"pl-PL\"}]}<\/script>\n<!-- \/ Yoast SEO plugin. -->","yoast_head_json":{"title":"Formularz DS 160 online - USA B2","description":"Wszystko, co musisz wiedzie\u0107 o wype\u0142nianiu formularza DS 160, aby ubiega\u0107 si\u0119 o wiz\u0119 ameryka\u0144sk\u0105 online","robots":{"index":"index","follow":"follow","max-snippet":"max-snippet:-1","max-image-preview":"max-image-preview:large","max-video-preview":"max-video-preview:-1"},"canonical":"https:\/\/usa-b2.com\/pl\/ds-160\/","og_locale":"pl_PL","og_type":"article","og_title":"Formularz DS 160 online - USA B2","og_description":"Wszystko, co musisz wiedzie\u0107 o wype\u0142nianiu formularza DS 160, aby ubiega\u0107 si\u0119 o wiz\u0119 ameryka\u0144sk\u0105 online","og_url":"https:\/\/usa-b2.com\/pl\/ds-160\/","og_site_name":"USA B2","article_modified_time":"2026-02-25T15:05:31+00:00","twitter_card":"summary_large_image","twitter_misc":{"Szacowany czas czytania":"3 minuty"},"schema":{"@context":"https:\/\/schema.org","@graph":[{"@type":"WebPage","@id":"https:\/\/usa-b2.com\/pl\/ds-160\/","url":"https:\/\/usa-b2.com\/pl\/ds-160\/","name":"Formularz DS 160 online - USA B2","isPartOf":{"@id":"https:\/\/usa-b2.com\/pl\/#website"},"datePublished":"2024-11-18T12:44:50+00:00","dateModified":"2026-02-25T15:05:31+00:00","description":"Wszystko, co musisz wiedzie\u0107 o wype\u0142nianiu formularza DS 160, aby ubiega\u0107 si\u0119 o wiz\u0119 ameryka\u0144sk\u0105 online","breadcrumb":{"@id":"https:\/\/usa-b2.com\/pl\/ds-160\/#breadcrumb"},"inLanguage":"pl-PL","potentialAction":[{"@type":"ReadAction","target":["https:\/\/usa-b2.com\/pl\/ds-160\/"]}]},{"@type":"BreadcrumbList","@id":"https:\/\/usa-b2.com\/pl\/ds-160\/#breadcrumb","itemListElement":[{"@type":"ListItem","position":1,"name":"Accueil","item":"https:\/\/usa-b2.com\/pl\/usa\/"},{"@type":"ListItem","position":2,"name":"Formularz DS 160 online"}]},{"@type":"WebSite","@id":"https:\/\/usa-b2.com\/pl\/#website","url":"https:\/\/usa-b2.com\/pl\/","name":"USA B2 VISA","description":"","potentialAction":[{"@type":"SearchAction","target":{"@type":"EntryPoint","urlTemplate":"https:\/\/usa-b2.com\/pl\/?s={search_term_string}"},"query-input":{"@type":"PropertyValueSpecification","valueRequired":true,"valueName":"search_term_string"}}],"inLanguage":"pl-PL"}]}},"_links":{"self":[{"href":"https:\/\/usa-b2.com\/pl\/wp-json\/wp\/v2\/pages\/4516","targetHints":{"allow":["GET"]}}],"collection":[{"href":"https:\/\/usa-b2.com\/pl\/wp-json\/wp\/v2\/pages"}],"about":[{"href":"https:\/\/usa-b2.com\/pl\/wp-json\/wp\/v2\/types\/page"}],"author":[{"embeddable":true,"href":"https:\/\/usa-b2.com\/pl\/wp-json\/wp\/v2\/users\/1"}],"replies":[{"embeddable":true,"href":"https:\/\/usa-b2.com\/pl\/wp-json\/wp\/v2\/comments?post=4516"}],"version-history":[{"count":3,"href":"https:\/\/usa-b2.com\/pl\/wp-json\/wp\/v2\/pages\/4516\/revisions"}],"predecessor-version":[{"id":11073,"href":"https:\/\/usa-b2.com\/pl\/wp-json\/wp\/v2\/pages\/4516\/revisions\/11073"}],"wp:attachment":[{"href":"https:\/\/usa-b2.com\/pl\/wp-json\/wp\/v2\/media?parent=4516"}],"curies":[{"name":"wp","href":"https:\/\/api.w.org\/{rel}","templated":true}]}}