{"id":420,"date":"2024-02-10T17:15:31","date_gmt":"2024-02-10T17:15:31","guid":{"rendered":"https:\/\/usa-b2.com\/spotkanie-wizowe-ambasadzie-usa\/"},"modified":"2026-04-17T15:02:27","modified_gmt":"2026-04-17T15:02:27","slug":"spotkanie-wizowe-ambasadzie-usa","status":"publish","type":"page","link":"https:\/\/usa-b2.com\/pl\/spotkanie-wizowe-ambasadzie-usa\/","title":{"rendered":"Rozmowa wizowa w ambasadzie USA"},"content":{"rendered":"\n<h1 class=\"wp-block-heading\">Rozmowa wizowa w ambasadzie USA<\/h1>\n\n<p>Ubiegaj\u0105c <a href=\"https:\/\/usa-b2.com\/pl\/formularz-wizowy-b2-online\/\">si\u0119 o wiz\u0119 B2<\/a>, wnioskodawca musi wzi\u0105\u0107 udzia\u0142 w rozmowie z urz\u0119dnikiem konsularnym USA. Celem tej rozmowy jest zatwierdzenie wniosku wizowego. Rozmowa ta odbywa si\u0119 w ambasadzie lub konsulacie USA w kraju pochodzenia osoby ubiegaj\u0105cej si\u0119 o <a href=\"https:\/\/usa-b2.com\/pl\/wiza-b2\/\">wiz\u0119 B2<\/a>.  <\/p>\n\n<p><strong>W przypadku pobytu turystycznego kr\u00f3tszego ni\u017c 90 dni<\/strong> : nie trzeba umawia\u0107 si\u0119 na spotkanie w ambasadzie, aby ubiega\u0107 si\u0119 o wiz\u0119 B2. Mo\u017cesz z\u0142o\u017cy\u0107 <a href=\"https:\/\/usa-b2.com\/pl\/formularz-esta-on-line\/\">wniosek o ESTA<\/a> szybko i \u0142atwo online.<\/p>\n\n<div style=\"height:10px\" aria-hidden=\"true\" class=\"wp-block-spacer\"><\/div>\n\n<h2 class=\"wp-block-heading\" id=\"h-comment-obtenir-un-rendez-vous-a-l-ambassade-des-etats-unis\">Jak um\u00f3wi\u0107 si\u0119 na spotkanie w ambasadzie USA?<\/h2>\n\n<p>Aby um\u00f3wi\u0107 si\u0119 na spotkanie w celu rozpatrzenia wniosku wizowego, wnioskodawca musi zalogowa\u0107 si\u0119 na stronie internetowej <a href=\"https:\/\/www.uscis.gov\/\">USCIS<\/a>. Dat\u0119 i godzin\u0119 spotkania wybieraj\u0105 online, a wi\u0119kszo\u015b\u0107 rozm\u00f3w kwalifikacyjnych odbywa si\u0119 od poniedzia\u0142ku do pi\u0105tku w godzinach od 8:30 do 9:30. <\/p>\n\n<h2 class=\"wp-block-heading\">Jak przygotowa\u0107 si\u0119 do rozmowy wizowej?<\/h2>\n\n<p>Po ustaleniu daty spotkania przez Krajowe Centrum Wizowe USA, wnioskodawca musi przygotowa\u0107 si\u0119 do rozmowy. Oto najwa\u017cniejsze kroki, aby przygotowa\u0107 si\u0119 do udanej rozmowy kwalifikacyjnej i uzyska\u0107 wiz\u0119 B2: <\/p>\n\n<h3 class=\"wp-block-heading\">Badanie lekarskie<\/h3>\n\n<p>Wszystkie osoby ubiegaj\u0105ce si\u0119 o wiz\u0119 musz\u0105 przej\u015b\u0107 badania lekarskie zatwierdzone przez <a href=\"https:\/\/usa-b2.com\/pl\/ambasada-usa\/\">ambasad\u0119 USA<\/a> w kraju pochodzenia wnioskodawcy. Lista instrukcji specyficznych dla ka\u017cdego kraju jest dost\u0119pna w ambasadzie ameryka\u0144skiej. Badanie lekarskie przeprowadzone przez nieakredytowanego lekarza nie zostanie zaakceptowane we wniosku wizowym.  <\/p>\n\n<p>Wyniki bada\u0144 lekarskich s\u0105 przesy\u0142ane bezpo\u015brednio do ambasady. W niekt\u00f3rych krajach wyniki s\u0105 przekazywane kandydatowi w zapiecz\u0119towanej kopercie, kt\u00f3r\u0105 nale\u017cy odda\u0107 nieotwart\u0105 w dniu rozmowy kwalifikacyjnej. <\/p>\n\n<h3 class=\"wp-block-heading\">Zbierz dokumenty uzupe\u0142niaj\u0105ce, kt\u00f3re nale\u017cy przedstawi\u0107 podczas rozmowy kwalifikacyjnej.<\/h3>\n\n<p>Ka\u017cdy wniosek wizowy wymaga dokument\u00f3w uzupe\u0142niaj\u0105cych. Wszystkie dokumenty wymienione we wniosku wizowym musz\u0105 by\u0107 z\u0142o\u017cone w oryginale lub w formie uwierzytelnionej kopii. Jest to najbardziej administracyjna cz\u0119\u015b\u0107 <a href=\"https:\/\/usa-b2.com\/pl\/procedura-wize-b2\/\">procedury ubiegania si\u0119 o wiz\u0119 B2<\/a>.  <\/p>\n\n<p>Wniosek o wiz\u0119 B2 nie mo\u017ce zosta\u0107 sfinalizowany, je\u015bli brakuje pewnych dokument\u00f3w. Wnioskodawca b\u0119dzie musia\u0142 um\u00f3wi\u0107 si\u0119 na kolejn\u0105 wizyt\u0119 w ambasadzie, aby przedstawi\u0107 brakuj\u0105ce dokumenty i uzyska\u0107 wiz\u0119. <\/p>\n\n<h2 class=\"wp-block-heading\" id=\"h-comment-se-passe-le-rendez-vous-a-l-ambassade-des-etats-unis\">Jak przebiega rozmowa wizowa?<\/h2>\n\n<p>Wnioskodawca musi przynie\u015b\u0107 na spotkanie wydrukowane potwierdzenie z\u0142o\u017cenia wniosku wizowego. Powiniene\u015b przeznaczy\u0107 dodatkowe 15 minut na przej\u015bcie przez ochron\u0119 ambasady przed um\u00f3wion\u0105 godzin\u0105 spotkania. Po zako\u0144czeniu kontroli bezpiecze\u0144stwa odciski palc\u00f3w kandydata zostan\u0105 zarejestrowane i uzyska on dost\u0119p do sali konferencyjnej.  <\/p>\n\n<p>Spotkanie w ambasadzie trwa \u015brednio 15 minut i jest prowadzone w j\u0119zyku angielskim. Czasami rozmowa mo\u017ce zosta\u0107 przeprowadzona w j\u0119zyku lokalnym, je\u015bli urz\u0119dnik konsularny biegle pos\u0142uguje si\u0119 tym j\u0119zykiem. Oto g\u0142\u00f3wne punkty poruszane podczas rozmowy kwalifikacyjnej o wiz\u0119 B2:  <\/p>\n\n<ul class=\"wp-block-list\">\n<li>Dlaczego odwiedzasz Stany Zjednoczone?<\/li>\n\n\n\n<li>Jaka jest planowana trasa, zakwaterowanie i rezerwacje?  <\/li>\n\n\n\n<li>Jak finansowane s\u0105 wakacje?<\/li>\n<\/ul>\n\n<p>Na zako\u0144czenie rozmowy urz\u0119dnik konsularny poinformuje, czy wiza zosta\u0142a przyznana. Podstemplowany paszport z wiz\u0105 B2 zostanie wys\u0142any poczt\u0105 po zako\u0144czeniu rozmowy kwalifikacyjnej. <\/p>\n\n<h2 class=\"wp-block-heading\">Jakie dokumenty nale\u017cy przynie\u015b\u0107 na rozmow\u0119 kwalifikacyjn\u0105?<\/h2>\n\n<p>Kandydaci musz\u0105 przynie\u015b\u0107 wszystkie oryginalne lub po\u015bwiadczone dokumenty wymagane do rozpatrzenia wniosku wizowego. Poni\u017cej znajduje si\u0119 lista minimalnych wymaganych dokument\u00f3w: <\/p>\n\n<ul class=\"wp-block-list\">\n<li>List powo\u0142uj\u0105cy<\/li>\n\n\n\n<li><a href=\"https:\/\/usa-b2.com\/pl\/podroz-paszportowa-usa\/\">Paszport wa\u017cny w USA<\/a> i wa\u017cny przez co najmniej 6 miesi\u0119cy od planowanej daty przyjazdu do USA<\/li>\n\n\n\n<li>2 kolorowe zdj\u0119cia paszportowe spe\u0142niaj\u0105ce wymogi wizowe<\/li>\n\n\n\n<li>Oryginalne dokumenty lub uwierzytelnione kopie dokument\u00f3w przes\u0142anych podczas sk\u0142adania wniosku wizowego.<\/li>\n\n\n\n<li>Dow\u00f3d uiszczenia <a href=\"https:\/\/usa-b2.com\/pl\/oplaty-wiza-b2\/\">op\u0142aty wizowej<\/a> jest przechowywany w aktach wnioskodawcy.<\/li>\n<\/ul>\n\n<div style=\"height:10px\" aria-hidden=\"true\" class=\"wp-block-spacer\"><\/div>\n\n<h2 class=\"wp-block-heading\">Co si\u0119 stanie, je\u015bli kandydat nie stawi si\u0119 na rozmow\u0119 kwalifikacyjn\u0105?<\/h2>\n\n<p>Je\u015bli wnioskodawca nie stawi si\u0119 na zaplanowane spotkanie, akta zostan\u0105 zamkni\u0119te, a wniosek wizowy anulowany. Uiszczone op\u0142aty nie zostan\u0105 zwr\u00f3cone. <\/p>\n","protected":false},"excerpt":{"rendered":"<p>Rozmowa wizowa w ambasadzie USA Ubiegaj\u0105c si\u0119 o wiz\u0119 B2, wnioskodawca musi wzi\u0105\u0107 udzia\u0142 w rozmowie z urz\u0119dnikiem konsularnym USA. Celem tej rozmowy jest zatwierdzenie wniosku wizowego. Rozmowa ta odbywa si\u0119 w ambasadzie lub konsulacie USA w kraju pochodzenia osoby ubiegaj\u0105cej si\u0119 o wiz\u0119 B2. W przypadku pobytu turystycznego kr\u00f3tszego ni\u017c 90 dni : nie [&hellip;]<\/p>\n","protected":false},"author":1,"featured_media":0,"parent":0,"menu_order":0,"comment_status":"closed","ping_status":"closed","template":"","meta":{"footnotes":""},"class_list":["post-420","page","type-page","status-publish","hentry"],"yoast_head":"<!-- This site is optimized with the Yoast SEO plugin v27.4 - https:\/\/yoast.com\/product\/yoast-seo-wordpress\/ -->\n<title>Rozmowa wizowa w ambasadzie USA - USA B2<\/title>\n<meta name=\"description\" content=\"Procedura ubiegania si\u0119 o wiz\u0119 B2 obejmuje rozmow\u0119 mi\u0119dzy wnioskodawc\u0105 a urz\u0119dnikiem konsularnym USA. Oto wszystkie szczeg\u00f3\u0142y.\" \/>\n<meta name=\"robots\" content=\"index, follow, max-snippet:-1, max-image-preview:large, max-video-preview:-1\" \/>\n<link rel=\"canonical\" href=\"https:\/\/usa-b2.com\/pl\/spotkanie-wizowe-ambasadzie-usa\/\" \/>\n<meta property=\"og:locale\" content=\"pl_PL\" \/>\n<meta property=\"og:type\" content=\"article\" \/>\n<meta property=\"og:title\" content=\"Rozmowa wizowa w ambasadzie USA - USA B2\" \/>\n<meta property=\"og:description\" content=\"Procedura ubiegania si\u0119 o wiz\u0119 B2 obejmuje rozmow\u0119 mi\u0119dzy wnioskodawc\u0105 a urz\u0119dnikiem konsularnym USA. Oto wszystkie szczeg\u00f3\u0142y.\" \/>\n<meta property=\"og:url\" content=\"https:\/\/usa-b2.com\/pl\/spotkanie-wizowe-ambasadzie-usa\/\" \/>\n<meta property=\"og:site_name\" content=\"USA B2\" \/>\n<meta property=\"article:modified_time\" content=\"2026-04-17T15:02:27+00:00\" \/>\n<meta name=\"twitter:card\" content=\"summary_large_image\" \/>\n<meta name=\"twitter:label1\" content=\"Szacowany czas czytania\" \/>\n\t<meta name=\"twitter:data1\" content=\"3 minuty\" \/>\n<script type=\"application\/ld+json\" class=\"yoast-schema-graph\">{\"@context\":\"https:\\\/\\\/schema.org\",\"@graph\":[{\"@type\":\"WebPage\",\"@id\":\"https:\\\/\\\/usa-b2.com\\\/pl\\\/spotkanie-wizowe-ambasadzie-usa\\\/\",\"url\":\"https:\\\/\\\/usa-b2.com\\\/pl\\\/spotkanie-wizowe-ambasadzie-usa\\\/\",\"name\":\"Rozmowa wizowa w ambasadzie USA - USA B2\",\"isPartOf\":{\"@id\":\"https:\\\/\\\/usa-b2.com\\\/pl\\\/#website\"},\"datePublished\":\"2024-02-10T17:15:31+00:00\",\"dateModified\":\"2026-04-17T15:02:27+00:00\",\"description\":\"Procedura ubiegania si\u0119 o wiz\u0119 B2 obejmuje rozmow\u0119 mi\u0119dzy wnioskodawc\u0105 a urz\u0119dnikiem konsularnym USA. Oto wszystkie szczeg\u00f3\u0142y.\",\"breadcrumb\":{\"@id\":\"https:\\\/\\\/usa-b2.com\\\/pl\\\/spotkanie-wizowe-ambasadzie-usa\\\/#breadcrumb\"},\"inLanguage\":\"pl-PL\",\"potentialAction\":[{\"@type\":\"ReadAction\",\"target\":[\"https:\\\/\\\/usa-b2.com\\\/pl\\\/spotkanie-wizowe-ambasadzie-usa\\\/\"]}]},{\"@type\":\"BreadcrumbList\",\"@id\":\"https:\\\/\\\/usa-b2.com\\\/pl\\\/spotkanie-wizowe-ambasadzie-usa\\\/#breadcrumb\",\"itemListElement\":[{\"@type\":\"ListItem\",\"position\":1,\"name\":\"Accueil\",\"item\":\"https:\\\/\\\/usa-b2.com\\\/pl\\\/usa\\\/\"},{\"@type\":\"ListItem\",\"position\":2,\"name\":\"Rozmowa wizowa w ambasadzie USA\"}]},{\"@type\":\"WebSite\",\"@id\":\"https:\\\/\\\/usa-b2.com\\\/pl\\\/#website\",\"url\":\"https:\\\/\\\/usa-b2.com\\\/pl\\\/\",\"name\":\"USA B2 VISA\",\"description\":\"\",\"potentialAction\":[{\"@type\":\"SearchAction\",\"target\":{\"@type\":\"EntryPoint\",\"urlTemplate\":\"https:\\\/\\\/usa-b2.com\\\/pl\\\/?s={search_term_string}\"},\"query-input\":{\"@type\":\"PropertyValueSpecification\",\"valueRequired\":true,\"valueName\":\"search_term_string\"}}],\"inLanguage\":\"pl-PL\"}]}<\/script>\n<!-- \/ Yoast SEO plugin. -->","yoast_head_json":{"title":"Rozmowa wizowa w ambasadzie USA - USA B2","description":"Procedura ubiegania si\u0119 o wiz\u0119 B2 obejmuje rozmow\u0119 mi\u0119dzy wnioskodawc\u0105 a urz\u0119dnikiem konsularnym USA. Oto wszystkie szczeg\u00f3\u0142y.","robots":{"index":"index","follow":"follow","max-snippet":"max-snippet:-1","max-image-preview":"max-image-preview:large","max-video-preview":"max-video-preview:-1"},"canonical":"https:\/\/usa-b2.com\/pl\/spotkanie-wizowe-ambasadzie-usa\/","og_locale":"pl_PL","og_type":"article","og_title":"Rozmowa wizowa w ambasadzie USA - USA B2","og_description":"Procedura ubiegania si\u0119 o wiz\u0119 B2 obejmuje rozmow\u0119 mi\u0119dzy wnioskodawc\u0105 a urz\u0119dnikiem konsularnym USA. Oto wszystkie szczeg\u00f3\u0142y.","og_url":"https:\/\/usa-b2.com\/pl\/spotkanie-wizowe-ambasadzie-usa\/","og_site_name":"USA B2","article_modified_time":"2026-04-17T15:02:27+00:00","twitter_card":"summary_large_image","twitter_misc":{"Szacowany czas czytania":"3 minuty"},"schema":{"@context":"https:\/\/schema.org","@graph":[{"@type":"WebPage","@id":"https:\/\/usa-b2.com\/pl\/spotkanie-wizowe-ambasadzie-usa\/","url":"https:\/\/usa-b2.com\/pl\/spotkanie-wizowe-ambasadzie-usa\/","name":"Rozmowa wizowa w ambasadzie USA - USA B2","isPartOf":{"@id":"https:\/\/usa-b2.com\/pl\/#website"},"datePublished":"2024-02-10T17:15:31+00:00","dateModified":"2026-04-17T15:02:27+00:00","description":"Procedura ubiegania si\u0119 o wiz\u0119 B2 obejmuje rozmow\u0119 mi\u0119dzy wnioskodawc\u0105 a urz\u0119dnikiem konsularnym USA. Oto wszystkie szczeg\u00f3\u0142y.","breadcrumb":{"@id":"https:\/\/usa-b2.com\/pl\/spotkanie-wizowe-ambasadzie-usa\/#breadcrumb"},"inLanguage":"pl-PL","potentialAction":[{"@type":"ReadAction","target":["https:\/\/usa-b2.com\/pl\/spotkanie-wizowe-ambasadzie-usa\/"]}]},{"@type":"BreadcrumbList","@id":"https:\/\/usa-b2.com\/pl\/spotkanie-wizowe-ambasadzie-usa\/#breadcrumb","itemListElement":[{"@type":"ListItem","position":1,"name":"Accueil","item":"https:\/\/usa-b2.com\/pl\/usa\/"},{"@type":"ListItem","position":2,"name":"Rozmowa wizowa w ambasadzie USA"}]},{"@type":"WebSite","@id":"https:\/\/usa-b2.com\/pl\/#website","url":"https:\/\/usa-b2.com\/pl\/","name":"USA B2 VISA","description":"","potentialAction":[{"@type":"SearchAction","target":{"@type":"EntryPoint","urlTemplate":"https:\/\/usa-b2.com\/pl\/?s={search_term_string}"},"query-input":{"@type":"PropertyValueSpecification","valueRequired":true,"valueName":"search_term_string"}}],"inLanguage":"pl-PL"}]}},"_links":{"self":[{"href":"https:\/\/usa-b2.com\/pl\/wp-json\/wp\/v2\/pages\/420","targetHints":{"allow":["GET"]}}],"collection":[{"href":"https:\/\/usa-b2.com\/pl\/wp-json\/wp\/v2\/pages"}],"about":[{"href":"https:\/\/usa-b2.com\/pl\/wp-json\/wp\/v2\/types\/page"}],"author":[{"embeddable":true,"href":"https:\/\/usa-b2.com\/pl\/wp-json\/wp\/v2\/users\/1"}],"replies":[{"embeddable":true,"href":"https:\/\/usa-b2.com\/pl\/wp-json\/wp\/v2\/comments?post=420"}],"version-history":[{"count":5,"href":"https:\/\/usa-b2.com\/pl\/wp-json\/wp\/v2\/pages\/420\/revisions"}],"predecessor-version":[{"id":11425,"href":"https:\/\/usa-b2.com\/pl\/wp-json\/wp\/v2\/pages\/420\/revisions\/11425"}],"wp:attachment":[{"href":"https:\/\/usa-b2.com\/pl\/wp-json\/wp\/v2\/media?parent=420"}],"curies":[{"name":"wp","href":"https:\/\/api.w.org\/{rel}","templated":true}]}}