{"id":3342,"date":"2024-07-17T10:04:38","date_gmt":"2024-07-17T10:04:38","guid":{"rendered":"https:\/\/usa-b2.com\/czym-jest-esta\/"},"modified":"2025-12-24T15:34:45","modified_gmt":"2025-12-24T15:34:45","slug":"czym-jest-esta","status":"publish","type":"page","link":"https:\/\/usa-b2.com\/pl\/czym-jest-esta\/","title":{"rendered":"Czym jest autoryzacja ESTA?"},"content":{"rendered":"\n<h1 class=\"wp-block-heading\">Co to jest ESTA?<\/h1>\n\n<p>ESTA to skr\u00f3t od Electronic System for Travel Authorization (elektroniczny system autoryzacji podr\u00f3\u017cy). Jest to elektroniczny system ustanowiony przez Stany Zjednoczone w celu wst\u0119pnej kontroli podr\u00f3\u017cnych przed ich wjazdem do kraju. Program zosta\u0142 wprowadzony w ramach ameryka\u0144skiego programu bezwizowego. Program ten umo\u017cliwia obywatelom 41 kraj\u00f3w podr\u00f3\u017cowanie do Stan\u00f3w Zjednoczonych na pobyty do 90 dni bez konieczno\u015bci posiadania wizy.     <\/p>\n\n<p><strong>Aby uzyska\u0107 zezwolenie na podr\u00f3\u017c w zaledwie kilka minut<\/strong>, wystarczy wype\u0142ni\u0107 <a href=\"https:\/\/usa-b2.com\/pl\/formularz-esta-on-line\/\">formularz ESTA online<\/a>.<\/p>\n\n<div style=\"height:10px\" aria-hidden=\"true\" class=\"wp-block-spacer\"><\/div>\n\n<h2 class=\"wp-block-heading\">Jak dzia\u0142a system ESTA<\/h2>\n\n<p>ESTA ma na celu uproszczenie i zabezpieczenie podr\u00f3\u017cy do Stan\u00f3w Zjednoczonych. Oto jak to dzia\u0142a: <\/p>\n\n<ol class=\"wp-block-list\">\n<li><strong>Sk\u0142adanie wniosku online<\/strong>: Podr\u00f3\u017cni musz\u0105 wype\u0142ni\u0107 <a href=\"https:\/\/usa-b2.com\/pl\/formularz-esta-on-line\/\">formularz ESTA online<\/a> na oficjalnej stronie ESTA. Formularz wymaga podania danych osobowych, szczeg\u00f3\u0142\u00f3w podr\u00f3\u017cy i odpowiedzi na pytania bezpiecze\u0144stwa.<\/li>\n\n\n\n<li><strong>Uiszczanie op\u0142at ESTA<\/strong>: Po wype\u0142nieniu formularza wnioskodawcy musz\u0105 ui\u015bci\u0107 op\u0142at\u0119 w wysoko\u015bci 40 USD online za pomoc\u0105 karty kredytowej, aby sfinalizowa\u0107 wniosek ESTA.<\/li>\n\n\n\n<li><strong>Przetwarzanie aplikacji<\/strong>: Aplikacje ESTA s\u0105 przetwarzane bardzo szybko. Wi\u0119kszo\u015b\u0107 wniosk\u00f3w jest przetwarzana w ci\u0105gu kilku minut, ale zaleca si\u0119 z\u0142o\u017cenie wniosku co najmniej 72 godziny przed odlotem. <\/li>\n\n\n\n<li><strong>Otrzymanie autoryzacji ESTA<\/strong>: Je\u015bli wniosek zostanie zatwierdzony, <a href=\"https:\/\/usa-b2.com\/pl\/okres-waznosci-esta\/\">autoryzacja ESTA jest wa\u017cna<\/a> przez dwa lata lub do momentu wyga\u015bni\u0119cia wa\u017cno\u015bci paszportu. Certyfikat <a href=\"https:\/\/usa-b2.com\/pl\/wydrukuj-esta\/\">ESTA mo\u017cna wydrukowa\u0107<\/a>, co pozwala na wielokrotne pobyty do 90 dni.<\/li>\n<\/ol>\n\n<h3 class=\"wp-block-heading\">Kraje kwalifikuj\u0105ce si\u0119 do programu VWP<\/h3>\n\n<p>System ESTA jest dost\u0119pny dla obywateli kraj\u00f3w uczestnicz\u0105cych w <a href=\"https:\/\/usa-b2.com\/pl\/program-zniesienia-wizy\/\">Programie Ruchu Bezwizowego<\/a>. Lista 41 kwalifikuj\u0105cych si\u0119 kraj\u00f3w obejmuje wi\u0119kszo\u015b\u0107 Europy, Japoni\u0119, Kore\u0119 Po\u0142udniow\u0105, Australi\u0119 i kilka innych kraj\u00f3w, w tym Izrael.  <\/p>\n\n<h3 class=\"wp-block-heading\">Wymagania kwalifikacyjne ESTA<\/h3>\n\n<p>Aby kwalifikowa\u0107 si\u0119 do ESTA, podr\u00f3\u017cni musz\u0105<\/p>\n\n<ul class=\"wp-block-list\">\n<li>By\u0107 obywatelem kraju uczestnicz\u0105cego w programie bezwizowym;<\/li>\n\n\n\n<li>Nie posiada\u0107 wa\u017cnej <a href=\"https:\/\/usa-b2.com\/pl\/wiza-b2\/\">wizy turystycznej B2<\/a> lub <a href=\"https:\/\/usa-b2.com\/pl\/wiza-tranzyt-usa\/\">wizy tranzytowej<\/a> do USA;<\/li>\n\n\n\n<li>Przewidujesz pobyt do 90 dni w celach biznesowych, turystycznych lub tranzytowych;<\/li>\n\n\n\n<li><a href=\"https:\/\/usa-b2.com\/pl\/podroz-paszportowa-usa\/\">Wa\u017cny e-paszport<\/a>.<\/li>\n<\/ul>\n\n<h3 class=\"wp-block-heading\">Zalety systemu ESTA<\/h3>\n\n<ul class=\"wp-block-list\">\n<li><strong>Szybko\u015b\u0107 i wygoda<\/strong>: Proces online jest szybki i \u0142atwy, umo\u017cliwiaj\u0105c uzyskanie zezwolenia na podr\u00f3\u017c bez konieczno\u015bci udawania si\u0119 do ambasady lub konsulatu.<\/li>\n\n\n\n<li><strong>Wa\u017cno\u015b\u0107 przez 2 lata<\/strong>: Po zatwierdzeniu <a href=\"https:\/\/usa-b2.com\/pl\/okres-waznosci-esta\/\">autoryzacja ESTA jest wa\u017cna przez dwa lata<\/a>, umo\u017cliwiaj\u0105c wielokrotne wjazdy do Stan\u00f3w Zjednoczonych bez konieczno\u015bci sk\u0142adania nowych wniosk\u00f3w na ka\u017cd\u0105 podr\u00f3\u017c.<\/li>\n\n\n\n<li><strong>Poprawa bezpiecze\u0144stwa<\/strong>: ESTA umo\u017cliwia w\u0142adzom USA kontrol\u0119 podr\u00f3\u017cnych i popraw\u0119 bezpiecze\u0144stwa granic.<\/li>\n<\/ul>\n\n<div style=\"height:10px\" aria-hidden=\"true\" class=\"wp-block-spacer\"><\/div>\n","protected":false},"excerpt":{"rendered":"<p>Co to jest ESTA? ESTA to skr\u00f3t od Electronic System for Travel Authorization (elektroniczny system autoryzacji podr\u00f3\u017cy). Jest to elektroniczny system ustanowiony przez Stany Zjednoczone w celu wst\u0119pnej kontroli podr\u00f3\u017cnych przed ich wjazdem do kraju. Program zosta\u0142 wprowadzony w ramach ameryka\u0144skiego programu bezwizowego. Program ten umo\u017cliwia obywatelom 41 kraj\u00f3w podr\u00f3\u017cowanie do Stan\u00f3w Zjednoczonych na pobyty [&hellip;]<\/p>\n","protected":false},"author":1,"featured_media":0,"parent":0,"menu_order":0,"comment_status":"closed","ping_status":"closed","template":"","meta":{"footnotes":""},"class_list":["post-3342","page","type-page","status-publish","hentry"],"yoast_head":"<!-- This site is optimized with the Yoast SEO plugin v27.0 - https:\/\/yoast.com\/product\/yoast-seo-wordpress\/ -->\n<title>Czym jest autoryzacja ESTA? - USA B2<\/title>\n<meta name=\"description\" content=\"Wyja\u015bniamy szczeg\u00f3\u0142owo, czym jest elektroniczna autoryzacja podr\u00f3\u017cy ESTA na wizyt\u0119 w Stanach Zjednoczonych\" \/>\n<meta name=\"robots\" content=\"index, follow, max-snippet:-1, max-image-preview:large, max-video-preview:-1\" \/>\n<link rel=\"canonical\" href=\"https:\/\/usa-b2.com\/pl\/czym-jest-esta\/\" \/>\n<meta property=\"og:locale\" content=\"pl_PL\" \/>\n<meta property=\"og:type\" content=\"article\" \/>\n<meta property=\"og:title\" content=\"Czym jest autoryzacja ESTA? - USA B2\" \/>\n<meta property=\"og:description\" content=\"Wyja\u015bniamy szczeg\u00f3\u0142owo, czym jest elektroniczna autoryzacja podr\u00f3\u017cy ESTA na wizyt\u0119 w Stanach Zjednoczonych\" \/>\n<meta property=\"og:url\" content=\"https:\/\/usa-b2.com\/pl\/czym-jest-esta\/\" \/>\n<meta property=\"og:site_name\" content=\"USA B2\" \/>\n<meta property=\"article:modified_time\" content=\"2025-12-24T15:34:45+00:00\" \/>\n<meta name=\"twitter:card\" content=\"summary_large_image\" \/>\n<meta name=\"twitter:label1\" content=\"Szacowany czas czytania\" \/>\n\t<meta name=\"twitter:data1\" content=\"2 minuty\" \/>\n<script type=\"application\/ld+json\" class=\"yoast-schema-graph\">{\"@context\":\"https:\/\/schema.org\",\"@graph\":[{\"@type\":\"WebPage\",\"@id\":\"https:\/\/usa-b2.com\/pl\/czym-jest-esta\/\",\"url\":\"https:\/\/usa-b2.com\/pl\/czym-jest-esta\/\",\"name\":\"Czym jest autoryzacja ESTA? - USA B2\",\"isPartOf\":{\"@id\":\"https:\/\/usa-b2.com\/pl\/#website\"},\"datePublished\":\"2024-07-17T10:04:38+00:00\",\"dateModified\":\"2025-12-24T15:34:45+00:00\",\"description\":\"Wyja\u015bniamy szczeg\u00f3\u0142owo, czym jest elektroniczna autoryzacja podr\u00f3\u017cy ESTA na wizyt\u0119 w Stanach Zjednoczonych\",\"breadcrumb\":{\"@id\":\"https:\/\/usa-b2.com\/pl\/czym-jest-esta\/#breadcrumb\"},\"inLanguage\":\"pl-PL\",\"potentialAction\":[{\"@type\":\"ReadAction\",\"target\":[\"https:\/\/usa-b2.com\/pl\/czym-jest-esta\/\"]}]},{\"@type\":\"BreadcrumbList\",\"@id\":\"https:\/\/usa-b2.com\/pl\/czym-jest-esta\/#breadcrumb\",\"itemListElement\":[{\"@type\":\"ListItem\",\"position\":1,\"name\":\"Accueil\",\"item\":\"https:\/\/usa-b2.com\/pl\/roadtrips-usa\/\"},{\"@type\":\"ListItem\",\"position\":2,\"name\":\"Czym jest autoryzacja ESTA?\"}]},{\"@type\":\"WebSite\",\"@id\":\"https:\/\/usa-b2.com\/pl\/#website\",\"url\":\"https:\/\/usa-b2.com\/pl\/\",\"name\":\"USA B2 VISA\",\"description\":\"\",\"potentialAction\":[{\"@type\":\"SearchAction\",\"target\":{\"@type\":\"EntryPoint\",\"urlTemplate\":\"https:\/\/usa-b2.com\/pl\/?s={search_term_string}\"},\"query-input\":{\"@type\":\"PropertyValueSpecification\",\"valueRequired\":true,\"valueName\":\"search_term_string\"}}],\"inLanguage\":\"pl-PL\"}]}<\/script>\n<!-- \/ Yoast SEO plugin. -->","yoast_head_json":{"title":"Czym jest autoryzacja ESTA? - USA B2","description":"Wyja\u015bniamy szczeg\u00f3\u0142owo, czym jest elektroniczna autoryzacja podr\u00f3\u017cy ESTA na wizyt\u0119 w Stanach Zjednoczonych","robots":{"index":"index","follow":"follow","max-snippet":"max-snippet:-1","max-image-preview":"max-image-preview:large","max-video-preview":"max-video-preview:-1"},"canonical":"https:\/\/usa-b2.com\/pl\/czym-jest-esta\/","og_locale":"pl_PL","og_type":"article","og_title":"Czym jest autoryzacja ESTA? - USA B2","og_description":"Wyja\u015bniamy szczeg\u00f3\u0142owo, czym jest elektroniczna autoryzacja podr\u00f3\u017cy ESTA na wizyt\u0119 w Stanach Zjednoczonych","og_url":"https:\/\/usa-b2.com\/pl\/czym-jest-esta\/","og_site_name":"USA B2","article_modified_time":"2025-12-24T15:34:45+00:00","twitter_card":"summary_large_image","twitter_misc":{"Szacowany czas czytania":"2 minuty"},"schema":{"@context":"https:\/\/schema.org","@graph":[{"@type":"WebPage","@id":"https:\/\/usa-b2.com\/pl\/czym-jest-esta\/","url":"https:\/\/usa-b2.com\/pl\/czym-jest-esta\/","name":"Czym jest autoryzacja ESTA? - USA B2","isPartOf":{"@id":"https:\/\/usa-b2.com\/pl\/#website"},"datePublished":"2024-07-17T10:04:38+00:00","dateModified":"2025-12-24T15:34:45+00:00","description":"Wyja\u015bniamy szczeg\u00f3\u0142owo, czym jest elektroniczna autoryzacja podr\u00f3\u017cy ESTA na wizyt\u0119 w Stanach Zjednoczonych","breadcrumb":{"@id":"https:\/\/usa-b2.com\/pl\/czym-jest-esta\/#breadcrumb"},"inLanguage":"pl-PL","potentialAction":[{"@type":"ReadAction","target":["https:\/\/usa-b2.com\/pl\/czym-jest-esta\/"]}]},{"@type":"BreadcrumbList","@id":"https:\/\/usa-b2.com\/pl\/czym-jest-esta\/#breadcrumb","itemListElement":[{"@type":"ListItem","position":1,"name":"Accueil","item":"https:\/\/usa-b2.com\/pl\/roadtrips-usa\/"},{"@type":"ListItem","position":2,"name":"Czym jest autoryzacja ESTA?"}]},{"@type":"WebSite","@id":"https:\/\/usa-b2.com\/pl\/#website","url":"https:\/\/usa-b2.com\/pl\/","name":"USA B2 VISA","description":"","potentialAction":[{"@type":"SearchAction","target":{"@type":"EntryPoint","urlTemplate":"https:\/\/usa-b2.com\/pl\/?s={search_term_string}"},"query-input":{"@type":"PropertyValueSpecification","valueRequired":true,"valueName":"search_term_string"}}],"inLanguage":"pl-PL"}]}},"_links":{"self":[{"href":"https:\/\/usa-b2.com\/pl\/wp-json\/wp\/v2\/pages\/3342","targetHints":{"allow":["GET"]}}],"collection":[{"href":"https:\/\/usa-b2.com\/pl\/wp-json\/wp\/v2\/pages"}],"about":[{"href":"https:\/\/usa-b2.com\/pl\/wp-json\/wp\/v2\/types\/page"}],"author":[{"embeddable":true,"href":"https:\/\/usa-b2.com\/pl\/wp-json\/wp\/v2\/users\/1"}],"replies":[{"embeddable":true,"href":"https:\/\/usa-b2.com\/pl\/wp-json\/wp\/v2\/comments?post=3342"}],"version-history":[{"count":3,"href":"https:\/\/usa-b2.com\/pl\/wp-json\/wp\/v2\/pages\/3342\/revisions"}],"predecessor-version":[{"id":10935,"href":"https:\/\/usa-b2.com\/pl\/wp-json\/wp\/v2\/pages\/3342\/revisions\/10935"}],"wp:attachment":[{"href":"https:\/\/usa-b2.com\/pl\/wp-json\/wp\/v2\/media?parent=3342"}],"curies":[{"name":"wp","href":"https:\/\/api.w.org\/{rel}","templated":true}]}}