{"id":318,"date":"2024-02-10T17:03:45","date_gmt":"2024-02-10T17:03:45","guid":{"rendered":"https:\/\/usa-b2.com\/nota-prawna\/"},"modified":"2025-02-06T10:22:13","modified_gmt":"2025-02-06T10:22:13","slug":"nota-prawna","status":"publish","type":"page","link":"https:\/\/usa-b2.com\/pl\/nota-prawna\/","title":{"rendered":"informacja prawna usa-b2.com"},"content":{"rendered":"\n<h1 class=\"wp-block-heading\">Informacje prawne dotycz\u0105ce strony internetowej<\/h1>\n\n<h2 class=\"wp-block-heading\">Edytor strony<\/h2>\n\n<p>Jeste\u015bmy internetow\u0105 witryn\u0105 informacyjn\u0105 na temat turystycznych wycieczek objazdowych organizowanych w Stanach Zjednoczonych. Strona jest publikowana przez <a href=\"https:\/\/alma-consulting.org\">ALMA Consulting<\/a>, sp\u00f3\u0142k\u0119 zarejestrowan\u0105 na Malcie (UE). <\/p>\n\n<p>Nie jeste\u015bmy w \u017caden spos\u00f3b powi\u0105zani z administracj\u0105 USA lub jak\u0105kolwiek inn\u0105 administracj\u0105.  <\/p>\n\n<p>Nasza strona internetowa zawiera r\u00f3\u017cne hiper\u0142\u0105cza do stron internetowych os\u00f3b trzecich. Nie mamy powi\u0105za\u0144 ani kontroli nad tymi witrynami i nie ponosimy odpowiedzialno\u015bci za ich polityk\u0119 prywatno\u015bci lub praktyki handlowe.<\/p>\n\n<p>Aby si\u0119 z nami skontaktowa\u0107, skorzystaj z naszego <a href=\"https:\/\/usa-b2.com\/pl\/contact\/\">formularza kontaktowego<\/a>.<\/p>\n\n<h2 class=\"wp-block-heading\">Hosting stron internetowych<\/h2>\n\n<p>Nasza strona internetowa jest hostowana przez OVH, firm\u0119 z siedzib\u0105 w Roubaix we Francji. OVH jest sp\u00f3\u0142k\u0105 zarejestrowan\u0105 w rejestrze sp\u00f3\u0142ek Lille M\u00e9tropole pod numerem B424 761 419.<\/p>\n\n<h2 class=\"wp-block-heading\">Przetwarzanie danych osobowych<\/h2>\n\n<p>Nie gromadzimy \u017cadnych danych osobowych w celu zarz\u0105dzania witryn\u0105. Jedyny zapis danych osobowych odwiedzaj\u0105cych online dotyczy kilku rzadkich plik\u00f3w cookie zwi\u0105zanych z przegl\u0105daniem. Odwiedzaj\u0105cy maj\u0105 prawo dost\u0119pu do tych danych, ich modyfikowania, poprawiania i usuwania. Aby skorzysta\u0107 z tego prawa, nale\u017cy skontaktowa\u0107 si\u0119 z nami za pomoc\u0105 <a href=\"https:\/\/usa-b2.com\/pl\/contact\/\">formularza kontaktowego<\/a>.   <\/p>\n\n<p>Szczeg\u00f3\u0142owe informacje mo\u017cna znale\u017a\u0107 w naszej <a href=\"https:\/\/usa-b2.com\/pl\/polityka-prywatnosci\/\">polityce prywatno\u015bci<\/a>.<\/p>\n","protected":false},"excerpt":{"rendered":"<p>Informacje prawne dotycz\u0105ce strony internetowej Edytor strony Jeste\u015bmy internetow\u0105 witryn\u0105 informacyjn\u0105 na temat turystycznych wycieczek objazdowych organizowanych w Stanach Zjednoczonych. Strona jest publikowana przez ALMA Consulting, sp\u00f3\u0142k\u0119 zarejestrowan\u0105 na Malcie (UE). Nie jeste\u015bmy w \u017caden spos\u00f3b powi\u0105zani z administracj\u0105 USA lub jak\u0105kolwiek inn\u0105 administracj\u0105. Nasza strona internetowa zawiera r\u00f3\u017cne hiper\u0142\u0105cza do stron internetowych os\u00f3b trzecich. [&hellip;]<\/p>\n","protected":false},"author":1,"featured_media":0,"parent":0,"menu_order":0,"comment_status":"closed","ping_status":"closed","template":"","meta":{"footnotes":""},"class_list":["post-318","page","type-page","status-publish","hentry"],"yoast_head":"<!-- This site is optimized with the Yoast SEO plugin v27.4 - https:\/\/yoast.com\/product\/yoast-seo-wordpress\/ -->\n<title>informacja prawna usa-b2.com - USA B2<\/title>\n<meta name=\"description\" content=\"Informacje prawne dotycz\u0105ce witryny usa-b2.com\" \/>\n<meta name=\"robots\" content=\"index, follow, max-snippet:-1, max-image-preview:large, max-video-preview:-1\" \/>\n<link rel=\"canonical\" href=\"https:\/\/usa-b2.com\/pl\/nota-prawna\/\" \/>\n<meta property=\"og:locale\" content=\"pl_PL\" \/>\n<meta property=\"og:type\" content=\"article\" \/>\n<meta property=\"og:title\" content=\"informacja prawna usa-b2.com - USA B2\" \/>\n<meta property=\"og:description\" content=\"Informacje prawne dotycz\u0105ce witryny usa-b2.com\" \/>\n<meta property=\"og:url\" content=\"https:\/\/usa-b2.com\/pl\/nota-prawna\/\" \/>\n<meta property=\"og:site_name\" content=\"USA B2\" \/>\n<meta property=\"article:modified_time\" content=\"2025-02-06T10:22:13+00:00\" \/>\n<meta name=\"twitter:card\" content=\"summary_large_image\" \/>\n<meta name=\"twitter:label1\" content=\"Szacowany czas czytania\" \/>\n\t<meta name=\"twitter:data1\" content=\"1 minuta\" \/>\n<script type=\"application\/ld+json\" class=\"yoast-schema-graph\">{\"@context\":\"https:\\\/\\\/schema.org\",\"@graph\":[{\"@type\":\"WebPage\",\"@id\":\"https:\\\/\\\/usa-b2.com\\\/pl\\\/nota-prawna\\\/\",\"url\":\"https:\\\/\\\/usa-b2.com\\\/pl\\\/nota-prawna\\\/\",\"name\":\"informacja prawna usa-b2.com - USA B2\",\"isPartOf\":{\"@id\":\"https:\\\/\\\/usa-b2.com\\\/pl\\\/#website\"},\"datePublished\":\"2024-02-10T17:03:45+00:00\",\"dateModified\":\"2025-02-06T10:22:13+00:00\",\"description\":\"Informacje prawne dotycz\u0105ce witryny usa-b2.com\",\"breadcrumb\":{\"@id\":\"https:\\\/\\\/usa-b2.com\\\/pl\\\/nota-prawna\\\/#breadcrumb\"},\"inLanguage\":\"pl-PL\",\"potentialAction\":[{\"@type\":\"ReadAction\",\"target\":[\"https:\\\/\\\/usa-b2.com\\\/pl\\\/nota-prawna\\\/\"]}]},{\"@type\":\"BreadcrumbList\",\"@id\":\"https:\\\/\\\/usa-b2.com\\\/pl\\\/nota-prawna\\\/#breadcrumb\",\"itemListElement\":[{\"@type\":\"ListItem\",\"position\":1,\"name\":\"Accueil\",\"item\":\"https:\\\/\\\/usa-b2.com\\\/pl\\\/usa\\\/\"},{\"@type\":\"ListItem\",\"position\":2,\"name\":\"informacja prawna usa-b2.com\"}]},{\"@type\":\"WebSite\",\"@id\":\"https:\\\/\\\/usa-b2.com\\\/pl\\\/#website\",\"url\":\"https:\\\/\\\/usa-b2.com\\\/pl\\\/\",\"name\":\"USA B2 VISA\",\"description\":\"\",\"potentialAction\":[{\"@type\":\"SearchAction\",\"target\":{\"@type\":\"EntryPoint\",\"urlTemplate\":\"https:\\\/\\\/usa-b2.com\\\/pl\\\/?s={search_term_string}\"},\"query-input\":{\"@type\":\"PropertyValueSpecification\",\"valueRequired\":true,\"valueName\":\"search_term_string\"}}],\"inLanguage\":\"pl-PL\"}]}<\/script>\n<!-- \/ Yoast SEO plugin. -->","yoast_head_json":{"title":"informacja prawna usa-b2.com - USA B2","description":"Informacje prawne dotycz\u0105ce witryny usa-b2.com","robots":{"index":"index","follow":"follow","max-snippet":"max-snippet:-1","max-image-preview":"max-image-preview:large","max-video-preview":"max-video-preview:-1"},"canonical":"https:\/\/usa-b2.com\/pl\/nota-prawna\/","og_locale":"pl_PL","og_type":"article","og_title":"informacja prawna usa-b2.com - USA B2","og_description":"Informacje prawne dotycz\u0105ce witryny usa-b2.com","og_url":"https:\/\/usa-b2.com\/pl\/nota-prawna\/","og_site_name":"USA B2","article_modified_time":"2025-02-06T10:22:13+00:00","twitter_card":"summary_large_image","twitter_misc":{"Szacowany czas czytania":"1 minuta"},"schema":{"@context":"https:\/\/schema.org","@graph":[{"@type":"WebPage","@id":"https:\/\/usa-b2.com\/pl\/nota-prawna\/","url":"https:\/\/usa-b2.com\/pl\/nota-prawna\/","name":"informacja prawna usa-b2.com - USA B2","isPartOf":{"@id":"https:\/\/usa-b2.com\/pl\/#website"},"datePublished":"2024-02-10T17:03:45+00:00","dateModified":"2025-02-06T10:22:13+00:00","description":"Informacje prawne dotycz\u0105ce witryny usa-b2.com","breadcrumb":{"@id":"https:\/\/usa-b2.com\/pl\/nota-prawna\/#breadcrumb"},"inLanguage":"pl-PL","potentialAction":[{"@type":"ReadAction","target":["https:\/\/usa-b2.com\/pl\/nota-prawna\/"]}]},{"@type":"BreadcrumbList","@id":"https:\/\/usa-b2.com\/pl\/nota-prawna\/#breadcrumb","itemListElement":[{"@type":"ListItem","position":1,"name":"Accueil","item":"https:\/\/usa-b2.com\/pl\/usa\/"},{"@type":"ListItem","position":2,"name":"informacja prawna usa-b2.com"}]},{"@type":"WebSite","@id":"https:\/\/usa-b2.com\/pl\/#website","url":"https:\/\/usa-b2.com\/pl\/","name":"USA B2 VISA","description":"","potentialAction":[{"@type":"SearchAction","target":{"@type":"EntryPoint","urlTemplate":"https:\/\/usa-b2.com\/pl\/?s={search_term_string}"},"query-input":{"@type":"PropertyValueSpecification","valueRequired":true,"valueName":"search_term_string"}}],"inLanguage":"pl-PL"}]}},"_links":{"self":[{"href":"https:\/\/usa-b2.com\/pl\/wp-json\/wp\/v2\/pages\/318","targetHints":{"allow":["GET"]}}],"collection":[{"href":"https:\/\/usa-b2.com\/pl\/wp-json\/wp\/v2\/pages"}],"about":[{"href":"https:\/\/usa-b2.com\/pl\/wp-json\/wp\/v2\/types\/page"}],"author":[{"embeddable":true,"href":"https:\/\/usa-b2.com\/pl\/wp-json\/wp\/v2\/users\/1"}],"replies":[{"embeddable":true,"href":"https:\/\/usa-b2.com\/pl\/wp-json\/wp\/v2\/comments?post=318"}],"version-history":[{"count":0,"href":"https:\/\/usa-b2.com\/pl\/wp-json\/wp\/v2\/pages\/318\/revisions"}],"wp:attachment":[{"href":"https:\/\/usa-b2.com\/pl\/wp-json\/wp\/v2\/media?parent=318"}],"curies":[{"name":"wp","href":"https:\/\/api.w.org\/{rel}","templated":true}]}}