{"id":2837,"date":"2024-06-25T15:44:50","date_gmt":"2024-06-25T15:44:50","guid":{"rendered":"https:\/\/usa-b2.com\/wydrukuj-esta\/"},"modified":"2025-10-13T12:49:19","modified_gmt":"2025-10-13T12:49:19","slug":"wydrukuj-esta","status":"publish","type":"page","link":"https:\/\/usa-b2.com\/pl\/wydrukuj-esta\/","title":{"rendered":"Czy konieczne jest wydrukowanie ESTA?"},"content":{"rendered":"\n<h1 class=\"wp-block-heading\">Wydrukuj zezwolenie ESTA, aby podr\u00f3\u017cowa\u0107 do USA<\/h1>\n\n<p>Autoryzacja ESTA to elektroniczny certyfikat podr\u00f3\u017cy. Oznacza to, \u017ce mo\u017cna go uzyska\u0107 wy\u0142\u0105cznie online za po\u015brednictwem Internetu, a potwierdzenie jest wysy\u0142ane poczt\u0105 elektroniczn\u0105. Podr\u00f3\u017cni zastanawiaj\u0105 si\u0119 zatem, czy konieczne jest wydrukowanie autoryzacji ESTA przed podr\u00f3\u017c\u0105 do Stan\u00f3w Zjednoczonych.  <\/p>\n\n<p><strong>Aby uzyska\u0107 zezwolenie na podr\u00f3\u017c w ci\u0105gu zaledwie kilku <\/strong> minut, wystarczy klikn\u0105\u0107 <a href=\"https:\/\/usa-b2.com\/pl\/formularz-esta-on-line\/\">formularz ESTA online<\/a>.<\/p>\n\n<div style=\"height:10px\" aria-hidden=\"true\" class=\"wp-block-spacer\"><\/div>\n\n<h2 class=\"wp-block-heading\">Czy musz\u0119 wydrukowa\u0107 dokument ESTA na papierze?<\/h2>\n\n<p><strong>Posiadanie papierowej autoryzacji ESTA<\/strong> po przybyciu do Stan\u00f3w Zjednoczonych nie jest konieczne. Funkcjonariusze ochrony granic sprawdzaj\u0105 status autoryzacji ESTA w systemie komputerowym. Mimo to, czasami warto wydrukowa\u0107 kopi\u0119 zatwierdzonego certyfikatu ESTA i zabra\u0107 j\u0105 ze sob\u0105 w podr\u00f3\u017c.  <\/p>\n\n<p><a href=\"https:\/\/usa-b2.com\/fr\/difference-entre-visa-et-esta\/\">ESTA nie jest wiz\u0105 do<\/a> USA. W przypadku <a href=\"https:\/\/usa-b2.com\/pl\/wiza-b2\/\">wizy B2<\/a> podr\u00f3\u017cny otrzymuje wydrukowan\u0105 wiz\u0119, kt\u00f3r\u0105 nale\u017cy umie\u015bci\u0107 w <a href=\"https:\/\/usa-b2.com\/fr\/passeport-pour-voyager-aux-usa\/\">paszporcie aby m\u00f3c podr\u00f3\u017cowa\u0107 do Stan\u00f3w Zjednoczonych<\/a>. Wi\u0119cej informacji mo\u017cna znale\u017a\u0107 na naszej stronie wyja\u015bniaj\u0105cej, <a href=\"https:\/\/usa-b2.com\/fr\/c-est-quoi-une-esta\/\">czym jest ESTA<\/a>.<\/p>\n\n<h2 class=\"wp-block-heading\">Jak wydrukowa\u0107 zezwolenie ESTA?<\/h2>\n\n<p>Po zatwierdzeniu wniosku przez oficjaln\u0105 stron\u0119 ESTA mo\u017cna go wydrukowa\u0107 z otrzymanej wiadomo\u015bci e-mail z potwierdzeniem.\nPodr\u00f3\u017cny otrzymuje r\u00f3wnie\u017c elektroniczne potwierdzenie p\u0142atno\u015bci za ESTA. <\/p>\n\n<p><\/p>\n","protected":false},"excerpt":{"rendered":"<p>Wydrukuj zezwolenie ESTA, aby podr\u00f3\u017cowa\u0107 do USA Autoryzacja ESTA to elektroniczny certyfikat podr\u00f3\u017cy. Oznacza to, \u017ce mo\u017cna go uzyska\u0107 wy\u0142\u0105cznie online za po\u015brednictwem Internetu, a potwierdzenie jest wysy\u0142ane poczt\u0105 elektroniczn\u0105. Podr\u00f3\u017cni zastanawiaj\u0105 si\u0119 zatem, czy konieczne jest wydrukowanie autoryzacji ESTA przed podr\u00f3\u017c\u0105 do Stan\u00f3w Zjednoczonych. Aby uzyska\u0107 zezwolenie na podr\u00f3\u017c w ci\u0105gu zaledwie kilku minut, [&hellip;]<\/p>\n","protected":false},"author":1,"featured_media":0,"parent":0,"menu_order":0,"comment_status":"closed","ping_status":"closed","template":"","meta":{"footnotes":""},"class_list":["post-2837","page","type-page","status-publish","hentry"],"yoast_head":"<!-- This site is optimized with the Yoast SEO plugin v27.4 - https:\/\/yoast.com\/product\/yoast-seo-wordpress\/ -->\n<title>Czy konieczne jest wydrukowanie ESTA? - USA B2<\/title>\n<meta name=\"description\" content=\"Czy musz\u0119 wydrukowa\u0107 elektroniczny dokument podr\u00f3\u017cy ESTA, aby podr\u00f3\u017cowa\u0107 do Stan\u00f3w Zjednoczonych?\" \/>\n<meta name=\"robots\" content=\"index, follow, max-snippet:-1, max-image-preview:large, max-video-preview:-1\" \/>\n<link rel=\"canonical\" href=\"https:\/\/usa-b2.com\/pl\/wydrukuj-esta\/\" \/>\n<meta property=\"og:locale\" content=\"pl_PL\" \/>\n<meta property=\"og:type\" content=\"article\" \/>\n<meta property=\"og:title\" content=\"Czy konieczne jest wydrukowanie ESTA? - USA B2\" \/>\n<meta property=\"og:description\" content=\"Czy musz\u0119 wydrukowa\u0107 elektroniczny dokument podr\u00f3\u017cy ESTA, aby podr\u00f3\u017cowa\u0107 do Stan\u00f3w Zjednoczonych?\" \/>\n<meta property=\"og:url\" content=\"https:\/\/usa-b2.com\/pl\/wydrukuj-esta\/\" \/>\n<meta property=\"og:site_name\" content=\"USA B2\" \/>\n<meta property=\"article:modified_time\" content=\"2025-10-13T12:49:19+00:00\" \/>\n<meta name=\"twitter:card\" content=\"summary_large_image\" \/>\n<meta name=\"twitter:label1\" content=\"Szacowany czas czytania\" \/>\n\t<meta name=\"twitter:data1\" content=\"1 minuta\" \/>\n<script type=\"application\/ld+json\" class=\"yoast-schema-graph\">{\"@context\":\"https:\\\/\\\/schema.org\",\"@graph\":[{\"@type\":\"WebPage\",\"@id\":\"https:\\\/\\\/usa-b2.com\\\/pl\\\/wydrukuj-esta\\\/\",\"url\":\"https:\\\/\\\/usa-b2.com\\\/pl\\\/wydrukuj-esta\\\/\",\"name\":\"Czy konieczne jest wydrukowanie ESTA? - USA B2\",\"isPartOf\":{\"@id\":\"https:\\\/\\\/usa-b2.com\\\/pl\\\/#website\"},\"datePublished\":\"2024-06-25T15:44:50+00:00\",\"dateModified\":\"2025-10-13T12:49:19+00:00\",\"description\":\"Czy musz\u0119 wydrukowa\u0107 elektroniczny dokument podr\u00f3\u017cy ESTA, aby podr\u00f3\u017cowa\u0107 do Stan\u00f3w Zjednoczonych?\",\"breadcrumb\":{\"@id\":\"https:\\\/\\\/usa-b2.com\\\/pl\\\/wydrukuj-esta\\\/#breadcrumb\"},\"inLanguage\":\"pl-PL\",\"potentialAction\":[{\"@type\":\"ReadAction\",\"target\":[\"https:\\\/\\\/usa-b2.com\\\/pl\\\/wydrukuj-esta\\\/\"]}]},{\"@type\":\"BreadcrumbList\",\"@id\":\"https:\\\/\\\/usa-b2.com\\\/pl\\\/wydrukuj-esta\\\/#breadcrumb\",\"itemListElement\":[{\"@type\":\"ListItem\",\"position\":1,\"name\":\"Accueil\",\"item\":\"https:\\\/\\\/usa-b2.com\\\/pl\\\/usa\\\/\"},{\"@type\":\"ListItem\",\"position\":2,\"name\":\"Czy konieczne jest wydrukowanie ESTA?\"}]},{\"@type\":\"WebSite\",\"@id\":\"https:\\\/\\\/usa-b2.com\\\/pl\\\/#website\",\"url\":\"https:\\\/\\\/usa-b2.com\\\/pl\\\/\",\"name\":\"USA B2 VISA\",\"description\":\"\",\"potentialAction\":[{\"@type\":\"SearchAction\",\"target\":{\"@type\":\"EntryPoint\",\"urlTemplate\":\"https:\\\/\\\/usa-b2.com\\\/pl\\\/?s={search_term_string}\"},\"query-input\":{\"@type\":\"PropertyValueSpecification\",\"valueRequired\":true,\"valueName\":\"search_term_string\"}}],\"inLanguage\":\"pl-PL\"}]}<\/script>\n<!-- \/ Yoast SEO plugin. -->","yoast_head_json":{"title":"Czy konieczne jest wydrukowanie ESTA? - USA B2","description":"Czy musz\u0119 wydrukowa\u0107 elektroniczny dokument podr\u00f3\u017cy ESTA, aby podr\u00f3\u017cowa\u0107 do Stan\u00f3w Zjednoczonych?","robots":{"index":"index","follow":"follow","max-snippet":"max-snippet:-1","max-image-preview":"max-image-preview:large","max-video-preview":"max-video-preview:-1"},"canonical":"https:\/\/usa-b2.com\/pl\/wydrukuj-esta\/","og_locale":"pl_PL","og_type":"article","og_title":"Czy konieczne jest wydrukowanie ESTA? - USA B2","og_description":"Czy musz\u0119 wydrukowa\u0107 elektroniczny dokument podr\u00f3\u017cy ESTA, aby podr\u00f3\u017cowa\u0107 do Stan\u00f3w Zjednoczonych?","og_url":"https:\/\/usa-b2.com\/pl\/wydrukuj-esta\/","og_site_name":"USA B2","article_modified_time":"2025-10-13T12:49:19+00:00","twitter_card":"summary_large_image","twitter_misc":{"Szacowany czas czytania":"1 minuta"},"schema":{"@context":"https:\/\/schema.org","@graph":[{"@type":"WebPage","@id":"https:\/\/usa-b2.com\/pl\/wydrukuj-esta\/","url":"https:\/\/usa-b2.com\/pl\/wydrukuj-esta\/","name":"Czy konieczne jest wydrukowanie ESTA? - USA B2","isPartOf":{"@id":"https:\/\/usa-b2.com\/pl\/#website"},"datePublished":"2024-06-25T15:44:50+00:00","dateModified":"2025-10-13T12:49:19+00:00","description":"Czy musz\u0119 wydrukowa\u0107 elektroniczny dokument podr\u00f3\u017cy ESTA, aby podr\u00f3\u017cowa\u0107 do Stan\u00f3w Zjednoczonych?","breadcrumb":{"@id":"https:\/\/usa-b2.com\/pl\/wydrukuj-esta\/#breadcrumb"},"inLanguage":"pl-PL","potentialAction":[{"@type":"ReadAction","target":["https:\/\/usa-b2.com\/pl\/wydrukuj-esta\/"]}]},{"@type":"BreadcrumbList","@id":"https:\/\/usa-b2.com\/pl\/wydrukuj-esta\/#breadcrumb","itemListElement":[{"@type":"ListItem","position":1,"name":"Accueil","item":"https:\/\/usa-b2.com\/pl\/usa\/"},{"@type":"ListItem","position":2,"name":"Czy konieczne jest wydrukowanie ESTA?"}]},{"@type":"WebSite","@id":"https:\/\/usa-b2.com\/pl\/#website","url":"https:\/\/usa-b2.com\/pl\/","name":"USA B2 VISA","description":"","potentialAction":[{"@type":"SearchAction","target":{"@type":"EntryPoint","urlTemplate":"https:\/\/usa-b2.com\/pl\/?s={search_term_string}"},"query-input":{"@type":"PropertyValueSpecification","valueRequired":true,"valueName":"search_term_string"}}],"inLanguage":"pl-PL"}]}},"_links":{"self":[{"href":"https:\/\/usa-b2.com\/pl\/wp-json\/wp\/v2\/pages\/2837","targetHints":{"allow":["GET"]}}],"collection":[{"href":"https:\/\/usa-b2.com\/pl\/wp-json\/wp\/v2\/pages"}],"about":[{"href":"https:\/\/usa-b2.com\/pl\/wp-json\/wp\/v2\/types\/page"}],"author":[{"embeddable":true,"href":"https:\/\/usa-b2.com\/pl\/wp-json\/wp\/v2\/users\/1"}],"replies":[{"embeddable":true,"href":"https:\/\/usa-b2.com\/pl\/wp-json\/wp\/v2\/comments?post=2837"}],"version-history":[{"count":2,"href":"https:\/\/usa-b2.com\/pl\/wp-json\/wp\/v2\/pages\/2837\/revisions"}],"predecessor-version":[{"id":9987,"href":"https:\/\/usa-b2.com\/pl\/wp-json\/wp\/v2\/pages\/2837\/revisions\/9987"}],"wp:attachment":[{"href":"https:\/\/usa-b2.com\/pl\/wp-json\/wp\/v2\/media?parent=2837"}],"curies":[{"name":"wp","href":"https:\/\/api.w.org\/{rel}","templated":true}]}}