{"id":276,"date":"2024-02-10T17:21:47","date_gmt":"2024-02-10T17:21:47","guid":{"rendered":"https:\/\/usa-b2.com\/wiza-b1-usa\/"},"modified":"2026-04-17T15:17:48","modified_gmt":"2026-04-17T15:17:48","slug":"wiza-b1-usa","status":"publish","type":"page","link":"https:\/\/usa-b2.com\/pl\/wiza-b1-usa\/","title":{"rendered":"Wiza B1 na podr\u00f3\u017c do Stan\u00f3w Zjednoczonych"},"content":{"rendered":"\n<h1 class=\"wp-block-heading\">Uzyskanie wizy B1 w celu prowadzenia dzia\u0142alno\u015bci gospodarczej w USA<\/h1>\n\n<p>Wiza B1 to ameryka\u0144ska wiza dla os\u00f3b nieb\u0119d\u0105cych imigrantami. Ma ona zastosowanie do obcokrajowc\u00f3w, kt\u00f3rzy chc\u0105 podr\u00f3\u017cowa\u0107 do Stan\u00f3w Zjednoczonych w celach biznesowych. Wiza B1 umo\u017cliwia cudzoziemcom wykonywanie nast\u0119puj\u0105cych czynno\u015bci:  <\/p>\n\n<ul class=\"wp-block-list\">\n<li>Inwestowanie w Stanach Zjednoczonych <\/li>\n\n\n\n<li>Negocjowanie profesjonalnego kontraktu<\/li>\n\n\n\n<li>Poznaj firmy partnerskie w Stanach Zjednoczonych<\/li>\n\n\n\n<li>Udzia\u0142 w profesjonalnych wydarzeniach.<\/li>\n<\/ul>\n\n<div style=\"height:10px\" aria-hidden=\"true\" class=\"wp-block-spacer\"><\/div>\n\n<p><strong>W przypadku pobytu w Stanach Zjednoczonych kr\u00f3tszego ni\u017c 90 dni<\/strong>: Nie jest konieczne uzyskanie wizy B1. Wszystko, co musisz zrobi\u0107, to uzyska\u0107 elektroniczne zezwolenie na podr\u00f3\u017c ESTA, klikaj\u0105c <a href=\"https:\/\/usa-b2.com\/pl\/formularz-esta-on-line\/\">formularz online<\/a>. <\/p>\n\n<div style=\"height:10px\" aria-hidden=\"true\" class=\"wp-block-spacer\"><\/div>\n\n<h2 class=\"wp-block-heading\">Jakie s\u0105 kryteria kwalifikacyjne dla wizy B1?<\/h2>\n\n<p>Kryteria kwalifikuj\u0105ce do ubiegania si\u0119 o wiz\u0119 biznesow\u0105 B1 s\u0105 nast\u0119puj\u0105ce:<\/p>\n\n<ul class=\"wp-block-list\">\n<li>Celem pobytu musi by\u0107 prowadzenie dzia\u0142alno\u015bci gospodarczej w Stanach Zjednoczonych<\/li>\n\n\n\n<li>Wnioskodawca musi by\u0107 w stanie sfinansowa\u0107 wszystkie koszty pobytu<\/li>\n\n\n\n<li>Kandydaci musz\u0105 r\u00f3wnie\u017c wykaza\u0107, \u017ce zamierzaj\u0105 powr\u00f3ci\u0107 do kraju pochodzenia po zako\u0144czeniu pobytu. Pod \u017cadnym pozorem nie mo\u017ce planowa\u0107 pozostania w USA. <\/li>\n<\/ul>\n\n<div style=\"height:10px\" aria-hidden=\"true\" class=\"wp-block-spacer\"><\/div>\n\n<p>W ramach wniosku wizowego wnioskodawcy musz\u0105 przedstawi\u0107 dokumenty potwierdzaj\u0105ce, \u017ce ich pobyt spe\u0142nia okre\u015blone kryteria.<\/p>\n\n<h2 class=\"wp-block-heading\">Jak ubiega\u0107 si\u0119 o wiz\u0119 B1?<\/h2>\n\n<p>Aby ubiega\u0107 si\u0119 o wiz\u0119 B1 online, wykonaj poni\u017csze kroki:<\/p>\n\n<ol class=\"wp-block-list\">\n<li>Wype\u0142nij formularz <a href=\"https:\/\/usa-b2.com\/pl\/ds-160\/\">DS 160<\/a> wniosku wizowego B1 online<\/li>\n\n\n\n<li>Dokonaj <a href=\"https:\/\/usa-b2.com\/pl\/oplaty-wiza-b2\/\">op\u0142aty wizowej<\/a> online, aby zatwierdzi\u0107 sw\u00f3j wniosek.<\/li>\n\n\n\n<li>Zaplanuj <a href=\"https:\/\/usa-b2.com\/pl\/spotkanie-wizowe-ambasadzie-usa\/\">rozmow\u0119 wizow\u0105 w ambasadzie<\/a><\/li>\n\n\n\n<li>Przygotowanie wszystkich dokument\u00f3w uzupe\u0142niaj\u0105cych do wniosku wizowego<\/li>\n\n\n\n<li>We\u017a udzia\u0142 w rozmowie wizowej.<\/li>\n<\/ol>\n\n<div style=\"height:10px\" aria-hidden=\"true\" class=\"wp-block-spacer\"><\/div>\n\n<p>Uzyskana wiza zostanie umieszczona w <a href=\"https:\/\/usa-b2.com\/pl\/podroz-paszportowa-usa\/\">paszporcie u\u017cywanym do podr\u00f3\u017cy do USA<\/a>.<\/p>\n\n<h2 class=\"wp-block-heading\">Czas trwania i warunki wizy B1<\/h2>\n\n<h3 class=\"wp-block-heading\">Wa\u017cno\u015b\u0107<\/h3>\n\n<p>Wiza B1 jest generalnie wa\u017cna przez kilka lat, z mo\u017cliwo\u015bci\u0105 wielokrotnego wjazdu. Jednak ka\u017cdy pobyt jest ograniczony do <strong>maksymalnie 1 do 6 miesi\u0119cy<\/strong>, zgodnie z ustaleniami w\u0142adz imigracyjnych po przybyciu do Stan\u00f3w Zjednoczonych. <\/p>\n\n<h3 class=\"wp-block-heading\">Warunki<\/h3>\n\n<ul class=\"wp-block-list\">\n<li>Wiza B1 nie pozwala na prac\u0119 lub otrzymywanie wynagrodzenia od ameryka\u0144skiej firmy.<\/li>\n\n\n\n<li>Podr\u00f3\u017cny musi opu\u015bci\u0107 Stany Zjednoczone przed up\u0142ywem okresu zatwierdzonego przez urz\u0119dnika imigracyjnego.<\/li>\n<\/ul>\n\n<div style=\"height:10px\" aria-hidden=\"true\" class=\"wp-block-spacer\"><\/div>\n\n<h2 class=\"wp-block-heading\">Zalety wizy B1<\/h2>\n\n<ul class=\"wp-block-list\">\n<li><strong>Elastyczno\u015b\u0107<\/strong>: Wiza B1 pozwala na wielokrotne pobyty w okresie jej wa\u017cno\u015bci.<\/li>\n\n\n\n<li><strong>Profesjonalny dost\u0119p<\/strong>: Idealny do nawi\u0105zywania relacji biznesowych, uczestniczenia w konferencjach lub odkrywania mo\u017cliwo\u015bci biznesowych.<\/li>\n\n\n\n<li><strong>Nieograniczony<\/strong>: Nie jest zwi\u0105zany z konkretnym pracodawc\u0105, jak w przypadku wizy pracowniczej.<\/li>\n<\/ul>\n\n<div style=\"height:10px\" aria-hidden=\"true\" class=\"wp-block-spacer\"><\/div>\n\n<h2 class=\"wp-block-heading\">Najcz\u0119\u015bciej zadawane pytania dotycz\u0105ce wizy B1<\/h2>\n\n<h3 class=\"wp-block-heading\">Czy mog\u0119 pracowa\u0107 w Stanach Zjednoczonych na podstawie wizy B1?<\/h3>\n\n<p>Wiza B1 nie pozwala na prac\u0119 ani otrzymywanie wynagrodzenia w Stanach Zjednoczonych. Pozwala jedynie na udzia\u0142 w tymczasowych dzia\u0142aniach zawodowych.  <\/p>\n\n<h3 class=\"wp-block-heading\">Czy mog\u0119 przed\u0142u\u017cy\u0107 sw\u00f3j pobyt na wizie B1?<\/h3>\n\n<p>Tak, mo\u017cesz z\u0142o\u017cy\u0107 wniosek o przed\u0142u\u017cenie w <strong>USCIS<\/strong> przed wyga\u015bni\u0119ciem autoryzowanego okresu. Musisz poda\u0107 wa\u017cny pow\u00f3d i dokumenty potwierdzaj\u0105ce. <\/p>\n\n<h3 class=\"wp-block-heading\">Jak d\u0142ugo trwa uzyskanie wizy B1?<\/h3>\n\n<p>Leczenie mo\u017ce trwa\u0107 od kilku dni do kilku tygodni, w zale\u017cno\u015bci od dost\u0119pno\u015bci wizyt w <a href=\"https:\/\/usa-b2.com\/pl\/ambasada-usa\/\">ambasadzie ameryka\u0144skiej<\/a>.<\/p>\n\n<h3 class=\"wp-block-heading\">Czy wiza B1 mo\u017ce by\u0107 wykorzystywana w celach turystycznych?<\/h3>\n\n<p>Nie, wiza B1 jest przeznaczona wy\u0142\u0105cznie do dzia\u0142alno\u015bci biznesowej. Aby po\u0142\u0105czy\u0107 biznes i turystyk\u0119, nale\u017cy <a href=\"https:\/\/usa-b2.com\/pl\/formularz-wizowy-b2-online\/\">z\u0142o\u017cy\u0107 wniosek o wiz\u0119 B2 online<\/a>. <\/p>\n\n<h3 class=\"wp-block-heading\">Co powinienem zrobi\u0107, je\u015bli moja wiza B1 zostanie odrzucona?<\/h3>\n\n<p>Je\u015bli wniosek zostanie odrzucony, wnioskodawca otrzyma pismo wyja\u015bniaj\u0105ce powody. Wnioskodawcy mog\u0105 z\u0142o\u017cy\u0107 nowy wniosek, poprawiaj\u0105c wcze\u015bniej wszelkie zidentyfikowane niedoci\u0105gni\u0119cia. <\/p>\n","protected":false},"excerpt":{"rendered":"<p>Uzyskanie wizy B1 w celu prowadzenia dzia\u0142alno\u015bci gospodarczej w USA Wiza B1 to ameryka\u0144ska wiza dla os\u00f3b nieb\u0119d\u0105cych imigrantami. Ma ona zastosowanie do obcokrajowc\u00f3w, kt\u00f3rzy chc\u0105 podr\u00f3\u017cowa\u0107 do Stan\u00f3w Zjednoczonych w celach biznesowych. Wiza B1 umo\u017cliwia cudzoziemcom wykonywanie nast\u0119puj\u0105cych czynno\u015bci: W przypadku pobytu w Stanach Zjednoczonych kr\u00f3tszego ni\u017c 90 dni: Nie jest konieczne uzyskanie wizy [&hellip;]<\/p>\n","protected":false},"author":1,"featured_media":0,"parent":0,"menu_order":0,"comment_status":"closed","ping_status":"closed","template":"","meta":{"footnotes":""},"class_list":["post-276","page","type-page","status-publish","hentry"],"yoast_head":"<!-- This site is optimized with the Yoast SEO plugin v27.4 - https:\/\/yoast.com\/product\/yoast-seo-wordpress\/ -->\n<title>Wiza B1 na podr\u00f3\u017c do Stan\u00f3w Zjednoczonych - USA B2<\/title>\n<meta name=\"description\" content=\"Procedura uzyskania ameryka\u0144skiej wizy biznesowej B1 w celu odwiedzenia Stan\u00f3w Zjednoczonych w celach biznesowych\" \/>\n<meta name=\"robots\" content=\"index, follow, max-snippet:-1, max-image-preview:large, max-video-preview:-1\" \/>\n<link rel=\"canonical\" href=\"https:\/\/usa-b2.com\/pl\/wiza-b1-usa\/\" \/>\n<meta property=\"og:locale\" content=\"pl_PL\" \/>\n<meta property=\"og:type\" content=\"article\" \/>\n<meta property=\"og:title\" content=\"Wiza B1 na podr\u00f3\u017c do Stan\u00f3w Zjednoczonych - USA B2\" \/>\n<meta property=\"og:description\" content=\"Procedura uzyskania ameryka\u0144skiej wizy biznesowej B1 w celu odwiedzenia Stan\u00f3w Zjednoczonych w celach biznesowych\" \/>\n<meta property=\"og:url\" content=\"https:\/\/usa-b2.com\/pl\/wiza-b1-usa\/\" \/>\n<meta property=\"og:site_name\" content=\"USA B2\" \/>\n<meta property=\"article:modified_time\" content=\"2026-04-17T15:17:48+00:00\" \/>\n<meta name=\"twitter:card\" content=\"summary_large_image\" \/>\n<meta name=\"twitter:label1\" content=\"Szacowany czas czytania\" \/>\n\t<meta name=\"twitter:data1\" content=\"3 minuty\" \/>\n<script type=\"application\/ld+json\" class=\"yoast-schema-graph\">{\"@context\":\"https:\\\/\\\/schema.org\",\"@graph\":[{\"@type\":\"WebPage\",\"@id\":\"https:\\\/\\\/usa-b2.com\\\/pl\\\/wiza-b1-usa\\\/\",\"url\":\"https:\\\/\\\/usa-b2.com\\\/pl\\\/wiza-b1-usa\\\/\",\"name\":\"Wiza B1 na podr\u00f3\u017c do Stan\u00f3w Zjednoczonych - USA B2\",\"isPartOf\":{\"@id\":\"https:\\\/\\\/usa-b2.com\\\/pl\\\/#website\"},\"datePublished\":\"2024-02-10T17:21:47+00:00\",\"dateModified\":\"2026-04-17T15:17:48+00:00\",\"description\":\"Procedura uzyskania ameryka\u0144skiej wizy biznesowej B1 w celu odwiedzenia Stan\u00f3w Zjednoczonych w celach biznesowych\",\"breadcrumb\":{\"@id\":\"https:\\\/\\\/usa-b2.com\\\/pl\\\/wiza-b1-usa\\\/#breadcrumb\"},\"inLanguage\":\"pl-PL\",\"potentialAction\":[{\"@type\":\"ReadAction\",\"target\":[\"https:\\\/\\\/usa-b2.com\\\/pl\\\/wiza-b1-usa\\\/\"]}]},{\"@type\":\"BreadcrumbList\",\"@id\":\"https:\\\/\\\/usa-b2.com\\\/pl\\\/wiza-b1-usa\\\/#breadcrumb\",\"itemListElement\":[{\"@type\":\"ListItem\",\"position\":1,\"name\":\"Accueil\",\"item\":\"https:\\\/\\\/usa-b2.com\\\/pl\\\/usa\\\/\"},{\"@type\":\"ListItem\",\"position\":2,\"name\":\"Wiza B1 na podr\u00f3\u017c do Stan\u00f3w Zjednoczonych\"}]},{\"@type\":\"WebSite\",\"@id\":\"https:\\\/\\\/usa-b2.com\\\/pl\\\/#website\",\"url\":\"https:\\\/\\\/usa-b2.com\\\/pl\\\/\",\"name\":\"USA B2 VISA\",\"description\":\"\",\"potentialAction\":[{\"@type\":\"SearchAction\",\"target\":{\"@type\":\"EntryPoint\",\"urlTemplate\":\"https:\\\/\\\/usa-b2.com\\\/pl\\\/?s={search_term_string}\"},\"query-input\":{\"@type\":\"PropertyValueSpecification\",\"valueRequired\":true,\"valueName\":\"search_term_string\"}}],\"inLanguage\":\"pl-PL\"}]}<\/script>\n<!-- \/ Yoast SEO plugin. -->","yoast_head_json":{"title":"Wiza B1 na podr\u00f3\u017c do Stan\u00f3w Zjednoczonych - USA B2","description":"Procedura uzyskania ameryka\u0144skiej wizy biznesowej B1 w celu odwiedzenia Stan\u00f3w Zjednoczonych w celach biznesowych","robots":{"index":"index","follow":"follow","max-snippet":"max-snippet:-1","max-image-preview":"max-image-preview:large","max-video-preview":"max-video-preview:-1"},"canonical":"https:\/\/usa-b2.com\/pl\/wiza-b1-usa\/","og_locale":"pl_PL","og_type":"article","og_title":"Wiza B1 na podr\u00f3\u017c do Stan\u00f3w Zjednoczonych - USA B2","og_description":"Procedura uzyskania ameryka\u0144skiej wizy biznesowej B1 w celu odwiedzenia Stan\u00f3w Zjednoczonych w celach biznesowych","og_url":"https:\/\/usa-b2.com\/pl\/wiza-b1-usa\/","og_site_name":"USA B2","article_modified_time":"2026-04-17T15:17:48+00:00","twitter_card":"summary_large_image","twitter_misc":{"Szacowany czas czytania":"3 minuty"},"schema":{"@context":"https:\/\/schema.org","@graph":[{"@type":"WebPage","@id":"https:\/\/usa-b2.com\/pl\/wiza-b1-usa\/","url":"https:\/\/usa-b2.com\/pl\/wiza-b1-usa\/","name":"Wiza B1 na podr\u00f3\u017c do Stan\u00f3w Zjednoczonych - USA B2","isPartOf":{"@id":"https:\/\/usa-b2.com\/pl\/#website"},"datePublished":"2024-02-10T17:21:47+00:00","dateModified":"2026-04-17T15:17:48+00:00","description":"Procedura uzyskania ameryka\u0144skiej wizy biznesowej B1 w celu odwiedzenia Stan\u00f3w Zjednoczonych w celach biznesowych","breadcrumb":{"@id":"https:\/\/usa-b2.com\/pl\/wiza-b1-usa\/#breadcrumb"},"inLanguage":"pl-PL","potentialAction":[{"@type":"ReadAction","target":["https:\/\/usa-b2.com\/pl\/wiza-b1-usa\/"]}]},{"@type":"BreadcrumbList","@id":"https:\/\/usa-b2.com\/pl\/wiza-b1-usa\/#breadcrumb","itemListElement":[{"@type":"ListItem","position":1,"name":"Accueil","item":"https:\/\/usa-b2.com\/pl\/usa\/"},{"@type":"ListItem","position":2,"name":"Wiza B1 na podr\u00f3\u017c do Stan\u00f3w Zjednoczonych"}]},{"@type":"WebSite","@id":"https:\/\/usa-b2.com\/pl\/#website","url":"https:\/\/usa-b2.com\/pl\/","name":"USA B2 VISA","description":"","potentialAction":[{"@type":"SearchAction","target":{"@type":"EntryPoint","urlTemplate":"https:\/\/usa-b2.com\/pl\/?s={search_term_string}"},"query-input":{"@type":"PropertyValueSpecification","valueRequired":true,"valueName":"search_term_string"}}],"inLanguage":"pl-PL"}]}},"_links":{"self":[{"href":"https:\/\/usa-b2.com\/pl\/wp-json\/wp\/v2\/pages\/276","targetHints":{"allow":["GET"]}}],"collection":[{"href":"https:\/\/usa-b2.com\/pl\/wp-json\/wp\/v2\/pages"}],"about":[{"href":"https:\/\/usa-b2.com\/pl\/wp-json\/wp\/v2\/types\/page"}],"author":[{"embeddable":true,"href":"https:\/\/usa-b2.com\/pl\/wp-json\/wp\/v2\/users\/1"}],"replies":[{"embeddable":true,"href":"https:\/\/usa-b2.com\/pl\/wp-json\/wp\/v2\/comments?post=276"}],"version-history":[{"count":5,"href":"https:\/\/usa-b2.com\/pl\/wp-json\/wp\/v2\/pages\/276\/revisions"}],"predecessor-version":[{"id":11484,"href":"https:\/\/usa-b2.com\/pl\/wp-json\/wp\/v2\/pages\/276\/revisions\/11484"}],"wp:attachment":[{"href":"https:\/\/usa-b2.com\/pl\/wp-json\/wp\/v2\/media?parent=276"}],"curies":[{"name":"wp","href":"https:\/\/api.w.org\/{rel}","templated":true}]}}