{"id":2757,"date":"2024-06-25T10:10:23","date_gmt":"2024-06-25T10:10:23","guid":{"rendered":"https:\/\/usa-b2.com\/okres-waznosci-esta\/"},"modified":"2025-10-13T13:36:35","modified_gmt":"2025-10-13T13:36:35","slug":"okres-waznosci-esta","status":"publish","type":"page","link":"https:\/\/usa-b2.com\/pl\/okres-waznosci-esta\/","title":{"rendered":"ESTA ma ograniczony okres wa\u017cno\u015bci"},"content":{"rendered":"\n<h1 class=\"wp-block-heading\">Jak d\u0142ugo wa\u017cna jest autoryzacja ESTA?<\/h1>\n\n<p>Zezwolenie na podr\u00f3\u017c ESTA ma ograniczon\u0105 dat\u0119 wa\u017cno\u015bci. Aby odnowi\u0107 autoryzacj\u0119 ESTA dla Stan\u00f3w Zjednoczonych, wystarczy wype\u0142ni\u0107 <a href=\"https:\/\/usa-b2.com\/pl\/formularz-esta-on-line\/\">formularz ESTA online<\/a>. <\/p>\n\n<div style=\"height:10px\" aria-hidden=\"true\" class=\"wp-block-spacer\"><\/div>\n\n<h2 class=\"wp-block-heading\">Jak d\u0142ugo wa\u017cny jest dokument ESTA?<\/h2>\n\n<p>Zezwolenia ESTA s\u0105 pocz\u0105tkowo wa\u017cne przez 2 lata. W tym okresie podr\u00f3\u017cni mog\u0105 odby\u0107 kilka wizyt w Stanach Zjednoczonych bez konieczno\u015bci sk\u0142adania nowego wniosku. Ka\u017cdy pobyt w Stanach Zjednoczonych nie mo\u017ce przekracza\u0107 90 dni.  <\/p>\n\n<h2 class=\"wp-block-heading\">Kiedy okres wa\u017cno\u015bci zostaje skr\u00f3cony?<\/h2>\n\n<p>W niekt\u00f3rych sytuacjach okres wa\u017cno\u015bci ESTA mo\u017ce zosta\u0107 skr\u00f3cony. Oto trzy g\u0142\u00f3wne powody wcze\u015bniejszego zako\u0144czenia ESTA: <\/p>\n\n<ol class=\"wp-block-list\">\n<li><strong>Gdy niekt\u00f3re dane osobowe podane w celu uzyskania zezwolenia ESTA utrac\u0105 wa\u017c<\/strong>no\u015b\u0107. Je\u015bli nazwisko, p\u0142e\u0107 lub narodowo\u015b\u0107 posiadacza ESTA ulegn\u0105 zmianie, ESTA traci wa\u017cno\u015b\u0107 i nale\u017cy z\u0142o\u017cy\u0107 nowy wniosek ESTA z wykorzystaniem zaktualizowanych danych osobowych. <\/li>\n\n\n\n<li><strong>Gdy paszport u\u017cyty do uzyskania ESTA straci\u0142 wa\u017cno\u015b\u0107<\/strong>. ESTA jest powi\u0105zana z paszportem u\u017cytym do z\u0142o\u017cenia pierwszego wniosku. Je\u015bli ten paszport wyga\u015bnie, ESTA automatycznie traci wa\u017cno\u015b\u0107. Podr\u00f3\u017cny musi z\u0142o\u017cy\u0107 nowy wniosek ESTA z nowym <a href=\"https:\/\/usa-b2.com\/fr\/passeport-pour-voyager-aux-usa\/\">paszportem wa\u017cnym dla USA<\/a>.   <\/li>\n\n\n\n<li><strong>Gdy odpowiedzi na pytania zabezpieczaj\u0105ce we wniosku ESTA s\u0105 ju\u017c nieaktualne<\/strong>. Je\u015bli odpowiedzi na pytania osobiste w formularzu ESTA s\u0105 ju\u017c nieaktualne, ESTA traci wa\u017cno\u015b\u0107. Musisz ponownie z\u0142o\u017cy\u0107 wniosek o zezwolenie na podr\u00f3\u017c na oficjalnej stronie ESTA, aktualizuj\u0105c odpowiedzi na pytania dotycz\u0105ce zdrowia i bezpiecze\u0144stwa w formularzu ESTA.  <\/li>\n<\/ol>\n\n<div style=\"height:10px\" aria-hidden=\"true\" class=\"wp-block-spacer\"><\/div>\n\n<h2 class=\"wp-block-heading\">Wyga\u015bni\u0119cie zezwolenia ESTA podczas pobytu w USA<\/h2>\n\n<p>Gdy zezwolenie ESTA wygasa podczas pobytu w Stanach Zjednoczonych, podr\u00f3\u017cny jest upowa\u017cniony przez rz\u0105d USA do zako\u0144czenia pobytu w USA w ci\u0105gu 90 dni. Opuszczenie Stan\u00f3w Zjednoczonych po wyga\u015bni\u0119ciu ESTA zazwyczaj nie stanowi problemu.<\/p>\n\n<p>Je\u015bli jednak planujesz pozosta\u0107 w USA d\u0142u\u017cej ni\u017c 90 dni, musisz uzyska\u0107 <a href=\"https:\/\/usa-b2.com\/pl\/wiza-b2\/\">wiz\u0119 turystyczn\u0105 B2<\/a>. Przekroczenie dozwolonego 90-dniowego okresu pobytu jest bardzo niepopularne w\u015br\u00f3d ameryka\u0144skich w\u0142adz.<\/p>\n","protected":false},"excerpt":{"rendered":"<p>Jak d\u0142ugo wa\u017cna jest autoryzacja ESTA? Zezwolenie na podr\u00f3\u017c ESTA ma ograniczon\u0105 dat\u0119 wa\u017cno\u015bci. Aby odnowi\u0107 autoryzacj\u0119 ESTA dla Stan\u00f3w Zjednoczonych, wystarczy wype\u0142ni\u0107 formularz ESTA online. Jak d\u0142ugo wa\u017cny jest dokument ESTA? Zezwolenia ESTA s\u0105 pocz\u0105tkowo wa\u017cne przez 2 lata. W tym okresie podr\u00f3\u017cni mog\u0105 odby\u0107 kilka wizyt w Stanach Zjednoczonych bez konieczno\u015bci sk\u0142adania nowego [&hellip;]<\/p>\n","protected":false},"author":1,"featured_media":0,"parent":0,"menu_order":0,"comment_status":"closed","ping_status":"closed","template":"","meta":{"footnotes":""},"class_list":["post-2757","page","type-page","status-publish","hentry"],"yoast_head":"<!-- This site is optimized with the Yoast SEO plugin v27.4 - https:\/\/yoast.com\/product\/yoast-seo-wordpress\/ -->\n<title>ESTA ma ograniczony okres wa\u017cno\u015bci - USA B2<\/title>\n<meta name=\"description\" content=\"Zezwolenia ESTA s\u0105 wa\u017cne przez ograniczony czas, dlatego wa\u017cne jest, aby sprawdzi\u0107 ich wa\u017cno\u015b\u0107 przed podr\u00f3\u017c\u0105.\" \/>\n<meta name=\"robots\" content=\"index, follow, max-snippet:-1, max-image-preview:large, max-video-preview:-1\" \/>\n<link rel=\"canonical\" href=\"https:\/\/usa-b2.com\/pl\/okres-waznosci-esta\/\" \/>\n<meta property=\"og:locale\" content=\"pl_PL\" \/>\n<meta property=\"og:type\" content=\"article\" \/>\n<meta property=\"og:title\" content=\"ESTA ma ograniczony okres wa\u017cno\u015bci - USA B2\" \/>\n<meta property=\"og:description\" content=\"Zezwolenia ESTA s\u0105 wa\u017cne przez ograniczony czas, dlatego wa\u017cne jest, aby sprawdzi\u0107 ich wa\u017cno\u015b\u0107 przed podr\u00f3\u017c\u0105.\" \/>\n<meta property=\"og:url\" content=\"https:\/\/usa-b2.com\/pl\/okres-waznosci-esta\/\" \/>\n<meta property=\"og:site_name\" content=\"USA B2\" \/>\n<meta property=\"article:modified_time\" content=\"2025-10-13T13:36:35+00:00\" \/>\n<meta name=\"twitter:card\" content=\"summary_large_image\" \/>\n<meta name=\"twitter:label1\" content=\"Szacowany czas czytania\" \/>\n\t<meta name=\"twitter:data1\" content=\"2 minuty\" \/>\n<script type=\"application\/ld+json\" class=\"yoast-schema-graph\">{\"@context\":\"https:\\\/\\\/schema.org\",\"@graph\":[{\"@type\":\"WebPage\",\"@id\":\"https:\\\/\\\/usa-b2.com\\\/pl\\\/okres-waznosci-esta\\\/\",\"url\":\"https:\\\/\\\/usa-b2.com\\\/pl\\\/okres-waznosci-esta\\\/\",\"name\":\"ESTA ma ograniczony okres wa\u017cno\u015bci - USA B2\",\"isPartOf\":{\"@id\":\"https:\\\/\\\/usa-b2.com\\\/pl\\\/#website\"},\"datePublished\":\"2024-06-25T10:10:23+00:00\",\"dateModified\":\"2025-10-13T13:36:35+00:00\",\"description\":\"Zezwolenia ESTA s\u0105 wa\u017cne przez ograniczony czas, dlatego wa\u017cne jest, aby sprawdzi\u0107 ich wa\u017cno\u015b\u0107 przed podr\u00f3\u017c\u0105.\",\"breadcrumb\":{\"@id\":\"https:\\\/\\\/usa-b2.com\\\/pl\\\/okres-waznosci-esta\\\/#breadcrumb\"},\"inLanguage\":\"pl-PL\",\"potentialAction\":[{\"@type\":\"ReadAction\",\"target\":[\"https:\\\/\\\/usa-b2.com\\\/pl\\\/okres-waznosci-esta\\\/\"]}]},{\"@type\":\"BreadcrumbList\",\"@id\":\"https:\\\/\\\/usa-b2.com\\\/pl\\\/okres-waznosci-esta\\\/#breadcrumb\",\"itemListElement\":[{\"@type\":\"ListItem\",\"position\":1,\"name\":\"Accueil\",\"item\":\"https:\\\/\\\/usa-b2.com\\\/pl\\\/usa\\\/\"},{\"@type\":\"ListItem\",\"position\":2,\"name\":\"ESTA ma ograniczony okres wa\u017cno\u015bci\"}]},{\"@type\":\"WebSite\",\"@id\":\"https:\\\/\\\/usa-b2.com\\\/pl\\\/#website\",\"url\":\"https:\\\/\\\/usa-b2.com\\\/pl\\\/\",\"name\":\"USA B2 VISA\",\"description\":\"\",\"potentialAction\":[{\"@type\":\"SearchAction\",\"target\":{\"@type\":\"EntryPoint\",\"urlTemplate\":\"https:\\\/\\\/usa-b2.com\\\/pl\\\/?s={search_term_string}\"},\"query-input\":{\"@type\":\"PropertyValueSpecification\",\"valueRequired\":true,\"valueName\":\"search_term_string\"}}],\"inLanguage\":\"pl-PL\"}]}<\/script>\n<!-- \/ Yoast SEO plugin. -->","yoast_head_json":{"title":"ESTA ma ograniczony okres wa\u017cno\u015bci - USA B2","description":"Zezwolenia ESTA s\u0105 wa\u017cne przez ograniczony czas, dlatego wa\u017cne jest, aby sprawdzi\u0107 ich wa\u017cno\u015b\u0107 przed podr\u00f3\u017c\u0105.","robots":{"index":"index","follow":"follow","max-snippet":"max-snippet:-1","max-image-preview":"max-image-preview:large","max-video-preview":"max-video-preview:-1"},"canonical":"https:\/\/usa-b2.com\/pl\/okres-waznosci-esta\/","og_locale":"pl_PL","og_type":"article","og_title":"ESTA ma ograniczony okres wa\u017cno\u015bci - USA B2","og_description":"Zezwolenia ESTA s\u0105 wa\u017cne przez ograniczony czas, dlatego wa\u017cne jest, aby sprawdzi\u0107 ich wa\u017cno\u015b\u0107 przed podr\u00f3\u017c\u0105.","og_url":"https:\/\/usa-b2.com\/pl\/okres-waznosci-esta\/","og_site_name":"USA B2","article_modified_time":"2025-10-13T13:36:35+00:00","twitter_card":"summary_large_image","twitter_misc":{"Szacowany czas czytania":"2 minuty"},"schema":{"@context":"https:\/\/schema.org","@graph":[{"@type":"WebPage","@id":"https:\/\/usa-b2.com\/pl\/okres-waznosci-esta\/","url":"https:\/\/usa-b2.com\/pl\/okres-waznosci-esta\/","name":"ESTA ma ograniczony okres wa\u017cno\u015bci - USA B2","isPartOf":{"@id":"https:\/\/usa-b2.com\/pl\/#website"},"datePublished":"2024-06-25T10:10:23+00:00","dateModified":"2025-10-13T13:36:35+00:00","description":"Zezwolenia ESTA s\u0105 wa\u017cne przez ograniczony czas, dlatego wa\u017cne jest, aby sprawdzi\u0107 ich wa\u017cno\u015b\u0107 przed podr\u00f3\u017c\u0105.","breadcrumb":{"@id":"https:\/\/usa-b2.com\/pl\/okres-waznosci-esta\/#breadcrumb"},"inLanguage":"pl-PL","potentialAction":[{"@type":"ReadAction","target":["https:\/\/usa-b2.com\/pl\/okres-waznosci-esta\/"]}]},{"@type":"BreadcrumbList","@id":"https:\/\/usa-b2.com\/pl\/okres-waznosci-esta\/#breadcrumb","itemListElement":[{"@type":"ListItem","position":1,"name":"Accueil","item":"https:\/\/usa-b2.com\/pl\/usa\/"},{"@type":"ListItem","position":2,"name":"ESTA ma ograniczony okres wa\u017cno\u015bci"}]},{"@type":"WebSite","@id":"https:\/\/usa-b2.com\/pl\/#website","url":"https:\/\/usa-b2.com\/pl\/","name":"USA B2 VISA","description":"","potentialAction":[{"@type":"SearchAction","target":{"@type":"EntryPoint","urlTemplate":"https:\/\/usa-b2.com\/pl\/?s={search_term_string}"},"query-input":{"@type":"PropertyValueSpecification","valueRequired":true,"valueName":"search_term_string"}}],"inLanguage":"pl-PL"}]}},"_links":{"self":[{"href":"https:\/\/usa-b2.com\/pl\/wp-json\/wp\/v2\/pages\/2757","targetHints":{"allow":["GET"]}}],"collection":[{"href":"https:\/\/usa-b2.com\/pl\/wp-json\/wp\/v2\/pages"}],"about":[{"href":"https:\/\/usa-b2.com\/pl\/wp-json\/wp\/v2\/types\/page"}],"author":[{"embeddable":true,"href":"https:\/\/usa-b2.com\/pl\/wp-json\/wp\/v2\/users\/1"}],"replies":[{"embeddable":true,"href":"https:\/\/usa-b2.com\/pl\/wp-json\/wp\/v2\/comments?post=2757"}],"version-history":[{"count":2,"href":"https:\/\/usa-b2.com\/pl\/wp-json\/wp\/v2\/pages\/2757\/revisions"}],"predecessor-version":[{"id":10098,"href":"https:\/\/usa-b2.com\/pl\/wp-json\/wp\/v2\/pages\/2757\/revisions\/10098"}],"wp:attachment":[{"href":"https:\/\/usa-b2.com\/pl\/wp-json\/wp\/v2\/media?parent=2757"}],"curies":[{"name":"wp","href":"https:\/\/api.w.org\/{rel}","templated":true}]}}