{"id":260,"date":"2024-02-10T17:12:20","date_gmt":"2024-02-10T17:12:20","guid":{"rendered":"https:\/\/usa-b2.com\/visa-waiver-program\/"},"modified":"2025-06-17T14:03:38","modified_gmt":"2025-06-17T14:03:38","slug":"program-zniesienia-wizy","status":"publish","type":"page","link":"https:\/\/usa-b2.com\/pl\/program-zniesienia-wizy\/","title":{"rendered":"Ameryka\u0144ski program bezwizowy"},"content":{"rendered":"\n<h1 class=\"wp-block-heading\">Ameryka\u0144ski program bezwizowy<\/h1>\n\n<h2 class=\"wp-block-heading\">Czym jest Program Ruchu Bezwizowego?<\/h2>\n\n<p>Program Ruchu Bezwizowego (VWP) umo\u017cliwia obywatelom niekt\u00f3rych kraj\u00f3w podr\u00f3\u017cowanie do Stan\u00f3w Zjednoczonych w celach turystycznych lub biznesowych na okres do 90 dni bez konieczno\u015bci uzyskania wizy. Aby skorzysta\u0107 z tego zwolnienia z obowi\u0105zku wizowego, obywatele kraj\u00f3w partnerskich musz\u0105 uzyska\u0107 elektroniczne zezwolenie na podr\u00f3\u017c <a href=\"https:\/\/usa-b2.com\/pl\/formularz-esta-on-line\/\">ESTA online<\/a>. <\/p>\n\n<h2 class=\"wp-block-heading\">Lista kraj\u00f3w cz\u0142onkowskich programu bezwizowego<\/h2>\n\n<p>Izrael jest najnowszym krajem, kt\u00f3ry zostanie przyj\u0119ty do programu ruchu bezwizowego w pa\u017adzierniku 2023 roku. Tym samym liczba kraj\u00f3w korzystaj\u0105cych z ameryka\u0144skiego programu zniesienia wiz dla swoich obywateli wzros\u0142a do 41. <\/p>\n\n<figure class=\"wp-block-table\"><table><tbody><tr><td><a href=\"https:\/\/usa-b2.com\/pl\/wiza-b2-dla-niemcow\/\">Niemcy<\/a><\/td><td>Hiszpania<\/td><td>Liechtenstein<\/td><td>Wielka Brytania<\/td><\/tr><tr><td>Andora<\/td><td>Finlandia<\/td><td>Litwa<\/td><td>San Marino<\/td><\/tr><tr><td>Australia<\/td><td><a href=\"https:\/\/usa-b2.com\/pl\/wiza-b2-francji\/\">Francja<\/a><\/td><td>Luksemburg<\/td><td>Singapur<\/td><\/tr><tr><td>Austria<\/td><td>Grecja<\/td><td>Malta<\/td><td>S\u0142owacja<\/td><\/tr><tr><td>Belgia<\/td><td>W\u0119gry<\/td><td>Monako<\/td><td>S\u0142owenia<\/td><\/tr><tr><td>Brunei<\/td><td>Irlandia<\/td><td>Norwegia<\/td><td>Szwecja<\/td><\/tr><tr><td>Chile<\/td><td>Islandia<\/td><td>Nowa Zelandia<\/td><td>szwajcarski<\/td><\/tr><tr><td>Chorwacja<\/td><td>Izrael<\/td><td>Holandia<\/td><td>Tajwan<\/td><\/tr><tr><td>Korea Po\u0142udniowa<\/td><td><a href=\"https:\/\/usa-b2.com\/pl\/wizy-b2-dla-wlocha\/\">W\u0142ochy<\/a><\/td><td>Polska<\/td><td><\/td><\/tr><tr><td>Dania<\/td><td>Japonia<\/td><td>Portugalia<\/td><td><\/td><\/tr><tr><td>Estonia<\/td><td>\u0141otwa<\/td><td>Czechy<\/td><td><\/td><\/tr><\/tbody><\/table><figcaption class=\"wp-element-caption\">Lista kraj\u00f3w obj\u0119tych ameryka\u0144skim programem bezwizowym<\/figcaption><\/figure>\n\n<h2 class=\"wp-block-heading\" id=\"h-gt-comment-un-pays-adhere-t-il-au-programme-de-dispense-de-visa\">Jak ubiega\u0107 si\u0119 o zniesienie wiz?<\/h2>\n\n<p>Kraje, kt\u00f3re chc\u0105 zosta\u0107 cz\u0142onkami ameryka\u0144skiego programu bezwizowego, musz\u0105 spe\u0142ni\u0107 okre\u015blone warunki zarz\u0105dzania granicami. G\u0142\u00f3wne warunki okre\u015blone przez Departament Stanu USA to : <\/p>\n\n<ul class=\"wp-block-list\">\n<li>Wydawanie paszport\u00f3w elektronicznych swoim obywatelom<\/li>\n\n\n\n<li>Udzia\u0142 w wymianie danych dotycz\u0105cych bezpiecze\u0144stwa ze Stanami Zjednoczonymi<\/li>\n\n\n\n<li>Sta\u0142e informowanie Stan\u00f3w Zjednoczonych o skradzionych lub zagubionych paszportach.<\/li>\n\n\n\n<li>Odsetek odm\u00f3w wydania paszportu turystycznego typu B dla obywateli danego kraju wynosi mniej ni\u017c 3%.<\/li>\n\n\n\n<li>Aktywne zwalczanie terroryzmu podczas kontroli granicznych.<\/li>\n<\/ul>\n\n<div style=\"height:10px\" aria-hidden=\"true\" class=\"wp-block-spacer\"><\/div>\n\n<h2 class=\"wp-block-heading\">Co zrobi\u0107, je\u015bli Tw\u00f3j kraj nie jest cz\u0142onkiem programu VWP?<\/h2>\n\n<p>Je\u015bli Tw\u00f3j kraj pochodzenia nie jest cz\u0142onkiem programu ruchu bezwizowego, nie mo\u017cesz ubiega\u0107 si\u0119 o elektroniczne zezwolenie na podr\u00f3\u017c ESTA.\nAby wjecha\u0107 do Stan\u00f3w Zjednoczonych, nale\u017cy z\u0142o\u017cy\u0107 wniosek o <a href=\"https:\/\/usa-b2.com\/pl\/formularz-wizowy-b2-online\/\">wiz\u0119 B2 online<\/a>. <\/p>\n","protected":false},"excerpt":{"rendered":"<p>Ameryka\u0144ski program bezwizowy Czym jest Program Ruchu Bezwizowego? Program Ruchu Bezwizowego (VWP) umo\u017cliwia obywatelom niekt\u00f3rych kraj\u00f3w podr\u00f3\u017cowanie do Stan\u00f3w Zjednoczonych w celach turystycznych lub biznesowych na okres do 90 dni bez konieczno\u015bci uzyskania wizy. Aby skorzysta\u0107 z tego zwolnienia z obowi\u0105zku wizowego, obywatele kraj\u00f3w partnerskich musz\u0105 uzyska\u0107 elektroniczne zezwolenie na podr\u00f3\u017c ESTA online. Lista kraj\u00f3w [&hellip;]<\/p>\n","protected":false},"author":1,"featured_media":0,"parent":0,"menu_order":0,"comment_status":"closed","ping_status":"closed","template":"","meta":{"footnotes":""},"class_list":["post-260","page","type-page","status-publish","hentry"],"yoast_head":"<!-- This site is optimized with the Yoast SEO plugin v27.4 - https:\/\/yoast.com\/product\/yoast-seo-wordpress\/ -->\n<title>Ameryka\u0144ski program bezwizowy - USA B2<\/title>\n<meta name=\"description\" content=\"Dowiedz si\u0119 wi\u0119cej o ameryka\u0144skim programie bezwizowym, kt\u00f3ry umo\u017cliwia obcokrajowcom podr\u00f3\u017cowanie do USA bez wizy.\" \/>\n<meta name=\"robots\" content=\"index, follow, max-snippet:-1, max-image-preview:large, max-video-preview:-1\" \/>\n<link rel=\"canonical\" href=\"https:\/\/usa-b2.com\/pl\/program-zniesienia-wizy\/\" \/>\n<meta property=\"og:locale\" content=\"pl_PL\" \/>\n<meta property=\"og:type\" content=\"article\" \/>\n<meta property=\"og:title\" content=\"Ameryka\u0144ski program bezwizowy - USA B2\" \/>\n<meta property=\"og:description\" content=\"Dowiedz si\u0119 wi\u0119cej o ameryka\u0144skim programie bezwizowym, kt\u00f3ry umo\u017cliwia obcokrajowcom podr\u00f3\u017cowanie do USA bez wizy.\" \/>\n<meta property=\"og:url\" content=\"https:\/\/usa-b2.com\/pl\/program-zniesienia-wizy\/\" \/>\n<meta property=\"og:site_name\" content=\"USA B2\" \/>\n<meta property=\"article:modified_time\" content=\"2025-06-17T14:03:38+00:00\" \/>\n<meta name=\"twitter:card\" content=\"summary_large_image\" \/>\n<meta name=\"twitter:label1\" content=\"Szacowany czas czytania\" \/>\n\t<meta name=\"twitter:data1\" content=\"1 minuta\" \/>\n<script type=\"application\/ld+json\" class=\"yoast-schema-graph\">{\"@context\":\"https:\\\/\\\/schema.org\",\"@graph\":[{\"@type\":\"WebPage\",\"@id\":\"https:\\\/\\\/usa-b2.com\\\/pl\\\/program-zniesienia-wizy\\\/\",\"url\":\"https:\\\/\\\/usa-b2.com\\\/pl\\\/program-zniesienia-wizy\\\/\",\"name\":\"Ameryka\u0144ski program bezwizowy - USA B2\",\"isPartOf\":{\"@id\":\"https:\\\/\\\/usa-b2.com\\\/pl\\\/#website\"},\"datePublished\":\"2024-02-10T17:12:20+00:00\",\"dateModified\":\"2025-06-17T14:03:38+00:00\",\"description\":\"Dowiedz si\u0119 wi\u0119cej o ameryka\u0144skim programie bezwizowym, kt\u00f3ry umo\u017cliwia obcokrajowcom podr\u00f3\u017cowanie do USA bez wizy.\",\"breadcrumb\":{\"@id\":\"https:\\\/\\\/usa-b2.com\\\/pl\\\/program-zniesienia-wizy\\\/#breadcrumb\"},\"inLanguage\":\"pl-PL\",\"potentialAction\":[{\"@type\":\"ReadAction\",\"target\":[\"https:\\\/\\\/usa-b2.com\\\/pl\\\/program-zniesienia-wizy\\\/\"]}]},{\"@type\":\"BreadcrumbList\",\"@id\":\"https:\\\/\\\/usa-b2.com\\\/pl\\\/program-zniesienia-wizy\\\/#breadcrumb\",\"itemListElement\":[{\"@type\":\"ListItem\",\"position\":1,\"name\":\"Accueil\",\"item\":\"https:\\\/\\\/usa-b2.com\\\/pl\\\/usa\\\/\"},{\"@type\":\"ListItem\",\"position\":2,\"name\":\"Ameryka\u0144ski program bezwizowy\"}]},{\"@type\":\"WebSite\",\"@id\":\"https:\\\/\\\/usa-b2.com\\\/pl\\\/#website\",\"url\":\"https:\\\/\\\/usa-b2.com\\\/pl\\\/\",\"name\":\"USA B2 VISA\",\"description\":\"\",\"potentialAction\":[{\"@type\":\"SearchAction\",\"target\":{\"@type\":\"EntryPoint\",\"urlTemplate\":\"https:\\\/\\\/usa-b2.com\\\/pl\\\/?s={search_term_string}\"},\"query-input\":{\"@type\":\"PropertyValueSpecification\",\"valueRequired\":true,\"valueName\":\"search_term_string\"}}],\"inLanguage\":\"pl-PL\"}]}<\/script>\n<!-- \/ Yoast SEO plugin. -->","yoast_head_json":{"title":"Ameryka\u0144ski program bezwizowy - USA B2","description":"Dowiedz si\u0119 wi\u0119cej o ameryka\u0144skim programie bezwizowym, kt\u00f3ry umo\u017cliwia obcokrajowcom podr\u00f3\u017cowanie do USA bez wizy.","robots":{"index":"index","follow":"follow","max-snippet":"max-snippet:-1","max-image-preview":"max-image-preview:large","max-video-preview":"max-video-preview:-1"},"canonical":"https:\/\/usa-b2.com\/pl\/program-zniesienia-wizy\/","og_locale":"pl_PL","og_type":"article","og_title":"Ameryka\u0144ski program bezwizowy - USA B2","og_description":"Dowiedz si\u0119 wi\u0119cej o ameryka\u0144skim programie bezwizowym, kt\u00f3ry umo\u017cliwia obcokrajowcom podr\u00f3\u017cowanie do USA bez wizy.","og_url":"https:\/\/usa-b2.com\/pl\/program-zniesienia-wizy\/","og_site_name":"USA B2","article_modified_time":"2025-06-17T14:03:38+00:00","twitter_card":"summary_large_image","twitter_misc":{"Szacowany czas czytania":"1 minuta"},"schema":{"@context":"https:\/\/schema.org","@graph":[{"@type":"WebPage","@id":"https:\/\/usa-b2.com\/pl\/program-zniesienia-wizy\/","url":"https:\/\/usa-b2.com\/pl\/program-zniesienia-wizy\/","name":"Ameryka\u0144ski program bezwizowy - USA B2","isPartOf":{"@id":"https:\/\/usa-b2.com\/pl\/#website"},"datePublished":"2024-02-10T17:12:20+00:00","dateModified":"2025-06-17T14:03:38+00:00","description":"Dowiedz si\u0119 wi\u0119cej o ameryka\u0144skim programie bezwizowym, kt\u00f3ry umo\u017cliwia obcokrajowcom podr\u00f3\u017cowanie do USA bez wizy.","breadcrumb":{"@id":"https:\/\/usa-b2.com\/pl\/program-zniesienia-wizy\/#breadcrumb"},"inLanguage":"pl-PL","potentialAction":[{"@type":"ReadAction","target":["https:\/\/usa-b2.com\/pl\/program-zniesienia-wizy\/"]}]},{"@type":"BreadcrumbList","@id":"https:\/\/usa-b2.com\/pl\/program-zniesienia-wizy\/#breadcrumb","itemListElement":[{"@type":"ListItem","position":1,"name":"Accueil","item":"https:\/\/usa-b2.com\/pl\/usa\/"},{"@type":"ListItem","position":2,"name":"Ameryka\u0144ski program bezwizowy"}]},{"@type":"WebSite","@id":"https:\/\/usa-b2.com\/pl\/#website","url":"https:\/\/usa-b2.com\/pl\/","name":"USA B2 VISA","description":"","potentialAction":[{"@type":"SearchAction","target":{"@type":"EntryPoint","urlTemplate":"https:\/\/usa-b2.com\/pl\/?s={search_term_string}"},"query-input":{"@type":"PropertyValueSpecification","valueRequired":true,"valueName":"search_term_string"}}],"inLanguage":"pl-PL"}]}},"_links":{"self":[{"href":"https:\/\/usa-b2.com\/pl\/wp-json\/wp\/v2\/pages\/260","targetHints":{"allow":["GET"]}}],"collection":[{"href":"https:\/\/usa-b2.com\/pl\/wp-json\/wp\/v2\/pages"}],"about":[{"href":"https:\/\/usa-b2.com\/pl\/wp-json\/wp\/v2\/types\/page"}],"author":[{"embeddable":true,"href":"https:\/\/usa-b2.com\/pl\/wp-json\/wp\/v2\/users\/1"}],"replies":[{"embeddable":true,"href":"https:\/\/usa-b2.com\/pl\/wp-json\/wp\/v2\/comments?post=260"}],"version-history":[{"count":4,"href":"https:\/\/usa-b2.com\/pl\/wp-json\/wp\/v2\/pages\/260\/revisions"}],"predecessor-version":[{"id":9510,"href":"https:\/\/usa-b2.com\/pl\/wp-json\/wp\/v2\/pages\/260\/revisions\/9510"}],"wp:attachment":[{"href":"https:\/\/usa-b2.com\/pl\/wp-json\/wp\/v2\/media?parent=260"}],"curies":[{"name":"wp","href":"https:\/\/api.w.org\/{rel}","templated":true}]}}