{"id":236,"date":"2024-02-10T17:02:13","date_gmt":"2024-02-10T17:02:13","guid":{"rendered":"https:\/\/usa-b2.com\/formularz-wizowy-b2-online\/"},"modified":"2026-02-25T15:31:53","modified_gmt":"2026-02-25T15:31:53","slug":"formularz-wizowy-b2-online","status":"publish","type":"page","link":"https:\/\/usa-b2.com\/pl\/formularz-wizowy-b2-online\/","title":{"rendered":"Formularz wizowy B2 online"},"content":{"rendered":"\t\t<div data-elementor-type=\"wp-page\" data-elementor-id=\"236\" class=\"elementor elementor-236 elementor-65\" data-elementor-post-type=\"page\">\n\t\t\t\t<div class=\"elementor-element elementor-element-3aaff0cb e-flex e-con-boxed e-con e-parent\" data-id=\"3aaff0cb\" data-element_type=\"container\" data-e-type=\"container\">\n\t\t\t\t\t<div class=\"e-con-inner\">\n\t\t\t\t<div class=\"elementor-element elementor-element-13dd7548 elementor-widget elementor-widget-text-editor\" data-id=\"13dd7548\" data-element_type=\"widget\" data-e-type=\"widget\" data-widget_type=\"text-editor.default\">\n\t\t\t\t<div class=\"elementor-widget-container\">\n\t\t\t\t\t\t\t\t\t<h1>Formularz online do uzyskania wizy B2<\/h1>\t\t\t\t\t\t\t\t<\/div>\n\t\t\t\t<\/div>\n\t\t\t\t\t<\/div>\n\t\t\t\t<\/div>\n\t\t<div class=\"elementor-element elementor-element-ab55e48 e-flex e-con-boxed e-con e-parent\" data-id=\"ab55e48\" data-element_type=\"container\" data-e-type=\"container\">\n\t\t\t\t\t<div class=\"e-con-inner\">\n\t\t\t\t<div class=\"elementor-element elementor-element-313046a elementor-widget elementor-widget-text-editor\" data-id=\"313046a\" data-element_type=\"widget\" data-e-type=\"widget\" data-widget_type=\"text-editor.default\">\n\t\t\t\t<div class=\"elementor-widget-container\">\n\t\t\t\t\t\t\t\t\t<p>O wiz\u0119 B2 mo\u017cna ubiega\u0107 si\u0119 wy\u0142\u0105cznie online. Kandydaci musz\u0105 wype\u0142ni\u0107 formularz DS-160 i ui\u015bci\u0107 op\u0142at\u0119 wizow\u0105 online.   <\/p>\t\t\t\t\t\t\t\t<\/div>\n\t\t\t\t<\/div>\n\t\t\t\t\t<\/div>\n\t\t\t\t<\/div>\n\t\t<div class=\"elementor-element elementor-element-1c6e5a1 e-flex e-con-boxed e-con e-parent\" data-id=\"1c6e5a1\" data-element_type=\"container\" data-e-type=\"container\">\n\t\t\t\t\t<div class=\"e-con-inner\">\n\t\t\t\t<div class=\"elementor-element elementor-element-3bc75779 elementor-widget elementor-widget-button\" data-id=\"3bc75779\" data-element_type=\"widget\" data-e-type=\"widget\" data-widget_type=\"button.default\">\n\t\t\t\t<div class=\"elementor-widget-container\">\n\t\t\t\t\t\t\t\t\t<div class=\"elementor-button-wrapper\">\n\t\t\t\t\t<a class=\"elementor-button elementor-button-link elementor-size-sm\" href=\"https:\/\/usa-b2.com\/fr\/recommends\/us-b2\/\">\n\t\t\t\t\t\t<span class=\"elementor-button-content-wrapper\">\n\t\t\t\t\t\t\t\t\t<span class=\"elementor-button-text\">Wype\u0142nij formularz online<\/span>\n\t\t\t\t\t<\/span>\n\t\t\t\t\t<\/a>\n\t\t\t\t<\/div>\n\t\t\t\t\t\t\t\t<\/div>\n\t\t\t\t<\/div>\n\t\t\t\t\t<\/div>\n\t\t\t\t<\/div>\n\t\t<div class=\"elementor-element elementor-element-c883d67 e-flex e-con-boxed e-con e-parent\" data-id=\"c883d67\" data-element_type=\"container\" data-e-type=\"container\">\n\t\t\t\t\t<div class=\"e-con-inner\">\n\t\t\t\t<div class=\"elementor-element elementor-element-259ccca elementor-widget elementor-widget-text-editor\" data-id=\"259ccca\" data-element_type=\"widget\" data-e-type=\"widget\" data-widget_type=\"text-editor.default\">\n\t\t\t\t<div class=\"elementor-widget-container\">\n\t\t\t\t\t\t\t\t\t<p><span style=\"color: #000000;\"><b>W przypadku pobytu w Stanach Zjednoczonych kr\u00f3tszego ni\u017c 90 dni<\/b><\/span>: Nie musisz uzyskiwa\u0107 wizy B2 ani udawa\u0107 si\u0119 do ambasady USA. Wszystko, co musisz zrobi\u0107, to z\u0142o\u017cy\u0107 wniosek o elektroniczne zezwolenie na podr\u00f3\u017c, wype\u0142niaj\u0105c <a href=\"https:\/\/usa-b2.com\/pl\/formularz-esta-on-line\/\">formularz ESTA online<\/a>. <\/p>\t\t\t\t\t\t\t\t<\/div>\n\t\t\t\t<\/div>\n\t\t\t\t\t<\/div>\n\t\t\t\t<\/div>\n\t\t<div class=\"elementor-element elementor-element-acb5d05 e-flex e-con-boxed e-con e-parent\" data-id=\"acb5d05\" data-element_type=\"container\" data-e-type=\"container\">\n\t\t\t\t\t<div class=\"e-con-inner\">\n\t\t\t\t<div class=\"elementor-element elementor-element-57baf36 elementor-widget elementor-widget-spacer\" data-id=\"57baf36\" data-element_type=\"widget\" data-e-type=\"widget\" data-widget_type=\"spacer.default\">\n\t\t\t\t<div class=\"elementor-widget-container\">\n\t\t\t\t\t\t\t<div class=\"elementor-spacer\">\n\t\t\t<div class=\"elementor-spacer-inner\"><\/div>\n\t\t<\/div>\n\t\t\t\t\t\t<\/div>\n\t\t\t\t<\/div>\n\t\t\t\t\t<\/div>\n\t\t\t\t<\/div>\n\t\t<div class=\"elementor-element elementor-element-4594086 e-flex e-con-boxed e-con e-parent\" data-id=\"4594086\" data-element_type=\"container\" data-e-type=\"container\">\n\t\t\t\t\t<div class=\"e-con-inner\">\n\t\t\t\t<div class=\"elementor-element elementor-element-0561204 elementor-widget elementor-widget-text-editor\" data-id=\"0561204\" data-element_type=\"widget\" data-e-type=\"widget\" data-widget_type=\"text-editor.default\">\n\t\t\t\t<div class=\"elementor-widget-container\">\n\t\t\t\t\t\t\t\t\t<h2>Jak d\u0142ugo trwa przetwarzanie wizy B2?<\/h2>\n<p>Czas rozpatrywania wniosku o wiz\u0119 B2 wynosi co najmniej kilka tygodni i mo\u017ce trwa\u0107 nawet kilka miesi\u0119cy. Ramy czasowe zale\u017c\u0105 g\u0142\u00f3wnie od ilo\u015bci wniosk\u00f3w, kt\u00f3re maj\u0105 zosta\u0107 rozpatrzone przez ameryka\u0144sk\u0105 ambasad\u0119 lub konsulat w kraju wnioskodawcy. Istniej\u0105 inne powody, dla kt\u00f3rych czas przetwarzania mo\u017ce by\u0107 d\u0142u\u017cszy, takie jak :  <\/p>\n<ul>\n<li>Je\u015bli dokumentacja kandydata nie jest kompletna lub kandydat sp\u00f3\u017ani\u0142 si\u0119 z dostarczeniem dodatkowych informacji;<\/li>\n<li>Je\u015bli osoba ubiegaj\u0105ca si\u0119 o wiz\u0119 sp\u00f3\u017ani si\u0119 na um\u00f3wione <a href=\"https:\/\/usa-b2.com\/pl\/spotkanie-wizowe-ambasadzie-usa\/\">spotkanie w ambasadzie<\/a> lub konsulacie ameryka\u0144skim.<\/li>\n<\/ul>\t\t\t\t\t\t\t\t<\/div>\n\t\t\t\t<\/div>\n\t\t\t\t\t<\/div>\n\t\t\t\t<\/div>\n\t\t<div class=\"elementor-element elementor-element-3f8b40a e-flex e-con-boxed e-con e-parent\" data-id=\"3f8b40a\" data-element_type=\"container\" data-e-type=\"container\">\n\t\t\t\t\t<div class=\"e-con-inner\">\n\t\t\t\t<div class=\"elementor-element elementor-element-dfcba0d elementor-widget elementor-widget-spacer\" data-id=\"dfcba0d\" data-element_type=\"widget\" data-e-type=\"widget\" data-widget_type=\"spacer.default\">\n\t\t\t\t<div class=\"elementor-widget-container\">\n\t\t\t\t\t\t\t<div class=\"elementor-spacer\">\n\t\t\t<div class=\"elementor-spacer-inner\"><\/div>\n\t\t<\/div>\n\t\t\t\t\t\t<\/div>\n\t\t\t\t<\/div>\n\t\t\t\t\t<\/div>\n\t\t\t\t<\/div>\n\t\t<div class=\"elementor-element elementor-element-a38079a e-flex e-con-boxed e-con e-parent\" data-id=\"a38079a\" data-element_type=\"container\" data-e-type=\"container\">\n\t\t\t\t\t<div class=\"e-con-inner\">\n\t\t\t\t<div class=\"elementor-element elementor-element-c854383 elementor-widget elementor-widget-text-editor\" data-id=\"c854383\" data-element_type=\"widget\" data-e-type=\"widget\" data-widget_type=\"text-editor.default\">\n\t\t\t\t<div class=\"elementor-widget-container\">\n\t\t\t\t\t\t\t\t\t<h2>Przygotowanie do rozmowy kwalifikacyjnej w ambasadzie ameryka\u0144skiej<\/h2>\n<p>Aby sfinalizowa\u0107 proces ubiegania si\u0119 o wiz\u0119 B2, wnioskodawcy musz\u0105 wzi\u0105\u0107 udzia\u0142 w rozmowie z urz\u0119dnikiem wizowym ambasady. Kandydat musi przygotowa\u0107 si\u0119 do rozmowy kwalifikacyjnej. Zostan\u0105 poproszeni o wyja\u015bnienie, dlaczego chc\u0105 podr\u00f3\u017cowa\u0107 do Stan\u00f3w Zjednoczonych. Wszystkie dokumenty potwierdzaj\u0105ce zostan\u0105 sprawdzone podczas spotkania.   <\/p>\t\t\t\t\t\t\t\t<\/div>\n\t\t\t\t<\/div>\n\t\t\t\t<div class=\"elementor-element elementor-element-80d967c elementor-widget elementor-widget-heading\" data-id=\"80d967c\" data-element_type=\"widget\" data-e-type=\"widget\" data-widget_type=\"heading.default\">\n\t\t\t\t<div class=\"elementor-widget-container\">\n\t\t\t\t\t<h2 class=\"elementor-heading-title elementor-size-default\">Wi\u0119cej informacji na temat kraj\u00f3w kwalifikuj\u0105cych si\u0119 do otrzymania wizy B2<\/h2>\t\t\t\t<\/div>\n\t\t\t\t<\/div>\n\t\t\t\t<div class=\"elementor-element elementor-element-b41e668 elementor-widget elementor-widget-text-editor\" data-id=\"b41e668\" data-element_type=\"widget\" data-e-type=\"widget\" data-widget_type=\"text-editor.default\">\n\t\t\t\t<div class=\"elementor-widget-container\">\n\t\t\t\t\t\t\t\t\t<p>Poni\u017cej znajduj\u0105 si\u0119 bardziej szczeg\u00f3\u0142owe informacje dla obywateli niekt\u00f3rych kraj\u00f3w kwalifikuj\u0105cych si\u0119 do wizy B2:<\/p><ul><li><a href=\"https:\/\/usa-b2.com\/pl\/wiza-b2-francji\/\">Wiza B2 dla obywateli Francji<\/a><\/li><li><a href=\"https:\/\/usa-b2.com\/pl\/wizy-b2-dla-wlocha\/\">Wiza B2 dla W\u0142och\u00f3w<\/a><\/li><li><a href=\"https:\/\/usa-b2.com\/pl\/wiza-b2-dla-niemcow\/\">Wiza B2 dla Niemc\u00f3w<\/a><\/li><li><a href=\"https:\/\/usa-b2.com\/pl\/vizy-b2-meksykanina\/\">Wiza B2 dla Meksykan\u00f3w<\/a><\/li><li><a href=\"https:\/\/usa-b2.com\/pl\/wiza-b1-b2-dla-brazylijczykow\/\">Wiza B2 dla Brazylijczyk\u00f3w<\/a><\/li><li>Wiza B2 dla obywateli Hiszpanii<\/li><\/ul>\t\t\t\t\t\t\t\t<\/div>\n\t\t\t\t<\/div>\n\t\t\t\t\t<\/div>\n\t\t\t\t<\/div>\n\t\t\t\t<\/div>\n\t\t","protected":false},"excerpt":{"rendered":"<p>Formularz online do uzyskania wizy B2 O wiz\u0119 B2 mo\u017cna ubiega\u0107 si\u0119 wy\u0142\u0105cznie online. Kandydaci musz\u0105 wype\u0142ni\u0107 formularz DS-160 i ui\u015bci\u0107 op\u0142at\u0119 wizow\u0105 online. Wype\u0142nij formularz online W przypadku pobytu w Stanach Zjednoczonych kr\u00f3tszego ni\u017c 90 dni: Nie musisz uzyskiwa\u0107 wizy B2 ani udawa\u0107 si\u0119 do ambasady USA. Wszystko, co musisz zrobi\u0107, to z\u0142o\u017cy\u0107 wniosek [&hellip;]<\/p>\n","protected":false},"author":1,"featured_media":0,"parent":0,"menu_order":0,"comment_status":"closed","ping_status":"closed","template":"","meta":{"footnotes":""},"class_list":["post-236","page","type-page","status-publish","hentry"],"yoast_head":"<!-- This site is optimized with the Yoast SEO plugin v27.4 - https:\/\/yoast.com\/product\/yoast-seo-wordpress\/ -->\n<title>Formularz wizowy B2 online - USA B2<\/title>\n<meta name=\"description\" content=\"Wype\u0142nij formularz internetowy w zaledwie kilka minut, aby uzyska\u0107 wiz\u0119 B2 na podr\u00f3\u017c do Stan\u00f3w Zjednoczonych\" \/>\n<meta name=\"robots\" content=\"index, follow, max-snippet:-1, max-image-preview:large, max-video-preview:-1\" \/>\n<link rel=\"canonical\" href=\"https:\/\/usa-b2.com\/pl\/formularz-wizowy-b2-online\/\" \/>\n<meta property=\"og:locale\" content=\"pl_PL\" \/>\n<meta property=\"og:type\" content=\"article\" \/>\n<meta property=\"og:title\" content=\"Formularz wizowy B2 online - USA B2\" \/>\n<meta property=\"og:description\" content=\"Wype\u0142nij formularz internetowy w zaledwie kilka minut, aby uzyska\u0107 wiz\u0119 B2 na podr\u00f3\u017c do Stan\u00f3w Zjednoczonych\" \/>\n<meta property=\"og:url\" content=\"https:\/\/usa-b2.com\/pl\/formularz-wizowy-b2-online\/\" \/>\n<meta property=\"og:site_name\" content=\"USA B2\" \/>\n<meta property=\"article:modified_time\" content=\"2026-02-25T15:31:53+00:00\" \/>\n<meta name=\"twitter:card\" content=\"summary_large_image\" \/>\n<meta name=\"twitter:label1\" content=\"Szacowany czas czytania\" \/>\n\t<meta name=\"twitter:data1\" content=\"1 minuta\" \/>\n<script type=\"application\/ld+json\" class=\"yoast-schema-graph\">{\"@context\":\"https:\\\/\\\/schema.org\",\"@graph\":[{\"@type\":\"WebPage\",\"@id\":\"https:\\\/\\\/usa-b2.com\\\/pl\\\/formularz-wizowy-b2-online\\\/\",\"url\":\"https:\\\/\\\/usa-b2.com\\\/pl\\\/formularz-wizowy-b2-online\\\/\",\"name\":\"Formularz wizowy B2 online - USA B2\",\"isPartOf\":{\"@id\":\"https:\\\/\\\/usa-b2.com\\\/pl\\\/#website\"},\"datePublished\":\"2024-02-10T17:02:13+00:00\",\"dateModified\":\"2026-02-25T15:31:53+00:00\",\"description\":\"Wype\u0142nij formularz internetowy w zaledwie kilka minut, aby uzyska\u0107 wiz\u0119 B2 na podr\u00f3\u017c do Stan\u00f3w Zjednoczonych\",\"breadcrumb\":{\"@id\":\"https:\\\/\\\/usa-b2.com\\\/pl\\\/formularz-wizowy-b2-online\\\/#breadcrumb\"},\"inLanguage\":\"pl-PL\",\"potentialAction\":[{\"@type\":\"ReadAction\",\"target\":[\"https:\\\/\\\/usa-b2.com\\\/pl\\\/formularz-wizowy-b2-online\\\/\"]}]},{\"@type\":\"BreadcrumbList\",\"@id\":\"https:\\\/\\\/usa-b2.com\\\/pl\\\/formularz-wizowy-b2-online\\\/#breadcrumb\",\"itemListElement\":[{\"@type\":\"ListItem\",\"position\":1,\"name\":\"Accueil\",\"item\":\"https:\\\/\\\/usa-b2.com\\\/pl\\\/usa\\\/\"},{\"@type\":\"ListItem\",\"position\":2,\"name\":\"Formularz wizowy B2 online\"}]},{\"@type\":\"WebSite\",\"@id\":\"https:\\\/\\\/usa-b2.com\\\/pl\\\/#website\",\"url\":\"https:\\\/\\\/usa-b2.com\\\/pl\\\/\",\"name\":\"USA B2 VISA\",\"description\":\"\",\"potentialAction\":[{\"@type\":\"SearchAction\",\"target\":{\"@type\":\"EntryPoint\",\"urlTemplate\":\"https:\\\/\\\/usa-b2.com\\\/pl\\\/?s={search_term_string}\"},\"query-input\":{\"@type\":\"PropertyValueSpecification\",\"valueRequired\":true,\"valueName\":\"search_term_string\"}}],\"inLanguage\":\"pl-PL\"}]}<\/script>\n<!-- \/ Yoast SEO plugin. -->","yoast_head_json":{"title":"Formularz wizowy B2 online - USA B2","description":"Wype\u0142nij formularz internetowy w zaledwie kilka minut, aby uzyska\u0107 wiz\u0119 B2 na podr\u00f3\u017c do Stan\u00f3w Zjednoczonych","robots":{"index":"index","follow":"follow","max-snippet":"max-snippet:-1","max-image-preview":"max-image-preview:large","max-video-preview":"max-video-preview:-1"},"canonical":"https:\/\/usa-b2.com\/pl\/formularz-wizowy-b2-online\/","og_locale":"pl_PL","og_type":"article","og_title":"Formularz wizowy B2 online - USA B2","og_description":"Wype\u0142nij formularz internetowy w zaledwie kilka minut, aby uzyska\u0107 wiz\u0119 B2 na podr\u00f3\u017c do Stan\u00f3w Zjednoczonych","og_url":"https:\/\/usa-b2.com\/pl\/formularz-wizowy-b2-online\/","og_site_name":"USA B2","article_modified_time":"2026-02-25T15:31:53+00:00","twitter_card":"summary_large_image","twitter_misc":{"Szacowany czas czytania":"1 minuta"},"schema":{"@context":"https:\/\/schema.org","@graph":[{"@type":"WebPage","@id":"https:\/\/usa-b2.com\/pl\/formularz-wizowy-b2-online\/","url":"https:\/\/usa-b2.com\/pl\/formularz-wizowy-b2-online\/","name":"Formularz wizowy B2 online - USA B2","isPartOf":{"@id":"https:\/\/usa-b2.com\/pl\/#website"},"datePublished":"2024-02-10T17:02:13+00:00","dateModified":"2026-02-25T15:31:53+00:00","description":"Wype\u0142nij formularz internetowy w zaledwie kilka minut, aby uzyska\u0107 wiz\u0119 B2 na podr\u00f3\u017c do Stan\u00f3w Zjednoczonych","breadcrumb":{"@id":"https:\/\/usa-b2.com\/pl\/formularz-wizowy-b2-online\/#breadcrumb"},"inLanguage":"pl-PL","potentialAction":[{"@type":"ReadAction","target":["https:\/\/usa-b2.com\/pl\/formularz-wizowy-b2-online\/"]}]},{"@type":"BreadcrumbList","@id":"https:\/\/usa-b2.com\/pl\/formularz-wizowy-b2-online\/#breadcrumb","itemListElement":[{"@type":"ListItem","position":1,"name":"Accueil","item":"https:\/\/usa-b2.com\/pl\/usa\/"},{"@type":"ListItem","position":2,"name":"Formularz wizowy B2 online"}]},{"@type":"WebSite","@id":"https:\/\/usa-b2.com\/pl\/#website","url":"https:\/\/usa-b2.com\/pl\/","name":"USA B2 VISA","description":"","potentialAction":[{"@type":"SearchAction","target":{"@type":"EntryPoint","urlTemplate":"https:\/\/usa-b2.com\/pl\/?s={search_term_string}"},"query-input":{"@type":"PropertyValueSpecification","valueRequired":true,"valueName":"search_term_string"}}],"inLanguage":"pl-PL"}]}},"_links":{"self":[{"href":"https:\/\/usa-b2.com\/pl\/wp-json\/wp\/v2\/pages\/236","targetHints":{"allow":["GET"]}}],"collection":[{"href":"https:\/\/usa-b2.com\/pl\/wp-json\/wp\/v2\/pages"}],"about":[{"href":"https:\/\/usa-b2.com\/pl\/wp-json\/wp\/v2\/types\/page"}],"author":[{"embeddable":true,"href":"https:\/\/usa-b2.com\/pl\/wp-json\/wp\/v2\/users\/1"}],"replies":[{"embeddable":true,"href":"https:\/\/usa-b2.com\/pl\/wp-json\/wp\/v2\/comments?post=236"}],"version-history":[{"count":5,"href":"https:\/\/usa-b2.com\/pl\/wp-json\/wp\/v2\/pages\/236\/revisions"}],"predecessor-version":[{"id":11093,"href":"https:\/\/usa-b2.com\/pl\/wp-json\/wp\/v2\/pages\/236\/revisions\/11093"}],"wp:attachment":[{"href":"https:\/\/usa-b2.com\/pl\/wp-json\/wp\/v2\/media?parent=236"}],"curies":[{"name":"wp","href":"https:\/\/api.w.org\/{rel}","templated":true}]}}