{"id":202,"date":"2024-02-10T16:58:41","date_gmt":"2024-02-10T16:58:41","guid":{"rendered":"https:\/\/usa-b2.com\/formularz-esta-on-line\/"},"modified":"2026-04-17T08:31:19","modified_gmt":"2026-04-17T08:31:19","slug":"formularz-esta-on-line","status":"publish","type":"page","link":"https:\/\/usa-b2.com\/pl\/formularz-esta-on-line\/","title":{"rendered":"Wype\u0142nij formularz ESTA online"},"content":{"rendered":"\t\t<div data-elementor-type=\"wp-page\" data-elementor-id=\"202\" class=\"elementor elementor-202 elementor-61\" data-elementor-post-type=\"page\">\n\t\t\t\t<div class=\"elementor-element elementor-element-56419ff8 e-flex e-con-boxed e-con e-parent\" data-id=\"56419ff8\" data-element_type=\"container\" data-e-type=\"container\">\n\t\t\t\t\t<div class=\"e-con-inner\">\n\t\t\t\t<div class=\"elementor-element elementor-element-2867cae2 elementor-widget elementor-widget-text-editor\" data-id=\"2867cae2\" data-element_type=\"widget\" data-e-type=\"widget\" data-widget_type=\"text-editor.default\">\n\t\t\t\t<div class=\"elementor-widget-container\">\n\t\t\t\t\t\t\t\t\t<h1>Formularz online umo\u017cliwiaj\u0105cy uzyskanie zezwolenia ESTA<\/h1>\n<p>Formalno\u015bci zwi\u0105zane z wjazdem do Stan\u00f3w Zjednoczonych na pobyt kr\u00f3tszy ni\u017c 90 dni mo\u017cna dope\u0142ni\u0107 bezpo\u015brednio online. Nie musisz umawia\u0107 si\u0119 na spotkanie w ameryka\u0144skiej ambasadzie lub konsulacie, aby uzyska\u0107 zezwolenie na podr\u00f3\u017c ESTA. <\/p>\t\t\t\t\t\t\t\t<\/div>\n\t\t\t\t<\/div>\n\t\t\t\t\t<\/div>\n\t\t\t\t<\/div>\n\t\t<div class=\"elementor-element elementor-element-2b6b869 e-flex e-con-boxed e-con e-parent\" data-id=\"2b6b869\" data-element_type=\"container\" data-e-type=\"container\">\n\t\t\t\t\t<div class=\"e-con-inner\">\n\t\t\t\t<div class=\"elementor-element elementor-element-ce061ad elementor-widget elementor-widget-button\" data-id=\"ce061ad\" data-element_type=\"widget\" data-e-type=\"widget\" data-widget_type=\"button.default\">\n\t\t\t\t<div class=\"elementor-widget-container\">\n\t\t\t\t\t\t\t\t\t<div class=\"elementor-button-wrapper\">\n\t\t\t\t\t<a class=\"elementor-button elementor-button-link elementor-size-sm\" href=\"https:\/\/usa-b2.com\/fr\/recommends\/fr-esta\/\">\n\t\t\t\t\t\t<span class=\"elementor-button-content-wrapper\">\n\t\t\t\t\t\t\t\t\t<span class=\"elementor-button-text\">Wype\u0142nij formularz online<\/span>\n\t\t\t\t\t<\/span>\n\t\t\t\t\t<\/a>\n\t\t\t\t<\/div>\n\t\t\t\t\t\t\t\t<\/div>\n\t\t\t\t<\/div>\n\t\t\t\t\t<\/div>\n\t\t\t\t<\/div>\n\t\t<div class=\"elementor-element elementor-element-b8872fc e-flex e-con-boxed e-con e-parent\" data-id=\"b8872fc\" data-element_type=\"container\" data-e-type=\"container\">\n\t\t\t\t\t<div class=\"e-con-inner\">\n\t\t\t\t<div class=\"elementor-element elementor-element-30e6387 elementor-widget elementor-widget-spacer\" data-id=\"30e6387\" data-element_type=\"widget\" data-e-type=\"widget\" data-widget_type=\"spacer.default\">\n\t\t\t\t<div class=\"elementor-widget-container\">\n\t\t\t\t\t\t\t<div class=\"elementor-spacer\">\n\t\t\t<div class=\"elementor-spacer-inner\"><\/div>\n\t\t<\/div>\n\t\t\t\t\t\t<\/div>\n\t\t\t\t<\/div>\n\t\t\t\t\t<\/div>\n\t\t\t\t<\/div>\n\t\t<div class=\"elementor-element elementor-element-9542cde e-flex e-con-boxed e-con e-parent\" data-id=\"9542cde\" data-element_type=\"container\" data-e-type=\"container\">\n\t\t\t\t\t<div class=\"e-con-inner\">\n\t\t\t\t<div class=\"elementor-element elementor-element-ff08436 elementor-widget elementor-widget-text-editor\" data-id=\"ff08436\" data-element_type=\"widget\" data-e-type=\"widget\" data-widget_type=\"text-editor.default\">\n\t\t\t\t<div class=\"elementor-widget-container\">\n\t\t\t\t\t\t\t\t\t<p>Formularz online mo\u017cna wype\u0142ni\u0107 w zaledwie kilka minut, je\u015bli wnioskodawca posiada dokumenty podr\u00f3\u017cy.<\/p><p>ESTA jest cz\u0119\u015bci\u0105 <a href=\"https:\/\/usa-b2.com\/pl\/program-zniesienia-wizy\/\">Programu Ruchu Bezwizowego<\/a>. Ten ameryka\u0144ski program bezwizowy umo\u017cliwia obywatelom kraj\u00f3w cz\u0142onkowskich podr\u00f3\u017cowanie do Stan\u00f3w Zjednoczonych bez wizy w celach turystycznych, biznesowych lub tranzytowych. <\/p>\t\t\t\t\t\t\t\t<\/div>\n\t\t\t\t<\/div>\n\t\t\t\t\t<\/div>\n\t\t\t\t<\/div>\n\t\t<div class=\"elementor-element elementor-element-47b375d e-flex e-con-boxed e-con e-parent\" data-id=\"47b375d\" data-element_type=\"container\" data-e-type=\"container\">\n\t\t\t\t\t<div class=\"e-con-inner\">\n\t\t\t\t<div class=\"elementor-element elementor-element-6e123f9 elementor-widget elementor-widget-text-editor\" data-id=\"6e123f9\" data-element_type=\"widget\" data-e-type=\"widget\" data-widget_type=\"text-editor.default\">\n\t\t\t\t<div class=\"elementor-widget-container\">\n\t\t\t\t\t\t\t\t\t<h2>Jak d\u0142ugo trwa rozpatrzenie wniosku o ESTA?<\/h2><p>Po op\u0142aceniu ESTA online, wniosek ESTA jest zatwierdzany i przechodzi do przetwarzania. Przetwarzanie jest skomputeryzowane i trwa zaledwie kilka minut.  Oznacza to, \u017ce wnioskodawcy mog\u0105 otrzyma\u0107 wiadomo\u015b\u0107 e-mail w ci\u0105gu kilku minut potwierdzaj\u0105c\u0105, \u017ce ich autoryzacja ESTA zosta\u0142a zatwierdzona.<\/p><p>Czasami odpowied\u017a nie dociera do kandydata w ci\u0105gu kilku minut. W niekt\u00f3rych przypadkach do weryfikacji \u017c\u0105dania wymagane jest przetwarzanie przez cz\u0142owieka. Oficjalna strona ESTA zobowi\u0105zuje si\u0119 do udzielenia odpowiedzi w ci\u0105gu 72 godzin. Wi\u0119cej informacji mo\u017cna znale\u017a\u0107 na naszej stronie wyja\u015bniaj\u0105cej, <a href=\"https:\/\/usa-b2.com\/pl\/czym-jest-esta\/\">czym jest ESTA<\/a>.   <\/p>\t\t\t\t\t\t\t\t<\/div>\n\t\t\t\t<\/div>\n\t\t\t\t\t<\/div>\n\t\t\t\t<\/div>\n\t\t<div class=\"elementor-element elementor-element-dad46bc e-flex e-con-boxed e-con e-parent\" data-id=\"dad46bc\" data-element_type=\"container\" data-e-type=\"container\">\n\t\t\t\t\t<div class=\"e-con-inner\">\n\t\t\t\t<div class=\"elementor-element elementor-element-6d0d0c4 elementor-widget elementor-widget-text-editor\" data-id=\"6d0d0c4\" data-element_type=\"widget\" data-e-type=\"widget\" data-widget_type=\"text-editor.default\">\n\t\t\t\t<div class=\"elementor-widget-container\">\n\t\t\t\t\t\t\t\t\t<h2>Jak d\u0142ugo wa\u017cna jest autoryzacja ESTA?<\/h2><p><a href=\"https:\/\/usa-b2.com\/pl\/okres-waznosci-esta\/\">ESTA jest wa\u017cna<\/a> przez ograniczony okres czasu. Pocz\u0105tkowy okres wa\u017cno\u015bci wynosi zazwyczaj 2 lata. Pod pewnymi warunkami okres wa\u017cno\u015bci jest skr\u00f3cony: na przyk\u0142ad, je\u015bli <a href=\"https:\/\/usa-b2.com\/pl\/podroz-paszportowa-usa\/\">paszport do USA<\/a> u\u017cyty do uzyskania ESTA nie jest ju\u017c wa\u017cny, w\u00f3wczas sama ESTA nie jest ju\u017c wa\u017cna.  <\/p>\t\t\t\t\t\t\t\t<\/div>\n\t\t\t\t<\/div>\n\t\t\t\t\t<\/div>\n\t\t\t\t<\/div>\n\t\t<div class=\"elementor-element elementor-element-ee7de17 e-flex e-con-boxed e-con e-parent\" data-id=\"ee7de17\" data-element_type=\"container\" data-e-type=\"container\">\n\t\t\t\t\t<div class=\"e-con-inner\">\n\t\t\t\t<div class=\"elementor-element elementor-element-b0556fc elementor-widget elementor-widget-text-editor\" data-id=\"b0556fc\" data-element_type=\"widget\" data-e-type=\"widget\" data-widget_type=\"text-editor.default\">\n\t\t\t\t<div class=\"elementor-widget-container\">\n\t\t\t\t\t\t\t\t\t<h2>Czy powinienem wydrukowa\u0107 autoryzacj\u0119 ESTA?<\/h2><p>Proces sk\u0142adania wniosk\u00f3w ESTA jest w 100% online. Odpowied\u017a na wniosek ESTA jest wysy\u0142ana do wnioskodawcy wy\u0142\u0105cznie poczt\u0105 elektroniczn\u0105. Nie jest jednak konieczne <a href=\"https:\/\/usa-b2.com\/pl\/wydrukuj-esta\/\">wydrukowanie ESTA<\/a> przed udaniem si\u0119 na lotnisko.  <\/p><p>System komputerowy, kt\u00f3ry zatwierdzi\u0142 zezwolenie na podr\u00f3\u017c, jest sprawdzany przez ameryka\u0144skich urz\u0119dnik\u00f3w celnych, gdy podr\u00f3\u017cny przybywa na granic\u0119 USA.<\/p>\t\t\t\t\t\t\t\t<\/div>\n\t\t\t\t<\/div>\n\t\t\t\t\t<\/div>\n\t\t\t\t<\/div>\n\t\t\t\t<\/div>\n\t\t","protected":false},"excerpt":{"rendered":"<p>Formularz online umo\u017cliwiaj\u0105cy uzyskanie zezwolenia ESTA Formalno\u015bci zwi\u0105zane z wjazdem do Stan\u00f3w Zjednoczonych na pobyt kr\u00f3tszy ni\u017c 90 dni mo\u017cna dope\u0142ni\u0107 bezpo\u015brednio online. Nie musisz umawia\u0107 si\u0119 na spotkanie w ameryka\u0144skiej ambasadzie lub konsulacie, aby uzyska\u0107 zezwolenie na podr\u00f3\u017c ESTA. Wype\u0142nij formularz online Formularz online mo\u017cna wype\u0142ni\u0107 w zaledwie kilka minut, je\u015bli wnioskodawca posiada dokumenty [&hellip;]<\/p>\n","protected":false},"author":1,"featured_media":0,"parent":0,"menu_order":0,"comment_status":"closed","ping_status":"closed","template":"","meta":{"footnotes":""},"class_list":["post-202","page","type-page","status-publish","hentry"],"yoast_head":"<!-- This site is optimized with the Yoast SEO plugin v27.4 - https:\/\/yoast.com\/product\/yoast-seo-wordpress\/ -->\n<title>Wype\u0142nij formularz ESTA online - USA B2<\/title>\n<meta name=\"description\" content=\"Wype\u0142nij formularz ESTA online, aby uzyska\u0107 certyfikat podr\u00f3\u017cy do Stan\u00f3w Zjednoczonych w zaledwie kilka minut.\" \/>\n<meta name=\"robots\" content=\"index, follow, max-snippet:-1, max-image-preview:large, max-video-preview:-1\" \/>\n<link rel=\"canonical\" href=\"https:\/\/usa-b2.com\/pl\/formularz-esta-on-line\/\" \/>\n<meta property=\"og:locale\" content=\"pl_PL\" \/>\n<meta property=\"og:type\" content=\"article\" \/>\n<meta property=\"og:title\" content=\"Wype\u0142nij formularz ESTA online - USA B2\" \/>\n<meta property=\"og:description\" content=\"Wype\u0142nij formularz ESTA online, aby uzyska\u0107 certyfikat podr\u00f3\u017cy do Stan\u00f3w Zjednoczonych w zaledwie kilka minut.\" \/>\n<meta property=\"og:url\" content=\"https:\/\/usa-b2.com\/pl\/formularz-esta-on-line\/\" \/>\n<meta property=\"og:site_name\" content=\"USA B2\" \/>\n<meta property=\"article:modified_time\" content=\"2026-04-17T08:31:19+00:00\" \/>\n<meta name=\"twitter:card\" content=\"summary_large_image\" \/>\n<meta name=\"twitter:label1\" content=\"Szacowany czas czytania\" \/>\n\t<meta name=\"twitter:data1\" content=\"2 minuty\" \/>\n<script type=\"application\/ld+json\" class=\"yoast-schema-graph\">{\"@context\":\"https:\\\/\\\/schema.org\",\"@graph\":[{\"@type\":\"WebPage\",\"@id\":\"https:\\\/\\\/usa-b2.com\\\/pl\\\/formularz-esta-on-line\\\/\",\"url\":\"https:\\\/\\\/usa-b2.com\\\/pl\\\/formularz-esta-on-line\\\/\",\"name\":\"Wype\u0142nij formularz ESTA online - USA B2\",\"isPartOf\":{\"@id\":\"https:\\\/\\\/usa-b2.com\\\/pl\\\/#website\"},\"datePublished\":\"2024-02-10T16:58:41+00:00\",\"dateModified\":\"2026-04-17T08:31:19+00:00\",\"description\":\"Wype\u0142nij formularz ESTA online, aby uzyska\u0107 certyfikat podr\u00f3\u017cy do Stan\u00f3w Zjednoczonych w zaledwie kilka minut.\",\"breadcrumb\":{\"@id\":\"https:\\\/\\\/usa-b2.com\\\/pl\\\/formularz-esta-on-line\\\/#breadcrumb\"},\"inLanguage\":\"pl-PL\",\"potentialAction\":[{\"@type\":\"ReadAction\",\"target\":[\"https:\\\/\\\/usa-b2.com\\\/pl\\\/formularz-esta-on-line\\\/\"]}]},{\"@type\":\"BreadcrumbList\",\"@id\":\"https:\\\/\\\/usa-b2.com\\\/pl\\\/formularz-esta-on-line\\\/#breadcrumb\",\"itemListElement\":[{\"@type\":\"ListItem\",\"position\":1,\"name\":\"Accueil\",\"item\":\"https:\\\/\\\/usa-b2.com\\\/pl\\\/usa\\\/\"},{\"@type\":\"ListItem\",\"position\":2,\"name\":\"Wype\u0142nij formularz ESTA online\"}]},{\"@type\":\"WebSite\",\"@id\":\"https:\\\/\\\/usa-b2.com\\\/pl\\\/#website\",\"url\":\"https:\\\/\\\/usa-b2.com\\\/pl\\\/\",\"name\":\"USA B2 VISA\",\"description\":\"\",\"potentialAction\":[{\"@type\":\"SearchAction\",\"target\":{\"@type\":\"EntryPoint\",\"urlTemplate\":\"https:\\\/\\\/usa-b2.com\\\/pl\\\/?s={search_term_string}\"},\"query-input\":{\"@type\":\"PropertyValueSpecification\",\"valueRequired\":true,\"valueName\":\"search_term_string\"}}],\"inLanguage\":\"pl-PL\"}]}<\/script>\n<!-- \/ Yoast SEO plugin. -->","yoast_head_json":{"title":"Wype\u0142nij formularz ESTA online - USA B2","description":"Wype\u0142nij formularz ESTA online, aby uzyska\u0107 certyfikat podr\u00f3\u017cy do Stan\u00f3w Zjednoczonych w zaledwie kilka minut.","robots":{"index":"index","follow":"follow","max-snippet":"max-snippet:-1","max-image-preview":"max-image-preview:large","max-video-preview":"max-video-preview:-1"},"canonical":"https:\/\/usa-b2.com\/pl\/formularz-esta-on-line\/","og_locale":"pl_PL","og_type":"article","og_title":"Wype\u0142nij formularz ESTA online - USA B2","og_description":"Wype\u0142nij formularz ESTA online, aby uzyska\u0107 certyfikat podr\u00f3\u017cy do Stan\u00f3w Zjednoczonych w zaledwie kilka minut.","og_url":"https:\/\/usa-b2.com\/pl\/formularz-esta-on-line\/","og_site_name":"USA B2","article_modified_time":"2026-04-17T08:31:19+00:00","twitter_card":"summary_large_image","twitter_misc":{"Szacowany czas czytania":"2 minuty"},"schema":{"@context":"https:\/\/schema.org","@graph":[{"@type":"WebPage","@id":"https:\/\/usa-b2.com\/pl\/formularz-esta-on-line\/","url":"https:\/\/usa-b2.com\/pl\/formularz-esta-on-line\/","name":"Wype\u0142nij formularz ESTA online - USA B2","isPartOf":{"@id":"https:\/\/usa-b2.com\/pl\/#website"},"datePublished":"2024-02-10T16:58:41+00:00","dateModified":"2026-04-17T08:31:19+00:00","description":"Wype\u0142nij formularz ESTA online, aby uzyska\u0107 certyfikat podr\u00f3\u017cy do Stan\u00f3w Zjednoczonych w zaledwie kilka minut.","breadcrumb":{"@id":"https:\/\/usa-b2.com\/pl\/formularz-esta-on-line\/#breadcrumb"},"inLanguage":"pl-PL","potentialAction":[{"@type":"ReadAction","target":["https:\/\/usa-b2.com\/pl\/formularz-esta-on-line\/"]}]},{"@type":"BreadcrumbList","@id":"https:\/\/usa-b2.com\/pl\/formularz-esta-on-line\/#breadcrumb","itemListElement":[{"@type":"ListItem","position":1,"name":"Accueil","item":"https:\/\/usa-b2.com\/pl\/usa\/"},{"@type":"ListItem","position":2,"name":"Wype\u0142nij formularz ESTA online"}]},{"@type":"WebSite","@id":"https:\/\/usa-b2.com\/pl\/#website","url":"https:\/\/usa-b2.com\/pl\/","name":"USA B2 VISA","description":"","potentialAction":[{"@type":"SearchAction","target":{"@type":"EntryPoint","urlTemplate":"https:\/\/usa-b2.com\/pl\/?s={search_term_string}"},"query-input":{"@type":"PropertyValueSpecification","valueRequired":true,"valueName":"search_term_string"}}],"inLanguage":"pl-PL"}]}},"_links":{"self":[{"href":"https:\/\/usa-b2.com\/pl\/wp-json\/wp\/v2\/pages\/202","targetHints":{"allow":["GET"]}}],"collection":[{"href":"https:\/\/usa-b2.com\/pl\/wp-json\/wp\/v2\/pages"}],"about":[{"href":"https:\/\/usa-b2.com\/pl\/wp-json\/wp\/v2\/types\/page"}],"author":[{"embeddable":true,"href":"https:\/\/usa-b2.com\/pl\/wp-json\/wp\/v2\/users\/1"}],"replies":[{"embeddable":true,"href":"https:\/\/usa-b2.com\/pl\/wp-json\/wp\/v2\/comments?post=202"}],"version-history":[{"count":3,"href":"https:\/\/usa-b2.com\/pl\/wp-json\/wp\/v2\/pages\/202\/revisions"}],"predecessor-version":[{"id":11344,"href":"https:\/\/usa-b2.com\/pl\/wp-json\/wp\/v2\/pages\/202\/revisions\/11344"}],"wp:attachment":[{"href":"https:\/\/usa-b2.com\/pl\/wp-json\/wp\/v2\/media?parent=202"}],"curies":[{"name":"wp","href":"https:\/\/api.w.org\/{rel}","templated":true}]}}