{"id":160,"date":"2024-02-10T17:03:04","date_gmt":"2024-02-10T17:03:04","guid":{"rendered":"https:\/\/usa-b2.com\/contact\/"},"modified":"2025-02-06T10:16:09","modified_gmt":"2025-02-06T10:16:09","slug":"contact","status":"publish","type":"page","link":"https:\/\/usa-b2.com\/pl\/contact\/","title":{"rendered":"Skontaktuj si\u0119 z nami"},"content":{"rendered":"\n<h1 class=\"wp-block-heading\">Formularz kontaktowy<\/h1>\n\n<p>Jeste\u015bmy prywatnym serwisem informacyjnym, kt\u00f3rego celem jest dostarczanie informacji u\u017cytkownikom Internetu. Nie oferujemy \u017cadnych us\u0142ug komercyjnych. Nie podejmujemy \u017cadnych krok\u00f3w w celu uzyskania wiz lub dokument\u00f3w podr\u00f3\u017cy. Nie zapewniamy \u017cadnych us\u0142ug online ani procedur administracyjnych.   <\/p>\n\n<p>Nie jeste\u015bmy w \u017caden spos\u00f3b powi\u0105zani z administracj\u0105 USA lub jak\u0105kolwiek inn\u0105 administracj\u0105. Nie jeste\u015bmy w stanie zapewni\u0107 wsparcia dla procedury przeprowadzanej na oficjalnej stronie internetowej lub prywatnej stronie internetowej zapewniaj\u0105cej pomoc w formalno\u015bciach administracyjnych. <\/p>\n\n<p>Nasza strona internetowa zawiera r\u00f3\u017cne hiper\u0142\u0105cza do stron internetowych os\u00f3b trzecich. Nie mamy powi\u0105za\u0144 ani kontroli nad tymi witrynami i nie ponosimy odpowiedzialno\u015bci za ich polityk\u0119 prywatno\u015bci lub praktyki handlowe.<\/p>\n<div class=\"wpforms-container wpforms-container-full wpforms-block wpforms-block-c2a04158-baa2-417a-b99e-abcdb5e92a62 wpforms-render-modern\" id=\"wpforms-1842\"><form id=\"wpforms-form-1842\" class=\"wpforms-validate wpforms-form wpforms-ajax-form\" data-formid=\"1842\" method=\"post\" enctype=\"multipart\/form-data\" action=\"\/pl\/wp-json\/wp\/v2\/pages\/160\" data-token=\"303d8b0098b818336b9b03a1b922b76b\" data-token-time=\"1778452973\"><noscript class=\"wpforms-error-noscript\">Aby wype\u0142ni\u0107 ten formularz, w\u0142\u0105cz obs\u0142ug\u0119 JavaScript w przegl\u0105darce.<\/noscript><div id=\"wpforms-error-noscript\" style=\"display: none;\">Aby wype\u0142ni\u0107 ten formularz, w\u0142\u0105cz obs\u0142ug\u0119 JavaScript w przegl\u0105darce.<\/div><div class=\"wpforms-field-container\"><div id=\"wpforms-1842-field_0-container\" class=\"wpforms-field wpforms-field-name\" data-field-id=\"0\"><label class=\"wpforms-field-label\" for=\"wpforms-1842-field_0\">Nom <span class=\"wpforms-required-label\" aria-hidden=\"true\">*<\/span><\/label><input type=\"text\" id=\"wpforms-1842-field_0\" class=\"wpforms-field-medium wpforms-field-required\" name=\"wpforms[fields][0]\" aria-errormessage=\"wpforms-1842-field_0-error\" required><\/div><div id=\"wpforms-1842-field_1-container\" class=\"wpforms-field wpforms-field-email\" data-field-id=\"1\"><label class=\"wpforms-field-label\" for=\"wpforms-1842-field_1\">E-mail <span class=\"wpforms-required-label\" aria-hidden=\"true\">*<\/span><\/label><input type=\"email\" id=\"wpforms-1842-field_1\" class=\"wpforms-field-medium wpforms-field-required\" name=\"wpforms[fields][1]\" spellcheck=\"false\" aria-errormessage=\"wpforms-1842-field_1-error\" required><\/div><div id=\"wpforms-1842-field_2-container\" class=\"wpforms-field wpforms-field-textarea\" data-field-id=\"2\"><label class=\"wpforms-field-label\" for=\"wpforms-1842-field_2\">Message<\/label><textarea id=\"wpforms-1842-field_2\" class=\"wpforms-field-medium\" name=\"wpforms[fields][2]\" aria-errormessage=\"wpforms-1842-field_2-error\" ><\/textarea><\/div><\/div><!-- .wpforms-field-container --><div class=\"wpforms-submit-container\" ><input type=\"hidden\" name=\"wpforms[id]\" value=\"1842\"><input type=\"hidden\" name=\"page_title\" value=\"\"><input type=\"hidden\" name=\"page_url\" value=\"https:\/\/usa-b2.com\/pl\/wp-json\/wp\/v2\/pages\/160\"><input type=\"hidden\" name=\"url_referer\" value=\"\"><button type=\"submit\" name=\"wpforms[submit]\" id=\"wpforms-submit-1842\" class=\"wpforms-submit\" data-alt-text=\"in progress...\" data-submit-text=\"OK\" aria-live=\"assertive\" value=\"wpforms-submit\">OK<\/button><img decoding=\"async\" src=\"https:\/\/usa-b2.com\/wp-content\/plugins\/wpforms-lite\/assets\/images\/submit-spin.svg\" class=\"wpforms-submit-spinner\" style=\"display: none;\" width=\"26\" height=\"26\" alt=\"Wczytywanie\"><\/div><\/form><\/div>  <!-- .wpforms-container -->","protected":false},"excerpt":{"rendered":"<p>Formularz kontaktowy Jeste\u015bmy prywatnym serwisem informacyjnym, kt\u00f3rego celem jest dostarczanie informacji u\u017cytkownikom Internetu. Nie oferujemy \u017cadnych us\u0142ug komercyjnych. Nie podejmujemy \u017cadnych krok\u00f3w w celu uzyskania wiz lub dokument\u00f3w podr\u00f3\u017cy. Nie zapewniamy \u017cadnych us\u0142ug online ani procedur administracyjnych. Nie jeste\u015bmy w \u017caden spos\u00f3b powi\u0105zani z administracj\u0105 USA lub jak\u0105kolwiek inn\u0105 administracj\u0105. Nie jeste\u015bmy w stanie zapewni\u0107 [&hellip;]<\/p>\n","protected":false},"author":1,"featured_media":0,"parent":0,"menu_order":0,"comment_status":"closed","ping_status":"closed","template":"","meta":{"footnotes":""},"class_list":["post-160","page","type-page","status-publish","hentry"],"yoast_head":"<!-- This site is optimized with the Yoast SEO plugin v27.4 - https:\/\/yoast.com\/product\/yoast-seo-wordpress\/ -->\n<title>Skontaktuj si\u0119 z nami - USA B2<\/title>\n<meta name=\"description\" content=\"Formularz kontaktowy na stronie internetowej do bezpo\u015bredniego kontaktu z nami.\" \/>\n<meta name=\"robots\" content=\"index, follow, max-snippet:-1, max-image-preview:large, max-video-preview:-1\" \/>\n<link rel=\"canonical\" href=\"https:\/\/usa-b2.com\/pl\/contact\/\" \/>\n<meta property=\"og:locale\" content=\"pl_PL\" \/>\n<meta property=\"og:type\" content=\"article\" \/>\n<meta property=\"og:title\" content=\"Skontaktuj si\u0119 z nami - USA B2\" \/>\n<meta property=\"og:description\" content=\"Formularz kontaktowy na stronie internetowej do bezpo\u015bredniego kontaktu z nami.\" \/>\n<meta property=\"og:url\" content=\"https:\/\/usa-b2.com\/pl\/contact\/\" \/>\n<meta property=\"og:site_name\" content=\"USA B2\" \/>\n<meta property=\"article:modified_time\" content=\"2025-02-06T10:16:09+00:00\" \/>\n<meta name=\"twitter:card\" content=\"summary_large_image\" \/>\n<meta name=\"twitter:label1\" content=\"Szacowany czas czytania\" \/>\n\t<meta name=\"twitter:data1\" content=\"1 minuta\" \/>\n<script type=\"application\/ld+json\" class=\"yoast-schema-graph\">{\"@context\":\"https:\\\/\\\/schema.org\",\"@graph\":[{\"@type\":\"WebPage\",\"@id\":\"https:\\\/\\\/usa-b2.com\\\/pl\\\/contact\\\/\",\"url\":\"https:\\\/\\\/usa-b2.com\\\/pl\\\/contact\\\/\",\"name\":\"Skontaktuj si\u0119 z nami - USA B2\",\"isPartOf\":{\"@id\":\"https:\\\/\\\/usa-b2.com\\\/pl\\\/#website\"},\"datePublished\":\"2024-02-10T17:03:04+00:00\",\"dateModified\":\"2025-02-06T10:16:09+00:00\",\"description\":\"Formularz kontaktowy na stronie internetowej do bezpo\u015bredniego kontaktu z nami.\",\"breadcrumb\":{\"@id\":\"https:\\\/\\\/usa-b2.com\\\/pl\\\/contact\\\/#breadcrumb\"},\"inLanguage\":\"pl-PL\",\"potentialAction\":[{\"@type\":\"ReadAction\",\"target\":[\"https:\\\/\\\/usa-b2.com\\\/pl\\\/contact\\\/\"]}]},{\"@type\":\"BreadcrumbList\",\"@id\":\"https:\\\/\\\/usa-b2.com\\\/pl\\\/contact\\\/#breadcrumb\",\"itemListElement\":[{\"@type\":\"ListItem\",\"position\":1,\"name\":\"Accueil\",\"item\":\"https:\\\/\\\/usa-b2.com\\\/pl\\\/usa\\\/\"},{\"@type\":\"ListItem\",\"position\":2,\"name\":\"Skontaktuj si\u0119 z nami\"}]},{\"@type\":\"WebSite\",\"@id\":\"https:\\\/\\\/usa-b2.com\\\/pl\\\/#website\",\"url\":\"https:\\\/\\\/usa-b2.com\\\/pl\\\/\",\"name\":\"USA B2 VISA\",\"description\":\"\",\"potentialAction\":[{\"@type\":\"SearchAction\",\"target\":{\"@type\":\"EntryPoint\",\"urlTemplate\":\"https:\\\/\\\/usa-b2.com\\\/pl\\\/?s={search_term_string}\"},\"query-input\":{\"@type\":\"PropertyValueSpecification\",\"valueRequired\":true,\"valueName\":\"search_term_string\"}}],\"inLanguage\":\"pl-PL\"}]}<\/script>\n<!-- \/ Yoast SEO plugin. -->","yoast_head_json":{"title":"Skontaktuj si\u0119 z nami - USA B2","description":"Formularz kontaktowy na stronie internetowej do bezpo\u015bredniego kontaktu z nami.","robots":{"index":"index","follow":"follow","max-snippet":"max-snippet:-1","max-image-preview":"max-image-preview:large","max-video-preview":"max-video-preview:-1"},"canonical":"https:\/\/usa-b2.com\/pl\/contact\/","og_locale":"pl_PL","og_type":"article","og_title":"Skontaktuj si\u0119 z nami - USA B2","og_description":"Formularz kontaktowy na stronie internetowej do bezpo\u015bredniego kontaktu z nami.","og_url":"https:\/\/usa-b2.com\/pl\/contact\/","og_site_name":"USA B2","article_modified_time":"2025-02-06T10:16:09+00:00","twitter_card":"summary_large_image","twitter_misc":{"Szacowany czas czytania":"1 minuta"},"schema":{"@context":"https:\/\/schema.org","@graph":[{"@type":"WebPage","@id":"https:\/\/usa-b2.com\/pl\/contact\/","url":"https:\/\/usa-b2.com\/pl\/contact\/","name":"Skontaktuj si\u0119 z nami - USA B2","isPartOf":{"@id":"https:\/\/usa-b2.com\/pl\/#website"},"datePublished":"2024-02-10T17:03:04+00:00","dateModified":"2025-02-06T10:16:09+00:00","description":"Formularz kontaktowy na stronie internetowej do bezpo\u015bredniego kontaktu z nami.","breadcrumb":{"@id":"https:\/\/usa-b2.com\/pl\/contact\/#breadcrumb"},"inLanguage":"pl-PL","potentialAction":[{"@type":"ReadAction","target":["https:\/\/usa-b2.com\/pl\/contact\/"]}]},{"@type":"BreadcrumbList","@id":"https:\/\/usa-b2.com\/pl\/contact\/#breadcrumb","itemListElement":[{"@type":"ListItem","position":1,"name":"Accueil","item":"https:\/\/usa-b2.com\/pl\/usa\/"},{"@type":"ListItem","position":2,"name":"Skontaktuj si\u0119 z nami"}]},{"@type":"WebSite","@id":"https:\/\/usa-b2.com\/pl\/#website","url":"https:\/\/usa-b2.com\/pl\/","name":"USA B2 VISA","description":"","potentialAction":[{"@type":"SearchAction","target":{"@type":"EntryPoint","urlTemplate":"https:\/\/usa-b2.com\/pl\/?s={search_term_string}"},"query-input":{"@type":"PropertyValueSpecification","valueRequired":true,"valueName":"search_term_string"}}],"inLanguage":"pl-PL"}]}},"_links":{"self":[{"href":"https:\/\/usa-b2.com\/pl\/wp-json\/wp\/v2\/pages\/160","targetHints":{"allow":["GET"]}}],"collection":[{"href":"https:\/\/usa-b2.com\/pl\/wp-json\/wp\/v2\/pages"}],"about":[{"href":"https:\/\/usa-b2.com\/pl\/wp-json\/wp\/v2\/types\/page"}],"author":[{"embeddable":true,"href":"https:\/\/usa-b2.com\/pl\/wp-json\/wp\/v2\/users\/1"}],"replies":[{"embeddable":true,"href":"https:\/\/usa-b2.com\/pl\/wp-json\/wp\/v2\/comments?post=160"}],"version-history":[{"count":0,"href":"https:\/\/usa-b2.com\/pl\/wp-json\/wp\/v2\/pages\/160\/revisions"}],"wp:attachment":[{"href":"https:\/\/usa-b2.com\/pl\/wp-json\/wp\/v2\/media?parent=160"}],"curies":[{"name":"wp","href":"https:\/\/api.w.org\/{rel}","templated":true}]}}