{"id":1447,"date":"2024-02-27T10:25:43","date_gmt":"2024-02-27T10:25:43","guid":{"rendered":"https:\/\/usa-b2.com\/procedura-wize-b2\/"},"modified":"2025-02-06T10:08:39","modified_gmt":"2025-02-06T10:08:39","slug":"procedura-wize-b2","status":"publish","type":"page","link":"https:\/\/usa-b2.com\/pl\/procedura-wize-b2\/","title":{"rendered":"Procedura ubiegania si\u0119 o wiz\u0119 B2"},"content":{"rendered":"\n<h1 class=\"wp-block-heading\">Kroki ubiegania si\u0119 o wiz\u0119 B2<\/h1>\n\n<p>Proces ubiegania si\u0119 o wiz\u0119 B2 obejmuje szereg krok\u00f3w, kt\u00f3re s\u0105 wype\u0142niane online. Procedura ko\u0144czy si\u0119 rozmow\u0105 w ameryka\u0144skiej ambasadzie lub konsulacie w kraju zamieszkania wnioskodawcy. <\/p>\n\n<h2 class=\"wp-block-heading\" id=\"h-demande-de-visa-touristique-usa\">Jak ubiega\u0107 si\u0119 o wiz\u0119 B2?<\/h2>\n\n<p>Aby <a href=\"https:\/\/usa-b2.com\/pl\/formularz-wizowy-b2-online\/\">ubiega\u0107 si\u0119 o wiz\u0119 turystyczn\u0105 B2<\/a> do Stan\u00f3w Zjednoczonych, wnioskodawcy musz\u0105 wykona\u0107 nast\u0119puj\u0105ce kroki:<\/p>\n\n<ol class=\"wp-block-list\">\n<li>Wype\u0142nij <a href=\"https:\/\/usa-b2.com\/pl\/ds-160\/\">formularz DS-160<\/a> online;<\/li>\n\n\n\n<li>Ui\u015bci\u0107 op\u0142at\u0119 wizow\u0105 w celu zatwierdzenia wniosku;<\/li>\n\n\n\n<li>Um\u00f3w si\u0119 na spotkanie w sprawie wizy w <a href=\"https:\/\/usa-b2.com\/pl\/ambasada-usa\/\">ambasadzie ameryka\u0144skiej<\/a>;<\/li>\n\n\n\n<li>Przygotuj rozmow\u0119 kwalifikacyjn\u0105 i zbierz dokumenty uzupe\u0142niaj\u0105ce;<\/li>\n\n\n\n<li>We\u017a udzia\u0142 w rozmowie z urz\u0119dnikiem konsularnym w celu sfinalizowania wniosku wizowego.<\/li>\n<\/ol>\n\n<p>Je\u015bli osoba ubiegaj\u0105ca si\u0119 o wiz\u0119 jest obywatelem kraju cz\u0142onkowskiego <a href=\"https:\/\/usa-b2.com\/pl\/program-zniesienia-wizy\/\">Visa Waiver Program<\/a>, nie jest konieczne uzyskanie wizy na pobyt kr\u00f3tszy ni\u017c 90 dni w Stanach Zjednoczonych. <strong>Mog\u0105 oni po prostu uzyska\u0107 certyfikat ESTA<\/strong>, klikaj\u0105c <a href=\"https:\/\/usa-b2.com\/pl\/formularz-esta-on-line\/\">internetowy formularz ESTA<\/a>.<\/p>\n\n<div style=\"height:10px\" aria-hidden=\"true\" class=\"wp-block-spacer\"><\/div>\n\n<h3 class=\"wp-block-heading\" id=\"h-soumettre-le-formulaire-ds-160\">Wype\u0142niony formularz wniosku wizowego DS-160<\/h3>\n\n<p>Procedura ubiegania si\u0119 o wiz\u0119 rozpoczyna si\u0119 online. Kandydaci musz\u0105 wype\u0142ni\u0107 <a href=\"https:\/\/usa-b2.com\/pl\/ds-160\/\">formularz DS-160<\/a>, aby rozpocz\u0105\u0107 sk\u0142adanie wniosku na stronie internetowej Departamentu Stanu USA. Na pocz\u0105tku procesu online wnioskodawcy otrzymuj\u0105 numer akt, kt\u00f3ry musz\u0105 zachowa\u0107. Numer pliku wygl\u0105da nast\u0119puj\u0105co:   <\/p>\n\n<figure class=\"wp-block-image size-full\"><img fetchpriority=\"high\" decoding=\"async\" width=\"562\" height=\"274\" src=\"https:\/\/usa-b2.com\/wp-content\/uploads\/2024\/02\/ID-b2-visa-application.webp\" alt=\"\" class=\"wp-image-1426\" srcset=\"https:\/\/usa-b2.com\/wp-content\/uploads\/2024\/02\/ID-b2-visa-application.webp 562w, https:\/\/usa-b2.com\/wp-content\/uploads\/2024\/02\/ID-b2-visa-application-300x146.webp 300w\" sizes=\"(max-width: 562px) 100vw, 562px\" \/><figcaption class=\"wp-element-caption\">Identyfikacja wniosku wizowego online<\/figcaption><\/figure>\n\n<p>Kandydaci musz\u0105 nast\u0119pnie wype\u0142ni\u0107 formularz online. Jest on podzielony na kilka sekcji obejmuj\u0105cych nast\u0119puj\u0105ce informacje: <\/p>\n\n<ul class=\"wp-block-list\">\n<li>Dane osobowe kandydata<\/li>\n\n\n\n<li>Informacje o planowanej podr\u00f3\u017cy<\/li>\n\n\n\n<li>Przedstawianie innych podr\u00f3\u017cnych<\/li>\n\n\n\n<li>Opis poprzednich podr\u00f3\u017cy do USA<\/li>\n\n\n\n<li>Osobisty adres i telefon<\/li>\n\n\n\n<li>Informacje o <a href=\"https:\/\/usa-b2.com\/pl\/podroz-paszportowa-usa\/\">paszporcie dla USA<\/a><\/li>\n\n\n\n<li>Kontakty w Stanach Zjednoczonych<\/li>\n\n\n\n<li>Sytuacja rodzinna<\/li>\n\n\n\n<li>Zatrudnienie, edukacja i szkolenia<\/li>\n\n\n\n<li>Bezpiecze\u0144stwo i \u015brodowisko<\/li>\n<\/ul>\n\n<p>Po wype\u0142nieniu formularza wnioskodawca mo\u017ce z\u0142o\u017cy\u0107 wniosek. Na stronie potwierdzenia zostanie wy\u015bwietlony osobisty kod przydzielony wnioskodawcy w celu za\u0142\u0105czenia dokument\u00f3w uzupe\u0142niaj\u0105cych. <\/p>\n\n<h3 class=\"wp-block-heading\">Uiszczenie op\u0142aty wizowej w celu zatwierdzenia wniosku wizowego<\/h3>\n\n<p><a href=\"https:\/\/usa-b2.com\/pl\/oplaty-wiza-b2\/\">Op\u0142ata za wiz\u0119 B2<\/a> wynosi 185 USD. Kwota ta zosta\u0142a zwi\u0119kszona w 2023 roku. Aby zatwierdzi\u0107 wniosek wizowy online, wnioskodawcy musz\u0105 ui\u015bci\u0107 op\u0142aty natychmiast po zarejestrowaniu wniosku wizowego.<\/p>\n\n<p>Op\u0142aty wizowe mog\u0105 by\u0107 uiszczane na r\u00f3\u017cne sposoby:<\/p>\n\n<ul class=\"wp-block-list\">\n<li>P\u0142atno\u015b\u0107 online kart\u0105 kredytow\u0105<\/li>\n\n\n\n<li>Uiszczenie op\u0142at przelewem bankowym\u200b<\/li>\n\n\n\n<li>P\u0142atno\u015b\u0107 za pomoc\u0105 dowodu wp\u0142aty got\u00f3wkowej w banku akredytowanym w USA<\/li>\n<\/ul>\n\n<p>Kwota jest wyra\u017cona w dolarach, ale zostanie automatycznie przeliczona na lokaln\u0105 walut\u0119 kandydata przez jego bank. Dow\u00f3d wp\u0142aty nale\u017cy zachowa\u0107 i do\u0142\u0105czy\u0107 do dokument\u00f3w, kt\u00f3re nale\u017cy przedstawi\u0107 podczas <a href=\"https:\/\/usa-b2.com\/pl\/spotkanie-wizowe-ambasadzie-usa\/\">wizyty wizowej w ambasadzie<\/a>. <\/p>\n\n<h3 class=\"wp-block-heading\">Um\u00f3w si\u0119 na rozmow\u0119 z ameryka\u0144skim urz\u0119dnikiem konsularnym<\/h3>\n\n<p>Po uiszczeniu op\u0142aty wizowej wnioskodawca musi um\u00f3wi\u0107 si\u0119 na spotkanie w ambasadzie lub konsulacie USA w swoim kraju zamieszkania. Kandydaci musz\u0105 przej\u015b\u0107 rozmow\u0119 z urz\u0119dnikiem konsularnym w ameryka\u0144skiej ambasadzie lub konsulacie na miejscu.   <\/p>\n\n<p>Spotkania mo\u017cna umawia\u0107 online za po\u015brednictwem strony internetowej <a href=\"https:\/\/www.uscis.gov\/\">USCIS<\/a>. Kandydaci wybieraj\u0105 spo\u015br\u00f3d dost\u0119pnych dat i godzin opublikowanych online. Og\u00f3lnie rzecz bior\u0105c, ambasady organizuj\u0105 rozmowy kwalifikacyjne w godzinach porannych od poniedzia\u0142ku do pi\u0105tku.<\/p>\n\n<p>Rozmowa ta jest ostatnim etapem uzyskiwania wizy, a poni\u017cej wyja\u015bnimy bardziej szczeg\u00f3\u0142owo, jak to dzia\u0142a. Po um\u00f3wieniu si\u0119 na <a href=\"https:\/\/usa-b2.com\/pl\/spotkanie-wizowe-ambasadzie-usa\/\">rozmow\u0119 wizow\u0105 w ambasadzie<\/a>, wnioskodawca musi przygotowa\u0107 dokumenty, kt\u00f3re zostan\u0105 z\u0142o\u017cone w dniu spotkania. <\/p>\n\n<h3 class=\"wp-block-heading\">Przygotowanie do spotkania w sprawie wniosku wizowego<\/h3>\n\n<p>Kandydaci musz\u0105 przygotowa\u0107 si\u0119 na spotkanie, kt\u00f3re sfinalizuje ich wniosek wizowy. Przygotowanie to obejmuje dwa g\u0142\u00f3wne zadania: <\/p>\n\n<ul class=\"wp-block-list\">\n<li>Przeprowadzi\u0107 badanie lekarskie;<\/li>\n\n\n\n<li>Zbierz dokumenty uzupe\u0142niaj\u0105ce do wniosku wizowego.<\/li>\n<\/ul>\n\n<p>Plik dokument\u00f3w uzupe\u0142niaj\u0105cych, kt\u00f3re nale\u017cy przygotowa\u0107 na spotkanie, zawiera wszystkie oryginalne dokumenty uzasadniaj\u0105ce wniosek wizowy. Dokumenty te nale\u017cy przedstawi\u0107 podczas rozmowy kwalifikacyjnej. <\/p>\n\n<p><strong>Oto lista dokument\u00f3w wymaganych do ubiegania si\u0119 o wiz\u0119 B2<\/strong><\/p>\n\n<ul class=\"wp-block-list\">\n<li>Dow\u00f3d uiszczenia op\u0142aty <a href=\"https:\/\/usa-b2.com\/pl\/oplaty-wiza-b2\/\">wizowej<\/a>;<\/li>\n\n\n\n<li>Osobisty kod identyfikacyjny uzyskany podczas uruchamiania formularza DS-160;<\/li>\n\n\n\n<li>Wydrukowane potwierdzenie spotkania<\/li>\n\n\n\n<li>Zdj\u0119cie spe\u0142niaj\u0105ce wymogi wizy B2;<\/li>\n\n\n\n<li>Osobisty list opisuj\u0105cy pow\u00f3d pobytu w USA;<\/li>\n\n\n\n<li>Dow\u00f3d finansowania pobytu w Stanach Zjednoczonych;<\/li>\n\n\n\n<li>Dokumenty ilustruj\u0105ce wi\u0119zi wnioskodawcy z krajem pochodzenia i potwierdzaj\u0105ce, \u017ce powr\u00f3ci on do swojego kraju po zako\u0144czeniu pobytu;<\/li>\n\n\n\n<li>Za\u015bwiadczenie o niekaralno\u015bci lub za\u015bwiadczenie od w\u0142adz o niekaralno\u015bci.<\/li>\n<\/ul>\n\n<div style=\"height:10px\" aria-hidden=\"true\" class=\"wp-block-spacer\"><\/div>\n\n<h3 class=\"wp-block-heading\">Udzia\u0142 w rozmowie kwalifikacyjnej w ambasadzie USA<\/h3>\n\n<p>Kandydaci powinni przyby\u0107 do ambasady z dodatkowymi 15 minutami na kontrole bezpiecze\u0144stwa przed um\u00f3wionym terminem spotkania. Po przej\u015bciu przez kontrol\u0119 bezpiecze\u0144stwa, pobierane s\u0105 od nich odciski palc\u00f3w i zabierani s\u0105 do poczekalni na wizyt\u0119. <\/p>\n\n<p>Rozmowa kwalifikacyjna trwa oko\u0142o 15 minut i zazwyczaj prowadzona jest w j\u0119zyku angielskim. Wymiana mo\u017ce odbywa\u0107 si\u0119 w j\u0119zyku lokalnym, je\u015bli urz\u0119dnik ambasady p\u0142ynnie pos\u0142uguje si\u0119 tym j\u0119zykiem. Podczas wywiadu analizowane s\u0105 nast\u0119puj\u0105ce tematy:  <\/p>\n\n<ul class=\"wp-block-list\">\n<li>Dlaczego odwiedzasz Stany Zjednoczone?<\/li>\n\n\n\n<li>Jaki b\u0119dzie plan podr\u00f3\u017cy i zakwaterowanie?<\/li>\n\n\n\n<li>Jak zostan\u0105 sfinansowane ca\u0142e wakacje?<\/li>\n<\/ul>\n\n<p>Pod koniec rozmowy urz\u0119dnik konsularny poinformuje, czy wiza zosta\u0142a przyznana. Ostemplowany paszport z <a href=\"https:\/\/usa-b2.com\/pl\/\">wiz\u0105 B2<\/a> zostanie wys\u0142any poczt\u0105 wkr\u00f3tce potem. <\/p>\n\n<p><\/p>\n","protected":false},"excerpt":{"rendered":"<p>Kroki ubiegania si\u0119 o wiz\u0119 B2 Proces ubiegania si\u0119 o wiz\u0119 B2 obejmuje szereg krok\u00f3w, kt\u00f3re s\u0105 wype\u0142niane online. Procedura ko\u0144czy si\u0119 rozmow\u0105 w ameryka\u0144skiej ambasadzie lub konsulacie w kraju zamieszkania wnioskodawcy. Jak ubiega\u0107 si\u0119 o wiz\u0119 B2? Aby ubiega\u0107 si\u0119 o wiz\u0119 turystyczn\u0105 B2 do Stan\u00f3w Zjednoczonych, wnioskodawcy musz\u0105 wykona\u0107 nast\u0119puj\u0105ce kroki: Je\u015bli osoba [&hellip;]<\/p>\n","protected":false},"author":1,"featured_media":0,"parent":0,"menu_order":0,"comment_status":"closed","ping_status":"closed","template":"","meta":{"footnotes":""},"class_list":["post-1447","page","type-page","status-publish","hentry"],"yoast_head":"<!-- This site is optimized with the Yoast SEO plugin v27.4 - https:\/\/yoast.com\/product\/yoast-seo-wordpress\/ -->\n<title>Procedura ubiegania si\u0119 o wiz\u0119 B2 - USA B2<\/title>\n<meta name=\"description\" content=\"Jak ubiega\u0107 si\u0119 o wiz\u0119 B2 online? Procedura jest szczeg\u00f3\u0142owa i obejmuje kilka etap\u00f3w.\" \/>\n<meta name=\"robots\" content=\"index, follow, max-snippet:-1, max-image-preview:large, max-video-preview:-1\" \/>\n<link rel=\"canonical\" href=\"https:\/\/usa-b2.com\/pl\/procedura-wize-b2\/\" \/>\n<meta property=\"og:locale\" content=\"pl_PL\" \/>\n<meta property=\"og:type\" content=\"article\" \/>\n<meta property=\"og:title\" content=\"Procedura ubiegania si\u0119 o wiz\u0119 B2 - USA B2\" \/>\n<meta property=\"og:description\" content=\"Jak ubiega\u0107 si\u0119 o wiz\u0119 B2 online? Procedura jest szczeg\u00f3\u0142owa i obejmuje kilka etap\u00f3w.\" \/>\n<meta property=\"og:url\" content=\"https:\/\/usa-b2.com\/pl\/procedura-wize-b2\/\" \/>\n<meta property=\"og:site_name\" content=\"USA B2\" \/>\n<meta property=\"article:modified_time\" content=\"2025-02-06T10:08:39+00:00\" \/>\n<meta property=\"og:image\" content=\"https:\/\/usa-b2.com\/wp-content\/uploads\/2024\/02\/ID-b2-visa-application.webp\" \/>\n\t<meta property=\"og:image:width\" content=\"562\" \/>\n\t<meta property=\"og:image:height\" content=\"274\" \/>\n\t<meta property=\"og:image:type\" content=\"image\/webp\" \/>\n<meta name=\"twitter:card\" content=\"summary_large_image\" \/>\n<meta name=\"twitter:label1\" content=\"Szacowany czas czytania\" \/>\n\t<meta name=\"twitter:data1\" content=\"4 minuty\" \/>\n<script type=\"application\/ld+json\" class=\"yoast-schema-graph\">{\"@context\":\"https:\\\/\\\/schema.org\",\"@graph\":[{\"@type\":\"WebPage\",\"@id\":\"https:\\\/\\\/usa-b2.com\\\/pl\\\/procedura-wize-b2\\\/\",\"url\":\"https:\\\/\\\/usa-b2.com\\\/pl\\\/procedura-wize-b2\\\/\",\"name\":\"Procedura ubiegania si\u0119 o wiz\u0119 B2 - USA B2\",\"isPartOf\":{\"@id\":\"https:\\\/\\\/usa-b2.com\\\/pl\\\/#website\"},\"primaryImageOfPage\":{\"@id\":\"https:\\\/\\\/usa-b2.com\\\/pl\\\/procedura-wize-b2\\\/#primaryimage\"},\"image\":{\"@id\":\"https:\\\/\\\/usa-b2.com\\\/pl\\\/procedura-wize-b2\\\/#primaryimage\"},\"thumbnailUrl\":\"https:\\\/\\\/usa-b2.com\\\/wp-content\\\/uploads\\\/2024\\\/02\\\/ID-b2-visa-application.webp\",\"datePublished\":\"2024-02-27T10:25:43+00:00\",\"dateModified\":\"2025-02-06T10:08:39+00:00\",\"description\":\"Jak ubiega\u0107 si\u0119 o wiz\u0119 B2 online? Procedura jest szczeg\u00f3\u0142owa i obejmuje kilka etap\u00f3w.\",\"breadcrumb\":{\"@id\":\"https:\\\/\\\/usa-b2.com\\\/pl\\\/procedura-wize-b2\\\/#breadcrumb\"},\"inLanguage\":\"pl-PL\",\"potentialAction\":[{\"@type\":\"ReadAction\",\"target\":[\"https:\\\/\\\/usa-b2.com\\\/pl\\\/procedura-wize-b2\\\/\"]}]},{\"@type\":\"ImageObject\",\"inLanguage\":\"pl-PL\",\"@id\":\"https:\\\/\\\/usa-b2.com\\\/pl\\\/procedura-wize-b2\\\/#primaryimage\",\"url\":\"https:\\\/\\\/usa-b2.com\\\/wp-content\\\/uploads\\\/2024\\\/02\\\/ID-b2-visa-application.webp\",\"contentUrl\":\"https:\\\/\\\/usa-b2.com\\\/wp-content\\\/uploads\\\/2024\\\/02\\\/ID-b2-visa-application.webp\"},{\"@type\":\"BreadcrumbList\",\"@id\":\"https:\\\/\\\/usa-b2.com\\\/pl\\\/procedura-wize-b2\\\/#breadcrumb\",\"itemListElement\":[{\"@type\":\"ListItem\",\"position\":1,\"name\":\"Accueil\",\"item\":\"https:\\\/\\\/usa-b2.com\\\/pl\\\/usa\\\/\"},{\"@type\":\"ListItem\",\"position\":2,\"name\":\"Procedura ubiegania si\u0119 o wiz\u0119 B2\"}]},{\"@type\":\"WebSite\",\"@id\":\"https:\\\/\\\/usa-b2.com\\\/pl\\\/#website\",\"url\":\"https:\\\/\\\/usa-b2.com\\\/pl\\\/\",\"name\":\"USA B2 VISA\",\"description\":\"\",\"potentialAction\":[{\"@type\":\"SearchAction\",\"target\":{\"@type\":\"EntryPoint\",\"urlTemplate\":\"https:\\\/\\\/usa-b2.com\\\/pl\\\/?s={search_term_string}\"},\"query-input\":{\"@type\":\"PropertyValueSpecification\",\"valueRequired\":true,\"valueName\":\"search_term_string\"}}],\"inLanguage\":\"pl-PL\"}]}<\/script>\n<!-- \/ Yoast SEO plugin. -->","yoast_head_json":{"title":"Procedura ubiegania si\u0119 o wiz\u0119 B2 - USA B2","description":"Jak ubiega\u0107 si\u0119 o wiz\u0119 B2 online? Procedura jest szczeg\u00f3\u0142owa i obejmuje kilka etap\u00f3w.","robots":{"index":"index","follow":"follow","max-snippet":"max-snippet:-1","max-image-preview":"max-image-preview:large","max-video-preview":"max-video-preview:-1"},"canonical":"https:\/\/usa-b2.com\/pl\/procedura-wize-b2\/","og_locale":"pl_PL","og_type":"article","og_title":"Procedura ubiegania si\u0119 o wiz\u0119 B2 - USA B2","og_description":"Jak ubiega\u0107 si\u0119 o wiz\u0119 B2 online? Procedura jest szczeg\u00f3\u0142owa i obejmuje kilka etap\u00f3w.","og_url":"https:\/\/usa-b2.com\/pl\/procedura-wize-b2\/","og_site_name":"USA B2","article_modified_time":"2025-02-06T10:08:39+00:00","og_image":[{"width":562,"height":274,"url":"https:\/\/usa-b2.com\/wp-content\/uploads\/2024\/02\/ID-b2-visa-application.webp","type":"image\/webp"}],"twitter_card":"summary_large_image","twitter_misc":{"Szacowany czas czytania":"4 minuty"},"schema":{"@context":"https:\/\/schema.org","@graph":[{"@type":"WebPage","@id":"https:\/\/usa-b2.com\/pl\/procedura-wize-b2\/","url":"https:\/\/usa-b2.com\/pl\/procedura-wize-b2\/","name":"Procedura ubiegania si\u0119 o wiz\u0119 B2 - USA B2","isPartOf":{"@id":"https:\/\/usa-b2.com\/pl\/#website"},"primaryImageOfPage":{"@id":"https:\/\/usa-b2.com\/pl\/procedura-wize-b2\/#primaryimage"},"image":{"@id":"https:\/\/usa-b2.com\/pl\/procedura-wize-b2\/#primaryimage"},"thumbnailUrl":"https:\/\/usa-b2.com\/wp-content\/uploads\/2024\/02\/ID-b2-visa-application.webp","datePublished":"2024-02-27T10:25:43+00:00","dateModified":"2025-02-06T10:08:39+00:00","description":"Jak ubiega\u0107 si\u0119 o wiz\u0119 B2 online? Procedura jest szczeg\u00f3\u0142owa i obejmuje kilka etap\u00f3w.","breadcrumb":{"@id":"https:\/\/usa-b2.com\/pl\/procedura-wize-b2\/#breadcrumb"},"inLanguage":"pl-PL","potentialAction":[{"@type":"ReadAction","target":["https:\/\/usa-b2.com\/pl\/procedura-wize-b2\/"]}]},{"@type":"ImageObject","inLanguage":"pl-PL","@id":"https:\/\/usa-b2.com\/pl\/procedura-wize-b2\/#primaryimage","url":"https:\/\/usa-b2.com\/wp-content\/uploads\/2024\/02\/ID-b2-visa-application.webp","contentUrl":"https:\/\/usa-b2.com\/wp-content\/uploads\/2024\/02\/ID-b2-visa-application.webp"},{"@type":"BreadcrumbList","@id":"https:\/\/usa-b2.com\/pl\/procedura-wize-b2\/#breadcrumb","itemListElement":[{"@type":"ListItem","position":1,"name":"Accueil","item":"https:\/\/usa-b2.com\/pl\/usa\/"},{"@type":"ListItem","position":2,"name":"Procedura ubiegania si\u0119 o wiz\u0119 B2"}]},{"@type":"WebSite","@id":"https:\/\/usa-b2.com\/pl\/#website","url":"https:\/\/usa-b2.com\/pl\/","name":"USA B2 VISA","description":"","potentialAction":[{"@type":"SearchAction","target":{"@type":"EntryPoint","urlTemplate":"https:\/\/usa-b2.com\/pl\/?s={search_term_string}"},"query-input":{"@type":"PropertyValueSpecification","valueRequired":true,"valueName":"search_term_string"}}],"inLanguage":"pl-PL"}]}},"_links":{"self":[{"href":"https:\/\/usa-b2.com\/pl\/wp-json\/wp\/v2\/pages\/1447","targetHints":{"allow":["GET"]}}],"collection":[{"href":"https:\/\/usa-b2.com\/pl\/wp-json\/wp\/v2\/pages"}],"about":[{"href":"https:\/\/usa-b2.com\/pl\/wp-json\/wp\/v2\/types\/page"}],"author":[{"embeddable":true,"href":"https:\/\/usa-b2.com\/pl\/wp-json\/wp\/v2\/users\/1"}],"replies":[{"embeddable":true,"href":"https:\/\/usa-b2.com\/pl\/wp-json\/wp\/v2\/comments?post=1447"}],"version-history":[{"count":0,"href":"https:\/\/usa-b2.com\/pl\/wp-json\/wp\/v2\/pages\/1447\/revisions"}],"wp:attachment":[{"href":"https:\/\/usa-b2.com\/pl\/wp-json\/wp\/v2\/media?parent=1447"}],"curies":[{"name":"wp","href":"https:\/\/api.w.org\/{rel}","templated":true}]}}