{"id":1385,"date":"2024-02-10T17:20:07","date_gmt":"2024-02-10T17:20:07","guid":{"rendered":"https:\/\/usa-b2.com\/viza-los-angeles\/"},"modified":"2025-10-14T11:25:47","modified_gmt":"2025-10-14T11:25:47","slug":"viza-los-angeles","status":"publish","type":"page","link":"https:\/\/usa-b2.com\/pl\/viza-los-angeles\/","title":{"rendered":"Wiza na wizyt\u0119 w Los Angeles w USA"},"content":{"rendered":"\n<h1 class=\"wp-block-heading\" id=\"h-visa-chicago-pour-les-usa\">Wiza do Los Angeles na wjazd do Stan\u00f3w Zjednoczonych<\/h1>\n\n<p>Zagraniczni podr\u00f3\u017cni planuj\u0105cy przylot do Los Angeles w celu odbycia podr\u00f3\u017cy do Stan\u00f3w Zjednoczonych musz\u0105 posiada\u0107 wa\u017cne zezwolenie na podr\u00f3\u017c. Istnieje kilka rodzaj\u00f3w zezwole\u0144 na podr\u00f3\u017c, w zale\u017cno\u015bci od celu i czasu trwania pobytu w USA. <\/p>\n\n<h2 class=\"wp-block-heading\" id=\"h-faut-il-un-visa-pour-chicago\">Czy potrzebuj\u0119 wizy do Los Angeles?<\/h2>\n\n<p>Los Angeles jest jednym z g\u0142\u00f3wnych miast Kalifornii. Jest to jedno z g\u0142\u00f3wnych miejsc turystycznych w Kalifornii. Je\u015bli odwiedzasz Stany Zjednoczone jako turysta na d\u0142u\u017cej ni\u017c 3 miesi\u0105ce, b\u0119dziesz potrzebowa\u0107 <a href=\"https:\/\/usa-b2.com\/pl\/wiza-b2\/\">wizy B2<\/a>.  <\/p>\n\n<p><strong>W przypadku pobyt\u00f3w kr\u00f3tszych ni\u017c 90 dni<\/strong>: Uzyskanie wizy b2 do Los Angeles nie jest konieczne. Wszystko, co musisz zrobi\u0107, to uzyska\u0107 zezwolenie na podr\u00f3\u017c, klikaj\u0105c <a href=\"https:\/\/usa-b2.com\/pl\/formularz-esta-on-line\/\">internetowy formularz ESTA<\/a>. <\/p>\n\n<div style=\"height:10px\" aria-hidden=\"true\" class=\"wp-block-spacer\"><\/div>\n\n<h2 class=\"wp-block-heading\">Czym jest wiza turystyczna do Los Angeles?<\/h2>\n\n<p>Wiza turystyczna B2 do Los Angeles pozwala podr\u00f3\u017cnym wyl\u0105dowa\u0107 w Los Angeles na pobyt w USA. Z wiz\u0105 B2 podr\u00f3\u017cni mog\u0105 wybra\u0107 si\u0119 na zwiedzanie lub odwiedzi\u0107 krewnych mieszkaj\u0105cych w Stanach Zjednoczonych. Wiza jest wa\u017cna przez pocz\u0105tkowy okres 6 miesi\u0119cy.  <\/p>\n\n<h2 class=\"wp-block-heading\">Czy potrzebuj\u0119 wizy na mi\u0119dzyl\u0105dowanie w Los Angeles?<\/h2>\n\n<p>Aby zatrzyma\u0107 si\u0119 w Los Angeles, podr\u00f3\u017cni musz\u0105 posiada\u0107 wa\u017cne zezwolenie na podr\u00f3\u017c. Istnieje kilka mo\u017cliwych zezwole\u0144 na podr\u00f3\u017c.   <\/p>\n\n<p>Je\u015bli podr\u00f3\u017cny jest obywatelem kraju cz\u0142onkowskiego <a href=\"https:\/\/usa-b2.com\/pl\/program-zniesienia-wizy\/\">Programu Ruchu Bezwizowego<\/a>, uzyskanie <a href=\"https:\/\/usa-b2.com\/pl\/wiza-tranzyt-usa\/\">wizy tranzytowej<\/a> nie jest konieczne. Podr\u00f3\u017cni mog\u0105 przejecha\u0107 przez Los Angeles dzi\u0119ki prostej autoryzacji ESTA.<\/p>\n\n<p>Je\u015bli podr\u00f3\u017cny nie jest obywatelem kraju obj\u0119tego ruchem bezwizowym, b\u0119dzie musia\u0142 <a href=\"https:\/\/usa-b2.com\/pl\/formularz-wizowy-b2-online\/\">ubiega\u0107 si\u0119 o wiz\u0119 B2<\/a> przed rozwa\u017ceniem podr\u00f3\u017cy z mi\u0119dzyl\u0105dowaniem w Los Angeles.<\/p>\n\n<h2 class=\"wp-block-heading\" id=\"h-quel-est-le-prix-du-visa-pour-chicago\">Ile kosztuje uzyskanie wizy do Los Angeles?<\/h2>\n\n<p><a href=\"https:\/\/usa-b2.com\/pl\/oplaty-wiza-b2\/\">Koszt wizy B2<\/a> do Los Angeles wynosi 185 USD od 2023 roku. Op\u0142aty nale\u017cy ui\u015bci\u0107 podczas ubiegania si\u0119 o wiz\u0119 w celu zatwierdzenia wniosku online. Potwierdzenie uiszczenia op\u0142aty musi zosta\u0107 do\u0142\u0105czone do dokument\u00f3w uzupe\u0142niaj\u0105cych w ramach <a href=\"https:\/\/usa-b2.com\/pl\/procedura-wize-b2\/\">procedury ubiegania si\u0119 o wiz\u0119 B2<\/a>.<\/p>\n\n<h2 class=\"wp-block-heading\" id=\"h-comment-obtenir-un-visa-pour-chicago\">Jak uzyska\u0107 wiz\u0119 do Los Angeles?<\/h2>\n\n<p>Aby uzyska\u0107 wiz\u0119 B2 na podr\u00f3\u017c do Los Angeles, nale\u017cy wype\u0142ni\u0107 internetowy <a href=\"https:\/\/usa-b2.com\/pl\/procedura-wize-b2\/\">wniosek wizowy<\/a> <a href=\"https:\/\/www.uscis.gov\/\">USCIS<\/a>. Ostateczna decyzja o wydaniu wizy zostanie podj\u0119ta po <a href=\"https:\/\/usa-b2.com\/pl\/spotkanie-wizowe-ambasadzie-usa\/\">rozmowie wizowej w ambasadzie ameryka\u0144skiej<\/a>.<\/p>\n\n<h2 class=\"wp-block-heading\" id=\"h-faut-il-un-visa-esta-pour-chicago\">Kto mo\u017ce ubiega\u0107 si\u0119 o ESTA dla Los Angeles?<\/h2>\n\n<p>Obywatele kraj\u00f3w, kt\u00f3re s\u0105 cz\u0142onkami ameryka\u0144skiego programu bezwizowego, mog\u0105 <a href=\"https:\/\/usa-b2.com\/pl\/formularz-esta-on-line\/\">ubiega\u0107 si\u0119 o ESTA<\/a> dla Los Angeles online. Czas potrzebny na uzyskanie autoryzacji ESTA jest znacznie kr\u00f3tszy ni\u017c w przypadku wizy B2 z <a href=\"https:\/\/usa-b2.com\/pl\/ambasada-usa\/\">ambasady ameryka\u0144skiej<\/a>.<\/p>\n\n<p>Autoryzacja ESTA dla Los Angeles jest wa\u017cna przez 2 lata. Mo\u017ce ono wygasn\u0105\u0107 wcze\u015bniej, je\u015bli paszport u\u017cyty <a href=\"https:\/\/usa-b2.com\/pl\/podroz-paszportowa-usa\/\">do podr\u00f3\u017cy do USA<\/a> wyga\u015bnie w ci\u0105gu 2 lat. Zezwolenie jest powi\u0105zane z paszportem u\u017cytym do jego uzyskania. <\/p>\n\n<p>Zezwolenie ESTA umo\u017cliwia pobyt w Stanach Zjednoczonych przez maksymalnie 90 kolejnych dni.\nPobyty trwaj\u0105ce 90 dni mog\u0105 by\u0107 wielokrotne w ci\u0105gu 2-letniego <a href=\"https:\/\/usa-b2.com\/pl\/okres-waznosci-esta\/\">okresu wa\u017cno\u015bci ESTA<\/a>. <\/p>\n","protected":false},"excerpt":{"rendered":"<p>Wiza do Los Angeles na wjazd do Stan\u00f3w Zjednoczonych Zagraniczni podr\u00f3\u017cni planuj\u0105cy przylot do Los Angeles w celu odbycia podr\u00f3\u017cy do Stan\u00f3w Zjednoczonych musz\u0105 posiada\u0107 wa\u017cne zezwolenie na podr\u00f3\u017c. Istnieje kilka rodzaj\u00f3w zezwole\u0144 na podr\u00f3\u017c, w zale\u017cno\u015bci od celu i czasu trwania pobytu w USA. Czy potrzebuj\u0119 wizy do Los Angeles? Los Angeles jest jednym [&hellip;]<\/p>\n","protected":false},"author":1,"featured_media":0,"parent":0,"menu_order":0,"comment_status":"closed","ping_status":"closed","template":"","meta":{"footnotes":""},"class_list":["post-1385","page","type-page","status-publish","hentry"],"yoast_head":"<!-- This site is optimized with the Yoast SEO plugin v27.4 - https:\/\/yoast.com\/product\/yoast-seo-wordpress\/ -->\n<title>Wiza na wizyt\u0119 w Los Angeles w USA - USA B2<\/title>\n<meta name=\"description\" content=\"Jak uzyska\u0107 wiz\u0119, aby wyl\u0105dowa\u0107 w Los Angeles w Kalifornii, a nast\u0119pnie podr\u00f3\u017cowa\u0107 po Stanach Zjednoczonych?\" \/>\n<meta name=\"robots\" content=\"index, follow, max-snippet:-1, max-image-preview:large, max-video-preview:-1\" \/>\n<link rel=\"canonical\" href=\"https:\/\/usa-b2.com\/pl\/viza-los-angeles\/\" \/>\n<meta property=\"og:locale\" content=\"pl_PL\" \/>\n<meta property=\"og:type\" content=\"article\" \/>\n<meta property=\"og:title\" content=\"Wiza na wizyt\u0119 w Los Angeles w USA - USA B2\" \/>\n<meta property=\"og:description\" content=\"Jak uzyska\u0107 wiz\u0119, aby wyl\u0105dowa\u0107 w Los Angeles w Kalifornii, a nast\u0119pnie podr\u00f3\u017cowa\u0107 po Stanach Zjednoczonych?\" \/>\n<meta property=\"og:url\" content=\"https:\/\/usa-b2.com\/pl\/viza-los-angeles\/\" \/>\n<meta property=\"og:site_name\" content=\"USA B2\" \/>\n<meta property=\"article:modified_time\" content=\"2025-10-14T11:25:47+00:00\" \/>\n<meta name=\"twitter:card\" content=\"summary_large_image\" \/>\n<meta name=\"twitter:label1\" content=\"Szacowany czas czytania\" \/>\n\t<meta name=\"twitter:data1\" content=\"2 minuty\" \/>\n<script type=\"application\/ld+json\" class=\"yoast-schema-graph\">{\"@context\":\"https:\\\/\\\/schema.org\",\"@graph\":[{\"@type\":\"WebPage\",\"@id\":\"https:\\\/\\\/usa-b2.com\\\/pl\\\/viza-los-angeles\\\/\",\"url\":\"https:\\\/\\\/usa-b2.com\\\/pl\\\/viza-los-angeles\\\/\",\"name\":\"Wiza na wizyt\u0119 w Los Angeles w USA - USA B2\",\"isPartOf\":{\"@id\":\"https:\\\/\\\/usa-b2.com\\\/pl\\\/#website\"},\"datePublished\":\"2024-02-10T17:20:07+00:00\",\"dateModified\":\"2025-10-14T11:25:47+00:00\",\"description\":\"Jak uzyska\u0107 wiz\u0119, aby wyl\u0105dowa\u0107 w Los Angeles w Kalifornii, a nast\u0119pnie podr\u00f3\u017cowa\u0107 po Stanach Zjednoczonych?\",\"breadcrumb\":{\"@id\":\"https:\\\/\\\/usa-b2.com\\\/pl\\\/viza-los-angeles\\\/#breadcrumb\"},\"inLanguage\":\"pl-PL\",\"potentialAction\":[{\"@type\":\"ReadAction\",\"target\":[\"https:\\\/\\\/usa-b2.com\\\/pl\\\/viza-los-angeles\\\/\"]}]},{\"@type\":\"BreadcrumbList\",\"@id\":\"https:\\\/\\\/usa-b2.com\\\/pl\\\/viza-los-angeles\\\/#breadcrumb\",\"itemListElement\":[{\"@type\":\"ListItem\",\"position\":1,\"name\":\"Accueil\",\"item\":\"https:\\\/\\\/usa-b2.com\\\/pl\\\/usa\\\/\"},{\"@type\":\"ListItem\",\"position\":2,\"name\":\"Wiza na wizyt\u0119 w Los Angeles w USA\"}]},{\"@type\":\"WebSite\",\"@id\":\"https:\\\/\\\/usa-b2.com\\\/pl\\\/#website\",\"url\":\"https:\\\/\\\/usa-b2.com\\\/pl\\\/\",\"name\":\"USA B2 VISA\",\"description\":\"\",\"potentialAction\":[{\"@type\":\"SearchAction\",\"target\":{\"@type\":\"EntryPoint\",\"urlTemplate\":\"https:\\\/\\\/usa-b2.com\\\/pl\\\/?s={search_term_string}\"},\"query-input\":{\"@type\":\"PropertyValueSpecification\",\"valueRequired\":true,\"valueName\":\"search_term_string\"}}],\"inLanguage\":\"pl-PL\"}]}<\/script>\n<!-- \/ Yoast SEO plugin. -->","yoast_head_json":{"title":"Wiza na wizyt\u0119 w Los Angeles w USA - USA B2","description":"Jak uzyska\u0107 wiz\u0119, aby wyl\u0105dowa\u0107 w Los Angeles w Kalifornii, a nast\u0119pnie podr\u00f3\u017cowa\u0107 po Stanach Zjednoczonych?","robots":{"index":"index","follow":"follow","max-snippet":"max-snippet:-1","max-image-preview":"max-image-preview:large","max-video-preview":"max-video-preview:-1"},"canonical":"https:\/\/usa-b2.com\/pl\/viza-los-angeles\/","og_locale":"pl_PL","og_type":"article","og_title":"Wiza na wizyt\u0119 w Los Angeles w USA - USA B2","og_description":"Jak uzyska\u0107 wiz\u0119, aby wyl\u0105dowa\u0107 w Los Angeles w Kalifornii, a nast\u0119pnie podr\u00f3\u017cowa\u0107 po Stanach Zjednoczonych?","og_url":"https:\/\/usa-b2.com\/pl\/viza-los-angeles\/","og_site_name":"USA B2","article_modified_time":"2025-10-14T11:25:47+00:00","twitter_card":"summary_large_image","twitter_misc":{"Szacowany czas czytania":"2 minuty"},"schema":{"@context":"https:\/\/schema.org","@graph":[{"@type":"WebPage","@id":"https:\/\/usa-b2.com\/pl\/viza-los-angeles\/","url":"https:\/\/usa-b2.com\/pl\/viza-los-angeles\/","name":"Wiza na wizyt\u0119 w Los Angeles w USA - USA B2","isPartOf":{"@id":"https:\/\/usa-b2.com\/pl\/#website"},"datePublished":"2024-02-10T17:20:07+00:00","dateModified":"2025-10-14T11:25:47+00:00","description":"Jak uzyska\u0107 wiz\u0119, aby wyl\u0105dowa\u0107 w Los Angeles w Kalifornii, a nast\u0119pnie podr\u00f3\u017cowa\u0107 po Stanach Zjednoczonych?","breadcrumb":{"@id":"https:\/\/usa-b2.com\/pl\/viza-los-angeles\/#breadcrumb"},"inLanguage":"pl-PL","potentialAction":[{"@type":"ReadAction","target":["https:\/\/usa-b2.com\/pl\/viza-los-angeles\/"]}]},{"@type":"BreadcrumbList","@id":"https:\/\/usa-b2.com\/pl\/viza-los-angeles\/#breadcrumb","itemListElement":[{"@type":"ListItem","position":1,"name":"Accueil","item":"https:\/\/usa-b2.com\/pl\/usa\/"},{"@type":"ListItem","position":2,"name":"Wiza na wizyt\u0119 w Los Angeles w USA"}]},{"@type":"WebSite","@id":"https:\/\/usa-b2.com\/pl\/#website","url":"https:\/\/usa-b2.com\/pl\/","name":"USA B2 VISA","description":"","potentialAction":[{"@type":"SearchAction","target":{"@type":"EntryPoint","urlTemplate":"https:\/\/usa-b2.com\/pl\/?s={search_term_string}"},"query-input":{"@type":"PropertyValueSpecification","valueRequired":true,"valueName":"search_term_string"}}],"inLanguage":"pl-PL"}]}},"_links":{"self":[{"href":"https:\/\/usa-b2.com\/pl\/wp-json\/wp\/v2\/pages\/1385","targetHints":{"allow":["GET"]}}],"collection":[{"href":"https:\/\/usa-b2.com\/pl\/wp-json\/wp\/v2\/pages"}],"about":[{"href":"https:\/\/usa-b2.com\/pl\/wp-json\/wp\/v2\/types\/page"}],"author":[{"embeddable":true,"href":"https:\/\/usa-b2.com\/pl\/wp-json\/wp\/v2\/users\/1"}],"replies":[{"embeddable":true,"href":"https:\/\/usa-b2.com\/pl\/wp-json\/wp\/v2\/comments?post=1385"}],"version-history":[{"count":2,"href":"https:\/\/usa-b2.com\/pl\/wp-json\/wp\/v2\/pages\/1385\/revisions"}],"predecessor-version":[{"id":10526,"href":"https:\/\/usa-b2.com\/pl\/wp-json\/wp\/v2\/pages\/1385\/revisions\/10526"}],"wp:attachment":[{"href":"https:\/\/usa-b2.com\/pl\/wp-json\/wp\/v2\/media?parent=1385"}],"curies":[{"name":"wp","href":"https:\/\/api.w.org\/{rel}","templated":true}]}}