{"id":1108,"date":"2024-02-10T17:14:25","date_gmt":"2024-02-10T17:14:25","guid":{"rendered":"https:\/\/usa-b2.com\/oplaty-wiza-b2\/"},"modified":"2025-10-14T10:15:45","modified_gmt":"2025-10-14T10:15:45","slug":"oplaty-wiza-b2","status":"publish","type":"page","link":"https:\/\/usa-b2.com\/pl\/oplaty-wiza-b2\/","title":{"rendered":"Op\u0142aty za ameryka\u0144sk\u0105 wiz\u0119 B2"},"content":{"rendered":"\n<h1 class=\"wp-block-heading\">Ile kosztuje wiza B2?<\/h1>\n\n<p>Ubiegaj\u0105c si\u0119 o wiz\u0119 B2, wnioskodawcy musz\u0105 ui\u015bci\u0107 op\u0142at\u0119 administracyjn\u0105 w celu zatwierdzenia wniosku. Uiszczenie op\u0142aty jest obowi\u0105zkowe i nast\u0119puje przed rozpatrzeniem wniosku wizowego. <\/p>\n\n<p><strong>W przypadku pobytu kr\u00f3tszego ni\u017c 90 dni w Stanach Zjednoczonych<\/strong> : Nie ma konieczno\u015bci ubiegania si\u0119 o wiz\u0119. Wniosek o elektroniczne zezwolenie na podr\u00f3\u017c mo\u017cna z\u0142o\u017cy\u0107 w ci\u0105gu zaledwie kilku minut, klikaj\u0105c <a href=\"https:\/\/usa-b2.com\/pl\/formularz-esta-on-line\/\">internetowy formularz ESTA<\/a>.<\/p>\n\n<div style=\"height:10px\" aria-hidden=\"true\" class=\"wp-block-spacer\"><\/div>\n\n<h2 class=\"wp-block-heading\" id=\"h-qui-est-concerne-par-ces-frais\">Kto ponosi koszty?<\/h2>\n\n<p>Op\u0142aty za ubieganie si\u0119 o wiz\u0119 do Stan\u00f3w Zjednoczonych dotycz\u0105 wszystkich obcokrajowc\u00f3w pragn\u0105cych odwiedzi\u0107 Stany Zjednoczone, niezale\u017cnie od wieku. Op\u0142ata ta nie podlega zwrotowi i jest uiszczana przed rozpatrzeniem wniosku wizowego. <\/p>\n\n<h2 class=\"wp-block-heading\">Kiedy musz\u0119 ui\u015bci\u0107 op\u0142at\u0119 wizow\u0105?<\/h2>\n\n<p>Op\u0142ata wizowa jest wymagana po wype\u0142nieniu przez wnioskodawc\u0119 formularza wniosku wizowego <a href=\"https:\/\/usa-b2.com\/pl\/ds-160\/\">DS 160<\/a>. Uiszczenie op\u0142aty zatwierdza wniosek wizowy i rozpoczyna jego przetwarzanie administracyjne. <\/p>\n\n<h2 class=\"wp-block-heading\" id=\"h-montant-des-frais-pour-une-demande-de-visa-usa\">Ile wynosz\u0105 op\u0142aty?<\/h2>\n\n<p>Op\u0142ata za zatwierdzenie wniosku o <a href=\"https:\/\/usa-b2.com\/pl\/wiza-b2\/\">wiz\u0119 B2<\/a> wynosi 185 USD. Kwota ta jest ustalana przez Departament Stanu USA i regularnie aktualizowana. Bardziej szczeg\u00f3\u0142owe informacje dost\u0119pne s\u0105 na <a href=\"https:\/\/travel.state.gov\/content\/travel\/en\/us-visas\/visa-information-resources\/fees\/fees-visa-services.html\">tej stronie<\/a>.<\/p>\n\n<h2 class=\"wp-block-heading\" id=\"h-comment-payer-les-frais-de-visa\">Jak mog\u0119 zap\u0142aci\u0107 za wiz\u0119?<\/h2>\n\n<h3 class=\"wp-block-heading\" id=\"h-paiement-des-frais-par-virement-bancaire\">P\u0142atno\u015b\u0107 op\u0142at kart\u0105 kredytow\u0105<\/h3>\n\n<p>Wnioskodawcy mog\u0105 ui\u015bci\u0107 op\u0142at\u0119 wizow\u0105 bezpo\u015brednio online za pomoc\u0105 karty kredytowej. Kwota jest wyra\u017cona w dolarach, ale zostanie automatycznie przeliczona na lokaln\u0105 walut\u0119 przez bank. <\/p>\n\n<h3 class=\"wp-block-heading\" id=\"h-paiement-des-frais-par-virement-bancaire\">Uiszczenie op\u0142at przelewem bankowym\u200b<\/h3>\n\n<p>Wnioskodawcy mog\u0105 r\u00f3wnie\u017c ui\u015bci\u0107 op\u0142at\u0119 wizow\u0105 przelewem bankowym. Op\u0142aty podawane s\u0105 w dolarach i kilku innych walutach lokalnych. Stosowany kurs wymiany jest ustalany przez Departament Stanu USA.  <\/p>\n\n<h3 class=\"wp-block-heading\" id=\"h-paiement-en-cash-avec-un-bordereau-de-depot\">P\u0142atno\u015b\u0107 za pomoc\u0105 dowodu wp\u0142aty<\/h3>\n\n<p>Wnioskodawcy mog\u0105 r\u00f3wnie\u017c ui\u015bci\u0107 op\u0142at\u0119 wizow\u0105 w got\u00f3wce. Musisz z\u0142o\u017cy\u0107 depozyt pieni\u0119\u017cny w banku akredytowanym przez USA. W zamian otrzymaj\u0105 potwierdzenie wp\u0142aty jako dow\u00f3d uiszczenia op\u0142at.  <\/p>\n\n<h2 class=\"wp-block-heading\" id=\"h-limitations-liees-au-paiement-des-frais-de-visa\">Zwrot uiszczonych op\u0142at w przypadku odmowy wydania wizy<\/h2>\n\n<p>Zwrot uiszczonych op\u0142at wizowych nie jest mo\u017cliwy, niezale\u017cnie od wyniku wniosku.<\/p>\n\n<p>Op\u0142aty nie mo\u017cna przenie\u015b\u0107 na inn\u0105 osob\u0119 ubiegaj\u0105c\u0105 si\u0119 o wiz\u0119 B2. Nie mo\u017cna go wykorzysta\u0107 ani przenie\u015b\u0107 na inny wniosek wizowy.<\/p>\n\n<p>Je\u015bli nie wykorzystasz paragonu przez 1 rok, wniesione op\u0142aty przepadaj\u0105. Nie b\u0119dziesz ju\u017c m\u00f3g\u0142 u\u017cy\u0107 pokwitowania, aby uzasadni\u0107 uiszczenie op\u0142aty i nie b\u0119dziesz m\u00f3g\u0142 um\u00f3wi\u0107 si\u0119 na <a href=\"https:\/\/usa-b2.com\/pl\/spotkanie-wizowe-ambasadzie-usa\/\">wizyt\u0119 wizow\u0105 w ambasadzie<\/a> z tym niewa\u017cnym pokwitowaniem. W zwi\u0105zku z tym niewykorzystana p\u0142atno\u015b\u0107 pocz\u0105tkowa zostanie anulowana. Op\u0142ata ta nie podlega zwrotowi z jakiegokolwiek powodu.<\/p>\n\n<h2 class=\"wp-block-heading\">Okres wa\u017cno\u015bci op\u0142aty wizowej<\/h2>\n\n<p>Po uiszczeniu op\u0142aty kandydat otrzymuje numerowane pokwitowanie. Ten certyfikat p\u0142atno\u015bci jest wa\u017cny przez 1 rok. Kandydaci musz\u0105 zatem um\u00f3wi\u0107 si\u0119 na rozmow\u0119 w ambasadzie ameryka\u0144skiej w ci\u0105gu rocznego okresu wa\u017cno\u015bci p\u0142atno\u015bci.  <\/p>\n","protected":false},"excerpt":{"rendered":"<p>Ile kosztuje wiza B2? Ubiegaj\u0105c si\u0119 o wiz\u0119 B2, wnioskodawcy musz\u0105 ui\u015bci\u0107 op\u0142at\u0119 administracyjn\u0105 w celu zatwierdzenia wniosku. Uiszczenie op\u0142aty jest obowi\u0105zkowe i nast\u0119puje przed rozpatrzeniem wniosku wizowego. W przypadku pobytu kr\u00f3tszego ni\u017c 90 dni w Stanach Zjednoczonych : Nie ma konieczno\u015bci ubiegania si\u0119 o wiz\u0119. Wniosek o elektroniczne zezwolenie na podr\u00f3\u017c mo\u017cna z\u0142o\u017cy\u0107 w [&hellip;]<\/p>\n","protected":false},"author":1,"featured_media":0,"parent":0,"menu_order":0,"comment_status":"closed","ping_status":"closed","template":"","meta":{"footnotes":""},"class_list":["post-1108","page","type-page","status-publish","hentry"],"yoast_head":"<!-- This site is optimized with the Yoast SEO plugin v27.4 - https:\/\/yoast.com\/product\/yoast-seo-wordpress\/ -->\n<title>Op\u0142aty za ameryka\u0144sk\u0105 wiz\u0119 B2 - USA B2<\/title>\n<meta name=\"description\" content=\"Ile musz\u0119 zap\u0142aci\u0107 online za wiz\u0119 turystyczn\u0105 B2 USA?\" \/>\n<meta name=\"robots\" content=\"index, follow, max-snippet:-1, max-image-preview:large, max-video-preview:-1\" \/>\n<link rel=\"canonical\" href=\"https:\/\/usa-b2.com\/pl\/oplaty-wiza-b2\/\" \/>\n<meta property=\"og:locale\" content=\"pl_PL\" \/>\n<meta property=\"og:type\" content=\"article\" \/>\n<meta property=\"og:title\" content=\"Op\u0142aty za ameryka\u0144sk\u0105 wiz\u0119 B2 - USA B2\" \/>\n<meta property=\"og:description\" content=\"Ile musz\u0119 zap\u0142aci\u0107 online za wiz\u0119 turystyczn\u0105 B2 USA?\" \/>\n<meta property=\"og:url\" content=\"https:\/\/usa-b2.com\/pl\/oplaty-wiza-b2\/\" \/>\n<meta property=\"og:site_name\" content=\"USA B2\" \/>\n<meta property=\"article:modified_time\" content=\"2025-10-14T10:15:45+00:00\" \/>\n<meta name=\"twitter:card\" content=\"summary_large_image\" \/>\n<meta name=\"twitter:label1\" content=\"Szacowany czas czytania\" \/>\n\t<meta name=\"twitter:data1\" content=\"2 minuty\" \/>\n<script type=\"application\/ld+json\" class=\"yoast-schema-graph\">{\"@context\":\"https:\\\/\\\/schema.org\",\"@graph\":[{\"@type\":\"WebPage\",\"@id\":\"https:\\\/\\\/usa-b2.com\\\/pl\\\/oplaty-wiza-b2\\\/\",\"url\":\"https:\\\/\\\/usa-b2.com\\\/pl\\\/oplaty-wiza-b2\\\/\",\"name\":\"Op\u0142aty za ameryka\u0144sk\u0105 wiz\u0119 B2 - USA B2\",\"isPartOf\":{\"@id\":\"https:\\\/\\\/usa-b2.com\\\/pl\\\/#website\"},\"datePublished\":\"2024-02-10T17:14:25+00:00\",\"dateModified\":\"2025-10-14T10:15:45+00:00\",\"description\":\"Ile musz\u0119 zap\u0142aci\u0107 online za wiz\u0119 turystyczn\u0105 B2 USA?\",\"breadcrumb\":{\"@id\":\"https:\\\/\\\/usa-b2.com\\\/pl\\\/oplaty-wiza-b2\\\/#breadcrumb\"},\"inLanguage\":\"pl-PL\",\"potentialAction\":[{\"@type\":\"ReadAction\",\"target\":[\"https:\\\/\\\/usa-b2.com\\\/pl\\\/oplaty-wiza-b2\\\/\"]}]},{\"@type\":\"BreadcrumbList\",\"@id\":\"https:\\\/\\\/usa-b2.com\\\/pl\\\/oplaty-wiza-b2\\\/#breadcrumb\",\"itemListElement\":[{\"@type\":\"ListItem\",\"position\":1,\"name\":\"Accueil\",\"item\":\"https:\\\/\\\/usa-b2.com\\\/pl\\\/usa\\\/\"},{\"@type\":\"ListItem\",\"position\":2,\"name\":\"Op\u0142aty za ameryka\u0144sk\u0105 wiz\u0119 B2\"}]},{\"@type\":\"WebSite\",\"@id\":\"https:\\\/\\\/usa-b2.com\\\/pl\\\/#website\",\"url\":\"https:\\\/\\\/usa-b2.com\\\/pl\\\/\",\"name\":\"USA B2 VISA\",\"description\":\"\",\"potentialAction\":[{\"@type\":\"SearchAction\",\"target\":{\"@type\":\"EntryPoint\",\"urlTemplate\":\"https:\\\/\\\/usa-b2.com\\\/pl\\\/?s={search_term_string}\"},\"query-input\":{\"@type\":\"PropertyValueSpecification\",\"valueRequired\":true,\"valueName\":\"search_term_string\"}}],\"inLanguage\":\"pl-PL\"}]}<\/script>\n<!-- \/ Yoast SEO plugin. -->","yoast_head_json":{"title":"Op\u0142aty za ameryka\u0144sk\u0105 wiz\u0119 B2 - USA B2","description":"Ile musz\u0119 zap\u0142aci\u0107 online za wiz\u0119 turystyczn\u0105 B2 USA?","robots":{"index":"index","follow":"follow","max-snippet":"max-snippet:-1","max-image-preview":"max-image-preview:large","max-video-preview":"max-video-preview:-1"},"canonical":"https:\/\/usa-b2.com\/pl\/oplaty-wiza-b2\/","og_locale":"pl_PL","og_type":"article","og_title":"Op\u0142aty za ameryka\u0144sk\u0105 wiz\u0119 B2 - USA B2","og_description":"Ile musz\u0119 zap\u0142aci\u0107 online za wiz\u0119 turystyczn\u0105 B2 USA?","og_url":"https:\/\/usa-b2.com\/pl\/oplaty-wiza-b2\/","og_site_name":"USA B2","article_modified_time":"2025-10-14T10:15:45+00:00","twitter_card":"summary_large_image","twitter_misc":{"Szacowany czas czytania":"2 minuty"},"schema":{"@context":"https:\/\/schema.org","@graph":[{"@type":"WebPage","@id":"https:\/\/usa-b2.com\/pl\/oplaty-wiza-b2\/","url":"https:\/\/usa-b2.com\/pl\/oplaty-wiza-b2\/","name":"Op\u0142aty za ameryka\u0144sk\u0105 wiz\u0119 B2 - USA B2","isPartOf":{"@id":"https:\/\/usa-b2.com\/pl\/#website"},"datePublished":"2024-02-10T17:14:25+00:00","dateModified":"2025-10-14T10:15:45+00:00","description":"Ile musz\u0119 zap\u0142aci\u0107 online za wiz\u0119 turystyczn\u0105 B2 USA?","breadcrumb":{"@id":"https:\/\/usa-b2.com\/pl\/oplaty-wiza-b2\/#breadcrumb"},"inLanguage":"pl-PL","potentialAction":[{"@type":"ReadAction","target":["https:\/\/usa-b2.com\/pl\/oplaty-wiza-b2\/"]}]},{"@type":"BreadcrumbList","@id":"https:\/\/usa-b2.com\/pl\/oplaty-wiza-b2\/#breadcrumb","itemListElement":[{"@type":"ListItem","position":1,"name":"Accueil","item":"https:\/\/usa-b2.com\/pl\/usa\/"},{"@type":"ListItem","position":2,"name":"Op\u0142aty za ameryka\u0144sk\u0105 wiz\u0119 B2"}]},{"@type":"WebSite","@id":"https:\/\/usa-b2.com\/pl\/#website","url":"https:\/\/usa-b2.com\/pl\/","name":"USA B2 VISA","description":"","potentialAction":[{"@type":"SearchAction","target":{"@type":"EntryPoint","urlTemplate":"https:\/\/usa-b2.com\/pl\/?s={search_term_string}"},"query-input":{"@type":"PropertyValueSpecification","valueRequired":true,"valueName":"search_term_string"}}],"inLanguage":"pl-PL"}]}},"_links":{"self":[{"href":"https:\/\/usa-b2.com\/pl\/wp-json\/wp\/v2\/pages\/1108","targetHints":{"allow":["GET"]}}],"collection":[{"href":"https:\/\/usa-b2.com\/pl\/wp-json\/wp\/v2\/pages"}],"about":[{"href":"https:\/\/usa-b2.com\/pl\/wp-json\/wp\/v2\/types\/page"}],"author":[{"embeddable":true,"href":"https:\/\/usa-b2.com\/pl\/wp-json\/wp\/v2\/users\/1"}],"replies":[{"embeddable":true,"href":"https:\/\/usa-b2.com\/pl\/wp-json\/wp\/v2\/comments?post=1108"}],"version-history":[{"count":2,"href":"https:\/\/usa-b2.com\/pl\/wp-json\/wp\/v2\/pages\/1108\/revisions"}],"predecessor-version":[{"id":10209,"href":"https:\/\/usa-b2.com\/pl\/wp-json\/wp\/v2\/pages\/1108\/revisions\/10209"}],"wp:attachment":[{"href":"https:\/\/usa-b2.com\/pl\/wp-json\/wp\/v2\/media?parent=1108"}],"curies":[{"name":"wp","href":"https:\/\/api.w.org\/{rel}","templated":true}]}}