{"id":1020,"date":"2024-02-19T17:16:58","date_gmt":"2024-02-19T17:16:58","guid":{"rendered":"https:\/\/usa-b2.com\/polityka-prywatnosci\/"},"modified":"2025-02-06T10:09:37","modified_gmt":"2025-02-06T10:09:37","slug":"polityka-prywatnosci","status":"publish","type":"page","link":"https:\/\/usa-b2.com\/pl\/polityka-prywatnosci\/","title":{"rendered":"Polityka prywatno\u015bci"},"content":{"rendered":"\n<h1 class=\"wp-block-heading\">Nasza polityka prywatno\u015bci<\/h1>\n\n<p>usa-b2.com to strona informacyjna o mo\u017cliwych podr\u00f3\u017cach po Stanach Zjednoczonych. Witryna nie oferuje \u017cadnych us\u0142ug online. Jedynym formularzem na stronie jest <a href=\"https:\/\/usa-b2.com\/pl\/contact\/\">formularz kontaktowy<\/a>.<\/p>\n\n<h2 class=\"wp-block-heading\">Gromadzenie informacji na stronie<\/h2>\n\n<p>Poni\u017cej znajduje si\u0119 lista danych osobowych, kt\u00f3re mog\u0105 by\u0107 gromadzone w naszej witrynie:<\/p>\n\n<ul class=\"wp-block-list\">\n<li>Informacje o komputerze, a tym samym adres IP, lokalizacja, przegl\u0105darka, system operacyjny;<\/li>\n\n\n\n<li>Informacje kontaktowe, gdy wysy\u0142asz wiadomo\u015b\u0107 e-mail do naszego zespo\u0142u wsparcia, takie jak imi\u0119 i nazwisko, imi\u0119, adres e-mail. Informacje zawarte w wiadomo\u015bciach e-mail, kt\u00f3re do nas wysy\u0142asz.<\/li>\n<\/ul>\n\n<h2 class=\"wp-block-heading\">Wykorzystanie zebranych danych<\/h2>\n\n<p>W \u017cadnym wypadku nie przekazujemy Twoich danych osobowych stronom trzecim. Nie wykorzystujemy zebranych danych do cel\u00f3w marketingu bezpo\u015bredniego lub komercyjnych.<\/p>\n\n<h2 class=\"wp-block-heading\">Okres przechowywania danych<\/h2>\n\n<p>Zebrane dane s\u0105 regularnie usuwane, co oznacza, \u017ce nie przechowujemy \u017cadnych tre\u015bci e-mail, kt\u00f3re zosta\u0142y do nas wys\u0142ane d\u0142u\u017cej ni\u017c miesi\u0105c. Nie wykorzystujemy marketingowo danych dotycz\u0105cych przegl\u0105dania stron.<\/p>\n\n<h2 class=\"wp-block-heading\">Twoje prawa dotycz\u0105ce danych osobowych<\/h2>\n\n<p>Masz prawo poprosi\u0107 nas o przekazanie wszelkich danych osobowych, kt\u00f3re posiadamy na Tw\u00f3j temat; mo\u017ce to nast\u0105pi\u0107 po przedstawieniu dowodu to\u017csamo\u015bci (potwierdzona kserokopia paszportu + faktura wskazuj\u0105ca adres zamieszkania).<\/p>\n\n<h2 class=\"wp-block-heading\">Aktualizacja niniejszej Polityki prywatno\u015bci<\/h2>\n\n<p>Okresowo aktualizujemy t\u0119 polityk\u0119. Konieczne jest sprawdzanie tej strony podczas korzystania z serwisu pod k\u0105tem zmian w polityce prywatno\u015bci.<\/p>\n\n<h2 class=\"wp-block-heading\">Linki kontekstowe do stron internetowych os\u00f3b trzecich<\/h2>\n\n<p>Nasza strona internetowa zawiera hiper\u0142\u0105cza do stron internetowych os\u00f3b trzecich. Nie mamy kontroli nad tymi witrynami i nie ponosimy odpowiedzialno\u015bci za ich polityk\u0119 prywatno\u015bci ani praktyki biznesowe lub marketingowe.<\/p>\n\n<p><\/p>\n","protected":false},"excerpt":{"rendered":"<p>Nasza polityka prywatno\u015bci usa-b2.com to strona informacyjna o mo\u017cliwych podr\u00f3\u017cach po Stanach Zjednoczonych. Witryna nie oferuje \u017cadnych us\u0142ug online. Jedynym formularzem na stronie jest formularz kontaktowy. Gromadzenie informacji na stronie Poni\u017cej znajduje si\u0119 lista danych osobowych, kt\u00f3re mog\u0105 by\u0107 gromadzone w naszej witrynie: Wykorzystanie zebranych danych W \u017cadnym wypadku nie przekazujemy Twoich danych osobowych stronom [&hellip;]<\/p>\n","protected":false},"author":1,"featured_media":0,"parent":0,"menu_order":0,"comment_status":"closed","ping_status":"closed","template":"","meta":{"footnotes":""},"class_list":["post-1020","page","type-page","status-publish","hentry"],"yoast_head":"<!-- This site is optimized with the Yoast SEO plugin v27.4 - https:\/\/yoast.com\/product\/yoast-seo-wordpress\/ -->\n<title>Polityka prywatno\u015bci - USA B2<\/title>\n<meta name=\"description\" content=\"Polityka prywatno\u015bci dla witryny usa-b2.com\" \/>\n<meta name=\"robots\" content=\"noindex, nofollow\" \/>\n<meta property=\"og:locale\" content=\"pl_PL\" \/>\n<meta property=\"og:type\" content=\"article\" \/>\n<meta property=\"og:title\" content=\"Polityka prywatno\u015bci - USA B2\" \/>\n<meta property=\"og:description\" content=\"Polityka prywatno\u015bci dla witryny usa-b2.com\" \/>\n<meta property=\"og:url\" content=\"https:\/\/usa-b2.com\/pl\/polityka-prywatnosci\/\" \/>\n<meta property=\"og:site_name\" content=\"USA B2\" \/>\n<meta property=\"article:modified_time\" content=\"2025-02-06T10:09:37+00:00\" \/>\n<meta name=\"twitter:card\" content=\"summary_large_image\" \/>\n<meta name=\"twitter:label1\" content=\"Szacowany czas czytania\" \/>\n\t<meta name=\"twitter:data1\" content=\"1 minuta\" \/>\n<script type=\"application\/ld+json\" class=\"yoast-schema-graph\">{\"@context\":\"https:\\\/\\\/schema.org\",\"@graph\":[{\"@type\":\"WebPage\",\"@id\":\"https:\\\/\\\/usa-b2.com\\\/pl\\\/polityka-prywatnosci\\\/\",\"url\":\"https:\\\/\\\/usa-b2.com\\\/pl\\\/polityka-prywatnosci\\\/\",\"name\":\"Polityka prywatno\u015bci - USA B2\",\"isPartOf\":{\"@id\":\"https:\\\/\\\/usa-b2.com\\\/pl\\\/#website\"},\"datePublished\":\"2024-02-19T17:16:58+00:00\",\"dateModified\":\"2025-02-06T10:09:37+00:00\",\"description\":\"Polityka prywatno\u015bci dla witryny usa-b2.com\",\"breadcrumb\":{\"@id\":\"https:\\\/\\\/usa-b2.com\\\/pl\\\/polityka-prywatnosci\\\/#breadcrumb\"},\"inLanguage\":\"pl-PL\",\"potentialAction\":[{\"@type\":\"ReadAction\",\"target\":[\"https:\\\/\\\/usa-b2.com\\\/pl\\\/polityka-prywatnosci\\\/\"]}]},{\"@type\":\"BreadcrumbList\",\"@id\":\"https:\\\/\\\/usa-b2.com\\\/pl\\\/polityka-prywatnosci\\\/#breadcrumb\",\"itemListElement\":[{\"@type\":\"ListItem\",\"position\":1,\"name\":\"Accueil\",\"item\":\"https:\\\/\\\/usa-b2.com\\\/pl\\\/usa\\\/\"},{\"@type\":\"ListItem\",\"position\":2,\"name\":\"Polityka prywatno\u015bci\"}]},{\"@type\":\"WebSite\",\"@id\":\"https:\\\/\\\/usa-b2.com\\\/pl\\\/#website\",\"url\":\"https:\\\/\\\/usa-b2.com\\\/pl\\\/\",\"name\":\"USA B2 VISA\",\"description\":\"\",\"potentialAction\":[{\"@type\":\"SearchAction\",\"target\":{\"@type\":\"EntryPoint\",\"urlTemplate\":\"https:\\\/\\\/usa-b2.com\\\/pl\\\/?s={search_term_string}\"},\"query-input\":{\"@type\":\"PropertyValueSpecification\",\"valueRequired\":true,\"valueName\":\"search_term_string\"}}],\"inLanguage\":\"pl-PL\"}]}<\/script>\n<!-- \/ Yoast SEO plugin. -->","yoast_head_json":{"title":"Polityka prywatno\u015bci - USA B2","description":"Polityka prywatno\u015bci dla witryny usa-b2.com","robots":{"index":"noindex","follow":"nofollow"},"og_locale":"pl_PL","og_type":"article","og_title":"Polityka prywatno\u015bci - USA B2","og_description":"Polityka prywatno\u015bci dla witryny usa-b2.com","og_url":"https:\/\/usa-b2.com\/pl\/polityka-prywatnosci\/","og_site_name":"USA B2","article_modified_time":"2025-02-06T10:09:37+00:00","twitter_card":"summary_large_image","twitter_misc":{"Szacowany czas czytania":"1 minuta"},"schema":{"@context":"https:\/\/schema.org","@graph":[{"@type":"WebPage","@id":"https:\/\/usa-b2.com\/pl\/polityka-prywatnosci\/","url":"https:\/\/usa-b2.com\/pl\/polityka-prywatnosci\/","name":"Polityka prywatno\u015bci - USA B2","isPartOf":{"@id":"https:\/\/usa-b2.com\/pl\/#website"},"datePublished":"2024-02-19T17:16:58+00:00","dateModified":"2025-02-06T10:09:37+00:00","description":"Polityka prywatno\u015bci dla witryny usa-b2.com","breadcrumb":{"@id":"https:\/\/usa-b2.com\/pl\/polityka-prywatnosci\/#breadcrumb"},"inLanguage":"pl-PL","potentialAction":[{"@type":"ReadAction","target":["https:\/\/usa-b2.com\/pl\/polityka-prywatnosci\/"]}]},{"@type":"BreadcrumbList","@id":"https:\/\/usa-b2.com\/pl\/polityka-prywatnosci\/#breadcrumb","itemListElement":[{"@type":"ListItem","position":1,"name":"Accueil","item":"https:\/\/usa-b2.com\/pl\/usa\/"},{"@type":"ListItem","position":2,"name":"Polityka prywatno\u015bci"}]},{"@type":"WebSite","@id":"https:\/\/usa-b2.com\/pl\/#website","url":"https:\/\/usa-b2.com\/pl\/","name":"USA B2 VISA","description":"","potentialAction":[{"@type":"SearchAction","target":{"@type":"EntryPoint","urlTemplate":"https:\/\/usa-b2.com\/pl\/?s={search_term_string}"},"query-input":{"@type":"PropertyValueSpecification","valueRequired":true,"valueName":"search_term_string"}}],"inLanguage":"pl-PL"}]}},"_links":{"self":[{"href":"https:\/\/usa-b2.com\/pl\/wp-json\/wp\/v2\/pages\/1020","targetHints":{"allow":["GET"]}}],"collection":[{"href":"https:\/\/usa-b2.com\/pl\/wp-json\/wp\/v2\/pages"}],"about":[{"href":"https:\/\/usa-b2.com\/pl\/wp-json\/wp\/v2\/types\/page"}],"author":[{"embeddable":true,"href":"https:\/\/usa-b2.com\/pl\/wp-json\/wp\/v2\/users\/1"}],"replies":[{"embeddable":true,"href":"https:\/\/usa-b2.com\/pl\/wp-json\/wp\/v2\/comments?post=1020"}],"version-history":[{"count":0,"href":"https:\/\/usa-b2.com\/pl\/wp-json\/wp\/v2\/pages\/1020\/revisions"}],"wp:attachment":[{"href":"https:\/\/usa-b2.com\/pl\/wp-json\/wp\/v2\/media?parent=1020"}],"curies":[{"name":"wp","href":"https:\/\/api.w.org\/{rel}","templated":true}]}}