{"id":9648,"date":"2025-08-16T10:09:01","date_gmt":"2025-08-16T10:09:01","guid":{"rendered":"https:\/\/usa-b2.com\/b2-visum-for-meksikaner\/"},"modified":"2025-08-21T13:00:35","modified_gmt":"2025-08-21T13:00:35","slug":"b2-visum-for-meksikaner","status":"publish","type":"page","link":"https:\/\/usa-b2.com\/no\/b2-visum-for-meksikaner\/","title":{"rendered":"\u00c5 f\u00e5 et B2-visum for en meksikaner"},"content":{"rendered":"\n<h1 class=\"wp-block-heading\">Hvordan f\u00e5 et B2-visum fra Mexico<\/h1>\n\n<h2 class=\"wp-block-heading\">Hva er det amerikanske B2-visumet?<\/h2>\n\n<p><strong>B2-visumet<\/strong> er et <a href=\"https:\/\/usa-b2.com\/no\/besoksvisum-usa\/\">bes\u00f8ksvisum<\/a> for personer som \u00f8nsker \u00e5 reise inn i USA for :<\/p>\n\n<ul class=\"wp-block-list\">\n<li>Turisme (ferier, utforsking av amerikanske byer, nasjonalparker osv.)<\/li>\n\n\n\n<li>Bes\u00f8ker familie eller venner<\/li>\n\n\n\n<li>Mottar medisinsk behandling<\/li>\n\n\n\n<li>Deltakelse i sosiale eller kulturelle arrangementer (konserter, konferanser, bryllup osv.)<\/li>\n<\/ul>\n\n<p>\u26a0\ufe0f V\u00e6r oppmerksom p\u00e5 at B2-visumet <strong>ikke gir deg rett til \u00e5 jobbe eller studere<\/strong> i USA.<\/p>\n\n<h2 class=\"wp-block-heading\">Kvalifikasjonskrav for meksikanske statsborgere<\/h2>\n\n<p>For \u00e5 f\u00e5 et B2-visum m\u00e5 den meksikanske s\u00f8keren dokumentere :<\/p>\n\n<ol class=\"wp-block-list\">\n<li>Intensjonen er \u00e5 returnere til Mexico etter endt reise.<\/li>\n\n\n\n<li>Inneha et gyldig meksikansk pass som er gyldig i minst seks m\u00e5neder etter den planlagte avreisedatoen fra USA.<\/li>\n\n\n\n<li>Et midlertidig opphold som er begrunnet i en reiserute, en invitasjon eller en reservasjon.<\/li>\n\n\n\n<li>Sterke b\u00e5nd i Mexico, for eksempel en jobb, en bedrift, eiendom eller familieb\u00e5nd.<\/li>\n\n\n\n<li>Tilstrekkelige \u00f8konomiske ressurser til \u00e5 dekke kostnadene ved oppholdet.<\/li>\n<\/ol>\n\n<div style=\"height:10px\" aria-hidden=\"true\" class=\"wp-block-spacer\"><\/div>\n\n<h2 class=\"wp-block-heading\">Den trinnvise s\u00f8knadsprosedyren<\/h2>\n\n<ol class=\"wp-block-list\">\n<li>Fyll ut <a href=\"https:\/\/usa-b2.com\/no\/ds-160\/\">skjema DS-160<\/a> p\u00e5 det amerikanske utenriksdepartementets offisielle nettside. Skjemaet fylles ut p\u00e5 nettet, og du m\u00e5 laste opp et nytt bilde i \u00f8nsket format. <\/li>\n\n\n\n<li>Betal <a href=\"https:\/\/usa-b2.com\/no\/b2-usa-visumavgifter\/\">visumavgiften<\/a>. B2-visumavgiften er <strong>185 USD<\/strong> og kan ikke refunderes. Betalingen gj\u00f8res p\u00e5 nettet eller p\u00e5 et autorisert senter.  <\/li>\n\n\n\n<li>Bestill <a href=\"https:\/\/usa-b2.com\/no\/utnevnelse-av-usas-ambassade\/\">time p\u00e5 nettsiden til USAs ambassade<\/a> i Mexico. Du m\u00e5 g\u00e5 til <strong>CAS (Centro de Atenci\u00f3n a Solicitantes)<\/strong> for \u00e5 ta fingeravtrykk og bilder. Deretter kan du bestille time p\u00e5 ambassaden eller konsulatet (Mexico by, Monterrey, Guadalajara, Tijuana osv.).  <\/li>\n\n\n\n<li>Best\u00e5 det konsul\u00e6re intervjuet. Du m\u00e5 ta med <strong>passet<\/strong> ditt, <strong>DS-160-bekreftelsen<\/strong>, <strong>kvittering for betaling<\/strong> og eventuelle dokumenter som beviser din tilknytning til Mexico. Den konsul\u00e6re saksbehandleren vil stille deg sp\u00f8rsm\u00e5l om inntekt, arbeid, familie og reiseplaner.  <\/li>\n\n\n\n<li>Hent ut visumet ditt. Hvis <strong>visumet<\/strong> ditt blir godkjent, vil <strong>B2-visumet<\/strong> ditt bli satt inn i passet ditt. <\/li>\n<\/ol>\n\n<div style=\"height:10px\" aria-hidden=\"true\" class=\"wp-block-spacer\"><\/div>\n\n<h2 class=\"wp-block-heading\">Tips for \u00e5 maksimere sjansene dine for \u00e5 f\u00e5<\/h2>\n\n<ul class=\"wp-block-list\">\n<li><strong>V\u00e6r \u00e6rlig og tydelig<\/strong> under intervjuet.<\/li>\n\n\n\n<li>Forbered <strong>bevis p\u00e5 at du har returnert til Mexico<\/strong> (arbeidskontrakt, skolegang, eiendomsdokumenter).<\/li>\n\n\n\n<li>Unng\u00e5 \u00e5 gi inntrykk av at du \u00f8nsker \u00e5 oppholde deg ulovlig i USA.<\/li>\n\n\n\n<li>Legg frem en <strong>realistisk reiseplan<\/strong> (billetter, reservasjoner, eventuell familieinvitasjon).<\/li>\n<\/ul>\n\n<p><\/p>\n","protected":false},"excerpt":{"rendered":"<p>Hvordan f\u00e5 et B2-visum fra Mexico Hva er det amerikanske B2-visumet? B2-visumet er et bes\u00f8ksvisum for personer som \u00f8nsker \u00e5 reise inn i USA for : \u26a0\ufe0f V\u00e6r oppmerksom p\u00e5 at B2-visumet ikke gir deg rett til \u00e5 jobbe eller studere i USA. Kvalifikasjonskrav for meksikanske statsborgere For \u00e5 f\u00e5 et B2-visum m\u00e5 den meksikanske [&hellip;]<\/p>\n","protected":false},"author":1,"featured_media":0,"parent":0,"menu_order":0,"comment_status":"closed","ping_status":"closed","template":"","meta":{"footnotes":""},"class_list":["post-9648","page","type-page","status-publish","hentry"],"yoast_head":"<!-- This site is optimized with the Yoast SEO plugin v27.0 - https:\/\/yoast.com\/product\/yoast-seo-wordpress\/ -->\n<title>\u00c5 f\u00e5 et B2-visum for en meksikaner - USA B2<\/title>\n<meta name=\"description\" content=\"Juridisk prosedyre og vilk\u00e5r for \u00e5 f\u00e5 et amerikansk B2-visum som meksikansk statsborger: kvalifisering, prosedyrer, kostnader og tidsfrister.\" \/>\n<meta name=\"robots\" content=\"index, follow, max-snippet:-1, max-image-preview:large, max-video-preview:-1\" \/>\n<link rel=\"canonical\" href=\"https:\/\/usa-b2.com\/no\/b2-visum-for-meksikaner\/\" \/>\n<meta property=\"og:locale\" content=\"nb_NO\" \/>\n<meta property=\"og:type\" content=\"article\" \/>\n<meta property=\"og:title\" content=\"\u00c5 f\u00e5 et B2-visum for en meksikaner - USA B2\" \/>\n<meta property=\"og:description\" content=\"Juridisk prosedyre og vilk\u00e5r for \u00e5 f\u00e5 et amerikansk B2-visum som meksikansk statsborger: kvalifisering, prosedyrer, kostnader og tidsfrister.\" \/>\n<meta property=\"og:url\" content=\"https:\/\/usa-b2.com\/no\/b2-visum-for-meksikaner\/\" \/>\n<meta property=\"og:site_name\" content=\"USA B2\" \/>\n<meta property=\"article:modified_time\" content=\"2025-08-21T13:00:35+00:00\" \/>\n<meta name=\"twitter:card\" content=\"summary_large_image\" \/>\n<meta name=\"twitter:label1\" content=\"Ansl. lesetid\" \/>\n\t<meta name=\"twitter:data1\" content=\"2 minutter\" \/>\n<script type=\"application\/ld+json\" class=\"yoast-schema-graph\">{\"@context\":\"https:\/\/schema.org\",\"@graph\":[{\"@type\":\"WebPage\",\"@id\":\"https:\/\/usa-b2.com\/no\/b2-visum-for-meksikaner\/\",\"url\":\"https:\/\/usa-b2.com\/no\/b2-visum-for-meksikaner\/\",\"name\":\"\u00c5 f\u00e5 et B2-visum for en meksikaner - USA B2\",\"isPartOf\":{\"@id\":\"https:\/\/usa-b2.com\/no\/#website\"},\"datePublished\":\"2025-08-16T10:09:01+00:00\",\"dateModified\":\"2025-08-21T13:00:35+00:00\",\"description\":\"Juridisk prosedyre og vilk\u00e5r for \u00e5 f\u00e5 et amerikansk B2-visum som meksikansk statsborger: kvalifisering, prosedyrer, kostnader og tidsfrister.\",\"breadcrumb\":{\"@id\":\"https:\/\/usa-b2.com\/no\/b2-visum-for-meksikaner\/#breadcrumb\"},\"inLanguage\":\"nb-NO\",\"potentialAction\":[{\"@type\":\"ReadAction\",\"target\":[\"https:\/\/usa-b2.com\/no\/b2-visum-for-meksikaner\/\"]}]},{\"@type\":\"BreadcrumbList\",\"@id\":\"https:\/\/usa-b2.com\/no\/b2-visum-for-meksikaner\/#breadcrumb\",\"itemListElement\":[{\"@type\":\"ListItem\",\"position\":1,\"name\":\"Accueil\",\"item\":\"https:\/\/usa-b2.com\/no\/guide-roadtrips\/\"},{\"@type\":\"ListItem\",\"position\":2,\"name\":\"\u00c5 f\u00e5 et B2-visum for en meksikaner\"}]},{\"@type\":\"WebSite\",\"@id\":\"https:\/\/usa-b2.com\/no\/#website\",\"url\":\"https:\/\/usa-b2.com\/no\/\",\"name\":\"USA B2 VISA\",\"description\":\"\",\"potentialAction\":[{\"@type\":\"SearchAction\",\"target\":{\"@type\":\"EntryPoint\",\"urlTemplate\":\"https:\/\/usa-b2.com\/no\/?s={search_term_string}\"},\"query-input\":{\"@type\":\"PropertyValueSpecification\",\"valueRequired\":true,\"valueName\":\"search_term_string\"}}],\"inLanguage\":\"nb-NO\"}]}<\/script>\n<!-- \/ Yoast SEO plugin. -->","yoast_head_json":{"title":"\u00c5 f\u00e5 et B2-visum for en meksikaner - USA B2","description":"Juridisk prosedyre og vilk\u00e5r for \u00e5 f\u00e5 et amerikansk B2-visum som meksikansk statsborger: kvalifisering, prosedyrer, kostnader og tidsfrister.","robots":{"index":"index","follow":"follow","max-snippet":"max-snippet:-1","max-image-preview":"max-image-preview:large","max-video-preview":"max-video-preview:-1"},"canonical":"https:\/\/usa-b2.com\/no\/b2-visum-for-meksikaner\/","og_locale":"nb_NO","og_type":"article","og_title":"\u00c5 f\u00e5 et B2-visum for en meksikaner - USA B2","og_description":"Juridisk prosedyre og vilk\u00e5r for \u00e5 f\u00e5 et amerikansk B2-visum som meksikansk statsborger: kvalifisering, prosedyrer, kostnader og tidsfrister.","og_url":"https:\/\/usa-b2.com\/no\/b2-visum-for-meksikaner\/","og_site_name":"USA B2","article_modified_time":"2025-08-21T13:00:35+00:00","twitter_card":"summary_large_image","twitter_misc":{"Ansl. lesetid":"2 minutter"},"schema":{"@context":"https:\/\/schema.org","@graph":[{"@type":"WebPage","@id":"https:\/\/usa-b2.com\/no\/b2-visum-for-meksikaner\/","url":"https:\/\/usa-b2.com\/no\/b2-visum-for-meksikaner\/","name":"\u00c5 f\u00e5 et B2-visum for en meksikaner - USA B2","isPartOf":{"@id":"https:\/\/usa-b2.com\/no\/#website"},"datePublished":"2025-08-16T10:09:01+00:00","dateModified":"2025-08-21T13:00:35+00:00","description":"Juridisk prosedyre og vilk\u00e5r for \u00e5 f\u00e5 et amerikansk B2-visum som meksikansk statsborger: kvalifisering, prosedyrer, kostnader og tidsfrister.","breadcrumb":{"@id":"https:\/\/usa-b2.com\/no\/b2-visum-for-meksikaner\/#breadcrumb"},"inLanguage":"nb-NO","potentialAction":[{"@type":"ReadAction","target":["https:\/\/usa-b2.com\/no\/b2-visum-for-meksikaner\/"]}]},{"@type":"BreadcrumbList","@id":"https:\/\/usa-b2.com\/no\/b2-visum-for-meksikaner\/#breadcrumb","itemListElement":[{"@type":"ListItem","position":1,"name":"Accueil","item":"https:\/\/usa-b2.com\/no\/guide-roadtrips\/"},{"@type":"ListItem","position":2,"name":"\u00c5 f\u00e5 et B2-visum for en meksikaner"}]},{"@type":"WebSite","@id":"https:\/\/usa-b2.com\/no\/#website","url":"https:\/\/usa-b2.com\/no\/","name":"USA B2 VISA","description":"","potentialAction":[{"@type":"SearchAction","target":{"@type":"EntryPoint","urlTemplate":"https:\/\/usa-b2.com\/no\/?s={search_term_string}"},"query-input":{"@type":"PropertyValueSpecification","valueRequired":true,"valueName":"search_term_string"}}],"inLanguage":"nb-NO"}]}},"_links":{"self":[{"href":"https:\/\/usa-b2.com\/no\/wp-json\/wp\/v2\/pages\/9648","targetHints":{"allow":["GET"]}}],"collection":[{"href":"https:\/\/usa-b2.com\/no\/wp-json\/wp\/v2\/pages"}],"about":[{"href":"https:\/\/usa-b2.com\/no\/wp-json\/wp\/v2\/types\/page"}],"author":[{"embeddable":true,"href":"https:\/\/usa-b2.com\/no\/wp-json\/wp\/v2\/users\/1"}],"replies":[{"embeddable":true,"href":"https:\/\/usa-b2.com\/no\/wp-json\/wp\/v2\/comments?post=9648"}],"version-history":[{"count":1,"href":"https:\/\/usa-b2.com\/no\/wp-json\/wp\/v2\/pages\/9648\/revisions"}],"predecessor-version":[{"id":9649,"href":"https:\/\/usa-b2.com\/no\/wp-json\/wp\/v2\/pages\/9648\/revisions\/9649"}],"wp:attachment":[{"href":"https:\/\/usa-b2.com\/no\/wp-json\/wp\/v2\/media?parent=9648"}],"curies":[{"name":"wp","href":"https:\/\/api.w.org\/{rel}","templated":true}]}}