{"id":9522,"date":"2025-06-17T09:41:35","date_gmt":"2025-06-17T09:41:35","guid":{"rendered":"https:\/\/usa-b2.com\/policy-of-cookies\/"},"modified":"2025-06-17T09:41:35","modified_gmt":"2025-06-17T09:41:35","slug":"policy-of-cookies","status":"publish","type":"page","link":"https:\/\/usa-b2.com\/no\/policy-of-cookies\/","title":{"rendered":"Retningslinjer for informasjonskapsler"},"content":{"rendered":"\n<!-- Legal document generated by Complianz | GDPR\/CCPA Cookie Consent https:\/\/wordpress.org\/plugins\/complianz-gdpr -->\n<div id=\"cmplz-document\" class=\"cmplz-document cookie-statement cmplz-document-eu\"><p><i>Denne informasjonskapselerkl\u00e6ringen ble sist oppdatert den juli 23, 2025 og gjelder for borgere og innbyggere med lovlig permanent opphold i det europeiske \u00f8konomiske samarbeidsomr\u00e5det (E\u00d8S) og Sveits.<\/i><br><\/p><h2>1. Introduksjon<\/h2><p>V\u00e5rt nettsted, <a href=\"https:\/\/usa-b2.com\/no\/\">https:\/\/usa-b2.com\/no\/<\/a> (heretter kalt: \u201dnettstedet\u201d) benytter cookies og annen relatert teknologi (for enkelhets skyld er relatert teknologi ogs\u00e5 omtalt som \u00abcookies\u00bb). Cookies er ogs\u00e5 plassert av tredjeparts akt\u00f8rer vi har engasjert. I dokumentet under informerer vi om bruken av cookies p\u00e5 v\u00e5rt nettsted.<\/p><h2>2. Hva er cookies?<\/h2><p>En informasjonskapsel er en enkel liten fil som er sendt sammen med sider i dette nettstedet og er lagret av din nettleser p\u00e5 din datamaskins harddisk eller en annen enhet. Opplysninger som er lagret der kan bli returnert til v\u00e5re servere, eller til servere som tilh\u00f8rer de relevante tredjeparts-akt\u00f8rene, i l\u00f8pet av et senere bes\u00f8k.<\/p><h2>3. Hva er skript?<\/h2><p>Et skript er en del av en programkode som er brukt til \u00e5 sikre at v\u00e5r webside fungerer riktig og interaktivt. Denne koden kj\u00f8res p\u00e5 v\u00e5r server eller p\u00e5 din enhet.<\/p><h2>4. Hva er en web beacon?<\/h2><p>En web beacon (eller pixel tag) er en liten, usynlig del av en tekst eller et bilde p\u00e5 en nettside som er brukt til \u00e5 overv\u00e5ke trafikken p\u00e5 en nettside. For \u00e5 f\u00e5 til dette, blir en del data om deg lagret ved bruk av web beacon.<\/p><h2>5. Cookies<\/h2><p class=\"cmplz-subtitle\">5.1 Tekniske eller funksjonelle informasjonskapsler<\/p><p>Noen informasjonskapsler sikrer at enkelte deler av nettstedet fungerer som det skal og at brukerpreferansene dine forblir kjent. Ved \u00e5 plassere funksjonelle informasjonskapsler gj\u00f8r vi det enklere for deg \u00e5 bes\u00f8ke nettstedet v\u00e5rt. P\u00e5 denne m\u00e5ten trenger du ikke gjentatte ganger \u00e5 legge inn den samme informasjonen n\u00e5r du bes\u00f8ker nettsiden v\u00e5r og for eksempel blir varene liggende i handlekurven din til du har betalt. Vi kan plassere disse informasjonskapslene uten ditt samtykke.<\/p><h2>6. Plasserte cookies<\/h2><div id=\"cmplz-cookies-overview\"><details class=\"cmplz-dropdown cmplz-service-desc cmplz-dropdown-cookiepolicy \">\n\t<summary class=\"cmplz-service-header\"><div>\n\t\t<h3>WPML<\/h3>\n\t\t<p>Form\u00e5l venter p\u00e5 kontroll<\/p>\n\t\t<label for=\"cmplz_service_wpml\" class=\"cmplz_consent_per_service_label\"><span class=\"screen-reader-text\">Consent to service wpml<\/span><\/label>\n\t\t<input type=\"checkbox\" id=\"cmplz_service_wpml\" class=\"cmplz-accept-service cmplz-hidden\" data-service=\"wpml\" data-category=\"functional\"><\/div>\n\t<\/summary>\n\t<div class=\"cmplz-service-description\">\n\t\t<h4>Bruk<\/h4>\n\t\t<p><\/p>\n\t<\/div>\n\t<div class=\"cmplz-sharing-data\">\n\t\t<h4>Deling av data<\/h4>\n\t\t<p>Disse data er ikke delt med tredjeparts-akt\u00f8rer.<\/p>\n\t<\/div>\n\t<div class=\"cookies-per-purpose\">\n    <div class=\"purpose\"><h4>Form\u00e5l venter p\u00e5 kontroll<\/h4><\/div>\n    <div class=\"name-header\">\n\t<h5>Navn<\/h5>\n<\/div>\n<div class=\"name\"><a target=\"_blank\" rel=\"noopener noreferrer nofollow\" href=\"https:\/\/cookiedatabase.org\/cookie\/unknown-service\/wp-wpml_current_language\/\">wp-wpml_current_language<\/a><\/div>\n<div class=\"retention-header\">\n\t<h5>Utl\u00f8p<\/h5>\n<\/div>\n<div class=\"retention\"><\/div>\n<div class=\"function-header\">\n\t<h5>Funksjon<\/h5>\n<\/div>\n<div class=\"function\"><\/div>\n\n<\/div>\n<\/details>\n<details class=\"cmplz-dropdown cmplz-service-desc cmplz-dropdown-cookiepolicy \">\n\t<summary class=\"cmplz-service-header\"><div>\n\t\t<h3>Complianz<\/h3>\n\t\t<p>Form\u00e5l venter p\u00e5 kontroll<\/p>\n\t\t<label for=\"cmplz_service_complianz\" class=\"cmplz_consent_per_service_label\"><span class=\"screen-reader-text\">Consent to service complianz<\/span><\/label>\n\t\t<input type=\"checkbox\" id=\"cmplz_service_complianz\" class=\"cmplz-accept-service cmplz-hidden\" data-service=\"complianz\" data-category=\"functional\"><\/div>\n\t<\/summary>\n\t<div class=\"cmplz-service-description\">\n\t\t<h4>Bruk<\/h4>\n\t\t<p><\/p>\n\t<\/div>\n\t<div class=\"cmplz-sharing-data\">\n\t\t<h4>Deling av data<\/h4>\n\t\t<p>Disse data er ikke delt med tredjeparts-akt\u00f8rer.&nbsp;For mer informasjon, les <a target=\"_blank\" rel=\"noopener noreferrer\" href=\"https:\/\/complianz.io\/legal\/privacy-statement\/\">Complianz Personvernerkl\u00e6ringen<\/a>.<\/p>\n\t<\/div>\n\t<div class=\"cookies-per-purpose\">\n    <div class=\"purpose\"><h4>Form\u00e5l venter p\u00e5 kontroll<\/h4><\/div>\n    <div class=\"name-header\">\n\t<h5>Navn<\/h5>\n<\/div>\n<div class=\"name\"><a target=\"_blank\" rel=\"noopener noreferrer nofollow\" href=\"https:\/\/cookiedatabase.org\/cookie\/unknown-service\/cmplz_consented_services\/\">cmplz_consented_services<\/a><\/div>\n<div class=\"retention-header\">\n\t<h5>Utl\u00f8p<\/h5>\n<\/div>\n<div class=\"retention\">365 dager<\/div>\n<div class=\"function-header\">\n\t<h5>Funksjon<\/h5>\n<\/div>\n<div class=\"function\"><\/div>\n<div class=\"name-header\">\n\t<h5>Navn<\/h5>\n<\/div>\n<div class=\"name\"><a target=\"_blank\" rel=\"noopener noreferrer nofollow\" href=\"https:\/\/cookiedatabase.org\/cookie\/unknown-service\/cmplz_marketing\/\">cmplz_marketing<\/a><\/div>\n<div class=\"retention-header\">\n\t<h5>Utl\u00f8p<\/h5>\n<\/div>\n<div class=\"retention\">365 dager<\/div>\n<div class=\"function-header\">\n\t<h5>Funksjon<\/h5>\n<\/div>\n<div class=\"function\"><\/div>\n<div class=\"name-header\">\n\t<h5>Navn<\/h5>\n<\/div>\n<div class=\"name\"><a target=\"_blank\" rel=\"noopener noreferrer nofollow\" href=\"https:\/\/cookiedatabase.org\/cookie\/unknown-service\/cmplz_preferences\/\">cmplz_preferences<\/a><\/div>\n<div class=\"retention-header\">\n\t<h5>Utl\u00f8p<\/h5>\n<\/div>\n<div class=\"retention\">365 dager<\/div>\n<div class=\"function-header\">\n\t<h5>Funksjon<\/h5>\n<\/div>\n<div class=\"function\"><\/div>\n<div class=\"name-header\">\n\t<h5>Navn<\/h5>\n<\/div>\n<div class=\"name\"><a target=\"_blank\" rel=\"noopener noreferrer nofollow\" href=\"https:\/\/cookiedatabase.org\/cookie\/unknown-service\/cmplz_functional\/\">cmplz_functional<\/a><\/div>\n<div class=\"retention-header\">\n\t<h5>Utl\u00f8p<\/h5>\n<\/div>\n<div class=\"retention\">365 dager<\/div>\n<div class=\"function-header\">\n\t<h5>Funksjon<\/h5>\n<\/div>\n<div class=\"function\"><\/div>\n\n<\/div>\n<\/details>\n<details class=\"cmplz-dropdown cmplz-service-desc cmplz-dropdown-cookiepolicy \">\n\t<summary class=\"cmplz-service-header\"><div>\n\t\t<h3>WordPress<\/h3>\n\t\t<p>Form\u00e5l venter p\u00e5 kontroll<\/p>\n\t\t<label for=\"cmplz_service_wordpress\" class=\"cmplz_consent_per_service_label\"><span class=\"screen-reader-text\">Consent to service wordpress<\/span><\/label>\n\t\t<input type=\"checkbox\" id=\"cmplz_service_wordpress\" class=\"cmplz-accept-service cmplz-hidden\" data-service=\"wordpress\" data-category=\"functional\"><\/div>\n\t<\/summary>\n\t<div class=\"cmplz-service-description\">\n\t\t<h4>Bruk<\/h4>\n\t\t<p><\/p>\n\t<\/div>\n\t<div class=\"cmplz-sharing-data\">\n\t\t<h4>Deling av data<\/h4>\n\t\t<p>Disse data er ikke delt med tredjeparts-akt\u00f8rer.<\/p>\n\t<\/div>\n\t<div class=\"cookies-per-purpose\">\n    <div class=\"purpose\"><h4>Form\u00e5l venter p\u00e5 kontroll<\/h4><\/div>\n    <div class=\"name-header\">\n\t<h5>Navn<\/h5>\n<\/div>\n<div class=\"name\">wp-settings-time-1<\/div>\n<div class=\"retention-header\">\n\t<h5>Utl\u00f8p<\/h5>\n<\/div>\n<div class=\"retention\"><\/div>\n<div class=\"function-header\">\n\t<h5>Funksjon<\/h5>\n<\/div>\n<div class=\"function\"><\/div>\n<div class=\"name-header\">\n\t<h5>Navn<\/h5>\n<\/div>\n<div class=\"name\"><a target=\"_blank\" rel=\"noopener noreferrer nofollow\" href=\"https:\/\/cookiedatabase.org\/cookie\/unknown-service\/wordpress_test_cookie\/\">wordpress_test_cookie<\/a><\/div>\n<div class=\"retention-header\">\n\t<h5>Utl\u00f8p<\/h5>\n<\/div>\n<div class=\"retention\"><\/div>\n<div class=\"function-header\">\n\t<h5>Funksjon<\/h5>\n<\/div>\n<div class=\"function\"><\/div>\n<div class=\"name-header\">\n\t<h5>Navn<\/h5>\n<\/div>\n<div class=\"name\"><a target=\"_blank\" rel=\"noopener noreferrer nofollow\" href=\"https:\/\/cookiedatabase.org\/cookie\/unknown-service\/wordpress_logged_in_\/\">wordpress_logged_in_*<\/a><\/div>\n<div class=\"retention-header\">\n\t<h5>Utl\u00f8p<\/h5>\n<\/div>\n<div class=\"retention\"><\/div>\n<div class=\"function-header\">\n\t<h5>Funksjon<\/h5>\n<\/div>\n<div class=\"function\"><\/div>\n\n<\/div>\n<\/details>\n<details class=\"cmplz-dropdown cmplz-service-desc cmplz-dropdown-cookiepolicy \">\n\t<summary class=\"cmplz-service-header\"><div>\n\t\t<h3>Diverse<\/h3>\n\t\t<p>Form\u00e5l venter p\u00e5 kontroll<\/p>\n\t\t<label for=\"cmplz_service_diverse\" class=\"cmplz_consent_per_service_label\"><span class=\"screen-reader-text\">Consent to service diverse<\/span><\/label>\n\t\t<input type=\"checkbox\" id=\"cmplz_service_diverse\" class=\"cmplz-accept-service cmplz-hidden\" data-service=\"diverse\" data-category=\"functional\"><\/div>\n\t<\/summary>\n\t<div class=\"cmplz-service-description\">\n\t\t<h4>Bruk<\/h4>\n\t\t<p><\/p>\n\t<\/div>\n\t<div class=\"cmplz-sharing-data\">\n\t\t<h4>Deling av data<\/h4>\n\t\t<p>Deling av data venter p\u00e5 revidering<\/p>\n\t<\/div>\n\t<div class=\"cookies-per-purpose\">\n    <div class=\"purpose\"><h4>Form\u00e5l venter p\u00e5 kontroll<\/h4><\/div>\n    <div class=\"name-header\">\n\t<h5>Navn<\/h5>\n<\/div>\n<div class=\"name\">ate-maiya-info_36616334-3432-5634-b361-303632653164<\/div>\n<div class=\"retention-header\">\n\t<h5>Utl\u00f8p<\/h5>\n<\/div>\n<div class=\"retention\"><\/div>\n<div class=\"function-header\">\n\t<h5>Funksjon<\/h5>\n<\/div>\n<div class=\"function\"><\/div>\n<div class=\"name-header\">\n\t<h5>Navn<\/h5>\n<\/div>\n<div class=\"name\">mp_tab_id_mixpanel_150605b3b9f979922f2ac5a52e2dcfe9<\/div>\n<div class=\"retention-header\">\n\t<h5>Utl\u00f8p<\/h5>\n<\/div>\n<div class=\"retention\"><\/div>\n<div class=\"function-header\">\n\t<h5>Funksjon<\/h5>\n<\/div>\n<div class=\"function\"><\/div>\n<div class=\"name-header\">\n\t<h5>Navn<\/h5>\n<\/div>\n<div class=\"name\">mp_gen_new_tab_id_mixpanel_150605b3b9f979922f2ac5a52e2dcfe9<\/div>\n<div class=\"retention-header\">\n\t<h5>Utl\u00f8p<\/h5>\n<\/div>\n<div class=\"retention\"><\/div>\n<div class=\"function-header\">\n\t<h5>Funksjon<\/h5>\n<\/div>\n<div class=\"function\"><\/div>\n<div class=\"name-header\">\n\t<h5>Navn<\/h5>\n<\/div>\n<div class=\"name\">cmplz_policy_id<\/div>\n<div class=\"retention-header\">\n\t<h5>Utl\u00f8p<\/h5>\n<\/div>\n<div class=\"retention\">365 dager<\/div>\n<div class=\"function-header\">\n\t<h5>Funksjon<\/h5>\n<\/div>\n<div class=\"function\"><\/div>\n<div class=\"name-header\">\n\t<h5>Navn<\/h5>\n<\/div>\n<div class=\"name\">cmplz_statistics<\/div>\n<div class=\"retention-header\">\n\t<h5>Utl\u00f8p<\/h5>\n<\/div>\n<div class=\"retention\">365 dager<\/div>\n<div class=\"function-header\">\n\t<h5>Funksjon<\/h5>\n<\/div>\n<div class=\"function\"><\/div>\n<div class=\"name-header\">\n\t<h5>Navn<\/h5>\n<\/div>\n<div class=\"name\">cmplz_banner-status<\/div>\n<div class=\"retention-header\">\n\t<h5>Utl\u00f8p<\/h5>\n<\/div>\n<div class=\"retention\">365 dager<\/div>\n<div class=\"function-header\">\n\t<h5>Funksjon<\/h5>\n<\/div>\n<div class=\"function\"><\/div>\n\n<\/div>\n<\/details>\n<\/div><h2>7. Samtykke<\/h2><p>N\u00e5r du bes\u00f8ker nettstedet v\u00e5rt for f\u00f8rste gang, vil vi vise deg en pop-up med en forklaring om informasjonskapsler. S\u00e5 snart du klikker p\u00e5 \"Lagre preferanser\", samtykker du til at vi bruker alle informasjonskapsler og utvidelsesmoduler som beskrevet i popup-vinduet og erkl\u00e6ringen for informasjonskapsler. Du kan sl\u00e5 av bruken av informasjonskapsler via nettleseren din, men v\u00e6r oppmerksom p\u00e5 at nettstedet v\u00e5rt da kanskje ikke lenger fungerer som det skal.<\/p><p class=\"cmplz-subtitle\">7.1 Administrer samtykkeinnstillingene dine<\/p><div id=\"cmplz-manage-consent-container-nojavascript\">Du har lastet infokapsel-erkl\u00e6ringen uten st\u00f8tte for javascript.&nbsp;P\u00e5 AMP kan du bruke administrer samtykke-knappen nederst p\u00e5 siden.<\/div><div id=\"cmplz-manage-consent-container\" class=\"cmplz-manage-consent-container\"><\/div><h2>8. Sl\u00e5 p\u00e5\/av og sletting av informasjonskapsler<\/h2><p>Du kan bruke nettleseren til automatisk eller manuelt \u00e5 slette cookies. Du kan ogs\u00e5 spesifisere at visse cookies ikke kan plasseres. Et annet alternativ er \u00e5 endre innstillingene for nettleseren din slik at du mottar en melding hver gang en cookies plasseres. For mer informasjon om disse alternativene, se instruksjonene i Hjelp-delen i nettleseren.<\/p><p>Merk at nettstedet v\u00e5rt kanskje ikke vil fungere skikkelig hvis alle infokapsler er sl\u00e5tt av. Hvis du sletter alle infokapsler i nettleseren din, vil de komme tilbake igjen hvis du samtykker til det n\u00e5r du bes\u00f8ker nettstedet v\u00e5rt igjen.<\/p><h2>9. Dine rettigheter med hensyn til dine personlige data<\/h2><p>Du har f\u00f8lgende rettigheter med hensyn til dine personopplysninger:<\/p><ul>\n                    <li>Du har krav p\u00e5 \u00e5 f\u00e5 vite hvorfor dine personopplysninger trengs, hva som vil skje med dem, og hvor lenge de vil bli oppbevart.<\/li>\n                    <li>Rett til innsyn: Du har rett til innsyn i dine personopplysninger som er kjent for oss.<\/li>\n                    <li>Rett til retting: Du har rett til \u00e5 tilf\u00f8ye, korrigere, og \u00e5 ha dine personlige data slettet eller blokkert n\u00e5r du m\u00e5tte \u00f8nske det..<\/li>\n                    <li>Hvis du gir oss ditt samtykke til \u00e5 behandle dataene dine, har du rett til \u00e5 tilbakekalle samtykket og \u00e5 f\u00e5 dine personlige data slettet.<\/li>\n                    <li>Rett til \u00e5 overf\u00f8re dine data: du har rett til \u00e5 be om alle dine personopplysninger fra behandlingsansvarlig og overf\u00f8re dem i sin helhet til en annen behandlingsansvarlig.<\/li>\n                    <li>Rett til \u00e5 nekte: Du kan nekte at dine data blir behandlet. Vi etterkommer dette med mindre det er berettige grunner for behandling.<\/li>\n                <\/ul><p>For \u00e5 ut\u00f8ve disse rettighetene, kontakt oss. Se kontaktinformasjonen nederst i denne infokapsel-erkl\u00e6ringen. Hvis du har en klage p\u00e5 hvordan vi h\u00e5ndterer opplysningene dine, vil vi gjerne h\u00f8re fra deg, men du har ogs\u00e5 rett til \u00e5 sende inn en klage til tilsynsmyndigheten (Datatilsynet).<\/p><h2>10. Kontaktdetaljer<\/h2><p>For sp\u00f8rsm\u00e5l og\/eller kommentarer om v\u00e5re retningslinjer for informasjonskapsler og denne erkl\u00e6ringen, kontakt oss ved \u00e5 bruke f\u00f8lgende kontaktinformasjon:<\/p><p><span class=\"cmplz-contact-organisation\">ALMA CONSULTING LTD<\/span><br>\n                      <span class=\"cmplz-contact-address\">80 Triq IL-Mensija, St Julians, STJ1960 Malta<\/span><br>\n                      <span class=\"cmplz-contact-country\">Malta<\/span><br>\n                    Nettsted: <span class=\"cmplz-contact-domain\"><a href=\"https:\/\/usa-b2.com\/no\/\">https:\/\/usa-b2.com\/no\/<\/a><\/span><br>\n                    E-post: <span class=\"cmplz-contact-email\"><span class=\"cmplz-obfuscate\">c&#111;n&#116;act@<span class=\"cmplz-fmail-domain\">e&#120;.c&#111;&#109;<\/span>&#097;&#108;&#109;a-c&#111;n&#115;&#117;lti&#110;g&#046;&#111;r&#103;<\/span><\/span><br>\n                    <span class=\"cmplz-contact-telephone\">Telefonnr: 99669996<\/span><\/p><p>Denne infokapsel-erkl\u00e6ringen ble synkronisert med <a href=\"https:\/\/cookiedatabase.org\/\" target=\"_blank\">cookiedatabase.org<\/a> november 26, 2025.<\/p><\/div>\n","protected":false},"excerpt":{"rendered":"","protected":false},"author":1,"featured_media":0,"parent":0,"menu_order":0,"comment_status":"closed","ping_status":"closed","template":"","meta":{"footnotes":""},"class_list":["post-9522","page","type-page","status-publish","hentry"],"yoast_head":"<!-- This site is optimized with the Yoast SEO plugin v27.0 - https:\/\/yoast.com\/product\/yoast-seo-wordpress\/ -->\n<title>Retningslinjer for informasjonskapsler - USA B2<\/title>\n<meta name=\"robots\" content=\"index, follow, max-snippet:-1, max-image-preview:large, max-video-preview:-1\" \/>\n<link rel=\"canonical\" href=\"https:\/\/usa-b2.com\/no\/policy-of-cookies\/\" \/>\n<meta property=\"og:locale\" content=\"nb_NO\" \/>\n<meta property=\"og:type\" content=\"article\" \/>\n<meta property=\"og:title\" content=\"Retningslinjer for informasjonskapsler - USA B2\" \/>\n<meta property=\"og:url\" content=\"https:\/\/usa-b2.com\/no\/policy-of-cookies\/\" \/>\n<meta property=\"og:site_name\" content=\"USA B2\" \/>\n<meta name=\"twitter:card\" content=\"summary_large_image\" \/>\n<script type=\"application\/ld+json\" class=\"yoast-schema-graph\">{\"@context\":\"https:\/\/schema.org\",\"@graph\":[{\"@type\":\"WebPage\",\"@id\":\"https:\/\/usa-b2.com\/no\/policy-of-cookies\/\",\"url\":\"https:\/\/usa-b2.com\/no\/policy-of-cookies\/\",\"name\":\"Retningslinjer for informasjonskapsler - USA B2\",\"isPartOf\":{\"@id\":\"https:\/\/usa-b2.com\/no\/#website\"},\"datePublished\":\"2025-06-17T09:41:35+00:00\",\"breadcrumb\":{\"@id\":\"https:\/\/usa-b2.com\/no\/policy-of-cookies\/#breadcrumb\"},\"inLanguage\":\"nb-NO\",\"potentialAction\":[{\"@type\":\"ReadAction\",\"target\":[\"https:\/\/usa-b2.com\/no\/policy-of-cookies\/\"]}]},{\"@type\":\"BreadcrumbList\",\"@id\":\"https:\/\/usa-b2.com\/no\/policy-of-cookies\/#breadcrumb\",\"itemListElement\":[{\"@type\":\"ListItem\",\"position\":1,\"name\":\"Accueil\",\"item\":\"https:\/\/usa-b2.com\/no\/guide-roadtrips\/\"},{\"@type\":\"ListItem\",\"position\":2,\"name\":\"Retningslinjer for informasjonskapsler\"}]},{\"@type\":\"WebSite\",\"@id\":\"https:\/\/usa-b2.com\/no\/#website\",\"url\":\"https:\/\/usa-b2.com\/no\/\",\"name\":\"USA B2 VISA\",\"description\":\"\",\"potentialAction\":[{\"@type\":\"SearchAction\",\"target\":{\"@type\":\"EntryPoint\",\"urlTemplate\":\"https:\/\/usa-b2.com\/no\/?s={search_term_string}\"},\"query-input\":{\"@type\":\"PropertyValueSpecification\",\"valueRequired\":true,\"valueName\":\"search_term_string\"}}],\"inLanguage\":\"nb-NO\"}]}<\/script>\n<!-- \/ Yoast SEO plugin. -->","yoast_head_json":{"title":"Retningslinjer for informasjonskapsler - USA B2","robots":{"index":"index","follow":"follow","max-snippet":"max-snippet:-1","max-image-preview":"max-image-preview:large","max-video-preview":"max-video-preview:-1"},"canonical":"https:\/\/usa-b2.com\/no\/policy-of-cookies\/","og_locale":"nb_NO","og_type":"article","og_title":"Retningslinjer for informasjonskapsler - USA B2","og_url":"https:\/\/usa-b2.com\/no\/policy-of-cookies\/","og_site_name":"USA B2","twitter_card":"summary_large_image","schema":{"@context":"https:\/\/schema.org","@graph":[{"@type":"WebPage","@id":"https:\/\/usa-b2.com\/no\/policy-of-cookies\/","url":"https:\/\/usa-b2.com\/no\/policy-of-cookies\/","name":"Retningslinjer for informasjonskapsler - USA B2","isPartOf":{"@id":"https:\/\/usa-b2.com\/no\/#website"},"datePublished":"2025-06-17T09:41:35+00:00","breadcrumb":{"@id":"https:\/\/usa-b2.com\/no\/policy-of-cookies\/#breadcrumb"},"inLanguage":"nb-NO","potentialAction":[{"@type":"ReadAction","target":["https:\/\/usa-b2.com\/no\/policy-of-cookies\/"]}]},{"@type":"BreadcrumbList","@id":"https:\/\/usa-b2.com\/no\/policy-of-cookies\/#breadcrumb","itemListElement":[{"@type":"ListItem","position":1,"name":"Accueil","item":"https:\/\/usa-b2.com\/no\/guide-roadtrips\/"},{"@type":"ListItem","position":2,"name":"Retningslinjer for informasjonskapsler"}]},{"@type":"WebSite","@id":"https:\/\/usa-b2.com\/no\/#website","url":"https:\/\/usa-b2.com\/no\/","name":"USA B2 VISA","description":"","potentialAction":[{"@type":"SearchAction","target":{"@type":"EntryPoint","urlTemplate":"https:\/\/usa-b2.com\/no\/?s={search_term_string}"},"query-input":{"@type":"PropertyValueSpecification","valueRequired":true,"valueName":"search_term_string"}}],"inLanguage":"nb-NO"}]}},"_links":{"self":[{"href":"https:\/\/usa-b2.com\/no\/wp-json\/wp\/v2\/pages\/9522","targetHints":{"allow":["GET"]}}],"collection":[{"href":"https:\/\/usa-b2.com\/no\/wp-json\/wp\/v2\/pages"}],"about":[{"href":"https:\/\/usa-b2.com\/no\/wp-json\/wp\/v2\/types\/page"}],"author":[{"embeddable":true,"href":"https:\/\/usa-b2.com\/no\/wp-json\/wp\/v2\/users\/1"}],"replies":[{"embeddable":true,"href":"https:\/\/usa-b2.com\/no\/wp-json\/wp\/v2\/comments?post=9522"}],"version-history":[{"count":0,"href":"https:\/\/usa-b2.com\/no\/wp-json\/wp\/v2\/pages\/9522\/revisions"}],"wp:attachment":[{"href":"https:\/\/usa-b2.com\/no\/wp-json\/wp\/v2\/media?parent=9522"}],"curies":[{"name":"wp","href":"https:\/\/api.w.org\/{rel}","templated":true}]}}