{"id":9345,"date":"2025-06-06T07:37:34","date_gmt":"2025-06-06T07:37:34","guid":{"rendered":"https:\/\/usa-b2.com\/b2-visum-for-tyskere\/"},"modified":"2025-06-06T08:21:26","modified_gmt":"2025-06-06T08:21:26","slug":"b2-visum-for-tyskere","status":"publish","type":"page","link":"https:\/\/usa-b2.com\/no\/b2-visum-for-tyskere\/","title":{"rendered":"\u00c5 f\u00e5 et B2-visum for en tysker"},"content":{"rendered":"\n<h1 class=\"wp-block-heading\">S\u00f8ke om et amerikansk B2-visum fra Tyskland<\/h1>\n\n<p>Er du <strong>tysk statsborger<\/strong> og planlegger en ferie i USA? Hvis du skal reise i mer enn 90 dager, eller hvis du ikke kan bruke ESTA, er <strong>B2 USA-visum for tyskere<\/strong> den ideelle l\u00f8sningen. <\/p>\n\n<h3 class=\"wp-block-heading\">Hva er et B2-visum?<\/h3>\n\n<p><strong>B2-visumet<\/strong> er et ikke-immigrerende <a href=\"https:\/\/usa-b2.com\/no\/besoksvisum-usa\/\">bes\u00f8ksvisum<\/a> for USA, beregnet p\u00e5 midlertidige opphold for :<\/p>\n\n<ul class=\"wp-block-list\">\n<li><strong>Turisme<\/strong> eller ferie<\/li>\n\n\n\n<li><strong>Familie- eller vennskapsbes\u00f8k<\/strong><\/li>\n\n\n\n<li><strong>Medisinsk behandling i USA<\/strong><\/li>\n<\/ul>\n\n<div style=\"height:10px\" aria-hidden=\"true\" class=\"wp-block-spacer\"><\/div>\n\n<h3 class=\"wp-block-heading\">Trenger tyske statsborgere et B2-visum?<\/h3>\n\n<p>Nei, <strong>ikke n\u00f8dvendigvis<\/strong>.<br\/>Tyskere kan fylle ut <a href=\"https:\/\/usa-b2.com\/no\/esta-skjemaet-pa-nettet\/\">ESTA-skjemaet p\u00e5 nettet<\/a> for opphold p\u00e5 <strong>mindre enn 90 dager<\/strong>. Tyskland er medlem av <a href=\"https:\/\/usa-b2.com\/no\/visumfritak-programmet\/\">Visa Waiver-programmet<\/a>. <\/p>\n\n<p>I f\u00f8lgende tilfeller er det imidlertid anbefalt eller til og med obligatorisk for en tysker \u00e5 ha et <strong>amerikansk B2-visum<\/strong>:<\/p>\n\n<ul class=\"wp-block-list\">\n<li>Du har <strong>overskredet den tillatte lengden p\u00e5 oppholdet<\/strong> tidligere<\/li>\n\n\n\n<li>Du har f\u00e5tt <strong>avslag p\u00e5 ESTA<\/strong><\/li>\n\n\n\n<li>Du \u00f8nsker \u00e5 <strong>oppholde deg i mer enn 90 dager<\/strong><\/li>\n\n\n\n<li>Du har et kriminelt rulleblad eller spesielle omstendigheter<\/li>\n<\/ul>\n\n<div style=\"height:10px\" aria-hidden=\"true\" class=\"wp-block-spacer\"><\/div>\n\n<h3 class=\"wp-block-heading\">Fremgangsm\u00e5te for \u00e5 f\u00e5 et B2-visum fra Tyskland<\/h3>\n\n<ol class=\"wp-block-list\">\n<li>Utfylling av <a href=\"https:\/\/usa-b2.com\/no\/ds-160\/\">skjema DS-160<\/a><\/li>\n\n\n\n<li>Betal <a href=\"https:\/\/usa-b2.com\/no\/b2-usa-visumavgifter\/\">B2-visumavgiften<\/a><\/li>\n\n\n\n<li>Gj\u00f8r en <a href=\"https:\/\/usa-b2.com\/no\/utnevnelse-av-usas-ambassade\/\">avtale p\u00e5 ambassaden<\/a> i Tyskland<\/li>\n\n\n\n<li>Vis frem dokumentene dine (pass, st\u00f8ttedokumenter, bevis p\u00e5 retur)<\/li>\n\n\n\n<li>Best\u00e5tt det konsul\u00e6re intervjuet<\/li>\n<\/ol>\n\n<div style=\"height:10px\" aria-hidden=\"true\" class=\"wp-block-spacer\"><\/div>\n\n<h3 class=\"wp-block-heading\">Hvor kan jeg g\u00e5 p\u00e5 intervju i Tyskland?<\/h3>\n\n<ul class=\"wp-block-list\">\n<li>USAs <a href=\"https:\/\/usa-b2.com\/no\/amerikanske-ambassade\/\">ambassade<\/a> i Berlin<\/li>\n\n\n\n<li>Konsulat i Frankfurt eller M\u00fcnchen<\/li>\n<\/ul>\n\n<h3 class=\"wp-block-heading\">Varighet og gyldighet<\/h3>\n\n<ul class=\"wp-block-list\">\n<li>B2-visumet kan v\u00e6re <strong>gyldig i opptil 10 \u00e5r<\/strong><\/li>\n\n\n\n<li>Hver innreise gir tillatelse til et opphold p\u00e5 <strong>maksimalt 6 m\u00e5neder<\/strong><\/li>\n<\/ul>\n\n<h2 class=\"wp-block-heading\">VANLIGE SP\u00d8RSM\u00c5L<\/h2>\n\n<div class=\"schema-faq wp-block-yoast-faq-block\"><div class=\"schema-faq-section\" id=\"faq-question-1749195650019\"><strong class=\"schema-faq-question\"><strong>Erstatter B2-visumet ESTA?<\/strong><\/strong> <p class=\"schema-faq-answer\">Nei. Dette er et mer omfattende alternativ, som er nyttig i tilfeller av <strong>avslag eller lange opphold.<\/strong> <\/p> <\/div> <div class=\"schema-faq-section\" id=\"faq-question-1749195662823\"><strong class=\"schema-faq-question\"><strong>Kan jeg reise med familien min?<\/strong><\/strong> <p class=\"schema-faq-answer\">Ja, hvert medlem m\u00e5 sende inn sin egen s\u00f8knad.<\/p> <\/div> <\/div>\n","protected":false},"excerpt":{"rendered":"<p>S\u00f8ke om et amerikansk B2-visum fra Tyskland Er du tysk statsborger og planlegger en ferie i USA? Hvis du skal reise i mer enn 90 dager, eller hvis du ikke kan bruke ESTA, er B2 USA-visum for tyskere den ideelle l\u00f8sningen. Hva er et B2-visum? B2-visumet er et ikke-immigrerende bes\u00f8ksvisum for USA, beregnet p\u00e5 midlertidige [&hellip;]<\/p>\n","protected":false},"author":1,"featured_media":0,"parent":0,"menu_order":0,"comment_status":"closed","ping_status":"closed","template":"","meta":{"footnotes":""},"class_list":["post-9345","page","type-page","status-publish","hentry"],"yoast_head":"<!-- This site is optimized with the Yoast SEO plugin v27.4 - https:\/\/yoast.com\/product\/yoast-seo-wordpress\/ -->\n<title>\u00c5 f\u00e5 et B2-visum for en tysker - USA B2<\/title>\n<meta name=\"description\" content=\"Tyske statsborgere kan s\u00f8ke om et B2-visum til USA for et turistopphold p\u00e5 mer enn 90 dager.\" \/>\n<meta name=\"robots\" content=\"index, follow, max-snippet:-1, max-image-preview:large, max-video-preview:-1\" \/>\n<link rel=\"canonical\" href=\"https:\/\/usa-b2.com\/no\/b2-visum-for-tyskere\/\" \/>\n<meta property=\"og:locale\" content=\"nb_NO\" \/>\n<meta property=\"og:type\" content=\"article\" \/>\n<meta property=\"og:title\" content=\"\u00c5 f\u00e5 et B2-visum for en tysker - USA B2\" \/>\n<meta property=\"og:description\" content=\"Tyske statsborgere kan s\u00f8ke om et B2-visum til USA for et turistopphold p\u00e5 mer enn 90 dager.\" \/>\n<meta property=\"og:url\" content=\"https:\/\/usa-b2.com\/no\/b2-visum-for-tyskere\/\" \/>\n<meta property=\"og:site_name\" content=\"USA B2\" \/>\n<meta property=\"article:modified_time\" content=\"2025-06-06T08:21:26+00:00\" \/>\n<meta name=\"twitter:card\" content=\"summary_large_image\" \/>\n<meta name=\"twitter:label1\" content=\"Ansl. lesetid\" \/>\n\t<meta name=\"twitter:data1\" content=\"1 minutt\" \/>\n<script type=\"application\/ld+json\" class=\"yoast-schema-graph\">{\"@context\":\"https:\\\/\\\/schema.org\",\"@graph\":[{\"@type\":[\"WebPage\",\"FAQPage\"],\"@id\":\"https:\\\/\\\/usa-b2.com\\\/no\\\/b2-visum-for-tyskere\\\/\",\"url\":\"https:\\\/\\\/usa-b2.com\\\/no\\\/b2-visum-for-tyskere\\\/\",\"name\":\"\u00c5 f\u00e5 et B2-visum for en tysker - USA B2\",\"isPartOf\":{\"@id\":\"https:\\\/\\\/usa-b2.com\\\/no\\\/#website\"},\"datePublished\":\"2025-06-06T07:37:34+00:00\",\"dateModified\":\"2025-06-06T08:21:26+00:00\",\"description\":\"Tyske statsborgere kan s\u00f8ke om et B2-visum til USA for et turistopphold p\u00e5 mer enn 90 dager.\",\"breadcrumb\":{\"@id\":\"https:\\\/\\\/usa-b2.com\\\/no\\\/b2-visum-for-tyskere\\\/#breadcrumb\"},\"mainEntity\":[{\"@id\":\"https:\\\/\\\/usa-b2.com\\\/no\\\/b2-visum-for-tyskere\\\/#faq-question-1749195650019\"},{\"@id\":\"https:\\\/\\\/usa-b2.com\\\/no\\\/b2-visum-for-tyskere\\\/#faq-question-1749195662823\"}],\"inLanguage\":\"nb-NO\",\"potentialAction\":[{\"@type\":\"ReadAction\",\"target\":[\"https:\\\/\\\/usa-b2.com\\\/no\\\/b2-visum-for-tyskere\\\/\"]}]},{\"@type\":\"BreadcrumbList\",\"@id\":\"https:\\\/\\\/usa-b2.com\\\/no\\\/b2-visum-for-tyskere\\\/#breadcrumb\",\"itemListElement\":[{\"@type\":\"ListItem\",\"position\":1,\"name\":\"Accueil\",\"item\":\"https:\\\/\\\/usa-b2.com\\\/no\\\/usa\\\/\"},{\"@type\":\"ListItem\",\"position\":2,\"name\":\"\u00c5 f\u00e5 et B2-visum for en tysker\"}]},{\"@type\":\"WebSite\",\"@id\":\"https:\\\/\\\/usa-b2.com\\\/no\\\/#website\",\"url\":\"https:\\\/\\\/usa-b2.com\\\/no\\\/\",\"name\":\"USA B2 VISA\",\"description\":\"\",\"potentialAction\":[{\"@type\":\"SearchAction\",\"target\":{\"@type\":\"EntryPoint\",\"urlTemplate\":\"https:\\\/\\\/usa-b2.com\\\/no\\\/?s={search_term_string}\"},\"query-input\":{\"@type\":\"PropertyValueSpecification\",\"valueRequired\":true,\"valueName\":\"search_term_string\"}}],\"inLanguage\":\"nb-NO\"},{\"@type\":\"Question\",\"@id\":\"https:\\\/\\\/usa-b2.com\\\/no\\\/b2-visum-for-tyskere\\\/#faq-question-1749195650019\",\"position\":1,\"url\":\"https:\\\/\\\/usa-b2.com\\\/no\\\/b2-visum-for-tyskere\\\/#faq-question-1749195650019\",\"name\":\"Erstatter B2-visumet ESTA?\",\"answerCount\":1,\"acceptedAnswer\":{\"@type\":\"Answer\",\"text\":\"Nei. Dette er et mer omfattende alternativ, som er nyttig i tilfeller av <strong>avslag eller lange opphold.<\\\/strong> \",\"inLanguage\":\"nb-NO\"},\"inLanguage\":\"nb-NO\"},{\"@type\":\"Question\",\"@id\":\"https:\\\/\\\/usa-b2.com\\\/no\\\/b2-visum-for-tyskere\\\/#faq-question-1749195662823\",\"position\":2,\"url\":\"https:\\\/\\\/usa-b2.com\\\/no\\\/b2-visum-for-tyskere\\\/#faq-question-1749195662823\",\"name\":\"Kan jeg reise med familien min?\",\"answerCount\":1,\"acceptedAnswer\":{\"@type\":\"Answer\",\"text\":\"Ja, hvert medlem m\u00e5 sende inn sin egen s\u00f8knad.\",\"inLanguage\":\"nb-NO\"},\"inLanguage\":\"nb-NO\"}]}<\/script>\n<!-- \/ Yoast SEO plugin. -->","yoast_head_json":{"title":"\u00c5 f\u00e5 et B2-visum for en tysker - USA B2","description":"Tyske statsborgere kan s\u00f8ke om et B2-visum til USA for et turistopphold p\u00e5 mer enn 90 dager.","robots":{"index":"index","follow":"follow","max-snippet":"max-snippet:-1","max-image-preview":"max-image-preview:large","max-video-preview":"max-video-preview:-1"},"canonical":"https:\/\/usa-b2.com\/no\/b2-visum-for-tyskere\/","og_locale":"nb_NO","og_type":"article","og_title":"\u00c5 f\u00e5 et B2-visum for en tysker - USA B2","og_description":"Tyske statsborgere kan s\u00f8ke om et B2-visum til USA for et turistopphold p\u00e5 mer enn 90 dager.","og_url":"https:\/\/usa-b2.com\/no\/b2-visum-for-tyskere\/","og_site_name":"USA B2","article_modified_time":"2025-06-06T08:21:26+00:00","twitter_card":"summary_large_image","twitter_misc":{"Ansl. lesetid":"1 minutt"},"schema":{"@context":"https:\/\/schema.org","@graph":[{"@type":["WebPage","FAQPage"],"@id":"https:\/\/usa-b2.com\/no\/b2-visum-for-tyskere\/","url":"https:\/\/usa-b2.com\/no\/b2-visum-for-tyskere\/","name":"\u00c5 f\u00e5 et B2-visum for en tysker - USA B2","isPartOf":{"@id":"https:\/\/usa-b2.com\/no\/#website"},"datePublished":"2025-06-06T07:37:34+00:00","dateModified":"2025-06-06T08:21:26+00:00","description":"Tyske statsborgere kan s\u00f8ke om et B2-visum til USA for et turistopphold p\u00e5 mer enn 90 dager.","breadcrumb":{"@id":"https:\/\/usa-b2.com\/no\/b2-visum-for-tyskere\/#breadcrumb"},"mainEntity":[{"@id":"https:\/\/usa-b2.com\/no\/b2-visum-for-tyskere\/#faq-question-1749195650019"},{"@id":"https:\/\/usa-b2.com\/no\/b2-visum-for-tyskere\/#faq-question-1749195662823"}],"inLanguage":"nb-NO","potentialAction":[{"@type":"ReadAction","target":["https:\/\/usa-b2.com\/no\/b2-visum-for-tyskere\/"]}]},{"@type":"BreadcrumbList","@id":"https:\/\/usa-b2.com\/no\/b2-visum-for-tyskere\/#breadcrumb","itemListElement":[{"@type":"ListItem","position":1,"name":"Accueil","item":"https:\/\/usa-b2.com\/no\/usa\/"},{"@type":"ListItem","position":2,"name":"\u00c5 f\u00e5 et B2-visum for en tysker"}]},{"@type":"WebSite","@id":"https:\/\/usa-b2.com\/no\/#website","url":"https:\/\/usa-b2.com\/no\/","name":"USA B2 VISA","description":"","potentialAction":[{"@type":"SearchAction","target":{"@type":"EntryPoint","urlTemplate":"https:\/\/usa-b2.com\/no\/?s={search_term_string}"},"query-input":{"@type":"PropertyValueSpecification","valueRequired":true,"valueName":"search_term_string"}}],"inLanguage":"nb-NO"},{"@type":"Question","@id":"https:\/\/usa-b2.com\/no\/b2-visum-for-tyskere\/#faq-question-1749195650019","position":1,"url":"https:\/\/usa-b2.com\/no\/b2-visum-for-tyskere\/#faq-question-1749195650019","name":"Erstatter B2-visumet ESTA?","answerCount":1,"acceptedAnswer":{"@type":"Answer","text":"Nei. Dette er et mer omfattende alternativ, som er nyttig i tilfeller av <strong>avslag eller lange opphold.<\/strong> ","inLanguage":"nb-NO"},"inLanguage":"nb-NO"},{"@type":"Question","@id":"https:\/\/usa-b2.com\/no\/b2-visum-for-tyskere\/#faq-question-1749195662823","position":2,"url":"https:\/\/usa-b2.com\/no\/b2-visum-for-tyskere\/#faq-question-1749195662823","name":"Kan jeg reise med familien min?","answerCount":1,"acceptedAnswer":{"@type":"Answer","text":"Ja, hvert medlem m\u00e5 sende inn sin egen s\u00f8knad.","inLanguage":"nb-NO"},"inLanguage":"nb-NO"}]}},"_links":{"self":[{"href":"https:\/\/usa-b2.com\/no\/wp-json\/wp\/v2\/pages\/9345","targetHints":{"allow":["GET"]}}],"collection":[{"href":"https:\/\/usa-b2.com\/no\/wp-json\/wp\/v2\/pages"}],"about":[{"href":"https:\/\/usa-b2.com\/no\/wp-json\/wp\/v2\/types\/page"}],"author":[{"embeddable":true,"href":"https:\/\/usa-b2.com\/no\/wp-json\/wp\/v2\/users\/1"}],"replies":[{"embeddable":true,"href":"https:\/\/usa-b2.com\/no\/wp-json\/wp\/v2\/comments?post=9345"}],"version-history":[{"count":1,"href":"https:\/\/usa-b2.com\/no\/wp-json\/wp\/v2\/pages\/9345\/revisions"}],"predecessor-version":[{"id":9346,"href":"https:\/\/usa-b2.com\/no\/wp-json\/wp\/v2\/pages\/9345\/revisions\/9346"}],"wp:attachment":[{"href":"https:\/\/usa-b2.com\/no\/wp-json\/wp\/v2\/media?parent=9345"}],"curies":[{"name":"wp","href":"https:\/\/api.w.org\/{rel}","templated":true}]}}