{"id":9122,"date":"2025-05-23T09:31:31","date_gmt":"2025-05-23T09:31:31","guid":{"rendered":"https:\/\/usa-b2.com\/b2-visum-for-italiener\/"},"modified":"2025-10-14T10:20:37","modified_gmt":"2025-10-14T10:20:37","slug":"b2-visum-for-italiener","status":"publish","type":"page","link":"https:\/\/usa-b2.com\/no\/b2-visum-for-italiener\/","title":{"rendered":"B2-visum for en italiener som skal reise til USA"},"content":{"rendered":"\n<h1 class=\"wp-block-heading\">B2-visum for italienere som reiser til USA<\/h1>\n\n<p>Hvis du er italiensk statsborger og skal reise til USA for turisme, for \u00e5 bes\u00f8ke en slektning eller for \u00e5 opps\u00f8ke lege: B2-visumet er det <a href=\"https:\/\/usa-b2.com\/no\/besoksvisum-usa\/\">amerikanske bes\u00f8ksvisumet<\/a> du trenger. I denne omfattende guiden finner du ut hvordan du skaffer deg et <strong>B2-visum til USA for italienere<\/strong>, vilk\u00e5rene, fristene og dokumentene som kreves. <\/p>\n\n<h2 class=\"wp-block-heading\">Hva er et B2-visum?<\/h2>\n\n<p>Det <a href=\"https:\/\/usa-b2.com\/no\/visum-b2\/\">amerikanske B2-visumet<\/a> er et ikke-immigrantvisum beregnet p\u00e5 personer som \u00f8nsker \u00e5 oppholde seg midlertidig i USA for : Turisme, ferie, medisinsk behandling eller bes\u00f8k hos slektninger.<\/p>\n\n<h2 class=\"wp-block-heading\">Trenger italienere et B2-visum?<\/h2>\n\n<p>Hvis du er <strong>italiensk statsborger<\/strong> og skal reise til USA i mindre enn 90 dager, kan du i prinsippet bruke en <a href=\"https:\/\/usa-b2.com\/no\/hva-er-en-esta\/\">elektronisk reisetillatelse (ESTA<\/a>).<\/p>\n\n<p>Men hvis du allerede har f\u00e5tt avslag p\u00e5 ESTA, hvis du skal reise over lengre tid, eller hvis du har en h\u00f8yrisikoprofil, er det \u00e5 foretrekke \u00e5 s\u00f8ke om <a href=\"https:\/\/usa-b2.com\/no\/visa-b2-visumsoknadsprosedyre\/\">et B2-visum til USA.<\/a><\/p>\n\n<h2 class=\"wp-block-heading\">Hvordan s\u00f8ker jeg om et B2-visum fra Italia?<\/h2>\n\n<h3 class=\"wp-block-heading\">1. Fyll ut skjema DS-160 p\u00e5 nett<\/h3>\n\n<p><a href=\"https:\/\/usa-b2.com\/no\/ds-160\/\">Skjema DS-160<\/a> er obligatorisk for alle s\u00f8knader om turistvisum.<\/p>\n\n<h3 class=\"wp-block-heading\">2. Betal s\u00f8knadsavgiften<\/h3>\n\n<p><a href=\"https:\/\/usa-b2.com\/no\/b2-usa-visumavgifter\/\">B2-visumet koster<\/a> <strong>185 USD<\/strong>, som betales p\u00e5 nett.<\/p>\n\n<h3 class=\"wp-block-heading\">3. Gj\u00f8r en avtale p\u00e5 den amerikanske ambassaden i Italia<\/h3>\n\n<p>Alle s\u00f8kere m\u00e5 gjennomg\u00e5 et <a href=\"https:\/\/usa-b2.com\/no\/utnevnelse-av-usas-ambassade\/\">intervju ved den amerikanske ambassaden<\/a>.<\/p>\n\n<h3 class=\"wp-block-heading\">4. Forberede de n\u00f8dvendige dokumentene<\/h3>\n\n<ul class=\"wp-block-list\">\n<li><a href=\"https:\/\/usa-b2.com\/no\/pass-reise-usa\/\">Gyldig pass for reiser til USA<\/a><\/li>\n\n\n\n<li>Passfoto<\/li>\n\n\n\n<li>\u00c5rsregnskap<\/li>\n\n\n\n<li>Bevis p\u00e5 at du har tilknytning til Italia (jobb, familie, bolig osv.)<\/li>\n<\/ul>\n\n<h3 class=\"wp-block-heading\">5. G\u00e5 til intervjuet og vent p\u00e5 avgj\u00f8relsen<\/h3>\n\n<p>Etter intervjuet utstedes visumet vanligvis innen <strong>7 til 15 virkedager<\/strong>.<\/p>\n\n<h2 class=\"wp-block-heading\">Hvor kan jeg g\u00e5 p\u00e5 intervju i Italia?<\/h2>\n\n<p><strong>USAs ambassade i Roma<\/strong><br\/>Via Vittorio Veneto, 121, 00187 Roma.<br\/>Offisiell nettside: <a href=\"https:\/\/it.usembassy.gov\/\">it.usembassy.gov<\/a><\/p>\n\n<h2 class=\"wp-block-heading\">Vanlige sp\u00f8rsm\u00e5l om B2-visum for italienere<\/h2>\n\n<div class=\"schema-faq wp-block-yoast-faq-block\"><div class=\"schema-faq-section\" id=\"faq-question-1747998967682\"><strong class=\"schema-faq-question\"><strong>Hvor lenge er et B2-visum gyldig?<\/strong><\/strong> <p class=\"schema-faq-answer\">Visumet er gyldig <strong>i opptil 10 \u00e5r<\/strong>, men hvert opphold <strong>er begrenset til maksimalt 6 m\u00e5neder.<\/strong><\/p> <\/div> <div class=\"schema-faq-section\" id=\"faq-question-1747998984062\"><strong class=\"schema-faq-question\"><strong>Kan jeg forlenge B2-visumet mitt i USA?<\/strong><\/strong> <p class=\"schema-faq-answer\">Ja, det er mulig \u00e5 be <strong>om forlengelse<\/strong> fra USA, men det m\u00e5 begrunnes.<\/p> <\/div> <div class=\"schema-faq-section\" id=\"faq-question-1747998994557\"><strong class=\"schema-faq-question\"><strong>Er det tryggere \u00e5 s\u00f8ke om et B2-visum i stedet for ESTA?<\/strong><\/strong> <p class=\"schema-faq-answer\">Ja, spesielt hvis du har f\u00e5tt avslag, eller hvis du \u00f8nsker <strong>\u00e5 unng\u00e5 enhver risiko for avslag.<\/strong><\/p> <\/div> <\/div>\n","protected":false},"excerpt":{"rendered":"<p>B2-visum for italienere som reiser til USA Hvis du er italiensk statsborger og skal reise til USA for turisme, for \u00e5 bes\u00f8ke en slektning eller for \u00e5 opps\u00f8ke lege: B2-visumet er det amerikanske bes\u00f8ksvisumet du trenger. I denne omfattende guiden finner du ut hvordan du skaffer deg et B2-visum til USA for italienere, vilk\u00e5rene, fristene [&hellip;]<\/p>\n","protected":false},"author":1,"featured_media":0,"parent":0,"menu_order":0,"comment_status":"closed","ping_status":"closed","template":"","meta":{"footnotes":""},"class_list":["post-9122","page","type-page","status-publish","hentry"],"yoast_head":"<!-- This site is optimized with the Yoast SEO plugin v27.4 - https:\/\/yoast.com\/product\/yoast-seo-wordpress\/ -->\n<title>B2-visum for en italiener som skal reise til USA - USA B2<\/title>\n<meta name=\"description\" content=\"Hvis du er italiener og \u00f8nsker \u00e5 reise til USA, kan du f\u00e5 et B2-visum for turist- eller forretningsreiser.\" \/>\n<meta name=\"robots\" content=\"index, follow, max-snippet:-1, max-image-preview:large, max-video-preview:-1\" \/>\n<link rel=\"canonical\" href=\"https:\/\/usa-b2.com\/no\/b2-visum-for-italiener\/\" \/>\n<meta property=\"og:locale\" content=\"nb_NO\" \/>\n<meta property=\"og:type\" content=\"article\" \/>\n<meta property=\"og:title\" content=\"B2-visum for en italiener som skal reise til USA - USA B2\" \/>\n<meta property=\"og:description\" content=\"Hvis du er italiener og \u00f8nsker \u00e5 reise til USA, kan du f\u00e5 et B2-visum for turist- eller forretningsreiser.\" \/>\n<meta property=\"og:url\" content=\"https:\/\/usa-b2.com\/no\/b2-visum-for-italiener\/\" \/>\n<meta property=\"og:site_name\" content=\"USA B2\" \/>\n<meta property=\"article:modified_time\" content=\"2025-10-14T10:20:37+00:00\" \/>\n<meta name=\"twitter:card\" content=\"summary_large_image\" \/>\n<meta name=\"twitter:label1\" content=\"Ansl. lesetid\" \/>\n\t<meta name=\"twitter:data1\" content=\"2 minutter\" \/>\n<script type=\"application\/ld+json\" class=\"yoast-schema-graph\">{\"@context\":\"https:\\\/\\\/schema.org\",\"@graph\":[{\"@type\":[\"WebPage\",\"FAQPage\"],\"@id\":\"https:\\\/\\\/usa-b2.com\\\/no\\\/b2-visum-for-italiener\\\/\",\"url\":\"https:\\\/\\\/usa-b2.com\\\/no\\\/b2-visum-for-italiener\\\/\",\"name\":\"B2-visum for en italiener som skal reise til USA - USA B2\",\"isPartOf\":{\"@id\":\"https:\\\/\\\/usa-b2.com\\\/no\\\/#website\"},\"datePublished\":\"2025-05-23T09:31:31+00:00\",\"dateModified\":\"2025-10-14T10:20:37+00:00\",\"description\":\"Hvis du er italiener og \u00f8nsker \u00e5 reise til USA, kan du f\u00e5 et B2-visum for turist- eller forretningsreiser.\",\"breadcrumb\":{\"@id\":\"https:\\\/\\\/usa-b2.com\\\/no\\\/b2-visum-for-italiener\\\/#breadcrumb\"},\"mainEntity\":[{\"@id\":\"https:\\\/\\\/usa-b2.com\\\/no\\\/b2-visum-for-italiener\\\/#faq-question-1747998967682\"},{\"@id\":\"https:\\\/\\\/usa-b2.com\\\/no\\\/b2-visum-for-italiener\\\/#faq-question-1747998984062\"},{\"@id\":\"https:\\\/\\\/usa-b2.com\\\/no\\\/b2-visum-for-italiener\\\/#faq-question-1747998994557\"}],\"inLanguage\":\"nb-NO\",\"potentialAction\":[{\"@type\":\"ReadAction\",\"target\":[\"https:\\\/\\\/usa-b2.com\\\/no\\\/b2-visum-for-italiener\\\/\"]}]},{\"@type\":\"BreadcrumbList\",\"@id\":\"https:\\\/\\\/usa-b2.com\\\/no\\\/b2-visum-for-italiener\\\/#breadcrumb\",\"itemListElement\":[{\"@type\":\"ListItem\",\"position\":1,\"name\":\"Accueil\",\"item\":\"https:\\\/\\\/usa-b2.com\\\/no\\\/usa\\\/\"},{\"@type\":\"ListItem\",\"position\":2,\"name\":\"B2-visum for en italiener som skal reise til USA\"}]},{\"@type\":\"WebSite\",\"@id\":\"https:\\\/\\\/usa-b2.com\\\/no\\\/#website\",\"url\":\"https:\\\/\\\/usa-b2.com\\\/no\\\/\",\"name\":\"USA B2 VISA\",\"description\":\"\",\"potentialAction\":[{\"@type\":\"SearchAction\",\"target\":{\"@type\":\"EntryPoint\",\"urlTemplate\":\"https:\\\/\\\/usa-b2.com\\\/no\\\/?s={search_term_string}\"},\"query-input\":{\"@type\":\"PropertyValueSpecification\",\"valueRequired\":true,\"valueName\":\"search_term_string\"}}],\"inLanguage\":\"nb-NO\"},{\"@type\":\"Question\",\"@id\":\"https:\\\/\\\/usa-b2.com\\\/no\\\/b2-visum-for-italiener\\\/#faq-question-1747998967682\",\"position\":1,\"url\":\"https:\\\/\\\/usa-b2.com\\\/no\\\/b2-visum-for-italiener\\\/#faq-question-1747998967682\",\"name\":\"Hvor lenge er et B2-visum gyldig?\",\"answerCount\":1,\"acceptedAnswer\":{\"@type\":\"Answer\",\"text\":\"Visumet er gyldig <strong>i opptil 10 \u00e5r<\\\/strong>, men hvert opphold <strong>er begrenset til maksimalt 6 m\u00e5neder.<\\\/strong>\",\"inLanguage\":\"nb-NO\"},\"inLanguage\":\"nb-NO\"},{\"@type\":\"Question\",\"@id\":\"https:\\\/\\\/usa-b2.com\\\/no\\\/b2-visum-for-italiener\\\/#faq-question-1747998984062\",\"position\":2,\"url\":\"https:\\\/\\\/usa-b2.com\\\/no\\\/b2-visum-for-italiener\\\/#faq-question-1747998984062\",\"name\":\"Kan jeg forlenge B2-visumet mitt i USA?\",\"answerCount\":1,\"acceptedAnswer\":{\"@type\":\"Answer\",\"text\":\"Ja, det er mulig \u00e5 be <strong>om forlengelse<\\\/strong> fra USA, men det m\u00e5 begrunnes.\",\"inLanguage\":\"nb-NO\"},\"inLanguage\":\"nb-NO\"},{\"@type\":\"Question\",\"@id\":\"https:\\\/\\\/usa-b2.com\\\/no\\\/b2-visum-for-italiener\\\/#faq-question-1747998994557\",\"position\":3,\"url\":\"https:\\\/\\\/usa-b2.com\\\/no\\\/b2-visum-for-italiener\\\/#faq-question-1747998994557\",\"name\":\"Er det tryggere \u00e5 s\u00f8ke om et B2-visum i stedet for ESTA?\",\"answerCount\":1,\"acceptedAnswer\":{\"@type\":\"Answer\",\"text\":\"Ja, spesielt hvis du har f\u00e5tt avslag, eller hvis du \u00f8nsker <strong>\u00e5 unng\u00e5 enhver risiko for avslag.<\\\/strong>\",\"inLanguage\":\"nb-NO\"},\"inLanguage\":\"nb-NO\"}]}<\/script>\n<!-- \/ Yoast SEO plugin. -->","yoast_head_json":{"title":"B2-visum for en italiener som skal reise til USA - USA B2","description":"Hvis du er italiener og \u00f8nsker \u00e5 reise til USA, kan du f\u00e5 et B2-visum for turist- eller forretningsreiser.","robots":{"index":"index","follow":"follow","max-snippet":"max-snippet:-1","max-image-preview":"max-image-preview:large","max-video-preview":"max-video-preview:-1"},"canonical":"https:\/\/usa-b2.com\/no\/b2-visum-for-italiener\/","og_locale":"nb_NO","og_type":"article","og_title":"B2-visum for en italiener som skal reise til USA - USA B2","og_description":"Hvis du er italiener og \u00f8nsker \u00e5 reise til USA, kan du f\u00e5 et B2-visum for turist- eller forretningsreiser.","og_url":"https:\/\/usa-b2.com\/no\/b2-visum-for-italiener\/","og_site_name":"USA B2","article_modified_time":"2025-10-14T10:20:37+00:00","twitter_card":"summary_large_image","twitter_misc":{"Ansl. lesetid":"2 minutter"},"schema":{"@context":"https:\/\/schema.org","@graph":[{"@type":["WebPage","FAQPage"],"@id":"https:\/\/usa-b2.com\/no\/b2-visum-for-italiener\/","url":"https:\/\/usa-b2.com\/no\/b2-visum-for-italiener\/","name":"B2-visum for en italiener som skal reise til USA - USA B2","isPartOf":{"@id":"https:\/\/usa-b2.com\/no\/#website"},"datePublished":"2025-05-23T09:31:31+00:00","dateModified":"2025-10-14T10:20:37+00:00","description":"Hvis du er italiener og \u00f8nsker \u00e5 reise til USA, kan du f\u00e5 et B2-visum for turist- eller forretningsreiser.","breadcrumb":{"@id":"https:\/\/usa-b2.com\/no\/b2-visum-for-italiener\/#breadcrumb"},"mainEntity":[{"@id":"https:\/\/usa-b2.com\/no\/b2-visum-for-italiener\/#faq-question-1747998967682"},{"@id":"https:\/\/usa-b2.com\/no\/b2-visum-for-italiener\/#faq-question-1747998984062"},{"@id":"https:\/\/usa-b2.com\/no\/b2-visum-for-italiener\/#faq-question-1747998994557"}],"inLanguage":"nb-NO","potentialAction":[{"@type":"ReadAction","target":["https:\/\/usa-b2.com\/no\/b2-visum-for-italiener\/"]}]},{"@type":"BreadcrumbList","@id":"https:\/\/usa-b2.com\/no\/b2-visum-for-italiener\/#breadcrumb","itemListElement":[{"@type":"ListItem","position":1,"name":"Accueil","item":"https:\/\/usa-b2.com\/no\/usa\/"},{"@type":"ListItem","position":2,"name":"B2-visum for en italiener som skal reise til USA"}]},{"@type":"WebSite","@id":"https:\/\/usa-b2.com\/no\/#website","url":"https:\/\/usa-b2.com\/no\/","name":"USA B2 VISA","description":"","potentialAction":[{"@type":"SearchAction","target":{"@type":"EntryPoint","urlTemplate":"https:\/\/usa-b2.com\/no\/?s={search_term_string}"},"query-input":{"@type":"PropertyValueSpecification","valueRequired":true,"valueName":"search_term_string"}}],"inLanguage":"nb-NO"},{"@type":"Question","@id":"https:\/\/usa-b2.com\/no\/b2-visum-for-italiener\/#faq-question-1747998967682","position":1,"url":"https:\/\/usa-b2.com\/no\/b2-visum-for-italiener\/#faq-question-1747998967682","name":"Hvor lenge er et B2-visum gyldig?","answerCount":1,"acceptedAnswer":{"@type":"Answer","text":"Visumet er gyldig <strong>i opptil 10 \u00e5r<\/strong>, men hvert opphold <strong>er begrenset til maksimalt 6 m\u00e5neder.<\/strong>","inLanguage":"nb-NO"},"inLanguage":"nb-NO"},{"@type":"Question","@id":"https:\/\/usa-b2.com\/no\/b2-visum-for-italiener\/#faq-question-1747998984062","position":2,"url":"https:\/\/usa-b2.com\/no\/b2-visum-for-italiener\/#faq-question-1747998984062","name":"Kan jeg forlenge B2-visumet mitt i USA?","answerCount":1,"acceptedAnswer":{"@type":"Answer","text":"Ja, det er mulig \u00e5 be <strong>om forlengelse<\/strong> fra USA, men det m\u00e5 begrunnes.","inLanguage":"nb-NO"},"inLanguage":"nb-NO"},{"@type":"Question","@id":"https:\/\/usa-b2.com\/no\/b2-visum-for-italiener\/#faq-question-1747998994557","position":3,"url":"https:\/\/usa-b2.com\/no\/b2-visum-for-italiener\/#faq-question-1747998994557","name":"Er det tryggere \u00e5 s\u00f8ke om et B2-visum i stedet for ESTA?","answerCount":1,"acceptedAnswer":{"@type":"Answer","text":"Ja, spesielt hvis du har f\u00e5tt avslag, eller hvis du \u00f8nsker <strong>\u00e5 unng\u00e5 enhver risiko for avslag.<\/strong>","inLanguage":"nb-NO"},"inLanguage":"nb-NO"}]}},"_links":{"self":[{"href":"https:\/\/usa-b2.com\/no\/wp-json\/wp\/v2\/pages\/9122","targetHints":{"allow":["GET"]}}],"collection":[{"href":"https:\/\/usa-b2.com\/no\/wp-json\/wp\/v2\/pages"}],"about":[{"href":"https:\/\/usa-b2.com\/no\/wp-json\/wp\/v2\/types\/page"}],"author":[{"embeddable":true,"href":"https:\/\/usa-b2.com\/no\/wp-json\/wp\/v2\/users\/1"}],"replies":[{"embeddable":true,"href":"https:\/\/usa-b2.com\/no\/wp-json\/wp\/v2\/comments?post=9122"}],"version-history":[{"count":2,"href":"https:\/\/usa-b2.com\/no\/wp-json\/wp\/v2\/pages\/9122\/revisions"}],"predecessor-version":[{"id":10235,"href":"https:\/\/usa-b2.com\/no\/wp-json\/wp\/v2\/pages\/9122\/revisions\/10235"}],"wp:attachment":[{"href":"https:\/\/usa-b2.com\/no\/wp-json\/wp\/v2\/media?parent=9122"}],"curies":[{"name":"wp","href":"https:\/\/api.w.org\/{rel}","templated":true}]}}