{"id":9061,"date":"2025-05-14T12:29:33","date_gmt":"2025-05-14T12:29:33","guid":{"rendered":"https:\/\/usa-b2.com\/visum-b2-for-franske\/"},"modified":"2025-11-04T16:24:50","modified_gmt":"2025-11-04T16:24:50","slug":"visum-b2-for-franske","status":"publish","type":"page","link":"https:\/\/usa-b2.com\/no\/visum-b2-for-franske\/","title":{"rendered":"B2-visum for franske statsborgere som reiser til USA"},"content":{"rendered":"\n<h1 class=\"wp-block-heading\">B2-visum for franske statsborgere som \u00f8nsker \u00e5 reise til USA<\/h1>\n\n<p>Hvis du er fransk statsborger og \u00f8nsker \u00e5 reise til USA som turist, for \u00e5 bes\u00f8ke en slektning eller for \u00e5 opps\u00f8ke lege, er B2-visumet det <a href=\"https:\/\/usa-b2.com\/no\/besoksvisum-usa\/\">amerikanske bes\u00f8ksvisumet<\/a> du trenger. Denne omfattende veiledningen forklarer hvordan du g\u00e5r frem for \u00e5 f\u00e5 et <strong>B2-visum til USA for franske statsborgere<\/strong>, og hvilke vilk\u00e5r, tidsfrister og dokumenter som kreves.<\/p>\n\n<h2 class=\"wp-block-heading\">Hva er et B2-visum?<\/h2>\n\n<p>Det <strong>amerikanske B2-visumet<\/strong> er et ikke-immigrantvisum beregnet p\u00e5 personer som \u00f8nsker \u00e5 oppholde seg midlertidig i USA for : Turisme, ferie, medisinsk behandling eller bes\u00f8k hos slektninger.<\/p>\n\n<h2 class=\"wp-block-heading\">Trenger franske statsborgere et B2-visum?<\/h2>\n\n<p>Hvis du er <strong>fransk statsborger<\/strong> og skal reise til USA i mindre enn 90 dager, kan du i prinsippet bruke en <a href=\"https:\/\/usa-b2.com\/no\/hva-er-en-esta\/\">elektronisk reisetillatelse (ESTA<\/a>).<\/p>\n\n<p>Men hvis du allerede har f\u00e5tt avslag p\u00e5 ESTA, hvis du skal reise over lengre tid, eller hvis du har en h\u00f8yrisikoprofil, er det \u00e5 foretrekke \u00e5 s\u00f8ke om <a href=\"https:\/\/usa-b2.com\/no\/visa-b2-visumsoknadsprosedyre\/\">et B2-visum til USA.<\/a><\/p>\n\n<h2 class=\"wp-block-heading\">Hvordan s\u00f8ker jeg om et B2-visum fra Frankrike?<\/h2>\n\n<h3 class=\"wp-block-heading\">1. Fyll ut skjema DS-160 p\u00e5 nett<\/h3>\n\n<p><a href=\"https:\/\/usa-b2.com\/no\/ds-160\/\">Skjema DS-160<\/a> er obligatorisk for alle s\u00f8knader om turistvisum.<\/p>\n\n<h3 class=\"wp-block-heading\">2. Betal s\u00f8knadsavgiften<\/h3>\n\n<p><a href=\"https:\/\/usa-b2.com\/fr\/frais-visa-b2-usa\/\">B2-visumet koster<\/a> <strong>185 USD<\/strong>, som betales p\u00e5 nett.<\/p>\n\n<h3 class=\"wp-block-heading\">3. Gj\u00f8r en avtale p\u00e5 den amerikanske ambassaden i Paris<\/h3>\n\n<p>Alle s\u00f8kere m\u00e5 gjennomg\u00e5 et <a href=\"https:\/\/usa-b2.com\/no\/utnevnelse-av-usas-ambassade\/\">intervju ved den amerikanske ambassaden<\/a>.<\/p>\n\n<h3 class=\"wp-block-heading\">4. Forberede de n\u00f8dvendige dokumentene<\/h3>\n\n<ul class=\"wp-block-list\">\n<li><a href=\"https:\/\/usa-b2.com\/no\/pass-reise-usa\/\">Gyldig pass for reiser til USA<\/a><\/li>\n\n\n\n<li>Passfoto<\/li>\n\n\n\n<li>\u00c5rsregnskap<\/li>\n\n\n\n<li>Bevis p\u00e5 at du har tilknytning til Frankrike (jobb, familie, bolig osv.)<\/li>\n<\/ul>\n\n<h3 class=\"wp-block-heading\">5. G\u00e5 til intervjuet og vent p\u00e5 avgj\u00f8relsen<\/h3>\n\n<p>Etter intervjuet utstedes visumet vanligvis innen <strong>7 til 15 virkedager<\/strong>.<\/p>\n\n<h2 class=\"wp-block-heading\">Hvor kan jeg ta intervjuet i Frankrike?<\/h2>\n\n<p>USAs <strong>ambassade i Paris<\/strong><br\/>2, avenue Gabriel, 75008 Paris<br\/>Offisiell nettside: <a>fr.usembassy.gov<\/a><\/p>\n\n<h2 class=\"wp-block-heading\">Vanlige sp\u00f8rsm\u00e5l &#8211; B2-visum for franske statsborgere<\/h2>\n\n<div class=\"schema-faq wp-block-yoast-faq-block\"><div class=\"schema-faq-section\" id=\"faq-question-1747226397065\"><strong class=\"schema-faq-question\">Hvor lenge er et B2-visum gyldig?<\/strong> <p class=\"schema-faq-answer\">Visumet er gyldig <strong>i opptil 10 \u00e5r<\/strong>, men hvert opphold <strong>er begrenset til maksimalt 6 m\u00e5neder.<\/strong><\/p> <\/div> <div class=\"schema-faq-section\" id=\"faq-question-1747226417090\"><strong class=\"schema-faq-question\">Kan jeg forlenge B2-visumet mitt i USA?<\/strong> <p class=\"schema-faq-answer\">Ja, det er mulig \u00e5 be <strong>om forlengelse<\/strong> fra USA, men det m\u00e5 begrunnes.<\/p> <\/div> <div class=\"schema-faq-section\" id=\"faq-question-1747226429344\"><strong class=\"schema-faq-question\">Er det tryggere \u00e5 s\u00f8ke om et B2-visum i stedet for ESTA?<\/strong> <p class=\"schema-faq-answer\">Ja, spesielt hvis du har f\u00e5tt avslag, eller hvis du \u00f8nsker <strong>\u00e5 unng\u00e5 enhver risiko for avslag.<\/strong><\/p> <\/div> <\/div>\n\n<p><\/p>\n","protected":false},"excerpt":{"rendered":"<p>B2-visum for franske statsborgere som \u00f8nsker \u00e5 reise til USA Hvis du er fransk statsborger og \u00f8nsker \u00e5 reise til USA som turist, for \u00e5 bes\u00f8ke en slektning eller for \u00e5 opps\u00f8ke lege, er B2-visumet det amerikanske bes\u00f8ksvisumet du trenger. Denne omfattende veiledningen forklarer hvordan du g\u00e5r frem for \u00e5 f\u00e5 et B2-visum til USA [&hellip;]<\/p>\n","protected":false},"author":1,"featured_media":0,"parent":0,"menu_order":0,"comment_status":"closed","ping_status":"closed","template":"","meta":{"footnotes":""},"class_list":["post-9061","page","type-page","status-publish","hentry"],"yoast_head":"<!-- This site is optimized with the Yoast SEO plugin v27.0 - https:\/\/yoast.com\/product\/yoast-seo-wordpress\/ -->\n<title>B2-visum for franske statsborgere som reiser til USA - USA B2<\/title>\n<meta name=\"description\" content=\"Hvis du er fransk statsborger, kan du f\u00e5 et B2-visum for et planlagt opphold i USA\" \/>\n<meta name=\"robots\" content=\"index, follow, max-snippet:-1, max-image-preview:large, max-video-preview:-1\" \/>\n<link rel=\"canonical\" href=\"https:\/\/usa-b2.com\/no\/visum-b2-for-franske\/\" \/>\n<meta property=\"og:locale\" content=\"nb_NO\" \/>\n<meta property=\"og:type\" content=\"article\" \/>\n<meta property=\"og:title\" content=\"B2-visum for franske statsborgere som reiser til USA - USA B2\" \/>\n<meta property=\"og:description\" content=\"Hvis du er fransk statsborger, kan du f\u00e5 et B2-visum for et planlagt opphold i USA\" \/>\n<meta property=\"og:url\" content=\"https:\/\/usa-b2.com\/no\/visum-b2-for-franske\/\" \/>\n<meta property=\"og:site_name\" content=\"USA B2\" \/>\n<meta property=\"article:modified_time\" content=\"2025-11-04T16:24:50+00:00\" \/>\n<meta name=\"twitter:card\" content=\"summary_large_image\" \/>\n<meta name=\"twitter:label1\" content=\"Ansl. lesetid\" \/>\n\t<meta name=\"twitter:data1\" content=\"2 minutter\" \/>\n<script type=\"application\/ld+json\" class=\"yoast-schema-graph\">{\"@context\":\"https:\/\/schema.org\",\"@graph\":[{\"@type\":[\"WebPage\",\"FAQPage\"],\"@id\":\"https:\/\/usa-b2.com\/no\/visum-b2-for-franske\/\",\"url\":\"https:\/\/usa-b2.com\/no\/visum-b2-for-franske\/\",\"name\":\"B2-visum for franske statsborgere som reiser til USA - USA B2\",\"isPartOf\":{\"@id\":\"https:\/\/usa-b2.com\/no\/#website\"},\"datePublished\":\"2025-05-14T12:29:33+00:00\",\"dateModified\":\"2025-11-04T16:24:50+00:00\",\"description\":\"Hvis du er fransk statsborger, kan du f\u00e5 et B2-visum for et planlagt opphold i USA\",\"breadcrumb\":{\"@id\":\"https:\/\/usa-b2.com\/no\/visum-b2-for-franske\/#breadcrumb\"},\"mainEntity\":[{\"@id\":\"https:\/\/usa-b2.com\/no\/visum-b2-for-franske\/#faq-question-1747226397065\"},{\"@id\":\"https:\/\/usa-b2.com\/no\/visum-b2-for-franske\/#faq-question-1747226417090\"},{\"@id\":\"https:\/\/usa-b2.com\/no\/visum-b2-for-franske\/#faq-question-1747226429344\"}],\"inLanguage\":\"nb-NO\",\"potentialAction\":[{\"@type\":\"ReadAction\",\"target\":[\"https:\/\/usa-b2.com\/no\/visum-b2-for-franske\/\"]}]},{\"@type\":\"BreadcrumbList\",\"@id\":\"https:\/\/usa-b2.com\/no\/visum-b2-for-franske\/#breadcrumb\",\"itemListElement\":[{\"@type\":\"ListItem\",\"position\":1,\"name\":\"Accueil\",\"item\":\"https:\/\/usa-b2.com\/no\/guide-roadtrips\/\"},{\"@type\":\"ListItem\",\"position\":2,\"name\":\"B2-visum for franske statsborgere som reiser til USA\"}]},{\"@type\":\"WebSite\",\"@id\":\"https:\/\/usa-b2.com\/no\/#website\",\"url\":\"https:\/\/usa-b2.com\/no\/\",\"name\":\"USA B2 VISA\",\"description\":\"\",\"potentialAction\":[{\"@type\":\"SearchAction\",\"target\":{\"@type\":\"EntryPoint\",\"urlTemplate\":\"https:\/\/usa-b2.com\/no\/?s={search_term_string}\"},\"query-input\":{\"@type\":\"PropertyValueSpecification\",\"valueRequired\":true,\"valueName\":\"search_term_string\"}}],\"inLanguage\":\"nb-NO\"},{\"@type\":\"Question\",\"@id\":\"https:\/\/usa-b2.com\/no\/visum-b2-for-franske\/#faq-question-1747226397065\",\"position\":1,\"url\":\"https:\/\/usa-b2.com\/no\/visum-b2-for-franske\/#faq-question-1747226397065\",\"name\":\"Hvor lenge er et B2-visum gyldig?\",\"answerCount\":1,\"acceptedAnswer\":{\"@type\":\"Answer\",\"text\":\"Visumet er gyldig <strong>i opptil 10 \u00e5r<\/strong>, men hvert opphold <strong>er begrenset til maksimalt 6 m\u00e5neder.<\/strong>\",\"inLanguage\":\"nb-NO\"},\"inLanguage\":\"nb-NO\"},{\"@type\":\"Question\",\"@id\":\"https:\/\/usa-b2.com\/no\/visum-b2-for-franske\/#faq-question-1747226417090\",\"position\":2,\"url\":\"https:\/\/usa-b2.com\/no\/visum-b2-for-franske\/#faq-question-1747226417090\",\"name\":\"Kan jeg forlenge B2-visumet mitt i USA?\",\"answerCount\":1,\"acceptedAnswer\":{\"@type\":\"Answer\",\"text\":\"Ja, det er mulig \u00e5 be <strong>om forlengelse<\/strong> fra USA, men det m\u00e5 begrunnes.\",\"inLanguage\":\"nb-NO\"},\"inLanguage\":\"nb-NO\"},{\"@type\":\"Question\",\"@id\":\"https:\/\/usa-b2.com\/no\/visum-b2-for-franske\/#faq-question-1747226429344\",\"position\":3,\"url\":\"https:\/\/usa-b2.com\/no\/visum-b2-for-franske\/#faq-question-1747226429344\",\"name\":\"Er det tryggere \u00e5 s\u00f8ke om et B2-visum i stedet for ESTA?\",\"answerCount\":1,\"acceptedAnswer\":{\"@type\":\"Answer\",\"text\":\"Ja, spesielt hvis du har f\u00e5tt avslag, eller hvis du \u00f8nsker <strong>\u00e5 unng\u00e5 enhver risiko for avslag.<\/strong>\",\"inLanguage\":\"nb-NO\"},\"inLanguage\":\"nb-NO\"}]}<\/script>\n<!-- \/ Yoast SEO plugin. -->","yoast_head_json":{"title":"B2-visum for franske statsborgere som reiser til USA - USA B2","description":"Hvis du er fransk statsborger, kan du f\u00e5 et B2-visum for et planlagt opphold i USA","robots":{"index":"index","follow":"follow","max-snippet":"max-snippet:-1","max-image-preview":"max-image-preview:large","max-video-preview":"max-video-preview:-1"},"canonical":"https:\/\/usa-b2.com\/no\/visum-b2-for-franske\/","og_locale":"nb_NO","og_type":"article","og_title":"B2-visum for franske statsborgere som reiser til USA - USA B2","og_description":"Hvis du er fransk statsborger, kan du f\u00e5 et B2-visum for et planlagt opphold i USA","og_url":"https:\/\/usa-b2.com\/no\/visum-b2-for-franske\/","og_site_name":"USA B2","article_modified_time":"2025-11-04T16:24:50+00:00","twitter_card":"summary_large_image","twitter_misc":{"Ansl. lesetid":"2 minutter"},"schema":{"@context":"https:\/\/schema.org","@graph":[{"@type":["WebPage","FAQPage"],"@id":"https:\/\/usa-b2.com\/no\/visum-b2-for-franske\/","url":"https:\/\/usa-b2.com\/no\/visum-b2-for-franske\/","name":"B2-visum for franske statsborgere som reiser til USA - USA B2","isPartOf":{"@id":"https:\/\/usa-b2.com\/no\/#website"},"datePublished":"2025-05-14T12:29:33+00:00","dateModified":"2025-11-04T16:24:50+00:00","description":"Hvis du er fransk statsborger, kan du f\u00e5 et B2-visum for et planlagt opphold i USA","breadcrumb":{"@id":"https:\/\/usa-b2.com\/no\/visum-b2-for-franske\/#breadcrumb"},"mainEntity":[{"@id":"https:\/\/usa-b2.com\/no\/visum-b2-for-franske\/#faq-question-1747226397065"},{"@id":"https:\/\/usa-b2.com\/no\/visum-b2-for-franske\/#faq-question-1747226417090"},{"@id":"https:\/\/usa-b2.com\/no\/visum-b2-for-franske\/#faq-question-1747226429344"}],"inLanguage":"nb-NO","potentialAction":[{"@type":"ReadAction","target":["https:\/\/usa-b2.com\/no\/visum-b2-for-franske\/"]}]},{"@type":"BreadcrumbList","@id":"https:\/\/usa-b2.com\/no\/visum-b2-for-franske\/#breadcrumb","itemListElement":[{"@type":"ListItem","position":1,"name":"Accueil","item":"https:\/\/usa-b2.com\/no\/guide-roadtrips\/"},{"@type":"ListItem","position":2,"name":"B2-visum for franske statsborgere som reiser til USA"}]},{"@type":"WebSite","@id":"https:\/\/usa-b2.com\/no\/#website","url":"https:\/\/usa-b2.com\/no\/","name":"USA B2 VISA","description":"","potentialAction":[{"@type":"SearchAction","target":{"@type":"EntryPoint","urlTemplate":"https:\/\/usa-b2.com\/no\/?s={search_term_string}"},"query-input":{"@type":"PropertyValueSpecification","valueRequired":true,"valueName":"search_term_string"}}],"inLanguage":"nb-NO"},{"@type":"Question","@id":"https:\/\/usa-b2.com\/no\/visum-b2-for-franske\/#faq-question-1747226397065","position":1,"url":"https:\/\/usa-b2.com\/no\/visum-b2-for-franske\/#faq-question-1747226397065","name":"Hvor lenge er et B2-visum gyldig?","answerCount":1,"acceptedAnswer":{"@type":"Answer","text":"Visumet er gyldig <strong>i opptil 10 \u00e5r<\/strong>, men hvert opphold <strong>er begrenset til maksimalt 6 m\u00e5neder.<\/strong>","inLanguage":"nb-NO"},"inLanguage":"nb-NO"},{"@type":"Question","@id":"https:\/\/usa-b2.com\/no\/visum-b2-for-franske\/#faq-question-1747226417090","position":2,"url":"https:\/\/usa-b2.com\/no\/visum-b2-for-franske\/#faq-question-1747226417090","name":"Kan jeg forlenge B2-visumet mitt i USA?","answerCount":1,"acceptedAnswer":{"@type":"Answer","text":"Ja, det er mulig \u00e5 be <strong>om forlengelse<\/strong> fra USA, men det m\u00e5 begrunnes.","inLanguage":"nb-NO"},"inLanguage":"nb-NO"},{"@type":"Question","@id":"https:\/\/usa-b2.com\/no\/visum-b2-for-franske\/#faq-question-1747226429344","position":3,"url":"https:\/\/usa-b2.com\/no\/visum-b2-for-franske\/#faq-question-1747226429344","name":"Er det tryggere \u00e5 s\u00f8ke om et B2-visum i stedet for ESTA?","answerCount":1,"acceptedAnswer":{"@type":"Answer","text":"Ja, spesielt hvis du har f\u00e5tt avslag, eller hvis du \u00f8nsker <strong>\u00e5 unng\u00e5 enhver risiko for avslag.<\/strong>","inLanguage":"nb-NO"},"inLanguage":"nb-NO"}]}},"_links":{"self":[{"href":"https:\/\/usa-b2.com\/no\/wp-json\/wp\/v2\/pages\/9061","targetHints":{"allow":["GET"]}}],"collection":[{"href":"https:\/\/usa-b2.com\/no\/wp-json\/wp\/v2\/pages"}],"about":[{"href":"https:\/\/usa-b2.com\/no\/wp-json\/wp\/v2\/types\/page"}],"author":[{"embeddable":true,"href":"https:\/\/usa-b2.com\/no\/wp-json\/wp\/v2\/users\/1"}],"replies":[{"embeddable":true,"href":"https:\/\/usa-b2.com\/no\/wp-json\/wp\/v2\/comments?post=9061"}],"version-history":[{"count":2,"href":"https:\/\/usa-b2.com\/no\/wp-json\/wp\/v2\/pages\/9061\/revisions"}],"predecessor-version":[{"id":10859,"href":"https:\/\/usa-b2.com\/no\/wp-json\/wp\/v2\/pages\/9061\/revisions\/10859"}],"wp:attachment":[{"href":"https:\/\/usa-b2.com\/no\/wp-json\/wp\/v2\/media?parent=9061"}],"curies":[{"name":"wp","href":"https:\/\/api.w.org\/{rel}","templated":true}]}}