{"id":8639,"date":"2025-03-18T12:32:41","date_gmt":"2025-03-18T12:32:41","guid":{"rendered":"https:\/\/usa-b2.com\/great-lakes-circle-tour\/"},"modified":"2025-04-10T18:33:42","modified_gmt":"2025-04-10T18:33:42","slug":"great-lakes-circle-tour","status":"publish","type":"page","link":"https:\/\/usa-b2.com\/no\/great-lakes-circle-tour\/","title":{"rendered":"Great Lakes Circle Tour : Den ultimate bilturen rundt de store innsj\u00f8ene"},"content":{"rendered":"\n<h1 class=\"wp-block-heading\">Great Lakes Circle Tour: etapper, hoteller og fotoplasseringer<\/h1>\n\n<p><a href=\"http:\/\/www.greatlakescircletour.org\/\">Great Lakes Circle Tour<\/a> er en legendarisk reiserute som lar deg utforske de store innsj\u00f8ene i <a href=\"https:\/\/www.usa.gov\/\">USA<\/a> og <a href=\"https:\/\/www.canada.ca\/en.html\">Canada<\/a> med bil. Denne spektakul\u00e6re bilturen tar deg med inn i hjertet av storsl\u00e5tte landskap, imponerende nasjonalparker, pulserende byer og uforglemmelige fotomotiver. Enten du er et par p\u00e5 jakt etter en romantisk ferie eller en familie p\u00e5 jakt etter et oppslukende eventyr, lover denne turen rundt de fem st\u00f8rste innsj\u00f8ene i Nord-Amerika en unik opplevelse.  <\/p>\n\n<figure class=\"wp-block-image size-large\"><img fetchpriority=\"high\" decoding=\"async\" width=\"1024\" height=\"576\" src=\"https:\/\/usa-b2.com\/wp-content\/uploads\/2025\/03\/Great-Lakes-Circle-Tour-USA-1-1024x576.jpg\" alt=\"\" class=\"wp-image-8374\" srcset=\"https:\/\/usa-b2.com\/wp-content\/uploads\/2025\/03\/Great-Lakes-Circle-Tour-USA-1-1024x576.jpg 1024w, https:\/\/usa-b2.com\/wp-content\/uploads\/2025\/03\/Great-Lakes-Circle-Tour-USA-1-300x169.jpg 300w, https:\/\/usa-b2.com\/wp-content\/uploads\/2025\/03\/Great-Lakes-Circle-Tour-USA-1-768x432.jpg 768w, https:\/\/usa-b2.com\/wp-content\/uploads\/2025\/03\/Great-Lakes-Circle-Tour-USA-1-1536x864.jpg 1536w, https:\/\/usa-b2.com\/wp-content\/uploads\/2025\/03\/Great-Lakes-Circle-Tour-USA-1-2048x1152.jpg 2048w\" sizes=\"(max-width: 1024px) 100vw, 1024px\" \/><\/figure>\n\n<h2 class=\"wp-block-heading\">Detaljert reiserute for Great Lakes Circle Tour<\/h2>\n\n<p>\u00c5 f\u00f8lge Great Lakes Circle Tour krever n\u00f8ye planlegging. Her er et forslag til en reiserute som er optimalisert for \u00e5 f\u00e5 med seg de viktigste severdighetene. <\/p>\n\n<h3 class=\"wp-block-heading\">Avreise fra Chicago (Lake Michigan)<\/h3>\n\n<p>Start reisen i <a href=\"https:\/\/www.chicago.gov\/city\/en.html\">Chicago<\/a>, en ikonisk by med imponerende skyskrapere. Nyt <a href=\"https:\/\/www.chicago.gov\/city\/en\/depts\/dca\/supp_info\/millennium_park.html\">Millennium Park<\/a>, <a href=\"https:\/\/navypier.org\/\">Navy Pier<\/a> og et cruise p\u00e5 Chicago-elven. Denne pulserende byen er den perfekte introduksjonen til bilturen med sin unike blanding av moderne arkitektur og rolige omgivelser ved innsj\u00f8en.  <\/p>\n\n<h3 class=\"wp-block-heading\">Kryss Michigan og Ontario (Huron- og Eriesj\u00f8en)<\/h3>\n\n<p>Fortsett reisen til <a href=\"https:\/\/detroitmi.gov\/\">Detroit<\/a>, en by i fornyelse, der industrihistorie og kulturliv m\u00f8tes. Kryss den kanadiske grensen til <a href=\"https:\/\/www.toronto.ca\/\">Toronto<\/a>,<a href=\"https:\/\/www.ontario.ca\/page\/government-ontario\">Ontarios<\/a> dynamiske hovedstad. G\u00e5 ikke glipp av <a href=\"https:\/\/www.cntower.ca\/\">CN Tower<\/a>, hvor du har en fantastisk utsikt over byen og innsj\u00f8en. Stopp deretter ved <a href=\"https:\/\/niagarafalls.ca\/\">Niagarafallene<\/a>, et naturvidunder som aldri slutter \u00e5 forbl\u00f8ffe bes\u00f8kende.   <\/p>\n\n<h3 class=\"wp-block-heading\">Dra opp mot Wisconsin og Minnesota (Lake Superior)<\/h3>\n\n<p>Tilbake i USA kan du utforske <a href=\"https:\/\/duluthmn.gov\/\">Duluth<\/a>, en kystby ved Lake Superior med et fantastisk landskap. Ta turen til <a href=\"https:\/\/www.nps.gov\/piro\/index.htm\">Pictured Rocks National Lakeshore<\/a>, som er kjent for sine fargerike klipper og fjellformasjoner formet av erosjon. Avslutt denne delen av turen med et bes\u00f8k p\u00e5 <a href=\"https:\/\/www.mackinacisland.org\/\">Mackinac Island<\/a>, der biler ikke er tillatt, noe som gj\u00f8r det til det perfekte stedet for en sykkeltur eller en tur med hestevogn.  <\/p>\n\n<h2 class=\"wp-block-heading\">De vakreste landskapene og nasjonalparkene<\/h2>\n\n<p>Great Lakes Circle Tour er fullpakket med spektakul\u00e6re panoramaer og uber\u00f8rte naturreservater som er vel verdt et bes\u00f8k.<\/p>\n\n<h3 class=\"wp-block-heading\">Nasjonalparker du m\u00e5 se<\/h3>\n\n<p>Naturelskere vil ikke g\u00e5 glipp av <a href=\"http:\/\/www.isleroyale.info\/\">Isle Royale National Park<\/a>, en avsidesliggende perle som bare er tilgjengelig med b\u00e5t eller fly, og som er perfekt for fotturer og dyreliv. Et annet must er <a href=\"https:\/\/www.sleepingbeardunes.com\/\">Sleeping Bear Dunes National Lakeshore<\/a>, der enorme sanddyner byr p\u00e5 fantastisk utsikt over Lake Michigan. <\/p>\n\n<h3 class=\"wp-block-heading\">Betagende landskap<\/h3>\n\n<p>En biltur rundt de store innsj\u00f8ene vil avsl\u00f8re et mangfold av landskap, fra vidstrakte strender til tette skoger og imponerende fjellformasjoner. <a href=\"https:\/\/www.apostleisland.com\/\">Apostle Islands<\/a> i <a href=\"https:\/\/wisconsindot.gov\/Pages\/online-srvcs\/external\/dmv.aspx\">Wisconsin<\/a> byr p\u00e5 spektakul\u00e6re isgrotter om vinteren og uforglemmelige kajakkturer om sommeren. Klippene ved <a href=\"https:\/\/picturedrocks.com\/fares-schedule\/\">Pictured Rocks<\/a> i <a href=\"https:\/\/www.michigan.gov\/som\">Michigan<\/a>, p\u00e5 sin side, avsl\u00f8rer spektakul\u00e6re fargetoner etter hvert som \u00e5rstidene skifter. <\/p>\n\n<h3 class=\"wp-block-heading\">Anbefalte stoppesteder<\/h3>\n\n<p>For \u00e5 f\u00e5 mest mulig ut av turen kan du stoppe ved <a href=\"https:\/\/www.holland.org\/holland-state-park\/\">Holland State Park<\/a>, et ideelt sted for \u00e5 beundre solnedgangen over det ikoniske fyrt\u00e5rnet<a href=\"https:\/\/bigredlighthouse.com\/\">&laquo;Big Red&raquo;.<\/a> Et annet must er selvf\u00f8lgelig <a href=\"https:\/\/www.niagarafallsusa.com\/\">Niagara Falls<\/a>, som byr p\u00e5 fantastisk utsikt og aktiviteter som \u00e5 seile under fossen eller utforske tunnelene bak vannet. <\/p>\n\n<h2 class=\"wp-block-heading\">Overnatting: anbefalte byer og overnattingssteder<\/h2>\n\n<p>Planlegg stoppene slik at du kan hvile godt og nyte hver eneste etappe av reisen.<\/p>\n\n<h3 class=\"wp-block-heading\">Foretrukne byer<\/h3>\n\n<p>Noen av stoppestedene er perfekte for overnatting og utforsking av omr\u00e5det rundt. Chicago er et ideelt sted \u00e5 starte eller avslutte reisen, med sitt varierte utvalg av hoteller. Toronto er et must for \u00e5 kombinere urban komfort med n\u00e6rhet til naturens underverker. Lenger nord er Duluth et hyggelig reisem\u00e5l for en avslappende pause f\u00f8r du utforsker Lake Superior.   <\/p>\n\n<h3 class=\"wp-block-heading\">Anbefalte hoteller og lodger<\/h3>\n\n<figure class=\"wp-block-table\"><table class=\"has-fixed-layout\"><tbody><tr><td><strong>By<\/strong><\/td><td><strong>Anbefalt hotell<\/strong><\/td><td><strong>Type overnatting<\/strong><\/td><\/tr><tr><td>Chicago<\/td><td><a href=\"https:\/\/www.langhamhospitalitygroup.com\/en\/\">The Langham<\/a><\/td><td>Luksus<\/td><\/tr><tr><td>Toronto<\/td><td><a href=\"https:\/\/www.fairmont.com\/royal-york-toronto\/?goto=fiche_hotel&amp;code_hotel=A551&amp;merchantid=seo-maps-CA-A551&amp;sourceid=aw-cen&amp;utm_medium=seo%20maps&amp;utm_source=google%20Maps&amp;utm_campaign=seo%20maps\">Fairmont Royal York<\/a><\/td><td>Historie<\/td><\/tr><tr><td>Duluth<\/td><td><a href=\"https:\/\/inn.fitgers.com\/\">Fitger&#8217;s Inn<\/a><\/td><td>Vannkanten<\/td><\/tr><\/tbody><\/table><\/figure>\n\n<h2 class=\"wp-block-heading\">Instagrammable fotopunkter<\/h2>\n\n<p>Forevig turen med spektakul\u00e6re bilder.<\/p>\n\n<h3 class=\"wp-block-heading\">Panoramautsikt<\/h3>\n\n<p>For et uforglemmelig bilde kan du ta turen opp til <a href=\"https:\/\/theskydeck.com\/\">Skydeck Chicago<\/a>, der<a href=\"https:\/\/www.willistower.com\/\"> Willis<\/a> Tower gir deg et fugleperspektiv over byen. Niagara Falls er et annet ikonisk sted, perfekt for \u00e5 fange naturens kraft. <\/p>\n\n<h3 class=\"wp-block-heading\">Atypiske steder for unike bilder<\/h3>\n\n<p>Noen steder byr p\u00e5 en unik atmosf\u00e6re og omgivelser, som for eksempel Mackinac Island, med sine hestetrukne vogner og pittoreske arkitektur. Et annet alternativ er <a href=\"https:\/\/duneclimbinn.com\/\">Dune Climb<\/a>, Sleeping Bear Dunes, hvor du kan f\u00e5 et enest\u00e5ende panorama over Lake Michigan. <\/p>\n\n<h2 class=\"wp-block-heading\">Aktiviteter for par<\/h2>\n\n<p>En biltur rundt de store innsj\u00f8ene er en ideell utflukt for par p\u00e5 jakt etter eventyr og romantikk.<\/p>\n\n<h3 class=\"wp-block-heading\">Romantiske opplevelser<\/h3>\n\n<p>Opplev et unikt \u00f8yeblikk p\u00e5 et middagscruise p\u00e5 Lake Michigan, med en fantastisk utsikt over Chicago i lys lue. For en velv\u00e6referie kan du velge et termisk spa i Toronto, hvor du kan slappe av med en fantastisk utsikt over innsj\u00f8en. <\/p>\n\n<h3 class=\"wp-block-heading\">Aktiviteter for to i det fri<\/h3>\n\n<p>Par som elsker friluftsliv vil elske en fottur p\u00e5 Isle Royale, et vilt og uber\u00f8rt sted. Et annet alternativ dere ikke m\u00e5 g\u00e5 glipp av, er en solnedgang i Holland State Park, en idyllisk setting for en romantisk ferie. <\/p>\n\n<h2 class=\"wp-block-heading\">Familieaktiviteter<\/h2>\n\n<p>\u00c5 reise med barn p\u00e5 Great Lakes Circle Tour kan bli en minneverdig opplevelse med de rette aktivitetene.<\/p>\n\n<h3 class=\"wp-block-heading\">Parker og attraksjoner for barn<\/h3>\n\n<p>Familier vil elske et bes\u00f8k p\u00e5 <a href=\"https:\/\/www.sheddaquarium.org\/\">Shedd Aquarium<\/a> i Chicago, som byr p\u00e5 en fascinerende fordypning i den marine verden. For de som er p\u00e5 jakt etter spenning, er <a href=\"https:\/\/www.canadaswonderland.com\/\">Canada&#8217;s Wonderland<\/a> i Toronto et utmerket alternativ, med sine mange attraksjoner som passer for de yngste. <\/p>\n\n<h3 class=\"wp-block-heading\">Morsomme og interaktive opplevelser<\/h3>\n\n<p>Barn med en lidenskap for biler vil elske Ford Museum i Detroit, der bilhistorien kommer til live. Hvis du er ute etter et mer naturlig eventyr, kan du ta et cruise til <a href=\"https:\/\/www.leeds1000islands.ca\/en\/Index.aspx\">Thousand Islands i Ontario<\/a> og oppdage et unikt landskap som kombinerer historie og natur. <\/p>\n\n<p>Great Lakes Circle Tour er en unik <a href=\"https:\/\/usa-b2.com\/no\/\">amerikansk roadtrip<\/a> som kombinerer storsl\u00e5tt natur, urbane oppdagelser og uforglemmelige opplevelser. Enten du er et par p\u00e5 jakt etter romantikk eller en familie p\u00e5 jakt etter moro, har denne reiseruten noe for enhver smak. Pakk bilen, ta med deg kameraet og legg ut p\u00e5 en biltur for \u00e5 erobre de store innsj\u00f8enes underverker!  <\/p>\n\n<p><\/p>\n","protected":false},"excerpt":{"rendered":"<p>Great Lakes Circle Tour: etapper, hoteller og fotoplasseringer Great Lakes Circle Tour er en legendarisk reiserute som lar deg utforske de store innsj\u00f8ene i USA og Canada med bil. Denne spektakul\u00e6re bilturen tar deg med inn i hjertet av storsl\u00e5tte landskap, imponerende nasjonalparker, pulserende byer og uforglemmelige fotomotiver. Enten du er et par p\u00e5 jakt [&hellip;]<\/p>\n","protected":false},"author":1,"featured_media":0,"parent":0,"menu_order":0,"comment_status":"closed","ping_status":"closed","template":"","meta":{"footnotes":""},"class_list":["post-8639","page","type-page","status-publish","hentry"],"yoast_head":"<!-- This site is optimized with the Yoast SEO plugin v27.4 - https:\/\/yoast.com\/product\/yoast-seo-wordpress\/ -->\n<title>Great Lakes Circle Tour : Den ultimate bilturen rundt de store innsj\u00f8ene - USA B2<\/title>\n<meta name=\"description\" content=\"Utforsk Great Lakes Circle Tour, en episk biltur rundt de store innsj\u00f8ene med reiserute, natur, overnatting og aktiviteter.\" \/>\n<meta name=\"robots\" content=\"index, follow, max-snippet:-1, max-image-preview:large, max-video-preview:-1\" \/>\n<link rel=\"canonical\" href=\"https:\/\/usa-b2.com\/no\/great-lakes-circle-tour\/\" \/>\n<meta property=\"og:locale\" content=\"nb_NO\" \/>\n<meta property=\"og:type\" content=\"article\" \/>\n<meta property=\"og:title\" content=\"Great Lakes Circle Tour : Den ultimate bilturen rundt de store innsj\u00f8ene - USA B2\" \/>\n<meta property=\"og:description\" content=\"Utforsk Great Lakes Circle Tour, en episk biltur rundt de store innsj\u00f8ene med reiserute, natur, overnatting og aktiviteter.\" \/>\n<meta property=\"og:url\" content=\"https:\/\/usa-b2.com\/no\/great-lakes-circle-tour\/\" \/>\n<meta property=\"og:site_name\" content=\"USA B2\" \/>\n<meta property=\"article:modified_time\" content=\"2025-04-10T18:33:42+00:00\" \/>\n<meta property=\"og:image\" content=\"https:\/\/usa-b2.com\/wp-content\/uploads\/2025\/03\/Great-Lakes-Circle-Tour-USA-1-scaled.jpg\" \/>\n\t<meta property=\"og:image:width\" content=\"2560\" \/>\n\t<meta property=\"og:image:height\" content=\"1440\" \/>\n\t<meta property=\"og:image:type\" content=\"image\/jpeg\" \/>\n<meta name=\"twitter:card\" content=\"summary_large_image\" \/>\n<meta name=\"twitter:label1\" content=\"Ansl. lesetid\" \/>\n\t<meta name=\"twitter:data1\" content=\"5 minutter\" \/>\n<script type=\"application\/ld+json\" class=\"yoast-schema-graph\">{\"@context\":\"https:\\\/\\\/schema.org\",\"@graph\":[{\"@type\":\"WebPage\",\"@id\":\"https:\\\/\\\/usa-b2.com\\\/no\\\/great-lakes-circle-tour\\\/\",\"url\":\"https:\\\/\\\/usa-b2.com\\\/no\\\/great-lakes-circle-tour\\\/\",\"name\":\"Great Lakes Circle Tour : Den ultimate bilturen rundt de store innsj\u00f8ene - USA B2\",\"isPartOf\":{\"@id\":\"https:\\\/\\\/usa-b2.com\\\/no\\\/#website\"},\"primaryImageOfPage\":{\"@id\":\"https:\\\/\\\/usa-b2.com\\\/no\\\/great-lakes-circle-tour\\\/#primaryimage\"},\"image\":{\"@id\":\"https:\\\/\\\/usa-b2.com\\\/no\\\/great-lakes-circle-tour\\\/#primaryimage\"},\"thumbnailUrl\":\"https:\\\/\\\/usa-b2.com\\\/wp-content\\\/uploads\\\/2025\\\/03\\\/Great-Lakes-Circle-Tour-USA-1-1024x576.jpg\",\"datePublished\":\"2025-03-18T12:32:41+00:00\",\"dateModified\":\"2025-04-10T18:33:42+00:00\",\"description\":\"Utforsk Great Lakes Circle Tour, en episk biltur rundt de store innsj\u00f8ene med reiserute, natur, overnatting og aktiviteter.\",\"breadcrumb\":{\"@id\":\"https:\\\/\\\/usa-b2.com\\\/no\\\/great-lakes-circle-tour\\\/#breadcrumb\"},\"inLanguage\":\"nb-NO\",\"potentialAction\":[{\"@type\":\"ReadAction\",\"target\":[\"https:\\\/\\\/usa-b2.com\\\/no\\\/great-lakes-circle-tour\\\/\"]}]},{\"@type\":\"ImageObject\",\"inLanguage\":\"nb-NO\",\"@id\":\"https:\\\/\\\/usa-b2.com\\\/no\\\/great-lakes-circle-tour\\\/#primaryimage\",\"url\":\"https:\\\/\\\/usa-b2.com\\\/wp-content\\\/uploads\\\/2025\\\/03\\\/Great-Lakes-Circle-Tour-USA-1-1024x576.jpg\",\"contentUrl\":\"https:\\\/\\\/usa-b2.com\\\/wp-content\\\/uploads\\\/2025\\\/03\\\/Great-Lakes-Circle-Tour-USA-1-1024x576.jpg\"},{\"@type\":\"BreadcrumbList\",\"@id\":\"https:\\\/\\\/usa-b2.com\\\/no\\\/great-lakes-circle-tour\\\/#breadcrumb\",\"itemListElement\":[{\"@type\":\"ListItem\",\"position\":1,\"name\":\"Accueil\",\"item\":\"https:\\\/\\\/usa-b2.com\\\/no\\\/usa\\\/\"},{\"@type\":\"ListItem\",\"position\":2,\"name\":\"Great Lakes Circle Tour : Den ultimate bilturen rundt de store innsj\u00f8ene\"}]},{\"@type\":\"WebSite\",\"@id\":\"https:\\\/\\\/usa-b2.com\\\/no\\\/#website\",\"url\":\"https:\\\/\\\/usa-b2.com\\\/no\\\/\",\"name\":\"USA B2 VISA\",\"description\":\"\",\"potentialAction\":[{\"@type\":\"SearchAction\",\"target\":{\"@type\":\"EntryPoint\",\"urlTemplate\":\"https:\\\/\\\/usa-b2.com\\\/no\\\/?s={search_term_string}\"},\"query-input\":{\"@type\":\"PropertyValueSpecification\",\"valueRequired\":true,\"valueName\":\"search_term_string\"}}],\"inLanguage\":\"nb-NO\"}]}<\/script>\n<!-- \/ Yoast SEO plugin. -->","yoast_head_json":{"title":"Great Lakes Circle Tour : Den ultimate bilturen rundt de store innsj\u00f8ene - USA B2","description":"Utforsk Great Lakes Circle Tour, en episk biltur rundt de store innsj\u00f8ene med reiserute, natur, overnatting og aktiviteter.","robots":{"index":"index","follow":"follow","max-snippet":"max-snippet:-1","max-image-preview":"max-image-preview:large","max-video-preview":"max-video-preview:-1"},"canonical":"https:\/\/usa-b2.com\/no\/great-lakes-circle-tour\/","og_locale":"nb_NO","og_type":"article","og_title":"Great Lakes Circle Tour : Den ultimate bilturen rundt de store innsj\u00f8ene - USA B2","og_description":"Utforsk Great Lakes Circle Tour, en episk biltur rundt de store innsj\u00f8ene med reiserute, natur, overnatting og aktiviteter.","og_url":"https:\/\/usa-b2.com\/no\/great-lakes-circle-tour\/","og_site_name":"USA B2","article_modified_time":"2025-04-10T18:33:42+00:00","og_image":[{"width":2560,"height":1440,"url":"https:\/\/usa-b2.com\/wp-content\/uploads\/2025\/03\/Great-Lakes-Circle-Tour-USA-1-scaled.jpg","type":"image\/jpeg"}],"twitter_card":"summary_large_image","twitter_misc":{"Ansl. lesetid":"5 minutter"},"schema":{"@context":"https:\/\/schema.org","@graph":[{"@type":"WebPage","@id":"https:\/\/usa-b2.com\/no\/great-lakes-circle-tour\/","url":"https:\/\/usa-b2.com\/no\/great-lakes-circle-tour\/","name":"Great Lakes Circle Tour : Den ultimate bilturen rundt de store innsj\u00f8ene - USA B2","isPartOf":{"@id":"https:\/\/usa-b2.com\/no\/#website"},"primaryImageOfPage":{"@id":"https:\/\/usa-b2.com\/no\/great-lakes-circle-tour\/#primaryimage"},"image":{"@id":"https:\/\/usa-b2.com\/no\/great-lakes-circle-tour\/#primaryimage"},"thumbnailUrl":"https:\/\/usa-b2.com\/wp-content\/uploads\/2025\/03\/Great-Lakes-Circle-Tour-USA-1-1024x576.jpg","datePublished":"2025-03-18T12:32:41+00:00","dateModified":"2025-04-10T18:33:42+00:00","description":"Utforsk Great Lakes Circle Tour, en episk biltur rundt de store innsj\u00f8ene med reiserute, natur, overnatting og aktiviteter.","breadcrumb":{"@id":"https:\/\/usa-b2.com\/no\/great-lakes-circle-tour\/#breadcrumb"},"inLanguage":"nb-NO","potentialAction":[{"@type":"ReadAction","target":["https:\/\/usa-b2.com\/no\/great-lakes-circle-tour\/"]}]},{"@type":"ImageObject","inLanguage":"nb-NO","@id":"https:\/\/usa-b2.com\/no\/great-lakes-circle-tour\/#primaryimage","url":"https:\/\/usa-b2.com\/wp-content\/uploads\/2025\/03\/Great-Lakes-Circle-Tour-USA-1-1024x576.jpg","contentUrl":"https:\/\/usa-b2.com\/wp-content\/uploads\/2025\/03\/Great-Lakes-Circle-Tour-USA-1-1024x576.jpg"},{"@type":"BreadcrumbList","@id":"https:\/\/usa-b2.com\/no\/great-lakes-circle-tour\/#breadcrumb","itemListElement":[{"@type":"ListItem","position":1,"name":"Accueil","item":"https:\/\/usa-b2.com\/no\/usa\/"},{"@type":"ListItem","position":2,"name":"Great Lakes Circle Tour : Den ultimate bilturen rundt de store innsj\u00f8ene"}]},{"@type":"WebSite","@id":"https:\/\/usa-b2.com\/no\/#website","url":"https:\/\/usa-b2.com\/no\/","name":"USA B2 VISA","description":"","potentialAction":[{"@type":"SearchAction","target":{"@type":"EntryPoint","urlTemplate":"https:\/\/usa-b2.com\/no\/?s={search_term_string}"},"query-input":{"@type":"PropertyValueSpecification","valueRequired":true,"valueName":"search_term_string"}}],"inLanguage":"nb-NO"}]}},"_links":{"self":[{"href":"https:\/\/usa-b2.com\/no\/wp-json\/wp\/v2\/pages\/8639","targetHints":{"allow":["GET"]}}],"collection":[{"href":"https:\/\/usa-b2.com\/no\/wp-json\/wp\/v2\/pages"}],"about":[{"href":"https:\/\/usa-b2.com\/no\/wp-json\/wp\/v2\/types\/page"}],"author":[{"embeddable":true,"href":"https:\/\/usa-b2.com\/no\/wp-json\/wp\/v2\/users\/1"}],"replies":[{"embeddable":true,"href":"https:\/\/usa-b2.com\/no\/wp-json\/wp\/v2\/comments?post=8639"}],"version-history":[{"count":0,"href":"https:\/\/usa-b2.com\/no\/wp-json\/wp\/v2\/pages\/8639\/revisions"}],"wp:attachment":[{"href":"https:\/\/usa-b2.com\/no\/wp-json\/wp\/v2\/media?parent=8639"}],"curies":[{"name":"wp","href":"https:\/\/api.w.org\/{rel}","templated":true}]}}