{"id":8562,"date":"2025-04-10T16:14:56","date_gmt":"2025-04-10T16:14:56","guid":{"rendered":"https:\/\/usa-b2.com\/us-b1-b2-visa\/"},"modified":"2025-05-14T12:12:52","modified_gmt":"2025-05-14T12:12:52","slug":"us-b1-b2-visum","status":"publish","type":"page","link":"https:\/\/usa-b2.com\/no\/us-b1-b2-visum\/","title":{"rendered":"B1\/B2-visum for \u00e5 bes\u00f8ke USA"},"content":{"rendered":"\n<h1 class=\"wp-block-heading\">b1b2-visum for reiser til USA<\/h1>\n\n<p><strong>B1\/B2-visumet til USA<\/strong> er det vanligste <a href=\"https:\/\/usa-b2.com\/no\/besoksvisum-usa\/\">amerikanske bes\u00f8ksvisumet<\/a>. Enten du reiser for forretninger eller forn\u00f8yelser, er dette visumet den ideelle l\u00f8sningen for et <strong>midlertidig opphold<\/strong> p\u00e5 amerikansk jord. I denne guiden finner du alt du trenger \u00e5 vite om <strong>B1\/B2-visumet<\/strong>, vilk\u00e5rene, nytten av det og hvordan du s\u00f8ker.  <\/p>\n\n<h2 class=\"wp-block-heading\">Hva er B1\/B2-visumet?<\/h2>\n\n<p><strong>B1\/B2-visumet<\/strong> er et <strong>ikke-immigrantvisum<\/strong> som utstedes av amerikanske myndigheter til personer som \u00f8nsker \u00e5 reise inn i USA p\u00e5 midlertidig basis.<\/p>\n\n<ul class=\"wp-block-list\">\n<li><a href=\"https:\/\/usa-b2.com\/no\/b1-visum-usa\/\">B1-visumet<\/a> er for <strong>forretningsreiser<\/strong> (m\u00f8ter, konferanser, kontrakter osv.).<\/li>\n\n\n\n<li><a href=\"https:\/\/usa-b2.com\/no\/visum-b2\/\">B2-visumet<\/a> er for <strong>turisme, familiebes\u00f8k eller medisinsk behandling.<\/strong><\/li>\n\n\n\n<li>De kombineres ofte i et <strong>B1\/B2 USA-visum<\/strong>, noe som betyr at du kan reise for begge form\u00e5l p\u00e5 samme dokument.<\/li>\n<\/ul>\n\n<div style=\"height:20px\" aria-hidden=\"true\" class=\"wp-block-spacer\"><\/div>\n\n<h2 class=\"wp-block-heading\">Hvem kan s\u00f8ke om B1\/B2-visum til USA?<\/h2>\n\n<p>Alle som ikke er kvalifisert for <a href=\"https:\/\/usa-b2.com\/no\/hva-er-en-esta\/\">ESTA-programmet<\/a> eller som \u00f8nsker \u00e5 oppholde seg i <strong>USA<\/strong> i <strong>mer enn 90 dager<\/strong>, kan s\u00f8ke om et <strong>amerikansk B1 B2-visum<\/strong>. Det er spesielt nyttig for : <\/p>\n\n<ul class=\"wp-block-list\">\n<li>Statsborgere fra land som ikke er medlemmer av <a href=\"https:\/\/usa-b2.com\/no\/visumfritak-programmet\/\">Visa Waiver-programmet<\/a><\/li>\n\n\n\n<li>Personer som trenger mer fleksibilitet n\u00e5r det gjelder lengden p\u00e5 eller form\u00e5let med oppholdet<\/li>\n\n\n\n<li>Reisende som allerede har f\u00e5tt avslag p\u00e5 ESTA-godkjenning<\/li>\n<\/ul>\n\n<div style=\"height:20px\" aria-hidden=\"true\" class=\"wp-block-spacer\"><\/div>\n\n<h2 class=\"wp-block-heading\">Gyldighetsperiode og vilk\u00e5r for B1 B2-visum<\/h2>\n\n<p><strong>B1\/B2-visumet til USA<\/strong> kan v\u00e6re gyldig i mellom <strong>1 og 10 \u00e5r<\/strong>, avhengig av hvilket land du bor i og hva det amerikanske konsulatet bestemmer. Det gir tillatelse til : <\/p>\n\n<ul class=\"wp-block-list\">\n<li><strong>Midlertidig opphold<\/strong> p\u00e5 opptil 6 m\u00e5neder per innreise<\/li>\n\n\n\n<li><strong>Flere innreiser<\/strong> til USA i l\u00f8pet av gyldighetsperioden<\/li>\n\n\n\n<li>Ingen tillatelse til l\u00f8nnet arbeid eller studier<\/li>\n<\/ul>\n\n<p>\ud83d\udd17 Se ogs\u00e5: <a href=\"https:\/\/usa-b2.com\/no\/forskjellen-mellom-visum-og-esta\/\">Forskjellen mellom ESTA og visum<\/a><br\/>\ud83d\udd17 Se ogs\u00e5: <a href=\"https:\/\/usa-b2.com\/no\/pass-reise-usa\/\">Gyldig pass for reiser til USA<\/a><\/p>\n\n<h2 class=\"wp-block-heading\">Hvordan f\u00e5r jeg et B1 B2-visum til USA?<\/h2>\n\n<h3 class=\"wp-block-heading\">1. Fyll ut skjema DS-160<\/h3>\n\n<p>Det <a href=\"https:\/\/usa-b2.com\/no\/ds-160\/\">offisielle DS-160-skjemaet<\/a> for alle s\u00f8knader om <strong>visum for ikke-immigranter i USA.<\/strong><\/p>\n\n<h3 class=\"wp-block-heading\">2. Betal s\u00f8knadsavgiften<\/h3>\n\n<p><a href=\"https:\/\/usa-b2.com\/no\/b2-usa-visumavgifter\/\">Prisen p\u00e5 visumet<\/a> varierer avhengig av hvilken type amerikansk visum du velger. Generelt koster <strong>B1\/B2-visumet<\/strong> rundt <strong>185 USD<\/strong> i administrasjonsgebyr som m\u00e5 betales n\u00e5r du <a href=\"https:\/\/usa-b2.com\/no\/visa-b2-visumsoknadsprosedyre\/\">s\u00f8ker<\/a> om visum. <\/p>\n\n<h3 class=\"wp-block-heading\">3. Gj\u00f8r en avtale p\u00e5 den amerikanske ambassaden<\/h3>\n\n<p>Intervjuet er <strong>obligatorisk<\/strong> for de fleste s\u00f8kere. Her m\u00e5 du forklare \u00e5rsakene til reisen din. Se artikkelen v\u00e5r om den <a href=\"https:\/\/usa-b2.com\/no\/utnevnelse-av-usas-ambassade\/\">amerikanske ambassaden<\/a> for \u00e5 forberede deg p\u00e5 dette viktige trinnet.  <\/p>\n\n<h3 class=\"wp-block-heading\">4. Forberede de n\u00f8dvendige dokumentene<\/h3>\n\n<ul class=\"wp-block-list\">\n<li><a href=\"https:\/\/usa-b2.com\/no\/pass-reise-usa\/\">Gyldig pass for USA<\/a><\/li>\n\n\n\n<li>Passfoto<\/li>\n\n\n\n<li>Bevis p\u00e5 finansiering, reiserute, invitasjonsbrev (hvis aktuelt)<\/li>\n<\/ul>\n\n<h3 class=\"wp-block-heading\">5. Vent p\u00e5 avgj\u00f8relsen<\/h3>\n\n<p><strong>Tiden det tar \u00e5 f\u00e5 en lisens<\/strong> varierer. I gjennomsnitt m\u00e5 du regne med mellom <strong>1 og 4 uker.<\/strong> <br\/><\/p>\n\n<h2 class=\"wp-block-heading\">Illustrasjon av prosessen for \u00e5 f\u00e5 et b1\/b2-visum<\/h2>\n\n<figure class=\"wp-block-image size-large\"><img fetchpriority=\"high\" decoding=\"async\" width=\"683\" height=\"1024\" src=\"https:\/\/usa-b2.com\/wp-content\/uploads\/2025\/04\/us-visa-b1b2-683x1024.png\" alt=\"Hvordan f&#xE5; et B1 B2-visum\" class=\"wp-image-8440\" srcset=\"https:\/\/usa-b2.com\/wp-content\/uploads\/2025\/04\/us-visa-b1b2-683x1024.png 683w, https:\/\/usa-b2.com\/wp-content\/uploads\/2025\/04\/us-visa-b1b2-200x300.png 200w, https:\/\/usa-b2.com\/wp-content\/uploads\/2025\/04\/us-visa-b1b2-768x1152.png 768w, https:\/\/usa-b2.com\/wp-content\/uploads\/2025\/04\/us-visa-b1b2.png 1024w\" sizes=\"(max-width: 683px) 100vw, 683px\" \/><figcaption class=\"wp-element-caption\">Hvordan f\u00e5 et B1\/B2-visum<\/figcaption><\/figure>\n\n<h2 class=\"wp-block-heading\">Ofte stilte sp\u00f8rsm\u00e5l om B1\/B2-visum til USA<\/h2>\n\n<h3 class=\"wp-block-heading\">Kan jeg jobbe p\u00e5 et B1\/B2-visum?<\/h3>\n\n<p>Nei. <strong>B1 B2 USA-visumet<\/strong> er forbeholdt <strong>midlertidige bes\u00f8k<\/strong> uten betalt arbeid eller studier. <\/p>\n\n<h3 class=\"wp-block-heading\">Kan et B1- og B2-visum til USA forlenges?<\/h3>\n\n<p>Ja, men det er <strong>komplisert<\/strong>. Du m\u00e5 be om forlengelse <strong>minst 45 dager f\u00f8r utl\u00f8pet<\/strong>. <\/p>\n\n<h3 class=\"wp-block-heading\">Er det det samme som ESTA?<\/h3>\n\n<p><strong>ESTA<\/strong> er forbeholdt visse land og gjelder i <strong>maksimalt 90 dager<\/strong>. <strong>B1\/B2 USA-visumet<\/strong> er mer fleksibelt, men krever flere formaliteter.  <\/p>\n\n<h2 class=\"wp-block-heading\">Hvorfor velge B1 B2-visum for \u00e5 bes\u00f8ke USA?<\/h2>\n\n<p><strong>B1\/B2-visumet til USA<\/strong> er ideelt hvis du \u00f8nsker \u00e5 :<\/p>\n\n<ul class=\"wp-block-list\">\n<li><strong>Bes\u00f8ke slektninger, dra p\u00e5 sightseeing, g\u00e5 til legen<\/strong><\/li>\n\n\n\n<li><strong>Delta p\u00e5 faglige konferanser og m\u00f8ter<\/strong><\/li>\n\n\n\n<li><strong>Regelmessige<\/strong> reiser <strong>til USA<\/strong> med visum som er gyldig i flere \u00e5r<\/li>\n\n\n\n<li>Et <strong>alternativ til ESTA<\/strong><\/li>\n<\/ul>\n\n<h2 class=\"wp-block-heading\">I et n\u00f8tteskall<\/h2>\n\n<figure class=\"wp-block-table\"><table class=\"has-fixed-layout\"><thead><tr><th>Element<\/th><th>Detaljer<\/th><\/tr><\/thead><tbody><tr><td>Type visum<\/td><td><strong>B1\/B2-visum<\/strong> (forretnings- og turistvisum)<\/td><\/tr><tr><td>Lengde p\u00e5 oppholdet<\/td><td>Opptil 6 m\u00e5neder per oppf\u00f8ring<\/td><\/tr><tr><td>Gyldighetsperiode<\/td><td>Opp til 10 \u00e5r<\/td><\/tr><tr><td>Antall oppf\u00f8ringer<\/td><td>Flere<\/td><\/tr><tr><td>Kan vi jobbe?<\/td><td>\u274c Nei<\/td><\/tr><tr><td>Kan vi studere?<\/td><td>\u274c Nei (unntatt i spesielle tilfeller)<\/td><\/tr><\/tbody><\/table><\/figure>\n","protected":false},"excerpt":{"rendered":"<p>b1b2-visum for reiser til USA B1\/B2-visumet til USA er det vanligste amerikanske bes\u00f8ksvisumet. Enten du reiser for forretninger eller forn\u00f8yelser, er dette visumet den ideelle l\u00f8sningen for et midlertidig opphold p\u00e5 amerikansk jord. I denne guiden finner du alt du trenger \u00e5 vite om B1\/B2-visumet, vilk\u00e5rene, nytten av det og hvordan du s\u00f8ker. Hva er [&hellip;]<\/p>\n","protected":false},"author":1,"featured_media":0,"parent":0,"menu_order":0,"comment_status":"closed","ping_status":"closed","template":"","meta":{"footnotes":""},"class_list":["post-8562","page","type-page","status-publish","hentry"],"yoast_head":"<!-- This site is optimized with the Yoast SEO plugin v27.4 - https:\/\/yoast.com\/product\/yoast-seo-wordpress\/ -->\n<title>B1\/B2-visum for \u00e5 bes\u00f8ke USA - USA B2<\/title>\n<meta name=\"description\" content=\"Med b1\/B2-visumet til USA kan reisende oppholde seg i USA i mer enn 90 dager i forbindelse med turisme eller forretninger.\" \/>\n<meta name=\"robots\" content=\"index, follow, max-snippet:-1, max-image-preview:large, max-video-preview:-1\" \/>\n<link rel=\"canonical\" href=\"https:\/\/usa-b2.com\/no\/us-b1-b2-visum\/\" \/>\n<meta property=\"og:locale\" content=\"nb_NO\" \/>\n<meta property=\"og:type\" content=\"article\" \/>\n<meta property=\"og:title\" content=\"B1\/B2-visum for \u00e5 bes\u00f8ke USA - USA B2\" \/>\n<meta property=\"og:description\" content=\"Med b1\/B2-visumet til USA kan reisende oppholde seg i USA i mer enn 90 dager i forbindelse med turisme eller forretninger.\" \/>\n<meta property=\"og:url\" content=\"https:\/\/usa-b2.com\/no\/us-b1-b2-visum\/\" \/>\n<meta property=\"og:site_name\" content=\"USA B2\" \/>\n<meta property=\"article:modified_time\" content=\"2025-05-14T12:12:52+00:00\" \/>\n<meta property=\"og:image\" content=\"https:\/\/usa-b2.com\/wp-content\/uploads\/2025\/04\/us-visa-b1b2.png\" \/>\n\t<meta property=\"og:image:width\" content=\"1024\" \/>\n\t<meta property=\"og:image:height\" content=\"1536\" \/>\n\t<meta property=\"og:image:type\" content=\"image\/png\" \/>\n<meta name=\"twitter:card\" content=\"summary_large_image\" \/>\n<meta name=\"twitter:label1\" content=\"Ansl. lesetid\" \/>\n\t<meta name=\"twitter:data1\" content=\"3 minutter\" \/>\n<script type=\"application\/ld+json\" class=\"yoast-schema-graph\">{\"@context\":\"https:\\\/\\\/schema.org\",\"@graph\":[{\"@type\":\"WebPage\",\"@id\":\"https:\\\/\\\/usa-b2.com\\\/no\\\/us-b1-b2-visum\\\/\",\"url\":\"https:\\\/\\\/usa-b2.com\\\/no\\\/us-b1-b2-visum\\\/\",\"name\":\"B1\\\/B2-visum for \u00e5 bes\u00f8ke USA - USA B2\",\"isPartOf\":{\"@id\":\"https:\\\/\\\/usa-b2.com\\\/no\\\/#website\"},\"primaryImageOfPage\":{\"@id\":\"https:\\\/\\\/usa-b2.com\\\/no\\\/us-b1-b2-visum\\\/#primaryimage\"},\"image\":{\"@id\":\"https:\\\/\\\/usa-b2.com\\\/no\\\/us-b1-b2-visum\\\/#primaryimage\"},\"thumbnailUrl\":\"https:\\\/\\\/usa-b2.com\\\/wp-content\\\/uploads\\\/2025\\\/04\\\/us-visa-b1b2-683x1024.png\",\"datePublished\":\"2025-04-10T16:14:56+00:00\",\"dateModified\":\"2025-05-14T12:12:52+00:00\",\"description\":\"Med b1\\\/B2-visumet til USA kan reisende oppholde seg i USA i mer enn 90 dager i forbindelse med turisme eller forretninger.\",\"breadcrumb\":{\"@id\":\"https:\\\/\\\/usa-b2.com\\\/no\\\/us-b1-b2-visum\\\/#breadcrumb\"},\"inLanguage\":\"nb-NO\",\"potentialAction\":[{\"@type\":\"ReadAction\",\"target\":[\"https:\\\/\\\/usa-b2.com\\\/no\\\/us-b1-b2-visum\\\/\"]}]},{\"@type\":\"ImageObject\",\"inLanguage\":\"nb-NO\",\"@id\":\"https:\\\/\\\/usa-b2.com\\\/no\\\/us-b1-b2-visum\\\/#primaryimage\",\"url\":\"https:\\\/\\\/usa-b2.com\\\/wp-content\\\/uploads\\\/2025\\\/04\\\/us-visa-b1b2-683x1024.png\",\"contentUrl\":\"https:\\\/\\\/usa-b2.com\\\/wp-content\\\/uploads\\\/2025\\\/04\\\/us-visa-b1b2-683x1024.png\"},{\"@type\":\"BreadcrumbList\",\"@id\":\"https:\\\/\\\/usa-b2.com\\\/no\\\/us-b1-b2-visum\\\/#breadcrumb\",\"itemListElement\":[{\"@type\":\"ListItem\",\"position\":1,\"name\":\"Accueil\",\"item\":\"https:\\\/\\\/usa-b2.com\\\/no\\\/usa\\\/\"},{\"@type\":\"ListItem\",\"position\":2,\"name\":\"B1\\\/B2-visum for \u00e5 bes\u00f8ke USA\"}]},{\"@type\":\"WebSite\",\"@id\":\"https:\\\/\\\/usa-b2.com\\\/no\\\/#website\",\"url\":\"https:\\\/\\\/usa-b2.com\\\/no\\\/\",\"name\":\"USA B2 VISA\",\"description\":\"\",\"potentialAction\":[{\"@type\":\"SearchAction\",\"target\":{\"@type\":\"EntryPoint\",\"urlTemplate\":\"https:\\\/\\\/usa-b2.com\\\/no\\\/?s={search_term_string}\"},\"query-input\":{\"@type\":\"PropertyValueSpecification\",\"valueRequired\":true,\"valueName\":\"search_term_string\"}}],\"inLanguage\":\"nb-NO\"}]}<\/script>\n<!-- \/ Yoast SEO plugin. -->","yoast_head_json":{"title":"B1\/B2-visum for \u00e5 bes\u00f8ke USA - USA B2","description":"Med b1\/B2-visumet til USA kan reisende oppholde seg i USA i mer enn 90 dager i forbindelse med turisme eller forretninger.","robots":{"index":"index","follow":"follow","max-snippet":"max-snippet:-1","max-image-preview":"max-image-preview:large","max-video-preview":"max-video-preview:-1"},"canonical":"https:\/\/usa-b2.com\/no\/us-b1-b2-visum\/","og_locale":"nb_NO","og_type":"article","og_title":"B1\/B2-visum for \u00e5 bes\u00f8ke USA - USA B2","og_description":"Med b1\/B2-visumet til USA kan reisende oppholde seg i USA i mer enn 90 dager i forbindelse med turisme eller forretninger.","og_url":"https:\/\/usa-b2.com\/no\/us-b1-b2-visum\/","og_site_name":"USA B2","article_modified_time":"2025-05-14T12:12:52+00:00","og_image":[{"width":1024,"height":1536,"url":"https:\/\/usa-b2.com\/wp-content\/uploads\/2025\/04\/us-visa-b1b2.png","type":"image\/png"}],"twitter_card":"summary_large_image","twitter_misc":{"Ansl. lesetid":"3 minutter"},"schema":{"@context":"https:\/\/schema.org","@graph":[{"@type":"WebPage","@id":"https:\/\/usa-b2.com\/no\/us-b1-b2-visum\/","url":"https:\/\/usa-b2.com\/no\/us-b1-b2-visum\/","name":"B1\/B2-visum for \u00e5 bes\u00f8ke USA - USA B2","isPartOf":{"@id":"https:\/\/usa-b2.com\/no\/#website"},"primaryImageOfPage":{"@id":"https:\/\/usa-b2.com\/no\/us-b1-b2-visum\/#primaryimage"},"image":{"@id":"https:\/\/usa-b2.com\/no\/us-b1-b2-visum\/#primaryimage"},"thumbnailUrl":"https:\/\/usa-b2.com\/wp-content\/uploads\/2025\/04\/us-visa-b1b2-683x1024.png","datePublished":"2025-04-10T16:14:56+00:00","dateModified":"2025-05-14T12:12:52+00:00","description":"Med b1\/B2-visumet til USA kan reisende oppholde seg i USA i mer enn 90 dager i forbindelse med turisme eller forretninger.","breadcrumb":{"@id":"https:\/\/usa-b2.com\/no\/us-b1-b2-visum\/#breadcrumb"},"inLanguage":"nb-NO","potentialAction":[{"@type":"ReadAction","target":["https:\/\/usa-b2.com\/no\/us-b1-b2-visum\/"]}]},{"@type":"ImageObject","inLanguage":"nb-NO","@id":"https:\/\/usa-b2.com\/no\/us-b1-b2-visum\/#primaryimage","url":"https:\/\/usa-b2.com\/wp-content\/uploads\/2025\/04\/us-visa-b1b2-683x1024.png","contentUrl":"https:\/\/usa-b2.com\/wp-content\/uploads\/2025\/04\/us-visa-b1b2-683x1024.png"},{"@type":"BreadcrumbList","@id":"https:\/\/usa-b2.com\/no\/us-b1-b2-visum\/#breadcrumb","itemListElement":[{"@type":"ListItem","position":1,"name":"Accueil","item":"https:\/\/usa-b2.com\/no\/usa\/"},{"@type":"ListItem","position":2,"name":"B1\/B2-visum for \u00e5 bes\u00f8ke USA"}]},{"@type":"WebSite","@id":"https:\/\/usa-b2.com\/no\/#website","url":"https:\/\/usa-b2.com\/no\/","name":"USA B2 VISA","description":"","potentialAction":[{"@type":"SearchAction","target":{"@type":"EntryPoint","urlTemplate":"https:\/\/usa-b2.com\/no\/?s={search_term_string}"},"query-input":{"@type":"PropertyValueSpecification","valueRequired":true,"valueName":"search_term_string"}}],"inLanguage":"nb-NO"}]}},"_links":{"self":[{"href":"https:\/\/usa-b2.com\/no\/wp-json\/wp\/v2\/pages\/8562","targetHints":{"allow":["GET"]}}],"collection":[{"href":"https:\/\/usa-b2.com\/no\/wp-json\/wp\/v2\/pages"}],"about":[{"href":"https:\/\/usa-b2.com\/no\/wp-json\/wp\/v2\/types\/page"}],"author":[{"embeddable":true,"href":"https:\/\/usa-b2.com\/no\/wp-json\/wp\/v2\/users\/1"}],"replies":[{"embeddable":true,"href":"https:\/\/usa-b2.com\/no\/wp-json\/wp\/v2\/comments?post=8562"}],"version-history":[{"count":0,"href":"https:\/\/usa-b2.com\/no\/wp-json\/wp\/v2\/pages\/8562\/revisions"}],"wp:attachment":[{"href":"https:\/\/usa-b2.com\/no\/wp-json\/wp\/v2\/media?parent=8562"}],"curies":[{"name":"wp","href":"https:\/\/api.w.org\/{rel}","templated":true}]}}