{"id":8491,"date":"2025-03-18T12:31:27","date_gmt":"2025-03-18T12:31:27","guid":{"rendered":"https:\/\/usa-b2.com\/route-66-the-mother-road\/"},"modified":"2025-10-16T08:37:35","modified_gmt":"2025-10-16T08:37:35","slug":"route-66-the-mother-road","status":"publish","type":"page","link":"https:\/\/usa-b2.com\/no\/route-66-the-mother-road\/","title":{"rendered":"Route 66 (The Mother Road): Den mytiske bilturen i USA"},"content":{"rendered":"\n<h1 class=\"wp-block-heading\">Road trip p\u00e5 Route 66: hva du b\u00f8r se og hvor du b\u00f8r stoppe?<\/h1>\n\n<p><a href=\"https:\/\/www.theroute-66.com\/\">Route 66,<\/a> med kallenavnet &laquo;The Mother Road&raquo;, er en av de mest symbolske veiene i USA. Den krysser \u00e5tte stater, fra <a href=\"https:\/\/www.chicago.gov\/city\/en.html\">Chicago<\/a> til <a href=\"https:\/\/lacity.gov\/\">Los Angeles<\/a>, og representerer den ultimate reisen gjennom det dypeste Amerika. Med sine varierte landskap, gamle moteller og historiske steder tiltrekker den seg tusenvis av eventyrlystne reisende hvert \u00e5r. Her er en detaljert guide til hvordan du organiserer bilturen din langs denne legendariske ruten.   <\/p>\n\n<figure class=\"wp-block-image size-large\"><img fetchpriority=\"high\" decoding=\"async\" width=\"1024\" height=\"576\" src=\"https:\/\/usa-b2.com\/wp-content\/uploads\/2025\/03\/Roadtrip-Route-66-1024x576.jpg\" alt=\"\" class=\"wp-image-8354\" srcset=\"https:\/\/usa-b2.com\/wp-content\/uploads\/2025\/03\/Roadtrip-Route-66-1024x576.jpg 1024w, https:\/\/usa-b2.com\/wp-content\/uploads\/2025\/03\/Roadtrip-Route-66-300x169.jpg 300w, https:\/\/usa-b2.com\/wp-content\/uploads\/2025\/03\/Roadtrip-Route-66-768x432.jpg 768w, https:\/\/usa-b2.com\/wp-content\/uploads\/2025\/03\/Roadtrip-Route-66-1536x864.jpg 1536w, https:\/\/usa-b2.com\/wp-content\/uploads\/2025\/03\/Roadtrip-Route-66-2048x1152.jpg 2048w\" sizes=\"(max-width: 1024px) 100vw, 1024px\" \/><\/figure>\n\n<h2 class=\"wp-block-heading\">Landskap og naturomr\u00e5der du ikke m\u00e5 g\u00e5 glipp av<\/h2>\n\n<h3 class=\"wp-block-heading\">Nasjonalparker og naturomr\u00e5der<\/h3>\n\n<p>Route 66 g\u00e5r gjennom flere nasjonalparker og spektakul\u00e6re landskap som er vel verdt en avstikker. Blant dem er <a href=\"https:\/\/www.grandcanyon.org\/experience-grand-canyon\">Grand Canyon nasjonalpark<\/a> i <a href=\"https:\/\/az.gov\/\">Arizona<\/a> et must. Parken er tilgjengelig fra Williams, og byr p\u00e5 fantastiske panoramaer og mange fotturer som passer for alle niv\u00e5er. Et annet viktig sted er <a href=\"https:\/\/www.petrifiedforest.org\/\">Petrified Forest National Park<\/a>, der du kan beundre millioner av \u00e5r gamle forsteinede trestammer. I <a href=\"https:\/\/www.ca.gov\/\">California<\/a> kan du oppleve <a href=\"https:\/\/www.mojavepreserve.org\/\">Mojave National Preserve<\/a>, som tar deg med inn i den enorme \u00f8rkenen med sanddyner og Joshua-tre-skoger.    <\/p>\n\n<h3 class=\"wp-block-heading\">Rasteplasser og symbolske steder<\/h3>\n\n<p>De ikoniske stoppestedene langs Route 66 er perfekte for \u00e5 f\u00e5 en f\u00f8lelse av veiens vintage-atmosf\u00e6re. <a href=\"https:\/\/www.visitamarillo.com\/listing\/cadillac-ranch\/625\/\">Cadillac Ranch<\/a> i <a href=\"https:\/\/www.texas.gov\/\">Texas<\/a> er en unik kunstinstallasjon der biler er plantet i bakken og dekket av graffiti. I <a href=\"https:\/\/oklahoma.gov\/\">Oklahoma<\/a> er <a href=\"https:\/\/www.travelok.com\/listings\/view.profile\/id.653\">Blue Whale of Catoosa<\/a> et uvanlig og fargerikt sted. Og i Los Angeles markerer <a href=\"https:\/\/www.santamonicapier.org\/\">Santa Monica Pier<\/a> slutten p\u00e5 veien med det mytiske &laquo;End of the Trail&raquo;-skiltet.  <\/p>\n\n<h2 class=\"wp-block-heading\">Detaljert reiserute Route 66<\/h2>\n\n<h3 class=\"wp-block-heading\">Fra Chicago til Oklahoma City<\/h3>\n\n<p>Reisen begynner i <a href=\"https:\/\/www.chicago.gov\/city\/en.html\">Chicago<\/a>, der skiltet &laquo;Begin Route 66&raquo; markerer starten. P\u00e5 veien s\u00f8rover mot vest kan du beundre byens symbol,<a href=\"https:\/\/www.gatewayarch.com\/\">Gateway Arch<\/a>, ved \u00e5 stoppe i <a href=\"https:\/\/explorestlouis.com\/\">Saint-Louis<\/a>. <a href=\"https:\/\/www.springfieldmo.gov\/\">Springfield<\/a> i Illinois gir et glimt inn i<a href=\"https:\/\/www.abrahamlincoln.org\/index.html\">Abraham Lincolns<\/a> liv. Lenger unna er <a href=\"https:\/\/www.cityoftulsa.org\/\">Tulsa<\/a> og <a href=\"https:\/\/www.okc.gov\/\">Oklahoma City<\/a> uunnv\u00e6rlige stopp, rike p\u00e5 historie og kultur.  <\/p>\n\n<h3 class=\"wp-block-heading\">Fra Oklahoma City til Los Angeles<\/h3>\n\n<p>Etter Oklahoma City g\u00e5r turen videre til Amarillo i Texas, som er kjent for Cadillac Ranch. <a href=\"https:\/\/www.nm.gov\/\">New Mexico<\/a> er full av overraskelser, blant annet <a href=\"https:\/\/www.cabq.gov\/\">Albuquerque<\/a>, en by med latinamerikansk sjarm. I Arizona er <a href=\"https:\/\/www.flagstaff.az.gov\/\">Flagstaff<\/a> et godt utgangspunkt for \u00e5 utforske Grand Canyon. Til slutt ender reisen i Los Angeles, der Santa Monica Pier markerer slutten p\u00e5 Route 66.   <\/p>\n\n<h2 class=\"wp-block-heading\">Hvor kan man sove langs Route 66?<\/h2>\n\n<h3 class=\"wp-block-heading\">Historiske hoteller<\/h3>\n\n<p>Route 66 er full av legendariske overnattingssteder. P\u00e5 <a href=\"https:\/\/sleepinawigwam.com\/\">Wigwam Motel<\/a> i Arizona kan du sove i tradisjonelle tipier. <g id=\"gid_1\">Blue Swallow Motel<\/g> i New Mexico er en institusjon, med sine retro neonlys og vintage-atmosf\u00e6re. For en fordypning i filmens gullalder, <a href=\"https:\/\/elranchohotelgallup.com\/\">El Rancho Hotel<\/a>, ogs\u00e5 i New Mexico, har v\u00e6rt vertskap for mange Hollywood-stjerner.   <\/p>\n\n<h3 class=\"wp-block-heading\">De beste byene for en natt<\/h3>\n\n<p>Noen byer er ideelle for \u00e5 ta en pause. Flagstaff i Arizona er et flott sted \u00e5 bes\u00f8ke Grand Canyon og nyte fjellatmosf\u00e6ren. <a href=\"https:\/\/santafenm.gov\/\">Santa Fe<\/a> i New Mexico har et vell av kunstgallerier og adobe-arkitektur. <a href=\"https:\/\/www.barstowca.org\/\">Barstow<\/a> i California er et fint stoppested f\u00f8r du n\u00e5r Los Angeles.  <\/p>\n\n<h2 class=\"wp-block-heading\">Instagrammable fotomotiver<\/h2>\n\n<figure class=\"wp-block-table\"><table class=\"has-fixed-layout\"><tbody><tr><td><strong>Foto Spot<\/strong><\/td><td><strong>Beliggenhet<\/strong><\/td><td><strong>Interesse<\/strong><\/td><\/tr><tr><td>Route 66-skilt<\/td><td>Chicago, IL<\/td><td>Det ikoniske startskiltet<\/td><\/tr><tr><td>Cadillac Ranch<\/td><td>Amarillo, Texas<\/td><td>En av de mest fotograferte kunstinstallasjonene noensinne<\/td><\/tr><tr><td><a href=\"https:\/\/standinonthecorner.org\/\">St\u00e5r p\u00e5 hj\u00f8rnet<\/a><\/td><td>Winslow, AZ<\/td><td>Gjort kjent av Eagles-sangen<\/td><\/tr><tr><td><a href=\"https:\/\/thebottletreeranch.com\/\">Elmer&#8217;s Bottle Tree Ranch<\/a><\/td><td>Oro Grande, CA<\/td><td>Et surrealistisk og unikt sted<\/td><\/tr><tr><td>Santa Monica Pier<\/td><td>Los Angeles, CA<\/td><td>Slutten p\u00e5 reisen<\/td><\/tr><\/tbody><\/table><\/figure>\n\n<h2 class=\"wp-block-heading\">Forutg\u00e5ende administrative formaliteter<\/h2>\n\n<p>F\u00f8r du legger ut p\u00e5 den legendariske Route 66, m\u00e5 du s\u00f8rge for at alle reiseformaliteter er i orden:<\/p>\n\n<ul class=\"wp-block-list\">\n<li>S\u00f8rg for at <a href=\"https:\/\/usa-b2.com\/no\/pass-reise-usa\/\">passet ditt er gyldig for reiser til USA.<\/a> <\/li>\n\n\n\n<li>Sjekk at du kvalifiserer for <a href=\"https:\/\/usa-b2.com\/no\/hva-er-en-esta\/\">ESTA-reisetillatelse<\/a> under <a href=\"https:\/\/usa-b2.com\/no\/visumfritak-programmet\/\">Visa Waiver-programmet<\/a>. Hvis ikke m\u00e5 du s\u00f8ke om et <a href=\"https:\/\/usa-b2.com\/no\/visum-b2\/\">B2-turistvisum<\/a>, en prosess som kan ta flere uker. <\/li>\n<\/ul>\n\n<p>Derfor er det en god id\u00e9 \u00e5 planlegge turen i god tid for \u00e5 unng\u00e5 problemer. Grundige forberedelser vil sikre at du f\u00e5r en stressfri start og kan dra full nytte av dette legendariske eventyret p\u00e5 Mother Road, med sine ikoniske byer, gamle moteller og fantastiske natur.   <\/p>\n\n<h2 class=\"wp-block-heading\">Aktiviteter for par eller familier<\/h2>\n\n<h3 class=\"wp-block-heading\">Par<\/h3>\n\n<p>En romantisk reise langs Route 66 byr p\u00e5 unike opplevelser. I Santa Fe er restauranter med meksikansk og spansk innflytelse perfekte for en romantisk middag. Grand Canyon, med sine fantastiske solnedganger, er et \u00f8yeblikk \u00e5 dele for to. En natt under stjernene i Mojave-\u00f8rkenen byr p\u00e5 en magisk og intim atmosf\u00e6re.   <\/p>\n\n<h3 class=\"wp-block-heading\">Familie<\/h3>\n\n<p>\u00c5 reise langs Route 66 med barn kan v\u00e6re minst like minneverdig. I Oklahoma City tilbyr Route 66 Museum interaktive utstillinger om rutens historie. Blue Whale i Catoosa, med sin lekestruktur, er et ideelt stoppested for en morsom pause. Sist, men ikke minst, gj\u00f8r de mange naturparkene fotturer tilgjengelige for alle.   <\/p>\n\n<p>Route 66 er den <a href=\"https:\/\/usa-b2.com\/no\/\">mest popul\u00e6re bilturen i USA<\/a>. Det er et uforglemmelig eventyr som kombinerer fantastisk natur, historiske steder og retrof\u00f8lelse. Enten du reiser som par, med familien eller med venner, vil denne legendariske bilturen f\u00f8re deg inn i hjertet av den amerikanske dr\u00f8mmen. Planlegg reiseruten din, bestill overnatting og legg ut p\u00e5 oppdagelsesferd p\u00e5 The Mother Road!   <\/p>\n","protected":false},"excerpt":{"rendered":"<p>Road trip p\u00e5 Route 66: hva du b\u00f8r se og hvor du b\u00f8r stoppe? Route 66, med kallenavnet &laquo;The Mother Road&raquo;, er en av de mest symbolske veiene i USA. Den krysser \u00e5tte stater, fra Chicago til Los Angeles, og representerer den ultimate reisen gjennom det dypeste Amerika. Med sine varierte landskap, gamle moteller og [&hellip;]<\/p>\n","protected":false},"author":1,"featured_media":0,"parent":0,"menu_order":0,"comment_status":"closed","ping_status":"closed","template":"","meta":{"footnotes":""},"class_list":["post-8491","page","type-page","status-publish","hentry"],"yoast_head":"<!-- This site is optimized with the Yoast SEO plugin v27.4 - https:\/\/yoast.com\/product\/yoast-seo-wordpress\/ -->\n<title>Route 66 (The Mother Road): Den mytiske bilturen i USA - USA B2<\/title>\n<meta name=\"description\" content=\"Reis langs den legendariske Route 66: reiserute, landskap, hoteller, fotoplasser og aktiviteter du m\u00e5 gj\u00f8re for en uforglemmelig biltur!\" \/>\n<meta name=\"robots\" content=\"index, follow, max-snippet:-1, max-image-preview:large, max-video-preview:-1\" \/>\n<link rel=\"canonical\" href=\"https:\/\/usa-b2.com\/no\/route-66-the-mother-road\/\" \/>\n<meta property=\"og:locale\" content=\"nb_NO\" \/>\n<meta property=\"og:type\" content=\"article\" \/>\n<meta property=\"og:title\" content=\"Route 66 (The Mother Road): Den mytiske bilturen i USA - USA B2\" \/>\n<meta property=\"og:description\" content=\"Reis langs den legendariske Route 66: reiserute, landskap, hoteller, fotoplasser og aktiviteter du m\u00e5 gj\u00f8re for en uforglemmelig biltur!\" \/>\n<meta property=\"og:url\" content=\"https:\/\/usa-b2.com\/no\/route-66-the-mother-road\/\" \/>\n<meta property=\"og:site_name\" content=\"USA B2\" \/>\n<meta property=\"article:modified_time\" content=\"2025-10-16T08:37:35+00:00\" \/>\n<meta property=\"og:image\" content=\"https:\/\/usa-b2.com\/wp-content\/uploads\/2025\/03\/Roadtrip-Route-66-scaled.jpg\" \/>\n\t<meta property=\"og:image:width\" content=\"2560\" \/>\n\t<meta property=\"og:image:height\" content=\"1440\" \/>\n\t<meta property=\"og:image:type\" content=\"image\/jpeg\" \/>\n<meta name=\"twitter:card\" content=\"summary_large_image\" \/>\n<meta name=\"twitter:label1\" content=\"Ansl. lesetid\" \/>\n\t<meta name=\"twitter:data1\" content=\"4 minutter\" \/>\n<script type=\"application\/ld+json\" class=\"yoast-schema-graph\">{\"@context\":\"https:\\\/\\\/schema.org\",\"@graph\":[{\"@type\":\"WebPage\",\"@id\":\"https:\\\/\\\/usa-b2.com\\\/no\\\/route-66-the-mother-road\\\/\",\"url\":\"https:\\\/\\\/usa-b2.com\\\/no\\\/route-66-the-mother-road\\\/\",\"name\":\"Route 66 (The Mother Road): Den mytiske bilturen i USA - USA B2\",\"isPartOf\":{\"@id\":\"https:\\\/\\\/usa-b2.com\\\/no\\\/#website\"},\"primaryImageOfPage\":{\"@id\":\"https:\\\/\\\/usa-b2.com\\\/no\\\/route-66-the-mother-road\\\/#primaryimage\"},\"image\":{\"@id\":\"https:\\\/\\\/usa-b2.com\\\/no\\\/route-66-the-mother-road\\\/#primaryimage\"},\"thumbnailUrl\":\"https:\\\/\\\/usa-b2.com\\\/wp-content\\\/uploads\\\/2025\\\/03\\\/Roadtrip-Route-66-1024x576.jpg\",\"datePublished\":\"2025-03-18T12:31:27+00:00\",\"dateModified\":\"2025-10-16T08:37:35+00:00\",\"description\":\"Reis langs den legendariske Route 66: reiserute, landskap, hoteller, fotoplasser og aktiviteter du m\u00e5 gj\u00f8re for en uforglemmelig biltur!\",\"breadcrumb\":{\"@id\":\"https:\\\/\\\/usa-b2.com\\\/no\\\/route-66-the-mother-road\\\/#breadcrumb\"},\"inLanguage\":\"nb-NO\",\"potentialAction\":[{\"@type\":\"ReadAction\",\"target\":[\"https:\\\/\\\/usa-b2.com\\\/no\\\/route-66-the-mother-road\\\/\"]}]},{\"@type\":\"ImageObject\",\"inLanguage\":\"nb-NO\",\"@id\":\"https:\\\/\\\/usa-b2.com\\\/no\\\/route-66-the-mother-road\\\/#primaryimage\",\"url\":\"https:\\\/\\\/usa-b2.com\\\/wp-content\\\/uploads\\\/2025\\\/03\\\/Roadtrip-Route-66-1024x576.jpg\",\"contentUrl\":\"https:\\\/\\\/usa-b2.com\\\/wp-content\\\/uploads\\\/2025\\\/03\\\/Roadtrip-Route-66-1024x576.jpg\"},{\"@type\":\"BreadcrumbList\",\"@id\":\"https:\\\/\\\/usa-b2.com\\\/no\\\/route-66-the-mother-road\\\/#breadcrumb\",\"itemListElement\":[{\"@type\":\"ListItem\",\"position\":1,\"name\":\"Accueil\",\"item\":\"https:\\\/\\\/usa-b2.com\\\/no\\\/usa\\\/\"},{\"@type\":\"ListItem\",\"position\":2,\"name\":\"Route 66 (The Mother Road): Den mytiske bilturen i USA\"}]},{\"@type\":\"WebSite\",\"@id\":\"https:\\\/\\\/usa-b2.com\\\/no\\\/#website\",\"url\":\"https:\\\/\\\/usa-b2.com\\\/no\\\/\",\"name\":\"USA B2 VISA\",\"description\":\"\",\"potentialAction\":[{\"@type\":\"SearchAction\",\"target\":{\"@type\":\"EntryPoint\",\"urlTemplate\":\"https:\\\/\\\/usa-b2.com\\\/no\\\/?s={search_term_string}\"},\"query-input\":{\"@type\":\"PropertyValueSpecification\",\"valueRequired\":true,\"valueName\":\"search_term_string\"}}],\"inLanguage\":\"nb-NO\"}]}<\/script>\n<!-- \/ Yoast SEO plugin. -->","yoast_head_json":{"title":"Route 66 (The Mother Road): Den mytiske bilturen i USA - USA B2","description":"Reis langs den legendariske Route 66: reiserute, landskap, hoteller, fotoplasser og aktiviteter du m\u00e5 gj\u00f8re for en uforglemmelig biltur!","robots":{"index":"index","follow":"follow","max-snippet":"max-snippet:-1","max-image-preview":"max-image-preview:large","max-video-preview":"max-video-preview:-1"},"canonical":"https:\/\/usa-b2.com\/no\/route-66-the-mother-road\/","og_locale":"nb_NO","og_type":"article","og_title":"Route 66 (The Mother Road): Den mytiske bilturen i USA - USA B2","og_description":"Reis langs den legendariske Route 66: reiserute, landskap, hoteller, fotoplasser og aktiviteter du m\u00e5 gj\u00f8re for en uforglemmelig biltur!","og_url":"https:\/\/usa-b2.com\/no\/route-66-the-mother-road\/","og_site_name":"USA B2","article_modified_time":"2025-10-16T08:37:35+00:00","og_image":[{"width":2560,"height":1440,"url":"https:\/\/usa-b2.com\/wp-content\/uploads\/2025\/03\/Roadtrip-Route-66-scaled.jpg","type":"image\/jpeg"}],"twitter_card":"summary_large_image","twitter_misc":{"Ansl. lesetid":"4 minutter"},"schema":{"@context":"https:\/\/schema.org","@graph":[{"@type":"WebPage","@id":"https:\/\/usa-b2.com\/no\/route-66-the-mother-road\/","url":"https:\/\/usa-b2.com\/no\/route-66-the-mother-road\/","name":"Route 66 (The Mother Road): Den mytiske bilturen i USA - USA B2","isPartOf":{"@id":"https:\/\/usa-b2.com\/no\/#website"},"primaryImageOfPage":{"@id":"https:\/\/usa-b2.com\/no\/route-66-the-mother-road\/#primaryimage"},"image":{"@id":"https:\/\/usa-b2.com\/no\/route-66-the-mother-road\/#primaryimage"},"thumbnailUrl":"https:\/\/usa-b2.com\/wp-content\/uploads\/2025\/03\/Roadtrip-Route-66-1024x576.jpg","datePublished":"2025-03-18T12:31:27+00:00","dateModified":"2025-10-16T08:37:35+00:00","description":"Reis langs den legendariske Route 66: reiserute, landskap, hoteller, fotoplasser og aktiviteter du m\u00e5 gj\u00f8re for en uforglemmelig biltur!","breadcrumb":{"@id":"https:\/\/usa-b2.com\/no\/route-66-the-mother-road\/#breadcrumb"},"inLanguage":"nb-NO","potentialAction":[{"@type":"ReadAction","target":["https:\/\/usa-b2.com\/no\/route-66-the-mother-road\/"]}]},{"@type":"ImageObject","inLanguage":"nb-NO","@id":"https:\/\/usa-b2.com\/no\/route-66-the-mother-road\/#primaryimage","url":"https:\/\/usa-b2.com\/wp-content\/uploads\/2025\/03\/Roadtrip-Route-66-1024x576.jpg","contentUrl":"https:\/\/usa-b2.com\/wp-content\/uploads\/2025\/03\/Roadtrip-Route-66-1024x576.jpg"},{"@type":"BreadcrumbList","@id":"https:\/\/usa-b2.com\/no\/route-66-the-mother-road\/#breadcrumb","itemListElement":[{"@type":"ListItem","position":1,"name":"Accueil","item":"https:\/\/usa-b2.com\/no\/usa\/"},{"@type":"ListItem","position":2,"name":"Route 66 (The Mother Road): Den mytiske bilturen i USA"}]},{"@type":"WebSite","@id":"https:\/\/usa-b2.com\/no\/#website","url":"https:\/\/usa-b2.com\/no\/","name":"USA B2 VISA","description":"","potentialAction":[{"@type":"SearchAction","target":{"@type":"EntryPoint","urlTemplate":"https:\/\/usa-b2.com\/no\/?s={search_term_string}"},"query-input":{"@type":"PropertyValueSpecification","valueRequired":true,"valueName":"search_term_string"}}],"inLanguage":"nb-NO"}]}},"_links":{"self":[{"href":"https:\/\/usa-b2.com\/no\/wp-json\/wp\/v2\/pages\/8491","targetHints":{"allow":["GET"]}}],"collection":[{"href":"https:\/\/usa-b2.com\/no\/wp-json\/wp\/v2\/pages"}],"about":[{"href":"https:\/\/usa-b2.com\/no\/wp-json\/wp\/v2\/types\/page"}],"author":[{"embeddable":true,"href":"https:\/\/usa-b2.com\/no\/wp-json\/wp\/v2\/users\/1"}],"replies":[{"embeddable":true,"href":"https:\/\/usa-b2.com\/no\/wp-json\/wp\/v2\/comments?post=8491"}],"version-history":[{"count":3,"href":"https:\/\/usa-b2.com\/no\/wp-json\/wp\/v2\/pages\/8491\/revisions"}],"predecessor-version":[{"id":10614,"href":"https:\/\/usa-b2.com\/no\/wp-json\/wp\/v2\/pages\/8491\/revisions\/10614"}],"wp:attachment":[{"href":"https:\/\/usa-b2.com\/no\/wp-json\/wp\/v2\/media?parent=8491"}],"curies":[{"name":"wp","href":"https:\/\/api.w.org\/{rel}","templated":true}]}}