{"id":8480,"date":"2025-03-18T12:35:33","date_gmt":"2025-03-18T12:35:33","guid":{"rendered":"https:\/\/usa-b2.com\/ozarks-scenic-byway-missouri\/"},"modified":"2025-04-10T17:33:14","modified_gmt":"2025-04-10T17:33:14","slug":"ozarks-scenic-byway-missouri","status":"publish","type":"page","link":"https:\/\/usa-b2.com\/no\/ozarks-scenic-byway-missouri\/","title":{"rendered":"Ozarks Scenic Byway (Missouri): Den uunnv\u00e6rlige ruten for et eventyr i hjertet av Ozarksdonne"},"content":{"rendered":"\n<h1 class=\"wp-block-heading\">Ozarks Scenic Byway road trip: komplett guide<\/h1>\n\n<p><a href=\"https:\/\/www.ozarkrun.org\/\">Ozarks Scenic Byway<\/a> er en naturskj\u00f8nn rute gjennom hjertet av <a href=\"https:\/\/www.mo.gov\/\">Missouri<\/a>, som g\u00e5r gjennom et fantastisk landskap med fjell, skoger og krystallklare elver. Denne <a href=\"https:\/\/usa-b2.com\/no\/\">amerikanske bilturen er kjent for sine nasjonalparker, spektakul\u00e6re utsikter og severdigheter, og er ideell for en oppslukende tur<\/a> ut i naturen. Enten du reiser som par eller familie, har denne reiseruten noen uforglemmelige oppdagelser i vente. I denne artikkelen finner du alt du trenger \u00e5 vite for \u00e5 planlegge turen din p\u00e5 Ozarks Scenic Byway: steder du m\u00e5 se, de beste fotomotivene, overnatting og aktiviteter som passer for alle.   <\/p>\n\n<figure class=\"wp-block-image size-full\"><img fetchpriority=\"high\" decoding=\"async\" width=\"900\" height=\"506\" src=\"https:\/\/usa-b2.com\/wp-content\/uploads\/2025\/03\/Ozarks-Scenic-Byway-Missouri-USA.jpg\" alt=\"\" class=\"wp-image-8415\" srcset=\"https:\/\/usa-b2.com\/wp-content\/uploads\/2025\/03\/Ozarks-Scenic-Byway-Missouri-USA.jpg 900w, https:\/\/usa-b2.com\/wp-content\/uploads\/2025\/03\/Ozarks-Scenic-Byway-Missouri-USA-300x169.jpg 300w, https:\/\/usa-b2.com\/wp-content\/uploads\/2025\/03\/Ozarks-Scenic-Byway-Missouri-USA-768x432.jpg 768w\" sizes=\"(max-width: 900px) 100vw, 900px\" \/><\/figure>\n\n<h2 class=\"wp-block-heading\">Must-sees p\u00e5 Ozarks Scenic Byway: Nasjonalparker og bemerkelsesverdige landskap<\/h2>\n\n<h3 class=\"wp-block-heading\">Nasjonalparker \u00e5 oppdage<\/h3>\n\n<p><a href=\"https:\/\/www.fs.usda.gov\/mtnf\">Mark Twain National Forest<\/a> er et viktig stoppested p\u00e5 Ozarks Scenic Byway. Med over 6000 km\u00b2 uber\u00f8rt natur byr denne nasjonalparken p\u00e5 et mangfold av turstier, innsj\u00f8er og elver som er perfekte for utend\u00f8rsaktiviteter. Naturelskere vil spesielt sette pris p\u00e5 Glade Top Trail, en panoramavei med spektakul\u00e6r utsikt over \u00e5sene i Ozarks.  <\/p>\n\n<ol class=\"wp-block-list\">\n<li><\/li>\n<\/ol>\n\n<p>Et annet sted du ikke m\u00e5 g\u00e5 glipp av, er <a href=\"https:\/\/mostateparks.com\/park\/ha-ha-tonka-state-park\">Ha Ha Tonka State Park<\/a>, som er kjent for sine historiske slottsruiner og imponerende fjellformasjoner. Stiene byr p\u00e5 fantastisk utsikt over Lake of the Ozarks. <\/p>\n\n<h3 class=\"wp-block-heading\">Utsiktspunkter og stoppesteder du m\u00e5 se<\/h3>\n\n<p>The <a href=\"https:\/\/www.fs.usda.gov\/recarea\/mtnf\/recarea\/?recid=21752\">Devil&#8217;s Backbone Wilderness<\/a> er et av de mest imponerende utsiktspunktene p\u00e5 ruten. Dette vernede naturomr\u00e5det er ideelt for \u00e5 observere dyreliv, blant annet hjort og hvithodehav\u00f8rn. <\/p>\n\n<p>Halvveis p\u00e5 ruten kan du stoppe ved Big Spring, en av de st\u00f8rste naturlige kildene i USA, der mer enn 300 millioner liter vann spruter ut hver dag. Dette stedet er perfekt for en piknikpause midt i naturen. <\/p>\n\n<h2 class=\"wp-block-heading\">Hvor kan man bo p\u00e5 Ozarks Scenic Byway? De beste byene og overnattingsstedene <\/h2>\n\n<h3 class=\"wp-block-heading\">Byer \u00e5 stoppe i<\/h3>\n\n<p>Det er flere byer langs Ozarks Scenic Byway som tilbyr ulike overnattingsmuligheter. Branson er et av de mest popul\u00e6re stoppestedene, med sine mange hoteller, vertshus og hytter ved innsj\u00f8en. Det er ogs\u00e5 et livlig reisem\u00e5l med livemusikk og turistattraksjoner.  <\/p>\n\n<ol start=\"2\" class=\"wp-block-list\">\n<li><\/li>\n<\/ol>\n\n<p>Et annet alternativ er Eminence, en sjarmerende liten by ved bredden av <a href=\"https:\/\/www.current-river.com\/\">elven Current River<\/a>, som er perfekt for deg som elsker natur og ro. Her finnes det mange autentiske trehytter og bed &amp; breakfast. <\/p>\n\n<h3 class=\"wp-block-heading\">Det beste overnattingsstedet for et vellykket opphold<\/h3>\n\n<p>Her er en oversikt over de beste overnattingsstedene for din reisestil:<\/p>\n\n<figure class=\"wp-block-table\"><table class=\"has-fixed-layout\"><tbody><tr><td><strong>Type overnatting<\/strong><\/td><td><strong>Beliggenhet<\/strong><\/td><td><strong>Ideell for<\/strong><\/td><td><strong>Gjennomsnittlig pris per natt<\/strong><\/td><\/tr><tr><td>Sjarmerende hotell<\/td><td><a href=\"https:\/\/bransonmo.gov\/\">Branson<\/a><\/td><td>Komfort og tjenester<\/td><td>120 $<\/td><\/tr><tr><td>Lodge i skogen<\/td><td><a href=\"https:\/\/www.eminencecottagescamp.com\/accommodations\/cottages-cabins-lodge.html\">Eminens<\/a><\/td><td>Fordypning i naturen<\/td><td>80 $<\/td><\/tr><tr><td>Campingplass<\/td><td>Mark Twain National Forest<\/td><td>Eventyrere<\/td><td>30 $<\/td><\/tr><tr><td>Airbnb ved innsj\u00f8en<\/td><td><a href=\"https:\/\/funlake.com\/\">Lake of the Ozarks<\/a><\/td><td>Opphold for par eller familier<\/td><td>150 $<\/td><\/tr><\/tbody><\/table><\/figure>\n\n<h2 class=\"wp-block-heading\">Detaljert reiserute for Ozarks Scenic Byway<\/h2>\n\n<h3 class=\"wp-block-heading\">Utgangspunktet og den f\u00f8rste delen<\/h3>\n\n<p>Ruten starter vanligvis i Springfield, hvor du enkelt kan leie en bil for \u00e5 tilbakelegge ruten. Ta Highway 65 s\u00f8rover til Branson, en by som markerer starten p\u00e5 Ozarks&#8217; karakteristiske, b\u00f8lgende landskap. <\/p>\n\n<ol start=\"3\" class=\"wp-block-list\">\n<li><\/li>\n<\/ol>\n\n<p>Fortsett p\u00e5 Highway 160, som slynger seg gjennom tette skoger og langs svingete elver. Ta en pause ved <a href=\"https:\/\/www.bullshoals.com\/\">Bull Shoals Lake<\/a>, et ideelt sted for \u00e5 se soloppgangen over det rolige vannet. <\/p>\n\n<h3 class=\"wp-block-heading\">Kryssing av Ozarks og slutten av ruten<\/h3>\n\n<p>Videre \u00f8stover g\u00e5r ruten gjennom <a href=\"https:\/\/www.mostateparks.com\/park\/current-river-state-park\">Current River State Park<\/a>, et must for en fottur eller en forfriskende sv\u00f8mmetur. Til slutt avslutter du reisen i Van Buren, en pittoresk by i utkanten av Big Spring State Park. <\/p>\n\n<h2 class=\"wp-block-heading\">Instagrammable fotopunkter du ikke m\u00e5 g\u00e5 glipp av<\/h2>\n\n<h3 class=\"wp-block-heading\">De mest fotogene landskapene<\/h3>\n\n<p>Scenic Overlook p\u00e5 Glade Top Trail er et av de mest popul\u00e6re stedene for fotografer. Med uforstyrret utsikt over de skogkledde dalene i Ozarks, er dette det perfekte stedet for \u00e5 fange en uforglemmelig solnedgang. <\/p>\n\n<p>Et annet must er ruinene av Ha Ha Tonka-slottet, som ligger i en unik og mystisk setting med utsikt over innsj\u00f8en.<\/p>\n\n<h3 class=\"wp-block-heading\">De beste stedene for bilder ved vannet<\/h3>\n\n<p>Lake of the Ozarks er det perfekte bakteppet for bilder fra vannkanten, spesielt fra Bridal Cave, en pittoresk grotte som er opplyst av naturlig og kunstig lys.<\/p>\n\n<h2 class=\"wp-block-heading\">Hva kan dere gj\u00f8re som par p\u00e5 Ozarks Scenic Byway?<\/h2>\n\n<h3 class=\"wp-block-heading\">Romantiske opplevelser<\/h3>\n\n<p>Et middagscruise p\u00e5 Lake of the Ozarks er det perfekte alternativet for en romantisk stund. Flere selskaper tilbyr cruise med gourmetm\u00e5ltider og solnedgangskulisse. <\/p>\n\n<h3 class=\"wp-block-heading\">Aktiviteter for \u00e5 slappe av sammen<\/h3>\n\n<p>De varme kildene i Big Spring er et ideelt sted \u00e5 slappe av etter en dag p\u00e5 veien. Nyt et \u00f8yeblikk av velv\u00e6re i det naturlig varme vannet. <\/p>\n\n<h2 class=\"wp-block-heading\">Hva kan familien gj\u00f8re p\u00e5 Ozarks Scenic Byway?<\/h2>\n\n<h3 class=\"wp-block-heading\">Aktiviteter for store og sm\u00e5<\/h3>\n\n<p><a href=\"https:\/\/www.silverdollarcity.com\/\">Silver Dollar City<\/a>, en forn\u00f8yelsespark i Branson, er det perfekte stoppestedet for familier. Her er det b\u00e5de berg- og dalbaner, interaktive show og h\u00e5ndverksverksteder. <\/p>\n\n<h3 class=\"wp-block-heading\">Pedagogiske og naturlige oppdagelser<\/h3>\n\n<p><a href=\"https:\/\/www.monatsci.org\/\">Missouri Institute of Natural Science<\/a> i <a href=\"https:\/\/www.springfieldmo.gov\/\">Springfield<\/a> er et fascinerende museum med fossiler, edelstener og interaktive utstillinger om regionens naturhistorie.<br\/><\/p>\n\n<p>Ozarks Scenic Byway er det perfekte reisem\u00e5let for et oppslukende Missouri-eventyr, enten dere reiser som par eller familie. Med sine uber\u00f8rte nasjonalparker, sjarmerende overnattingssteder, spektakul\u00e6re fotomuligheter og mange aktiviteter som passer for alle, lover denne ruten en uforglemmelig opplevelse. Planlegg reiseruten din, bestill overnatting, og legg ut p\u00e5 oppdagelsesferd i det storsl\u00e5tte landskapet i Ozarks!  <\/p>\n","protected":false},"excerpt":{"rendered":"<p>Ozarks Scenic Byway road trip: komplett guide Ozarks Scenic Byway er en naturskj\u00f8nn rute gjennom hjertet av Missouri, som g\u00e5r gjennom et fantastisk landskap med fjell, skoger og krystallklare elver. Denne amerikanske bilturen er kjent for sine nasjonalparker, spektakul\u00e6re utsikter og severdigheter, og er ideell for en oppslukende tur ut i naturen. Enten du reiser [&hellip;]<\/p>\n","protected":false},"author":1,"featured_media":0,"parent":0,"menu_order":0,"comment_status":"closed","ping_status":"closed","template":"","meta":{"footnotes":""},"class_list":["post-8480","page","type-page","status-publish","hentry"],"yoast_head":"<!-- This site is optimized with the Yoast SEO plugin v27.4 - https:\/\/yoast.com\/product\/yoast-seo-wordpress\/ -->\n<title>Ozarks Scenic Byway (Missouri): Den uunnv\u00e6rlige ruten for et eventyr i hjertet av Ozarksdonne - USA B2<\/title>\n<meta name=\"description\" content=\"Oppdag Ozarks Scenic Byway i Missouri: reiserute, nasjonalparker, overnatting, fotoplasser og aktiviteter for en vellykket biltur!\" \/>\n<meta name=\"robots\" content=\"index, follow, max-snippet:-1, max-image-preview:large, max-video-preview:-1\" \/>\n<link rel=\"canonical\" href=\"https:\/\/usa-b2.com\/no\/ozarks-scenic-byway-missouri\/\" \/>\n<meta property=\"og:locale\" content=\"nb_NO\" \/>\n<meta property=\"og:type\" content=\"article\" \/>\n<meta property=\"og:title\" content=\"Ozarks Scenic Byway (Missouri): Den uunnv\u00e6rlige ruten for et eventyr i hjertet av Ozarksdonne - USA B2\" \/>\n<meta property=\"og:description\" content=\"Oppdag Ozarks Scenic Byway i Missouri: reiserute, nasjonalparker, overnatting, fotoplasser og aktiviteter for en vellykket biltur!\" \/>\n<meta property=\"og:url\" content=\"https:\/\/usa-b2.com\/no\/ozarks-scenic-byway-missouri\/\" \/>\n<meta property=\"og:site_name\" content=\"USA B2\" \/>\n<meta property=\"article:modified_time\" content=\"2025-04-10T17:33:14+00:00\" \/>\n<meta property=\"og:image\" content=\"https:\/\/usa-b2.com\/wp-content\/uploads\/2025\/03\/Ozarks-Scenic-Byway-Missouri-USA.jpg\" \/>\n\t<meta property=\"og:image:width\" content=\"900\" \/>\n\t<meta property=\"og:image:height\" content=\"506\" \/>\n\t<meta property=\"og:image:type\" content=\"image\/jpeg\" \/>\n<meta name=\"twitter:card\" content=\"summary_large_image\" \/>\n<meta name=\"twitter:label1\" content=\"Ansl. lesetid\" \/>\n\t<meta name=\"twitter:data1\" content=\"4 minutter\" \/>\n<script type=\"application\/ld+json\" class=\"yoast-schema-graph\">{\"@context\":\"https:\\\/\\\/schema.org\",\"@graph\":[{\"@type\":\"WebPage\",\"@id\":\"https:\\\/\\\/usa-b2.com\\\/no\\\/ozarks-scenic-byway-missouri\\\/\",\"url\":\"https:\\\/\\\/usa-b2.com\\\/no\\\/ozarks-scenic-byway-missouri\\\/\",\"name\":\"Ozarks Scenic Byway (Missouri): Den uunnv\u00e6rlige ruten for et eventyr i hjertet av Ozarksdonne - USA B2\",\"isPartOf\":{\"@id\":\"https:\\\/\\\/usa-b2.com\\\/no\\\/#website\"},\"primaryImageOfPage\":{\"@id\":\"https:\\\/\\\/usa-b2.com\\\/no\\\/ozarks-scenic-byway-missouri\\\/#primaryimage\"},\"image\":{\"@id\":\"https:\\\/\\\/usa-b2.com\\\/no\\\/ozarks-scenic-byway-missouri\\\/#primaryimage\"},\"thumbnailUrl\":\"https:\\\/\\\/usa-b2.com\\\/wp-content\\\/uploads\\\/2025\\\/03\\\/Ozarks-Scenic-Byway-Missouri-USA.jpg\",\"datePublished\":\"2025-03-18T12:35:33+00:00\",\"dateModified\":\"2025-04-10T17:33:14+00:00\",\"description\":\"Oppdag Ozarks Scenic Byway i Missouri: reiserute, nasjonalparker, overnatting, fotoplasser og aktiviteter for en vellykket biltur!\",\"breadcrumb\":{\"@id\":\"https:\\\/\\\/usa-b2.com\\\/no\\\/ozarks-scenic-byway-missouri\\\/#breadcrumb\"},\"inLanguage\":\"nb-NO\",\"potentialAction\":[{\"@type\":\"ReadAction\",\"target\":[\"https:\\\/\\\/usa-b2.com\\\/no\\\/ozarks-scenic-byway-missouri\\\/\"]}]},{\"@type\":\"ImageObject\",\"inLanguage\":\"nb-NO\",\"@id\":\"https:\\\/\\\/usa-b2.com\\\/no\\\/ozarks-scenic-byway-missouri\\\/#primaryimage\",\"url\":\"https:\\\/\\\/usa-b2.com\\\/wp-content\\\/uploads\\\/2025\\\/03\\\/Ozarks-Scenic-Byway-Missouri-USA.jpg\",\"contentUrl\":\"https:\\\/\\\/usa-b2.com\\\/wp-content\\\/uploads\\\/2025\\\/03\\\/Ozarks-Scenic-Byway-Missouri-USA.jpg\"},{\"@type\":\"BreadcrumbList\",\"@id\":\"https:\\\/\\\/usa-b2.com\\\/no\\\/ozarks-scenic-byway-missouri\\\/#breadcrumb\",\"itemListElement\":[{\"@type\":\"ListItem\",\"position\":1,\"name\":\"Accueil\",\"item\":\"https:\\\/\\\/usa-b2.com\\\/no\\\/usa\\\/\"},{\"@type\":\"ListItem\",\"position\":2,\"name\":\"Ozarks Scenic Byway (Missouri): Den uunnv\u00e6rlige ruten for et eventyr i hjertet av Ozarksdonne\"}]},{\"@type\":\"WebSite\",\"@id\":\"https:\\\/\\\/usa-b2.com\\\/no\\\/#website\",\"url\":\"https:\\\/\\\/usa-b2.com\\\/no\\\/\",\"name\":\"USA B2 VISA\",\"description\":\"\",\"potentialAction\":[{\"@type\":\"SearchAction\",\"target\":{\"@type\":\"EntryPoint\",\"urlTemplate\":\"https:\\\/\\\/usa-b2.com\\\/no\\\/?s={search_term_string}\"},\"query-input\":{\"@type\":\"PropertyValueSpecification\",\"valueRequired\":true,\"valueName\":\"search_term_string\"}}],\"inLanguage\":\"nb-NO\"}]}<\/script>\n<!-- \/ Yoast SEO plugin. -->","yoast_head_json":{"title":"Ozarks Scenic Byway (Missouri): Den uunnv\u00e6rlige ruten for et eventyr i hjertet av Ozarksdonne - USA B2","description":"Oppdag Ozarks Scenic Byway i Missouri: reiserute, nasjonalparker, overnatting, fotoplasser og aktiviteter for en vellykket biltur!","robots":{"index":"index","follow":"follow","max-snippet":"max-snippet:-1","max-image-preview":"max-image-preview:large","max-video-preview":"max-video-preview:-1"},"canonical":"https:\/\/usa-b2.com\/no\/ozarks-scenic-byway-missouri\/","og_locale":"nb_NO","og_type":"article","og_title":"Ozarks Scenic Byway (Missouri): Den uunnv\u00e6rlige ruten for et eventyr i hjertet av Ozarksdonne - USA B2","og_description":"Oppdag Ozarks Scenic Byway i Missouri: reiserute, nasjonalparker, overnatting, fotoplasser og aktiviteter for en vellykket biltur!","og_url":"https:\/\/usa-b2.com\/no\/ozarks-scenic-byway-missouri\/","og_site_name":"USA B2","article_modified_time":"2025-04-10T17:33:14+00:00","og_image":[{"width":900,"height":506,"url":"https:\/\/usa-b2.com\/wp-content\/uploads\/2025\/03\/Ozarks-Scenic-Byway-Missouri-USA.jpg","type":"image\/jpeg"}],"twitter_card":"summary_large_image","twitter_misc":{"Ansl. lesetid":"4 minutter"},"schema":{"@context":"https:\/\/schema.org","@graph":[{"@type":"WebPage","@id":"https:\/\/usa-b2.com\/no\/ozarks-scenic-byway-missouri\/","url":"https:\/\/usa-b2.com\/no\/ozarks-scenic-byway-missouri\/","name":"Ozarks Scenic Byway (Missouri): Den uunnv\u00e6rlige ruten for et eventyr i hjertet av Ozarksdonne - USA B2","isPartOf":{"@id":"https:\/\/usa-b2.com\/no\/#website"},"primaryImageOfPage":{"@id":"https:\/\/usa-b2.com\/no\/ozarks-scenic-byway-missouri\/#primaryimage"},"image":{"@id":"https:\/\/usa-b2.com\/no\/ozarks-scenic-byway-missouri\/#primaryimage"},"thumbnailUrl":"https:\/\/usa-b2.com\/wp-content\/uploads\/2025\/03\/Ozarks-Scenic-Byway-Missouri-USA.jpg","datePublished":"2025-03-18T12:35:33+00:00","dateModified":"2025-04-10T17:33:14+00:00","description":"Oppdag Ozarks Scenic Byway i Missouri: reiserute, nasjonalparker, overnatting, fotoplasser og aktiviteter for en vellykket biltur!","breadcrumb":{"@id":"https:\/\/usa-b2.com\/no\/ozarks-scenic-byway-missouri\/#breadcrumb"},"inLanguage":"nb-NO","potentialAction":[{"@type":"ReadAction","target":["https:\/\/usa-b2.com\/no\/ozarks-scenic-byway-missouri\/"]}]},{"@type":"ImageObject","inLanguage":"nb-NO","@id":"https:\/\/usa-b2.com\/no\/ozarks-scenic-byway-missouri\/#primaryimage","url":"https:\/\/usa-b2.com\/wp-content\/uploads\/2025\/03\/Ozarks-Scenic-Byway-Missouri-USA.jpg","contentUrl":"https:\/\/usa-b2.com\/wp-content\/uploads\/2025\/03\/Ozarks-Scenic-Byway-Missouri-USA.jpg"},{"@type":"BreadcrumbList","@id":"https:\/\/usa-b2.com\/no\/ozarks-scenic-byway-missouri\/#breadcrumb","itemListElement":[{"@type":"ListItem","position":1,"name":"Accueil","item":"https:\/\/usa-b2.com\/no\/usa\/"},{"@type":"ListItem","position":2,"name":"Ozarks Scenic Byway (Missouri): Den uunnv\u00e6rlige ruten for et eventyr i hjertet av Ozarksdonne"}]},{"@type":"WebSite","@id":"https:\/\/usa-b2.com\/no\/#website","url":"https:\/\/usa-b2.com\/no\/","name":"USA B2 VISA","description":"","potentialAction":[{"@type":"SearchAction","target":{"@type":"EntryPoint","urlTemplate":"https:\/\/usa-b2.com\/no\/?s={search_term_string}"},"query-input":{"@type":"PropertyValueSpecification","valueRequired":true,"valueName":"search_term_string"}}],"inLanguage":"nb-NO"}]}},"_links":{"self":[{"href":"https:\/\/usa-b2.com\/no\/wp-json\/wp\/v2\/pages\/8480","targetHints":{"allow":["GET"]}}],"collection":[{"href":"https:\/\/usa-b2.com\/no\/wp-json\/wp\/v2\/pages"}],"about":[{"href":"https:\/\/usa-b2.com\/no\/wp-json\/wp\/v2\/types\/page"}],"author":[{"embeddable":true,"href":"https:\/\/usa-b2.com\/no\/wp-json\/wp\/v2\/users\/1"}],"replies":[{"embeddable":true,"href":"https:\/\/usa-b2.com\/no\/wp-json\/wp\/v2\/comments?post=8480"}],"version-history":[{"count":0,"href":"https:\/\/usa-b2.com\/no\/wp-json\/wp\/v2\/pages\/8480\/revisions"}],"wp:attachment":[{"href":"https:\/\/usa-b2.com\/no\/wp-json\/wp\/v2\/media?parent=8480"}],"curies":[{"name":"wp","href":"https:\/\/api.w.org\/{rel}","templated":true}]}}