{"id":8223,"date":"2025-03-17T13:14:29","date_gmt":"2025-03-17T13:14:29","guid":{"rendered":"https:\/\/usa-b2.com\/sorvest-vei-tur-forente-stater\/"},"modified":"2025-11-04T11:31:46","modified_gmt":"2025-11-04T11:31:46","slug":"sorvest-vei-tur-forente-stater","status":"publish","type":"page","link":"https:\/\/usa-b2.com\/no\/sorvest-vei-tur-forente-stater\/","title":{"rendered":"Road Trip i den s\u00f8rvestlige delen av USA"},"content":{"rendered":"\n<h1 class=\"wp-block-heading\">S\u00f8rvestlige USA med bil: guide til den perfekte bilturen<\/h1>\n\n<h2 class=\"wp-block-heading\">Reiserute for Grand Circle Road Trip  <\/h2>\n\n<figure class=\"wp-block-image size-large\"><img fetchpriority=\"high\" decoding=\"async\" width=\"1024\" height=\"576\" src=\"https:\/\/usa-b2.com\/wp-content\/uploads\/2025\/03\/Grand-circle-road-trip-1024x576.jpg\" alt=\"\" class=\"wp-image-8187\" srcset=\"https:\/\/usa-b2.com\/wp-content\/uploads\/2025\/03\/Grand-circle-road-trip-1024x576.jpg 1024w, https:\/\/usa-b2.com\/wp-content\/uploads\/2025\/03\/Grand-circle-road-trip-300x169.jpg 300w, https:\/\/usa-b2.com\/wp-content\/uploads\/2025\/03\/Grand-circle-road-trip-768x432.jpg 768w, https:\/\/usa-b2.com\/wp-content\/uploads\/2025\/03\/Grand-circle-road-trip.jpg 1280w\" sizes=\"(max-width: 1024px) 100vw, 1024px\" \/><\/figure>\n\n<h3 class=\"wp-block-heading\">Avreise og f\u00f8rste etappe: Las Vegas<\/h3>\n\n<p><a href=\"https:\/\/www.lasvegasnevada.gov\/\">Las Vegas<\/a> er det ideelle utgangspunktet for en biltur gjennom det amerikanske s\u00f8rvesten. Den internasjonale flyplassen h\u00e5ndterer et stort antall flyreiser og tilbyr et bredt utvalg av bilutleie. F\u00f8r du drar videre, er det vel verdt \u00e5 bruke en kveld p\u00e5 \u00e5 utforske The Strip, de legendariske hotellcasinoene som <a href=\"https:\/\/bellagio.mgmresorts.com\/en.html\">Bellagio<\/a> og det ber\u00f8mte fonteneshowet, eller <a href=\"https:\/\/vegasexperience.com\/\">Fremont Street Experience<\/a> for en lysende innlevelse i Vegas-atmosf\u00e6ren.<\/p>\n\n<p>Neste dag setter du kursen mot <a href=\"https:\/\/www.grandcanyon.org\/experience-grand-canyon\">Grand Canyon<\/a> via <a href=\"https:\/\/usa-b2.com\/no\/route-66-the-mother-road\/\">Route 66<\/a>, og passerer gjennom Seligman, en ikonisk by der du kan ta en vintagepause og spise en typisk burger.<\/p>\n\n<h3 class=\"wp-block-heading\">Grand Canyon og Monument Valley (dag 2-4)<\/h3>\n\n<p>Grand Canyon er et av de mest bes\u00f8kte naturomr\u00e5dene i verden. For den beste opplevelsen b\u00f8r du velge South Rim, som byr p\u00e5 en utrolig utsikt over kl\u00f8ften. Blant de beste stedene:  <\/p>\n\n<ul class=\"wp-block-list\">\n<li><strong>Mather Point<\/strong>: Perfekt for en spektakul\u00e6r soloppgang.<\/li>\n\n\n\n<li><strong>Desert View Watchtower<\/strong>: Et utkikkst\u00e5rn med panoramautsikt.<\/li>\n<\/ul>\n\n<p>Etter \u00e5 ha utforsket canyonen, setter du kursen mot <a href=\"https:\/\/horseshoebend.co\/\">Horseshoe Bend<\/a>, en spektakul\u00e6r sl\u00f8yfe av Colorado. Til slutt tar <a href=\"https:\/\/navajonationparks.org\/navajo-tribal-parks\/monument-valley\/\">Monument Valley<\/a> deg tilbake til de legendariske westernfilmene, med en 4&#215;4-utflukt guidet av <a href=\"https:\/\/www.navajo-nsn.gov\/\">Navajos<\/a>.<\/p>\n\n<h3 class=\"wp-block-heading\">Antelope Canyon og Bryce Canyon (dag 5-7)<\/h3>\n\n<p><a href=\"https:\/\/www.antelopecanyontickets.com\/\">Antelope Canyon<\/a> er en kl\u00f8ft formet av vann og ber\u00f8mt for sitt magiske lysspill. Dette stedet er bare tilgjengelig med guide, og er et must for fotografer. <\/p>\n\n<p>Deretter g\u00e5r turen videre til <a href=\"https:\/\/www.nps.gov\/brca\/index.htm\">Bryce Canyon<\/a>, der hoodoos (eventyrskorsteiner) danner et bakteppe som er en annen verden verdig. Hvis du vil fordype deg helt, kan du g\u00e5 <a href=\"https:\/\/navajonationparks.org\/navajo-tribal-parks\/monument-valley\/\">Navajo Loop Trail<\/a> og utforske fjellformasjonene fra innsiden av kl\u00f8ften.<\/p>\n\n<h3 class=\"wp-block-heading\">Zion nasjonalpark og retur til Las Vegas (dag 8-10)<\/h3>\n\n<p><a href=\"https:\/\/zionnationalpark.com\/\">Zion nasjonalpark<\/a> er et paradis for fotturister. En av de mest popul\u00e6re stiene, <a href=\"https:\/\/www.angelslandingdtla.com\/\">Angels Landing<\/a>, byr p\u00e5 fantastisk panoramautsikt. The Narrows er en mer tilgjengelig tur der du kan g\u00e5 i en elv i hjertet av en canyon.<\/p>\n\n<p>Til slutt b\u00e6rer det tilbake til Las Vegas for en siste livlig kveld f\u00f8r bilturen avsluttes.<\/p>\n\n<h2 class=\"wp-block-heading\">Nasjonalparker og ikoniske landskap \u00e5 oppdage<\/h2>\n\n<h3 class=\"wp-block-heading\">Parker du ikke m\u00e5 g\u00e5 glipp av<\/h3>\n\n<p>Nasjonalparkene rundt Grand Circle er blant de vakreste i USA. Grand Canyon imponerer med sin enorme st\u00f8rrelse, mens Bryce Canyon med sine fjellformasjoner danner et magisk bakteppe. I <a href=\"https:\/\/www.recreation.gov\/timed-entry\/10088426\">Arches nasjonalpark<\/a> kan bes\u00f8kende beundre mer enn 2000 naturlige buer, deriblant <a href=\"https:\/\/delicatearchfilm.com\/\">Delicate Arch<\/a>, Utahs nasjonale landemerke.  <\/p>\n\n<p>Zion er en perfekt blanding av ruvende klipper og svingete elver. En annen mindre kjent perle, Canyonlands, byr p\u00e5 m\u00e5nelandskap og absolutt fred og ro. <\/p>\n\n<h3 class=\"wp-block-heading\">Must-see stoppesteder<\/h3>\n\n<p>Underveis p\u00e5 bilturen er det flere interessante steder det er verdt \u00e5 stoppe ved:<\/p>\n\n<ul class=\"wp-block-list\">\n<li>Horseshoe Bend: 270 graders utsikt over Colorado River.<\/li>\n\n\n\n<li>Forsteinet skog: Et unikt omr\u00e5de med forsteinede tr\u00e6r som er 200 millioner \u00e5r gamle.<\/li>\n\n\n\n<li>Goosenecks State Park: En spektakul\u00e6r canyon formet av San Juan-elven.<\/li>\n<\/ul>\n\n<h2 class=\"wp-block-heading\">Hvor skal jeg sove? Anbefalte hoteller og byer <\/h2>\n\n<h3 class=\"wp-block-heading\">Byer \u00e5 stoppe i<\/h3>\n\n<p>Valget av byer \u00e5 stoppe i p\u00e5virker komforten p\u00e5 bilturen. Las Vegas er perfekt for en enkel ankomst og avreise. Page er et ideelt stoppested for \u00e5 bes\u00f8ke Horseshoe Bend og Antelope Canyon. Moab, med sine turistfasiliteter, er perfekt for \u00e5 utforske Arches og Canyonlands. Zion og Bryce Canyon tilbyr overnatting midt i naturen.    <\/p>\n\n<h3 class=\"wp-block-heading\">De beste hotellene og alternativene<\/h3>\n\n<p>Her er noen anbefalinger som passer ditt budsjett:<\/p>\n\n<figure class=\"wp-block-table\"><table class=\"has-fixed-layout\"><tbody><tr><td><strong>Beliggenhet<\/strong><\/td><td><strong>Anbefalt hotell<\/strong><\/td><td><strong>Budsjett<\/strong><\/td><\/tr><tr><td>Las Vegas<\/td><td><a href=\"https:\/\/www.venetianlasvegas.com\/\">The Venetian<\/a><\/td><td>$$$<\/td><\/tr><tr><td>Grand Canyon<\/td><td><a href=\"https:\/\/www.visitgrandcanyon.com\/yavapai-lodge\">Yavapai Lodge<\/a><\/td><td>$$<\/td><\/tr><tr><td>Bryce Canyon<\/td><td><a href=\"https:\/\/www.bestwestern.com\/en_US\/book\/hotel-rooms.45040.html\">Best Western Ruby&#8217;s Inn<\/a><\/td><td>$$<\/td><\/tr><tr><td>Moab<\/td><td><a href=\"https:\/\/www.hilton.com\/en\/hotels\/cnycuqq-hoodoo-moab\/\">Hoodoo Moab by Hilton<\/a><\/td><td>$$$<\/td><\/tr><tr><td>Sion<\/td><td><a href=\"https:\/\/www.zionlodge.com\/\">Zion Lodge<\/a><\/td><td>$$$<\/td><\/tr><\/tbody><\/table><\/figure>\n\n<h2 class=\"wp-block-heading\">Forutg\u00e5ende administrative formaliteter<\/h2>\n\n<p>F\u00f8r du kan bes\u00f8ke den s\u00f8rvestlige delen av USA med bil, m\u00e5 du forutse reiseformaliteter. Du m\u00e5 sjekke at : <\/p>\n\n<ul class=\"wp-block-list\">\n<li><a href=\"https:\/\/usa-b2.com\/no\/pass-reise-usa\/\">Passet hennes er gyldig for reiser til USA.<\/a> <\/li>\n\n\n\n<li>Du er kvalifisert til \u00e5 f\u00e5 en <a href=\"https:\/\/usa-b2.com\/no\/hva-er-en-esta\/\">ESTA-reisetillatelse<\/a> i henhold til <a href=\"https:\/\/usa-b2.com\/no\/visumfritak-programmet\/\">visumfritaksprogrammet<\/a>. Hvis ikke, m\u00e5 du skaffe deg et <a href=\"https:\/\/usa-b2.com\/no\/visum-b2\/\">B2-turistvisum<\/a>. <\/li>\n<\/ul>\n\n<div style=\"height:10px\" aria-hidden=\"true\" class=\"wp-block-spacer\"><\/div>\n\n<h2 class=\"wp-block-heading\">  De mest instagrammable fotoplasseringene<\/h2>\n\n<h3 class=\"wp-block-heading\">Ikoniske naturlandskaper<\/h3>\n\n<p>Noen av stedene p\u00e5 Grand Circle er virkelige fotografiske perler. Horseshoe Bend er sannsynligvis det mest ber\u00f8mte stedet, med sin stupbratte utsikt over Colorado. Antelope Canyon, med sine formasjoner formet av vind og vann, byr p\u00e5 et magisk lysspill som er perfekt for Instagram.  <\/p>\n\n<h3 class=\"wp-block-heading\">Magiske solnedganger<\/h3>\n\n<p>Solnedgangen forvandler landskapet og skaper noen spektakul\u00e6re bilder. Blant de beste stedene: <\/p>\n\n<ul class=\"wp-block-list\">\n<li><strong>Grand Canyon (Yavapai Point):<\/strong> Utrolige farger p\u00e5 klippene.<\/li>\n\n\n\n<li><strong>Monument Valley<\/strong>: Skyggen av de ber\u00f8mte r\u00f8de \u00e5sene strekker seg s\u00e5 langt \u00f8yet kan se.<\/li>\n<\/ul>\n\n<h2 class=\"wp-block-heading\">Ting \u00e5 gj\u00f8re som par<\/h2>\n\n<h3 class=\"wp-block-heading\">Romantiske opplevelser<\/h3>\n\n<p>N\u00e5r dere reiser sammen som par, kan dere oppleve magiske \u00f8yeblikk i utrolige landskap. En ridetur i Monument Valley i solnedgangen er en uforglemmelig opplevelse. For de som liker spenning, kan en helikoptertur over Grand Canyon gi en unik utsikt over juvet.  <\/p>\n\n<h3 class=\"wp-block-heading\">Sove ute i det fri<\/h3>\n\n<p>En natt i villmarken gir turen et romantisk preg. I Zion er camping under en uber\u00f8rt stjernehimmel et ideelt alternativ. For en mer bohemsk opplevelse kan du overnatte i en Airstream i Joshua Tree, som byr p\u00e5 en fredelig og intim atmosf\u00e6re.  <\/p>\n\n<h2 class=\"wp-block-heading\">Aktiviteter for en bilferie med familien<\/h2>\n\n<h3 class=\"wp-block-heading\">Morsomme opplevelser<\/h3>\n\n<p>For \u00e5 gj\u00f8re turen spennende for barn finnes det en rekke aktiviteter som er ideelle. I <a href=\"https:\/\/moabcity.org\/\">Moab<\/a> finnes det et dinosaurmuseum som viser forhistoriske fossiler og fotavtrykk. I Bryce Canyon er Navajo Loop Trail tilgjengelig for familier og byr p\u00e5 et unikt naturskue.  <\/p>\n\n<h3 class=\"wp-block-heading\">Hvor du kan spise med familien din<\/h3>\n\n<p>M\u00e5ltidspauser er essensielle p\u00e5 en bilferie. Her er noen steder som er ideelle for familier: <\/p>\n\n<ul class=\"wp-block-list\">\n<li><a href=\"https:\/\/www.thunderbirdutah.com\/\">Thunderbird Restaurant (Utah)<\/a>: En autentisk amerikansk diner med hjemmelagde paier.<\/li>\n\n\n\n<li><a href=\"https:\/\/www.bigtexan.com\/\">Big Texan Steak Ranch<\/a> (Route 66): Westernstemning med en spesialtilpasset barnemeny.<\/li>\n<\/ul>\n\n<p>Grand Circle Road Trip er et legendarisk eventyr og en av de beste <a href=\"https:\/\/usa-b2.com\/no\/\">amerikanske roadtripene<\/a>. Enten dere reiser som par eller som familie, vil hver dag by p\u00e5 nye oppdagelser. Planlegg reiseruten godt, velg hotell med omhu og hold \u00f8ynene \u00e5pne: Dette er en tur du aldri vil glemme!  <\/p>\n","protected":false},"excerpt":{"rendered":"<p>S\u00f8rvestlige USA med bil: guide til den perfekte bilturen Reiserute for Grand Circle Road Trip Avreise og f\u00f8rste etappe: Las Vegas Las Vegas er det ideelle utgangspunktet for en biltur gjennom det amerikanske s\u00f8rvesten. Den internasjonale flyplassen h\u00e5ndterer et stort antall flyreiser og tilbyr et bredt utvalg av bilutleie. F\u00f8r du drar videre, er det [&hellip;]<\/p>\n","protected":false},"author":1,"featured_media":0,"parent":0,"menu_order":0,"comment_status":"closed","ping_status":"closed","template":"","meta":{"footnotes":""},"class_list":["post-8223","page","type-page","status-publish","hentry"],"yoast_head":"<!-- This site is optimized with the Yoast SEO plugin v27.4 - https:\/\/yoast.com\/product\/yoast-seo-wordpress\/ -->\n<title>Road Trip i den s\u00f8rvestlige delen av USA - USA B2<\/title>\n<meta name=\"description\" content=\"Oppdag Grand Circle Road Trip: reiserute, nasjonalparker, hoteller og fotoplasser for en tur til den s\u00f8rvestlige delen av USA!\" \/>\n<meta name=\"robots\" content=\"index, follow, max-snippet:-1, max-image-preview:large, max-video-preview:-1\" \/>\n<link rel=\"canonical\" href=\"https:\/\/usa-b2.com\/no\/sorvest-vei-tur-forente-stater\/\" \/>\n<meta property=\"og:locale\" content=\"nb_NO\" \/>\n<meta property=\"og:type\" content=\"article\" \/>\n<meta property=\"og:title\" content=\"Road Trip i den s\u00f8rvestlige delen av USA - USA B2\" \/>\n<meta property=\"og:description\" content=\"Oppdag Grand Circle Road Trip: reiserute, nasjonalparker, hoteller og fotoplasser for en tur til den s\u00f8rvestlige delen av USA!\" \/>\n<meta property=\"og:url\" content=\"https:\/\/usa-b2.com\/no\/sorvest-vei-tur-forente-stater\/\" \/>\n<meta property=\"og:site_name\" content=\"USA B2\" \/>\n<meta property=\"article:modified_time\" content=\"2025-11-04T11:31:46+00:00\" \/>\n<meta property=\"og:image\" content=\"https:\/\/usa-b2.com\/wp-content\/uploads\/2025\/03\/Grand-circle-road-trip.jpg\" \/>\n\t<meta property=\"og:image:width\" content=\"1280\" \/>\n\t<meta property=\"og:image:height\" content=\"720\" \/>\n\t<meta property=\"og:image:type\" content=\"image\/jpeg\" \/>\n<meta name=\"twitter:card\" content=\"summary_large_image\" \/>\n<meta name=\"twitter:label1\" content=\"Ansl. lesetid\" \/>\n\t<meta name=\"twitter:data1\" content=\"5 minutter\" \/>\n<script type=\"application\/ld+json\" class=\"yoast-schema-graph\">{\"@context\":\"https:\\\/\\\/schema.org\",\"@graph\":[{\"@type\":\"WebPage\",\"@id\":\"https:\\\/\\\/usa-b2.com\\\/no\\\/sorvest-vei-tur-forente-stater\\\/\",\"url\":\"https:\\\/\\\/usa-b2.com\\\/no\\\/sorvest-vei-tur-forente-stater\\\/\",\"name\":\"Road Trip i den s\u00f8rvestlige delen av USA - USA B2\",\"isPartOf\":{\"@id\":\"https:\\\/\\\/usa-b2.com\\\/no\\\/#website\"},\"primaryImageOfPage\":{\"@id\":\"https:\\\/\\\/usa-b2.com\\\/no\\\/sorvest-vei-tur-forente-stater\\\/#primaryimage\"},\"image\":{\"@id\":\"https:\\\/\\\/usa-b2.com\\\/no\\\/sorvest-vei-tur-forente-stater\\\/#primaryimage\"},\"thumbnailUrl\":\"https:\\\/\\\/usa-b2.com\\\/wp-content\\\/uploads\\\/2025\\\/03\\\/Grand-circle-road-trip-1024x576.jpg\",\"datePublished\":\"2025-03-17T13:14:29+00:00\",\"dateModified\":\"2025-11-04T11:31:46+00:00\",\"description\":\"Oppdag Grand Circle Road Trip: reiserute, nasjonalparker, hoteller og fotoplasser for en tur til den s\u00f8rvestlige delen av USA!\",\"breadcrumb\":{\"@id\":\"https:\\\/\\\/usa-b2.com\\\/no\\\/sorvest-vei-tur-forente-stater\\\/#breadcrumb\"},\"inLanguage\":\"nb-NO\",\"potentialAction\":[{\"@type\":\"ReadAction\",\"target\":[\"https:\\\/\\\/usa-b2.com\\\/no\\\/sorvest-vei-tur-forente-stater\\\/\"]}]},{\"@type\":\"ImageObject\",\"inLanguage\":\"nb-NO\",\"@id\":\"https:\\\/\\\/usa-b2.com\\\/no\\\/sorvest-vei-tur-forente-stater\\\/#primaryimage\",\"url\":\"https:\\\/\\\/usa-b2.com\\\/wp-content\\\/uploads\\\/2025\\\/03\\\/Grand-circle-road-trip-1024x576.jpg\",\"contentUrl\":\"https:\\\/\\\/usa-b2.com\\\/wp-content\\\/uploads\\\/2025\\\/03\\\/Grand-circle-road-trip-1024x576.jpg\"},{\"@type\":\"BreadcrumbList\",\"@id\":\"https:\\\/\\\/usa-b2.com\\\/no\\\/sorvest-vei-tur-forente-stater\\\/#breadcrumb\",\"itemListElement\":[{\"@type\":\"ListItem\",\"position\":1,\"name\":\"Accueil\",\"item\":\"https:\\\/\\\/usa-b2.com\\\/no\\\/usa\\\/\"},{\"@type\":\"ListItem\",\"position\":2,\"name\":\"Road Trip i den s\u00f8rvestlige delen av USA\"}]},{\"@type\":\"WebSite\",\"@id\":\"https:\\\/\\\/usa-b2.com\\\/no\\\/#website\",\"url\":\"https:\\\/\\\/usa-b2.com\\\/no\\\/\",\"name\":\"USA B2 VISA\",\"description\":\"\",\"potentialAction\":[{\"@type\":\"SearchAction\",\"target\":{\"@type\":\"EntryPoint\",\"urlTemplate\":\"https:\\\/\\\/usa-b2.com\\\/no\\\/?s={search_term_string}\"},\"query-input\":{\"@type\":\"PropertyValueSpecification\",\"valueRequired\":true,\"valueName\":\"search_term_string\"}}],\"inLanguage\":\"nb-NO\"}]}<\/script>\n<!-- \/ Yoast SEO plugin. -->","yoast_head_json":{"title":"Road Trip i den s\u00f8rvestlige delen av USA - USA B2","description":"Oppdag Grand Circle Road Trip: reiserute, nasjonalparker, hoteller og fotoplasser for en tur til den s\u00f8rvestlige delen av USA!","robots":{"index":"index","follow":"follow","max-snippet":"max-snippet:-1","max-image-preview":"max-image-preview:large","max-video-preview":"max-video-preview:-1"},"canonical":"https:\/\/usa-b2.com\/no\/sorvest-vei-tur-forente-stater\/","og_locale":"nb_NO","og_type":"article","og_title":"Road Trip i den s\u00f8rvestlige delen av USA - USA B2","og_description":"Oppdag Grand Circle Road Trip: reiserute, nasjonalparker, hoteller og fotoplasser for en tur til den s\u00f8rvestlige delen av USA!","og_url":"https:\/\/usa-b2.com\/no\/sorvest-vei-tur-forente-stater\/","og_site_name":"USA B2","article_modified_time":"2025-11-04T11:31:46+00:00","og_image":[{"width":1280,"height":720,"url":"https:\/\/usa-b2.com\/wp-content\/uploads\/2025\/03\/Grand-circle-road-trip.jpg","type":"image\/jpeg"}],"twitter_card":"summary_large_image","twitter_misc":{"Ansl. lesetid":"5 minutter"},"schema":{"@context":"https:\/\/schema.org","@graph":[{"@type":"WebPage","@id":"https:\/\/usa-b2.com\/no\/sorvest-vei-tur-forente-stater\/","url":"https:\/\/usa-b2.com\/no\/sorvest-vei-tur-forente-stater\/","name":"Road Trip i den s\u00f8rvestlige delen av USA - USA B2","isPartOf":{"@id":"https:\/\/usa-b2.com\/no\/#website"},"primaryImageOfPage":{"@id":"https:\/\/usa-b2.com\/no\/sorvest-vei-tur-forente-stater\/#primaryimage"},"image":{"@id":"https:\/\/usa-b2.com\/no\/sorvest-vei-tur-forente-stater\/#primaryimage"},"thumbnailUrl":"https:\/\/usa-b2.com\/wp-content\/uploads\/2025\/03\/Grand-circle-road-trip-1024x576.jpg","datePublished":"2025-03-17T13:14:29+00:00","dateModified":"2025-11-04T11:31:46+00:00","description":"Oppdag Grand Circle Road Trip: reiserute, nasjonalparker, hoteller og fotoplasser for en tur til den s\u00f8rvestlige delen av USA!","breadcrumb":{"@id":"https:\/\/usa-b2.com\/no\/sorvest-vei-tur-forente-stater\/#breadcrumb"},"inLanguage":"nb-NO","potentialAction":[{"@type":"ReadAction","target":["https:\/\/usa-b2.com\/no\/sorvest-vei-tur-forente-stater\/"]}]},{"@type":"ImageObject","inLanguage":"nb-NO","@id":"https:\/\/usa-b2.com\/no\/sorvest-vei-tur-forente-stater\/#primaryimage","url":"https:\/\/usa-b2.com\/wp-content\/uploads\/2025\/03\/Grand-circle-road-trip-1024x576.jpg","contentUrl":"https:\/\/usa-b2.com\/wp-content\/uploads\/2025\/03\/Grand-circle-road-trip-1024x576.jpg"},{"@type":"BreadcrumbList","@id":"https:\/\/usa-b2.com\/no\/sorvest-vei-tur-forente-stater\/#breadcrumb","itemListElement":[{"@type":"ListItem","position":1,"name":"Accueil","item":"https:\/\/usa-b2.com\/no\/usa\/"},{"@type":"ListItem","position":2,"name":"Road Trip i den s\u00f8rvestlige delen av USA"}]},{"@type":"WebSite","@id":"https:\/\/usa-b2.com\/no\/#website","url":"https:\/\/usa-b2.com\/no\/","name":"USA B2 VISA","description":"","potentialAction":[{"@type":"SearchAction","target":{"@type":"EntryPoint","urlTemplate":"https:\/\/usa-b2.com\/no\/?s={search_term_string}"},"query-input":{"@type":"PropertyValueSpecification","valueRequired":true,"valueName":"search_term_string"}}],"inLanguage":"nb-NO"}]}},"_links":{"self":[{"href":"https:\/\/usa-b2.com\/no\/wp-json\/wp\/v2\/pages\/8223","targetHints":{"allow":["GET"]}}],"collection":[{"href":"https:\/\/usa-b2.com\/no\/wp-json\/wp\/v2\/pages"}],"about":[{"href":"https:\/\/usa-b2.com\/no\/wp-json\/wp\/v2\/types\/page"}],"author":[{"embeddable":true,"href":"https:\/\/usa-b2.com\/no\/wp-json\/wp\/v2\/users\/1"}],"replies":[{"embeddable":true,"href":"https:\/\/usa-b2.com\/no\/wp-json\/wp\/v2\/comments?post=8223"}],"version-history":[{"count":2,"href":"https:\/\/usa-b2.com\/no\/wp-json\/wp\/v2\/pages\/8223\/revisions"}],"predecessor-version":[{"id":10815,"href":"https:\/\/usa-b2.com\/no\/wp-json\/wp\/v2\/pages\/8223\/revisions\/10815"}],"wp:attachment":[{"href":"https:\/\/usa-b2.com\/no\/wp-json\/wp\/v2\/media?parent=8223"}],"curies":[{"name":"wp","href":"https:\/\/api.w.org\/{rel}","templated":true}]}}