{"id":7910,"date":"2025-03-17T13:12:55","date_gmt":"2025-03-17T13:12:55","guid":{"rendered":"https:\/\/usa-b2.com\/texas-hill-country\/"},"modified":"2025-06-06T08:34:59","modified_gmt":"2025-06-06T08:34:59","slug":"texas-hill-country","status":"publish","type":"page","link":"https:\/\/usa-b2.com\/no\/texas-hill-country\/","title":{"rendered":"Road trip i texas hill country: guide til et uforglemmelig eventyr"},"content":{"rendered":"\n<h1 class=\"wp-block-heading\">Road trip i hjertet av Texas: landskap, byer og aktiviteter<\/h1>\n\n<p>Texas Hill Country er et must for enhver <a href=\"https:\/\/usa-b2.com\/no\/\">bilferie i USA<\/a>. Med sitt b\u00f8lgende landskap, historiske byer og pittoreske veier byr dette reisem\u00e5let p\u00e5 en total fordypning i det autentiske Texas. Enten du er ute etter eventyr, avslapning eller fotografering, vil denne omfattende guiden hjelpe deg med \u00e5 planlegge den perfekte reiseruten gjennom hjertet av Texas.  <\/p>\n\n<figure class=\"wp-block-image size-large\"><img fetchpriority=\"high\" decoding=\"async\" width=\"1024\" height=\"576\" src=\"https:\/\/usa-b2.com\/wp-content\/uploads\/2025\/03\/Texas-Hill-Country-1-2-1024x576.png\" alt=\"\" class=\"wp-image-8027\" srcset=\"https:\/\/usa-b2.com\/wp-content\/uploads\/2025\/03\/Texas-Hill-Country-1-2-1024x576.png 1024w, https:\/\/usa-b2.com\/wp-content\/uploads\/2025\/03\/Texas-Hill-Country-1-2-300x169.png 300w, https:\/\/usa-b2.com\/wp-content\/uploads\/2025\/03\/Texas-Hill-Country-1-2-768x432.png 768w, https:\/\/usa-b2.com\/wp-content\/uploads\/2025\/03\/Texas-Hill-Country-1-2.png 1056w\" sizes=\"(max-width: 1024px) 100vw, 1024px\" \/><\/figure>\n\n<h2 class=\"wp-block-heading\">Detaljert reiserute for en uforglemmelig bilferie<\/h2>\n\n<p>En biltur i <a href=\"https:\/\/www.traveltexas.com\/cities-and-regions\/hill-country\/\">Texas Hill Country<\/a> krever n\u00f8ye planlegging for \u00e5 f\u00e5 mest mulig ut av naturen og attraksjonene. Her er en reiserute som er optimalisert i flere etapper. <\/p>\n\n<h3 class=\"wp-block-heading\">Austin &#8211; det ideelle utgangspunktet<\/h3>\n\n<p>Austin, hovedstaden i <a href=\"https:\/\/www.texas.gov\/\">Texas<\/a>, er det perfekte utgangspunktet. Begynn reisen med et bes\u00f8k i sentrum, Texas Capitol og <a href=\"https:\/\/www.austintexas.org\/things-to-do\/entertainment-districts\/south-congress\/\">South Congress-distriktet<\/a>, som er kjent for sine trendy butikker og kafeer. F\u00f8r du drar videre, kan du ta en avstikker til <a href=\"https:\/\/www.austintexas.gov\/department\/barton-springs-pool\">Barton Springs Pool<\/a>, et naturlig sv\u00f8mmebasseng som er ideelt for avkj\u00f8ling.  <\/p>\n\n<h3 class=\"wp-block-heading\">Fredericksburg &#8211; den tyske sjelen i Texas<\/h3>\n\n<p><a href=\"https:\/\/www.visitfredericksburgtx.com\/\">Fredericksburg<\/a> ligger ca. 1,5 time fra Austin, og er en liten by med europeisk sjarm, kjent for sin tyske arv og sine ving\u00e5rder. Nyt en vinsmaking langs <a href=\"https:\/\/www.fredericksburgtexas-online.com\/plan-your-trip\/texas-wine-trail\/\">Texas Wine Trail<\/a>, og bes\u00f8k <a href=\"https:\/\/www.pacificwarmuseum.org\/\">National Museum of the Pacific War.<\/a> G\u00e5 ikke glipp av <a href=\"https:\/\/tpwd.texas.gov\/state-parks\/enchanted-rock\">Enchanted Rock<\/a>, en enorm granittformasjon med fantastisk utsikt over regionen.  <\/p>\n\n<h3 class=\"wp-block-heading\">Bandera &amp; Medina &#8211; Den autentiske westernopplevelsen<\/h3>\n\n<p><a href=\"https:\/\/www.banderacowboycapital.com\/\">Bandera<\/a> har f\u00e5tt kallenavnet &laquo;verdens cowboyhovedstad&raquo;, og er et must hvis du vil fordype deg i Texas&#8217; historie. Se en rodeo eller overnatt p\u00e5 en ranch for \u00e5 f\u00e5 en autentisk westernopplevelse. <a href=\"https:\/\/www.medinacountytexas.org\/\">Medina<\/a> ligger noen kilometer unna, og er ber\u00f8mt for sine eplehager og ciderfabrikker.  <\/p>\n\n<h2 class=\"wp-block-heading\">De vakreste landskapene og parkene \u00e5 utforske<\/h2>\n\n<p>Texas Hill Country er fullt av nasjonalparker og spektakul\u00e6re naturomr\u00e5der som du kan oppdage p\u00e5 reisen.<\/p>\n\n<h3 class=\"wp-block-heading\">Garner State Park &#8211; en naturperle<\/h3>\n\n<p><a href=\"https:\/\/tpwd.texas.gov\/state-parks\/garner\">Garner State Park<\/a> ligger ved bredden av <a href=\"https:\/\/friocampriverview.com\/floating-the-frio-river\/\">elven Frio<\/a>, og er perfekt for fotturer, kanopadling og bading. Med stier som byr p\u00e5 panoramautsikt og kveldsdans om sommeren, er dette et must \u00e5 se. <\/p>\n\n<h3 class=\"wp-block-heading\">Hamilton Pool &#8211; Et magisk, naturlig basseng<\/h3>\n\n<p><a href=\"https:\/\/parks.traviscountytx.gov\/parks\/hamilton-pool-preserve\">Hamilton Pool<\/a> ligger bare 50 km fra Austin, og er et naturlig underverk skapt av en kalksteinshule som har kollapset. Det turkise vannet og fossen gj\u00f8r det til et eksepsjonelt sted \u00e5 bade. Husk \u00e5 bestille p\u00e5 forh\u00e5nd, da tilgangen er begrenset.  <\/p>\n\n<h3 class=\"wp-block-heading\">Bluebonnet Trails &#8211; Ruten for ville blomster<\/h3>\n\n<p>Om v\u00e5ren dekker <a href=\"https:\/\/www.visitfredericksburgtx.com\/things-to-do\/outdoors\/wildflowers\/\">bl\u00e5klokker<\/a> \u00e5sene i Texas Hill Country. Veiene rundt <a href=\"https:\/\/visitmarblefalls.org\/\">Marble Falls<\/a> og <a href=\"https:\/\/www.cityofllano.com\/\">Llano<\/a> er ideelle for \u00e5 beundre disse symbolske Texas-blomstene. <\/p>\n\n<h2 class=\"wp-block-heading\">Hvor skal du sove p\u00e5 bilturen?<\/h2>\n\n<p>\u00c5 finne riktig overnattingssted er avgj\u00f8rende for en vellykket bilferie. Her er de beste overnattingsalternativene som passer ditt budsjett og dine \u00f8nsker. <\/p>\n\n<h3 class=\"wp-block-heading\">Hotell og hytter i hjertet av naturen<\/h3>\n\n<p>For en oppslukende opplevelse kan du velge lodger som ligger midt i naturen. <a href=\"https:\/\/collectiveretreats.com\/\">Collective Hill Country<\/a> tilbyr luksustelt med utsikt over \u00e5sene, mens <a href=\"https:\/\/www.cypressvalley.com\/\">Cypress Valley Canopy<\/a> tilbyr trehytter.<\/p>\n\n<h3 class=\"wp-block-heading\">Byhoteller: komfort og tilgjengelighet<\/h3>\n\n<p>Hvis du foretrekker \u00e5 bo i byen, er <a href=\"https:\/\/fredericksburg-inn.com\/\">The Fredericksburg Inn &amp; Suites<\/a> et utmerket alternativ i Fredericksburg, mens The Driskill i Austin kombinerer luksus og historie.<\/p>\n\n<h3 class=\"wp-block-heading\">3.3 Rancher og autentiske opplevelser<\/h3>\n\n<p>Hvis <a href=\"https:\/\/dixieduderanch.com\/\">du vil ha en westernopplevelse, kan du overnatte p\u00e5 en ranch som Dixie Dude Ranch<\/a> i Bandera, der du kan ri p\u00e5 hester og nyte en texansk grillfest under stjernene.<\/p>\n\n<h2 class=\"wp-block-heading\">De mest instagrammable fotoplasseringene<\/h2>\n\n<p>Hva ville en biltur v\u00e6re uten noen spektakul\u00e6re bilder? Her er de mest fotogene stedene i Texas Hill Country. <\/p>\n\n<figure class=\"wp-block-table\"><table class=\"has-fixed-layout\"><tbody><tr><td><strong>Beliggenhet<\/strong><\/td><td><strong>Hvorfor er det et sted du m\u00e5 se?<\/strong><\/td><\/tr><tr><td>Hamilton Pool<\/td><td>Turkisbl\u00e5tt vann og en imponerende foss.<\/td><\/tr><tr><td>Forhekset stein<\/td><td>Panoramautsikt over \u00e5sene.<\/td><\/tr><tr><td><a href=\"https:\/\/www.backroadstexas.net\/willow-city\/\">Willow City Loop<\/a><\/td><td>En pittoresk vei kantet av ville blomster om v\u00e5ren.<\/td><\/tr><tr><td><a href=\"https:\/\/www.gruenetexas.com\/\">Gruene Historic District<\/a><\/td><td>Gammel arkitektur og vintage-atmosf\u00e6re.<\/td><\/tr><\/tbody><\/table><\/figure>\n\n<h2 class=\"wp-block-heading\">Aktiviteter for par eller familier<\/h2>\n\n<h3 class=\"wp-block-heading\">Par &#8211; Romantiske opplevelser<\/h3>\n\n<p>Texas Hill Country er perfekt for en romantisk ferie. Nyt en vinsmaking p\u00e5 <a href=\"https:\/\/grapecreek.com\/\">Grape Creek Vineyards<\/a>, nyt en middag med levende lys p\u00e5 <a href=\"https:\/\/tilliesdrippingsprings.com\/\">Tillie&#8217;s i Dripping Springs,<\/a> eller se solnedgangen fra <a href=\"https:\/\/www.mountbonnell.info\/\">Mount Bonnell<\/a> i Austin. <\/p>\n\n<h3 class=\"wp-block-heading\">Familie &#8211; Opplevelser for store og sm\u00e5<\/h3>\n\n<p>Velg morsomme og interaktive aktiviteter n\u00e5r du skal p\u00e5 bilferie med familien. Ta et cruise p\u00e5 <a href=\"https:\/\/www.sa.gov\/Home\">San Antonio<\/a> River, dra p\u00e5 safari p\u00e5 <a href=\"https:\/\/www.wildliferanchtexas.com\/\">Natural Bridge Wildlife Ranch<\/a>, eller utforsk de underjordiske grottene i Cascade Caverns. <br\/><\/p>\n\n<p>En biltur i Texas Hill Country er en uforglemmelig opplevelse som kombinerer natur, historie og gastronomi. Med gjennomtenkte reiseruter, fantastisk natur og variert innkvartering lover dette eventyret \u00e5 bli rikt p\u00e5 oppdagelser. Enten dere reiser som par eller familie, vil hver rute f\u00f8re dere til en skjult skatt i Texas. Pakk kofferten og legg ut p\u00e5 oppdagelsesferd i denne fascinerende regionen!   <\/p>\n\n<p><\/p>\n","protected":false},"excerpt":{"rendered":"<p>Road trip i hjertet av Texas: landskap, byer og aktiviteter Texas Hill Country er et must for enhver bilferie i USA. Med sitt b\u00f8lgende landskap, historiske byer og pittoreske veier byr dette reisem\u00e5let p\u00e5 en total fordypning i det autentiske Texas. Enten du er ute etter eventyr, avslapning eller fotografering, vil denne omfattende guiden hjelpe [&hellip;]<\/p>\n","protected":false},"author":1,"featured_media":7971,"parent":0,"menu_order":0,"comment_status":"closed","ping_status":"closed","template":"","meta":{"footnotes":""},"class_list":["post-7910","page","type-page","status-publish","has-post-thumbnail","hentry"],"yoast_head":"<!-- This site is optimized with the Yoast SEO plugin v27.4 - https:\/\/yoast.com\/product\/yoast-seo-wordpress\/ -->\n<title>Road trip i texas hill country: guide til et uforglemmelig eventyr - USA B2<\/title>\n<meta name=\"description\" content=\"Road trip gjennom Texas Hill Country: reiserute, landskap, hoteller, fotoplasser og aktiviteter for en uforglemmelig tur!\" \/>\n<meta name=\"robots\" content=\"index, follow, max-snippet:-1, max-image-preview:large, max-video-preview:-1\" \/>\n<link rel=\"canonical\" href=\"https:\/\/usa-b2.com\/no\/texas-hill-country\/\" \/>\n<meta property=\"og:locale\" content=\"nb_NO\" \/>\n<meta property=\"og:type\" content=\"article\" \/>\n<meta property=\"og:title\" content=\"Road trip i texas hill country: guide til et uforglemmelig eventyr - USA B2\" \/>\n<meta property=\"og:description\" content=\"Road trip gjennom Texas Hill Country: reiserute, landskap, hoteller, fotoplasser og aktiviteter for en uforglemmelig tur!\" \/>\n<meta property=\"og:url\" content=\"https:\/\/usa-b2.com\/no\/texas-hill-country\/\" \/>\n<meta property=\"og:site_name\" content=\"USA B2\" \/>\n<meta property=\"article:modified_time\" content=\"2025-06-06T08:34:59+00:00\" \/>\n<meta property=\"og:image\" content=\"https:\/\/usa-b2.com\/wp-content\/uploads\/2025\/03\/Texas-Hill-Country-1.png\" \/>\n\t<meta property=\"og:image:width\" content=\"1056\" \/>\n\t<meta property=\"og:image:height\" content=\"704\" \/>\n\t<meta property=\"og:image:type\" content=\"image\/png\" \/>\n<meta name=\"twitter:card\" content=\"summary_large_image\" \/>\n<meta name=\"twitter:label1\" content=\"Ansl. lesetid\" \/>\n\t<meta name=\"twitter:data1\" content=\"4 minutter\" \/>\n<script type=\"application\/ld+json\" class=\"yoast-schema-graph\">{\"@context\":\"https:\\\/\\\/schema.org\",\"@graph\":[{\"@type\":\"WebPage\",\"@id\":\"https:\\\/\\\/usa-b2.com\\\/no\\\/texas-hill-country\\\/\",\"url\":\"https:\\\/\\\/usa-b2.com\\\/no\\\/texas-hill-country\\\/\",\"name\":\"Road trip i texas hill country: guide til et uforglemmelig eventyr - USA B2\",\"isPartOf\":{\"@id\":\"https:\\\/\\\/usa-b2.com\\\/no\\\/#website\"},\"primaryImageOfPage\":{\"@id\":\"https:\\\/\\\/usa-b2.com\\\/no\\\/texas-hill-country\\\/#primaryimage\"},\"image\":{\"@id\":\"https:\\\/\\\/usa-b2.com\\\/no\\\/texas-hill-country\\\/#primaryimage\"},\"thumbnailUrl\":\"https:\\\/\\\/usa-b2.com\\\/wp-content\\\/uploads\\\/2025\\\/03\\\/Texas-Hill-Country-1.png\",\"datePublished\":\"2025-03-17T13:12:55+00:00\",\"dateModified\":\"2025-06-06T08:34:59+00:00\",\"description\":\"Road trip gjennom Texas Hill Country: reiserute, landskap, hoteller, fotoplasser og aktiviteter for en uforglemmelig tur!\",\"breadcrumb\":{\"@id\":\"https:\\\/\\\/usa-b2.com\\\/no\\\/texas-hill-country\\\/#breadcrumb\"},\"inLanguage\":\"nb-NO\",\"potentialAction\":[{\"@type\":\"ReadAction\",\"target\":[\"https:\\\/\\\/usa-b2.com\\\/no\\\/texas-hill-country\\\/\"]}]},{\"@type\":\"ImageObject\",\"inLanguage\":\"nb-NO\",\"@id\":\"https:\\\/\\\/usa-b2.com\\\/no\\\/texas-hill-country\\\/#primaryimage\",\"url\":\"https:\\\/\\\/usa-b2.com\\\/wp-content\\\/uploads\\\/2025\\\/03\\\/Texas-Hill-Country-1.png\",\"contentUrl\":\"https:\\\/\\\/usa-b2.com\\\/wp-content\\\/uploads\\\/2025\\\/03\\\/Texas-Hill-Country-1.png\",\"width\":1056,\"height\":704},{\"@type\":\"BreadcrumbList\",\"@id\":\"https:\\\/\\\/usa-b2.com\\\/no\\\/texas-hill-country\\\/#breadcrumb\",\"itemListElement\":[{\"@type\":\"ListItem\",\"position\":1,\"name\":\"Accueil\",\"item\":\"https:\\\/\\\/usa-b2.com\\\/no\\\/usa\\\/\"},{\"@type\":\"ListItem\",\"position\":2,\"name\":\"Road trip i texas hill country: guide til et uforglemmelig eventyr\"}]},{\"@type\":\"WebSite\",\"@id\":\"https:\\\/\\\/usa-b2.com\\\/no\\\/#website\",\"url\":\"https:\\\/\\\/usa-b2.com\\\/no\\\/\",\"name\":\"USA B2 VISA\",\"description\":\"\",\"potentialAction\":[{\"@type\":\"SearchAction\",\"target\":{\"@type\":\"EntryPoint\",\"urlTemplate\":\"https:\\\/\\\/usa-b2.com\\\/no\\\/?s={search_term_string}\"},\"query-input\":{\"@type\":\"PropertyValueSpecification\",\"valueRequired\":true,\"valueName\":\"search_term_string\"}}],\"inLanguage\":\"nb-NO\"}]}<\/script>\n<!-- \/ Yoast SEO plugin. -->","yoast_head_json":{"title":"Road trip i texas hill country: guide til et uforglemmelig eventyr - USA B2","description":"Road trip gjennom Texas Hill Country: reiserute, landskap, hoteller, fotoplasser og aktiviteter for en uforglemmelig tur!","robots":{"index":"index","follow":"follow","max-snippet":"max-snippet:-1","max-image-preview":"max-image-preview:large","max-video-preview":"max-video-preview:-1"},"canonical":"https:\/\/usa-b2.com\/no\/texas-hill-country\/","og_locale":"nb_NO","og_type":"article","og_title":"Road trip i texas hill country: guide til et uforglemmelig eventyr - USA B2","og_description":"Road trip gjennom Texas Hill Country: reiserute, landskap, hoteller, fotoplasser og aktiviteter for en uforglemmelig tur!","og_url":"https:\/\/usa-b2.com\/no\/texas-hill-country\/","og_site_name":"USA B2","article_modified_time":"2025-06-06T08:34:59+00:00","og_image":[{"width":1056,"height":704,"url":"https:\/\/usa-b2.com\/wp-content\/uploads\/2025\/03\/Texas-Hill-Country-1.png","type":"image\/png"}],"twitter_card":"summary_large_image","twitter_misc":{"Ansl. lesetid":"4 minutter"},"schema":{"@context":"https:\/\/schema.org","@graph":[{"@type":"WebPage","@id":"https:\/\/usa-b2.com\/no\/texas-hill-country\/","url":"https:\/\/usa-b2.com\/no\/texas-hill-country\/","name":"Road trip i texas hill country: guide til et uforglemmelig eventyr - USA B2","isPartOf":{"@id":"https:\/\/usa-b2.com\/no\/#website"},"primaryImageOfPage":{"@id":"https:\/\/usa-b2.com\/no\/texas-hill-country\/#primaryimage"},"image":{"@id":"https:\/\/usa-b2.com\/no\/texas-hill-country\/#primaryimage"},"thumbnailUrl":"https:\/\/usa-b2.com\/wp-content\/uploads\/2025\/03\/Texas-Hill-Country-1.png","datePublished":"2025-03-17T13:12:55+00:00","dateModified":"2025-06-06T08:34:59+00:00","description":"Road trip gjennom Texas Hill Country: reiserute, landskap, hoteller, fotoplasser og aktiviteter for en uforglemmelig tur!","breadcrumb":{"@id":"https:\/\/usa-b2.com\/no\/texas-hill-country\/#breadcrumb"},"inLanguage":"nb-NO","potentialAction":[{"@type":"ReadAction","target":["https:\/\/usa-b2.com\/no\/texas-hill-country\/"]}]},{"@type":"ImageObject","inLanguage":"nb-NO","@id":"https:\/\/usa-b2.com\/no\/texas-hill-country\/#primaryimage","url":"https:\/\/usa-b2.com\/wp-content\/uploads\/2025\/03\/Texas-Hill-Country-1.png","contentUrl":"https:\/\/usa-b2.com\/wp-content\/uploads\/2025\/03\/Texas-Hill-Country-1.png","width":1056,"height":704},{"@type":"BreadcrumbList","@id":"https:\/\/usa-b2.com\/no\/texas-hill-country\/#breadcrumb","itemListElement":[{"@type":"ListItem","position":1,"name":"Accueil","item":"https:\/\/usa-b2.com\/no\/usa\/"},{"@type":"ListItem","position":2,"name":"Road trip i texas hill country: guide til et uforglemmelig eventyr"}]},{"@type":"WebSite","@id":"https:\/\/usa-b2.com\/no\/#website","url":"https:\/\/usa-b2.com\/no\/","name":"USA B2 VISA","description":"","potentialAction":[{"@type":"SearchAction","target":{"@type":"EntryPoint","urlTemplate":"https:\/\/usa-b2.com\/no\/?s={search_term_string}"},"query-input":{"@type":"PropertyValueSpecification","valueRequired":true,"valueName":"search_term_string"}}],"inLanguage":"nb-NO"}]}},"_links":{"self":[{"href":"https:\/\/usa-b2.com\/no\/wp-json\/wp\/v2\/pages\/7910","targetHints":{"allow":["GET"]}}],"collection":[{"href":"https:\/\/usa-b2.com\/no\/wp-json\/wp\/v2\/pages"}],"about":[{"href":"https:\/\/usa-b2.com\/no\/wp-json\/wp\/v2\/types\/page"}],"author":[{"embeddable":true,"href":"https:\/\/usa-b2.com\/no\/wp-json\/wp\/v2\/users\/1"}],"replies":[{"embeddable":true,"href":"https:\/\/usa-b2.com\/no\/wp-json\/wp\/v2\/comments?post=7910"}],"version-history":[{"count":2,"href":"https:\/\/usa-b2.com\/no\/wp-json\/wp\/v2\/pages\/7910\/revisions"}],"predecessor-version":[{"id":9377,"href":"https:\/\/usa-b2.com\/no\/wp-json\/wp\/v2\/pages\/7910\/revisions\/9377"}],"wp:featuredmedia":[{"embeddable":true,"href":"https:\/\/usa-b2.com\/no\/wp-json\/wp\/v2\/media\/7971"}],"wp:attachment":[{"href":"https:\/\/usa-b2.com\/no\/wp-json\/wp\/v2\/media?parent=7910"}],"curies":[{"name":"wp","href":"https:\/\/api.w.org\/{rel}","templated":true}]}}