{"id":7878,"date":"2025-03-17T13:11:22","date_gmt":"2025-03-17T13:11:22","guid":{"rendered":"https:\/\/usa-b2.com\/deep-south-music-tour\/"},"modified":"2025-06-05T10:14:37","modified_gmt":"2025-06-05T10:14:37","slug":"deep-south-music-tour","status":"publish","type":"page","link":"https:\/\/usa-b2.com\/no\/deep-south-music-tour\/","title":{"rendered":"Roadtrip i s\u00f8rstatene: reiserute, viktige stopp og opplevelser du m\u00e5 se"},"content":{"rendered":"\n<h1 class=\"wp-block-heading\">Syden med bil: guide til den perfekte bilturen<\/h1>\n\n<p><a href=\"https:\/\/www.deep-south-usa.com\/alabama\/fly-drives\/music-tour\">De dype s\u00f8rstatene<\/a> i USA er en region gjennomsyret av historie, kultur og musikk. Denne roadtripen tar deg med til hjertet av blues-, jazz- og countrymusikkens r\u00f8tter, gjennom legendariske landskap og ikoniske byer som <a href=\"https:\/\/www.nashville.com\/\">Nashville<\/a>, <a href=\"https:\/\/www.memphistravel.com\/\">Memphis<\/a> og <a href=\"https:\/\/www.neworleans.com\/\">New Orleans<\/a>. Med konserter, historiske steder og gastronomiske stopp lover denne reiseruten en unik opplevelse for alle som elsker musikk og eventyr.  <\/p>\n\n<figure class=\"wp-block-image size-large\"><img fetchpriority=\"high\" decoding=\"async\" width=\"1024\" height=\"576\" src=\"https:\/\/usa-b2.com\/wp-content\/uploads\/2025\/03\/Deep-South-Music-2-1024x576.png\" alt=\"\" class=\"wp-image-8063\" srcset=\"https:\/\/usa-b2.com\/wp-content\/uploads\/2025\/03\/Deep-South-Music-2-1024x576.png 1024w, https:\/\/usa-b2.com\/wp-content\/uploads\/2025\/03\/Deep-South-Music-2-300x169.png 300w, https:\/\/usa-b2.com\/wp-content\/uploads\/2025\/03\/Deep-South-Music-2-768x432.png 768w, https:\/\/usa-b2.com\/wp-content\/uploads\/2025\/03\/Deep-South-Music-2.png 1367w\" sizes=\"(max-width: 1024px) 100vw, 1024px\" \/><\/figure>\n\n<h2 class=\"wp-block-heading\">Reiserute: Nashville til New Orleans<\/h2>\n\n<h3 class=\"wp-block-heading\">1.1. Avreise fra Nashville, Tennessee<\/h3>\n\n<p>Nashville regnes som countrymusikkens hovedstad, og er det ideelle utgangspunktet. Bes\u00f8k <a href=\"https:\/\/www.countrymusichalloffame.org\/\">Country Music Hall of Fame<\/a>, g\u00e5 p\u00e5 konsert p\u00e5 <a href=\"https:\/\/www.opry.com\/\">Grand Ole Opry<\/a> og rusle langs <a href=\"https:\/\/www.broadway.com\/\">Broadway<\/a>, der artister spiller live i ikoniske barer. <\/p>\n\n<h3 class=\"wp-block-heading\">1.2. Memphis, Tennessee: Bluesens og Elvis&#8217; land<\/h3>\n\n<p>Etter en tre timers kj\u00f8retur kan du stoppe ved <a href=\"https:\/\/www.graceland.com\/\">Graceland<\/a>,<a href=\"https:\/\/en.wikipedia.org\/wiki\/Elvis_Presley\">Elvis Presleys<\/a> tidligere hjem. <a href=\"https:\/\/bealestreet.com\/\">Beale Street<\/a> er et must for bluesfans, med sine legendariske klubber. <a href=\"https:\/\/www.civilrightsmuseum.org\/visit\/?source=adwords&amp;campaign=&amp;medium=cpc&amp;keyword=national%20civil%20rights%20museum&amp;target=kwd-329492642321&amp;loc=9222727&amp;device=c&amp;gad_source=1&amp;gclid=Cj0KCQjwkN--BhDkARIsAD_mnIovXJ9uKCG2eyQDXN0RhNo1qqhfKbEZfUeXq_qc6AysXcXBrKIjyKAaAt8yEALw_wcB\">National Civil Rights Museum<\/a>, som ligger i det tidligere Lorraine Motel, m\u00e5 du ikke g\u00e5 glipp av. <\/p>\n\n<h3 class=\"wp-block-heading\">1.3. Clarksdale, Mississippi: Ved r\u00f8ttene til Delta-bluesen<\/h3>\n\n<p><a href=\"https:\/\/www.cityofclarksdale.org\/\">Clarksdale<\/a> er en liten by i <a href=\"https:\/\/www.ms.gov\/\">Mississippi<\/a> og f\u00f8destedet til Delta Blues. <a href=\"https:\/\/www.deltabluesmuseum.org\/\">Delta Blues Museum<\/a> og <a href=\"https:\/\/www.clarksdale.com\/crossroads.php\">Crossroads<\/a>, der Robert Johnson sies \u00e5 ha solgt sin sjel til djevelen, er obligatoriske stoppesteder. <\/p>\n\n<h3 class=\"wp-block-heading\">1.4. New Orleans, Louisiana: Jazz p\u00e5 sitt beste<\/h3>\n\n<p>Roadtrippen avsluttes i denne pulserende byen. Spaser gjennom det <a href=\"https:\/\/www.neworleans.com\/plan\/neighborhoods\/french-quarter\/\">franske kvarteret<\/a>, oppdag jazzklubbene i <a href=\"https:\/\/www.frenchquarter.com\/frenchmen-street\/\">Frenchmen Street<\/a> og nyt beignets p\u00e5 <a href=\"https:\/\/shop.cafedumonde.com\/\">Caf\u00e9 du Monde<\/a>. <\/p>\n\n<h2 class=\"wp-block-heading\">Landskap og nasjonalparker: Uforglemmelige naturskj\u00f8nne ruter<\/h2>\n\n<h3 class=\"wp-block-heading\">Great Smoky Mountains: En spektakul\u00e6r naturlig passasje<\/h3>\n\n<p>F\u00f8r du kommer til Nashville, kan du ta en avstikker til <a href=\"https:\/\/friendsofthesmokies.org\/?gad_source=1&amp;gclid=Cj0KCQjwkN--BhDkARIsAD_mnIrzh_s0i4f90vUCfk37IDHlKDA73wyXZI0Lgky0I4paZsPiGmDajhsaAkbJEALw_wcB\">Great Smoky Mountains<\/a>, en nasjonalpark med t\u00e5kete utsikter og skogkledde stier som er perfekte for en f\u00f8rste tur i det fri.<\/p>\n\n<h3 class=\"wp-block-heading\">Natchez Trace Parkway: En historisk rute<\/h3>\n\n<p><a href=\"https:\/\/www.scenictrace.com\/\">Natchez Trace Parkway<\/a> er en 700 km lang rute som krysser <a href=\"https:\/\/www.tn.gov\/\">Tennessee<\/a>, Mississippi og<a href=\"https:\/\/www.alabama.gov\/\">Alabama<\/a>. Ruten er full av historiske stoppesteder og utsiktspunkter, og den er ideell for foto- og historieinteresserte. <\/p>\n\n<h3 class=\"wp-block-heading\">Louisianas buktninger: Fordypning i en annen verden<\/h3>\n\n<p>F\u00f8r du ankommer New Orleans, kan du utforske <a href=\"https:\/\/www.louisiana.gov\/\">Louisianas<\/a> bukt med b\u00e5t for \u00e5 observere alligatorene og det lokale dyrelivet.<\/p>\n\n<h2 class=\"wp-block-heading\">Hvor skal jeg sove? Autentiske hoteller og overnattingssteder <\/h2>\n\n<h3 class=\"wp-block-heading\">Nashville: Mellom modernitet og tradisjon<\/h3>\n\n<p><a href=\"https:\/\/www.huttonhotel.com\/\">Hutton Hotel<\/a> og<a href=\"https:\/\/www.omnihotels.com\/hotels\/nashville?utm_source=gmblisting&amp;utm_medium=organic\">Omni Nashville Hotel<\/a> tilbyr komfort i toppklasse. For en autentisk opplevelse kan du velge en Airbnb i East Nashville. <\/p>\n\n<h3 class=\"wp-block-heading\">Memphis: S\u00f8rstatssjarm<\/h3>\n\n<p><a href=\"https:\/\/www.peabodymemphis.com\/?utm_source=local-directories&amp;utm_medium=organic&amp;utm_campaign=travelclick-localconnect-featured\">Peabody Hotel<\/a>, som er kjent for sin andeparade, er et ikonisk valg. For et rimeligere alternativ er <a href=\"https:\/\/www.marriott.com\/en-us\/hotels\/memox-moxy-memphis-downtown\/overview\/?scid=f2ae0541-1279-4f24-b197-a979c79310b0\">Moxy Memphis Downtown<\/a> ideelt. <\/p>\n\n<h3 class=\"wp-block-heading\">New Orleans: Fordyp deg i jazzatmosf\u00e6ren<\/h3>\n\n<p><a href=\"https:\/\/www.sonesta.com\/royal-sonesta\/la\/new-orleans\/royal-sonesta-new-orleans\">Royal Sonesta Hotel<\/a> p\u00e5 <a href=\"https:\/\/www.neworleans.com\/plan\/streets\/bourbon-street\/\">Bourbon<\/a> Street plasserer deg midt i begivenhetenes sentrum, mens <a href=\"https:\/\/hotelmonteleone.com\/\">Hotel Monteleone<\/a> byr p\u00e5 et snev av historisk luksus.<\/p>\n\n<h2 class=\"wp-block-heading\">Instagrammable fotomotiver<\/h2>\n\n<figure class=\"wp-block-table\"><table class=\"has-fixed-layout\"><tbody><tr><td><strong>Beliggenhet<\/strong><\/td><td><strong>By<\/strong><\/td><td><strong>Spesifikk<\/strong><\/td><\/tr><tr><td><a href=\"https:\/\/www.trolleytours.com\/nashville\/broadway\">Broadway Street<\/a><\/td><td>Nashville<\/td><td>Neonlys og livekonserter<\/td><\/tr><tr><td><a href=\"https:\/\/www.memphistravel.com\/beale-street\">Beale Street<\/a><\/td><td>Memphis<\/td><td>Ikonisk blues-atmosf\u00e6re<\/td><\/tr><tr><td><a href=\"https:\/\/www.coastalridgefarm.com\/\">Solsikke\u00e5ker<\/a><\/td><td>Mississippi<\/td><td>Fargerike landskap<\/td><\/tr><tr><td>Det franske kvarteret<\/td><td>New Orleans<\/td><td>Historisk arkitektur og gatekunst<\/td><\/tr><\/tbody><\/table><\/figure>\n\n<h2 class=\"wp-block-heading\">Aktiviteter i henhold til din type reise<\/h2>\n\n<h3 class=\"wp-block-heading\">Som par: Romantikk og musikk<\/h3>\n\n<p>Ingenting er som et middagscruise p\u00e5 Mississippi mens du lytter til livejazz i New Orleans. I Nashville byr en kveld p\u00e5 <a href=\"https:\/\/bluebirdcafe.com\/\">Bluebird Cafe p\u00e5<\/a> en intim atmosf\u00e6re som er perfekt for en romantisk duo. <\/p>\n\n<h3 class=\"wp-block-heading\">Med familien: Et eventyr som er tilgjengelig for alle<\/h3>\n\n<p>Barna vil elske <a href=\"https:\/\/www.memphisrocknsoul.org\/\">Rock &amp; Soul Museum<\/a> i Memphis og en tur med padleb\u00e5t p\u00e5 Mississippi. I Tennessee er <a href=\"https:\/\/www.dollywood.com\/\">Dollywood Theme Park<\/a> en unik opplevelse som kombinerer countrymusikk og attraksjoner. <\/p>\n\n<p>The Deep South er en av de <a href=\"https:\/\/usa-b2.com\/\">beste bilturene i USA<\/a>. Med konserter, historiske steder, storsl\u00e5tte landskap og ikoniske hoteller er hver etappe full av overraskelser og oppdagelser. Enten dere reiser som par eller familie, vil denne minneverdige reisen etterlate dere med uforglemmelige minner og melodier som etses inn i hjertet.  <\/p>\n","protected":false},"excerpt":{"rendered":"<p>Syden med bil: guide til den perfekte bilturen De dype s\u00f8rstatene i USA er en region gjennomsyret av historie, kultur og musikk. Denne roadtripen tar deg med til hjertet av blues-, jazz- og countrymusikkens r\u00f8tter, gjennom legendariske landskap og ikoniske byer som Nashville, Memphis og New Orleans. Med konserter, historiske steder og gastronomiske stopp lover [&hellip;]<\/p>\n","protected":false},"author":1,"featured_media":0,"parent":0,"menu_order":0,"comment_status":"closed","ping_status":"closed","template":"","meta":{"footnotes":""},"class_list":["post-7878","page","type-page","status-publish","hentry"],"yoast_head":"<!-- This site is optimized with the Yoast SEO plugin v27.4 - https:\/\/yoast.com\/product\/yoast-seo-wordpress\/ -->\n<title>Roadtrip i s\u00f8rstatene: reiserute, viktige stopp og opplevelser du m\u00e5 se - USA B2<\/title>\n<meta name=\"description\" content=\"Roadtrip i s\u00f8rstatene: reiserute, viktige stoppesteder, overnatting og aktiviteter fra Nashville til New Orleans!\" \/>\n<meta name=\"robots\" content=\"index, follow, max-snippet:-1, max-image-preview:large, max-video-preview:-1\" \/>\n<link rel=\"canonical\" href=\"https:\/\/usa-b2.com\/no\/deep-south-music-tour\/\" \/>\n<meta property=\"og:locale\" content=\"nb_NO\" \/>\n<meta property=\"og:type\" content=\"article\" \/>\n<meta property=\"og:title\" content=\"Roadtrip i s\u00f8rstatene: reiserute, viktige stopp og opplevelser du m\u00e5 se - USA B2\" \/>\n<meta property=\"og:description\" content=\"Roadtrip i s\u00f8rstatene: reiserute, viktige stoppesteder, overnatting og aktiviteter fra Nashville til New Orleans!\" \/>\n<meta property=\"og:url\" content=\"https:\/\/usa-b2.com\/no\/deep-south-music-tour\/\" \/>\n<meta property=\"og:site_name\" content=\"USA B2\" \/>\n<meta property=\"article:modified_time\" content=\"2025-06-05T10:14:37+00:00\" \/>\n<meta property=\"og:image\" content=\"https:\/\/usa-b2.com\/wp-content\/uploads\/2025\/03\/Deep-South-Music-2-1024x576.png\" \/>\n\t<meta property=\"og:image:width\" content=\"1024\" \/>\n\t<meta property=\"og:image:height\" content=\"576\" \/>\n\t<meta property=\"og:image:type\" content=\"image\/png\" \/>\n<meta name=\"twitter:card\" content=\"summary_large_image\" \/>\n<meta name=\"twitter:label1\" content=\"Ansl. lesetid\" \/>\n\t<meta name=\"twitter:data1\" content=\"3 minutter\" \/>\n<script type=\"application\/ld+json\" class=\"yoast-schema-graph\">{\"@context\":\"https:\\\/\\\/schema.org\",\"@graph\":[{\"@type\":\"WebPage\",\"@id\":\"https:\\\/\\\/usa-b2.com\\\/no\\\/deep-south-music-tour\\\/\",\"url\":\"https:\\\/\\\/usa-b2.com\\\/no\\\/deep-south-music-tour\\\/\",\"name\":\"Roadtrip i s\u00f8rstatene: reiserute, viktige stopp og opplevelser du m\u00e5 se - USA B2\",\"isPartOf\":{\"@id\":\"https:\\\/\\\/usa-b2.com\\\/no\\\/#website\"},\"primaryImageOfPage\":{\"@id\":\"https:\\\/\\\/usa-b2.com\\\/no\\\/deep-south-music-tour\\\/#primaryimage\"},\"image\":{\"@id\":\"https:\\\/\\\/usa-b2.com\\\/no\\\/deep-south-music-tour\\\/#primaryimage\"},\"thumbnailUrl\":\"https:\\\/\\\/usa-b2.com\\\/wp-content\\\/uploads\\\/2025\\\/03\\\/Deep-South-Music-2-1024x576.png\",\"datePublished\":\"2025-03-17T13:11:22+00:00\",\"dateModified\":\"2025-06-05T10:14:37+00:00\",\"description\":\"Roadtrip i s\u00f8rstatene: reiserute, viktige stoppesteder, overnatting og aktiviteter fra Nashville til New Orleans!\",\"breadcrumb\":{\"@id\":\"https:\\\/\\\/usa-b2.com\\\/no\\\/deep-south-music-tour\\\/#breadcrumb\"},\"inLanguage\":\"nb-NO\",\"potentialAction\":[{\"@type\":\"ReadAction\",\"target\":[\"https:\\\/\\\/usa-b2.com\\\/no\\\/deep-south-music-tour\\\/\"]}]},{\"@type\":\"ImageObject\",\"inLanguage\":\"nb-NO\",\"@id\":\"https:\\\/\\\/usa-b2.com\\\/no\\\/deep-south-music-tour\\\/#primaryimage\",\"url\":\"https:\\\/\\\/usa-b2.com\\\/wp-content\\\/uploads\\\/2025\\\/03\\\/Deep-South-Music-2-1024x576.png\",\"contentUrl\":\"https:\\\/\\\/usa-b2.com\\\/wp-content\\\/uploads\\\/2025\\\/03\\\/Deep-South-Music-2-1024x576.png\"},{\"@type\":\"BreadcrumbList\",\"@id\":\"https:\\\/\\\/usa-b2.com\\\/no\\\/deep-south-music-tour\\\/#breadcrumb\",\"itemListElement\":[{\"@type\":\"ListItem\",\"position\":1,\"name\":\"Accueil\",\"item\":\"https:\\\/\\\/usa-b2.com\\\/no\\\/usa\\\/\"},{\"@type\":\"ListItem\",\"position\":2,\"name\":\"Roadtrip i s\u00f8rstatene: reiserute, viktige stopp og opplevelser du m\u00e5 se\"}]},{\"@type\":\"WebSite\",\"@id\":\"https:\\\/\\\/usa-b2.com\\\/no\\\/#website\",\"url\":\"https:\\\/\\\/usa-b2.com\\\/no\\\/\",\"name\":\"USA B2 VISA\",\"description\":\"\",\"potentialAction\":[{\"@type\":\"SearchAction\",\"target\":{\"@type\":\"EntryPoint\",\"urlTemplate\":\"https:\\\/\\\/usa-b2.com\\\/no\\\/?s={search_term_string}\"},\"query-input\":{\"@type\":\"PropertyValueSpecification\",\"valueRequired\":true,\"valueName\":\"search_term_string\"}}],\"inLanguage\":\"nb-NO\"}]}<\/script>\n<!-- \/ Yoast SEO plugin. -->","yoast_head_json":{"title":"Roadtrip i s\u00f8rstatene: reiserute, viktige stopp og opplevelser du m\u00e5 se - USA B2","description":"Roadtrip i s\u00f8rstatene: reiserute, viktige stoppesteder, overnatting og aktiviteter fra Nashville til New Orleans!","robots":{"index":"index","follow":"follow","max-snippet":"max-snippet:-1","max-image-preview":"max-image-preview:large","max-video-preview":"max-video-preview:-1"},"canonical":"https:\/\/usa-b2.com\/no\/deep-south-music-tour\/","og_locale":"nb_NO","og_type":"article","og_title":"Roadtrip i s\u00f8rstatene: reiserute, viktige stopp og opplevelser du m\u00e5 se - USA B2","og_description":"Roadtrip i s\u00f8rstatene: reiserute, viktige stoppesteder, overnatting og aktiviteter fra Nashville til New Orleans!","og_url":"https:\/\/usa-b2.com\/no\/deep-south-music-tour\/","og_site_name":"USA B2","article_modified_time":"2025-06-05T10:14:37+00:00","og_image":[{"width":1024,"height":576,"url":"https:\/\/usa-b2.com\/wp-content\/uploads\/2025\/03\/Deep-South-Music-2-1024x576.png","type":"image\/png"}],"twitter_card":"summary_large_image","twitter_misc":{"Ansl. lesetid":"3 minutter"},"schema":{"@context":"https:\/\/schema.org","@graph":[{"@type":"WebPage","@id":"https:\/\/usa-b2.com\/no\/deep-south-music-tour\/","url":"https:\/\/usa-b2.com\/no\/deep-south-music-tour\/","name":"Roadtrip i s\u00f8rstatene: reiserute, viktige stopp og opplevelser du m\u00e5 se - USA B2","isPartOf":{"@id":"https:\/\/usa-b2.com\/no\/#website"},"primaryImageOfPage":{"@id":"https:\/\/usa-b2.com\/no\/deep-south-music-tour\/#primaryimage"},"image":{"@id":"https:\/\/usa-b2.com\/no\/deep-south-music-tour\/#primaryimage"},"thumbnailUrl":"https:\/\/usa-b2.com\/wp-content\/uploads\/2025\/03\/Deep-South-Music-2-1024x576.png","datePublished":"2025-03-17T13:11:22+00:00","dateModified":"2025-06-05T10:14:37+00:00","description":"Roadtrip i s\u00f8rstatene: reiserute, viktige stoppesteder, overnatting og aktiviteter fra Nashville til New Orleans!","breadcrumb":{"@id":"https:\/\/usa-b2.com\/no\/deep-south-music-tour\/#breadcrumb"},"inLanguage":"nb-NO","potentialAction":[{"@type":"ReadAction","target":["https:\/\/usa-b2.com\/no\/deep-south-music-tour\/"]}]},{"@type":"ImageObject","inLanguage":"nb-NO","@id":"https:\/\/usa-b2.com\/no\/deep-south-music-tour\/#primaryimage","url":"https:\/\/usa-b2.com\/wp-content\/uploads\/2025\/03\/Deep-South-Music-2-1024x576.png","contentUrl":"https:\/\/usa-b2.com\/wp-content\/uploads\/2025\/03\/Deep-South-Music-2-1024x576.png"},{"@type":"BreadcrumbList","@id":"https:\/\/usa-b2.com\/no\/deep-south-music-tour\/#breadcrumb","itemListElement":[{"@type":"ListItem","position":1,"name":"Accueil","item":"https:\/\/usa-b2.com\/no\/usa\/"},{"@type":"ListItem","position":2,"name":"Roadtrip i s\u00f8rstatene: reiserute, viktige stopp og opplevelser du m\u00e5 se"}]},{"@type":"WebSite","@id":"https:\/\/usa-b2.com\/no\/#website","url":"https:\/\/usa-b2.com\/no\/","name":"USA B2 VISA","description":"","potentialAction":[{"@type":"SearchAction","target":{"@type":"EntryPoint","urlTemplate":"https:\/\/usa-b2.com\/no\/?s={search_term_string}"},"query-input":{"@type":"PropertyValueSpecification","valueRequired":true,"valueName":"search_term_string"}}],"inLanguage":"nb-NO"}]}},"_links":{"self":[{"href":"https:\/\/usa-b2.com\/no\/wp-json\/wp\/v2\/pages\/7878","targetHints":{"allow":["GET"]}}],"collection":[{"href":"https:\/\/usa-b2.com\/no\/wp-json\/wp\/v2\/pages"}],"about":[{"href":"https:\/\/usa-b2.com\/no\/wp-json\/wp\/v2\/types\/page"}],"author":[{"embeddable":true,"href":"https:\/\/usa-b2.com\/no\/wp-json\/wp\/v2\/users\/1"}],"replies":[{"embeddable":true,"href":"https:\/\/usa-b2.com\/no\/wp-json\/wp\/v2\/comments?post=7878"}],"version-history":[{"count":0,"href":"https:\/\/usa-b2.com\/no\/wp-json\/wp\/v2\/pages\/7878\/revisions"}],"wp:attachment":[{"href":"https:\/\/usa-b2.com\/no\/wp-json\/wp\/v2\/media?parent=7878"}],"curies":[{"name":"wp","href":"https:\/\/api.w.org\/{rel}","templated":true}]}}