{"id":7827,"date":"2025-03-17T11:01:36","date_gmt":"2025-03-17T11:01:36","guid":{"rendered":"https:\/\/usa-b2.com\/florida-keys\/"},"modified":"2025-06-05T09:48:18","modified_gmt":"2025-06-05T09:48:18","slug":"florida-keys","status":"publish","type":"page","link":"https:\/\/usa-b2.com\/no\/florida-keys\/","title":{"rendered":"Road trip i Keys: reiserute, tips og must-sees i Florida"},"content":{"rendered":"\n<h1 class=\"wp-block-heading\">Guide til en bilferie i de amerikanske n\u00f8klene<\/h1>\n\n<p><a href=\"https:\/\/fla-keys.com\/\">Florida Keys er en paradisisk \u00f8ygruppe som strekker seg over 180 km mellom Key<\/a> Largo og Key West. Denne legendariske ruten via<a href=\"https:\/\/en.wikipedia.org\/wiki\/Overseas_Highway\">Overseas Highway (US-1)<\/a> byr p\u00e5 uforglemmelig natur, strategiske stopp og total fordypning i en unik tropisk atmosf\u00e6re. Enten du reiser som par, med familien eller med venner, gir denne guiden deg alt du trenger \u00e5 vite om denne <a href=\"https:\/\/usa-b2.com\/no\/\">amerikanske bilturen<\/a>: reiserute, aktiviteter, overnatting og steder du m\u00e5 se.  <\/p>\n\n<figure class=\"wp-block-image size-large\"><img fetchpriority=\"high\" decoding=\"async\" width=\"1024\" height=\"576\" src=\"https:\/\/usa-b2.com\/wp-content\/uploads\/2025\/03\/Keys-Florida-1-1024x576.png\" alt=\"\" class=\"wp-image-8114\" srcset=\"https:\/\/usa-b2.com\/wp-content\/uploads\/2025\/03\/Keys-Florida-1-1024x576.png 1024w, https:\/\/usa-b2.com\/wp-content\/uploads\/2025\/03\/Keys-Florida-1-300x169.png 300w, https:\/\/usa-b2.com\/wp-content\/uploads\/2025\/03\/Keys-Florida-1-768x432.png 768w, https:\/\/usa-b2.com\/wp-content\/uploads\/2025\/03\/Keys-Florida-1.png 1099w\" sizes=\"(max-width: 1024px) 100vw, 1024px\" \/><\/figure>\n\n<h2 class=\"wp-block-heading\">Ideell rute gjennom Keys<\/h2>\n\n<p>Den klassiske ruten starter i <a href=\"https:\/\/www.miami.gov\/Home\">Miami<\/a> og f\u00f8lger <a href=\"https:\/\/en.wikivoyage.org\/wiki\/U.S._Highway_1\">US-1 s\u00f8rover<\/a> til <a href=\"https:\/\/www.cityofkeywest-fl.gov\/\">Key West<\/a>. Her er de viktigste etappene p\u00e5 ruten: <\/p>\n\n<ul class=\"wp-block-list\">\n<li><a href=\"https:\/\/www.homesteadfl.gov\/\">Homestead<\/a>: Porten til <a href=\"https:\/\/www.nps.gov\/ever\/index.htm\">Everglades<\/a>, perfekt for en tur med hydrofoil.<\/li>\n\n\n\n<li><a href=\"https:\/\/www.office-tourisme-usa.com\/etat\/floride\/key-largo\/\">Key Largo<\/a>: Ideell for dykking i <a href=\"https:\/\/pennekamppark.com\/\">John Pennekamp Coral Reef State Park.<\/a><\/li>\n\n\n\n<li><a href=\"https:\/\/www.islamorada.fl.us\/\">Islamorada<\/a>: Verdens hovedstad for storviltfiske, perfekt for \u00e5 smake p\u00e5 fersk fisk.<\/li>\n\n\n\n<li><a href=\"https:\/\/www.ci.marathon.fl.us\/\">Maraton<\/a>: Den ikoniske Seven Mile Bridge og <a href=\"https:\/\/www.visitflorida.com\/travel-ideas\/articles\/sombrero-beach-in-marathon-florida-key-west\/\">Sombrero Beach<\/a>.<\/li>\n\n\n\n<li><strong><a href=\"https:\/\/www.floridastateparks.org\/BahiaHonda\">Bahia Honda State Park<\/a><\/strong> En av Keys&#8217; vakreste strender.<\/li>\n\n\n\n<li><strong>Key West<\/strong>: Siste destinasjon, ber\u00f8mt for sin solnedgangsfest p\u00e5 <a href=\"https:\/\/www.mallorysquare.com\/\">Mallory Square<\/a>.<\/li>\n<\/ul>\n\n<h2 class=\"wp-block-heading\">Landskap og naturopplevelser du ikke m\u00e5 g\u00e5 glipp av<\/h2>\n\n<p>The <strong>Keys <\/strong>byr p\u00e5 et variert landskap med strender, nasjonalparker og korallrev.<\/p>\n\n<p>Blant nasjonalparkene er Everglades nasjonalpark, der du kan oppdage det lokale dyrelivet, mens <a href=\"https:\/\/www.nps.gov\/drto\/index.htm\">Dry Tortugas nasjonal<\/a>park, som kan n\u00e5s med b\u00e5t fra Key West, er hjemsted <a href=\"https:\/\/www.futura-sciences.com\/planete\/photos\/amerique-splendeur-parcs-nationaux-americains-1023\/amerique-fort-jefferson-parc-national-sec-tortugas-7010\/\">for Fort Jefferson<\/a> og krystallklart vann som er ideelt for snorkling.<\/p>\n\n<p>Andre uforglemmelige severdigheter er <a href=\"https:\/\/www.tripadvisor.com\/Attraction_Review-g34347-d519772-Reviews-Seven_Mile_Bridge-Marathon_Florida_Keys_Florida.html\">Seven Mile Bridge<\/a>, en av verdens lengste broer, <strong>Sombrero<\/strong> Beach i Marathon og det grunne vannet ved <a href=\"https:\/\/fla-keys.com\/keysvoices\/experience-big-pine-the-lower-keys\/\">Big Pine Key<\/a>, der du kan se hjort som er endemisk for regionen.<\/p>\n\n<h2 class=\"wp-block-heading\">Hvor skal man sove i Keys?<\/h2>\n\n<p>\u00c5 finne riktig overnattingssted er avgj\u00f8rende for at du skal f\u00e5 mest mulig ut av reisen din.<\/p>\n\n<p>Det finnes en rekke alternativer som passer ditt budsjett og dine preferanser:<\/p>\n\n<figure class=\"wp-block-table\"><table class=\"has-fixed-layout\"><tbody><tr><td><strong>By<\/strong><\/td><td><strong>Overnatting<\/strong><\/td><td><strong>Gjennomsnittlig pris per natt<\/strong><\/td><\/tr><tr><td>Key Largo<\/td><td><a href=\"https:\/\/www.marriott.com\/en-us\/hotels\/mthak-playa-largo-resort-and-spa-autograph-collection\/overview\/?scid=f2ae0541-1279-4f24-b197-a979c79310b0\">Playa Largo Resort &amp; Spa<\/a><\/td><td>180$<\/td><\/tr><tr><td>Maraton<\/td><td><a href=\"https:\/\/www.hawkscay.com\/?NCK=8666906422&amp;utm_source=google&amp;utm_medium=listing&amp;utm_campaign=hawks+cay+resort\">Hawks Cay Resort<\/a><\/td><td>250$<\/td><\/tr><tr><td>Key West<\/td><td><a href=\"https:\/\/www.themarkerkeywest.com\/?NCK=gl-marker\">The Marker Waterfront Resort<\/a><\/td><td>300$<\/td><\/tr><\/tbody><\/table><\/figure>\n\n<h2 class=\"wp-block-heading\">Instagrammable fotomotiver<\/h2>\n\n<p>The Keys byr p\u00e5 mange ikoniske steder som er perfekte for bildene dine.<\/p>\n\n<p><a href=\"https:\/\/cityofkeywest-fl.gov\/Facilities\/Facility\/Details\/Southernmost-Point-44\">Southernmost Point i Key West<\/a> er et must \u00e5 se, og det samme er <a href=\"https:\/\/7milebridge.website\/\">Seven Mile Bridge<\/a> i solnedgangen. Hvis du er ute etter tropiske omgivelser, kan du dra til <a href=\"https:\/\/www.floridastateparks.org\/BahiaHonda\">Bahia Honda State Park<\/a>, som er kjent for sitt turkise vann. <\/p>\n\n<p>Blant de mer uvanlige opplevelsene er den nedsenkede statuen <a href=\"https:\/\/www.atlasobscura.com\/places\/christ-of-the-abyss-florida\">av Kristus av avgrunnen<\/a> i Key Largo, en unik dykkeropplevelse, og <a href=\"https:\/\/www.sunsetcelebration.org\/\">Sunset Celebration<\/a> p\u00e5 <a href=\"https:\/\/www.mallorysquare.com\/\">Mallory Square i Key West,<\/a> som garanterer spektakul\u00e6re bilder.<\/p>\n\n<h2 class=\"wp-block-heading\">Aktiviteter for par og familier<\/h2>\n\n<h3 class=\"wp-block-heading\">Par<\/h3>\n\n<p>En tur til Keys er en romantisk ferie av ypperste klasse. En middag ved havet, for eksempel p\u00e5 <a href=\"https:\/\/www.moradabaykeys.com\/dining\/pierres-restaurant\/\">Pierre&#8217;s Restaurant<\/a> i Islamorada, er den perfekte rammen. En seilb\u00e5ttur til Key West i solnedgangen er uforglemmelig, og det samme er en dag med snorkling ved <a href=\"https:\/\/floridakeys.noaa.gov\/zones\/spas\/loeekey.html\">Looe Key Reef<\/a>.  <\/p>\n\n<h3 class=\"wp-block-heading\">Familie<\/h3>\n\n<p>The Keys er ogs\u00e5 et perfekt reisem\u00e5l for familier. Barn vil elske det: <\/p>\n\n<ul class=\"wp-block-list\">\n<li>Sv\u00f8m med delfiner p\u00e5 <a href=\"https:\/\/dolphins.org\/\">Dolphin Research Center<\/a> i Marathon.<\/li>\n\n\n\n<li>Utforsk Key Wests interaktive akvarier.<\/li>\n\n\n\n<li>Padle kajakk gjennom mangroven i <a href=\"https:\/\/www.expedia.fr\/Big-Pine-Key.dx7195\">Big Pine Key.<\/a><\/li>\n<\/ul>\n\n<p>\u00c5 reise gjennom Florida Keys er en unik opplevelse som kombinerer storsl\u00e5tt natur, en rekke aktiviteter og kvalitetsinnkvartering. Enten du er dykker, roadtrip-entusiast eller p\u00e5 jakt etter romantikk, lover denne turen uforglemmelige minner. Planlegg reiseruten din, bestill hotell og nyt et eksepsjonelt eventyr p\u00e5 en av de mest legendariske veiene i USA!  <\/p>\n\n<p><\/p>\n","protected":false},"excerpt":{"rendered":"<p>Guide til en bilferie i de amerikanske n\u00f8klene Florida Keys er en paradisisk \u00f8ygruppe som strekker seg over 180 km mellom Key Largo og Key West. Denne legendariske ruten viaOverseas Highway (US-1) byr p\u00e5 uforglemmelig natur, strategiske stopp og total fordypning i en unik tropisk atmosf\u00e6re. Enten du reiser som par, med familien eller med [&hellip;]<\/p>\n","protected":false},"author":1,"featured_media":0,"parent":0,"menu_order":0,"comment_status":"closed","ping_status":"closed","template":"","meta":{"footnotes":""},"class_list":["post-7827","page","type-page","status-publish","hentry"],"yoast_head":"<!-- This site is optimized with the Yoast SEO plugin v27.0 - https:\/\/yoast.com\/product\/yoast-seo-wordpress\/ -->\n<title>Road trip i Keys: reiserute, tips og must-sees i Florida - USA B2<\/title>\n<meta name=\"description\" content=\"Oppdag guiden til Florida Keys road trip: reiserute, landskap, hoteller, aktiviteter og Instagrammable fotomotiver.\" \/>\n<meta name=\"robots\" content=\"index, follow, max-snippet:-1, max-image-preview:large, max-video-preview:-1\" \/>\n<link rel=\"canonical\" href=\"https:\/\/usa-b2.com\/no\/florida-keys\/\" \/>\n<meta property=\"og:locale\" content=\"nb_NO\" \/>\n<meta property=\"og:type\" content=\"article\" \/>\n<meta property=\"og:title\" content=\"Road trip i Keys: reiserute, tips og must-sees i Florida - USA B2\" \/>\n<meta property=\"og:description\" content=\"Oppdag guiden til Florida Keys road trip: reiserute, landskap, hoteller, aktiviteter og Instagrammable fotomotiver.\" \/>\n<meta property=\"og:url\" content=\"https:\/\/usa-b2.com\/no\/florida-keys\/\" \/>\n<meta property=\"og:site_name\" content=\"USA B2\" \/>\n<meta property=\"article:modified_time\" content=\"2025-06-05T09:48:18+00:00\" \/>\n<meta property=\"og:image\" content=\"https:\/\/usa-b2.com\/wp-content\/uploads\/2025\/03\/Keys-Florida-1.png\" \/>\n\t<meta property=\"og:image:width\" content=\"1099\" \/>\n\t<meta property=\"og:image:height\" content=\"618\" \/>\n\t<meta property=\"og:image:type\" content=\"image\/png\" \/>\n<meta name=\"twitter:card\" content=\"summary_large_image\" \/>\n<meta name=\"twitter:label1\" content=\"Ansl. lesetid\" \/>\n\t<meta name=\"twitter:data1\" content=\"3 minutter\" \/>\n<script type=\"application\/ld+json\" class=\"yoast-schema-graph\">{\"@context\":\"https:\/\/schema.org\",\"@graph\":[{\"@type\":\"WebPage\",\"@id\":\"https:\/\/usa-b2.com\/no\/florida-keys\/\",\"url\":\"https:\/\/usa-b2.com\/no\/florida-keys\/\",\"name\":\"Road trip i Keys: reiserute, tips og must-sees i Florida - USA B2\",\"isPartOf\":{\"@id\":\"https:\/\/usa-b2.com\/no\/#website\"},\"primaryImageOfPage\":{\"@id\":\"https:\/\/usa-b2.com\/no\/florida-keys\/#primaryimage\"},\"image\":{\"@id\":\"https:\/\/usa-b2.com\/no\/florida-keys\/#primaryimage\"},\"thumbnailUrl\":\"https:\/\/usa-b2.com\/wp-content\/uploads\/2025\/03\/Keys-Florida-1-1024x576.png\",\"datePublished\":\"2025-03-17T11:01:36+00:00\",\"dateModified\":\"2025-06-05T09:48:18+00:00\",\"description\":\"Oppdag guiden til Florida Keys road trip: reiserute, landskap, hoteller, aktiviteter og Instagrammable fotomotiver.\",\"breadcrumb\":{\"@id\":\"https:\/\/usa-b2.com\/no\/florida-keys\/#breadcrumb\"},\"inLanguage\":\"nb-NO\",\"potentialAction\":[{\"@type\":\"ReadAction\",\"target\":[\"https:\/\/usa-b2.com\/no\/florida-keys\/\"]}]},{\"@type\":\"ImageObject\",\"inLanguage\":\"nb-NO\",\"@id\":\"https:\/\/usa-b2.com\/no\/florida-keys\/#primaryimage\",\"url\":\"https:\/\/usa-b2.com\/wp-content\/uploads\/2025\/03\/Keys-Florida-1-1024x576.png\",\"contentUrl\":\"https:\/\/usa-b2.com\/wp-content\/uploads\/2025\/03\/Keys-Florida-1-1024x576.png\"},{\"@type\":\"BreadcrumbList\",\"@id\":\"https:\/\/usa-b2.com\/no\/florida-keys\/#breadcrumb\",\"itemListElement\":[{\"@type\":\"ListItem\",\"position\":1,\"name\":\"Accueil\",\"item\":\"https:\/\/usa-b2.com\/no\/guide-roadtrips\/\"},{\"@type\":\"ListItem\",\"position\":2,\"name\":\"Road trip i Keys: reiserute, tips og must-sees i Florida\"}]},{\"@type\":\"WebSite\",\"@id\":\"https:\/\/usa-b2.com\/no\/#website\",\"url\":\"https:\/\/usa-b2.com\/no\/\",\"name\":\"USA B2 VISA\",\"description\":\"\",\"potentialAction\":[{\"@type\":\"SearchAction\",\"target\":{\"@type\":\"EntryPoint\",\"urlTemplate\":\"https:\/\/usa-b2.com\/no\/?s={search_term_string}\"},\"query-input\":{\"@type\":\"PropertyValueSpecification\",\"valueRequired\":true,\"valueName\":\"search_term_string\"}}],\"inLanguage\":\"nb-NO\"}]}<\/script>\n<!-- \/ Yoast SEO plugin. -->","yoast_head_json":{"title":"Road trip i Keys: reiserute, tips og must-sees i Florida - USA B2","description":"Oppdag guiden til Florida Keys road trip: reiserute, landskap, hoteller, aktiviteter og Instagrammable fotomotiver.","robots":{"index":"index","follow":"follow","max-snippet":"max-snippet:-1","max-image-preview":"max-image-preview:large","max-video-preview":"max-video-preview:-1"},"canonical":"https:\/\/usa-b2.com\/no\/florida-keys\/","og_locale":"nb_NO","og_type":"article","og_title":"Road trip i Keys: reiserute, tips og must-sees i Florida - USA B2","og_description":"Oppdag guiden til Florida Keys road trip: reiserute, landskap, hoteller, aktiviteter og Instagrammable fotomotiver.","og_url":"https:\/\/usa-b2.com\/no\/florida-keys\/","og_site_name":"USA B2","article_modified_time":"2025-06-05T09:48:18+00:00","og_image":[{"width":1099,"height":618,"url":"https:\/\/usa-b2.com\/wp-content\/uploads\/2025\/03\/Keys-Florida-1.png","type":"image\/png"}],"twitter_card":"summary_large_image","twitter_misc":{"Ansl. lesetid":"3 minutter"},"schema":{"@context":"https:\/\/schema.org","@graph":[{"@type":"WebPage","@id":"https:\/\/usa-b2.com\/no\/florida-keys\/","url":"https:\/\/usa-b2.com\/no\/florida-keys\/","name":"Road trip i Keys: reiserute, tips og must-sees i Florida - USA B2","isPartOf":{"@id":"https:\/\/usa-b2.com\/no\/#website"},"primaryImageOfPage":{"@id":"https:\/\/usa-b2.com\/no\/florida-keys\/#primaryimage"},"image":{"@id":"https:\/\/usa-b2.com\/no\/florida-keys\/#primaryimage"},"thumbnailUrl":"https:\/\/usa-b2.com\/wp-content\/uploads\/2025\/03\/Keys-Florida-1-1024x576.png","datePublished":"2025-03-17T11:01:36+00:00","dateModified":"2025-06-05T09:48:18+00:00","description":"Oppdag guiden til Florida Keys road trip: reiserute, landskap, hoteller, aktiviteter og Instagrammable fotomotiver.","breadcrumb":{"@id":"https:\/\/usa-b2.com\/no\/florida-keys\/#breadcrumb"},"inLanguage":"nb-NO","potentialAction":[{"@type":"ReadAction","target":["https:\/\/usa-b2.com\/no\/florida-keys\/"]}]},{"@type":"ImageObject","inLanguage":"nb-NO","@id":"https:\/\/usa-b2.com\/no\/florida-keys\/#primaryimage","url":"https:\/\/usa-b2.com\/wp-content\/uploads\/2025\/03\/Keys-Florida-1-1024x576.png","contentUrl":"https:\/\/usa-b2.com\/wp-content\/uploads\/2025\/03\/Keys-Florida-1-1024x576.png"},{"@type":"BreadcrumbList","@id":"https:\/\/usa-b2.com\/no\/florida-keys\/#breadcrumb","itemListElement":[{"@type":"ListItem","position":1,"name":"Accueil","item":"https:\/\/usa-b2.com\/no\/guide-roadtrips\/"},{"@type":"ListItem","position":2,"name":"Road trip i Keys: reiserute, tips og must-sees i Florida"}]},{"@type":"WebSite","@id":"https:\/\/usa-b2.com\/no\/#website","url":"https:\/\/usa-b2.com\/no\/","name":"USA B2 VISA","description":"","potentialAction":[{"@type":"SearchAction","target":{"@type":"EntryPoint","urlTemplate":"https:\/\/usa-b2.com\/no\/?s={search_term_string}"},"query-input":{"@type":"PropertyValueSpecification","valueRequired":true,"valueName":"search_term_string"}}],"inLanguage":"nb-NO"}]}},"_links":{"self":[{"href":"https:\/\/usa-b2.com\/no\/wp-json\/wp\/v2\/pages\/7827","targetHints":{"allow":["GET"]}}],"collection":[{"href":"https:\/\/usa-b2.com\/no\/wp-json\/wp\/v2\/pages"}],"about":[{"href":"https:\/\/usa-b2.com\/no\/wp-json\/wp\/v2\/types\/page"}],"author":[{"embeddable":true,"href":"https:\/\/usa-b2.com\/no\/wp-json\/wp\/v2\/users\/1"}],"replies":[{"embeddable":true,"href":"https:\/\/usa-b2.com\/no\/wp-json\/wp\/v2\/comments?post=7827"}],"version-history":[{"count":0,"href":"https:\/\/usa-b2.com\/no\/wp-json\/wp\/v2\/pages\/7827\/revisions"}],"wp:attachment":[{"href":"https:\/\/usa-b2.com\/no\/wp-json\/wp\/v2\/media?parent=7827"}],"curies":[{"name":"wp","href":"https:\/\/api.w.org\/{rel}","templated":true}]}}