{"id":6284,"date":"2025-01-15T12:24:32","date_gmt":"2025-01-15T12:24:32","guid":{"rendered":"https:\/\/usa-b2.com\/strender-florida-atlanterhavskysten\/"},"modified":"2025-01-16T15:37:47","modified_gmt":"2025-01-16T15:37:47","slug":"strender-florida-atlanterhavskysten","status":"publish","type":"page","link":"https:\/\/usa-b2.com\/no\/strender-florida-atlanterhavskysten\/","title":{"rendered":"Utforsk Floridas strender p\u00e5 Atlanterhavskysten"},"content":{"rendered":"\n<h1 class=\"wp-block-heading\">Hva er de beste strendene \u00e5 oppdage p\u00e5 Floridas atlanterhavskyst?<\/h1>\n\n<p>Floridas atlanterhavskyst er et dr\u00f8mmereisem\u00e5l for alle som elsker sol, sand og b\u00f8lger. Med sine ikoniske strender, sjarmerende kystbyer og mange vannsportsaktiviteter byr denne regionen p\u00e5 en variert opplevelse for alle typer reisende. Enten du er ute etter avslapning, eventyr eller familietid, vil denne guiden hjelpe deg med \u00e5 planlegge den perfekte strandferien i Florida.  <\/p>\n\n<figure class=\"wp-block-image size-full\"><img fetchpriority=\"high\" decoding=\"async\" width=\"858\" height=\"483\" src=\"https:\/\/usa-b2.com\/wp-content\/uploads\/2025\/01\/Floride-Beaches-Atlantic-Coast-USA-edited.png\" alt=\"\" class=\"wp-image-6948\" srcset=\"https:\/\/usa-b2.com\/wp-content\/uploads\/2025\/01\/Floride-Beaches-Atlantic-Coast-USA-edited.png 858w, https:\/\/usa-b2.com\/wp-content\/uploads\/2025\/01\/Floride-Beaches-Atlantic-Coast-USA-edited-300x169.png 300w, https:\/\/usa-b2.com\/wp-content\/uploads\/2025\/01\/Floride-Beaches-Atlantic-Coast-USA-edited-768x432.png 768w\" sizes=\"(max-width: 858px) 100vw, 858px\" \/><\/figure>\n\n<h2 class=\"wp-block-heading\">Oppdag de symbolske strendene p\u00e5 Atlanterhavskysten<\/h2>\n\n<h3 class=\"wp-block-heading\">Strender du m\u00e5 se<\/h3>\n\n<ul class=\"wp-block-list\">\n<li><strong><a href=\"https:\/\/www.miamibeachfl.gov\/\">Miami Beach<\/a> <\/strong>Miami Beach er kjent for sin hvite sand, sitt turkise vann og sin festlige atmosf\u00e6re, og er et popul\u00e6rt reisem\u00e5l for dem som elsker utelivet.<\/li>\n\n\n\n<li><strong><a href=\"https:\/\/www.daytonabeach.com\/\">Daytona Beach<\/a><\/strong> Daytona Beach: Byen er kjent for sine brede badestrender, men byr ogs\u00e5 p\u00e5 et rikt sportsliv og familieattraksjoner.<\/li>\n\n\n\n<li><strong><a href=\"https:\/\/www.cityofcocoabeach.com\/\">Cocoa Beach<\/a><\/strong> Denne stranden er et yndet sted for surfere, og den er ogs\u00e5 utgangspunktet for et bes\u00f8k til Kennedy Space Center.<\/li>\n\n\n\n<li><strong><a href=\"https:\/\/www.staugbch.com\/\">St. Augustine Beach <\/a><\/strong>  Strand: Perfekt for deg som er ute etter en blanding av strand og historie, i n\u00e6rheten av USAs eldste by.<\/li>\n<\/ul>\n\n<h3 class=\"wp-block-heading\">De varierte landskapene og den unike atmosf\u00e6ren p\u00e5 hver strand<\/h3>\n\n<p>Hver strand p\u00e5 Atlanterhavskysten har sin egen personlighet. Strendene i Palm Beach forf\u00f8rer med sin luksus og majestetiske palmer, mens de i Vero Beach byr p\u00e5 en roligere atmosf\u00e6re og uber\u00f8rt natur. Naturelskere vil elske de beskyttede omr\u00e5dene som Canaveral National Seashore, der du kan f\u00e5 \u00f8ye p\u00e5 skilpadder og sjeldne fugler.  <\/p>\n\n<h2 class=\"wp-block-heading\">Overnatting: Overnattingssteder og strategiske byer<\/h2>\n\n<h3 class=\"wp-block-heading\">De beste kystbyene \u00e5 bo i<\/h3>\n\n<ul class=\"wp-block-list\">\n<li><strong><a href=\"https:\/\/www.miamiandbeaches.com\/\">Miami<\/a><\/strong> Miami: Ideell for deg som vil kombinere strand, kultur og natteliv.<\/li>\n\n\n\n<li><strong><a href=\"https:\/\/www.visitlauderdale.com\/\">Fort Lauderdale<\/a><\/strong> Fort Lauderdale: Denne byen har f\u00e5tt kallenavnet &laquo;Amerikas Venezia&raquo;, og er perfekt for familier og seilentusiaster.<\/li>\n\n\n\n<li><strong>Augustine <\/strong>  For en opplevelse som kombinerer historie og strender, med sjarmerende innkvartering.<\/li>\n\n\n\n<li><strong>Cocoa Beach<\/strong>: Et utmerket valg for alle som elsker vannsport og surfing.<\/li>\n<\/ul>\n\n<h3 class=\"wp-block-heading\">Typer overnatting<\/h3>\n\n<ul class=\"wp-block-list\">\n<li><strong>Luksushoteller<\/strong>: Alternativer som <a href=\"https:\/\/www.thebreakers.com\/\">The Breakers<\/a> i Palm Beach tilbyr en overd\u00e5dig ramme for et uforglemmelig opphold.<\/li>\n\n\n\n<li><strong>Ferieboliger<\/strong>: Ideell for familier eller grupper, med villaer eller leiligheter ved sj\u00f8en.<\/li>\n\n\n\n<li><strong>Campingplasser<\/strong>: Hvis du vil ha en mer oppslukende opplevelse, kan du sl\u00e5 leir p\u00e5 campingplasser som dem i <a href=\"https:\/\/www.floridastateparks.org\/Sebastian-Inlet\">Sebastian Inlet State Park<\/a>, der du kan bo s\u00e5 n\u00e6r naturen som mulig.<\/li>\n<\/ul>\n\n<h2 class=\"wp-block-heading\">Anbefalt reiserute: Utforsk Floridas atlanterhavskyst p\u00e5 7 dager<\/h2>\n\n<figure class=\"wp-block-table\"><table class=\"has-fixed-layout\"><tbody><tr><td class=\"has-text-align-center\" data-align=\"center\"><strong>Dag<\/strong><\/td><td class=\"has-text-align-center\" data-align=\"center\"><strong>Trinn<\/strong><\/td><td class=\"has-text-align-center\" data-align=\"center\"><strong>Hovedaktiviteter<\/strong><\/td><td class=\"has-text-align-center\" data-align=\"center\"><strong>Forslag til overnatting<\/strong><\/td><\/tr><tr><td class=\"has-text-align-center\" data-align=\"center\">1<\/td><td class=\"has-text-align-center\" data-align=\"center\">Miami Beach<\/td><td class=\"has-text-align-center\" data-align=\"center\">Slapper av p\u00e5 South Beach, bes\u00f8ker Art Deco-distriktet<\/td><td class=\"has-text-align-center\" data-align=\"center\">Miami Beach<\/td><\/tr><tr><td class=\"has-text-align-center\" data-align=\"center\">2<\/td><td class=\"has-text-align-center\" data-align=\"center\">Fort Lauderdale<\/td><td class=\"has-text-align-center\" data-align=\"center\">Kanalcruise, strand og shopping<\/td><td class=\"has-text-align-center\" data-align=\"center\">Fort Lauderdale<\/td><\/tr><tr><td class=\"has-text-align-center\" data-align=\"center\">3<\/td><td class=\"has-text-align-center\" data-align=\"center\">Palm Beach<\/td><td class=\"has-text-align-center\" data-align=\"center\">Oppdag luksuri\u00f8se strender og Worth Avenue<\/td><td class=\"has-text-align-center\" data-align=\"center\">Palm Beach<\/td><\/tr><tr><td class=\"has-text-align-center\" data-align=\"center\">4<\/td><td class=\"has-text-align-center\" data-align=\"center\">Cocoa Beach<\/td><td class=\"has-text-align-center\" data-align=\"center\">Surfing, bes\u00f8k p\u00e5 Kennedy Space Center<\/td><td class=\"has-text-align-center\" data-align=\"center\">Cocoa Beach<\/td><\/tr><tr><td class=\"has-text-align-center\" data-align=\"center\">5<\/td><td class=\"has-text-align-center\" data-align=\"center\">Daytona Beach<\/td><td class=\"has-text-align-center\" data-align=\"center\">Kj\u00f8ring p\u00e5 stranden, spaserturer p\u00e5 strandpromenaden<\/td><td class=\"has-text-align-center\" data-align=\"center\">Daytona Beach<\/td><\/tr><tr><td class=\"has-text-align-center\" data-align=\"center\">6<\/td><td class=\"has-text-align-center\" data-align=\"center\">Augustine <\/td><td class=\"has-text-align-center\" data-align=\"center\">Historisk utforskning og avslapning p\u00e5 stranden<\/td><td class=\"has-text-align-center\" data-align=\"center\">Augustine <\/td><\/tr><tr><td class=\"has-text-align-center\" data-align=\"center\">7<\/td><td class=\"has-text-align-center\" data-align=\"center\">Canaveral National Seashore<\/td><td class=\"has-text-align-center\" data-align=\"center\">Observasjon av dyreliv, fotturer<\/td><td class=\"has-text-align-center\" data-align=\"center\">Cocoa Beach<\/td><\/tr><\/tbody><\/table><\/figure>\n\n<p>Denne reiseruten lar deg oppdage en rekke strender samtidig som du kan nyte regionens kulturelle og naturlige mangfold.<\/p>\n\n<h2 class=\"wp-block-heading\">Instagrammable fotopunkter<\/h2>\n\n<h3 class=\"wp-block-heading\">De perfekte stedene for bildene dine<\/h3>\n\n<ul class=\"wp-block-list\">\n<li><strong>South Beach (Miami) <\/strong>: Begeistre abonnentene dine med fargerike livredderhytter og en solnedgang over havet.<\/li>\n\n\n\n<li><strong>Augustine Lighthouse <\/strong>  : Nyt et unikt perspektiv med denne panoramautsikten fra det historiske fyrt\u00e5rnet.<\/li>\n\n\n\n<li><strong>Sebastian Inlet State Park<\/strong>: Et vilt sted for \u00e5 fange \u00f8yeblikk av stillhet ved vannet.<\/li>\n\n\n\n<li><strong>Daytona Beach Boardwalk <\/strong>: Levende lys og en retrostemning som er perfekt for originale bilder.<\/li>\n<\/ul>\n\n<h3 class=\"wp-block-heading\">Tips for \u00e5 fange \u00f8yeblikkene dine<\/h3>\n\n<p>Velg de gylne timene med soloppgang og solnedgang for \u00e5 f\u00e5 de beste bildene. Varier vinklene, og ta bilder av b\u00e5de strendene og de omkringliggende attraksjonene for \u00e5 fortelle en komplett visuell historie. <\/p>\n\n<h2 class=\"wp-block-heading\">Aktiviteter i henhold til din type reise<\/h2>\n\n<h3 class=\"wp-block-heading\">For par: romantiske \u00f8yeblikk<\/h3>\n\n<ul class=\"wp-block-list\">\n<li><strong>Solnedgangsturer<\/strong> p\u00e5 stranden: Strendene i Fort Lauderdale og <a href=\"https:\/\/www.covb.org\/\">Vero<\/a> Beach danner det perfekte bakteppet for en romantisk ferie.<\/li>\n\n\n\n<li><strong>Spisesteder ved sj\u00f8en<\/strong>: Restauranter som Latitudes i Key Biscayne tilbyr raffinerte retter med havutsikt.<\/li>\n\n\n\n<li><strong>Spa og avslapning<\/strong>: Luksushotellene i Palm Beach tilbyr ideelle velv\u00e6reopplevelser for \u00e5 slappe av.<\/li>\n<\/ul>\n\n<h3 class=\"wp-block-heading\">Med familien: barnevennlige opplevelser<\/h3>\n\n<ul class=\"wp-block-list\">\n<li><strong>Interaktiv utforskning p\u00e5 Kennedy Space Center<\/strong>: et must for \u00e5 vekke nysgjerrigheten til unge astronauter.<\/li>\n\n\n\n<li><strong>Vannsport <\/strong>: Lei et padlebrett eller ta en b\u00e5ttur i Fort Lauderdale.<\/li>\n\n\n\n<li><strong>Parker og reservater<\/strong>: Jonathan Dickinson State Park tilbyr tilgjengelige stier og piknikomr\u00e5der som er ideelle for familier.<\/li>\n<\/ul>\n\n<p>Floridas Atlanterhavskyst er et variert og fortryllende reisem\u00e5l med noe for enhver smak. Fra livlige strender til historiske byer og naturreservater &#8211; denne reisen byr p\u00e5 den perfekte kombinasjonen av avslapning, eventyr og kulturelle oppdagelser. Enten du reiser som par eller familie, kan du planlegge reiseruten din og legge ut p\u00e5 oppdagelsesferd i Floridas solfylte skatter.  <\/p>\n","protected":false},"excerpt":{"rendered":"<p>Hva er de beste strendene \u00e5 oppdage p\u00e5 Floridas atlanterhavskyst? Floridas atlanterhavskyst er et dr\u00f8mmereisem\u00e5l for alle som elsker sol, sand og b\u00f8lger. Med sine ikoniske strender, sjarmerende kystbyer og mange vannsportsaktiviteter byr denne regionen p\u00e5 en variert opplevelse for alle typer reisende. Enten du er ute etter avslapning, eventyr eller familietid, vil denne guiden [&hellip;]<\/p>\n","protected":false},"author":1,"featured_media":0,"parent":0,"menu_order":0,"comment_status":"closed","ping_status":"closed","template":"","meta":{"footnotes":""},"class_list":["post-6284","page","type-page","status-publish","hentry"],"yoast_head":"<!-- This site is optimized with the Yoast SEO plugin v27.4 - https:\/\/yoast.com\/product\/yoast-seo-wordpress\/ -->\n<title>Utforsk Floridas strender p\u00e5 Atlanterhavskysten - USA B2<\/title>\n<meta name=\"description\" content=\"Oppdag strendene du m\u00e5 se p\u00e5 Floridas atlanterhavskyst: Miami Beach, Cocoa Beach, Daytona og mange flere.\" \/>\n<meta name=\"robots\" content=\"index, follow, max-snippet:-1, max-image-preview:large, max-video-preview:-1\" \/>\n<link rel=\"canonical\" href=\"https:\/\/usa-b2.com\/no\/strender-florida-atlanterhavskysten\/\" \/>\n<meta property=\"og:locale\" content=\"nb_NO\" \/>\n<meta property=\"og:type\" content=\"article\" \/>\n<meta property=\"og:title\" content=\"Utforsk Floridas strender p\u00e5 Atlanterhavskysten - USA B2\" \/>\n<meta property=\"og:description\" content=\"Oppdag strendene du m\u00e5 se p\u00e5 Floridas atlanterhavskyst: Miami Beach, Cocoa Beach, Daytona og mange flere.\" \/>\n<meta property=\"og:url\" content=\"https:\/\/usa-b2.com\/no\/strender-florida-atlanterhavskysten\/\" \/>\n<meta property=\"og:site_name\" content=\"USA B2\" \/>\n<meta property=\"article:modified_time\" content=\"2025-01-16T15:37:47+00:00\" \/>\n<meta property=\"og:image\" content=\"https:\/\/usa-b2.com\/wp-content\/uploads\/2025\/01\/Floride-Beaches-Atlantic-Coast-USA-edited.png\" \/>\n\t<meta property=\"og:image:width\" content=\"858\" \/>\n\t<meta property=\"og:image:height\" content=\"483\" \/>\n\t<meta property=\"og:image:type\" content=\"image\/png\" \/>\n<meta name=\"twitter:card\" content=\"summary_large_image\" \/>\n<meta name=\"twitter:label1\" content=\"Ansl. lesetid\" \/>\n\t<meta name=\"twitter:data1\" content=\"4 minutter\" \/>\n<script type=\"application\/ld+json\" class=\"yoast-schema-graph\">{\"@context\":\"https:\\\/\\\/schema.org\",\"@graph\":[{\"@type\":\"WebPage\",\"@id\":\"https:\\\/\\\/usa-b2.com\\\/no\\\/strender-florida-atlanterhavskysten\\\/\",\"url\":\"https:\\\/\\\/usa-b2.com\\\/no\\\/strender-florida-atlanterhavskysten\\\/\",\"name\":\"Utforsk Floridas strender p\u00e5 Atlanterhavskysten - USA B2\",\"isPartOf\":{\"@id\":\"https:\\\/\\\/usa-b2.com\\\/no\\\/#website\"},\"primaryImageOfPage\":{\"@id\":\"https:\\\/\\\/usa-b2.com\\\/no\\\/strender-florida-atlanterhavskysten\\\/#primaryimage\"},\"image\":{\"@id\":\"https:\\\/\\\/usa-b2.com\\\/no\\\/strender-florida-atlanterhavskysten\\\/#primaryimage\"},\"thumbnailUrl\":\"https:\\\/\\\/usa-b2.com\\\/wp-content\\\/uploads\\\/2025\\\/01\\\/Floride-Beaches-Atlantic-Coast-USA-edited.png\",\"datePublished\":\"2025-01-15T12:24:32+00:00\",\"dateModified\":\"2025-01-16T15:37:47+00:00\",\"description\":\"Oppdag strendene du m\u00e5 se p\u00e5 Floridas atlanterhavskyst: Miami Beach, Cocoa Beach, Daytona og mange flere.\",\"breadcrumb\":{\"@id\":\"https:\\\/\\\/usa-b2.com\\\/no\\\/strender-florida-atlanterhavskysten\\\/#breadcrumb\"},\"inLanguage\":\"nb-NO\",\"potentialAction\":[{\"@type\":\"ReadAction\",\"target\":[\"https:\\\/\\\/usa-b2.com\\\/no\\\/strender-florida-atlanterhavskysten\\\/\"]}]},{\"@type\":\"ImageObject\",\"inLanguage\":\"nb-NO\",\"@id\":\"https:\\\/\\\/usa-b2.com\\\/no\\\/strender-florida-atlanterhavskysten\\\/#primaryimage\",\"url\":\"https:\\\/\\\/usa-b2.com\\\/wp-content\\\/uploads\\\/2025\\\/01\\\/Floride-Beaches-Atlantic-Coast-USA-edited.png\",\"contentUrl\":\"https:\\\/\\\/usa-b2.com\\\/wp-content\\\/uploads\\\/2025\\\/01\\\/Floride-Beaches-Atlantic-Coast-USA-edited.png\"},{\"@type\":\"BreadcrumbList\",\"@id\":\"https:\\\/\\\/usa-b2.com\\\/no\\\/strender-florida-atlanterhavskysten\\\/#breadcrumb\",\"itemListElement\":[{\"@type\":\"ListItem\",\"position\":1,\"name\":\"Accueil\",\"item\":\"https:\\\/\\\/usa-b2.com\\\/no\\\/usa\\\/\"},{\"@type\":\"ListItem\",\"position\":2,\"name\":\"Utforsk Floridas strender p\u00e5 Atlanterhavskysten\"}]},{\"@type\":\"WebSite\",\"@id\":\"https:\\\/\\\/usa-b2.com\\\/no\\\/#website\",\"url\":\"https:\\\/\\\/usa-b2.com\\\/no\\\/\",\"name\":\"USA B2 VISA\",\"description\":\"\",\"potentialAction\":[{\"@type\":\"SearchAction\",\"target\":{\"@type\":\"EntryPoint\",\"urlTemplate\":\"https:\\\/\\\/usa-b2.com\\\/no\\\/?s={search_term_string}\"},\"query-input\":{\"@type\":\"PropertyValueSpecification\",\"valueRequired\":true,\"valueName\":\"search_term_string\"}}],\"inLanguage\":\"nb-NO\"}]}<\/script>\n<!-- \/ Yoast SEO plugin. -->","yoast_head_json":{"title":"Utforsk Floridas strender p\u00e5 Atlanterhavskysten - USA B2","description":"Oppdag strendene du m\u00e5 se p\u00e5 Floridas atlanterhavskyst: Miami Beach, Cocoa Beach, Daytona og mange flere.","robots":{"index":"index","follow":"follow","max-snippet":"max-snippet:-1","max-image-preview":"max-image-preview:large","max-video-preview":"max-video-preview:-1"},"canonical":"https:\/\/usa-b2.com\/no\/strender-florida-atlanterhavskysten\/","og_locale":"nb_NO","og_type":"article","og_title":"Utforsk Floridas strender p\u00e5 Atlanterhavskysten - USA B2","og_description":"Oppdag strendene du m\u00e5 se p\u00e5 Floridas atlanterhavskyst: Miami Beach, Cocoa Beach, Daytona og mange flere.","og_url":"https:\/\/usa-b2.com\/no\/strender-florida-atlanterhavskysten\/","og_site_name":"USA B2","article_modified_time":"2025-01-16T15:37:47+00:00","og_image":[{"width":858,"height":483,"url":"https:\/\/usa-b2.com\/wp-content\/uploads\/2025\/01\/Floride-Beaches-Atlantic-Coast-USA-edited.png","type":"image\/png"}],"twitter_card":"summary_large_image","twitter_misc":{"Ansl. lesetid":"4 minutter"},"schema":{"@context":"https:\/\/schema.org","@graph":[{"@type":"WebPage","@id":"https:\/\/usa-b2.com\/no\/strender-florida-atlanterhavskysten\/","url":"https:\/\/usa-b2.com\/no\/strender-florida-atlanterhavskysten\/","name":"Utforsk Floridas strender p\u00e5 Atlanterhavskysten - USA B2","isPartOf":{"@id":"https:\/\/usa-b2.com\/no\/#website"},"primaryImageOfPage":{"@id":"https:\/\/usa-b2.com\/no\/strender-florida-atlanterhavskysten\/#primaryimage"},"image":{"@id":"https:\/\/usa-b2.com\/no\/strender-florida-atlanterhavskysten\/#primaryimage"},"thumbnailUrl":"https:\/\/usa-b2.com\/wp-content\/uploads\/2025\/01\/Floride-Beaches-Atlantic-Coast-USA-edited.png","datePublished":"2025-01-15T12:24:32+00:00","dateModified":"2025-01-16T15:37:47+00:00","description":"Oppdag strendene du m\u00e5 se p\u00e5 Floridas atlanterhavskyst: Miami Beach, Cocoa Beach, Daytona og mange flere.","breadcrumb":{"@id":"https:\/\/usa-b2.com\/no\/strender-florida-atlanterhavskysten\/#breadcrumb"},"inLanguage":"nb-NO","potentialAction":[{"@type":"ReadAction","target":["https:\/\/usa-b2.com\/no\/strender-florida-atlanterhavskysten\/"]}]},{"@type":"ImageObject","inLanguage":"nb-NO","@id":"https:\/\/usa-b2.com\/no\/strender-florida-atlanterhavskysten\/#primaryimage","url":"https:\/\/usa-b2.com\/wp-content\/uploads\/2025\/01\/Floride-Beaches-Atlantic-Coast-USA-edited.png","contentUrl":"https:\/\/usa-b2.com\/wp-content\/uploads\/2025\/01\/Floride-Beaches-Atlantic-Coast-USA-edited.png"},{"@type":"BreadcrumbList","@id":"https:\/\/usa-b2.com\/no\/strender-florida-atlanterhavskysten\/#breadcrumb","itemListElement":[{"@type":"ListItem","position":1,"name":"Accueil","item":"https:\/\/usa-b2.com\/no\/usa\/"},{"@type":"ListItem","position":2,"name":"Utforsk Floridas strender p\u00e5 Atlanterhavskysten"}]},{"@type":"WebSite","@id":"https:\/\/usa-b2.com\/no\/#website","url":"https:\/\/usa-b2.com\/no\/","name":"USA B2 VISA","description":"","potentialAction":[{"@type":"SearchAction","target":{"@type":"EntryPoint","urlTemplate":"https:\/\/usa-b2.com\/no\/?s={search_term_string}"},"query-input":{"@type":"PropertyValueSpecification","valueRequired":true,"valueName":"search_term_string"}}],"inLanguage":"nb-NO"}]}},"_links":{"self":[{"href":"https:\/\/usa-b2.com\/no\/wp-json\/wp\/v2\/pages\/6284","targetHints":{"allow":["GET"]}}],"collection":[{"href":"https:\/\/usa-b2.com\/no\/wp-json\/wp\/v2\/pages"}],"about":[{"href":"https:\/\/usa-b2.com\/no\/wp-json\/wp\/v2\/types\/page"}],"author":[{"embeddable":true,"href":"https:\/\/usa-b2.com\/no\/wp-json\/wp\/v2\/users\/1"}],"replies":[{"embeddable":true,"href":"https:\/\/usa-b2.com\/no\/wp-json\/wp\/v2\/comments?post=6284"}],"version-history":[{"count":0,"href":"https:\/\/usa-b2.com\/no\/wp-json\/wp\/v2\/pages\/6284\/revisions"}],"wp:attachment":[{"href":"https:\/\/usa-b2.com\/no\/wp-json\/wp\/v2\/media?parent=6284"}],"curies":[{"name":"wp","href":"https:\/\/api.w.org\/{rel}","templated":true}]}}