{"id":6264,"date":"2025-01-15T12:08:05","date_gmt":"2025-01-15T12:08:05","guid":{"rendered":"https:\/\/usa-b2.com\/roadtrip-boston-til-washington\/"},"modified":"2025-01-16T15:38:33","modified_gmt":"2025-01-16T15:38:33","slug":"roadtrip-boston-til-washington","status":"publish","type":"page","link":"https:\/\/usa-b2.com\/no\/roadtrip-boston-til-washington\/","title":{"rendered":"En roadtrip fra Boston til Washington"},"content":{"rendered":"\n<h1 class=\"wp-block-heading\">Hvordan organiserer man en biltur fra Boston til Washington?<\/h1>\n\n<p>En biltur fra Boston til Washington er en ideell m\u00e5te \u00e5 oppdage de historiske, kulturelle og naturlige skattene p\u00e5 \u00f8stkysten av USA p\u00e5. Denne reiseruten g\u00e5r gjennom ikoniske byer som New York og Philadelphia, samt pittoreske steder og nasjonalparker, og kombinerer pulserende byliv med \u00f8yeblikk av ro. I denne guiden finner du de beste etappene, overnattingsstedene, aktivitetene og tipsene for \u00e5 gj\u00f8re denne turen minneverdig.  <\/p>\n\n<figure class=\"wp-block-image size-full\"><img fetchpriority=\"high\" decoding=\"async\" width=\"789\" height=\"444\" src=\"https:\/\/usa-b2.com\/wp-content\/uploads\/2025\/01\/Atlantic-City-USA-edited.png\" alt=\"\" class=\"wp-image-6902\" srcset=\"https:\/\/usa-b2.com\/wp-content\/uploads\/2025\/01\/Atlantic-City-USA-edited.png 789w, https:\/\/usa-b2.com\/wp-content\/uploads\/2025\/01\/Atlantic-City-USA-edited-300x169.png 300w, https:\/\/usa-b2.com\/wp-content\/uploads\/2025\/01\/Atlantic-City-USA-edited-768x432.png 768w\" sizes=\"(max-width: 789px) 100vw, 789px\" \/><\/figure>\n\n<h2 class=\"wp-block-heading\">Oppdag det du m\u00e5 se: Byer og symbolske steder<\/h2>\n\n<h3 class=\"wp-block-heading\">Viktige byer \u00e5 utforske<\/h3>\n\n<ul class=\"wp-block-list\">\n<li><strong><a href=\"https:\/\/www.boston.gov\/\">Boston<\/a> <\/strong>Boston: Boston er den amerikanske historiens vugge, og kan skilte med severdigheter som Freedom Trail, Faneuil Hall og Harvard.<\/li>\n\n\n\n<li><strong><a href=\"https:\/\/www.nyc.gov\/\">New York<\/a><\/strong> Byen som aldri sover er full av ber\u00f8mte landemerker, blant annet Frihetsgudinnen, Times Square og Central Park.<\/li>\n\n\n\n<li><strong><a href=\"https:\/\/www.phila.gov\/fr\/\">Philadelphia<\/a><\/strong> G\u00e5 ikke glipp av Independence Hall og Liberty Bell, symbolene p\u00e5 amerikansk uavhengighet.<\/li>\n\n\n\n<li><strong><a href=\"https:\/\/washington.org\/fr\/\">Washington<\/a>, D.C.<\/strong> Hovedstaden er full av gratis museer og ikoniske monumenter som Lincoln Memorial og Det hvite hus.<\/li>\n<\/ul>\n\n<h3 class=\"wp-block-heading\">Naturlige og pittoreske scener<\/h3>\n\n<p>Reisen er ikke begrenset til de store byene. Stopp underveis for \u00e5 utforske en rekke ulike landskap: <\/p>\n\n<ul class=\"wp-block-list\">\n<li><strong><a href=\"https:\/\/www.capecodchamber.org\/\">Cape Cod<\/a> (Massachusetts):<\/strong> Kjent for sine strender og sjarmerende kystbyer.<\/li>\n\n\n\n<li><strong><a href=\"https:\/\/dwgpa.gov\/\">Delaware Water Gap<\/a> (Pennsylvania og New Jersey)<\/strong>: En spektakul\u00e6r dal for fotturer og panoramautsikt.<\/li>\n\n\n\n<li><strong><a href=\"https:\/\/en.wikipedia.org\/wiki\/Chesapeake_Bay\">Chesapeake Bay<\/a> (Maryland):<\/strong> Perfekt for en pause i naturen mellom Philadelphia og Washington.<\/li>\n<\/ul>\n\n<h2 class=\"wp-block-heading\">Overnatting: Overnattingssteder og strategiske byer<\/h2>\n\n<h3 class=\"wp-block-heading\">De beste stedene \u00e5 bo<\/h3>\n\n<ul class=\"wp-block-list\">\n<li><strong>Boston<\/strong>: Bo i n\u00e6rheten av Back Bay eller Beacon Hill for \u00e5 v\u00e6re midt i hjertet av hovedattraksjonene.<\/li>\n\n\n\n<li><strong>New York<\/strong>: Velg Manhattan for sin tilgjengelighet, eller Brooklyn for en mer avslappet atmosf\u00e6re.<\/li>\n\n\n\n<li><strong>Philadelphia<\/strong>: Bydelen Center City er ideell for \u00e5 utforske historiske steder.<\/li>\n\n\n\n<li><strong>Washington, D.C.<\/strong> Logan Circle og Dupont Circle tilbyr komfortable hoteller og enkel tilgang til monumentene.<\/li>\n<\/ul>\n\n<h3 class=\"wp-block-heading\">Typer overnatting<\/h3>\n\n<ul class=\"wp-block-list\">\n<li><strong>Sjarmerende hoteller<\/strong>: Historiske <a href=\"https:\/\/www.omnihotels.com\/hotels\/boston-parker-house?utm_source=gmblisting&amp;utm_medium=organic\">vertshus som Omni Parker House<\/a> i Boston gir deg en dypdykk i den lokale historien.<\/li>\n\n\n\n<li><strong>Leiligheter og Airbnb <\/strong>: Perfekt for lengre opphold i New York eller Washington.<\/li>\n\n\n\n<li><strong>Campingplasser<\/strong>: Hvis du er ute etter en naturopplevelse, er campingplasser som de rundt Chesapeake Bay ideelle.<\/li>\n<\/ul>\n\n<h2 class=\"wp-block-heading\">Anbefalt reiserute : Boston til Washington p\u00e5 7 dager<\/h2>\n\n<figure class=\"wp-block-table\"><table class=\"has-fixed-layout\"><tbody><tr><td class=\"has-text-align-center\" data-align=\"center\"><strong>Dag<\/strong><\/td><td class=\"has-text-align-center\" data-align=\"center\"><strong>Trinn<\/strong><\/td><td class=\"has-text-align-center\" data-align=\"center\"><strong>Hovedaktiviteter<\/strong><\/td><td class=\"has-text-align-center\" data-align=\"center\"><strong>Forslag til overnatting<\/strong><\/td><\/tr><tr><td class=\"has-text-align-center\" data-align=\"center\">1<\/td><td class=\"has-text-align-center\" data-align=\"center\">Boston<\/td><td class=\"has-text-align-center\" data-align=\"center\">Freedom Trail, Quincy Market<\/td><td class=\"has-text-align-center\" data-align=\"center\">Boston<\/td><\/tr><tr><td class=\"has-text-align-center\" data-align=\"center\">2<\/td><td class=\"has-text-align-center\" data-align=\"center\">Cape Cod<\/td><td class=\"has-text-align-center\" data-align=\"center\">Strender, b\u00e5tturer<\/td><td class=\"has-text-align-center\" data-align=\"center\">Cape Cod<\/td><\/tr><tr><td class=\"has-text-align-center\" data-align=\"center\">3<\/td><td class=\"has-text-align-center\" data-align=\"center\">New York City<\/td><td class=\"has-text-align-center\" data-align=\"center\">Times Square, Central Park, Frihetsgudinnen<\/td><td class=\"has-text-align-center\" data-align=\"center\">New York<\/td><\/tr><tr><td class=\"has-text-align-center\" data-align=\"center\">4<\/td><td class=\"has-text-align-center\" data-align=\"center\">New York City til Philadelphia<\/td><td class=\"has-text-align-center\" data-align=\"center\">Kunstmuseum, Liberty Bell<\/td><td class=\"has-text-align-center\" data-align=\"center\">Philadelphia<\/td><\/tr><tr><td class=\"has-text-align-center\" data-align=\"center\">5<\/td><td class=\"has-text-align-center\" data-align=\"center\">Delaware Water Gap<\/td><td class=\"has-text-align-center\" data-align=\"center\">Vandring og avslapping<\/td><td class=\"has-text-align-center\" data-align=\"center\">Philadelphia<\/td><\/tr><tr><td class=\"has-text-align-center\" data-align=\"center\">6<\/td><td class=\"has-text-align-center\" data-align=\"center\">Annapolis og Chesapeake Bay<\/td><td class=\"has-text-align-center\" data-align=\"center\">Sj\u00f8matsmaking, spasertur langs strandpromenaden<\/td><td class=\"has-text-align-center\" data-align=\"center\">Washington<\/td><\/tr><tr><td class=\"has-text-align-center\" data-align=\"center\">7<\/td><td class=\"has-text-align-center\" data-align=\"center\">Washington, D.C.<\/td><td class=\"has-text-align-center\" data-align=\"center\">National Mall, Smithsonian-museene<\/td><td class=\"has-text-align-center\" data-align=\"center\">Washington<\/td><\/tr><\/tbody><\/table><\/figure>\n\n<p>Denne reiseruten tilbyr en balanse mellom urban sightseeing og naturopplevelser for \u00e5 f\u00e5 mest mulig ut av \u00f8stkystens underverker.<\/p>\n\n<h2 class=\"wp-block-heading\">Instagrammable fotopunkter<\/h2>\n\n<h3 class=\"wp-block-heading\">De perfekte stedene for bildene dine<\/h3>\n\n<ul class=\"wp-block-list\">\n<li><strong><a href=\"https:\/\/fr.tripadvisor.be\/Attraction_Review-g60745-d481783-Reviews-Acorn_Street-Boston_Massachusetts.html\">Acorn Street<\/a> (Boston):<\/strong> En historisk brosteinsgate, perfekt for \u00e5 fange essensen av kolonitidens arkitektur.<\/li>\n\n\n\n<li><strong><a href=\"https:\/\/www.rockefellercenter.com\/fr-fr\/attractions\/plateforme-observation-top-of-the-rock\/\">Top of the Rock<\/a> (New York)<\/strong>: En fantastisk utsikt over Manhattan, inkludert Empire State Building og Central Park.<\/li>\n\n\n\n<li><strong><a href=\"https:\/\/www.phillymagicgardens.org\/?gad_source=1&amp;gclid=Cj0KCQiA-aK8BhCDARIsAL_-H9nv8NAvzyI3HmO-V8arQsCZdAMMgPhCI4cgA5vykHh3x5QcLa8DZcYaAmjkEALw_wcB\">Philadelphias magiske hager<\/a><\/strong> Et unikt kunstnerisk sted for fargerik og kreativ fotografering.<\/li>\n\n\n\n<li><strong>Tidevannsbassenget (Washington, D.C.): <\/strong> Refleksjonen av monumentene i vannet er spesielt vakker ved soloppgang.<\/li>\n<\/ul>\n\n<h3 class=\"wp-block-heading\">Tips for \u00e5 forevige bilturen din<\/h3>\n\n<p>For \u00e5 f\u00e5 de beste bildene b\u00f8r du velge de gylne timene om morgenen og kvelden. Ikke n\u00f8l med \u00e5 utforske mindre bes\u00f8kte utsiktspunkter, for eksempel byparker eller kaikanter, for \u00e5 ta originale bilder. <\/p>\n\n<h2 class=\"wp-block-heading\">Aktiviteter i henhold til din type reise<\/h2>\n\n<h3 class=\"wp-block-heading\">For par: romantiske \u00f8yeblikk<\/h3>\n\n<ul class=\"wp-block-list\">\n<li><strong>B\u00e5ttur p\u00e5 Charles River (Boston):<\/strong> Nyt en romantisk utsikt over byens hustak.<\/li>\n\n\n\n<li><strong>Piknik i <a href=\"https:\/\/www.centralparknyc.org\/\">Central Park<\/a> (New York)<\/strong>: Slapp av i gr\u00f8nne omgivelser med utsikt over skyskrapere.<\/li>\n\n\n\n<li><strong>Gourmetrestauranter i <a href=\"https:\/\/www.georgetowndc.com\/\">Georgetown<\/a> (Washington):<\/strong> Dette nabolaget byr p\u00e5 intime restauranter og en varm atmosf\u00e6re.<\/li>\n<\/ul>\n\n<h3 class=\"wp-block-heading\">Med familien: barnevennlige opplevelser<\/h3>\n\n<ul class=\"wp-block-list\">\n<li><strong>Interaktivt bes\u00f8k p\u00e5 <a href=\"https:\/\/www.mos.org\/\">Museum of Science<\/a> (Boston)<\/strong>: Ideelt for \u00e5 l\u00e6re samtidig som man har det g\u00f8y.<\/li>\n\n\n\n<li><strong>Walk on the <a href=\"https:\/\/www.thehighline.org\/\">High Line<\/a> (New York)<\/strong>: En tidligere jernbanelinje som er omgjort til en hengende park med unik utsikt over byen.<\/li>\n\n\n\n<li><strong>Utforskning p\u00e5 <a href=\"https:\/\/airandspace.si.edu\/\">Smithsonian National Air and Space Museum<\/a> (Washington, D.C.):<\/strong> Et must for sm\u00e5 flyentusiaster.<\/li>\n<\/ul>\n\n<p>Denne bilturen fra Boston til Washington er en virkelig fordypning i \u00f8stkystens historie, kultur og varierte landskap. Enten dere reiser som par eller familie, byr denne ruten p\u00e5 et uovertruffent vell av opplevelser og oppdagelser. Planlegg reiseruten din, bestill overnatting, og legg ut p\u00e5 oppdagelsesferd blant skattene i det amerikanske \u00f8st!  <\/p>\n","protected":false},"excerpt":{"rendered":"<p>Hvordan organiserer man en biltur fra Boston til Washington? En biltur fra Boston til Washington er en ideell m\u00e5te \u00e5 oppdage de historiske, kulturelle og naturlige skattene p\u00e5 \u00f8stkysten av USA p\u00e5. Denne reiseruten g\u00e5r gjennom ikoniske byer som New York og Philadelphia, samt pittoreske steder og nasjonalparker, og kombinerer pulserende byliv med \u00f8yeblikk av [&hellip;]<\/p>\n","protected":false},"author":1,"featured_media":0,"parent":0,"menu_order":0,"comment_status":"closed","ping_status":"closed","template":"","meta":{"footnotes":""},"class_list":["post-6264","page","type-page","status-publish","hentry"],"yoast_head":"<!-- This site is optimized with the Yoast SEO plugin v27.4 - https:\/\/yoast.com\/product\/yoast-seo-wordpress\/ -->\n<title>En roadtrip fra Boston til Washington - USA B2<\/title>\n<meta name=\"description\" content=\"Oppdag de viktigste etappene i en biltur fra Boston til Washington: reiseruter, overnatting, aktiviteter og fotomuligheter.\" \/>\n<meta name=\"robots\" content=\"index, follow, max-snippet:-1, max-image-preview:large, max-video-preview:-1\" \/>\n<link rel=\"canonical\" href=\"https:\/\/usa-b2.com\/no\/roadtrip-boston-til-washington\/\" \/>\n<meta property=\"og:locale\" content=\"nb_NO\" \/>\n<meta property=\"og:type\" content=\"article\" \/>\n<meta property=\"og:title\" content=\"En roadtrip fra Boston til Washington - USA B2\" \/>\n<meta property=\"og:description\" content=\"Oppdag de viktigste etappene i en biltur fra Boston til Washington: reiseruter, overnatting, aktiviteter og fotomuligheter.\" \/>\n<meta property=\"og:url\" content=\"https:\/\/usa-b2.com\/no\/roadtrip-boston-til-washington\/\" \/>\n<meta property=\"og:site_name\" content=\"USA B2\" \/>\n<meta property=\"article:modified_time\" content=\"2025-01-16T15:38:33+00:00\" \/>\n<meta property=\"og:image\" content=\"https:\/\/usa-b2.com\/wp-content\/uploads\/2025\/01\/Atlantic-City-USA-edited.png\" \/>\n\t<meta property=\"og:image:width\" content=\"789\" \/>\n\t<meta property=\"og:image:height\" content=\"444\" \/>\n\t<meta property=\"og:image:type\" content=\"image\/png\" \/>\n<meta name=\"twitter:card\" content=\"summary_large_image\" \/>\n<meta name=\"twitter:label1\" content=\"Ansl. lesetid\" \/>\n\t<meta name=\"twitter:data1\" content=\"3 minutter\" \/>\n<script type=\"application\/ld+json\" class=\"yoast-schema-graph\">{\"@context\":\"https:\\\/\\\/schema.org\",\"@graph\":[{\"@type\":\"WebPage\",\"@id\":\"https:\\\/\\\/usa-b2.com\\\/no\\\/roadtrip-boston-til-washington\\\/\",\"url\":\"https:\\\/\\\/usa-b2.com\\\/no\\\/roadtrip-boston-til-washington\\\/\",\"name\":\"En roadtrip fra Boston til Washington - USA B2\",\"isPartOf\":{\"@id\":\"https:\\\/\\\/usa-b2.com\\\/no\\\/#website\"},\"primaryImageOfPage\":{\"@id\":\"https:\\\/\\\/usa-b2.com\\\/no\\\/roadtrip-boston-til-washington\\\/#primaryimage\"},\"image\":{\"@id\":\"https:\\\/\\\/usa-b2.com\\\/no\\\/roadtrip-boston-til-washington\\\/#primaryimage\"},\"thumbnailUrl\":\"https:\\\/\\\/usa-b2.com\\\/wp-content\\\/uploads\\\/2025\\\/01\\\/Atlantic-City-USA-edited.png\",\"datePublished\":\"2025-01-15T12:08:05+00:00\",\"dateModified\":\"2025-01-16T15:38:33+00:00\",\"description\":\"Oppdag de viktigste etappene i en biltur fra Boston til Washington: reiseruter, overnatting, aktiviteter og fotomuligheter.\",\"breadcrumb\":{\"@id\":\"https:\\\/\\\/usa-b2.com\\\/no\\\/roadtrip-boston-til-washington\\\/#breadcrumb\"},\"inLanguage\":\"nb-NO\",\"potentialAction\":[{\"@type\":\"ReadAction\",\"target\":[\"https:\\\/\\\/usa-b2.com\\\/no\\\/roadtrip-boston-til-washington\\\/\"]}]},{\"@type\":\"ImageObject\",\"inLanguage\":\"nb-NO\",\"@id\":\"https:\\\/\\\/usa-b2.com\\\/no\\\/roadtrip-boston-til-washington\\\/#primaryimage\",\"url\":\"https:\\\/\\\/usa-b2.com\\\/wp-content\\\/uploads\\\/2025\\\/01\\\/Atlantic-City-USA-edited.png\",\"contentUrl\":\"https:\\\/\\\/usa-b2.com\\\/wp-content\\\/uploads\\\/2025\\\/01\\\/Atlantic-City-USA-edited.png\"},{\"@type\":\"BreadcrumbList\",\"@id\":\"https:\\\/\\\/usa-b2.com\\\/no\\\/roadtrip-boston-til-washington\\\/#breadcrumb\",\"itemListElement\":[{\"@type\":\"ListItem\",\"position\":1,\"name\":\"Accueil\",\"item\":\"https:\\\/\\\/usa-b2.com\\\/no\\\/usa\\\/\"},{\"@type\":\"ListItem\",\"position\":2,\"name\":\"En roadtrip fra Boston til Washington\"}]},{\"@type\":\"WebSite\",\"@id\":\"https:\\\/\\\/usa-b2.com\\\/no\\\/#website\",\"url\":\"https:\\\/\\\/usa-b2.com\\\/no\\\/\",\"name\":\"USA B2 VISA\",\"description\":\"\",\"potentialAction\":[{\"@type\":\"SearchAction\",\"target\":{\"@type\":\"EntryPoint\",\"urlTemplate\":\"https:\\\/\\\/usa-b2.com\\\/no\\\/?s={search_term_string}\"},\"query-input\":{\"@type\":\"PropertyValueSpecification\",\"valueRequired\":true,\"valueName\":\"search_term_string\"}}],\"inLanguage\":\"nb-NO\"}]}<\/script>\n<!-- \/ Yoast SEO plugin. -->","yoast_head_json":{"title":"En roadtrip fra Boston til Washington - USA B2","description":"Oppdag de viktigste etappene i en biltur fra Boston til Washington: reiseruter, overnatting, aktiviteter og fotomuligheter.","robots":{"index":"index","follow":"follow","max-snippet":"max-snippet:-1","max-image-preview":"max-image-preview:large","max-video-preview":"max-video-preview:-1"},"canonical":"https:\/\/usa-b2.com\/no\/roadtrip-boston-til-washington\/","og_locale":"nb_NO","og_type":"article","og_title":"En roadtrip fra Boston til Washington - USA B2","og_description":"Oppdag de viktigste etappene i en biltur fra Boston til Washington: reiseruter, overnatting, aktiviteter og fotomuligheter.","og_url":"https:\/\/usa-b2.com\/no\/roadtrip-boston-til-washington\/","og_site_name":"USA B2","article_modified_time":"2025-01-16T15:38:33+00:00","og_image":[{"width":789,"height":444,"url":"https:\/\/usa-b2.com\/wp-content\/uploads\/2025\/01\/Atlantic-City-USA-edited.png","type":"image\/png"}],"twitter_card":"summary_large_image","twitter_misc":{"Ansl. lesetid":"3 minutter"},"schema":{"@context":"https:\/\/schema.org","@graph":[{"@type":"WebPage","@id":"https:\/\/usa-b2.com\/no\/roadtrip-boston-til-washington\/","url":"https:\/\/usa-b2.com\/no\/roadtrip-boston-til-washington\/","name":"En roadtrip fra Boston til Washington - USA B2","isPartOf":{"@id":"https:\/\/usa-b2.com\/no\/#website"},"primaryImageOfPage":{"@id":"https:\/\/usa-b2.com\/no\/roadtrip-boston-til-washington\/#primaryimage"},"image":{"@id":"https:\/\/usa-b2.com\/no\/roadtrip-boston-til-washington\/#primaryimage"},"thumbnailUrl":"https:\/\/usa-b2.com\/wp-content\/uploads\/2025\/01\/Atlantic-City-USA-edited.png","datePublished":"2025-01-15T12:08:05+00:00","dateModified":"2025-01-16T15:38:33+00:00","description":"Oppdag de viktigste etappene i en biltur fra Boston til Washington: reiseruter, overnatting, aktiviteter og fotomuligheter.","breadcrumb":{"@id":"https:\/\/usa-b2.com\/no\/roadtrip-boston-til-washington\/#breadcrumb"},"inLanguage":"nb-NO","potentialAction":[{"@type":"ReadAction","target":["https:\/\/usa-b2.com\/no\/roadtrip-boston-til-washington\/"]}]},{"@type":"ImageObject","inLanguage":"nb-NO","@id":"https:\/\/usa-b2.com\/no\/roadtrip-boston-til-washington\/#primaryimage","url":"https:\/\/usa-b2.com\/wp-content\/uploads\/2025\/01\/Atlantic-City-USA-edited.png","contentUrl":"https:\/\/usa-b2.com\/wp-content\/uploads\/2025\/01\/Atlantic-City-USA-edited.png"},{"@type":"BreadcrumbList","@id":"https:\/\/usa-b2.com\/no\/roadtrip-boston-til-washington\/#breadcrumb","itemListElement":[{"@type":"ListItem","position":1,"name":"Accueil","item":"https:\/\/usa-b2.com\/no\/usa\/"},{"@type":"ListItem","position":2,"name":"En roadtrip fra Boston til Washington"}]},{"@type":"WebSite","@id":"https:\/\/usa-b2.com\/no\/#website","url":"https:\/\/usa-b2.com\/no\/","name":"USA B2 VISA","description":"","potentialAction":[{"@type":"SearchAction","target":{"@type":"EntryPoint","urlTemplate":"https:\/\/usa-b2.com\/no\/?s={search_term_string}"},"query-input":{"@type":"PropertyValueSpecification","valueRequired":true,"valueName":"search_term_string"}}],"inLanguage":"nb-NO"}]}},"_links":{"self":[{"href":"https:\/\/usa-b2.com\/no\/wp-json\/wp\/v2\/pages\/6264","targetHints":{"allow":["GET"]}}],"collection":[{"href":"https:\/\/usa-b2.com\/no\/wp-json\/wp\/v2\/pages"}],"about":[{"href":"https:\/\/usa-b2.com\/no\/wp-json\/wp\/v2\/types\/page"}],"author":[{"embeddable":true,"href":"https:\/\/usa-b2.com\/no\/wp-json\/wp\/v2\/users\/1"}],"replies":[{"embeddable":true,"href":"https:\/\/usa-b2.com\/no\/wp-json\/wp\/v2\/comments?post=6264"}],"version-history":[{"count":0,"href":"https:\/\/usa-b2.com\/no\/wp-json\/wp\/v2\/pages\/6264\/revisions"}],"wp:attachment":[{"href":"https:\/\/usa-b2.com\/no\/wp-json\/wp\/v2\/media?parent=6264"}],"curies":[{"name":"wp","href":"https:\/\/api.w.org\/{rel}","templated":true}]}}