{"id":6243,"date":"2025-01-15T11:55:39","date_gmt":"2025-01-15T11:55:39","guid":{"rendered":"https:\/\/usa-b2.com\/new-england-hostlovverk-tur\/"},"modified":"2025-01-21T10:36:45","modified_gmt":"2025-01-21T10:36:45","slug":"new-england-hostlovverk-tur","status":"publish","type":"page","link":"https:\/\/usa-b2.com\/no\/new-england-hostlovverk-tur\/","title":{"rendered":"Oppdag New England Fall Foliage Tour i USA"},"content":{"rendered":"\n<h1 class=\"wp-block-heading\">Hvordan kan jeg bes\u00f8ke New England Fall Foliage Tour i USA?<\/h1>\n\n<p>New England Fall Foliage Tour er en opplevelse du ikke m\u00e5 g\u00e5 glipp av hvis du er glad i natur og spektakul\u00e6re landskap. Hver h\u00f8st skifter New Englands skoger farge og tiltrekker seg bes\u00f8kende fra hele verden. Fra pittoreske sm\u00e5byer til naturskj\u00f8nne landeveier byr denne reisen p\u00e5 en unik fordypning i h\u00f8stens varme atmosf\u00e6re. Denne detaljerte guiden inneholder reiseruter, overnattingstips, fotomuligheter og aktiviteter for \u00e5 f\u00e5 mest mulig ut av oppholdet.   <\/p>\n\n<figure class=\"wp-block-image size-full\"><img fetchpriority=\"high\" decoding=\"async\" width=\"706\" height=\"397\" src=\"https:\/\/usa-b2.com\/wp-content\/uploads\/2025\/01\/New-England-Fall-Foliage-Tour-USA-edited.png\" alt=\"\" class=\"wp-image-6845\" srcset=\"https:\/\/usa-b2.com\/wp-content\/uploads\/2025\/01\/New-England-Fall-Foliage-Tour-USA-edited.png 706w, https:\/\/usa-b2.com\/wp-content\/uploads\/2025\/01\/New-England-Fall-Foliage-Tour-USA-edited-300x169.png 300w\" sizes=\"(max-width: 706px) 100vw, 706px\" \/><\/figure>\n\n<h2 class=\"wp-block-heading\">Utforsk h\u00f8stens farger: ikoniske steder og landskap<\/h2>\n\n<h3 class=\"wp-block-heading\">Must-see steder for \u00e5 beundre l\u00f8vverket<\/h3>\n\n<ul class=\"wp-block-list\">\n<li><strong><a href=\"https:\/\/kancamagushighway.com\/\">Kancamagus Highway<\/a> (New Hampshire): <\/strong> En av de mest ber\u00f8mte rutene for \u00e5 se p\u00e5 h\u00f8stfarger, med utsiktspunkter som Sabbaday Falls og Sugar Hill Overlook.<\/li>\n\n\n\n<li><strong><a href=\"https:\/\/greenmountainbywayvt.com\/\">Green Mountain Byway<\/a> (Vermont): <\/strong> En sjarmerende rute gjennom de pittoreske landsbyene Stowe og Waterbury.<\/li>\n\n\n\n<li><strong><a href=\"https:\/\/www.mohawktrail.com\/\">Mohawk Trail <\/a>(Massachusetts):<\/strong> Denne historiske stien byr p\u00e5 spektakul\u00e6r natur og stoppesteder som Hairpin Turn.<\/li>\n<\/ul>\n\n<h3 class=\"wp-block-heading\">Emblematiske landskap \u00e5 utforske<\/h3>\n\n<p>New England Fall Foliage Tour er spekket med variert natur, fra de b\u00f8lgende \u00e5sene i Vermont til de glitrende innsj\u00f8ene i Maine. Nasjonalparker og naturreservater, som Acadia National Park, byr p\u00e5 fantastisk utsikt over l\u00f8vverk og Atlanterhavet. Ikke glem \u00e5 bes\u00f8ke byer som <a href=\"https:\/\/www.woodstock.com\/\">Woodstock<\/a> (Vermont) og <a href=\"https:\/\/www.ci.camden.nj.us\/\">Camden<\/a> (Maine), der h\u00f8stsjarmen er p\u00e5 sitt beste.  <\/p>\n\n<h2 class=\"wp-block-heading\">Overnatting: Overnattingssteder og strategiske byer<\/h2>\n\n<h3 class=\"wp-block-heading\">Byer du m\u00e5 se p\u00e5 et stoppested<\/h3>\n\n<ul class=\"wp-block-list\">\n<li><strong><a href=\"https:\/\/www.stowe.com\/\">Stowe<\/a> (Vermont):<\/strong> Denne fjellbyen er et sentralt utgangspunkt for \u00e5 utforske Green Mountains. Byen tilbyr tradisjonelle vertshus og komfortable hoteller. <\/li>\n\n\n\n<li><strong><a href=\"https:\/\/northconwaynh.com\/\">North Conway<\/a> (New Hampshire):<\/strong> Perfekt for \u00e5 utforske Kancamagus Highway og nyte en koselig atmosf\u00e6re.<\/li>\n\n\n\n<li><strong><a href=\"https:\/\/www.visitbarharbor.com\/\">Bar Harbor<\/a> (Maine)<\/strong>: Ideell for deg som \u00f8nsker \u00e5 kombinere h\u00f8stl\u00f8vet med kystlandskapet i Acadia nasjonalpark.<\/li>\n<\/ul>\n\n<h3 class=\"wp-block-heading\">Anbefalt overnatting<\/h3>\n\n<ul class=\"wp-block-list\">\n<li><strong>Tradisjonelle bed &amp; breakfast<\/strong>: Disse typiske overnattingsstedene, som <a href=\"https:\/\/www.rabbithill.com\/winter\/\">Rabbit Hill<\/a> Inn i Vermont, byr p\u00e5 en autentisk opplevelse.<\/li>\n\n\n\n<li><strong>Hoteller og hytter<\/strong>: Alternativer som <a href=\"https:\/\/www.whitemountainhotel.com\/\">White Mountain Hotel<\/a> i North Conway kombinerer komfort med fantastisk utsikt.<\/li>\n\n\n\n<li><strong>Camping <\/strong>: Friluftsentusiaster kan velge campingplasser med service, som for eksempel i <a href=\"https:\/\/www.nhstateparks.org\/find-parks-trails\/franconia-notch-state-park\">Franconia Notch State Park.<\/a><\/li>\n<\/ul>\n\n<h2 class=\"wp-block-heading\">Anbefalt 7-dagers reiserute<\/h2>\n\n<figure class=\"wp-block-table\"><table class=\"has-fixed-layout\"><tbody><tr><td class=\"has-text-align-center\" data-align=\"center\"><strong>Dag<\/strong><\/td><td class=\"has-text-align-center\" data-align=\"center\"><strong>Region<\/strong><\/td><td class=\"has-text-align-center\" data-align=\"center\"><strong>Hovedaktiviteter<\/strong><\/td><td class=\"has-text-align-center\" data-align=\"center\"><strong>Forslag til overnatting<\/strong><\/td><\/tr><tr><td class=\"has-text-align-center\" data-align=\"center\">1<\/td><td class=\"has-text-align-center\" data-align=\"center\">Boston til Stowe<\/td><td class=\"has-text-align-center\" data-align=\"center\">Veien til Vermont, mellomlanding i Woodstock<\/td><td class=\"has-text-align-center\" data-align=\"center\">Stowe<\/td><\/tr><tr><td class=\"has-text-align-center\" data-align=\"center\">2<\/td><td class=\"has-text-align-center\" data-align=\"center\">Green Mountain Byway<\/td><td class=\"has-text-align-center\" data-align=\"center\">Byvandring, bes\u00f8k i Waterbury<\/td><td class=\"has-text-align-center\" data-align=\"center\">Stowe<\/td><\/tr><tr><td class=\"has-text-align-center\" data-align=\"center\">3<\/td><td class=\"has-text-align-center\" data-align=\"center\">Kancamagus Highway<\/td><td class=\"has-text-align-center\" data-align=\"center\">Utsiktspunkter, Sabbaday Falls<\/td><td class=\"has-text-align-center\" data-align=\"center\">North Conway<\/td><\/tr><tr><td class=\"has-text-align-center\" data-align=\"center\">4<\/td><td class=\"has-text-align-center\" data-align=\"center\">De hvite fjellene<\/td><td class=\"has-text-align-center\" data-align=\"center\">Vandring, Mount Washington Auto Road<\/td><td class=\"has-text-align-center\" data-align=\"center\">North Conway<\/td><\/tr><tr><td class=\"has-text-align-center\" data-align=\"center\">5<\/td><td class=\"has-text-align-center\" data-align=\"center\">Mohawk Trail<\/td><td class=\"has-text-align-center\" data-align=\"center\">H\u00e5rn\u00e5lssving, Berkshire Mountains<\/td><td class=\"has-text-align-center\" data-align=\"center\">Lenox<\/td><\/tr><tr><td class=\"has-text-align-center\" data-align=\"center\">6<\/td><td class=\"has-text-align-center\" data-align=\"center\">Acadia nasjonalpark<\/td><td class=\"has-text-align-center\" data-align=\"center\">Cadillac Mountain, Sand Beach<\/td><td class=\"has-text-align-center\" data-align=\"center\">Bar Harbor<\/td><\/tr><tr><td class=\"has-text-align-center\" data-align=\"center\">7<\/td><td class=\"has-text-align-center\" data-align=\"center\">Camden og tilbake til Boston<\/td><td class=\"has-text-align-center\" data-align=\"center\">Kystlandsby, spasertur i \u00e5sene<\/td><td class=\"has-text-align-center\" data-align=\"center\">&#8211;<\/td><\/tr><\/tbody><\/table><\/figure>\n\n<p>Denne reiseruten kombinerer naturskj\u00f8nne ruter, kulturelle stopp og naturopplevelser for en komplett opplevelse.<\/p>\n\n<h2 class=\"wp-block-heading\">Instagrammable fotopunkter<\/h2>\n\n<h3 class=\"wp-block-heading\">Steder \u00e5 fange<\/h3>\n\n<ul class=\"wp-block-list\">\n<li><strong><a href=\"https:\/\/www.nps.gov\/acad\/planyourvisit\/cadillac-mountain.htm\">Cadillac Mountain<\/a> (Acadia nasjonalpark)<\/strong>: Det h\u00f8yeste punktet p\u00e5 \u00f8stkysten, med spektakul\u00e6r utsikt over soloppgangen.<\/li>\n\n\n\n<li><strong><a href=\"https:\/\/www.sleepyhollowtrees.com\/\">Sleepy Hollow Farm<\/a> (Woodstock, Vermont)<\/strong>: En ikonisk g\u00e5rd omgitt av levende l\u00f8vverk.<\/li>\n\n\n\n<li><strong>Flume Gorge (New Hampshire):<\/strong> Et imponerende naturomr\u00e5de, perfekt for bilder i h\u00f8stfarger.<\/li>\n<\/ul>\n\n<h3 class=\"wp-block-heading\">Tips for vellykkede bilder<\/h3>\n\n<p>Utnytt de gylne timene, tidlig om morgenen eller p\u00e5 slutten av dagen, for \u00e5 fange de mest levende fargetonene. Husk \u00e5 ta med elementer som svingete veier eller overbygde broer for \u00e5 gi bildene dine dybde. <\/p>\n\n<h2 class=\"wp-block-heading\">Aktiviteter i henhold til din type reise<\/h2>\n\n<h3 class=\"wp-block-heading\">For par<\/h3>\n\n<ul class=\"wp-block-list\">\n<li><strong>Turer med hestevogn<\/strong>: Nyt en fredelig tur gjennom fargerike skoger, akkurat som i <a href=\"https:\/\/www.woodstock.com\/\">Woodstock<\/a> i Vermont.<\/li>\n\n\n\n<li><strong>Spisesteder med utsikt<\/strong>: Restauranter som Cliff House i Bar Harbor tilbyr gourmetm\u00e5ltider i fortryllende omgivelser.<\/li>\n\n\n\n<li><strong>Stjernekikking<\/strong>: Langt unna byens lys er steder som Franconia Notch perfekte for \u00e5 beundre Melkeveien.<\/li>\n<\/ul>\n\n<h3 class=\"wp-block-heading\">Med familien: barnevennlige opplevelser<\/h3>\n\n<ul class=\"wp-block-list\">\n<li><strong>Turer med god tilgjengelighet<\/strong>: Stier som de rundt Echo Lake (New Hampshire) er perfekte for barn.<\/li>\n\n\n\n<li><strong>Piknik i hjertet av naturen<\/strong>: Stopp ved de anlagte omr\u00e5dene i <a href=\"https:\/\/www.fs.usda.gov\/gmfl\">Green Mountain National Forest<\/a>.<\/li>\n\n\n\n<li><strong>Epleplukking <\/strong>: Flere frukthager i Vermont tilbyr familieaktiviteter som epleplukking og sidersmaking.<\/li>\n<\/ul>\n\n<p><br\/>New England Fall Foliage Tour er en invitasjon til \u00e5 fordype deg i h\u00f8stens str\u00e5lende farger, oppdage pittoreske landsbyer og oppleve uforglemmelige \u00f8yeblikk i hjertet av naturen. Enten du er ute etter romantikk, eventyr eller ro, lover denne turen spektakul\u00e6r natur og total fordypning i essensen av New England. Planlegg reiseruten din og la deg forf\u00f8re av h\u00f8stens magi!  <\/p>\n","protected":false},"excerpt":{"rendered":"<p>Hvordan kan jeg bes\u00f8ke New England Fall Foliage Tour i USA? New England Fall Foliage Tour er en opplevelse du ikke m\u00e5 g\u00e5 glipp av hvis du er glad i natur og spektakul\u00e6re landskap. Hver h\u00f8st skifter New Englands skoger farge og tiltrekker seg bes\u00f8kende fra hele verden. Fra pittoreske sm\u00e5byer til naturskj\u00f8nne landeveier byr [&hellip;]<\/p>\n","protected":false},"author":1,"featured_media":0,"parent":0,"menu_order":0,"comment_status":"closed","ping_status":"closed","template":"","meta":{"footnotes":""},"class_list":["post-6243","page","type-page","status-publish","hentry"],"yoast_head":"<!-- This site is optimized with the Yoast SEO plugin v27.4 - https:\/\/yoast.com\/product\/yoast-seo-wordpress\/ -->\n<title>Oppdag New England Fall Foliage Tour i USA - USA B2<\/title>\n<meta name=\"description\" content=\"Oppdag New England Fall Foliage Tour i USA: ikoniske steder, landskap, overnatting og reiseruter.\" \/>\n<meta name=\"robots\" content=\"index, follow, max-snippet:-1, max-image-preview:large, max-video-preview:-1\" \/>\n<link rel=\"canonical\" href=\"https:\/\/usa-b2.com\/no\/new-england-hostlovverk-tur\/\" \/>\n<meta property=\"og:locale\" content=\"nb_NO\" \/>\n<meta property=\"og:type\" content=\"article\" \/>\n<meta property=\"og:title\" content=\"Oppdag New England Fall Foliage Tour i USA - USA B2\" \/>\n<meta property=\"og:description\" content=\"Oppdag New England Fall Foliage Tour i USA: ikoniske steder, landskap, overnatting og reiseruter.\" \/>\n<meta property=\"og:url\" content=\"https:\/\/usa-b2.com\/no\/new-england-hostlovverk-tur\/\" \/>\n<meta property=\"og:site_name\" content=\"USA B2\" \/>\n<meta property=\"article:modified_time\" content=\"2025-01-21T10:36:45+00:00\" \/>\n<meta property=\"og:image\" content=\"https:\/\/usa-b2.com\/wp-content\/uploads\/2025\/01\/New-England-Fall-Foliage-Tour-USA-edited.png\" \/>\n\t<meta property=\"og:image:width\" content=\"706\" \/>\n\t<meta property=\"og:image:height\" content=\"397\" \/>\n\t<meta property=\"og:image:type\" content=\"image\/png\" \/>\n<meta name=\"twitter:card\" content=\"summary_large_image\" \/>\n<meta name=\"twitter:label1\" content=\"Ansl. lesetid\" \/>\n\t<meta name=\"twitter:data1\" content=\"3 minutter\" \/>\n<script type=\"application\/ld+json\" class=\"yoast-schema-graph\">{\"@context\":\"https:\\\/\\\/schema.org\",\"@graph\":[{\"@type\":\"WebPage\",\"@id\":\"https:\\\/\\\/usa-b2.com\\\/no\\\/new-england-hostlovverk-tur\\\/\",\"url\":\"https:\\\/\\\/usa-b2.com\\\/no\\\/new-england-hostlovverk-tur\\\/\",\"name\":\"Oppdag New England Fall Foliage Tour i USA - USA B2\",\"isPartOf\":{\"@id\":\"https:\\\/\\\/usa-b2.com\\\/no\\\/#website\"},\"primaryImageOfPage\":{\"@id\":\"https:\\\/\\\/usa-b2.com\\\/no\\\/new-england-hostlovverk-tur\\\/#primaryimage\"},\"image\":{\"@id\":\"https:\\\/\\\/usa-b2.com\\\/no\\\/new-england-hostlovverk-tur\\\/#primaryimage\"},\"thumbnailUrl\":\"https:\\\/\\\/usa-b2.com\\\/wp-content\\\/uploads\\\/2025\\\/01\\\/New-England-Fall-Foliage-Tour-USA-edited.png\",\"datePublished\":\"2025-01-15T11:55:39+00:00\",\"dateModified\":\"2025-01-21T10:36:45+00:00\",\"description\":\"Oppdag New England Fall Foliage Tour i USA: ikoniske steder, landskap, overnatting og reiseruter.\",\"breadcrumb\":{\"@id\":\"https:\\\/\\\/usa-b2.com\\\/no\\\/new-england-hostlovverk-tur\\\/#breadcrumb\"},\"inLanguage\":\"nb-NO\",\"potentialAction\":[{\"@type\":\"ReadAction\",\"target\":[\"https:\\\/\\\/usa-b2.com\\\/no\\\/new-england-hostlovverk-tur\\\/\"]}]},{\"@type\":\"ImageObject\",\"inLanguage\":\"nb-NO\",\"@id\":\"https:\\\/\\\/usa-b2.com\\\/no\\\/new-england-hostlovverk-tur\\\/#primaryimage\",\"url\":\"https:\\\/\\\/usa-b2.com\\\/wp-content\\\/uploads\\\/2025\\\/01\\\/New-England-Fall-Foliage-Tour-USA-edited.png\",\"contentUrl\":\"https:\\\/\\\/usa-b2.com\\\/wp-content\\\/uploads\\\/2025\\\/01\\\/New-England-Fall-Foliage-Tour-USA-edited.png\"},{\"@type\":\"BreadcrumbList\",\"@id\":\"https:\\\/\\\/usa-b2.com\\\/no\\\/new-england-hostlovverk-tur\\\/#breadcrumb\",\"itemListElement\":[{\"@type\":\"ListItem\",\"position\":1,\"name\":\"Accueil\",\"item\":\"https:\\\/\\\/usa-b2.com\\\/no\\\/usa\\\/\"},{\"@type\":\"ListItem\",\"position\":2,\"name\":\"Oppdag New England Fall Foliage Tour i USA\"}]},{\"@type\":\"WebSite\",\"@id\":\"https:\\\/\\\/usa-b2.com\\\/no\\\/#website\",\"url\":\"https:\\\/\\\/usa-b2.com\\\/no\\\/\",\"name\":\"USA B2 VISA\",\"description\":\"\",\"potentialAction\":[{\"@type\":\"SearchAction\",\"target\":{\"@type\":\"EntryPoint\",\"urlTemplate\":\"https:\\\/\\\/usa-b2.com\\\/no\\\/?s={search_term_string}\"},\"query-input\":{\"@type\":\"PropertyValueSpecification\",\"valueRequired\":true,\"valueName\":\"search_term_string\"}}],\"inLanguage\":\"nb-NO\"}]}<\/script>\n<!-- \/ Yoast SEO plugin. -->","yoast_head_json":{"title":"Oppdag New England Fall Foliage Tour i USA - USA B2","description":"Oppdag New England Fall Foliage Tour i USA: ikoniske steder, landskap, overnatting og reiseruter.","robots":{"index":"index","follow":"follow","max-snippet":"max-snippet:-1","max-image-preview":"max-image-preview:large","max-video-preview":"max-video-preview:-1"},"canonical":"https:\/\/usa-b2.com\/no\/new-england-hostlovverk-tur\/","og_locale":"nb_NO","og_type":"article","og_title":"Oppdag New England Fall Foliage Tour i USA - USA B2","og_description":"Oppdag New England Fall Foliage Tour i USA: ikoniske steder, landskap, overnatting og reiseruter.","og_url":"https:\/\/usa-b2.com\/no\/new-england-hostlovverk-tur\/","og_site_name":"USA B2","article_modified_time":"2025-01-21T10:36:45+00:00","og_image":[{"width":706,"height":397,"url":"https:\/\/usa-b2.com\/wp-content\/uploads\/2025\/01\/New-England-Fall-Foliage-Tour-USA-edited.png","type":"image\/png"}],"twitter_card":"summary_large_image","twitter_misc":{"Ansl. lesetid":"3 minutter"},"schema":{"@context":"https:\/\/schema.org","@graph":[{"@type":"WebPage","@id":"https:\/\/usa-b2.com\/no\/new-england-hostlovverk-tur\/","url":"https:\/\/usa-b2.com\/no\/new-england-hostlovverk-tur\/","name":"Oppdag New England Fall Foliage Tour i USA - USA B2","isPartOf":{"@id":"https:\/\/usa-b2.com\/no\/#website"},"primaryImageOfPage":{"@id":"https:\/\/usa-b2.com\/no\/new-england-hostlovverk-tur\/#primaryimage"},"image":{"@id":"https:\/\/usa-b2.com\/no\/new-england-hostlovverk-tur\/#primaryimage"},"thumbnailUrl":"https:\/\/usa-b2.com\/wp-content\/uploads\/2025\/01\/New-England-Fall-Foliage-Tour-USA-edited.png","datePublished":"2025-01-15T11:55:39+00:00","dateModified":"2025-01-21T10:36:45+00:00","description":"Oppdag New England Fall Foliage Tour i USA: ikoniske steder, landskap, overnatting og reiseruter.","breadcrumb":{"@id":"https:\/\/usa-b2.com\/no\/new-england-hostlovverk-tur\/#breadcrumb"},"inLanguage":"nb-NO","potentialAction":[{"@type":"ReadAction","target":["https:\/\/usa-b2.com\/no\/new-england-hostlovverk-tur\/"]}]},{"@type":"ImageObject","inLanguage":"nb-NO","@id":"https:\/\/usa-b2.com\/no\/new-england-hostlovverk-tur\/#primaryimage","url":"https:\/\/usa-b2.com\/wp-content\/uploads\/2025\/01\/New-England-Fall-Foliage-Tour-USA-edited.png","contentUrl":"https:\/\/usa-b2.com\/wp-content\/uploads\/2025\/01\/New-England-Fall-Foliage-Tour-USA-edited.png"},{"@type":"BreadcrumbList","@id":"https:\/\/usa-b2.com\/no\/new-england-hostlovverk-tur\/#breadcrumb","itemListElement":[{"@type":"ListItem","position":1,"name":"Accueil","item":"https:\/\/usa-b2.com\/no\/usa\/"},{"@type":"ListItem","position":2,"name":"Oppdag New England Fall Foliage Tour i USA"}]},{"@type":"WebSite","@id":"https:\/\/usa-b2.com\/no\/#website","url":"https:\/\/usa-b2.com\/no\/","name":"USA B2 VISA","description":"","potentialAction":[{"@type":"SearchAction","target":{"@type":"EntryPoint","urlTemplate":"https:\/\/usa-b2.com\/no\/?s={search_term_string}"},"query-input":{"@type":"PropertyValueSpecification","valueRequired":true,"valueName":"search_term_string"}}],"inLanguage":"nb-NO"}]}},"_links":{"self":[{"href":"https:\/\/usa-b2.com\/no\/wp-json\/wp\/v2\/pages\/6243","targetHints":{"allow":["GET"]}}],"collection":[{"href":"https:\/\/usa-b2.com\/no\/wp-json\/wp\/v2\/pages"}],"about":[{"href":"https:\/\/usa-b2.com\/no\/wp-json\/wp\/v2\/types\/page"}],"author":[{"embeddable":true,"href":"https:\/\/usa-b2.com\/no\/wp-json\/wp\/v2\/users\/1"}],"replies":[{"embeddable":true,"href":"https:\/\/usa-b2.com\/no\/wp-json\/wp\/v2\/comments?post=6243"}],"version-history":[{"count":0,"href":"https:\/\/usa-b2.com\/no\/wp-json\/wp\/v2\/pages\/6243\/revisions"}],"wp:attachment":[{"href":"https:\/\/usa-b2.com\/no\/wp-json\/wp\/v2\/media?parent=6243"}],"curies":[{"name":"wp","href":"https:\/\/api.w.org\/{rel}","templated":true}]}}