{"id":6226,"date":"2025-01-15T10:13:22","date_gmt":"2025-01-15T10:13:22","guid":{"rendered":"https:\/\/usa-b2.com\/blue-ridge-parkway-united-states\/"},"modified":"2025-01-21T10:35:16","modified_gmt":"2025-01-21T10:35:16","slug":"blue-ridge-parkway-forente-stater","status":"publish","type":"page","link":"https:\/\/usa-b2.com\/no\/blue-ridge-parkway-forente-stater\/","title":{"rendered":"Oppdag Blue Ridge Parkway i USA"},"content":{"rendered":"\n<h1 class=\"wp-block-heading\">Hvordan planlegger du en biltur p\u00e5 Blue Ridge Parkway?<\/h1>\n\n<p><a href=\"https:\/\/www.blueridgeparkway.org\/\">Blue Ridge Parkway<\/a>, med kallenavnet &laquo;America&#8217;s Favorite Drive&raquo;, er en av de vakreste naturskj\u00f8nne bilturene i USA. Denne legendariske ruten strekker seg over nesten 755 kilometer mellom <a href=\"https:\/\/www.virginia.org\/\">Virginia<\/a> og North Carolina, og g\u00e5r gjennom et fantastisk landskap med alt fra gr\u00f8nne fjell til fredelige daler. Enten du er turentusiast, ivrig fotograf eller bare er ute etter litt fred og ro, forteller denne omfattende guiden deg alt du trenger \u00e5 vite for \u00e5 f\u00e5 mest mulig ut av denne legendariske bilturen.  <\/p>\n\n<figure class=\"wp-block-image size-full\"><img fetchpriority=\"high\" decoding=\"async\" width=\"597\" height=\"336\" src=\"https:\/\/usa-b2.com\/wp-content\/uploads\/2025\/01\/Blue-Ridge-Parkway-Virginie-Caroline-Nord-USA-edited.png\" alt=\"\" class=\"wp-image-6796\" srcset=\"https:\/\/usa-b2.com\/wp-content\/uploads\/2025\/01\/Blue-Ridge-Parkway-Virginie-Caroline-Nord-USA-edited.png 597w, https:\/\/usa-b2.com\/wp-content\/uploads\/2025\/01\/Blue-Ridge-Parkway-Virginie-Caroline-Nord-USA-edited-300x169.png 300w\" sizes=\"(max-width: 597px) 100vw, 597px\" \/><\/figure>\n\n<h2 class=\"wp-block-heading\">Oppdag Blue Ridge Parkway<\/h2>\n\n<h3 class=\"wp-block-heading\">Ikke g\u00e5 glipp av<\/h3>\n\n<ul class=\"wp-block-list\">\n<li><strong>Milepost 0<\/strong>: Afton Overlook (Virginia): Et spektakul\u00e6rt f\u00f8rste glimt av de omkringliggende fjellene.<\/li>\n\n\n\n<li><strong>Milepost 85<\/strong>: Peaks of Otter: Tilgjengelige turstier og en pittoresk innsj\u00f8 som er perfekt for en piknik.<\/li>\n\n\n\n<li><strong>Milepost 316<\/strong>: Linville Falls, North Carolina: En imponerende foss, ideell for fotoentusiaster.<\/li>\n\n\n\n<li><strong>Milepost 469<\/strong>: Cherokee: Slutten p\u00e5 Parkway, like ved Great Smoky Mountains nasjonalpark.<\/li>\n<\/ul>\n\n<h3 class=\"wp-block-heading\">De varierte landskapene langs ruten<\/h3>\n\n<p>Blue Ridge Parkway byr p\u00e5 et mangfold av utsikter, fra de tette skogene i Virginia til de forrevne toppene i North Carolina. Om h\u00f8sten tiltrekker det flammende l\u00f8vverket bes\u00f8kende fra hele verden, og om v\u00e5ren er det villblomster langs veikantene. Tunneler som er sk\u00e5ret inn i fjellene, gir opplevelsen et pittoresk preg.  <\/p>\n\n<h2 class=\"wp-block-heading\">Overnatting: Overnattingssteder og strategiske byer<\/h2>\n\n<h3 class=\"wp-block-heading\">Foretrukne mellomlandingsbyer<\/h3>\n\n<ul class=\"wp-block-list\">\n<li><strong><a href=\"https:\/\/www.roanokeva.gov\/148\/Visitors-Tourism\">Roanoke<\/a> (Virginia)<\/strong>: Denne byen er ideell for \u00e5 utforske den nordlige delen av Parkway, og tilbyr komfortable hoteller og et livlig restaurantliv.<\/li>\n\n\n\n<li><strong><a href=\"https:\/\/www.exploreasheville.com\/\">Asheville<\/a> (North Carolina): <\/strong> Et must for alle som elsker kunst, musikk og lokal mat.<\/li>\n\n\n\n<li><strong><a href=\"https:\/\/blowingrock.com\/\">Blowing Rock<\/a> (North Carolina):<\/strong> En sjarmerende liten by kjent for sine butikker, restauranter og fjellatmosf\u00e6re.<\/li>\n<\/ul>\n\n<h3 class=\"wp-block-heading\">Overnatting i og rundt Parkway<\/h3>\n\n<ul class=\"wp-block-list\">\n<li><strong>Historiske hytter<\/strong>: <a href=\"https:\/\/www.peaksofotter.com\/\">Peaks of Otter Lodge<\/a> og Pisgah Inn byr p\u00e5 autentiske omgivelser og fantastisk utsikt.<\/li>\n\n\n\n<li><strong>Camping<\/strong>: Velutstyrte campingplasser som Doughton Park gir deg muligheten til \u00e5 leve deg helt inn i naturen.<\/li>\n<\/ul>\n\n<h2 class=\"wp-block-heading\">Anbefalt 5-dagers reiserute<\/h2>\n\n<figure class=\"wp-block-table\"><table class=\"has-fixed-layout\"><tbody><tr><td class=\"has-text-align-center\" data-align=\"center\"><strong>Dag<\/strong><\/td><td class=\"has-text-align-center\" data-align=\"center\"><strong>Seksjon<\/strong><\/td><td class=\"has-text-align-center\" data-align=\"center\"><strong>Hovedaktiviteter<\/strong><\/td><td class=\"has-text-align-center\" data-align=\"center\"><strong>Forslag til overnatting<\/strong><\/td><\/tr><tr><td class=\"has-text-align-center\" data-align=\"center\">1<\/td><td class=\"has-text-align-center\" data-align=\"center\">Afton til Roanoke<\/td><td class=\"has-text-align-center\" data-align=\"center\">Afton Overlook, Humpback Rock<\/td><td class=\"has-text-align-center\" data-align=\"center\">Roanoke<\/td><\/tr><tr><td class=\"has-text-align-center\" data-align=\"center\">2<\/td><td class=\"has-text-align-center\" data-align=\"center\">Roanoke til Blowing Rock<\/td><td class=\"has-text-align-center\" data-align=\"center\">Rock Peaks of Otter, Mabry Mill<\/td><td class=\"has-text-align-center\" data-align=\"center\">Blowing Rock<\/td><\/tr><tr><td class=\"has-text-align-center\" data-align=\"center\">3<\/td><td class=\"has-text-align-center\" data-align=\"center\">Blowing Rock i Asheville<\/td><td class=\"has-text-align-center\" data-align=\"center\">Linville Falls, Grandfather Mountain<\/td><td class=\"has-text-align-center\" data-align=\"center\">Asheville<\/td><\/tr><tr><td class=\"has-text-align-center\" data-align=\"center\">4<\/td><td class=\"has-text-align-center\" data-align=\"center\">Asheville til Mount Pisgah<\/td><td class=\"has-text-align-center\" data-align=\"center\">Pisgah Inn, Craggy Gardens<\/td><td class=\"has-text-align-center\" data-align=\"center\">Pisgah Inn<\/td><\/tr><tr><td class=\"has-text-align-center\" data-align=\"center\">5<\/td><td class=\"has-text-align-center\" data-align=\"center\">Mount Pisgah i <a href=\"https:\/\/visitcherokeenc.com\/\">Cherokee<\/a><\/td><td class=\"has-text-align-center\" data-align=\"center\">Waterrock Knob, Cherokee<\/td><td class=\"has-text-align-center\" data-align=\"center\">Cherokee<\/td><\/tr><\/tbody><\/table><\/figure>\n\n<p><br\/>Denne reiseruten gir deg mulighet til \u00e5 oppdage h\u00f8ydepunktene i Parkway, samtidig som du balanserer utforskning og avslapning.<\/p>\n\n<h2 class=\"wp-block-heading\">Instagrammable fotopunkter<\/h2>\n\n<h3 class=\"wp-block-heading\">De perfekte landskapene for bildene dine<\/h3>\n\n<p>Blue Ridge Parkway er full av fotogene steder. Disse inkluderer: <\/p>\n\n<ul class=\"wp-block-list\">\n<li><strong>Craggy Gardens (kilometerstolpe 364)<\/strong>: Fargerik utsikt, spesielt om v\u00e5ren.<\/li>\n\n\n\n<li><strong>Mabry Mill (milep\u00e6l 176)<\/strong>: En gammel kvernstein omgitt av bukolisk landskap, perfekt for rustikke bilder.<\/li>\n\n\n\n<li><strong>Waterrock Knob (milep\u00e6l 451):<\/strong> En spektakul\u00e6r utsikt ved solnedgang.<\/li>\n<\/ul>\n\n<h3 class=\"wp-block-heading\">Tips for \u00e5 forevige Parkway<\/h3>\n\n<p>De beste bildene f\u00e5r du ved \u00e5 fokusere p\u00e5 soloppganger og solnedganger, n\u00e5r lyset er mykt og fargene levende. Ikke glem \u00e5 ta bilder av de ikoniske tunnelene og de svingete kurvene p\u00e5 veien. <\/p>\n\n<h2 class=\"wp-block-heading\">Aktiviteter i henhold til din type reise<\/h2>\n\n<h3 class=\"wp-block-heading\">For par: romantiske \u00f8yeblikk<\/h3>\n\n<ul class=\"wp-block-list\">\n<li><strong>Stille turer og utsiktspunkter<\/strong>: L\u00f8yper som Flat Top Trail ved Peaks of Otter byr p\u00e5 \u00f8yeblikk av fred og ro for to.<\/li>\n\n\n\n<li><strong>Lokale smakspr\u00f8ver <\/strong>: I Asheville kan du <strong>smake <\/strong> p\u00e5 regionale retter og viner i en vennlig atmosf\u00e6re.<\/li>\n\n\n\n<li><strong>Stjernekikking<\/strong>: Parkways lave lysforurensning gj\u00f8r det til et ideelt sted for \u00e5 betrakte Melkeveien.<\/li>\n<\/ul>\n\n<h3 class=\"wp-block-heading\">Med familien: barnevennlige opplevelser<\/h3>\n\n<ul class=\"wp-block-list\">\n<li><strong>Oppl\u00e6ringsaktiviteter<\/strong>: Bes\u00f8kssentre som Humpback Rocks tilbyr interaktive programmer for barn.<\/li>\n\n\n\n<li>Lett <strong>tilgjengelige turer <\/strong>: Linville Falls Trail er kort og enkel, perfekt for familier med sm\u00e5 barn.<\/li>\n\n\n\n<li><strong>Piknik<\/strong> i det fri: Flere omr\u00e5der langs Parkway, som Doughton Park, er ideelle for et m\u00e5ltid i det fri.<\/li>\n<\/ul>\n\n<p>Blue Ridge Parkway er mye mer enn bare en vei: det er en oppslukende opplevelse i hjertet av Amerikas naturskj\u00f8nnhet. Enten du er ute etter eventyr, avslapning eller familieminner, vil denne reisen gi deg uforglemmelige bilder og opplevelser. Planlegg reiseruten din, legg ut p\u00e5 veien, og la deg fortrylle av Blue Ridge Mountains&#8217; underverker.  <\/p>\n","protected":false},"excerpt":{"rendered":"<p>Hvordan planlegger du en biltur p\u00e5 Blue Ridge Parkway? Blue Ridge Parkway, med kallenavnet &laquo;America&#8217;s Favorite Drive&raquo;, er en av de vakreste naturskj\u00f8nne bilturene i USA. Denne legendariske ruten strekker seg over nesten 755 kilometer mellom Virginia og North Carolina, og g\u00e5r gjennom et fantastisk landskap med alt fra gr\u00f8nne fjell til fredelige daler. Enten [&hellip;]<\/p>\n","protected":false},"author":1,"featured_media":0,"parent":0,"menu_order":0,"comment_status":"closed","ping_status":"closed","template":"","meta":{"footnotes":""},"class_list":["post-6226","page","type-page","status-publish","hentry"],"yoast_head":"<!-- This site is optimized with the Yoast SEO plugin v27.4 - https:\/\/yoast.com\/product\/yoast-seo-wordpress\/ -->\n<title>Oppdag Blue Ridge Parkway i USA - USA B2<\/title>\n<meta name=\"description\" content=\"Oppdag Blue Ridge Parkway: reiseruter, de beste overnattingsstedene, fotoplasser og aktiviteter for par og familier!\" \/>\n<meta name=\"robots\" content=\"index, follow, max-snippet:-1, max-image-preview:large, max-video-preview:-1\" \/>\n<link rel=\"canonical\" href=\"https:\/\/usa-b2.com\/no\/blue-ridge-parkway-forente-stater\/\" \/>\n<meta property=\"og:locale\" content=\"nb_NO\" \/>\n<meta property=\"og:type\" content=\"article\" \/>\n<meta property=\"og:title\" content=\"Oppdag Blue Ridge Parkway i USA - USA B2\" \/>\n<meta property=\"og:description\" content=\"Oppdag Blue Ridge Parkway: reiseruter, de beste overnattingsstedene, fotoplasser og aktiviteter for par og familier!\" \/>\n<meta property=\"og:url\" content=\"https:\/\/usa-b2.com\/no\/blue-ridge-parkway-forente-stater\/\" \/>\n<meta property=\"og:site_name\" content=\"USA B2\" \/>\n<meta property=\"article:modified_time\" content=\"2025-01-21T10:35:16+00:00\" \/>\n<meta property=\"og:image\" content=\"https:\/\/usa-b2.com\/wp-content\/uploads\/2025\/01\/Blue-Ridge-Parkway-Virginie-Caroline-Nord-USA-edited.png\" \/>\n\t<meta property=\"og:image:width\" content=\"597\" \/>\n\t<meta property=\"og:image:height\" content=\"336\" \/>\n\t<meta property=\"og:image:type\" content=\"image\/png\" \/>\n<meta name=\"twitter:card\" content=\"summary_large_image\" \/>\n<meta name=\"twitter:label1\" content=\"Ansl. lesetid\" \/>\n\t<meta name=\"twitter:data1\" content=\"3 minutter\" \/>\n<script type=\"application\/ld+json\" class=\"yoast-schema-graph\">{\"@context\":\"https:\\\/\\\/schema.org\",\"@graph\":[{\"@type\":\"WebPage\",\"@id\":\"https:\\\/\\\/usa-b2.com\\\/no\\\/blue-ridge-parkway-forente-stater\\\/\",\"url\":\"https:\\\/\\\/usa-b2.com\\\/no\\\/blue-ridge-parkway-forente-stater\\\/\",\"name\":\"Oppdag Blue Ridge Parkway i USA - USA B2\",\"isPartOf\":{\"@id\":\"https:\\\/\\\/usa-b2.com\\\/no\\\/#website\"},\"primaryImageOfPage\":{\"@id\":\"https:\\\/\\\/usa-b2.com\\\/no\\\/blue-ridge-parkway-forente-stater\\\/#primaryimage\"},\"image\":{\"@id\":\"https:\\\/\\\/usa-b2.com\\\/no\\\/blue-ridge-parkway-forente-stater\\\/#primaryimage\"},\"thumbnailUrl\":\"https:\\\/\\\/usa-b2.com\\\/wp-content\\\/uploads\\\/2025\\\/01\\\/Blue-Ridge-Parkway-Virginie-Caroline-Nord-USA-edited.png\",\"datePublished\":\"2025-01-15T10:13:22+00:00\",\"dateModified\":\"2025-01-21T10:35:16+00:00\",\"description\":\"Oppdag Blue Ridge Parkway: reiseruter, de beste overnattingsstedene, fotoplasser og aktiviteter for par og familier!\",\"breadcrumb\":{\"@id\":\"https:\\\/\\\/usa-b2.com\\\/no\\\/blue-ridge-parkway-forente-stater\\\/#breadcrumb\"},\"inLanguage\":\"nb-NO\",\"potentialAction\":[{\"@type\":\"ReadAction\",\"target\":[\"https:\\\/\\\/usa-b2.com\\\/no\\\/blue-ridge-parkway-forente-stater\\\/\"]}]},{\"@type\":\"ImageObject\",\"inLanguage\":\"nb-NO\",\"@id\":\"https:\\\/\\\/usa-b2.com\\\/no\\\/blue-ridge-parkway-forente-stater\\\/#primaryimage\",\"url\":\"https:\\\/\\\/usa-b2.com\\\/wp-content\\\/uploads\\\/2025\\\/01\\\/Blue-Ridge-Parkway-Virginie-Caroline-Nord-USA-edited.png\",\"contentUrl\":\"https:\\\/\\\/usa-b2.com\\\/wp-content\\\/uploads\\\/2025\\\/01\\\/Blue-Ridge-Parkway-Virginie-Caroline-Nord-USA-edited.png\"},{\"@type\":\"BreadcrumbList\",\"@id\":\"https:\\\/\\\/usa-b2.com\\\/no\\\/blue-ridge-parkway-forente-stater\\\/#breadcrumb\",\"itemListElement\":[{\"@type\":\"ListItem\",\"position\":1,\"name\":\"Accueil\",\"item\":\"https:\\\/\\\/usa-b2.com\\\/no\\\/usa\\\/\"},{\"@type\":\"ListItem\",\"position\":2,\"name\":\"Oppdag Blue Ridge Parkway i USA\"}]},{\"@type\":\"WebSite\",\"@id\":\"https:\\\/\\\/usa-b2.com\\\/no\\\/#website\",\"url\":\"https:\\\/\\\/usa-b2.com\\\/no\\\/\",\"name\":\"USA B2 VISA\",\"description\":\"\",\"potentialAction\":[{\"@type\":\"SearchAction\",\"target\":{\"@type\":\"EntryPoint\",\"urlTemplate\":\"https:\\\/\\\/usa-b2.com\\\/no\\\/?s={search_term_string}\"},\"query-input\":{\"@type\":\"PropertyValueSpecification\",\"valueRequired\":true,\"valueName\":\"search_term_string\"}}],\"inLanguage\":\"nb-NO\"}]}<\/script>\n<!-- \/ Yoast SEO plugin. -->","yoast_head_json":{"title":"Oppdag Blue Ridge Parkway i USA - USA B2","description":"Oppdag Blue Ridge Parkway: reiseruter, de beste overnattingsstedene, fotoplasser og aktiviteter for par og familier!","robots":{"index":"index","follow":"follow","max-snippet":"max-snippet:-1","max-image-preview":"max-image-preview:large","max-video-preview":"max-video-preview:-1"},"canonical":"https:\/\/usa-b2.com\/no\/blue-ridge-parkway-forente-stater\/","og_locale":"nb_NO","og_type":"article","og_title":"Oppdag Blue Ridge Parkway i USA - USA B2","og_description":"Oppdag Blue Ridge Parkway: reiseruter, de beste overnattingsstedene, fotoplasser og aktiviteter for par og familier!","og_url":"https:\/\/usa-b2.com\/no\/blue-ridge-parkway-forente-stater\/","og_site_name":"USA B2","article_modified_time":"2025-01-21T10:35:16+00:00","og_image":[{"width":597,"height":336,"url":"https:\/\/usa-b2.com\/wp-content\/uploads\/2025\/01\/Blue-Ridge-Parkway-Virginie-Caroline-Nord-USA-edited.png","type":"image\/png"}],"twitter_card":"summary_large_image","twitter_misc":{"Ansl. lesetid":"3 minutter"},"schema":{"@context":"https:\/\/schema.org","@graph":[{"@type":"WebPage","@id":"https:\/\/usa-b2.com\/no\/blue-ridge-parkway-forente-stater\/","url":"https:\/\/usa-b2.com\/no\/blue-ridge-parkway-forente-stater\/","name":"Oppdag Blue Ridge Parkway i USA - USA B2","isPartOf":{"@id":"https:\/\/usa-b2.com\/no\/#website"},"primaryImageOfPage":{"@id":"https:\/\/usa-b2.com\/no\/blue-ridge-parkway-forente-stater\/#primaryimage"},"image":{"@id":"https:\/\/usa-b2.com\/no\/blue-ridge-parkway-forente-stater\/#primaryimage"},"thumbnailUrl":"https:\/\/usa-b2.com\/wp-content\/uploads\/2025\/01\/Blue-Ridge-Parkway-Virginie-Caroline-Nord-USA-edited.png","datePublished":"2025-01-15T10:13:22+00:00","dateModified":"2025-01-21T10:35:16+00:00","description":"Oppdag Blue Ridge Parkway: reiseruter, de beste overnattingsstedene, fotoplasser og aktiviteter for par og familier!","breadcrumb":{"@id":"https:\/\/usa-b2.com\/no\/blue-ridge-parkway-forente-stater\/#breadcrumb"},"inLanguage":"nb-NO","potentialAction":[{"@type":"ReadAction","target":["https:\/\/usa-b2.com\/no\/blue-ridge-parkway-forente-stater\/"]}]},{"@type":"ImageObject","inLanguage":"nb-NO","@id":"https:\/\/usa-b2.com\/no\/blue-ridge-parkway-forente-stater\/#primaryimage","url":"https:\/\/usa-b2.com\/wp-content\/uploads\/2025\/01\/Blue-Ridge-Parkway-Virginie-Caroline-Nord-USA-edited.png","contentUrl":"https:\/\/usa-b2.com\/wp-content\/uploads\/2025\/01\/Blue-Ridge-Parkway-Virginie-Caroline-Nord-USA-edited.png"},{"@type":"BreadcrumbList","@id":"https:\/\/usa-b2.com\/no\/blue-ridge-parkway-forente-stater\/#breadcrumb","itemListElement":[{"@type":"ListItem","position":1,"name":"Accueil","item":"https:\/\/usa-b2.com\/no\/usa\/"},{"@type":"ListItem","position":2,"name":"Oppdag Blue Ridge Parkway i USA"}]},{"@type":"WebSite","@id":"https:\/\/usa-b2.com\/no\/#website","url":"https:\/\/usa-b2.com\/no\/","name":"USA B2 VISA","description":"","potentialAction":[{"@type":"SearchAction","target":{"@type":"EntryPoint","urlTemplate":"https:\/\/usa-b2.com\/no\/?s={search_term_string}"},"query-input":{"@type":"PropertyValueSpecification","valueRequired":true,"valueName":"search_term_string"}}],"inLanguage":"nb-NO"}]}},"_links":{"self":[{"href":"https:\/\/usa-b2.com\/no\/wp-json\/wp\/v2\/pages\/6226","targetHints":{"allow":["GET"]}}],"collection":[{"href":"https:\/\/usa-b2.com\/no\/wp-json\/wp\/v2\/pages"}],"about":[{"href":"https:\/\/usa-b2.com\/no\/wp-json\/wp\/v2\/types\/page"}],"author":[{"embeddable":true,"href":"https:\/\/usa-b2.com\/no\/wp-json\/wp\/v2\/users\/1"}],"replies":[{"embeddable":true,"href":"https:\/\/usa-b2.com\/no\/wp-json\/wp\/v2\/comments?post=6226"}],"version-history":[{"count":0,"href":"https:\/\/usa-b2.com\/no\/wp-json\/wp\/v2\/pages\/6226\/revisions"}],"wp:attachment":[{"href":"https:\/\/usa-b2.com\/no\/wp-json\/wp\/v2\/media?parent=6226"}],"curies":[{"name":"wp","href":"https:\/\/api.w.org\/{rel}","templated":true}]}}