{"id":6205,"date":"2025-01-15T09:10:05","date_gmt":"2025-01-15T09:10:05","guid":{"rendered":"https:\/\/usa-b2.com\/great-parks-west-usa\/"},"modified":"2025-01-21T12:38:36","modified_gmt":"2025-01-21T12:38:36","slug":"great-parks-west-usa","status":"publish","type":"page","link":"https:\/\/usa-b2.com\/no\/great-parks-west-usa\/","title":{"rendered":"P\u00e5 tur i de store westernparkene i USA"},"content":{"rendered":"\n<h1 class=\"wp-block-heading\">Hvordan organiserer du en roadtrip til de store parkene i Vesten?<\/h1>\n\n<p>The Mighty Five,<a href=\"https:\/\/www.office-tourisme-usa.com\/etat\/utah\/\">Utahs<\/a> fem ikoniske nasjonalparker, legemliggj\u00f8r den barske skj\u00f8nnheten i det amerikanske vesten. Hvert \u00e5r tiltrekker de seg millioner av bes\u00f8kende p\u00e5 jakt etter fantastiske utsikter og minneverdige opplevelser. Denne omfattende guiden hjelper deg med \u00e5 planlegge turen, fra reiseruter og fotolokasjoner til overnatting og aktiviteter som passer for alle. Oppdag hemmelighetene til Mighty Five, og forbered deg p\u00e5 en uforglemmelig opplevelse i hjertet av Utahs landskap.   <\/p>\n\n<figure class=\"wp-block-gallery has-nested-images columns-default is-cropped wp-block-gallery-1 is-layout-flex wp-block-gallery-is-layout-flex\">\n<figure class=\"wp-block-image size-large\"><img fetchpriority=\"high\" decoding=\"async\" width=\"789\" height=\"444\" data-id=\"6696\" src=\"https:\/\/usa-b2.com\/wp-content\/uploads\/2025\/01\/National-Parks-Road-Trip-Utah-edited-1.png\" alt=\"\" class=\"wp-image-6696\" srcset=\"https:\/\/usa-b2.com\/wp-content\/uploads\/2025\/01\/National-Parks-Road-Trip-Utah-edited-1.png 789w, https:\/\/usa-b2.com\/wp-content\/uploads\/2025\/01\/National-Parks-Road-Trip-Utah-edited-1-300x169.png 300w, https:\/\/usa-b2.com\/wp-content\/uploads\/2025\/01\/National-Parks-Road-Trip-Utah-edited-1-768x432.png 768w\" sizes=\"(max-width: 789px) 100vw, 789px\" \/><\/figure>\n<\/figure>\n\n<h2 class=\"wp-block-heading\">Oppdag de fem mektige: Nasjonalparkene og deres unike landskap<\/h2>\n\n<h3 class=\"wp-block-heading\">Nasjonalparker du ikke m\u00e5 g\u00e5 glipp av<\/h3>\n\n<h4 class=\"wp-block-heading\">Zion nasjonalpark: majestetiske klipper og ikoniske stier<\/h4>\n\n<p><a href=\"https:\/\/www.nps.gov\/zion\/index.htm\">Zion<\/a> er kjent for sine imponerende r\u00f8de klipper og spektakul\u00e6re fotturer som Angel&#8217;s Landing, en svimlende sti med panoramautsikt. Vannelskere vil ikke g\u00e5 glipp av The Narrows, der det er en uforglemmelig opplevelse \u00e5 g\u00e5 i en elv omgitt av trange juv. <\/p>\n\n<h4 class=\"wp-block-heading\">Bryce Canyon: et naturlig amfiteater av hoodoos<\/h4>\n\n<p><a href=\"https:\/\/www.nps.gov\/brca\/index.htm\">Bryce Canyon<\/a> er kjent for sine unike fjellformasjoner, kjent som hoodoos. Utsiktspunkter som Sunrise Point og Inspiration Point byr p\u00e5 fantastiske panoramaer, spesielt ved daggry eller i skumringen. <\/p>\n\n<h4 class=\"wp-block-heading\">Arches og Canyonlands: Utahs geologiske underverker<\/h4>\n\n<p>Arches er hjemsted for mer enn 2000 naturlige buer, deriblant den ber\u00f8mte Delicate Arch. Bare noen kilometer unna ligger Canyonlands med endel\u00f8se kl\u00f8fter og Mesa Arch, som er et must \u00e5 se ved soloppgang. <\/p>\n\n<h3 class=\"wp-block-heading\">Landskap og symbolske stoppesteder<\/h3>\n\n<h4 class=\"wp-block-heading\">Naturskj\u00f8nne steder \u00e5 utforske<\/h4>\n\n<p>Hver park har sine egne unike skatter. I Capitol Reef er Waterpocket Fold en fascinerende geologisk formasjon, mens Fruita Historic District gir bes\u00f8kende et innblikk i regionens historie. Bryce Canyon er ber\u00f8mt for sine merkelig formede hoodoos, som for eksempel Thors Hammer.  <\/p>\n\n<h4 class=\"wp-block-heading\">De beste naturskj\u00f8nne rutene<\/h4>\n\n<p>Ruter som Scenic Byway 12 mellom Bryce og Capitol Reef byr p\u00e5 fantastisk utsikt over fjell og \u00f8rken. Ta deg tid til \u00e5 stoppe ved utkikkspunktene og beundre landskapet. <\/p>\n\n<h2 class=\"wp-block-heading\">Overnatting: Overnattingssteder og strategiske byer<\/h2>\n\n<h3 class=\"wp-block-heading\">Byer du m\u00e5 se p\u00e5 et stoppested<\/h3>\n\n<h4 class=\"wp-block-heading\">Springdale: ved porten til Sion<\/h4>\n\n<p><a href=\"https:\/\/www.springdaletown.com\/\">Springdale<\/a> er et ideelt utgangspunkt for \u00e5 utforske Zion. Her finnes et bredt utvalg av overnattingssteder, fra komfortable hytter til luksushoteller, og restauranter for enhver smak. Den strategiske beliggenheten gj\u00f8r det enkelt \u00e5 komme seg inn i parken med praktiske skyttelbusser.  <\/p>\n\n<h4 class=\"wp-block-heading\">Moab: i skj\u00e6ringspunktet mellom to parker<\/h4>\n\n<p><a href=\"https:\/\/www.discovermoab.com\/\">Moab<\/a> er en livlig og innbydende by, perfekt for \u00e5 utforske Arches og Canyonlands. Overnattingsmulighetene omfatter velutstyrte campingplasser, familievennlige hoteller og solo-vennlige herberger. <\/p>\n\n<h3 class=\"wp-block-heading\">Overnatting i parkene: garantert fordypning<\/h3>\n\n<h4 class=\"wp-block-heading\">Lodger for en unik opplevelse<\/h4>\n\n<p>Flere parker, som Zion og Bryce, har hytter med direkte utsikt over naturlandskapet. Det er viktig \u00e5 bestille slik innkvartering p\u00e5 forh\u00e5nd for \u00e5 garantere et opphold midt i naturen. <\/p>\n\n<h4 class=\"wp-block-heading\">Camping: sove under stjernene<\/h4>\n\n<p>Camping er et popul\u00e6rt alternativ for eventyrere. Det finnes opparbeidede campingplasser i alle parkene, med alle n\u00f8dvendige fasiliteter og n\u00e6rhet til turstier. Bryce Canyon er spesielt popul\u00e6r p\u00e5 grunn av sin enest\u00e5ende nattehimmel.  <\/p>\n\n<h2 class=\"wp-block-heading\">Anbefalt reiserute: Utforsk Mighty Five p\u00e5 7 dager<\/h2>\n\n<figure class=\"wp-block-table\"><table class=\"has-fixed-layout\"><tbody><tr><td><strong>Dag<\/strong><\/td><td><strong>Park<\/strong><\/td><td><strong>Hovedaktiviteter<\/strong><\/td><td><strong>Forslag til overnatting<\/strong><\/td><\/tr><tr><td>1<\/td><td>Sion<\/td><td>Angel&#8217;s Landing, The Narrows<\/td><td>Springdale<\/td><\/tr><tr><td>2<\/td><td>Bryce Canyon<\/td><td>Sunrise Point, Fairyland Loop<\/td><td>Tropic<\/td><\/tr><tr><td>3<\/td><td>Capitol Reef<\/td><td>Fruita Overlook, Hickman Bridge<\/td><td>Torrey<\/td><\/tr><tr><td>4-5<\/td><td>Buer<\/td><td>Delikat bue, Djevelens hage<\/td><td>Moab<\/td><\/tr><tr><td>6-7<\/td><td>Canyonlands<\/td><td>\u00d8ya i himmelen, Mesa Arch<\/td><td>Moab<\/td><\/tr><\/tbody><\/table><\/figure>\n\n<p><br\/>Denne reiseruten maksimerer tiden du tilbringer i hver park, samtidig som du kan reise komfortabelt mellom stedene.<\/p>\n\n<h2 class=\"wp-block-heading\">Instagrammable fotopunkter<\/h2>\n\n<h3 class=\"wp-block-heading\">De perfekte landskapene for bildene dine<\/h3>\n\n<h4 class=\"wp-block-heading\">Mesa Arch: spektakul\u00e6r soloppgang<\/h4>\n\n<p>I Canyonlands er Mesa Arch en fotografisk favoritt. Morgenlyset lyser opp buen og skaper en magisk scene som er vel verdt et bes\u00f8k. <\/p>\n\n<h4 class=\"wp-block-heading\">Delicate Arch: et ikon i Utah<\/h4>\n\n<p>Denne perlen i Arches nasjonalpark tiltrekker seg bes\u00f8kende p\u00e5 jakt etter minneverdige bilder. En 5 km lang fottur tar deg til dette ikoniske stedet, som er spesielt vakkert ved solnedgang. <\/p>\n\n<h4 class=\"wp-block-heading\">Bryce Amphitheater: et naturlig friluftsmaleri<\/h4>\n\n<p>Bryce Amphitheater byr p\u00e5 fantastiske panoramaer. De skiftende fargene p\u00e5 hoodoosene ved daggry eller i skumringen er ideelle for Instagrambilder. <\/p>\n\n<h2 class=\"wp-block-heading\">Aktiviteter i henhold til din type reise<\/h2>\n\n<h3 class=\"wp-block-heading\">For par: romantiske \u00f8yeblikk<\/h3>\n\n<h4 class=\"wp-block-heading\">Spaserturer i solnedgangen og piknik<\/h4>\n\n<p>L\u00f8yper som Sunset Point i Bryce Canyon byr p\u00e5 idylliske omgivelser for par. Ta med en pikniklunsj med utsikt over hoodoos for et \u00f8yeblikk sammen. <\/p>\n\n<h4 class=\"wp-block-heading\">Stjernekikking<\/h4>\n\n<p>Bryce Canyon er ber\u00f8mt for sin stjernehimmel. En natt med astronomiske observasjoner sammen skaper uforglemmelige minner. <\/p>\n\n<h3 class=\"wp-block-heading\">Med familien: barnevennlige opplevelser<\/h3>\n\n<h4 class=\"wp-block-heading\">Pedagogiske aktiviteter: Junior Ranger Program<\/h4>\n\n<p>Alle parkene tilbyr barneprogrammer som kombinerer l\u00e6ring og moro. Sm\u00e5 eventyrere kan tjene merker etter \u00e5 ha fullf\u00f8rt oppdrag. <\/p>\n\n<h4 class=\"wp-block-heading\">Enkle, tilgjengelige spaserturer<\/h4>\n\n<p>Stier som Riverside Walk i Zion eller Sand Dune Arch Trail i Arches er perfekte for familier, og byr p\u00e5 storsl\u00e5tt utsikt uten for mye fysisk anstrengelse.<\/p>\n\n<p><br\/>En tur til Mighty Five er en uforlignelig opplevelse som kombinerer eventyr, oppdagelser og avslapning. Enten dere er et par eller en familie, vil disse nasjonalparkene gi dere minner for livet. Planlegg reiseruten din, bestill overnatting og fordyp deg i Utahs r\u00e5 skj\u00f8nnhet.  <\/p>\n\n<p><\/p>\n","protected":false},"excerpt":{"rendered":"<p>Hvordan organiserer du en roadtrip til de store parkene i Vesten? The Mighty Five,Utahs fem ikoniske nasjonalparker, legemliggj\u00f8r den barske skj\u00f8nnheten i det amerikanske vesten. Hvert \u00e5r tiltrekker de seg millioner av bes\u00f8kende p\u00e5 jakt etter fantastiske utsikter og minneverdige opplevelser. Denne omfattende guiden hjelper deg med \u00e5 planlegge turen, fra reiseruter og fotolokasjoner til [&hellip;]<\/p>\n","protected":false},"author":1,"featured_media":0,"parent":0,"menu_order":0,"comment_status":"closed","ping_status":"closed","template":"","meta":{"footnotes":""},"class_list":["post-6205","page","type-page","status-publish","hentry"],"yoast_head":"<!-- This site is optimized with the Yoast SEO plugin v27.4 - https:\/\/yoast.com\/product\/yoast-seo-wordpress\/ -->\n<title>P\u00e5 tur i de store westernparkene i USA - USA B2<\/title>\n<meta name=\"description\" content=\"Finn ut hvordan du planlegger reisen til Utahs Mighty Five. Reiseruter, overnatting, aktiviteter og fotomuligheter.\" \/>\n<meta name=\"robots\" content=\"index, follow, max-snippet:-1, max-image-preview:large, max-video-preview:-1\" \/>\n<link rel=\"canonical\" href=\"https:\/\/usa-b2.com\/no\/great-parks-west-usa\/\" \/>\n<meta property=\"og:locale\" content=\"nb_NO\" \/>\n<meta property=\"og:type\" content=\"article\" \/>\n<meta property=\"og:title\" content=\"P\u00e5 tur i de store westernparkene i USA - USA B2\" \/>\n<meta property=\"og:description\" content=\"Finn ut hvordan du planlegger reisen til Utahs Mighty Five. Reiseruter, overnatting, aktiviteter og fotomuligheter.\" \/>\n<meta property=\"og:url\" content=\"https:\/\/usa-b2.com\/no\/great-parks-west-usa\/\" \/>\n<meta property=\"og:site_name\" content=\"USA B2\" \/>\n<meta property=\"article:modified_time\" content=\"2025-01-21T12:38:36+00:00\" \/>\n<meta property=\"og:image\" content=\"https:\/\/usa-b2.com\/wp-content\/uploads\/2025\/01\/National-Parks-Road-Trip-Utah-edited-1.png\" \/>\n\t<meta property=\"og:image:width\" content=\"789\" \/>\n\t<meta property=\"og:image:height\" content=\"444\" \/>\n\t<meta property=\"og:image:type\" content=\"image\/png\" \/>\n<meta name=\"twitter:card\" content=\"summary_large_image\" \/>\n<meta name=\"twitter:label1\" content=\"Ansl. lesetid\" \/>\n\t<meta name=\"twitter:data1\" content=\"4 minutter\" \/>\n<script type=\"application\/ld+json\" class=\"yoast-schema-graph\">{\"@context\":\"https:\\\/\\\/schema.org\",\"@graph\":[{\"@type\":\"WebPage\",\"@id\":\"https:\\\/\\\/usa-b2.com\\\/no\\\/great-parks-west-usa\\\/\",\"url\":\"https:\\\/\\\/usa-b2.com\\\/no\\\/great-parks-west-usa\\\/\",\"name\":\"P\u00e5 tur i de store westernparkene i USA - USA B2\",\"isPartOf\":{\"@id\":\"https:\\\/\\\/usa-b2.com\\\/no\\\/#website\"},\"primaryImageOfPage\":{\"@id\":\"https:\\\/\\\/usa-b2.com\\\/no\\\/great-parks-west-usa\\\/#primaryimage\"},\"image\":{\"@id\":\"https:\\\/\\\/usa-b2.com\\\/no\\\/great-parks-west-usa\\\/#primaryimage\"},\"thumbnailUrl\":\"https:\\\/\\\/usa-b2.com\\\/wp-content\\\/uploads\\\/2025\\\/01\\\/National-Parks-Road-Trip-Utah-edited-1.png\",\"datePublished\":\"2025-01-15T09:10:05+00:00\",\"dateModified\":\"2025-01-21T12:38:36+00:00\",\"description\":\"Finn ut hvordan du planlegger reisen til Utahs Mighty Five. Reiseruter, overnatting, aktiviteter og fotomuligheter.\",\"breadcrumb\":{\"@id\":\"https:\\\/\\\/usa-b2.com\\\/no\\\/great-parks-west-usa\\\/#breadcrumb\"},\"inLanguage\":\"nb-NO\",\"potentialAction\":[{\"@type\":\"ReadAction\",\"target\":[\"https:\\\/\\\/usa-b2.com\\\/no\\\/great-parks-west-usa\\\/\"]}]},{\"@type\":\"ImageObject\",\"inLanguage\":\"nb-NO\",\"@id\":\"https:\\\/\\\/usa-b2.com\\\/no\\\/great-parks-west-usa\\\/#primaryimage\",\"url\":\"https:\\\/\\\/usa-b2.com\\\/wp-content\\\/uploads\\\/2025\\\/01\\\/National-Parks-Road-Trip-Utah-edited-1.png\",\"contentUrl\":\"https:\\\/\\\/usa-b2.com\\\/wp-content\\\/uploads\\\/2025\\\/01\\\/National-Parks-Road-Trip-Utah-edited-1.png\"},{\"@type\":\"BreadcrumbList\",\"@id\":\"https:\\\/\\\/usa-b2.com\\\/no\\\/great-parks-west-usa\\\/#breadcrumb\",\"itemListElement\":[{\"@type\":\"ListItem\",\"position\":1,\"name\":\"Accueil\",\"item\":\"https:\\\/\\\/usa-b2.com\\\/no\\\/usa\\\/\"},{\"@type\":\"ListItem\",\"position\":2,\"name\":\"P\u00e5 tur i de store westernparkene i USA\"}]},{\"@type\":\"WebSite\",\"@id\":\"https:\\\/\\\/usa-b2.com\\\/no\\\/#website\",\"url\":\"https:\\\/\\\/usa-b2.com\\\/no\\\/\",\"name\":\"USA B2 VISA\",\"description\":\"\",\"potentialAction\":[{\"@type\":\"SearchAction\",\"target\":{\"@type\":\"EntryPoint\",\"urlTemplate\":\"https:\\\/\\\/usa-b2.com\\\/no\\\/?s={search_term_string}\"},\"query-input\":{\"@type\":\"PropertyValueSpecification\",\"valueRequired\":true,\"valueName\":\"search_term_string\"}}],\"inLanguage\":\"nb-NO\"}]}<\/script>\n<!-- \/ Yoast SEO plugin. -->","yoast_head_json":{"title":"P\u00e5 tur i de store westernparkene i USA - USA B2","description":"Finn ut hvordan du planlegger reisen til Utahs Mighty Five. Reiseruter, overnatting, aktiviteter og fotomuligheter.","robots":{"index":"index","follow":"follow","max-snippet":"max-snippet:-1","max-image-preview":"max-image-preview:large","max-video-preview":"max-video-preview:-1"},"canonical":"https:\/\/usa-b2.com\/no\/great-parks-west-usa\/","og_locale":"nb_NO","og_type":"article","og_title":"P\u00e5 tur i de store westernparkene i USA - USA B2","og_description":"Finn ut hvordan du planlegger reisen til Utahs Mighty Five. Reiseruter, overnatting, aktiviteter og fotomuligheter.","og_url":"https:\/\/usa-b2.com\/no\/great-parks-west-usa\/","og_site_name":"USA B2","article_modified_time":"2025-01-21T12:38:36+00:00","og_image":[{"width":789,"height":444,"url":"https:\/\/usa-b2.com\/wp-content\/uploads\/2025\/01\/National-Parks-Road-Trip-Utah-edited-1.png","type":"image\/png"}],"twitter_card":"summary_large_image","twitter_misc":{"Ansl. lesetid":"4 minutter"},"schema":{"@context":"https:\/\/schema.org","@graph":[{"@type":"WebPage","@id":"https:\/\/usa-b2.com\/no\/great-parks-west-usa\/","url":"https:\/\/usa-b2.com\/no\/great-parks-west-usa\/","name":"P\u00e5 tur i de store westernparkene i USA - USA B2","isPartOf":{"@id":"https:\/\/usa-b2.com\/no\/#website"},"primaryImageOfPage":{"@id":"https:\/\/usa-b2.com\/no\/great-parks-west-usa\/#primaryimage"},"image":{"@id":"https:\/\/usa-b2.com\/no\/great-parks-west-usa\/#primaryimage"},"thumbnailUrl":"https:\/\/usa-b2.com\/wp-content\/uploads\/2025\/01\/National-Parks-Road-Trip-Utah-edited-1.png","datePublished":"2025-01-15T09:10:05+00:00","dateModified":"2025-01-21T12:38:36+00:00","description":"Finn ut hvordan du planlegger reisen til Utahs Mighty Five. Reiseruter, overnatting, aktiviteter og fotomuligheter.","breadcrumb":{"@id":"https:\/\/usa-b2.com\/no\/great-parks-west-usa\/#breadcrumb"},"inLanguage":"nb-NO","potentialAction":[{"@type":"ReadAction","target":["https:\/\/usa-b2.com\/no\/great-parks-west-usa\/"]}]},{"@type":"ImageObject","inLanguage":"nb-NO","@id":"https:\/\/usa-b2.com\/no\/great-parks-west-usa\/#primaryimage","url":"https:\/\/usa-b2.com\/wp-content\/uploads\/2025\/01\/National-Parks-Road-Trip-Utah-edited-1.png","contentUrl":"https:\/\/usa-b2.com\/wp-content\/uploads\/2025\/01\/National-Parks-Road-Trip-Utah-edited-1.png"},{"@type":"BreadcrumbList","@id":"https:\/\/usa-b2.com\/no\/great-parks-west-usa\/#breadcrumb","itemListElement":[{"@type":"ListItem","position":1,"name":"Accueil","item":"https:\/\/usa-b2.com\/no\/usa\/"},{"@type":"ListItem","position":2,"name":"P\u00e5 tur i de store westernparkene i USA"}]},{"@type":"WebSite","@id":"https:\/\/usa-b2.com\/no\/#website","url":"https:\/\/usa-b2.com\/no\/","name":"USA B2 VISA","description":"","potentialAction":[{"@type":"SearchAction","target":{"@type":"EntryPoint","urlTemplate":"https:\/\/usa-b2.com\/no\/?s={search_term_string}"},"query-input":{"@type":"PropertyValueSpecification","valueRequired":true,"valueName":"search_term_string"}}],"inLanguage":"nb-NO"}]}},"_links":{"self":[{"href":"https:\/\/usa-b2.com\/no\/wp-json\/wp\/v2\/pages\/6205","targetHints":{"allow":["GET"]}}],"collection":[{"href":"https:\/\/usa-b2.com\/no\/wp-json\/wp\/v2\/pages"}],"about":[{"href":"https:\/\/usa-b2.com\/no\/wp-json\/wp\/v2\/types\/page"}],"author":[{"embeddable":true,"href":"https:\/\/usa-b2.com\/no\/wp-json\/wp\/v2\/users\/1"}],"replies":[{"embeddable":true,"href":"https:\/\/usa-b2.com\/no\/wp-json\/wp\/v2\/comments?post=6205"}],"version-history":[{"count":0,"href":"https:\/\/usa-b2.com\/no\/wp-json\/wp\/v2\/pages\/6205\/revisions"}],"wp:attachment":[{"href":"https:\/\/usa-b2.com\/no\/wp-json\/wp\/v2\/media?parent=6205"}],"curies":[{"name":"wp","href":"https:\/\/api.w.org\/{rel}","templated":true}]}}