{"id":6189,"date":"2025-01-15T09:49:43","date_gmt":"2025-01-15T09:49:43","guid":{"rendered":"https:\/\/usa-b2.com\/orkenen-nevada-amerikanske-stater\/"},"modified":"2025-01-21T10:49:56","modified_gmt":"2025-01-21T10:49:56","slug":"orkenen-nevada-amerikanske-stater","status":"publish","type":"page","link":"https:\/\/usa-b2.com\/no\/orkenen-nevada-amerikanske-stater\/","title":{"rendered":"Krysser \u00f8rkenen fra Nevada til California"},"content":{"rendered":"\n<h1 class=\"wp-block-heading\">Hva er de beste rutene for \u00e5 utforske Nevada-\u00f8rkenen?<\/h1>\n\n<p>\u00d8rkenene i Nevada og California fascinerer bes\u00f8kende med sine t\u00f8rre landskap, spektakul\u00e6re fjellformasjoner og ikoniske steder som <a href=\"https:\/\/www.nps.gov\/deva\/index.htm\">Death Valley<\/a>, <a href=\"https:\/\/www.redrockcanyonlv.org\/\">Red Rock Canyon<\/a> og Joshua Tree. Dette enorme territoriet byr p\u00e5 en unik opplevelse for alle som elsker natur, eventyr og uvanlige oppdagelser. I denne guiden hjelper vi deg med \u00e5 planlegge en uforglemmelig tur: reiseruter, overnatting, fotomuligheter og aktiviteter som passer for alle typer reisende. Gj\u00f8r deg klar til \u00e5 dykke ned i hjertet av den amerikanske \u00f8rkenen!   <\/p>\n\n<h2 class=\"wp-block-heading\">Oppdag \u00f8rkenen: ikoniske steder og unike landskap<\/h2>\n\n<h3 class=\"wp-block-heading\">Must-sees i \u00f8rkenene i Nevada og California<\/h3>\n\n<h4 class=\"wp-block-heading\">Death Valley: en ekstrem \u00f8rken<\/h4>\n\n<p>Death Valley, den varmeste nasjonalparken i USA, er ber\u00f8mt for sitt m\u00e5nelandskap. G\u00e5 ikke glipp av <strong>Badwater Basin<\/strong>, det laveste punktet i Nord-Amerika, og <strong>Zabriskie Point<\/strong>, et popul\u00e6rt sted for \u00e5 beundre soloppgangens farger. <\/p>\n\n<h4 class=\"wp-block-heading\">Red Rock Canyon: natur og klatring<\/h4>\n\n<p><strong>Red Rock Canyon<\/strong> ligger bare noen f\u00e5 kilometer fra Las Vegas, og er kjent for sine imponerende r\u00f8de klipper og turstier. Det er ogs\u00e5 et must for klatreentusiaster. <\/p>\n\n<h4 class=\"wp-block-heading\">Joshua Tree: mellom Mojave-\u00f8rkenen og Colorado<\/h4>\n\n<p><strong>Joshua Tree<\/strong> nasjonalpark er en unik blanding av \u00f8rkenlandskap og fjellformasjoner. Joshua-tr\u00e6rne som preger parken, skaper en magisk atmosf\u00e6re, spesielt ved solnedgang. <\/p>\n\n<h3 class=\"wp-block-heading\">Landskap og interessante steder \u00e5 utforske<\/h3>\n\n<h4 class=\"wp-block-heading\">Sanddyner og t\u00f8rre innsj\u00f8er<\/h4>\n\n<p><strong>Mesquite Flat Sand Dunes<\/strong> i Death Valley er den perfekte lekeplassen for fotografer og elskere av dramatiske landskap. Ikke langt unna ligger <strong>Racetrack Playa<\/strong>, som fascinerer med sine skiftende steiner, presset av vind og is. <\/p>\n\n<h4 class=\"wp-block-heading\">Naturskj\u00f8nne ruter \u00e5 oppdage<\/h4>\n\n<p>Scenic Byway 160 mellom Las Vegas og Pahrump og <strong>Route 190<\/strong> gjennom Death Valley byr p\u00e5 spektakul\u00e6re utsikter. Stopp ved utkikkspunktene for \u00e5 nyte utsikten i fulle drag. <\/p>\n\n<h2 class=\"wp-block-heading\">Overnatting: Overnattingssteder og strategiske byer<\/h2>\n\n<h3 class=\"wp-block-heading\">Byer du m\u00e5 se p\u00e5 et stoppested<\/h3>\n\n<h4 class=\"wp-block-heading\">Las Vegas: en livlig og praktisk base<\/h4>\n\n<p><a href=\"https:\/\/www.visitlasvegas.com\/fr-ca\/\">Las Vegas<\/a> er et ideelt utgangspunkt for \u00e5 utforske \u00f8rkenen. Med sine luksushoteller og restauranter er det ogs\u00e5 det perfekte stedet \u00e5 slappe av etter en dag p\u00e5 oppdagelsesferd. <\/p>\n\n<h4 class=\"wp-block-heading\">Barstow og Ridgecrest: inngangsportene til \u00f8rkenen<\/h4>\n\n<p>Disse sm\u00e5byene tilbyr rimelig innkvartering og ligger strategisk til for \u00e5 utforske Death Valley og Mojave National Preserve.<\/p>\n\n<h3 class=\"wp-block-heading\">Opphold i \u00f8rkenen<\/h3>\n\n<h4 class=\"wp-block-heading\">Hytter i parkene<\/h4>\n\n<p>Alternativer som for eksempel <strong><a href=\"https:\/\/www.oasisatdeathvalley.com\/lodging\/the-ranch-at-death-valley\/\">Oasis at Death Valley<\/a><\/strong> lar deg nyte moderne bekvemmeligheter samtidig som du bor midt i naturen.<\/p>\n\n<h4 class=\"wp-block-heading\">Campingplasser: total fordypning<\/h4>\n\n<p>Campingplassene i Joshua Tree og Death Valley byr p\u00e5 en autentisk opplevelse for friluftsentusiaster. S\u00f8rg for at du har riktig utstyr for \u00f8rkenforhold. <\/p>\n\n<h2 class=\"wp-block-heading\">Anbefalt reiserute : Oppdag \u00f8rkenen p\u00e5 7 dager<br\/><\/h2>\n\n<figure class=\"wp-block-table\"><table class=\"has-fixed-layout\"><tbody><tr><td class=\"has-text-align-center\" data-align=\"center\"><strong>Dag<\/strong><\/td><td class=\"has-text-align-center\" data-align=\"center\"><strong>Destinasjon<\/strong><\/td><td class=\"has-text-align-center\" data-align=\"center\"><strong>Hovedaktiviteter<\/strong><\/td><td class=\"has-text-align-center\" data-align=\"center\"><strong>Forslag til overnatting<\/strong><\/td><\/tr><tr><td class=\"has-text-align-center\" data-align=\"center\">1<\/td><td class=\"has-text-align-center\" data-align=\"center\">Las Vegas<\/td><td class=\"has-text-align-center\" data-align=\"center\">Red Rock Canyon, en kveld i Las Vegas<\/td><td class=\"has-text-align-center\" data-align=\"center\">Las Vegas<\/td><\/tr><tr><td class=\"has-text-align-center\" data-align=\"center\">2<\/td><td class=\"has-text-align-center\" data-align=\"center\">Death Valley<\/td><td class=\"has-text-align-center\" data-align=\"center\">Badwater Basin, Zabriskie Point<\/td><td class=\"has-text-align-center\" data-align=\"center\">Furnace Creek<\/td><\/tr><tr><td class=\"has-text-align-center\" data-align=\"center\">3<\/td><td class=\"has-text-align-center\" data-align=\"center\">Death Valley<\/td><td class=\"has-text-align-center\" data-align=\"center\">Mesquite Flat Dunes, kunstnerens palett<\/td><td class=\"has-text-align-center\" data-align=\"center\">Furnace Creek<\/td><\/tr><tr><td class=\"has-text-align-center\" data-align=\"center\">4<\/td><td class=\"has-text-align-center\" data-align=\"center\">Mojave nasjonalreservat<\/td><td class=\"has-text-align-center\" data-align=\"center\">Kelso Dunes, Hole-in-the-Wall<\/td><td class=\"has-text-align-center\" data-align=\"center\">Barstow<\/td><\/tr><tr><td class=\"has-text-align-center\" data-align=\"center\">5<\/td><td class=\"has-text-align-center\" data-align=\"center\">Joshua Tree<\/td><td class=\"has-text-align-center\" data-align=\"center\">Hidden Valley, Barker Dam Trail<\/td><td class=\"has-text-align-center\" data-align=\"center\">Joshua Tree<\/td><\/tr><tr><td class=\"has-text-align-center\" data-align=\"center\">6<\/td><td class=\"has-text-align-center\" data-align=\"center\">Joshua Tree<\/td><td class=\"has-text-align-center\" data-align=\"center\">Keys View, Skull Rock<\/td><td class=\"has-text-align-center\" data-align=\"center\">Joshua Tree<\/td><\/tr><tr><td class=\"has-text-align-center\" data-align=\"center\">7<\/td><td class=\"has-text-align-center\" data-align=\"center\">Tilbake til Las Vegas<\/td><td class=\"has-text-align-center\" data-align=\"center\">Naturskj\u00f8nn rute, avslapping<\/td><td class=\"has-text-align-center\" data-align=\"center\">Las Vegas<\/td><\/tr><\/tbody><\/table><\/figure>\n\n<p><br\/>Denne reiseruten kombinerer utforsking av ikoniske landskap med velfortjente \u00f8yeblikk av hvile.<\/p>\n\n<h2 class=\"wp-block-heading\">Instagrammable fotopunkter<\/h2>\n\n<h3 class=\"wp-block-heading\">De perfekte landskapene for bildene dine<\/h3>\n\n<h4 class=\"wp-block-heading\">Zabriskie Point: soloppgang over de gylne \u00e5sene<\/h4>\n\n<p>Dette ikoniske utsiktspunktet i Death Valley byr p\u00e5 spektakul\u00e6re panoramaer, som er spesielt magiske ved soloppgang.<\/p>\n\n<h4 class=\"wp-block-heading\">Joshua Tree: Joshuatr\u00e6r og klippeformasjoner<\/h4>\n\n<p>Nasjonalparken er full av fotogene steder, som Skull Rock og Cholla Cactus Garden, som er perfekte for originale bilder.<\/p>\n\n<h4 class=\"wp-block-heading\">Red Rock Canyon: sl\u00e5ende kontraster<\/h4>\n\n<p>Med sine r\u00f8de klipper og \u00f8rkenstier er Red Rock Canyon et yndet reisem\u00e5l for fotoentusiaster.<\/p>\n\n<h2 class=\"wp-block-heading\">Aktiviteter i henhold til din type reise<\/h2>\n\n<h3 class=\"wp-block-heading\">For par: romantiske \u00f8yeblikk<\/h3>\n\n<h4 class=\"wp-block-heading\">Solnedganger i \u00f8rkenen<\/h4>\n\n<p>Utsiktspunkter som <strong>Keys<\/strong> View i Joshua Tree eller <strong>Dante&#8217;s View<\/strong> i Death Valley byr p\u00e5 fantastiske solnedganger, ideelt for et romantisk \u00f8yeblikk.<\/p>\n\n<h4 class=\"wp-block-heading\">Slapp av under stjernene<\/h4>\n\n<p>\u00d8rkenen er perfekt for stjernekikking. Joshua Tree er spesielt popul\u00e6r for sin klare himmel og rolige kvelder. <\/p>\n\n<h3 class=\"wp-block-heading\">Med familien: barnevennlige opplevelser<\/h3>\n\n<h4 class=\"wp-block-heading\">Pedagogiske oppdagelsesreiser<\/h4>\n\n<p>Death Valley <strong>Visitor Centre<\/strong> tilbyr interaktive utstillinger om \u00f8rkenens historie og geologi.<\/p>\n\n<h4 class=\"wp-block-heading\">Lette spaserturer<\/h4>\n\n<p>Stier som <strong>Hidden Valley Trail<\/strong> i Joshua Tree og <strong>Badwater Basin Boardwalk<\/strong> i Death Valley er tilgjengelige og egnet for barn.<\/p>\n\n<p>\u00d8rkenene i Nevada og California byr p\u00e5 en unik opplevelse som kombinerer eventyr, avslapning og oppdagelser. Enten du er ute etter imponerende landskap, rolige \u00f8yeblikk eller familieaktiviteter, vil disse \u00f8rkenregionene forbl\u00f8ffe deg. Planlegg reiseruten din og dra p\u00e5 oppdagelsesferd i disse underverkene i det amerikanske s\u00f8rvesten!  <\/p>\n","protected":false},"excerpt":{"rendered":"<p>Hva er de beste rutene for \u00e5 utforske Nevada-\u00f8rkenen? \u00d8rkenene i Nevada og California fascinerer bes\u00f8kende med sine t\u00f8rre landskap, spektakul\u00e6re fjellformasjoner og ikoniske steder som Death Valley, Red Rock Canyon og Joshua Tree. Dette enorme territoriet byr p\u00e5 en unik opplevelse for alle som elsker natur, eventyr og uvanlige oppdagelser. I denne guiden hjelper [&hellip;]<\/p>\n","protected":false},"author":1,"featured_media":0,"parent":0,"menu_order":0,"comment_status":"closed","ping_status":"closed","template":"","meta":{"footnotes":""},"class_list":["post-6189","page","type-page","status-publish","hentry"],"yoast_head":"<!-- This site is optimized with the Yoast SEO plugin v27.4 - https:\/\/yoast.com\/product\/yoast-seo-wordpress\/ -->\n<title>Krysser \u00f8rkenen fra Nevada til California - USA B2<\/title>\n<meta name=\"description\" content=\"Oppdag Nevada-\u00f8rkenen: reiseruter, overnatting, landskap, fotturer, innsj\u00f8er, fotoplasser og aktiviteter.\" \/>\n<meta name=\"robots\" content=\"index, follow, max-snippet:-1, max-image-preview:large, max-video-preview:-1\" \/>\n<link rel=\"canonical\" href=\"https:\/\/usa-b2.com\/no\/orkenen-nevada-amerikanske-stater\/\" \/>\n<meta property=\"og:locale\" content=\"nb_NO\" \/>\n<meta property=\"og:type\" content=\"article\" \/>\n<meta property=\"og:title\" content=\"Krysser \u00f8rkenen fra Nevada til California - USA B2\" \/>\n<meta property=\"og:description\" content=\"Oppdag Nevada-\u00f8rkenen: reiseruter, overnatting, landskap, fotturer, innsj\u00f8er, fotoplasser og aktiviteter.\" \/>\n<meta property=\"og:url\" content=\"https:\/\/usa-b2.com\/no\/orkenen-nevada-amerikanske-stater\/\" \/>\n<meta property=\"og:site_name\" content=\"USA B2\" \/>\n<meta property=\"article:modified_time\" content=\"2025-01-21T10:49:56+00:00\" \/>\n<meta name=\"twitter:card\" content=\"summary_large_image\" \/>\n<meta name=\"twitter:label1\" content=\"Ansl. lesetid\" \/>\n\t<meta name=\"twitter:data1\" content=\"4 minutter\" \/>\n<script type=\"application\/ld+json\" class=\"yoast-schema-graph\">{\"@context\":\"https:\\\/\\\/schema.org\",\"@graph\":[{\"@type\":\"WebPage\",\"@id\":\"https:\\\/\\\/usa-b2.com\\\/no\\\/orkenen-nevada-amerikanske-stater\\\/\",\"url\":\"https:\\\/\\\/usa-b2.com\\\/no\\\/orkenen-nevada-amerikanske-stater\\\/\",\"name\":\"Krysser \u00f8rkenen fra Nevada til California - USA B2\",\"isPartOf\":{\"@id\":\"https:\\\/\\\/usa-b2.com\\\/no\\\/#website\"},\"datePublished\":\"2025-01-15T09:49:43+00:00\",\"dateModified\":\"2025-01-21T10:49:56+00:00\",\"description\":\"Oppdag Nevada-\u00f8rkenen: reiseruter, overnatting, landskap, fotturer, innsj\u00f8er, fotoplasser og aktiviteter.\",\"breadcrumb\":{\"@id\":\"https:\\\/\\\/usa-b2.com\\\/no\\\/orkenen-nevada-amerikanske-stater\\\/#breadcrumb\"},\"inLanguage\":\"nb-NO\",\"potentialAction\":[{\"@type\":\"ReadAction\",\"target\":[\"https:\\\/\\\/usa-b2.com\\\/no\\\/orkenen-nevada-amerikanske-stater\\\/\"]}]},{\"@type\":\"BreadcrumbList\",\"@id\":\"https:\\\/\\\/usa-b2.com\\\/no\\\/orkenen-nevada-amerikanske-stater\\\/#breadcrumb\",\"itemListElement\":[{\"@type\":\"ListItem\",\"position\":1,\"name\":\"Accueil\",\"item\":\"https:\\\/\\\/usa-b2.com\\\/no\\\/usa\\\/\"},{\"@type\":\"ListItem\",\"position\":2,\"name\":\"Krysser \u00f8rkenen fra Nevada til California\"}]},{\"@type\":\"WebSite\",\"@id\":\"https:\\\/\\\/usa-b2.com\\\/no\\\/#website\",\"url\":\"https:\\\/\\\/usa-b2.com\\\/no\\\/\",\"name\":\"USA B2 VISA\",\"description\":\"\",\"potentialAction\":[{\"@type\":\"SearchAction\",\"target\":{\"@type\":\"EntryPoint\",\"urlTemplate\":\"https:\\\/\\\/usa-b2.com\\\/no\\\/?s={search_term_string}\"},\"query-input\":{\"@type\":\"PropertyValueSpecification\",\"valueRequired\":true,\"valueName\":\"search_term_string\"}}],\"inLanguage\":\"nb-NO\"}]}<\/script>\n<!-- \/ Yoast SEO plugin. -->","yoast_head_json":{"title":"Krysser \u00f8rkenen fra Nevada til California - USA B2","description":"Oppdag Nevada-\u00f8rkenen: reiseruter, overnatting, landskap, fotturer, innsj\u00f8er, fotoplasser og aktiviteter.","robots":{"index":"index","follow":"follow","max-snippet":"max-snippet:-1","max-image-preview":"max-image-preview:large","max-video-preview":"max-video-preview:-1"},"canonical":"https:\/\/usa-b2.com\/no\/orkenen-nevada-amerikanske-stater\/","og_locale":"nb_NO","og_type":"article","og_title":"Krysser \u00f8rkenen fra Nevada til California - USA B2","og_description":"Oppdag Nevada-\u00f8rkenen: reiseruter, overnatting, landskap, fotturer, innsj\u00f8er, fotoplasser og aktiviteter.","og_url":"https:\/\/usa-b2.com\/no\/orkenen-nevada-amerikanske-stater\/","og_site_name":"USA B2","article_modified_time":"2025-01-21T10:49:56+00:00","twitter_card":"summary_large_image","twitter_misc":{"Ansl. lesetid":"4 minutter"},"schema":{"@context":"https:\/\/schema.org","@graph":[{"@type":"WebPage","@id":"https:\/\/usa-b2.com\/no\/orkenen-nevada-amerikanske-stater\/","url":"https:\/\/usa-b2.com\/no\/orkenen-nevada-amerikanske-stater\/","name":"Krysser \u00f8rkenen fra Nevada til California - USA B2","isPartOf":{"@id":"https:\/\/usa-b2.com\/no\/#website"},"datePublished":"2025-01-15T09:49:43+00:00","dateModified":"2025-01-21T10:49:56+00:00","description":"Oppdag Nevada-\u00f8rkenen: reiseruter, overnatting, landskap, fotturer, innsj\u00f8er, fotoplasser og aktiviteter.","breadcrumb":{"@id":"https:\/\/usa-b2.com\/no\/orkenen-nevada-amerikanske-stater\/#breadcrumb"},"inLanguage":"nb-NO","potentialAction":[{"@type":"ReadAction","target":["https:\/\/usa-b2.com\/no\/orkenen-nevada-amerikanske-stater\/"]}]},{"@type":"BreadcrumbList","@id":"https:\/\/usa-b2.com\/no\/orkenen-nevada-amerikanske-stater\/#breadcrumb","itemListElement":[{"@type":"ListItem","position":1,"name":"Accueil","item":"https:\/\/usa-b2.com\/no\/usa\/"},{"@type":"ListItem","position":2,"name":"Krysser \u00f8rkenen fra Nevada til California"}]},{"@type":"WebSite","@id":"https:\/\/usa-b2.com\/no\/#website","url":"https:\/\/usa-b2.com\/no\/","name":"USA B2 VISA","description":"","potentialAction":[{"@type":"SearchAction","target":{"@type":"EntryPoint","urlTemplate":"https:\/\/usa-b2.com\/no\/?s={search_term_string}"},"query-input":{"@type":"PropertyValueSpecification","valueRequired":true,"valueName":"search_term_string"}}],"inLanguage":"nb-NO"}]}},"_links":{"self":[{"href":"https:\/\/usa-b2.com\/no\/wp-json\/wp\/v2\/pages\/6189","targetHints":{"allow":["GET"]}}],"collection":[{"href":"https:\/\/usa-b2.com\/no\/wp-json\/wp\/v2\/pages"}],"about":[{"href":"https:\/\/usa-b2.com\/no\/wp-json\/wp\/v2\/types\/page"}],"author":[{"embeddable":true,"href":"https:\/\/usa-b2.com\/no\/wp-json\/wp\/v2\/users\/1"}],"replies":[{"embeddable":true,"href":"https:\/\/usa-b2.com\/no\/wp-json\/wp\/v2\/comments?post=6189"}],"version-history":[{"count":0,"href":"https:\/\/usa-b2.com\/no\/wp-json\/wp\/v2\/pages\/6189\/revisions"}],"wp:attachment":[{"href":"https:\/\/usa-b2.com\/no\/wp-json\/wp\/v2\/media?parent=6189"}],"curies":[{"name":"wp","href":"https:\/\/api.w.org\/{rel}","templated":true}]}}